{"id":1035064,"date":"2023-12-12T16:44:44","date_gmt":"2023-12-12T14:44:44","guid":{"rendered":"https:\/\/www.etoro.com\/trading\/cfd-terminology\/"},"modified":"2025-11-03T14:05:20","modified_gmt":"2025-11-03T12:05:20","slug":"cfd-terminology","status":"publish","type":"page","link":"https:\/\/www.etoro.com\/cs-cz\/trading\/cfd-terminology\/","title":{"rendered":"Pochopte kl\u00ed\u010dov\u00e9 pojmy p\u0159i obchodov\u00e1n\u00ed s CFD"},"content":{"rendered":"\n<p class=\"is-style-summary\">P\u0159i obchodov\u00e1n\u00ed s CFD n\u00e1stroji je nezbytn\u00e9 zn\u00e1t kl\u00ed\u010dov\u00e9 pojmy, jako je Spread, Pip nebo Stop-Loss, se kter\u00fdmi se v praxi b\u011b\u017en\u011b setk\u00e1te. D\u00edky porozum\u011bn\u00ed t\u011bchto z\u00e1kladn\u00edch pojm\u016f budete moci vyu\u017e\u00edvat CFD n\u00e1stroje ve sv\u016fj prosp\u011bch.<\/p>\n\n\n\n\n\n\n<hr class=\"wp-block-separator wp-block-separator-color-dark-grey wp-block-separator-spaces-medium wp-block-separator-weight-1\"\/>\n\n\n\n<p>CFD p\u0159edstavuj\u00ed pokro\u010dil\u00fd zp\u016fsob obchodov\u00e1n\u00ed, kter\u00fd obchodn\u00edk\u016fm nab\u00edz\u00ed \u0159adu v\u00fdhod. Stejn\u011b tak m\u00e1 ale i sv\u00e1 \u00faskal\u00ed. Pokud se chcete o tomto typu obchodov\u00e1n\u00ed dozv\u011bd\u011bt v\u00edce, tak pro za\u010d\u00e1tek bude ide\u00e1ln\u00ed, kdy\u017e se nejprve sezn\u00e1m\u00edte se souvisej\u00edc\u00edmi kl\u00ed\u010dov\u00fdmi pojmy. &nbsp;<\/p>\n\n\n\n<h2 class=\"wp-block-heading\">Pro\u010d je&nbsp;d\u016fle\u017eit\u00e9 zn\u00e1t kl\u00ed\u010dov\u00e9 pojmy p\u0159i obchodov\u00e1n\u00ed s CFD?<\/h2>\n\n\n\n<p>U ka\u017ed\u00e9 pokro\u010dil\u00e9 obchodn\u00ed metody, jako je CFD, existuje n\u011bkolik <strong>z\u00e1kladn\u00edch technick\u00fdch term\u00edn\u016f, kter\u00e9<\/strong>&nbsp;<strong>stru\u010dn\u011b a konkr\u00e9tn\u011b vyjad\u0159uj\u00ed kl\u00ed\u010dov\u00e9 informace<\/strong>.<\/p>\n\n\n\n<p>Ty jsou p\u0159\u00ednosn\u00e9, pokud dan\u00e9mu \u017eargonu rozum\u00edte. <strong>Pokud v\u0161ak p\u0159\u00edslu\u0161n\u00e9 pojmy nezn\u00e1te \u2013 m\u016f\u017eou p\u016fsobit naopak jako p\u0159ek\u00e1\u017eka<\/strong>.<\/p>\n\n\n\n<p>Proto v\u00e1s provedeme jednotliv\u00fdmi kl\u00ed\u010dov\u00fdmi pojmy, abyste se ve sv\u011bt\u011b CFD sn\u00e1z orientovali.&nbsp;<\/p>\n\n\n\n<figure class=\"wp-block-image size-full\"><img loading=\"lazy\" decoding=\"async\" width=\"756\" height=\"400\" src=\"https:\/\/www.etoro.com\/wp-content\/uploads\/2023\/12\/Body-Image-1_-Key-CFD-trading-terminology.png\" alt=\"\" class=\"wp-image-794295 wp-image-desktop\" srcset=\"https:\/\/www.etoro.com\/wp-content\/uploads\/2023\/12\/Body-Image-1_-Key-CFD-trading-terminology.png 756w, https:\/\/www.etoro.com\/wp-content\/uploads\/2023\/12\/Body-Image-1_-Key-CFD-trading-terminology-300x159.png 300w\" sizes=\"(max-width: 756px) 100vw, 756px\" \/><\/figure>\n\n\n\n<h2 class=\"wp-block-heading\">Kl\u00ed\u010dov\u00e9 pojmy p\u0159i obchodov\u00e1n\u00ed s CFD<\/h2>\n\n\n\n<p>Znalost kl\u00ed\u010dov\u00fdch pojm\u016f v\u00e1m umo\u017en\u00ed l\u00e9pe porozum\u011bt rizik\u016fm, n\u00e1klad\u016fm a strategi\u00edm p\u0159i obchodov\u00e1n\u00ed s CFD. Pokud nebudete dob\u0159e rozum\u011bt t\u011bmto term\u00edn\u016fm, bude pro v\u00e1s obt\u00ed\u017en\u00e9 obchodovat \u00fasp\u011b\u0161n\u011b a bezpe\u010dn\u011b.<\/p>\n\n\n\n<p>N\u00ed\u017ee&nbsp;uv\u00e1d\u00edme seznam nejd\u016fle\u017eit\u011bj\u0161\u00edch kl\u00ed\u010dov\u00fdch pojm\u016f, kter\u00e9 byste m\u011bli zn\u00e1t, pokud se chyst\u00e1te obchodovat s CFD n\u00e1stroji:<\/p>\n\n\n\n<h3 class=\"wp-block-heading\">Dividenda<\/h3>\n\n\n\n<p>Dividenda je platba, kterou spole\u010dnost <strong>rozd\u011bluje \u010d\u00e1st zisku mezi sv\u00e9 akcion\u00e1\u0159e<\/strong>. Spole\u010dnosti v\u011bt\u0161inou vypl\u00e1c\u00ed ur\u010ditou \u010d\u00e1stku (m\u016f\u017ee se v pr\u016fb\u011bhu \u010dasu m\u011bnit) na jednu dr\u017eenou akcii \u2013 v\u011bt\u0161inou na \u010dtvrtletn\u00ed, ro\u010dn\u00ed nebo i m\u011bs\u00ed\u010dn\u00ed b\u00e1zi.<\/p>\n\n\n\n<h3 class=\"wp-block-heading\">Obchodn\u00ed aktivity spole\u010dnosti<\/h3>\n\n\n\n<p>Obchodn\u00ed aktivity spole\u010dnosti jsou v podstat\u011b zm\u011bny v ur\u010dit\u00e9 spole\u010dnosti, kter\u00e9 maj\u00ed vliv na jej\u00ed akcie. Ty mohou pramenit z n\u011bkolika r\u016fzn\u00fdch d\u016fvod\u016f \u2013 nap\u0159. zm\u011bna v\u00fdplaty dividend, <strong>\u0161t\u011bpen\u00ed akci\u00ed<\/strong>&nbsp;nebo restrukturalizace spole\u010dnosti (nap\u0159. v d\u016fsledku <a href=\"https:\/\/portal.gov.cz\/rozcestniky\/fuze-a-akvizice-RZC-34\" target=\"_blank\" rel=\"noreferrer noopener\">f\u00faze a akvizice<\/a>).<\/p>\n\n\n\n<h3 class=\"wp-block-heading\">Pip<\/h3>\n\n\n\n<p>Pip je jednotka, kter\u00e1 vyjad\u0159uje zm\u011bnu pohybu ceny. <strong>D\u0159\u00edve p\u0159edstavoval pip nejmen\u0161\u00ed mo\u017enou jednotku ceny <\/strong>u ur\u010dit\u00e9 <a href=\"https:\/\/www.etoro.com\/cs-cz\/discover\/markets\/commodities\">komodity<\/a> nebo <a href=\"https:\/\/www.etoro.com\/cs-cz\/discover\/markets\/currencies\">m\u011bny<\/a>.<\/p>\n\n\n\n<p>D\u00edky modern\u00edm technologi\u00edm dnes m\u016f\u017eeme ceny \u010dlenit podrobn\u011bji a uv\u00e1d\u011bt je p\u0159esn\u011bji (nap\u0159. na p\u011bt desetinn\u00fdch m\u00edst). P\u0159esto v\u0161ak z\u016fst\u00e1v\u00e1 pojem \u201cpip\u201d u\u017eite\u010dn\u00fdm referen\u010dn\u00edm bodem p\u0159i diskuz\u00edch o cenov\u00fdch pohybech a jejich hodnot\u011b.<\/p>\n\n\n\n<p>Nap\u0159\u00edklad u m\u011bnov\u00e9ho p\u00e1ru <a href=\"https:\/\/www.etoro.com\/cs-cz\/markets\/eurusd\">EUR\/USD<\/a> p\u0159edstavuje pip <strong>zm\u011bnu (pohyb) na \u010dtvrt\u00e9m desetinn\u00e9m m\u00edst\u011b sm\u011bnn\u00e9ho kurzu<\/strong>: 1,0558 je o jeden pip vy\u0161\u0161\u00ed ne\u017e 1,0557. Dnes se v\u0161ak kurzy \u010dasto uv\u00e1d\u00ed s p\u0159esnost\u00ed na p\u00e1t\u00e9 desetinn\u00e9 m\u00edsto, nap\u0159. 1,05584.&nbsp;<\/p>\n\n\n\n<figure class=\"wp-block-image size-full\"><img loading=\"lazy\" decoding=\"async\" width=\"756\" height=\"400\" src=\"https:\/\/www.etoro.com\/wp-content\/uploads\/2023\/12\/Body-Image-2_-Leverage.png\" alt=\"\" class=\"wp-image-794316 wp-image-desktop\" srcset=\"https:\/\/www.etoro.com\/wp-content\/uploads\/2023\/12\/Body-Image-2_-Leverage.png 756w, https:\/\/www.etoro.com\/wp-content\/uploads\/2023\/12\/Body-Image-2_-Leverage-300x159.png 300w\" sizes=\"(max-width: 756px) 100vw, 756px\" \/><\/figure>\n\n\n\n<h3 class=\"wp-block-heading\">Finan\u010dn\u00ed p\u00e1ka<\/h3>\n\n\n\n<p>P\u00e1ka (neboli <a href=\"https:\/\/www.etoro.com\/cs-cz\/trading\/leverage-margin\/\">p\u00e1kov\u00fd efekt<\/a>) umo\u017e\u0148uje <strong>obchodn\u00edk\u016fm<\/strong>&nbsp;pou\u017e\u00edt ur\u010ditou \u010d\u00e1stku pen\u011bz \u2013 p\u016fj\u010den\u00fd kapit\u00e1l od ciz\u00edho subjektu, k <strong>z\u00edsk\u00e1n\u00ed v\u011bt\u0161\u00ed hodnoty ur\u010dit\u00e9ho finan\u010dn\u00edho n\u00e1stroje<\/strong>.<\/p>\n\n\n\n<h3 class=\"wp-block-heading\">Spread<\/h3>\n\n\n\n<p>Tr\u017en\u00ed <a href=\"https:\/\/help.etoro.com\/s\/article\/what-is-a-spread?language=cs\">spread<\/a>&nbsp;je&nbsp;rozd\u00edl&nbsp;<strong>mezi aktu\u00e1ln\u00ed n\u00e1kupn\u00ed a prodejn\u00ed cenou<\/strong>&nbsp;ur\u010dit\u00e9ho finan\u010dn\u00edho n\u00e1stroje.<\/p>\n\n\n\n<h3 class=\"wp-block-heading\">Stop-Loss<\/h3>\n\n\n\n<p><a href=\"https:\/\/www.etoro.com\/cs-cz\/trading\/how-to-set-stop-loss-and-take-profit-targets\/\">Stop-Loss<\/a>&nbsp;je pokyn k uzav\u0159en\u00ed obchodu v p\u0159\u00edpad\u011b, \u017ee se tr\u017en\u00ed <strong>cena pohne na m\u00e9n\u011b v\u00fdhodnou \u00farove\u0148<\/strong>, ne\u017e je aktu\u00e1ln\u011b k dispozici.<\/p>\n\n\n\n<h3 class=\"wp-block-heading\">Take Profit<\/h3>\n\n\n\n<p>Take Profit je&nbsp;<strong>pokyn k uzav\u0159en\u00ed obchodu na c\u00edlov\u00e9 cen\u011b<\/strong>. Jin\u00fdmi slovy na \u00farovni v\u00fdhodn\u011bj\u0161\u00ed, ne\u017e je aktu\u00e1ln\u011b k dispozici.<\/p>\n\n\n\n<h3 class=\"wp-block-heading\">Dlouh\u00e1\/kr\u00e1tk\u00e1 pozice<\/h3>\n\n\n\n<p><a href=\"https:\/\/www.czechwealth.cz\/slovnik-pojmu\/long\" target=\"_blank\" rel=\"noreferrer noopener\">Dlouh\u00e1 pozice<\/a>&nbsp;(long position) znamen\u00e1 otev\u0159en\u00fd obchod, kter\u00fd p\u0159in\u00e1\u0161\u00ed v\u011bt\u0161\u00ed zisk s t\u00edm, jak dan\u00fd trh roste. Jin\u00fdmi slovy \u2013 pojem \u201edlouh\u00e1 pozice\u201d se pou\u017e\u00edv\u00e1 v p\u0159\u00edpad\u011b, \u017ee jste <strong>nakoupili finan\u010dn\u00ed n\u00e1stroj a chcete, aby jeho cena rostla.<\/strong>&nbsp;<\/p>\n\n\n\n<p>Kr\u00e1tk\u00e1 pozice (short position) znamen\u00e1 opa\u010dn\u00fd p\u0159\u00edpad \u2013 otev\u0159en\u00fd obchod (prodej trhu), kter\u00fd <strong>p\u0159in\u00e1\u0161\u00ed v\u011bt\u0161\u00ed zisk, kdy\u017e cena kles\u00e1<\/strong>.<\/p>\n\n\n\n<h3 class=\"wp-block-heading\">Datum ex-dividend<\/h3>\n\n\n\n<p>Datum <a href=\"https:\/\/www.patria.cz\/slovnik\/428\/ex-dividend.html\" target=\"_blank\" rel=\"noreferrer noopener\">ex-dividend<\/a>&nbsp;znamen\u00e1 <strong>prvn\u00ed den, kdy se akcie obchoduje s dividendou ode\u010dtenou od jej\u00ed ceny<\/strong>. Aby <strong>investor &nbsp;<\/strong>z\u00edskal n\u00e1rok na dal\u0161\u00ed dostupnou dividendu, mus\u00ed akcie koupit p\u0159ed datem \u201eex-dividend date\u201d.<\/p>\n\n\n\n<figure class=\"wp-block-image size-full\"><img loading=\"lazy\" decoding=\"async\" width=\"756\" height=\"400\" src=\"https:\/\/www.etoro.com\/wp-content\/uploads\/2023\/12\/Body-Image-3_-Ex-dividend-date.png\" alt=\"\" class=\"wp-image-794337 wp-image-desktop\" srcset=\"https:\/\/www.etoro.com\/wp-content\/uploads\/2023\/12\/Body-Image-3_-Ex-dividend-date.png 756w, https:\/\/www.etoro.com\/wp-content\/uploads\/2023\/12\/Body-Image-3_-Ex-dividend-date-300x159.png 300w\" sizes=\"(max-width: 756px) 100vw, 756px\" \/><\/figure>\n\n\n\n<h2 class=\"wp-block-heading\">Shrnut\u00ed<\/h2>\n\n\n\n<p>Jak jste se mohli sami p\u0159esv\u011bd\u010dit, <strong>obchodov\u00e1n\u00ed s CFD n\u00e1stroji souvis\u00ed s celou \u0159adou specifick\u00fdch pojm\u016f<\/strong>. Te\u010f, kdy\u017e jste se sezn\u00e1mili alespo\u0148 s n\u011bkolika kl\u00ed\u010dov\u00fdmi pojmy, budete m\u00edt o t\u00e9to problematice lep\u0161\u00ed p\u0159ehled a posunete se o krok d\u00e1l na sv\u00e9 cest\u011b p\u0159i studiu o obchodov\u00e1n\u00ed s CFD n\u00e1stroji.<\/p>\n\n\n\n<p>Nav\u0161tivte <a href=\"https:\/\/www.etoro.com\/cs-cz\/academy\/\">Akademii eToro<\/a>&nbsp;a zjist\u011bte o CFD v\u00edce.<\/p>\n\n\n\n<h2 class=\"wp-block-heading\">Test<\/h2>\n\n\n\n<div class=\"wp-block-etoro-quizzes\">\n<div class=\"wp-block-etoro-quiz\" data-answer=\"0\"><div class=\"wp-block-etoro-quiz-body\"><div class=\"wp-block-etoro-quiz-question\">\u0160t\u011bpen\u00ed akci\u00ed je jeden z p\u0159\u00edklad\u016f obchodn\u00ed aktivity spole\u010dnosti \u2013 pravda, nebo le\u017e?<\/div>\n<div class=\"wp-block-etoro-quiz-item\">Pravda<\/div>\n\n\n\n<div class=\"wp-block-etoro-quiz-item\">Le\u017e<\/div>\n<\/div><div class=\"wp-block-etoro-quiz-result\">\u00a0<\/div><\/div>\n<\/div>\n\n\n\n\n\n<h2 class=\"wp-block-heading\">\u010cast\u00e9 dotazy<\/h2>\n\n\n\n<dl class=\"wp-block-etoro-faq\">\n<div class=\"wp-block-etoro-faq-item\"><dt class=\"wp-block-etoro-faq-item-question\">Vyplat\u00ed mi spole\u010dnost dividendu, pokud dr\u017e\u00edm pozici v r\u00e1mci CFD?<\/dt><dd class=\"wp-block-etoro-faq-item-answer\">\n<p>Pokud dr\u017e\u00edte dlouhou (n\u00e1kupn\u00ed) pozici na akcii, m\u00e1te n\u00e1rok na vyplacen\u00ed v\u0161ech p\u0159\u00edslu\u0161n\u00fdch <a href=\"https:\/\/www.etoro.com\/cs-cz\/investing\/what-are-dividends\/\">dividend<\/a>. Pokud dr\u017e\u00edte kr\u00e1tkou (prodejn\u00ed) pozici na akcii, v\u0161echny p\u0159\u00edslu\u0161n\u00e9 dividendy mus\u00edte naopak zaplatit vy.<\/p>\n<\/dd><\/div>\n\n\n\n<div class=\"wp-block-etoro-faq-item\"><dt class=\"wp-block-etoro-faq-item-question\">Je pou\u017eit\u00ed p\u0159\u00edkazu Stop-Loss nebo Take Profit zpoplatn\u011bno?<\/dt><dd class=\"wp-block-etoro-faq-item-answer\">\n<p>Ne. Pokyny <a href=\"https:\/\/help.etoro.com\/s\/article\/how-do-i-set-the-stop-loss?language=cs\">Stop-loss<\/a> a Take profit, kter\u00e9 automaticky uzav\u00edraj\u00ed pozice, nen\u00ed zpoplatn\u011bno. M\u016f\u017eete je vyu\u017e\u00edvat zdarma.<\/p>\n<\/dd><\/div>\n\n\n\n<div class=\"wp-block-etoro-faq-item\"><dt class=\"wp-block-etoro-faq-item-question\">Mus\u00edm otev\u0159\u00edt nejprve dlouhou pozici (buy), abych mohl\/a cenn\u00fd pap\u00edr prodat?<\/dt><dd class=\"wp-block-etoro-faq-item-answer\">\n<p>Ne. P\u0159i obchodov\u00e1n\u00ed s CFD m\u016f\u017eete nejprve otev\u0159\u00edt <a href=\"https:\/\/www.etoro.com\/cs-cz\/trading\/short-selling\/\">kr\u00e1tkou pozici<\/a>&nbsp;(sell) a pozd\u011bji ji zp\u011btn\u011b odkoupit levn\u011bji v nad\u011bji, \u017ee budete profitovat z poklesu ceny. &nbsp;<\/p>\n<\/dd><\/div>\n<\/dl>\n\n\n\n\t\t<style>\n\t\t\t.rtl .etoro-block-shortcode-disclaimer {\n\t\t\t\ttext-align:right;\n\t\t\t}\n\t\t\t.etoro-block-shortcode-disclaimer {\n\t\t\t\tmargin-bottom:18px;\n\t\t\t\ttext-align:left;\n\t\t\t}\n\t\t\t.etoro-block-shortcode-disclaimer p{\n\t\t\t\tfont-size: 12px;\n\t\t\t\tline-height: 18px;\n\t\t\t}\n\t\t\t@media (min-width: 768px) {\n\t\t\t\t.etoro-block-shortcode-disclaimer {\n\t\t\t\t\tmax-width:1176px;\n\t\t\t\t\ttext-align:center;\n\t\t\t\t}\n\t\t\t\t.etoro-block-shortcode-disclaimer p {\n\t\t\t\t\tfont-size: 14px;\n\t\t\t\t\tline-height: 20px;\n\t\t\t\t}\n\t\t\t}\n\t\t<\/style>\n\t\t<div class='etoro-block-shortcode-disclaimer'><p>Tyto informace slou\u017e\u00ed pouze pro vzd\u011bl\u00e1vac\u00ed \u00fa\u010dely a nelze je pova\u017eovat za investi\u010dn\u00ed poradenstv\u00ed, osobn\u00ed doporu\u010den\u00ed, nab\u00eddku nebo v\u00fdzvu k n\u00e1kupu \u010di prodeji jak\u00fdchkoli finan\u010dn\u00edch n\u00e1stroj\u016f.<\/p>\n<p>Tento materi\u00e1l byl p\u0159ipraven bez ohledu na konkr\u00e9tn\u00ed investi\u010dn\u00ed c\u00edle nebo finan\u010dn\u00ed situaci a nebyl p\u0159ipraven v souladu s pr\u00e1vn\u00edmi a regula\u010dn\u00edmi po\u017eadavky na podporu nez\u00e1visl\u00e9ho v\u00fdzkumu.<\/p>\n<p><strong>Ne v\u0161echny zmi\u0148ovan\u00e9 finan\u010dn\u00ed n\u00e1stroje a slu\u017eby jsou nab\u00edzeny na eToro<\/strong> a jak\u00e9koli odkazy na minulou v\u00fdkonnost finan\u010dn\u00edho n\u00e1stroje, indexu nebo investi\u010dn\u00edho produktu nejsou a nem\u011bly by b\u00fdt pova\u017eov\u00e1ny za spolehliv\u00fd ukazatel budouc\u00edch v\u00fdsledk\u016f. <strong>Dostupnost v\u0161ech v\u00fd\u0161e uveden\u00fdch produkt\u016f a slu\u017eeb se m\u016f\u017ee li\u0161it v z\u00e1vislosti na jurisdikci a zemi.<\/strong><\/p>\n<p>eToro nezaru\u010duje p\u0159esnost ani \u00faplnost obsahu tohoto pr\u016fvodce a nep\u0159eb\u00edr\u00e1 v tomto ohledu \u017e\u00e1dnou odpov\u011bdnost. P\u0159ed vlo\u017een\u00edm kapit\u00e1lu se ujist\u011bte, \u017ee rozum\u00edte rizik\u016fm spojen\u00fdm s obchodov\u00e1n\u00edm. Nikdy neriskujte v\u00edce, ne\u017e jste p\u0159ipraveni ztratit.<\/p>\n<\/div>\n","protected":false},"excerpt":{"rendered":"<p>P\u0159i obchodov\u00e1n\u00ed s CFD n\u00e1stroji je nezbytn\u00e9 zn\u00e1t kl\u00ed\u010dov\u00e9 pojmy, jako je Spread, Pip nebo Stop-Loss, se kter\u00fdmi se v praxi b\u011b\u017en\u011b setk\u00e1te. D\u00edky porozum\u011bn\u00ed t\u011bchto z\u00e1kladn\u00edch pojm\u016f budete moci vyu\u017e\u00edvat CFD n\u00e1stroje ve sv\u016fj prosp\u011bch. CFD p\u0159edstavuj\u00ed pokro\u010dil\u00fd zp\u016fsob obchodov\u00e1n\u00ed, kter\u00fd obchodn\u00edk\u016fm nab\u00edz\u00ed \u0159adu v\u00fdhod. Stejn\u011b tak m\u00e1 ale i sv\u00e1 \u00faskal\u00ed. Pokud se&hellip;<\/p>\n","protected":false},"author":107,"featured_media":1035066,"parent":20057,"menu_order":0,"comment_status":"closed","ping_status":"closed","template":"","meta":{"_acf_changed":false,"inline_featured_image":false,"sticky_cta_settings":"","footnotes":""},"asset_type":[6601],"class_list":["post-1035064","page","type-page","status-publish","has-post-thumbnail","hentry","asset_type-is-cfd"],"acf":[],"yoast_head":"<title>Vysv\u011btlen\u00ed z\u00e1kladn\u00ed terminologie CFD | Pojmy CFD obchodov\u00e1n\u00ed<\/title>\n<meta name=\"description\" content=\"V tomto \u010dl\u00e1nku si vysv\u011btl\u00edme kl\u00ed\u010dov\u00e9 pojmy, kter\u00e9 investo\u0159i mus\u00ed zn\u00e1t p\u0159i obchodov\u00e1n\u00ed s CFD. Tyto odborn\u00e9 term\u00edny v\u00e1m pomohou se l\u00e9pe zorientovat.\" \/>\n<meta name=\"robots\" content=\"index, follow, max-snippet:-1, max-image-preview:large, max-video-preview:-1\" \/>\n<link rel=\"canonical\" href=\"https:\/\/www.etoro.com\/cs-cz\/wp-json\/wp\/v2\/pages\/1035064\" \/>\n<meta property=\"og:locale\" content=\"cs_CZ\" \/>\n<meta property=\"og:type\" content=\"article\" \/>\n<meta property=\"og:title\" content=\"Vysv\u011btlen\u00ed z\u00e1kladn\u00ed terminologie CFD | Pojmy CFD obchodov\u00e1n\u00ed\" \/>\n<meta property=\"og:description\" content=\"V tomto \u010dl\u00e1nku si vysv\u011btl\u00edme kl\u00ed\u010dov\u00e9 pojmy, kter\u00e9 investo\u0159i mus\u00ed zn\u00e1t p\u0159i obchodov\u00e1n\u00ed s CFD. Tyto odborn\u00e9 term\u00edny v\u00e1m pomohou se l\u00e9pe zorientovat.\" \/>\n<meta property=\"og:url\" content=\"https:\/\/www.etoro.com\/cs-cz\/wp-json\/wp\/v2\/pages\/1035064\" \/>\n<meta property=\"og:site_name\" content=\"eToro\" \/>\n<meta property=\"article:publisher\" content=\"https:\/\/www.facebook.com\/eToro\/\" \/>\n<meta property=\"article:modified_time\" content=\"2025-11-03T12:05:20+00:00\" \/>\n<meta property=\"og:image\" content=\"https:\/\/www.etoro.com\/wp-content\/uploads\/2025\/03\/CZ-Understanding-CFD-Trading-Terminology-1200x630-1.png\" \/>\n\t<meta property=\"og:image:width\" content=\"1200\" \/>\n\t<meta property=\"og:image:height\" content=\"630\" \/>\n\t<meta property=\"og:image:type\" content=\"image\/png\" \/>\n<meta name=\"twitter:card\" content=\"summary_large_image\" \/>\n<meta name=\"twitter:site\" content=\"@eToro\" \/>\n<meta name=\"twitter:label1\" content=\"Est. reading time\" \/>\n\t<meta name=\"twitter:data1\" content=\"5 minutes\" \/>\n<script type=\"application\/ld+json\" class=\"yoast-schema-graph\">{\"@context\":\"https:\/\/schema.org\",\"@graph\":[{\"@type\":\"WebPage\",\"@id\":\"https:\/\/www.etoro.com\/cs-cz\/trading\/cfd-terminology\/\",\"url\":\"https:\/\/www.etoro.com\/cs-cz\/trading\/cfd-terminology\/\",\"name\":\"Vysv\u011btlen\u00ed z\u00e1kladn\u00ed terminologie CFD | Pojmy CFD obchodov\u00e1n\u00ed\",\"isPartOf\":{\"@id\":\"https:\/\/www.etoro.com\/it\/#website\"},\"primaryImageOfPage\":{\"@id\":\"https:\/\/www.etoro.com\/cs-cz\/trading\/cfd-terminology\/#primaryimage\"},\"image\":{\"@id\":\"https:\/\/www.etoro.com\/cs-cz\/trading\/cfd-terminology\/#primaryimage\"},\"thumbnailUrl\":\"https:\/\/www.etoro.com\/wp-content\/uploads\/2025\/03\/CZ-Understanding-CFD-Trading-Terminology-1200x630-1.png\",\"datePublished\":\"2023-12-12T14:44:44+00:00\",\"dateModified\":\"2025-11-03T12:05:20+00:00\",\"description\":\"V tomto \u010dl\u00e1nku si vysv\u011btl\u00edme kl\u00ed\u010dov\u00e9 pojmy, kter\u00e9 investo\u0159i mus\u00ed zn\u00e1t p\u0159i obchodov\u00e1n\u00ed s CFD. Tyto odborn\u00e9 term\u00edny v\u00e1m pomohou se l\u00e9pe zorientovat.\",\"breadcrumb\":{\"@id\":\"https:\/\/www.etoro.com\/cs-cz\/trading\/cfd-terminology\/#breadcrumb\"},\"inLanguage\":\"cs\",\"potentialAction\":[{\"@type\":\"ReadAction\",\"target\":[\"https:\/\/www.etoro.com\/cs-cz\/trading\/cfd-terminology\/\"]}]},{\"@type\":\"ImageObject\",\"inLanguage\":\"cs\",\"@id\":\"https:\/\/www.etoro.com\/cs-cz\/trading\/cfd-terminology\/#primaryimage\",\"url\":\"https:\/\/www.etoro.com\/wp-content\/uploads\/2025\/03\/CZ-Understanding-CFD-Trading-Terminology-1200x630-1.png\",\"contentUrl\":\"https:\/\/www.etoro.com\/wp-content\/uploads\/2025\/03\/CZ-Understanding-CFD-Trading-Terminology-1200x630-1.png\",\"width\":1200,\"height\":630},{\"@type\":\"BreadcrumbList\",\"@id\":\"https:\/\/www.etoro.com\/cs-cz\/trading\/cfd-terminology\/#breadcrumb\",\"itemListElement\":[{\"@type\":\"ListItem\",\"position\":1,\"name\":\"Dom\u016f\",\"item\":\"https:\/\/www.etoro.com\/it\/\"},{\"@type\":\"ListItem\",\"position\":2,\"name\":\"OBCHODOV\u00c1N\u00cd\",\"item\":\"https:\/\/www.etoro.com\/cs-cz\/trading\/\"},{\"@type\":\"ListItem\",\"position\":3,\"name\":\"Pochopte kl\u00ed\u010dov\u00e9 pojmy p\u0159i obchodov\u00e1n\u00ed s CFD\"}]},{\"@type\":\"WebSite\",\"@id\":\"https:\/\/www.etoro.com\/it\/#website\",\"url\":\"https:\/\/www.etoro.com\/it\/\",\"name\":\"eToro\",\"description\":\"\",\"publisher\":{\"@id\":\"https:\/\/www.etoro.com\/it\/#organization\"},\"potentialAction\":[{\"@type\":\"SearchAction\",\"target\":{\"@type\":\"EntryPoint\",\"urlTemplate\":\"https:\/\/www.etoro.com\/it\/?s={search_term_string}\"},\"query-input\":{\"@type\":\"PropertyValueSpecification\",\"valueRequired\":true,\"valueName\":\"search_term_string\"}}],\"inLanguage\":\"cs\"},[]]}<\/script>","yoast_head_json":{"title":"Vysv\u011btlen\u00ed z\u00e1kladn\u00ed terminologie CFD | Pojmy CFD obchodov\u00e1n\u00ed","description":"V tomto \u010dl\u00e1nku si vysv\u011btl\u00edme kl\u00ed\u010dov\u00e9 pojmy, kter\u00e9 investo\u0159i mus\u00ed zn\u00e1t p\u0159i obchodov\u00e1n\u00ed s CFD. Tyto odborn\u00e9 term\u00edny v\u00e1m pomohou se l\u00e9pe zorientovat.","robots":{"index":"index","follow":"follow","max-snippet":"max-snippet:-1","max-image-preview":"max-image-preview:large","max-video-preview":"max-video-preview:-1"},"canonical":"https:\/\/www.etoro.com\/cs-cz\/wp-json\/wp\/v2\/pages\/1035064","og_locale":"cs_CZ","og_type":"article","og_title":"Vysv\u011btlen\u00ed z\u00e1kladn\u00ed terminologie CFD | Pojmy CFD obchodov\u00e1n\u00ed","og_description":"V tomto \u010dl\u00e1nku si vysv\u011btl\u00edme kl\u00ed\u010dov\u00e9 pojmy, kter\u00e9 investo\u0159i mus\u00ed zn\u00e1t p\u0159i obchodov\u00e1n\u00ed s CFD. Tyto odborn\u00e9 term\u00edny v\u00e1m pomohou se l\u00e9pe zorientovat.","og_url":"https:\/\/www.etoro.com\/cs-cz\/wp-json\/wp\/v2\/pages\/1035064","og_site_name":"eToro","article_publisher":"https:\/\/www.facebook.com\/eToro\/","article_modified_time":"2025-11-03T12:05:20+00:00","og_image":[{"width":1200,"height":630,"url":"https:\/\/www.etoro.com\/wp-content\/uploads\/2025\/03\/CZ-Understanding-CFD-Trading-Terminology-1200x630-1.png","type":"image\/png"}],"twitter_card":"summary_large_image","twitter_site":"@eToro","twitter_misc":{"Est. reading time":"5 minutes"},"schema":{"@context":"https:\/\/schema.org","@graph":[{"@type":"WebPage","@id":"https:\/\/www.etoro.com\/cs-cz\/trading\/cfd-terminology\/","url":"https:\/\/www.etoro.com\/cs-cz\/trading\/cfd-terminology\/","name":"Vysv\u011btlen\u00ed z\u00e1kladn\u00ed terminologie CFD | Pojmy CFD obchodov\u00e1n\u00ed","isPartOf":{"@id":"https:\/\/www.etoro.com\/it\/#website"},"primaryImageOfPage":{"@id":"https:\/\/www.etoro.com\/cs-cz\/trading\/cfd-terminology\/#primaryimage"},"image":{"@id":"https:\/\/www.etoro.com\/cs-cz\/trading\/cfd-terminology\/#primaryimage"},"thumbnailUrl":"https:\/\/www.etoro.com\/wp-content\/uploads\/2025\/03\/CZ-Understanding-CFD-Trading-Terminology-1200x630-1.png","datePublished":"2023-12-12T14:44:44+00:00","dateModified":"2025-11-03T12:05:20+00:00","description":"V tomto \u010dl\u00e1nku si vysv\u011btl\u00edme kl\u00ed\u010dov\u00e9 pojmy, kter\u00e9 investo\u0159i mus\u00ed zn\u00e1t p\u0159i obchodov\u00e1n\u00ed s CFD. Tyto odborn\u00e9 term\u00edny v\u00e1m pomohou se l\u00e9pe zorientovat.","breadcrumb":{"@id":"https:\/\/www.etoro.com\/cs-cz\/trading\/cfd-terminology\/#breadcrumb"},"inLanguage":"cs","potentialAction":[{"@type":"ReadAction","target":["https:\/\/www.etoro.com\/cs-cz\/trading\/cfd-terminology\/"]}]},{"@type":"ImageObject","inLanguage":"cs","@id":"https:\/\/www.etoro.com\/cs-cz\/trading\/cfd-terminology\/#primaryimage","url":"https:\/\/www.etoro.com\/wp-content\/uploads\/2025\/03\/CZ-Understanding-CFD-Trading-Terminology-1200x630-1.png","contentUrl":"https:\/\/www.etoro.com\/wp-content\/uploads\/2025\/03\/CZ-Understanding-CFD-Trading-Terminology-1200x630-1.png","width":1200,"height":630},{"@type":"BreadcrumbList","@id":"https:\/\/www.etoro.com\/cs-cz\/trading\/cfd-terminology\/#breadcrumb","itemListElement":[{"@type":"ListItem","position":1,"name":"Dom\u016f","item":"https:\/\/www.etoro.com\/it\/"},{"@type":"ListItem","position":2,"name":"OBCHODOV\u00c1N\u00cd","item":"https:\/\/www.etoro.com\/cs-cz\/trading\/"},{"@type":"ListItem","position":3,"name":"Pochopte kl\u00ed\u010dov\u00e9 pojmy p\u0159i obchodov\u00e1n\u00ed s CFD"}]},{"@type":"WebSite","@id":"https:\/\/www.etoro.com\/it\/#website","url":"https:\/\/www.etoro.com\/it\/","name":"eToro","description":"","publisher":{"@id":"https:\/\/www.etoro.com\/it\/#organization"},"potentialAction":[{"@type":"SearchAction","target":{"@type":"EntryPoint","urlTemplate":"https:\/\/www.etoro.com\/it\/?s={search_term_string}"},"query-input":{"@type":"PropertyValueSpecification","valueRequired":true,"valueName":"search_term_string"}}],"inLanguage":"cs"},[]]}},"_links":{"self":[{"href":"https:\/\/www.etoro.com\/cs-cz\/wp-json\/wp\/v2\/pages\/1035064"}],"collection":[{"href":"https:\/\/www.etoro.com\/cs-cz\/wp-json\/wp\/v2\/pages"}],"about":[{"href":"https:\/\/www.etoro.com\/cs-cz\/wp-json\/wp\/v2\/types\/page"}],"author":[{"embeddable":true,"href":"https:\/\/www.etoro.com\/cs-cz\/wp-json\/wp\/v2\/users\/107"}],"replies":[{"embeddable":true,"href":"https:\/\/www.etoro.com\/cs-cz\/wp-json\/wp\/v2\/comments?post=1035064"}],"version-history":[{"count":0,"href":"https:\/\/www.etoro.com\/cs-cz\/wp-json\/wp\/v2\/pages\/1035064\/revisions"}],"up":[{"embeddable":true,"href":"https:\/\/www.etoro.com\/cs-cz\/wp-json\/wp\/v2\/pages\/20057"}],"wp:featuredmedia":[{"embeddable":true,"href":"https:\/\/www.etoro.com\/cs-cz\/wp-json\/wp\/v2\/media\/1035066"}],"wp:attachment":[{"href":"https:\/\/www.etoro.com\/cs-cz\/wp-json\/wp\/v2\/media?parent=1035064"}],"wp:term":[{"taxonomy":"asset_type","embeddable":true,"href":"https:\/\/www.etoro.com\/cs-cz\/wp-json\/wp\/v2\/asset_type?post=1035064"}],"curies":[{"name":"wp","href":"https:\/\/api.w.org\/{rel}","templated":true}]}}