{"id":1035198,"date":"2023-12-12T16:16:05","date_gmt":"2023-12-12T14:16:05","guid":{"rendered":"https:\/\/www.etoro.com\/trading\/cfd-asset-classes\/"},"modified":"2025-12-02T16:12:43","modified_gmt":"2025-12-02T14:12:43","slug":"cfd-asset-classes","status":"publish","type":"page","link":"https:\/\/www.etoro.com\/cs-cz\/trading\/cfd-asset-classes\/","title":{"rendered":"Pochopte r\u016fzn\u00e9 t\u0159\u00eddy CFD aktiv"},"content":{"rendered":"\n<p class=\"is-style-summary\">CFD se mohou vztahovat k r\u016fzn\u00fdm t\u0159\u00edd\u00e1m aktiv, tzv. podkladov\u00fdm aktiv\u016fm. Obvykle se jedn\u00e1 o likvidn\u00ed aktiva s vysok\u00fdm objemem obchodov\u00e1n\u00ed. Mezi nejobl\u00edben\u011bj\u0161\u00ed t\u0159\u00eddy aktiv u CFD pat\u0159\u00ed m\u011bnov\u00e9 p\u00e1ry, akcie, ETF, komodity a kryptoaktiva.<\/p>\n\n\n\n\n\n\n<hr class=\"wp-block-separator wp-block-separator-color-dark-grey wp-block-separator-spaces-medium wp-block-separator-weight-1\"\/>\n\n\n\n<p>Jednou z v\u00fdhod CFD je dostupnost r\u016fzn\u00fdch typ\u016f investic prost\u0159ednictv\u00edm jedin\u00e9ho obchodn\u00edho \u00fa\u010dtu. Investice podobn\u00e9ho charakteru ozna\u010dujeme jako <a href=\"https:\/\/www.etoro.com\/cs-cz\/investing\/how-to-choose-what-asset-class-to-invest-in\/\">t\u0159\u00eddy aktiv<\/a> nebo skupiny aktiv.<\/p>\n\n\n\n<figure class=\"wp-block-image size-full\"><img loading=\"lazy\" decoding=\"async\" width=\"756\" height=\"400\" src=\"https:\/\/www.etoro.com\/wp-content\/uploads\/2023\/12\/Body-Image-1_-Index-CFDs.png\" alt=\"\" class=\"wp-image-794081 wp-image-desktop\" srcset=\"https:\/\/www.etoro.com\/wp-content\/uploads\/2023\/12\/Body-Image-1_-Index-CFDs.png 756w, https:\/\/www.etoro.com\/wp-content\/uploads\/2023\/12\/Body-Image-1_-Index-CFDs-300x159.png 300w\" sizes=\"(max-width: 756px) 100vw, 756px\" \/><\/figure>\n\n\n\n<h2 class=\"wp-block-heading\">Kl\u00ed\u010dov\u00e9 t\u0159\u00eddy CFD aktiv<\/h2>\n\n\n\n<p>Prost\u0159ednictv\u00edm CFD je mo\u017en\u00e9 obchodovat t\u00e9m\u011b\u0159 se v\u0161emi t\u0159\u00eddami aktiv, co\u017e obchodn\u00edk\u016fm poskytuje \u0161irok\u00e9 spektrum mo\u017enost\u00ed pro <strong>spekulace<\/strong> na cenov\u00e9 pohyby.<\/p>\n\n\n\n<h3 class=\"wp-block-heading\">M\u011bnov\u00e9 p\u00e1ry<\/h3>\n\n\n\n<p><a href=\"https:\/\/www.etoro.com\/cs-cz\/discover\/markets\/currencies\">M\u011bnov\u00e9 p\u00e1ry<\/a>, zn\u00e1m\u00e9 tak\u00e9 jako devizov\u00e9 obchody, Forex nebo FX, <strong>umo\u017e\u0148uje spekulovat na s\u00edlu m\u011bny jedn\u00e9 zem\u011b v\u016f\u010di m\u011bn\u011b jin\u00e9 zem\u011b<\/strong>. Nap\u0159\u00edklad m\u011bnov\u00fd p\u00e1r <a href=\"https:\/\/www.etoro.com\/cs-cz\/markets\/gbpusd\">GBP\/USD<\/a> m\u011bn\u00ed svou hodnotu podle sm\u011bnn\u00e9ho kurzu, kter\u00fd ud\u00e1v\u00e1, kolik americk\u00fdch dolar\u016f stoj\u00ed jedna britsk\u00e1 libra.<\/p>\n\n\n\n<h3 class=\"wp-block-heading\">Akcie a ETF<\/h3>\n\n\n\n<p>CFD nab\u00edz\u00ed tak\u00e9 pohodln\u00fd zp\u016fsob pro obchodov\u00e1n\u00ed s cenami <strong><e-tip data-tooltip=\"Cenn\u00e9 pap\u00edry, kter\u00e9 reprezentuj\u00ed vlastnictv\u00ed pod\u00edlu ve spole\u010dnosti a kter\u00e9 lze kupovat a prod\u00e1vat.\">akci\u00ed<\/e-tip><\/strong> spole\u010dnost\u00ed k\u00f3tovan\u00fdch na akciov\u00fdch burz\u00e1ch. V\u017edy <strong>obchodujete za nejlep\u0161\u00ed dostupnou cenu na skute\u010dn\u00fdch burz\u00e1ch<\/strong>.<\/p>\n\n\n\n<p><strong><a href=\"https:\/\/www.etoro.com\/cs-cz\/discover\/markets\/etf\">ETF<\/a> (fondy obchodovan\u00e9 na burze) jsou v podstat\u011b ko\u0161e cenn\u00fdch pap\u00edr\u016f sestaven\u00e9 do fondu<\/strong>, kter\u00e9 lze nakupovat a prod\u00e1vat stejn\u011b jako akcie. Cenn\u00e9 pap\u00edry v r\u00e1mci ETF jsou vybr\u00e1ny tak, aby investorovi nab\u00edzely ur\u010dit\u00fd typ expozice. Nap\u0159\u00edklad ETF SPY m\u00e1 za c\u00edl sledovat v\u00fdkonnost indexu S&amp;P 500, zat\u00edmco ETF PPLT m\u00e1 za c\u00edl kop\u00edrovat v\u00fdkonnost <a href=\"https:\/\/www.etoro.com\/cs-cz\/markets\/platinum\">platiny<\/a>.<\/p>\n\n\n\n<figure class=\"wp-block-image size-full\"><img loading=\"lazy\" decoding=\"async\" width=\"756\" height=\"400\" src=\"https:\/\/www.etoro.com\/wp-content\/uploads\/2023\/12\/Body-Image-2_-Identifying-trading-opportunities-by-CFD-asset-group.png\" alt=\"\" class=\"wp-image-794102 wp-image-desktop\" srcset=\"https:\/\/www.etoro.com\/wp-content\/uploads\/2023\/12\/Body-Image-2_-Identifying-trading-opportunities-by-CFD-asset-group.png 756w, https:\/\/www.etoro.com\/wp-content\/uploads\/2023\/12\/Body-Image-2_-Identifying-trading-opportunities-by-CFD-asset-group-300x159.png 300w\" sizes=\"(max-width: 756px) 100vw, 756px\" \/><\/figure>\n\n\n\n<h3 class=\"wp-block-heading\">Indexy<\/h3>\n\n\n\n<p>Akciov\u00fd index p\u0159edstavuje referen\u010dn\u00ed hodnotu, jej\u00ed\u017e v\u00fd\u0161e je odvozena od hodnoty konkr\u00e9tn\u00edho ko\u0161e akci\u00ed a slou\u017e\u00ed ke sledov\u00e1n\u00ed v\u00fdkonnosti ur\u010dit\u00fdch sektor\u016f ekonomiky. Nap\u0159\u00edklad index <a href=\"https:\/\/www.etoro.com\/cs-cz\/markets\/uk100\">UK100<\/a> sleduje hodnotu p\u0159edn\u00edch britsk\u00fdch ve\u0159ejn\u011b obchodovan\u00fdch spole\u010dnost\u00ed vybran\u00fdch podle tr\u017en\u00ed kapitalizace.<\/p>\n\n\n\n<p>Prost\u0159ednictv\u00edm <a href=\"https:\/\/www.etoro.com\/cs-cz\/discover\/markets\/indices\">indexov\u00fdch CFD<\/a> tak m\u016f\u017eete obchodovat s hodnotou \u0161irok\u00e9ho v\u00fdb\u011bru \u0161pi\u010dkov\u00fdch akciov\u00fdch index\u016f z cel\u00e9ho sv\u011bta stejn\u011b pohodln\u011b jako p\u0159i obchodov\u00e1n\u00ed s akciov\u00fdmi CFD.<\/p>\n\n\n\n<h3 class=\"wp-block-heading\">Komodity<\/h3>\n\n\n\n<p>Pojem \u201e<a href=\"https:\/\/www.etoro.com\/cs-cz\/discover\/markets\/commodities\">komodity<\/a>\u201c zahrnuje velmi rozmanitou skupinu surovin a zem\u011bd\u011blsk\u00fdch produkt\u016f. Pod t\u00edmto \u0161irok\u00fdm pojmem rozli\u0161ujeme d\u00edl\u010d\u00ed podskupiny, kter\u00e9 zahrnuj\u00ed nap\u0159\u00edklad trhy s energiemi (nap\u0159. ropa nebo topn\u00fd olej), obilovinami (nap\u0159. p\u0161enice nebo kuku\u0159ice) a kovy (nap\u0159. zlato nebo st\u0159\u00edbro).<\/p>\n\n\n\n<h3 class=\"wp-block-heading\">Krypto<\/h3>\n\n\n\n<p><a href=\"https:\/\/www.etoro.com\/cs-cz\/academy\/crypto\/\">Kryptoaktiva<\/a> se v posledn\u00edm desetilet\u00ed stala velmi obl\u00edbenou t\u0159\u00eddou aktiv mezi investory. Obchodov\u00e1n\u00ed s nimi formou CFD tak obchodn\u00edk\u016fm umo\u017e\u0148uje pohodln\u00fd p\u0159\u00edstup na tyto popul\u00e1rn\u00ed trhy prost\u0159ednictv\u00edm regulovan\u00e9ho <strong><e-tip data-tooltip=\"Osoba nebo subjekt, kter\u00fd funguje jako zprost\u0159edkovatel mezi obchodn\u00edky a finan\u010dn\u00edm trhem.\">brokera<\/e-tip><\/strong>.<\/p>\n\n\n\n<figure class=\"wp-block-image size-full\"><img loading=\"lazy\" decoding=\"async\" width=\"756\" height=\"400\" src=\"https:\/\/www.etoro.com\/wp-content\/uploads\/2023\/12\/Body-Image-3_-Final-thoughts-2.png\" alt=\"\" class=\"wp-image-794144 wp-image-desktop\" srcset=\"https:\/\/www.etoro.com\/wp-content\/uploads\/2023\/12\/Body-Image-3_-Final-thoughts-2.png 756w, https:\/\/www.etoro.com\/wp-content\/uploads\/2023\/12\/Body-Image-3_-Final-thoughts-2-300x159.png 300w\" sizes=\"(max-width: 756px) 100vw, 756px\" \/><\/figure>\n\n\n\n<h2 class=\"wp-block-heading\">Jak identifikovat obchodn\u00ed p\u0159\u00edle\u017eitosti v r\u00e1mci jednotliv\u00fdch t\u0159\u00edd CFD aktiv?<\/h2>\n\n\n\n<p>R\u016fzn\u00e9 t\u0159\u00eddy aktiv jsou ovliv\u0148ov\u00e1ny <strong>r\u016fzn\u00fdmi faktory a r\u016fzn\u00fdm zp\u016fsobem<\/strong>, co\u017e znamen\u00e1, \u017ee ka\u017ed\u00e1 t\u0159\u00edda CFD aktiv m\u016f\u017ee p\u0159in\u00e1\u0161et sv\u00e9 vlastn\u00ed specifick\u00e9 obchodn\u00ed p\u0159\u00edle\u017eitosti.<\/p>\n\n\n\n<p>Pokud se nap\u0159\u00edklad <strong>ekonomice<\/strong> jedn\u00e9 zem\u011b da\u0159\u00ed p\u0159ekon\u00e1vat ekonomiku jin\u00e9 zem\u011b, mohou CFD v r\u00e1mci m\u011bnov\u00fdch p\u00e1r\u016f nab\u00edzet zp\u016fsob pro <strong>expozici v\u016f\u010di ob\u011bma m\u011bn\u00e1m dan\u00fdch zem\u00ed.<\/strong><\/p>\n\n\n\n<p>Tak\u00e9 to, jak investo\u0159i <strong>vn\u00edmaj\u00ed m\u00edru rizika, je m\u016f\u017ee p\u0159iv\u00e9st k investic\u00edm do r\u016fzn\u00fdch t\u0159\u00edd aktiv:<\/strong><\/p>\n\n\n\n<ul class=\"wp-block-list wp-block-list-circle wp-block-list wp-block-list-circle\">\n<li><strong>Geopolitick\u00e9 nap\u011bt\u00ed<\/strong> nebo konflikty v regionech bohat\u00fdch na komodity, p\u0159i kter\u00fdch hroz\u00ed naru\u0161en\u00ed dod\u00e1vek, mohou zp\u016fsobit prudk\u00e9 kr\u00e1tkodob\u00e9 zm\u011bny cen dot\u010den\u00fdch komodit.<\/li>\n\n\n\n<li><strong>Zv\u00fd\u0161en\u00e9 obavy<\/strong> z <a href=\"https:\/\/www.etoro.com\/cs-cz\/investing\/risk-management\/\">rizika<\/a> mohou pomoci nasm\u011brovat tok pen\u011bz do aktiv, kter\u00e1 jsou obecn\u011b vn\u00edman\u00e1 jako tzv. bezpe\u010dn\u00e9 p\u0159\u00edstavy.<\/li>\n\n\n\n<li>Nap\u0159\u00edklad <strong>zlato bylo historicky pova\u017eov\u00e1no za <a href=\"https:\/\/burzovnisvet.cz\/2024\/03\/co-je-to-bezpecny-pristav\/\" target=\"_blank\" rel=\"noreferrer noopener\">bezpe\u010dn\u00fd p\u0159\u00edstav<\/a><\/strong> a tak\u00e9 za vhodn\u00fd zp\u016fsob zaji\u0161t\u011bn\u00ed proti inflaci \u2013 a\u010dkoliv empirick\u00e9 d\u016fkazy jsou dnes sporn\u00e9.<\/li>\n<\/ul>\n\n\n\n<p>Toky pen\u011bz ovliv\u0148uje tak\u00e9 m\u011bnov\u00e1 politika. Pokud centr\u00e1ln\u00ed banka stanov\u00ed n\u00edzk\u00e9 <strong>\u00farokov\u00e9 sazby<\/strong>, mohou investo\u0159i vyhled\u00e1vat rizikov\u011bj\u0161\u00ed aktiva v nad\u011bji na z\u00edsk\u00e1n\u00ed vy\u0161\u0161\u00edch v\u00fdnos\u016f. Nap\u0159\u00edklad obdob\u00ed n\u00edzk\u00fdch \u00farokov\u00fdch sazeb okolo roku 2010 pomohlo k v\u00fdrazn\u00e9mu r\u016fstu akciov\u00fdch trh\u016f.<\/p>\n\n\n\n<h2 class=\"wp-block-heading\">Shrnut\u00ed<\/h2>\n\n\n\n<p>CFD nab\u00edz\u00ed p\u0159\u00edstup k \u0161irok\u00e9mu sortimentu aktiv. S jedin\u00fdm CFD \u00fa\u010dtem m\u016f\u017eete obchodovat nejen tis\u00edce r\u016fzn\u00fdch akci\u00ed, ale i akciov\u00e9 indexy, <a href=\"https:\/\/www.etoro.com\/cs-cz\/trading\/currency-pairs\/\">m\u011bnov\u00e9 p\u00e1ry<\/a> nebo komodity z cel\u00e9ho sv\u011bta.<\/p>\n\n\n\n<p>Nav\u0161tivte <a href=\"https:\/\/www.etoro.com\/cs-cz\/academy\/\">Akademii eToro<\/a> a prohlubte sv\u00e9 obchodn\u00ed znalosti.<\/p>\n\n\n\n<h2 class=\"wp-block-heading\">Test<\/h2>\n\n\n\n<div class=\"wp-block-etoro-quizzes\">\n<div class=\"wp-block-etoro-quiz\" data-answer=\"1\"><div class=\"wp-block-etoro-quiz-body\"><div class=\"wp-block-etoro-quiz-question\">Naru\u0161en\u00ed dod\u00e1vek komodity nem\u016f\u017ee v\u00e9st k prudk\u00e9mu pohybu jej\u00ed ceny \u2013 pravda, nebo le\u017e?<\/div>\n<div class=\"wp-block-etoro-quiz-item\">Pravda<\/div>\n\n\n\n<div class=\"wp-block-etoro-quiz-item\">Le\u017e<\/div>\n<\/div><div class=\"wp-block-etoro-quiz-result\">\u00a0<\/div><\/div>\n<\/div>\n\n\n\n\n\n<h2 class=\"wp-block-heading\">\u010cast\u00e9 dotazy<\/h2>\n\n\n\n<dl class=\"wp-block-etoro-faq\">\n<div class=\"wp-block-etoro-faq-item\"><dt class=\"wp-block-etoro-faq-item-question\">Pokud obchoduji s akciemi v r\u00e1mci CFD, pohybuje se cena CFD spolu s re\u00e1lnou cenou akcie?<\/dt><dd class=\"wp-block-etoro-faq-item-answer\">\n<p>Ano, cena akcie v r\u00e1mci CFD je odvozena od podkladov\u00e9 akcie. A ta stoup\u00e1\/kles\u00e1 v z\u00e1vislosti na cen\u011b dan\u00e9 akcie na p\u0159\u00edslu\u0161n\u00e9 <a href=\"https:\/\/www.etoro.com\/cs-cz\/stocks\/most-popular-stock-exchanges\/\">burze<\/a>.<\/p>\n<\/dd><\/div>\n\n\n\n<div class=\"wp-block-etoro-faq-item\"><dt class=\"wp-block-etoro-faq-item-question\">Pokud koup\u00edm CFD na ur\u010ditou t\u0159\u00eddu aktiv, vlastn\u00edm podkladov\u00e9 aktivum?<\/dt><dd class=\"wp-block-etoro-faq-item-answer\">\n<p>Ne, CFD jsou smlouvy, na z\u00e1klad\u011b kter\u00fdch se finan\u010dn\u011b vyrovn\u00e1v\u00e1 zm\u011bna hodnoty mezi otev\u00edrac\u00ed a zav\u00edrac\u00ed \u00farovn\u00ed va\u0161\u00ed pozice. P\u0159i obchodov\u00e1n\u00ed s CFD pouze spekulujete na cenov\u00fd pohyb aktiva. <a href=\"https:\/\/help.etoro.com\/s\/article\/Are-the-stocks-offered-by-eToro-real?language=cs\">Podkladov\u00e9 aktivum<\/a> ale fyzicky v pr\u016fb\u011bhu obchodu nevlastn\u00edte.<\/p>\n<\/dd><\/div>\n\n\n\n<div class=\"wp-block-etoro-faq-item\"><dt class=\"wp-block-etoro-faq-item-question\">Jsou zlato a st\u0159\u00edbro jedin\u00e9 kovy, kter\u00e9 mohu obchodovat jako CFD?<\/dt><dd class=\"wp-block-etoro-faq-item-answer\">\n<p>Ne, m\u016f\u017eete obchodovat s celou \u0159adou dal\u0161\u00edch drah\u00fdch kov\u016f, v\u010detn\u011b platiny a palladia. Stejn\u011b tak m\u016f\u017eete obchodovat s cenou z\u00e1kladn\u00edch kov\u016f, jako je <a href=\"https:\/\/www.etoro.com\/cs-cz\/markets\/zinc\">zinek<\/a>, <a href=\"https:\/\/www.etoro.com\/cs-cz\/markets\/nickel\">nikl<\/a> nebo <a href=\"https:\/\/www.etoro.com\/cs-cz\/markets\/lead\">olovo<\/a>.<\/p>\n<\/dd><\/div>\n<\/dl>\n\n\n\n\t\t<style>\n\t\t\t.rtl .etoro-block-shortcode-disclaimer {\n\t\t\t\ttext-align:right;\n\t\t\t}\n\t\t\t.etoro-block-shortcode-disclaimer {\n\t\t\t\tmargin-bottom:18px;\n\t\t\t\ttext-align:left;\n\t\t\t}\n\t\t\t.etoro-block-shortcode-disclaimer p{\n\t\t\t\tfont-size: 12px;\n\t\t\t\tline-height: 18px;\n\t\t\t}\n\t\t\t@media (min-width: 768px) {\n\t\t\t\t.etoro-block-shortcode-disclaimer {\n\t\t\t\t\tmax-width:1176px;\n\t\t\t\t\ttext-align:center;\n\t\t\t\t}\n\t\t\t\t.etoro-block-shortcode-disclaimer p {\n\t\t\t\t\tfont-size: 14px;\n\t\t\t\t\tline-height: 20px;\n\t\t\t\t}\n\t\t\t}\n\t\t<\/style>\n\t\t<div class='etoro-block-shortcode-disclaimer'><p>Tyto informace slou\u017e\u00ed pouze pro vzd\u011bl\u00e1vac\u00ed \u00fa\u010dely a nelze je pova\u017eovat za investi\u010dn\u00ed poradenstv\u00ed, osobn\u00ed doporu\u010den\u00ed, nab\u00eddku nebo v\u00fdzvu k n\u00e1kupu \u010di prodeji jak\u00fdchkoli finan\u010dn\u00edch n\u00e1stroj\u016f.<\/p>\n<p>Tento materi\u00e1l byl p\u0159ipraven bez ohledu na konkr\u00e9tn\u00ed investi\u010dn\u00ed c\u00edle nebo finan\u010dn\u00ed situaci a nebyl p\u0159ipraven v souladu s pr\u00e1vn\u00edmi a regula\u010dn\u00edmi po\u017eadavky na podporu nez\u00e1visl\u00e9ho v\u00fdzkumu.<\/p>\n<p><strong>Ne v\u0161echny zmi\u0148ovan\u00e9 finan\u010dn\u00ed n\u00e1stroje a slu\u017eby jsou nab\u00edzeny na eToro<\/strong> a jak\u00e9koli odkazy na minulou v\u00fdkonnost finan\u010dn\u00edho n\u00e1stroje, indexu nebo investi\u010dn\u00edho produktu nejsou a nem\u011bly by b\u00fdt pova\u017eov\u00e1ny za spolehliv\u00fd ukazatel budouc\u00edch v\u00fdsledk\u016f. <strong>Dostupnost v\u0161ech v\u00fd\u0161e uveden\u00fdch produkt\u016f a slu\u017eeb se m\u016f\u017ee li\u0161it v z\u00e1vislosti na jurisdikci a zemi.<\/strong><\/p>\n<p>eToro nezaru\u010duje p\u0159esnost ani \u00faplnost obsahu tohoto pr\u016fvodce a nep\u0159eb\u00edr\u00e1 v tomto ohledu \u017e\u00e1dnou odpov\u011bdnost. P\u0159ed vlo\u017een\u00edm kapit\u00e1lu se ujist\u011bte, \u017ee rozum\u00edte rizik\u016fm spojen\u00fdm s obchodov\u00e1n\u00edm. Nikdy neriskujte v\u00edce, ne\u017e jste p\u0159ipraveni ztratit.<\/p>\n<\/div>\n\n\n\n<p class=\"has-text-align-center is-style-disclaimer\">Toto sd\u011blen\u00ed slou\u017e\u00ed pouze pro informa\u010dn\u00ed a vzd\u011bl\u00e1vac\u00ed \u00fa\u010dely \u2013 nem\u011blo by b\u00fdt pova\u017eov\u00e1no za investi\u010dn\u00ed poradenstv\u00ed, osobn\u00ed doporu\u010den\u00ed ani za nab\u00eddku \u010di v\u00fdzvu k n\u00e1kupu nebo prodeji jak\u00fdchkoliv finan\u010dn\u00edch n\u00e1stroj\u016f.<\/p>\n\n\n\n<p class=\"has-text-align-center is-style-disclaimer\">Tento materi\u00e1l byl p\u0159ipraven bez zohledn\u011bn\u00ed investi\u010dn\u00edch c\u00edl\u016f nebo finan\u010dn\u00ed situace konkr\u00e9tn\u00edho p\u0159\u00edjemce a nebyl p\u0159ipraven v souladu s pr\u00e1vn\u00edmi a regula\u010dn\u00edmi po\u017eadavky na podporu nez\u00e1visl\u00e9ho v\u00fdzkumu. Jak\u00e9koliv odkazy na minulou nebo budouc\u00ed v\u00fdkonnost finan\u010dn\u00edho n\u00e1stroje, indexu nebo bal\u00ed\u010dku investi\u010dn\u00edch produkt\u016f nejsou a nem\u011bly by b\u00fdt pova\u017eov\u00e1ny za spolehliv\u00fd ukazatel budouc\u00edch v\u00fdsledk\u016f.<\/p>\n\n\n\n<p class=\"has-text-align-center is-style-disclaimer\">Spole\u010dnost eToro neposkytuje \u017e\u00e1dn\u00e9 z\u00e1ruky a nenese \u017e\u00e1dnou odpov\u011bdnost za p\u0159esnost nebo \u00faplnost obsahu t\u00e9to publikace.<\/p>\n","protected":false},"excerpt":{"rendered":"<p>CFD se mohou vztahovat k r\u016fzn\u00fdm t\u0159\u00edd\u00e1m aktiv, tzv. podkladov\u00fdm aktiv\u016fm. Obvykle se jedn\u00e1 o likvidn\u00ed aktiva s vysok\u00fdm objemem obchodov\u00e1n\u00ed. Mezi nejobl\u00edben\u011bj\u0161\u00ed t\u0159\u00eddy aktiv u CFD pat\u0159\u00ed m\u011bnov\u00e9 p\u00e1ry, akcie, ETF, komodity a kryptoaktiva. Jednou z v\u00fdhod CFD je dostupnost r\u016fzn\u00fdch typ\u016f investic prost\u0159ednictv\u00edm jedin\u00e9ho obchodn\u00edho \u00fa\u010dtu. Investice podobn\u00e9ho charakteru ozna\u010dujeme jako t\u0159\u00eddy aktiv&hellip;<\/p>\n","protected":false},"author":98,"featured_media":1181543,"parent":20057,"menu_order":0,"comment_status":"closed","ping_status":"closed","template":"","meta":{"_acf_changed":true,"inline_featured_image":false,"sticky_cta_settings":"","footnotes":""},"asset_type":[6601],"class_list":["post-1035198","page","type-page","status-publish","has-post-thumbnail","hentry","asset_type-is-cfd"],"acf":[],"yoast_head":"<title>Co jsou t\u0159\u00eddy CFD aktiv? | Vysv\u011btlen\u00ed CFD aktiv<\/title>\n<meta name=\"description\" content=\"V\u00edte, jak\u00e9 jsou hlavn\u00ed t\u0159\u00eddy CFD aktiv? My v\u00e1s s nimi sezn\u00e1m\u00edme a nau\u010d\u00edme v\u00e1s, jak rozpoznat p\u0159\u00edle\u017eitosti p\u0159i jejich obchodov\u00e1n\u00ed.\" \/>\n<meta name=\"robots\" content=\"index, follow, max-snippet:-1, max-image-preview:large, max-video-preview:-1\" \/>\n<link rel=\"canonical\" href=\"https:\/\/www.etoro.com\/cs-cz\/wp-json\/wp\/v2\/pages\/1035198\" \/>\n<meta property=\"og:locale\" content=\"cs_CZ\" \/>\n<meta property=\"og:type\" content=\"article\" \/>\n<meta property=\"og:title\" content=\"Co jsou t\u0159\u00eddy CFD aktiv? | Vysv\u011btlen\u00ed CFD aktiv\" \/>\n<meta property=\"og:description\" content=\"V\u00edte, jak\u00e9 jsou hlavn\u00ed t\u0159\u00eddy CFD aktiv? My v\u00e1s s nimi sezn\u00e1m\u00edme a nau\u010d\u00edme v\u00e1s, jak rozpoznat p\u0159\u00edle\u017eitosti p\u0159i jejich obchodov\u00e1n\u00ed.\" \/>\n<meta property=\"og:url\" content=\"https:\/\/www.etoro.com\/cs-cz\/wp-json\/wp\/v2\/pages\/1035198\" \/>\n<meta property=\"og:site_name\" content=\"eToro\" \/>\n<meta property=\"article:publisher\" content=\"https:\/\/www.facebook.com\/eToro\/\" \/>\n<meta property=\"article:modified_time\" content=\"2025-12-02T14:12:43+00:00\" \/>\n<meta property=\"og:image\" content=\"https:\/\/www.etoro.com\/wp-content\/uploads\/2025\/12\/CZ-Understanding-CFD-Asset-Groups-1200x630-1.png\" \/>\n\t<meta property=\"og:image:width\" content=\"1200\" \/>\n\t<meta property=\"og:image:height\" content=\"630\" \/>\n\t<meta property=\"og:image:type\" content=\"image\/png\" \/>\n<meta name=\"twitter:card\" content=\"summary_large_image\" \/>\n<meta name=\"twitter:site\" content=\"@eToro\" \/>\n<meta name=\"twitter:label1\" content=\"Est. reading time\" \/>\n\t<meta name=\"twitter:data1\" content=\"6 minutes\" \/>\n<script type=\"application\/ld+json\" class=\"yoast-schema-graph\">{\"@context\":\"https:\/\/schema.org\",\"@graph\":[{\"@type\":\"WebPage\",\"@id\":\"https:\/\/www.etoro.com\/cs-cz\/trading\/cfd-asset-classes\/\",\"url\":\"https:\/\/www.etoro.com\/cs-cz\/trading\/cfd-asset-classes\/\",\"name\":\"Co jsou t\u0159\u00eddy CFD aktiv? | Vysv\u011btlen\u00ed CFD aktiv\",\"isPartOf\":{\"@id\":\"https:\/\/www.etoro.com\/it\/#website\"},\"primaryImageOfPage\":{\"@id\":\"https:\/\/www.etoro.com\/cs-cz\/trading\/cfd-asset-classes\/#primaryimage\"},\"image\":{\"@id\":\"https:\/\/www.etoro.com\/cs-cz\/trading\/cfd-asset-classes\/#primaryimage\"},\"thumbnailUrl\":\"https:\/\/www.etoro.com\/wp-content\/uploads\/2025\/12\/CZ-Understanding-CFD-Asset-Groups-1200x630-1.png\",\"datePublished\":\"2023-12-12T14:16:05+00:00\",\"dateModified\":\"2025-12-02T14:12:43+00:00\",\"description\":\"V\u00edte, jak\u00e9 jsou hlavn\u00ed t\u0159\u00eddy CFD aktiv? My v\u00e1s s nimi sezn\u00e1m\u00edme a nau\u010d\u00edme v\u00e1s, jak rozpoznat p\u0159\u00edle\u017eitosti p\u0159i jejich obchodov\u00e1n\u00ed.\",\"breadcrumb\":{\"@id\":\"https:\/\/www.etoro.com\/cs-cz\/trading\/cfd-asset-classes\/#breadcrumb\"},\"inLanguage\":\"cs\",\"potentialAction\":[{\"@type\":\"ReadAction\",\"target\":[\"https:\/\/www.etoro.com\/cs-cz\/trading\/cfd-asset-classes\/\"]}]},{\"@type\":\"ImageObject\",\"inLanguage\":\"cs\",\"@id\":\"https:\/\/www.etoro.com\/cs-cz\/trading\/cfd-asset-classes\/#primaryimage\",\"url\":\"https:\/\/www.etoro.com\/wp-content\/uploads\/2025\/12\/CZ-Understanding-CFD-Asset-Groups-1200x630-1.png\",\"contentUrl\":\"https:\/\/www.etoro.com\/wp-content\/uploads\/2025\/12\/CZ-Understanding-CFD-Asset-Groups-1200x630-1.png\",\"width\":1200,\"height\":630},{\"@type\":\"BreadcrumbList\",\"@id\":\"https:\/\/www.etoro.com\/cs-cz\/trading\/cfd-asset-classes\/#breadcrumb\",\"itemListElement\":[{\"@type\":\"ListItem\",\"position\":1,\"name\":\"Dom\u016f\",\"item\":\"https:\/\/www.etoro.com\/it\/\"},{\"@type\":\"ListItem\",\"position\":2,\"name\":\"OBCHODOV\u00c1N\u00cd\",\"item\":\"https:\/\/www.etoro.com\/cs-cz\/trading\/\"},{\"@type\":\"ListItem\",\"position\":3,\"name\":\"Pochopte r\u016fzn\u00e9 t\u0159\u00eddy CFD aktiv\"}]},{\"@type\":\"WebSite\",\"@id\":\"https:\/\/www.etoro.com\/it\/#website\",\"url\":\"https:\/\/www.etoro.com\/it\/\",\"name\":\"eToro\",\"description\":\"\",\"publisher\":{\"@id\":\"https:\/\/www.etoro.com\/it\/#organization\"},\"potentialAction\":[{\"@type\":\"SearchAction\",\"target\":{\"@type\":\"EntryPoint\",\"urlTemplate\":\"https:\/\/www.etoro.com\/it\/?s={search_term_string}\"},\"query-input\":{\"@type\":\"PropertyValueSpecification\",\"valueRequired\":true,\"valueName\":\"search_term_string\"}}],\"inLanguage\":\"cs\"},[]]}<\/script>","yoast_head_json":{"title":"Co jsou t\u0159\u00eddy CFD aktiv? | Vysv\u011btlen\u00ed CFD aktiv","description":"V\u00edte, jak\u00e9 jsou hlavn\u00ed t\u0159\u00eddy CFD aktiv? My v\u00e1s s nimi sezn\u00e1m\u00edme a nau\u010d\u00edme v\u00e1s, jak rozpoznat p\u0159\u00edle\u017eitosti p\u0159i jejich obchodov\u00e1n\u00ed.","robots":{"index":"index","follow":"follow","max-snippet":"max-snippet:-1","max-image-preview":"max-image-preview:large","max-video-preview":"max-video-preview:-1"},"canonical":"https:\/\/www.etoro.com\/cs-cz\/wp-json\/wp\/v2\/pages\/1035198","og_locale":"cs_CZ","og_type":"article","og_title":"Co jsou t\u0159\u00eddy CFD aktiv? | Vysv\u011btlen\u00ed CFD aktiv","og_description":"V\u00edte, jak\u00e9 jsou hlavn\u00ed t\u0159\u00eddy CFD aktiv? My v\u00e1s s nimi sezn\u00e1m\u00edme a nau\u010d\u00edme v\u00e1s, jak rozpoznat p\u0159\u00edle\u017eitosti p\u0159i jejich obchodov\u00e1n\u00ed.","og_url":"https:\/\/www.etoro.com\/cs-cz\/wp-json\/wp\/v2\/pages\/1035198","og_site_name":"eToro","article_publisher":"https:\/\/www.facebook.com\/eToro\/","article_modified_time":"2025-12-02T14:12:43+00:00","og_image":[{"width":1200,"height":630,"url":"https:\/\/www.etoro.com\/wp-content\/uploads\/2025\/12\/CZ-Understanding-CFD-Asset-Groups-1200x630-1.png","type":"image\/png"}],"twitter_card":"summary_large_image","twitter_site":"@eToro","twitter_misc":{"Est. reading time":"6 minutes"},"schema":{"@context":"https:\/\/schema.org","@graph":[{"@type":"WebPage","@id":"https:\/\/www.etoro.com\/cs-cz\/trading\/cfd-asset-classes\/","url":"https:\/\/www.etoro.com\/cs-cz\/trading\/cfd-asset-classes\/","name":"Co jsou t\u0159\u00eddy CFD aktiv? | Vysv\u011btlen\u00ed CFD aktiv","isPartOf":{"@id":"https:\/\/www.etoro.com\/it\/#website"},"primaryImageOfPage":{"@id":"https:\/\/www.etoro.com\/cs-cz\/trading\/cfd-asset-classes\/#primaryimage"},"image":{"@id":"https:\/\/www.etoro.com\/cs-cz\/trading\/cfd-asset-classes\/#primaryimage"},"thumbnailUrl":"https:\/\/www.etoro.com\/wp-content\/uploads\/2025\/12\/CZ-Understanding-CFD-Asset-Groups-1200x630-1.png","datePublished":"2023-12-12T14:16:05+00:00","dateModified":"2025-12-02T14:12:43+00:00","description":"V\u00edte, jak\u00e9 jsou hlavn\u00ed t\u0159\u00eddy CFD aktiv? My v\u00e1s s nimi sezn\u00e1m\u00edme a nau\u010d\u00edme v\u00e1s, jak rozpoznat p\u0159\u00edle\u017eitosti p\u0159i jejich obchodov\u00e1n\u00ed.","breadcrumb":{"@id":"https:\/\/www.etoro.com\/cs-cz\/trading\/cfd-asset-classes\/#breadcrumb"},"inLanguage":"cs","potentialAction":[{"@type":"ReadAction","target":["https:\/\/www.etoro.com\/cs-cz\/trading\/cfd-asset-classes\/"]}]},{"@type":"ImageObject","inLanguage":"cs","@id":"https:\/\/www.etoro.com\/cs-cz\/trading\/cfd-asset-classes\/#primaryimage","url":"https:\/\/www.etoro.com\/wp-content\/uploads\/2025\/12\/CZ-Understanding-CFD-Asset-Groups-1200x630-1.png","contentUrl":"https:\/\/www.etoro.com\/wp-content\/uploads\/2025\/12\/CZ-Understanding-CFD-Asset-Groups-1200x630-1.png","width":1200,"height":630},{"@type":"BreadcrumbList","@id":"https:\/\/www.etoro.com\/cs-cz\/trading\/cfd-asset-classes\/#breadcrumb","itemListElement":[{"@type":"ListItem","position":1,"name":"Dom\u016f","item":"https:\/\/www.etoro.com\/it\/"},{"@type":"ListItem","position":2,"name":"OBCHODOV\u00c1N\u00cd","item":"https:\/\/www.etoro.com\/cs-cz\/trading\/"},{"@type":"ListItem","position":3,"name":"Pochopte r\u016fzn\u00e9 t\u0159\u00eddy CFD aktiv"}]},{"@type":"WebSite","@id":"https:\/\/www.etoro.com\/it\/#website","url":"https:\/\/www.etoro.com\/it\/","name":"eToro","description":"","publisher":{"@id":"https:\/\/www.etoro.com\/it\/#organization"},"potentialAction":[{"@type":"SearchAction","target":{"@type":"EntryPoint","urlTemplate":"https:\/\/www.etoro.com\/it\/?s={search_term_string}"},"query-input":{"@type":"PropertyValueSpecification","valueRequired":true,"valueName":"search_term_string"}}],"inLanguage":"cs"},[]]}},"_links":{"self":[{"href":"https:\/\/www.etoro.com\/cs-cz\/wp-json\/wp\/v2\/pages\/1035198"}],"collection":[{"href":"https:\/\/www.etoro.com\/cs-cz\/wp-json\/wp\/v2\/pages"}],"about":[{"href":"https:\/\/www.etoro.com\/cs-cz\/wp-json\/wp\/v2\/types\/page"}],"author":[{"embeddable":true,"href":"https:\/\/www.etoro.com\/cs-cz\/wp-json\/wp\/v2\/users\/98"}],"replies":[{"embeddable":true,"href":"https:\/\/www.etoro.com\/cs-cz\/wp-json\/wp\/v2\/comments?post=1035198"}],"version-history":[{"count":0,"href":"https:\/\/www.etoro.com\/cs-cz\/wp-json\/wp\/v2\/pages\/1035198\/revisions"}],"up":[{"embeddable":true,"href":"https:\/\/www.etoro.com\/cs-cz\/wp-json\/wp\/v2\/pages\/20057"}],"wp:featuredmedia":[{"embeddable":true,"href":"https:\/\/www.etoro.com\/cs-cz\/wp-json\/wp\/v2\/media\/1181543"}],"wp:attachment":[{"href":"https:\/\/www.etoro.com\/cs-cz\/wp-json\/wp\/v2\/media?parent=1035198"}],"wp:term":[{"taxonomy":"asset_type","embeddable":true,"href":"https:\/\/www.etoro.com\/cs-cz\/wp-json\/wp\/v2\/asset_type?post=1035198"}],"curies":[{"name":"wp","href":"https:\/\/api.w.org\/{rel}","templated":true}]}}