{"id":1109870,"date":"2024-02-07T12:21:56","date_gmt":"2024-02-07T10:21:56","guid":{"rendered":"https:\/\/www.etoro.com\/academy\/courses\/crypto-for-beginners\/"},"modified":"2025-12-09T14:57:59","modified_gmt":"2025-12-09T12:57:59","slug":"crypto-for-beginners","status":"publish","type":"page","link":"https:\/\/www.etoro.com\/cs-cz\/academy\/courses\/crypto-for-beginners\/","title":{"rendered":"Krypto pro za\u010d\u00e1te\u010dn\u00edky"},"content":{"rendered":"\n<div class=\"wp-block-etoro-hero has-dark-blue-background-color wp-block-etoro-hero-has-full-hd wp-block-etoro-hero-height-600\"><div class=\"wp-block-etoro-hero-image\"><img decoding=\"async\" src=\"https:\/\/www.etoro.com\/wp-content\/uploads\/2024\/02\/Header-image-960x600-1.png\" alt=\"\" class=\"wp-block-etoro-hero-thumbnail\"\/><img decoding=\"async\" src=\"https:\/\/www.etoro.com\/wp-content\/uploads\/2024\/02\/Header-Image-2048-x-600-3.png\" alt=\"\" class=\"wp-block-etoro-hero-thumbnail-full-hd\"\/><\/div><div class=\"wp-block-etoro-hero-body\">\n<h1 class=\"wp-block-heading is-style-banner-title\">Krypto pro <br><strong>za\u010d\u00e1te\u010dn\u00edky<\/strong><\/h1>\n\n\n\n<div class=\"wp-block-etoro-course-info wp-block-etoro-course-info-style-internal\"><div class=\"wp-block-etoro-course-info-item wp-block-etoro-course-info-item-lessons\">1 Lesson<\/div><div class=\"wp-block-etoro-course-info-item wp-block-etoro-course-info-item-duration\"><\/div><div class=\"wp-block-etoro-course-info-item wp-block-etoro-course-info-item-level\">V\u0161echny \u00farovn\u011b<\/div><\/div>\n<\/div><\/div>\n\n\n\n<section class=\"wp-block-group wp-block-group-boxed\"><div class=\"wp-block-group-inner is-layout-flow wp-block-group-is-layout-flow\">\n<div class=\"wp-block-columns are-vertically-aligned-top wp-block-columns-1 is-layout-flex wp-container-core-columns-is-layout-1 wp-block-columns-is-layout-flex\">\n<div class=\"wp-block-column wp-block-column-align-desktop-center wp-block-column-align-mobile-left is-layout-flow wp-block-column-is-layout-flow\">\n<p class=\"has-text-align-left is-style-heading-4\">N\u00e1\u0161 kurz pro za\u010d\u00e1te\u010dn\u00edky o kryptom\u011bn\u00e1ch v\u00e1m poskytne nejd\u016fle\u017eit\u011bj\u0161\u00ed informace pot\u0159ebn\u00e9 k tomu, abyste mohli za\u010d\u00edt investovat do kryptoaktiv.<\/p>\n<\/div>\n<\/div>\n\n\n\n<div class=\"wp-block-etoro-academy-progress\">\n    <div class=\"wp-block-etoro-academy-progress-number\">\n        Lesson 5 of 10    <\/div>\n    <div class=\"wp-block-etoro-academy-progress-bar\">\n        <div class=\"wp-block-etoro-academy-progress-bar-progress\" style=\"--etoro-academy-accent-color: #000021\"><\/div>\n    <\/div>\n    <div class=\"wp-block-etoro-academy-progress-footer\">\n        <div class=\"wp-block-etoro-academy-progress-title\">SLEDUJTE SVOU <strong>VZD\u011aL\u00c1VAC\u00cd CESTU<\/strong><\/div>\n        <div class=\"wp-block-etoro-academy-progress-button\">\n            <a\n                class=\"e-cta\"\n                data-not-default-mixpaneled=\"true\"\n                href=\"\/accounts\/sign-up\">\n                Registrace            <\/a>\n        <\/div>\n    <\/div>\n<\/div>\n\n<\/div><\/section>\n\n\n\n<section class=\"wp-block-group wp-block-group-boxed has-dark-blue-background-color has-background\"><div class=\"wp-block-group-inner is-layout-flow wp-block-group-is-layout-flow\">\n<div class=\"wp-block-columns are-vertically-aligned-top wp-block-columns-1 is-layout-flex wp-container-core-columns-is-layout-2 wp-block-columns-is-layout-flex\">\n<div class=\"wp-block-column is-layout-flow wp-block-column-is-layout-flow\">\n<h2 class=\"wp-block-heading\">Co se <strong>nau\u010d\u00edm<\/strong>?<\/h2>\n\n\n\n<hr class=\"wp-block-separator wp-block-separator-color-dark-grey wp-block-separator-spaces-medium wp-block-separator-weight-1\"\/>\n<\/div>\n<\/div>\n\n\n\n<div class=\"wp-block-columns are-vertically-aligned-top wp-block-columns-1 is-layout-flex wp-container-core-columns-is-layout-4 wp-block-columns-is-layout-flex\">\n<div class=\"wp-block-column is-layout-flow wp-block-column-is-layout-flow\">\n<div class=\"wp-block-columns are-vertically-aligned-top wp-block-columns-2 is-layout-flex wp-container-core-columns-is-layout-3 wp-block-columns-is-layout-flex\">\n<div class=\"wp-block-column is-layout-flow wp-block-column-is-layout-flow\">\n<ul class=\"wp-block-list wp-block-list wp-block-list-check\">\n<li>Jak funguj\u00ed kryptom\u011bny, technologie blockchainu a decentralizovan\u00e9 finance.<\/li>\n\n\n\n<li>Rozd\u00edly mezi mincemi a tokeny i zp\u016fsob fungov\u00e1n\u00ed kryptom\u011bnov\u00fdch pen\u011b\u017eenek.<\/li>\n<\/ul>\n<\/div>\n\n\n\n<div class=\"wp-block-column is-layout-flow wp-block-column-is-layout-flow\">\n<ul class=\"wp-block-list wp-block-list wp-block-list-check\">\n<li>Jak m\u016f\u017ee tr\u017en\u00ed kapitalizace a index Fear and Greed pomoci investor\u016fm rozhodovat o sv\u00fdch investic\u00edch.<\/li>\n\n\n\n<li>Jak si vytvo\u0159it efektivn\u00ed investi\u010dn\u00ed strategii do krypta a jak spravovat diverzifikovan\u00e9 portfolio.<\/li>\n<\/ul>\n<\/div>\n<\/div>\n<\/div>\n<\/div>\n<\/div><\/section>\n\n\n\n<section class=\"wp-block-group wp-block-group-boxed\"><div class=\"wp-block-group-inner is-layout-flow wp-block-group-is-layout-flow\">\n<div class=\"wp-block-columns are-vertically-aligned-top wp-block-columns-1 is-layout-flex wp-container-core-columns-is-layout-5 wp-block-columns-is-layout-flex\">\n<div class=\"wp-block-column is-layout-flow wp-block-column-is-layout-flow\">\n<h2 class=\"wp-block-heading\">Pro koho je <strong>tento kurz ur\u010den<\/strong>?<\/h2>\n\n\n\n<hr class=\"wp-block-separator wp-block-separator-color-dark-grey wp-block-separator-spaces-medium wp-block-separator-weight-1\"\/>\n\n\n\n<ul class=\"wp-block-list wp-block-list wp-block-list-circle\">\n<li>Za\u010d\u00e1te\u010dn\u00edci se z\u00e1jmem o investov\u00e1n\u00ed do kryptom\u011bn<\/li>\n\n\n\n<li>Investo\u0159i, kte\u0159\u00ed si p\u0159ej\u00ed pochopit tr\u017en\u00ed p\u0159\u00edle\u017eitosti<\/li>\n\n\n\n<li>Investo\u0159i, kte\u0159\u00ed cht\u011bj\u00ed zlep\u0161it v\u00fdkonnost sv\u00e9ho portfolia<\/li>\n<\/ul>\n<\/div>\n<\/div>\n<\/div><\/section>\n\n\n\n<section class=\"wp-block-group wp-block-group-boxed has-white-background-color has-background\"><div class=\"wp-block-group-inner is-layout-flow wp-block-group-is-layout-flow\">\n<div class=\"wp-block-columns are-vertically-aligned-top wp-block-columns-1 is-layout-flex wp-container-core-columns-is-layout-6 wp-block-columns-is-layout-flex\">\n<div class=\"wp-block-column is-layout-flow wp-block-column-is-layout-flow\">\n<h2 class=\"wp-block-heading\"><strong>Obsah kurzu<\/strong><\/h2>\n\n\n<\/div>\n<\/div>\n<\/div><\/section>\n\n\n\n<section class=\"wp-block-group wp-block-group-boxed has-dark-blue-background-color has-background\"><div class=\"wp-block-group-inner is-layout-flow wp-block-group-is-layout-flow\">\n<div class=\"wp-block-columns are-vertically-aligned-center wp-block-columns-2 is-layout-flex wp-container-core-columns-is-layout-7 wp-block-columns-is-layout-flex\">\n<div class=\"wp-block-column is-layout-flow wp-block-column-is-layout-flow\">\n<h2 class=\"wp-block-heading\"><strong>Popis<\/strong><\/h2>\n\n\n\n<p>Z\u00e1jemc\u016fm, kte\u0159\u00ed si p\u0159ej\u00ed dozv\u011bd\u011bt se v\u00edce o kryptu nebo do kryptom\u011bn investovat, pom\u016f\u017ee kurz Kryptom\u011bny pro za\u010d\u00e1te\u010dn\u00edky naj\u00edt ten spr\u00e1vn\u00fd za\u010d\u00e1tek. Zahrnuje nejd\u016fle\u017eit\u011bj\u0161\u00ed informace o kryptom\u011bn\u00e1ch, v\u010detn\u011b toho, co vlastn\u011b jsou a jak funguj\u00ed. Z\u00e1rove\u0148 nab\u00edz\u00ed vhled do r\u016fzn\u00fdch tr\u017en\u00edch p\u0159\u00edle\u017eitost\u00ed a strategi\u00ed, u kter\u00fdch se dozv\u00edte, jak k nim p\u0159istupovat.<\/p>\n\n\n\n<p>Kurz Krypto pro za\u010d\u00e1te\u010dn\u00edky byl vytvo\u0159en pro investory v\u0161ech \u00farovn\u00ed, jeliko\u017e obsahuje u\u017eite\u010dn\u00e9 informace jak pro za\u010d\u00ednaj\u00edc\u00ed, tak pokro\u010dilej\u0161\u00ed obchodn\u00edky &#8211; od t\u011bch, kte\u0159\u00ed si p\u0159ej\u00ed pochopit trh s kryptom\u011bnami podrobn\u011bji, a\u017e po ty, kte\u0159\u00ed maj\u00ed v \u00famyslu zlep\u0161it v\u00fdkonnost sv\u00e9ho portfolia.<\/p>\n\n\n\n<p>V pr\u016fb\u011bhu kurzu Krypto pro za\u010d\u00e1te\u010dn\u00edky jsou k dispozici kv\u00edzov\u00e9 ot\u00e1zky, kter\u00e9 lze postupn\u011b vyplnit. Aby se u\u017eivatel\u00e9 skute\u010dn\u011b v\u0161e pot\u0159ebn\u00e9 nau\u010dili, ke \u010dten\u00ed \u010dl\u00e1nk\u016f mohou vyu\u017e\u00edt tolik \u010dasu, kolik jen budou cht\u00edt.<\/p>\n\n\n\n<p>Po dokon\u010den\u00ed kurzu zva\u017ete vytvo\u0159en\u00ed \u00fa\u010dtu na <a href=\"https:\/\/www.etoro.com\/cs-cz\/accounts\/sign-up\">eToro<\/a> a za\u010dn\u011bte obchodovat s bitcoinem nebo jin\u00fdmi kryptoaktivy.<\/p>\n<\/div>\n\n\n\n<div class=\"wp-block-column is-layout-flow wp-block-column-is-layout-flow\">\n<figure class=\"wp-block-image size-full\"><img loading=\"lazy\" decoding=\"async\" width=\"576\" height=\"385\" src=\"https:\/\/www.etoro.com\/wp-content\/uploads\/2025\/12\/CZ-Crypto-Beginners-Course-576x385-3.png\" alt=\"\" class=\"wp-image-1187881 wp-image-desktop\" srcset=\"https:\/\/www.etoro.com\/wp-content\/uploads\/2025\/12\/CZ-Crypto-Beginners-Course-576x385-3.png 576w, https:\/\/www.etoro.com\/wp-content\/uploads\/2025\/12\/CZ-Crypto-Beginners-Course-576x385-3-300x201.png 300w\" sizes=\"(max-width: 576px) 100vw, 576px\" \/><\/figure>\n<\/div>\n<\/div>\n<\/div><\/section>\n\n\n\n<section class=\"wp-block-group wp-block-group-boxed\"><div class=\"wp-block-group-inner is-layout-flow wp-block-group-is-layout-flow\">\n<div class=\"wp-block-columns are-vertically-aligned-top wp-block-columns-1 is-layout-flex wp-container-core-columns-is-layout-8 wp-block-columns-is-layout-flex\">\n<div class=\"wp-block-column is-layout-flow wp-block-column-is-layout-flow\">\n<h2 class=\"wp-block-heading has-text-align-center\"><strong>Investujte do krypta na eToro<\/strong><\/h2>\n\n\n\n<p class=\"has-text-align-center\">Zaregistrujte sE na eToro a za\u010dn\u011bte investovat do bitcoinu a dal\u0161\u00edch kryptoaktiv.<\/p>\n\n\n\n<div class=\"wp-block-buttons is-content-justification-center is-layout-flex wp-container-core-buttons-is-layout-1 wp-block-buttons-is-layout-flex\">\n<a class=\"e-cta e-cta-primary\" href=\"http:\/\/www.etoro.com\/cs-cz\/accounts\/sign-up\">P\u0159idejte se nyn\u00ed<\/a>\n<\/div>\n<\/div>\n<\/div>\n<\/div><\/section>\n\n\n\n<section class=\"wp-block-group wp-block-group-boxed has-white-background-color has-background\"><div class=\"wp-block-group-inner is-layout-flow wp-block-group-is-layout-flow\">\n<div class=\"wp-block-columns are-vertically-aligned-top wp-block-columns-1 is-layout-flex wp-container-core-columns-is-layout-9 wp-block-columns-is-layout-flex\">\n<div class=\"wp-block-column is-layout-flow wp-block-column-is-layout-flow\">\n<h2 class=\"wp-block-heading has-text-align-center\">FAQ<\/h2>\n<\/div>\n<\/div>\n\n\n\n<dl class=\"wp-block-etoro-faq\">\n<div class=\"wp-block-etoro-faq-item\"><dt class=\"wp-block-etoro-faq-item-question\">Kolik stoj\u00ed kurz Krypto pro za\u010d\u00e1te\u010dn\u00edky?<\/dt><dd class=\"wp-block-etoro-faq-item-answer\">\n<p>Kurz Krypto pro za\u010d\u00e1te\u010dn\u00edky je zcela zdarma pro v\u0161echny u\u017eivatele, a\u0165 u\u017e m\u00e1te \u00fa\u010det na eToro, nebo ne.<\/p>\n<\/dd><\/div>\n\n\n\n<div class=\"wp-block-etoro-faq-item\"><dt class=\"wp-block-etoro-faq-item-question\">Je kurz Krypto pro za\u010d\u00e1te\u010dn\u00edky vhodn\u00fd pro za\u010d\u00ednaj\u00edc\u00ed investory?<\/dt><dd class=\"wp-block-etoro-faq-item-answer\">\n<p>Kurz Krypto pro za\u010d\u00e1te\u010dn\u00edky je vhodn\u00fd pro v\u0161echny investory, od \u00fapln\u00fdch za\u010d\u00e1te\u010dn\u00edk\u016f po zku\u0161en\u011bj\u0161\u00ed investory hledaj\u00edc\u00ed nov\u00e9 strategie pro spr\u00e1vu portfolia.<\/p>\n<\/dd><\/div>\n\n\n\n<div class=\"wp-block-etoro-faq-item\"><dt class=\"wp-block-etoro-faq-item-question\">Jak dlouho zabere dokon\u010den\u00ed kurzu Krypto pro za\u010d\u00e1te\u010dn\u00edky?<\/dt><dd class=\"wp-block-etoro-faq-item-answer\">\n<p>Kurz Krypto pro za\u010d\u00e1te\u010dn\u00edky nen\u00ed \u010dasov\u011b omezen &#8211; jeho dokon\u010den\u00ed by v\u0161ak m\u011blo trvat p\u0159ibli\u017en\u011b jednu hodinu. Nezapome\u0148te, \u017ee kurz lze dokon\u010dit v n\u011bkolika f\u00e1z\u00edch, tak\u017ee si jej m\u016f\u017eete rozpl\u00e1novat p\u0159esn\u011b dle va\u0161ich \u010dasov\u00fdch mo\u017enost\u00ed.<\/p>\n<\/dd><\/div>\n\n\n\n<div class=\"wp-block-etoro-faq-item\"><dt class=\"wp-block-etoro-faq-item-question\">Kdo vytvo\u0159il kurz Krypto pro za\u010d\u00e1te\u010dn\u00edky?<\/dt><dd class=\"wp-block-etoro-faq-item-answer\">\n<p>Kurz Krypto pro za\u010d\u00e1te\u010dn\u00edky vytvo\u0159ili experti na krypto ze spole\u010dnosti eToro.<\/p>\n<\/dd><\/div>\n<\/dl>\n<\/div><\/section>\n","protected":false},"excerpt":{"rendered":"<p>Absolvujte n\u00e1\u0161 bezplatn\u00fd online kurz, ve kter\u00e9m se dozv\u00edte z\u00e1klady o kryptom\u011bn\u00e1ch, ale i jak funguj\u00ed a jak do nich investovat.<\/p>\n","protected":false},"author":96,"featured_media":1187855,"parent":704217,"menu_order":0,"comment_status":"closed","ping_status":"closed","template":"templates\/academy-taxonomy-page.php","meta":{"_acf_changed":true,"inline_featured_image":false,"sticky_cta_settings":"","footnotes":""},"asset_type":[6602],"class_list":["post-1109870","page","type-page","status-publish","has-post-thumbnail","hentry","asset_type-is-crypto"],"acf":[],"yoast_head":"<title>Krypto pro za\u010d\u00e1te\u010dn\u00edky: online kurz zdarma | eToro<\/title>\n<meta name=\"description\" content=\"Absolvujte n\u00e1\u0161 bezplatn\u00fd online kurz, ve kter\u00e9m se dozv\u00edte z\u00e1klady o kryptom\u011bn\u00e1ch, ale i jak funguj\u00ed a jak do nich investovat.\" \/>\n<meta name=\"robots\" content=\"index, follow, max-snippet:-1, max-image-preview:large, max-video-preview:-1\" \/>\n<link rel=\"canonical\" href=\"https:\/\/www.etoro.com\/cs-cz\/wp-json\/wp\/v2\/pages\/1109870\" \/>\n<meta property=\"og:locale\" content=\"cs_CZ\" \/>\n<meta property=\"og:type\" content=\"article\" \/>\n<meta property=\"og:title\" content=\"Krypto pro za\u010d\u00e1te\u010dn\u00edky: online kurz zdarma | eToro\" \/>\n<meta property=\"og:description\" content=\"Absolvujte n\u00e1\u0161 bezplatn\u00fd online kurz, ve kter\u00e9m se dozv\u00edte z\u00e1klady o kryptom\u011bn\u00e1ch, ale i jak funguj\u00ed a jak do nich investovat.\" \/>\n<meta property=\"og:url\" content=\"https:\/\/www.etoro.com\/cs-cz\/wp-json\/wp\/v2\/pages\/1109870\" \/>\n<meta property=\"og:site_name\" content=\"eToro\" \/>\n<meta property=\"article:publisher\" content=\"https:\/\/www.facebook.com\/eToro\/\" \/>\n<meta property=\"article:modified_time\" content=\"2025-12-09T12:57:59+00:00\" \/>\n<meta property=\"og:image\" content=\"https:\/\/www.etoro.com\/wp-content\/uploads\/2025\/12\/CZ-Crypto-Beginners-Course-1200x630-2.png\" \/>\n\t<meta property=\"og:image:width\" content=\"1200\" \/>\n\t<meta property=\"og:image:height\" content=\"630\" \/>\n\t<meta property=\"og:image:type\" content=\"image\/png\" \/>\n<meta name=\"twitter:card\" content=\"summary_large_image\" \/>\n<meta name=\"twitter:site\" content=\"@eToro\" \/>\n<meta name=\"twitter:label1\" content=\"Est. reading time\" \/>\n\t<meta name=\"twitter:data1\" content=\"3 minutes\" \/>\n<script type=\"application\/ld+json\" class=\"yoast-schema-graph\">{\"@context\":\"https:\/\/schema.org\",\"@graph\":[{\"@type\":\"WebPage\",\"@id\":\"https:\/\/www.etoro.com\/cs-cz\/academy\/courses\/crypto-for-beginners\/\",\"url\":\"https:\/\/www.etoro.com\/cs-cz\/academy\/courses\/crypto-for-beginners\/\",\"name\":\"Krypto pro za\u010d\u00e1te\u010dn\u00edky: online kurz zdarma | eToro\",\"isPartOf\":{\"@id\":\"https:\/\/www.etoro.com\/cs-cz\/#website\"},\"primaryImageOfPage\":{\"@id\":\"https:\/\/www.etoro.com\/cs-cz\/academy\/courses\/crypto-for-beginners\/#primaryimage\"},\"image\":{\"@id\":\"https:\/\/www.etoro.com\/cs-cz\/academy\/courses\/crypto-for-beginners\/#primaryimage\"},\"thumbnailUrl\":\"https:\/\/www.etoro.com\/wp-content\/uploads\/2025\/12\/CZ-Crypto-Beginners-Course-1200x630-2.png\",\"datePublished\":\"2024-02-07T10:21:56+00:00\",\"dateModified\":\"2025-12-09T12:57:59+00:00\",\"description\":\"Absolvujte n\u00e1\u0161 bezplatn\u00fd online kurz, ve kter\u00e9m se dozv\u00edte z\u00e1klady o kryptom\u011bn\u00e1ch, ale i jak funguj\u00ed a jak do nich investovat.\",\"breadcrumb\":{\"@id\":\"https:\/\/www.etoro.com\/cs-cz\/academy\/courses\/crypto-for-beginners\/#breadcrumb\"},\"inLanguage\":\"cs\",\"potentialAction\":[{\"@type\":\"ReadAction\",\"target\":[\"https:\/\/www.etoro.com\/cs-cz\/academy\/courses\/crypto-for-beginners\/\"]}]},{\"@type\":\"ImageObject\",\"inLanguage\":\"cs\",\"@id\":\"https:\/\/www.etoro.com\/cs-cz\/academy\/courses\/crypto-for-beginners\/#primaryimage\",\"url\":\"https:\/\/www.etoro.com\/wp-content\/uploads\/2025\/12\/CZ-Crypto-Beginners-Course-1200x630-2.png\",\"contentUrl\":\"https:\/\/www.etoro.com\/wp-content\/uploads\/2025\/12\/CZ-Crypto-Beginners-Course-1200x630-2.png\",\"width\":1200,\"height\":630},{\"@type\":\"BreadcrumbList\",\"@id\":\"https:\/\/www.etoro.com\/cs-cz\/academy\/courses\/crypto-for-beginners\/#breadcrumb\",\"itemListElement\":[{\"@type\":\"ListItem\",\"position\":1,\"name\":\"Dom\u016f\",\"item\":\"https:\/\/www.etoro.com\/cs-cz\/\"},{\"@type\":\"ListItem\",\"position\":2,\"name\":\"eToro Academy\",\"item\":\"https:\/\/www.etoro.com\/cs-cz\/academy\/\"},{\"@type\":\"ListItem\",\"position\":3,\"name\":\"Courses\",\"item\":\"https:\/\/www.etoro.com\/cs-cz\/academy\/courses\/\"},{\"@type\":\"ListItem\",\"position\":4,\"name\":\"Krypto pro za\u010d\u00e1te\u010dn\u00edky\"}]},{\"@type\":\"WebSite\",\"@id\":\"https:\/\/www.etoro.com\/cs-cz\/#website\",\"url\":\"https:\/\/www.etoro.com\/cs-cz\/\",\"name\":\"eToro\",\"description\":\"\",\"publisher\":{\"@id\":\"https:\/\/www.etoro.com\/cs-cz\/#organization\"},\"potentialAction\":[{\"@type\":\"SearchAction\",\"target\":{\"@type\":\"EntryPoint\",\"urlTemplate\":\"https:\/\/www.etoro.com\/cs-cz\/?s={search_term_string}\"},\"query-input\":{\"@type\":\"PropertyValueSpecification\",\"valueRequired\":true,\"valueName\":\"search_term_string\"}}],\"inLanguage\":\"cs\"},[]]}<\/script>","yoast_head_json":{"title":"Krypto pro za\u010d\u00e1te\u010dn\u00edky: online kurz zdarma | eToro","description":"Absolvujte n\u00e1\u0161 bezplatn\u00fd online kurz, ve kter\u00e9m se dozv\u00edte z\u00e1klady o kryptom\u011bn\u00e1ch, ale i jak funguj\u00ed a jak do nich investovat.","robots":{"index":"index","follow":"follow","max-snippet":"max-snippet:-1","max-image-preview":"max-image-preview:large","max-video-preview":"max-video-preview:-1"},"canonical":"https:\/\/www.etoro.com\/cs-cz\/wp-json\/wp\/v2\/pages\/1109870","og_locale":"cs_CZ","og_type":"article","og_title":"Krypto pro za\u010d\u00e1te\u010dn\u00edky: online kurz zdarma | eToro","og_description":"Absolvujte n\u00e1\u0161 bezplatn\u00fd online kurz, ve kter\u00e9m se dozv\u00edte z\u00e1klady o kryptom\u011bn\u00e1ch, ale i jak funguj\u00ed a jak do nich investovat.","og_url":"https:\/\/www.etoro.com\/cs-cz\/wp-json\/wp\/v2\/pages\/1109870","og_site_name":"eToro","article_publisher":"https:\/\/www.facebook.com\/eToro\/","article_modified_time":"2025-12-09T12:57:59+00:00","og_image":[{"width":1200,"height":630,"url":"https:\/\/www.etoro.com\/wp-content\/uploads\/2025\/12\/CZ-Crypto-Beginners-Course-1200x630-2.png","type":"image\/png"}],"twitter_card":"summary_large_image","twitter_site":"@eToro","twitter_misc":{"Est. reading time":"3 minutes"},"schema":{"@context":"https:\/\/schema.org","@graph":[{"@type":"WebPage","@id":"https:\/\/www.etoro.com\/cs-cz\/academy\/courses\/crypto-for-beginners\/","url":"https:\/\/www.etoro.com\/cs-cz\/academy\/courses\/crypto-for-beginners\/","name":"Krypto pro za\u010d\u00e1te\u010dn\u00edky: online kurz zdarma | eToro","isPartOf":{"@id":"https:\/\/www.etoro.com\/cs-cz\/#website"},"primaryImageOfPage":{"@id":"https:\/\/www.etoro.com\/cs-cz\/academy\/courses\/crypto-for-beginners\/#primaryimage"},"image":{"@id":"https:\/\/www.etoro.com\/cs-cz\/academy\/courses\/crypto-for-beginners\/#primaryimage"},"thumbnailUrl":"https:\/\/www.etoro.com\/wp-content\/uploads\/2025\/12\/CZ-Crypto-Beginners-Course-1200x630-2.png","datePublished":"2024-02-07T10:21:56+00:00","dateModified":"2025-12-09T12:57:59+00:00","description":"Absolvujte n\u00e1\u0161 bezplatn\u00fd online kurz, ve kter\u00e9m se dozv\u00edte z\u00e1klady o kryptom\u011bn\u00e1ch, ale i jak funguj\u00ed a jak do nich investovat.","breadcrumb":{"@id":"https:\/\/www.etoro.com\/cs-cz\/academy\/courses\/crypto-for-beginners\/#breadcrumb"},"inLanguage":"cs","potentialAction":[{"@type":"ReadAction","target":["https:\/\/www.etoro.com\/cs-cz\/academy\/courses\/crypto-for-beginners\/"]}]},{"@type":"ImageObject","inLanguage":"cs","@id":"https:\/\/www.etoro.com\/cs-cz\/academy\/courses\/crypto-for-beginners\/#primaryimage","url":"https:\/\/www.etoro.com\/wp-content\/uploads\/2025\/12\/CZ-Crypto-Beginners-Course-1200x630-2.png","contentUrl":"https:\/\/www.etoro.com\/wp-content\/uploads\/2025\/12\/CZ-Crypto-Beginners-Course-1200x630-2.png","width":1200,"height":630},{"@type":"BreadcrumbList","@id":"https:\/\/www.etoro.com\/cs-cz\/academy\/courses\/crypto-for-beginners\/#breadcrumb","itemListElement":[{"@type":"ListItem","position":1,"name":"Dom\u016f","item":"https:\/\/www.etoro.com\/cs-cz\/"},{"@type":"ListItem","position":2,"name":"eToro Academy","item":"https:\/\/www.etoro.com\/cs-cz\/academy\/"},{"@type":"ListItem","position":3,"name":"Courses","item":"https:\/\/www.etoro.com\/cs-cz\/academy\/courses\/"},{"@type":"ListItem","position":4,"name":"Krypto pro za\u010d\u00e1te\u010dn\u00edky"}]},{"@type":"WebSite","@id":"https:\/\/www.etoro.com\/cs-cz\/#website","url":"https:\/\/www.etoro.com\/cs-cz\/","name":"eToro","description":"","publisher":{"@id":"https:\/\/www.etoro.com\/cs-cz\/#organization"},"potentialAction":[{"@type":"SearchAction","target":{"@type":"EntryPoint","urlTemplate":"https:\/\/www.etoro.com\/cs-cz\/?s={search_term_string}"},"query-input":{"@type":"PropertyValueSpecification","valueRequired":true,"valueName":"search_term_string"}}],"inLanguage":"cs"},[]]}},"_links":{"self":[{"href":"https:\/\/www.etoro.com\/cs-cz\/wp-json\/wp\/v2\/pages\/1109870"}],"collection":[{"href":"https:\/\/www.etoro.com\/cs-cz\/wp-json\/wp\/v2\/pages"}],"about":[{"href":"https:\/\/www.etoro.com\/cs-cz\/wp-json\/wp\/v2\/types\/page"}],"author":[{"embeddable":true,"href":"https:\/\/www.etoro.com\/cs-cz\/wp-json\/wp\/v2\/users\/96"}],"replies":[{"embeddable":true,"href":"https:\/\/www.etoro.com\/cs-cz\/wp-json\/wp\/v2\/comments?post=1109870"}],"version-history":[{"count":0,"href":"https:\/\/www.etoro.com\/cs-cz\/wp-json\/wp\/v2\/pages\/1109870\/revisions"}],"up":[{"embeddable":true,"href":"https:\/\/www.etoro.com\/cs-cz\/wp-json\/wp\/v2\/pages\/704217"}],"wp:featuredmedia":[{"embeddable":true,"href":"https:\/\/www.etoro.com\/cs-cz\/wp-json\/wp\/v2\/media\/1187855"}],"wp:attachment":[{"href":"https:\/\/www.etoro.com\/cs-cz\/wp-json\/wp\/v2\/media?parent=1109870"}],"wp:term":[{"taxonomy":"asset_type","embeddable":true,"href":"https:\/\/www.etoro.com\/cs-cz\/wp-json\/wp\/v2\/asset_type?post=1109870"}],"curies":[{"name":"wp","href":"https:\/\/api.w.org\/{rel}","templated":true}]}}