{"id":1116063,"date":"2025-08-06T17:52:05","date_gmt":"2025-08-06T14:52:05","guid":{"rendered":"https:\/\/www.etoro.com\/?page_id=1116063"},"modified":"2025-08-07T14:28:55","modified_gmt":"2025-08-07T11:28:55","slug":"tori","status":"publish","type":"page","link":"https:\/\/www.etoro.com\/cs-cz\/trading\/platforms\/tori\/","title":{"rendered":"Tori"},"content":{"rendered":"\n<div class=\"wp-block-etoro-half-cover has-white-background-color\">\n<div class=\"wp-block-etoro-half-cover-left\"><p id=\"breadcrumbs\" class=\"gray-dark\"><span><span><a href=\"https:\/\/www.etoro.com\/cs-cz\/\">Dom\u016f<\/a><\/span><\/span><\/p>\n<h1 class=\"wp-block-heading is-style-banner-title\"><strong>TORI<\/strong>V\u00e1\u0161 investi\u010dn\u00ed AI spole\u010dn\u00edk<\/h1>\n\n\n\n<p>Chyt\u0159ej\u0161\u00ed rozhodnut\u00ed Rychlej\u0161\u00ed odpov\u011bdi. Personalizovan\u00e9 post\u0159ehy.<br><\/p>\n\n\n\n<div class=\"wp-block-buttons is-layout-flex wp-block-buttons-is-layout-flex\">\n<a class=\"e-cta e-cta-primary\" href=\"http:\/\/etoro.com\/home?bscarousel=tori_intro_carousel\">Zkuste Tori<\/a>\n<\/div>\n<\/div>\n\n\n\n<div class=\"wp-block-etoro-half-cover-right\">\n<img decoding=\"async\" src=\"https:\/\/www.etoro.com\/wp-content\/uploads\/2025\/08\/Tori_main_desktop.png\" alt=\"\" class=\"wp-block-etoro-half-cover-media\"\/><img decoding=\"async\" src=\"https:\/\/www.etoro.com\/wp-content\/uploads\/2025\/08\/Tori_Desktop-1.png\" alt=\"\" class=\"wp-block-etoro-half-cover-media-desktop\"\/><img decoding=\"async\" src=\"https:\/\/www.etoro.com\/wp-content\/uploads\/2025\/08\/Tori_tablet.png\" alt=\"\" class=\"wp-block-etoro-half-cover-media-tablet\"\/><img decoding=\"async\" src=\"https:\/\/www.etoro.com\/wp-content\/uploads\/2025\/08\/Tori_mobile.png\" alt=\"\" class=\"wp-block-etoro-half-cover-media-mobile\"\/>\n<\/div>\n<\/div>\n\n\n\n<section class=\"wp-block-group wp-block-group-boxed\"><div class=\"wp-block-group-inner is-layout-flow wp-block-group-is-layout-flow\">\n<h2 class=\"wp-block-heading has-text-align-center\"><b class=\"wp-etoro-format-colored-green\">Objevujte,<\/b> <strong>u\u010dte se,<\/strong> <b class=\"wp-etoro-format-colored-green\">analyzujte<\/b><\/h2>\n\n\n\n<p class=\"has-text-align-center\">Tori p\u0159in\u00e1\u0161\u00ed data, post\u0159ehy a anal\u00fdzy v jednom jednoduch\u00e9m a interaktivn\u00edm chatu.<\/p>\n<\/div><\/section>\n\n\n\n<section class=\"wp-block-group wp-block-group-boxed has-white-background-color has-background\"><div class=\"wp-block-group-inner is-layout-flow wp-block-group-is-layout-flow\">\n<div class=\"wp-block-columns are-vertically-aligned-center wp-block-columns-2 is-layout-flex wp-container-core-columns-is-layout-1 wp-block-columns-is-layout-flex\">\n<div class=\"wp-block-column is-layout-flow wp-block-column-is-layout-flow\">\n<figure class=\"wp-block-image size-full wp-block-image-has-mobile\"><img loading=\"lazy\" decoding=\"async\" width=\"1152\" height=\"800\" src=\"https:\/\/www.etoro.com\/wp-content\/uploads\/2025\/08\/Cube-desktop-X2-3-3.gif\" alt=\"\" class=\"wp-image-1116229 wp-image-desktop\"\/><img loading=\"lazy\" decoding=\"async\" width=\"1152\" height=\"800\" src=\"https:\/\/www.etoro.com\/wp-content\/uploads\/2025\/08\/Cube-mobile-X23-2.gif\" alt=\"\" class=\"wp-image-1116254 wp-image-mobile\"\/><\/figure>\n\n\n\n<p class=\"is-style-disclaimer\">Jen pro ilustraci<\/p>\n<\/div>\n\n\n\n<div class=\"wp-block-column is-text-column is-layout-flow wp-block-column-is-layout-flow\">\n<p class=\"is-style-heading-2\"><strong>Objevte <b class=\"wp-etoro-format-colored-green\">nov\u00e9 investi\u010dn\u00ed p\u0159\u00edle\u017eitosti<\/b><\/strong><\/p>\n\n\n\n<p>S ka\u017edou ot\u00e1zkou, &nbsp;kterou polo\u017e\u00edte, v\u00e1m Tori poskytne jasn\u00e1, aktu\u00e1ln\u00ed data &nbsp;a p\u0159ehledy&nbsp;, kter\u00e9 odhaluj\u00ed investi\u010dn\u00ed p\u0159\u00edle\u017eitosti.<\/p>\n\n\n\n<div class=\"wp-block-buttons is-layout-flex wp-block-buttons-is-layout-flex\">\n<a class=\"e-cta e-cta-primary\" href=\"http:\/\/etoro.com\/home?bscarousel=tori_intro_carousel\">Zeptejte se Tori<\/a>\n<\/div>\n<\/div>\n<\/div>\n<\/div><\/section>\n\n\n\n<section class=\"wp-block-group wp-block-group-boxed has-dark-blue-background-color has-background\"><div class=\"wp-block-group-inner is-layout-flow wp-block-group-is-layout-flow\">\n<div class=\"wp-block-columns are-vertically-aligned-center wp-block-columns-2 is-layout-flex wp-container-core-columns-is-layout-2 wp-block-columns-is-layout-flex\">\n<div class=\"wp-block-column is-text-column is-layout-flow wp-block-column-is-layout-flow\">\n<h2 class=\"wp-block-heading\"><strong><b class=\"wp-etoro-format-colored-green\">Z\u00edskejte tr\u017en\u00ed informace<\/b> p\u0159izp\u016fsoben\u00e9 va\u0161im z\u00e1jm\u016fm<\/strong><\/h2>\n\n\n\n<p>Tori prom\u011bn\u00ed va\u0161e ot\u00e1zky v u\u017eite\u010dn\u00e9 post\u0159ehy. Z\u00edskejte anal\u00fdzu na vy\u017e\u00e1d\u00e1n\u00ed a z\u016fsta\u0148te informov\u00e1ni, vyv\u00e1\u017een\u00ed a pod kontrolou.<\/p>\n\n\n\n<div class=\"wp-block-buttons is-layout-flex wp-block-buttons-is-layout-flex\">\n<a class=\"e-cta e-cta-primary\" href=\"http:\/\/etoro.com\/home?bscarousel=tori_intro_carousel\">Analyzujte s Tori<\/a>\n<\/div>\n<\/div>\n\n\n\n<div class=\"wp-block-column is-layout-flow wp-block-column-is-layout-flow\">\n<p class=\"is-style-disclaimer\"><\/p>\n\n\n\n<figure class=\"wp-block-video\"><video autoplay loop muted src=\"https:\/\/www.etoro.com\/wp-content\/uploads\/2025\/08\/Question-desktop-option-3-X2-1-1.mp4\" playsinline><\/video><\/figure>\n\n\n\n<p class=\"is-style-disclaimer\">Jen pro ilustraci<\/p>\n<\/div>\n<\/div>\n<\/div><\/section>\n\n\n\n<section class=\"wp-block-group wp-block-group-boxed has-white-background-color has-background\"><div class=\"wp-block-group-inner is-layout-flow wp-block-group-is-layout-flow\">\n<div class=\"wp-block-columns are-vertically-aligned-center wp-block-columns-2 is-layout-flex wp-container-core-columns-is-layout-3 wp-block-columns-is-layout-flex\">\n<div class=\"wp-block-column is-layout-flow wp-block-column-is-layout-flow\">\n<figure class=\"wp-block-image size-full\"><img loading=\"lazy\" decoding=\"async\" width=\"576\" height=\"400\" src=\"https:\/\/www.etoro.com\/wp-content\/uploads\/2025\/08\/Level-up-your-investing-knowledge.png\" alt=\"\" class=\"wp-image-1112883 wp-image-desktop\" srcset=\"https:\/\/www.etoro.com\/wp-content\/uploads\/2025\/08\/Level-up-your-investing-knowledge.png 576w, https:\/\/www.etoro.com\/wp-content\/uploads\/2025\/08\/Level-up-your-investing-knowledge-300x208.png 300w\" sizes=\"(max-width: 576px) 100vw, 576px\" \/><\/figure>\n<\/div>\n\n\n\n<div class=\"wp-block-column is-text-column is-layout-flow wp-block-column-is-layout-flow\">\n<h2 class=\"wp-block-heading\"><strong>Zvy\u0161te <b class=\"wp-etoro-format-colored-green\">sv\u00e9 znalosti v oblasti investov\u00e1n\u00ed<\/b><\/strong><\/h2>\n\n\n\n<p>Sta\u010d\u00ed se zeptat a Tori v\u00e1m z <a href=\"https:\/\/www.etoro.com\/cs-cz\/academy\/\">Akademie eToro <\/a>&nbsp;p\u0159inese lekce, tipy a pr\u016fvodce p\u0159izp\u016fsoben\u00e9 na m\u00edru, kter\u00e9 v\u00e1m pomohou roz\u0161i\u0159ovat si znalosti v oblasti investov\u00e1n\u00ed za pochodu.<\/p>\n\n\n\n<div class=\"wp-block-buttons is-layout-flex wp-block-buttons-is-layout-flex\">\n<a class=\"e-cta e-cta-primary\" href=\"http:\/\/etoro.com\/home?bscarousel=tori_intro_carousel\">U\u010dte se s Tori<\/a>\n<\/div>\n<\/div>\n<\/div>\n<\/div><\/section>\n\n\n\n<section class=\"wp-block-group wp-block-group-boxed has-dark-blue-background-color has-background\"><div class=\"wp-block-group-inner is-layout-flow wp-block-group-is-layout-flow\">\n<h2 class=\"wp-block-heading has-text-align-center\"><strong>Ka\u017ed\u00fdm dnem chyt\u0159ej\u0161\u00ed, <b class=\"wp-etoro-format-colored-green\">ale v srdci st\u00e1le \u010dlov\u011bk<\/b><\/strong><\/h2>\n\n\n\n<p class=\"has-text-align-center\">Tori je zde, aby vylep\u0161ila Va\u0161e zku\u0161enosti s investov\u00e1n\u00edm, a nikoli nahradila lidsk\u00fd kontakt. V\u017edy, kdy\u017e budete pot\u0159ebovat osobn\u00ed podporu nebo pomoc odborn\u00edka, budete se m\u00edt mo\u017enost spojit s na\u0161\u00edm t\u00fdmem z\u00e1kaznick\u00fdch slu\u017eeb.<\/p>\n\n\n\n<p class=\"has-text-align-center\">Stejn\u011b jako jak\u00fdkoli jin\u00fd produkt vyu\u017e\u00edvaj\u00edc\u00ed um\u011blou inteligenci se i Tori neust\u00e1le u\u010d\u00ed a zlep\u0161uje. Sna\u017e\u00edme se, aby Tori byla chyt\u0159ej\u0161\u00ed, p\u0159esn\u011bj\u0161\u00ed a u\u017eite\u010dn\u011bj\u0161\u00ed, tak\u017ee Va\u0161e prost\u0159ed\u00ed se bude v pr\u016fb\u011bhu \u010dasu zlep\u0161ovat.<\/p>\n\n\n\n<div class=\"wp-block-buttons is-content-justification-center is-layout-flex wp-container-core-buttons-is-layout-5 wp-block-buttons-is-layout-flex\">\n<a class=\"e-cta e-cta-primary\" href=\"http:\/\/etoro.com\/home?bscarousel=tori_intro_carousel\"><strong>&nbsp;<\/strong>Zeptejte se Tori<\/a>\n<\/div>\n\n\n\n<p class=\"has-text-align-center is-style-disclaimer\">*Postupn\u00e9 zav\u00e1d\u011bn\u00ed. Nyn\u00ed dostupn\u00e9 pro vybran\u00e9 u\u017eivatele ve vybran\u00fdch regionech.<\/p>\n<\/div><\/section>\n\n\n\n<section class=\"wp-block-group wp-block-group-boxed has-white-background-color has-background\"><div class=\"wp-block-group-inner is-layout-flow wp-block-group-is-layout-flow\">\n<h2 class=\"wp-block-heading has-text-align-center\">FAQ<\/h2>\n\n\n\n<dl class=\"wp-block-etoro-faq\">\n<div class=\"wp-block-etoro-faq-item\"><dt class=\"wp-block-etoro-faq-item-question\">Co je Tori?<br><\/dt><dd class=\"wp-block-etoro-faq-item-answer\">\n<p>Tori je investi\u010dn\u00ed spole\u010dn\u00edk spole\u010dnosti eToro vyu\u017e\u00edvaj\u00edc\u00ed AI. Pom\u016f\u017ee v\u00e1m prozkoumat trhy, analyzovat portfolio, dozv\u011bd\u011bt se v\u00edce o investov\u00e1n\u00ed a zorientovat se na platform\u011b \u2013 to v\u0161e prost\u0159ednictv\u00edm jednoduch\u00e9ho a p\u0159irozen\u00e9ho chatu.<\/p>\n<\/dd><\/div>\n\n\n\n<div class=\"wp-block-etoro-faq-item\"><dt class=\"wp-block-etoro-faq-item-question\">Jak se dostanu k Tori?<\/dt><dd class=\"wp-block-etoro-faq-item-answer\">\n<p>Ikonu Tori naleznete v prav\u00e9m horn\u00edm rohu hlavn\u00edch obrazovek platformy eToro, jako jsou str\u00e1nky Objevit, Portfolio a Aktiva. Klepnut\u00edm na n\u011bj otev\u0159ete chat. Tori v\u00e1m podle polohy nab\u00eddne ot\u00e1zky na m\u00edru, ale zeptat se m\u016f\u017eete na cokoliv, kdykoliv.<\/p>\n<\/dd><\/div>\n\n\n\n<div class=\"wp-block-etoro-faq-item\"><dt class=\"wp-block-etoro-faq-item-question\">Na co se mohu Tori zeptat?<\/dt><dd class=\"wp-block-etoro-faq-item-answer\">\n<p>T\u00e9m\u011b\u0159 v\u0161e, co souvis\u00ed s investov\u00e1n\u00edm! P\u0159\u00edklad:<\/p>\n\n\n\n<p>\u201ePorovnat Tesla a Nvidia\u201c<\/p>\n\n\n\n<p>\u201eCo je technick\u00e1 anal\u00fdza?\u201c<\/p>\n\n\n\n<p>\u201eJak\u00e9 jsou nejobl\u00edben\u011bj\u0161\u00ed akcie?\u201c<\/p>\n\n\n\n<p>\u201eKde najdu sv\u016fj v\u00fdsledkov\u00fd kalend\u00e1\u0159?\u201c<\/p>\n\n\n\n<p>Tori V\u00e1m poskytne jasn\u00e9 odpov\u011bdi v re\u00e1ln\u00e9m \u010dase p\u0159izp\u016fsoben\u00e9 Va\u0161emu po\u017eadavku<\/p>\n<\/dd><\/div>\n\n\n\n<div class=\"wp-block-etoro-faq-item\"><dt class=\"wp-block-etoro-faq-item-question\">M\u016f\u017ee Tori analyzovat m\u00e9 portfolio?<\/dt><dd class=\"wp-block-etoro-faq-item-answer\">\n<p>Ano \u2013 pokud je va\u0161e portfolio ve\u0159ejn\u00e9. Tori m\u016f\u017ee poskytnout obecn\u00e9 post\u0159ehy o slo\u017een\u00ed va\u0161eho portfolia, jako je nap\u0159\u00edklad koncentrace aktiv a vystaven\u00ed sektoru. Pokud je va\u0161e portfolio soukrom\u00e9, Tori k n\u011bmu nebude m\u00edt p\u0159\u00edstup.<\/p>\n<\/dd><\/div>\n\n\n\n<div class=\"wp-block-etoro-faq-item\"><dt class=\"wp-block-etoro-faq-item-question\">Je Tori skute\u010dn\u011b AI?<\/dt><dd class=\"wp-block-etoro-faq-item-answer\">\n<p>Ano, spole\u010dnost Tori vyu\u017e\u00edv\u00e1 pokro\u010dilou technologii AI, kterou vyvinula spole\u010dnost eToro. V n\u011bkter\u00fdch p\u0159\u00edpadech tak\u00e9 pou\u017e\u00edv\u00e1 p\u0159eddefinovan\u00e9 toky nebo logiku chatbota ke zv\u00fd\u0161en\u00ed spolehlivosti.<\/p>\n<\/dd><\/div>\n\n\n\n<div class=\"wp-block-etoro-faq-item\"><dt class=\"wp-block-etoro-faq-item-question\">M\u016f\u017ee Tori poskytnout investi\u010dn\u00ed poradenstv\u00ed?<\/dt><dd class=\"wp-block-etoro-faq-item-answer\">\n<p>Ne. Tori neposkytuje finan\u010dn\u00ed ani investi\u010dn\u00ed poradenstv\u00ed. Nab\u00edz\u00ed post\u0159ehy, vzd\u011bl\u00e1v\u00e1n\u00ed a rady, kter\u00e9 v\u00e1m pomohou d\u011blat informovan\u011bj\u0161\u00ed rozhodnut\u00ed \u2013 ale kone\u010dn\u00e9 rozhodnut\u00ed je v\u017edy na v\u00e1s.<\/p>\n<\/dd><\/div>\n\n\n\n<div class=\"wp-block-etoro-faq-item\"><dt class=\"wp-block-etoro-faq-item-question\">Nahrad\u00ed Tori z\u00e1kaznickou podporu?<\/dt><dd class=\"wp-block-etoro-faq-item-answer\">\n<p>Ne. Tori dopl\u0148uje n\u00e1\u0161 t\u00fdm podpory. Pokud v\u00e1\u0161 dotaz vy\u017eaduje osobn\u00ed asistenci, Tori v\u00e1s spoj\u00ed p\u0159\u00edmo s agentem z\u00e1kaznick\u00fdch slu\u017eeb.<\/p>\n<\/dd><\/div>\n\n\n\n<div class=\"wp-block-etoro-faq-item\"><dt class=\"wp-block-etoro-faq-item-question\">M\u016f\u017ee Tori vid\u011bt m\u00e9 seznamy sledovan\u00fdch?<\/dt><dd class=\"wp-block-etoro-faq-item-answer\">\n<p>Zat\u00edm ne, ale je to v na\u0161em pl\u00e1nu do budoucna<\/p>\n<\/dd><\/div>\n\n\n\n<div class=\"wp-block-etoro-faq-item\"><dt class=\"wp-block-etoro-faq-item-question\">&nbsp;M\u00e1 Tori p\u0159\u00edstup k m\u00fdm osobn\u00edm \u00fadaj\u016fm?<\/dt><dd class=\"wp-block-etoro-faq-item-answer\">\n<p>Ne \u2013 pokud nepou\u017e\u00edv\u00e1te verzi se z\u00e1stupcem podpory. V opa\u010dn\u00e9m p\u0159\u00edpad\u011b Tori pou\u017e\u00edv\u00e1 pouze ve\u0159ejn\u00e1 data z platformy (nap\u0159. tr\u017en\u00ed data, profily aktiv a ve\u0159ejn\u00e1 portfolia).<\/p>\n<\/dd><\/div>\n\n\n\n<div class=\"wp-block-etoro-faq-item\"><dt class=\"wp-block-etoro-faq-item-question\">Mohu zobrazit p\u0159edchoz\u00ed chaty s Tori?<\/dt><dd class=\"wp-block-etoro-faq-item-answer\">\n<p>Ano. Ke sv\u00fdm minul\u00fdm chat\u016fm Tori m\u00e1te p\u0159\u00edstup z nab\u00eddky \u2630 v okn\u011b chatu. Historie chatu se ukl\u00e1d\u00e1 po dobu 30&nbsp;dn\u016f \u2013 a&nbsp;resetuje se, kdy\u017e odpov\u00edte na star\u0161\u00ed zpr\u00e1vu.<\/p>\n<\/dd><\/div>\n<\/dl>\n<\/div><\/section>\n\n\n\n<section class=\"wp-block-group wp-block-group-boxed\"><div class=\"wp-block-group-inner is-layout-flow wp-block-group-is-layout-flow\">\n<p class=\"is-style-disclaimer\">Tuto zpr\u00e1vu m\u00e1me pouze pro informa\u010dn\u00ed a vzd\u011bl\u00e1vac\u00ed \u00fa\u010dely a nelze ji pova\u017eovat za investi\u010dn\u00ed poradenstv\u00ed, osobn\u00ed doporu\u010den\u00ed ani nab\u00eddku \u010di v\u00fdzvu k n\u00e1kupu \u010di prodeji jak\u00fdchkoli finan\u010dn\u00edch instrument\u016f. Tento materi\u00e1l byl p\u0159ipraven, ani\u017e by vzal v \u00favahu investi\u010dn\u00ed c\u00edle nebo finan\u010dn\u00ed situaci p\u0159\u00edjemce a nebyl p\u0159ipraven v souladu s pr\u00e1vn\u00edmi a regula\u010dn\u00edmi po\u017eadavky na podporu nez\u00e1visl\u00e9ho v\u00fdzkumu. Jak\u00e9koli odkazy na minulou nebo budouc\u00ed v\u00fdkonnost finan\u010dn\u00edho n\u00e1stroje, indexu nebo bal\u00edk\u016f investi\u010dn\u00edch produkt\u016f nejsou spolehliv\u00fdm ukazatelem budouc\u00edch v\u00fdsledk\u016f a nem\u011bly by se za n\u011b pova\u017eovat. Spole\u010dnost eToro neru\u010d\u00ed a nep\u0159eb\u00edr\u00e1 \u017e\u00e1dnou odpov\u011bdnost za p\u0159esnost nebo \u00faplnost obsahu t\u00e9to publikace.<\/p>\n\n\n\n<p class=\"is-style-disclaimer\"><br>Tato reklama nebyla posouzena Singapursk\u00fdm m\u011bnov\u00fdm \u00fa\u0159adem.<\/p>\n\n\n\n<p class=\"is-style-disclaimer\"><br>Tori neposkytuje investi\u010dn\u00ed poradenstv\u00ed.<br>Tori je n\u00e1stroj zalo\u017een\u00fd na um\u011bl\u00e9 inteligenci, kter\u00fd nab\u00edz\u00ed vzd\u011bl\u00e1vac\u00ed obsah, data a obecn\u00e9 post\u0159ehy o trhu. Nezohled\u0148uj\u00ed va\u0161i osobn\u00ed situaci a nem\u011bli byste se na n\u011b spolehnout p\u0159i investi\u010dn\u00edch rozhodnut\u00edch. V\u00e1\u0161 kapit\u00e1l je ohro\u017een. Minul\u00e1 v\u00fdkonnost nen\u00ed zn\u00e1mkou budouc\u00edch v\u00fdsledk\u016f.<br>Spole\u010dnost eToro neru\u010d\u00ed a nep\u0159eb\u00edr\u00e1 \u017e\u00e1dnou odpov\u011bdnost za p\u0159esnost nebo \u00faplnost vygenerovan\u00fdch odpov\u011bd\u00ed.<\/p>\n\n\n\n<p class=\"is-style-disclaimer\"><\/p>\n<\/div><\/section>\n","protected":false},"excerpt":{"rendered":"<p>Objevujte, u\u010dte se, analyzujte Tori p\u0159in\u00e1\u0161\u00ed data, post\u0159ehy a anal\u00fdzy v jednom jednoduch\u00e9m a interaktivn\u00edm chatu. Jen pro ilustraci Objevte nov\u00e9 investi\u010dn\u00ed p\u0159\u00edle\u017eitosti S ka\u017edou ot\u00e1zkou, &nbsp;kterou polo\u017e\u00edte, v\u00e1m Tori poskytne jasn\u00e1, aktu\u00e1ln\u00ed data &nbsp;a p\u0159ehledy&nbsp;, kter\u00e9 odhaluj\u00ed investi\u010dn\u00ed p\u0159\u00edle\u017eitosti. Z\u00edskejte tr\u017en\u00ed informace p\u0159izp\u016fsoben\u00e9 va\u0161im z\u00e1jm\u016fm Tori prom\u011bn\u00ed va\u0161e ot\u00e1zky v u\u017eite\u010dn\u00e9 post\u0159ehy. Z\u00edskejte anal\u00fdzu&hellip;<\/p>\n","protected":false},"author":75,"featured_media":1112837,"parent":20042,"menu_order":0,"comment_status":"closed","ping_status":"closed","template":"","meta":{"_acf_changed":false,"inline_featured_image":false,"sticky_cta_settings":"","footnotes":""},"asset_type":[],"class_list":["post-1116063","page","type-page","status-publish","has-post-thumbnail","hentry"],"acf":[],"yoast_head":"<title>Tori \u2013V\u00e1\u0161 investi\u010dn\u00ed AI spole\u010dn\u00edk od eToro<\/title>\n<meta name=\"description\" content=\"Zjist\u011bte, jak Tori vyu\u017e\u00edv\u00e1 AI k podpo\u0159e va\u0161eho investov\u00e1n\u00ed: z\u00edskejte post\u0159ehy, anal\u00fdzy portfolia a chytr\u00e9 tipy \u2013 to v\u0161e na eToro.\" \/>\n<meta name=\"robots\" content=\"index, follow, max-snippet:-1, max-image-preview:large, max-video-preview:-1\" \/>\n<link rel=\"canonical\" href=\"https:\/\/www.etoro.com\/cs-cz\/wp-json\/wp\/v2\/pages\/1116063\" \/>\n<meta property=\"og:locale\" content=\"cs_CZ\" \/>\n<meta property=\"og:type\" content=\"article\" \/>\n<meta property=\"og:title\" content=\"Tori \u2013V\u00e1\u0161 investi\u010dn\u00ed AI spole\u010dn\u00edk od eToro\" \/>\n<meta property=\"og:description\" content=\"Zjist\u011bte, jak Tori vyu\u017e\u00edv\u00e1 AI k podpo\u0159e va\u0161eho investov\u00e1n\u00ed: z\u00edskejte post\u0159ehy, anal\u00fdzy portfolia a chytr\u00e9 tipy \u2013 to v\u0161e na eToro.\" \/>\n<meta property=\"og:url\" content=\"https:\/\/www.etoro.com\/cs-cz\/wp-json\/wp\/v2\/pages\/1116063\" \/>\n<meta property=\"og:site_name\" content=\"eToro\" \/>\n<meta property=\"article:publisher\" content=\"https:\/\/www.facebook.com\/eToro\/\" \/>\n<meta property=\"article:modified_time\" content=\"2025-08-07T11:28:55+00:00\" \/>\n<meta property=\"og:image\" content=\"https:\/\/www.etoro.com\/wp-content\/uploads\/2025\/08\/Tori_Featured-image-1200x630-1.png\" \/>\n\t<meta property=\"og:image:width\" content=\"1200\" \/>\n\t<meta property=\"og:image:height\" content=\"630\" \/>\n\t<meta property=\"og:image:type\" content=\"image\/png\" \/>\n<meta name=\"twitter:card\" content=\"summary_large_image\" \/>\n<meta name=\"twitter:site\" content=\"@eToro\" \/>\n<meta name=\"twitter:label1\" content=\"Est. reading time\" \/>\n\t<meta name=\"twitter:data1\" content=\"5 minutes\" \/>\n<script type=\"application\/ld+json\" class=\"yoast-schema-graph\">{\"@context\":\"https:\/\/schema.org\",\"@graph\":[{\"@type\":\"WebPage\",\"@id\":\"https:\/\/www.etoro.com\/cs-cz\/trading\/platforms\/tori\/\",\"url\":\"https:\/\/www.etoro.com\/cs-cz\/trading\/platforms\/tori\/\",\"name\":\"Tori \u2013V\u00e1\u0161 investi\u010dn\u00ed AI spole\u010dn\u00edk od eToro\",\"isPartOf\":{\"@id\":\"https:\/\/www.etoro.com\/cs-cz\/#website\"},\"primaryImageOfPage\":{\"@id\":\"https:\/\/www.etoro.com\/cs-cz\/trading\/platforms\/tori\/#primaryimage\"},\"image\":{\"@id\":\"https:\/\/www.etoro.com\/cs-cz\/trading\/platforms\/tori\/#primaryimage\"},\"thumbnailUrl\":\"https:\/\/www.etoro.com\/wp-content\/uploads\/2025\/08\/Tori_Featured-image-1200x630-1.png\",\"datePublished\":\"2025-08-06T14:52:05+00:00\",\"dateModified\":\"2025-08-07T11:28:55+00:00\",\"description\":\"Zjist\u011bte, jak Tori vyu\u017e\u00edv\u00e1 AI k podpo\u0159e va\u0161eho investov\u00e1n\u00ed: z\u00edskejte post\u0159ehy, anal\u00fdzy portfolia a chytr\u00e9 tipy \u2013 to v\u0161e na eToro.\",\"breadcrumb\":{\"@id\":\"https:\/\/www.etoro.com\/cs-cz\/trading\/platforms\/tori\/#breadcrumb\"},\"inLanguage\":\"cs\",\"potentialAction\":[{\"@type\":\"ReadAction\",\"target\":[\"https:\/\/www.etoro.com\/cs-cz\/trading\/platforms\/tori\/\"]}]},{\"@type\":\"ImageObject\",\"inLanguage\":\"cs\",\"@id\":\"https:\/\/www.etoro.com\/cs-cz\/trading\/platforms\/tori\/#primaryimage\",\"url\":\"https:\/\/www.etoro.com\/wp-content\/uploads\/2025\/08\/Tori_Featured-image-1200x630-1.png\",\"contentUrl\":\"https:\/\/www.etoro.com\/wp-content\/uploads\/2025\/08\/Tori_Featured-image-1200x630-1.png\",\"width\":1200,\"height\":630},{\"@type\":\"BreadcrumbList\",\"@id\":\"https:\/\/www.etoro.com\/cs-cz\/trading\/platforms\/tori\/#breadcrumb\",\"itemListElement\":[{\"@type\":\"ListItem\",\"position\":1,\"name\":\"Dom\u016f\",\"item\":\"https:\/\/www.etoro.com\/cs-cz\/\"},{\"@type\":\"ListItem\",\"position\":2,\"name\":\"OBCHODOV\u00c1N\u00cd\",\"item\":\"https:\/\/www.etoro.com\/cs-cz\/trading\/\"},{\"@type\":\"ListItem\",\"position\":3,\"name\":\"PLATFORMY - Historie\",\"item\":\"https:\/\/www.etoro.com\/cs-cz\/trading\/platforms\/\"},{\"@type\":\"ListItem\",\"position\":4,\"name\":\"Tori\"}]},{\"@type\":\"WebSite\",\"@id\":\"https:\/\/www.etoro.com\/cs-cz\/#website\",\"url\":\"https:\/\/www.etoro.com\/cs-cz\/\",\"name\":\"eToro\",\"description\":\"\",\"publisher\":{\"@id\":\"https:\/\/www.etoro.com\/cs-cz\/#organization\"},\"potentialAction\":[{\"@type\":\"SearchAction\",\"target\":{\"@type\":\"EntryPoint\",\"urlTemplate\":\"https:\/\/www.etoro.com\/cs-cz\/?s={search_term_string}\"},\"query-input\":{\"@type\":\"PropertyValueSpecification\",\"valueRequired\":true,\"valueName\":\"search_term_string\"}}],\"inLanguage\":\"cs\"},[]]}<\/script>","yoast_head_json":{"title":"Tori \u2013V\u00e1\u0161 investi\u010dn\u00ed AI spole\u010dn\u00edk od eToro","description":"Zjist\u011bte, jak Tori vyu\u017e\u00edv\u00e1 AI k podpo\u0159e va\u0161eho investov\u00e1n\u00ed: z\u00edskejte post\u0159ehy, anal\u00fdzy portfolia a chytr\u00e9 tipy \u2013 to v\u0161e na eToro.","robots":{"index":"index","follow":"follow","max-snippet":"max-snippet:-1","max-image-preview":"max-image-preview:large","max-video-preview":"max-video-preview:-1"},"canonical":"https:\/\/www.etoro.com\/cs-cz\/wp-json\/wp\/v2\/pages\/1116063","og_locale":"cs_CZ","og_type":"article","og_title":"Tori \u2013V\u00e1\u0161 investi\u010dn\u00ed AI spole\u010dn\u00edk od eToro","og_description":"Zjist\u011bte, jak Tori vyu\u017e\u00edv\u00e1 AI k podpo\u0159e va\u0161eho investov\u00e1n\u00ed: z\u00edskejte post\u0159ehy, anal\u00fdzy portfolia a chytr\u00e9 tipy \u2013 to v\u0161e na eToro.","og_url":"https:\/\/www.etoro.com\/cs-cz\/wp-json\/wp\/v2\/pages\/1116063","og_site_name":"eToro","article_publisher":"https:\/\/www.facebook.com\/eToro\/","article_modified_time":"2025-08-07T11:28:55+00:00","og_image":[{"width":1200,"height":630,"url":"https:\/\/www.etoro.com\/wp-content\/uploads\/2025\/08\/Tori_Featured-image-1200x630-1.png","type":"image\/png"}],"twitter_card":"summary_large_image","twitter_site":"@eToro","twitter_misc":{"Est. reading time":"5 minutes"},"schema":{"@context":"https:\/\/schema.org","@graph":[{"@type":"WebPage","@id":"https:\/\/www.etoro.com\/cs-cz\/trading\/platforms\/tori\/","url":"https:\/\/www.etoro.com\/cs-cz\/trading\/platforms\/tori\/","name":"Tori \u2013V\u00e1\u0161 investi\u010dn\u00ed AI spole\u010dn\u00edk od eToro","isPartOf":{"@id":"https:\/\/www.etoro.com\/cs-cz\/#website"},"primaryImageOfPage":{"@id":"https:\/\/www.etoro.com\/cs-cz\/trading\/platforms\/tori\/#primaryimage"},"image":{"@id":"https:\/\/www.etoro.com\/cs-cz\/trading\/platforms\/tori\/#primaryimage"},"thumbnailUrl":"https:\/\/www.etoro.com\/wp-content\/uploads\/2025\/08\/Tori_Featured-image-1200x630-1.png","datePublished":"2025-08-06T14:52:05+00:00","dateModified":"2025-08-07T11:28:55+00:00","description":"Zjist\u011bte, jak Tori vyu\u017e\u00edv\u00e1 AI k podpo\u0159e va\u0161eho investov\u00e1n\u00ed: z\u00edskejte post\u0159ehy, anal\u00fdzy portfolia a chytr\u00e9 tipy \u2013 to v\u0161e na eToro.","breadcrumb":{"@id":"https:\/\/www.etoro.com\/cs-cz\/trading\/platforms\/tori\/#breadcrumb"},"inLanguage":"cs","potentialAction":[{"@type":"ReadAction","target":["https:\/\/www.etoro.com\/cs-cz\/trading\/platforms\/tori\/"]}]},{"@type":"ImageObject","inLanguage":"cs","@id":"https:\/\/www.etoro.com\/cs-cz\/trading\/platforms\/tori\/#primaryimage","url":"https:\/\/www.etoro.com\/wp-content\/uploads\/2025\/08\/Tori_Featured-image-1200x630-1.png","contentUrl":"https:\/\/www.etoro.com\/wp-content\/uploads\/2025\/08\/Tori_Featured-image-1200x630-1.png","width":1200,"height":630},{"@type":"BreadcrumbList","@id":"https:\/\/www.etoro.com\/cs-cz\/trading\/platforms\/tori\/#breadcrumb","itemListElement":[{"@type":"ListItem","position":1,"name":"Dom\u016f","item":"https:\/\/www.etoro.com\/cs-cz\/"},{"@type":"ListItem","position":2,"name":"OBCHODOV\u00c1N\u00cd","item":"https:\/\/www.etoro.com\/cs-cz\/trading\/"},{"@type":"ListItem","position":3,"name":"PLATFORMY - Historie","item":"https:\/\/www.etoro.com\/cs-cz\/trading\/platforms\/"},{"@type":"ListItem","position":4,"name":"Tori"}]},{"@type":"WebSite","@id":"https:\/\/www.etoro.com\/cs-cz\/#website","url":"https:\/\/www.etoro.com\/cs-cz\/","name":"eToro","description":"","publisher":{"@id":"https:\/\/www.etoro.com\/cs-cz\/#organization"},"potentialAction":[{"@type":"SearchAction","target":{"@type":"EntryPoint","urlTemplate":"https:\/\/www.etoro.com\/cs-cz\/?s={search_term_string}"},"query-input":{"@type":"PropertyValueSpecification","valueRequired":true,"valueName":"search_term_string"}}],"inLanguage":"cs"},[]]}},"_links":{"self":[{"href":"https:\/\/www.etoro.com\/cs-cz\/wp-json\/wp\/v2\/pages\/1116063"}],"collection":[{"href":"https:\/\/www.etoro.com\/cs-cz\/wp-json\/wp\/v2\/pages"}],"about":[{"href":"https:\/\/www.etoro.com\/cs-cz\/wp-json\/wp\/v2\/types\/page"}],"author":[{"embeddable":true,"href":"https:\/\/www.etoro.com\/cs-cz\/wp-json\/wp\/v2\/users\/75"}],"replies":[{"embeddable":true,"href":"https:\/\/www.etoro.com\/cs-cz\/wp-json\/wp\/v2\/comments?post=1116063"}],"version-history":[{"count":0,"href":"https:\/\/www.etoro.com\/cs-cz\/wp-json\/wp\/v2\/pages\/1116063\/revisions"}],"up":[{"embeddable":true,"href":"https:\/\/www.etoro.com\/cs-cz\/wp-json\/wp\/v2\/pages\/20042"}],"wp:featuredmedia":[{"embeddable":true,"href":"https:\/\/www.etoro.com\/cs-cz\/wp-json\/wp\/v2\/media\/1112837"}],"wp:attachment":[{"href":"https:\/\/www.etoro.com\/cs-cz\/wp-json\/wp\/v2\/media?parent=1116063"}],"wp:term":[{"taxonomy":"asset_type","embeddable":true,"href":"https:\/\/www.etoro.com\/cs-cz\/wp-json\/wp\/v2\/asset_type?post=1116063"}],"curies":[{"name":"wp","href":"https:\/\/api.w.org\/{rel}","templated":true}]}}