{"id":1259350,"date":"2026-04-20T10:10:55","date_gmt":"2026-04-20T07:10:55","guid":{"rendered":"https:\/\/www.etoro.com\/copytrader\/risk-warnings\/"},"modified":"2026-04-30T09:22:23","modified_gmt":"2026-04-30T06:22:23","slug":"risk-warnings","status":"publish","type":"page","link":"https:\/\/www.etoro.com\/cs-cz\/copytrader\/risk-warnings\/","title":{"rendered":"Risks Associated with Social Trading (Copy Trading)"},"content":{"rendered":"\n<section class=\"wp-block-group wp-block-group-boxed wp-block-group-small-bottom-padding\"><div class=\"wp-block-group-inner is-layout-flow wp-block-group-is-layout-flow\">\n<div class=\"wp-block-columns are-vertically-aligned-top wp-block-columns-1 is-layout-flex wp-container-core-columns-is-layout-1 wp-block-columns-is-layout-flex\">\n<div class=\"wp-block-column is-layout-flow wp-block-column-is-layout-flow\">\n<p>Spole\u010dnost eToro Group Ltd. a jej\u00ed p\u0159idru\u017een\u00e9 spole\u010dnosti poskytuj\u00ed funkce soci\u00e1ln\u00edho obchodov\u00e1n\u00ed, kter\u00e9 v\u00e1m umo\u017e\u0148uj\u00ed komunikovat s ostatn\u00edmi obchodn\u00edky, sledovat je a kop\u00edrovat jejich obchodn\u00ed strategie (\u201efunkce soci\u00e1ln\u00edho obchodov\u00e1n\u00ed\u201c), v\u010detn\u011b slu\u017eeb Copy Trader\u2122, Smart Portfolios, \u017eeb\u0159\u00ed\u010dk\u016f a komunitn\u00edch n\u00e1stroj\u016f.<\/p>\n\n\n\n<p>A\u010dkoli v\u00e1m tyto funkce mohou pomoci objevit investi\u010dn\u00ed strategie, mohou obn\u00e1\u0161et rizika. Ne\u017e je pou\u017eijete, m\u011bli byste pe\u010dliv\u011b zv\u00e1\u017eit n\u00e1sleduj\u00edc\u00ed skute\u010dnosti:<\/p>\n<\/div>\n<\/div>\n\n\n\n<div class=\"wp-block-columns are-vertically-aligned-top wp-block-columns-1 is-layout-flex wp-container-core-columns-is-layout-2 wp-block-columns-is-layout-flex\">\n<div class=\"wp-block-column is-layout-flow wp-block-column-is-layout-flow\">\n<div class=\"wp-block-etoro-simple-collapsable-item-list\">\n<div class=\"wp-block-etoro-simple-collapsable-item\"><div class=\"wp-block-etoro-simple-collapsable-item-heading\">1. Za sv\u00e1 rozhodnut\u00ed nesete plnou odpov\u011bdnost<\/div><div class=\"wp-block-etoro-simple-collapsable-item-content-wrapper\"><div class=\"wp-block-etoro-simple-collapsable-item-content\">\n<p>Copy Trading je zalo\u017eeno na Va\u0161\u00ed volb\u011b, zda Chcete-li sledovat nebo kop\u00edrovat ostatn\u00ed obchodn\u00edky.<\/p>\n\n\n\n<ul class=\"wp-block-list wp-block-list wp-block-list-circle\">\n<li>Mus\u00edte zv\u00e1\u017eit svou finan\u010dn\u00ed situaci, investi\u010dn\u00ed c\u00edle a toleranci k riziku.<\/li>\n\n\n\n<li>Platforma eToro neposkytuje investi\u010dn\u00ed poradenstv\u00ed.<\/li>\n\n\n\n<li>Ve\u0161ker\u00e1 rozhodnut\u00ed, kter\u00e1 u\u010din\u00edte na z\u00e1klad\u011b informac\u00ed z platformy, \u010din\u00edte na vlastn\u00ed riziko.<\/li>\n<\/ul>\n\n\n\n<p>Ne\u017e investujete, m\u011bli byste v\u017edy prov\u00e9st vlastn\u00ed v\u00fdzkum.<\/p>\n<\/div><\/div><\/div>\n\n\n\n<div class=\"wp-block-etoro-simple-collapsable-item\"><div class=\"wp-block-etoro-simple-collapsable-item-heading\">2. Riziko automatick\u00e9ho obchodov\u00e1n\u00ed<\/div><div class=\"wp-block-etoro-simple-collapsable-item-content-wrapper\"><div class=\"wp-block-etoro-simple-collapsable-item-content\">\n<p>Kdy\u017e kop\u00edrujete obchodn\u00edka nebo Smart Portfolio:<\/p>\n\n\n\n<ul class=\"wp-block-list wp-block-list wp-block-list-circle\">\n<li>Obchody se na Va\u0161em \u00fa\u010dtu realizuj\u00ed automaticky bez Va\u0161eho z\u00e1sahu.<\/li>\n\n\n\n<li>Pozice se otev\u00edraj\u00ed, upravuj\u00ed a zav\u00edraj\u00ed v re\u00e1ln\u00e9m \u010dase na z\u00e1klad\u011b akc\u00ed kop\u00edrovan\u00e9ho obchodn\u00edka.<\/li>\n<\/ul>\n\n\n\n<p>To znamen\u00e1:<\/p>\n\n\n\n<ul class=\"wp-block-list wp-block-list wp-block-list-circle\">\n<li>Mo\u017en\u00e1 nem\u00e1te vliv na na\u010dasov\u00e1n\u00ed ani na ceny.<\/li>\n\n\n\n<li>Tr\u017en\u00ed podm\u00ednky (nap\u0159. volatilita, skluz, likvidita) mohou v\u00e9st k odli\u0161n\u00fdm v\u00fdsledk\u016fm ne\u017e u obchodn\u00edka nebo inteligentn\u00edho portfolia, kter\u00e9 kop\u00edrujete.<\/li>\n\n\n\n<li>M\u016f\u017eete p\u0159ij\u00edt o prost\u0159edky vyhrazen\u00e9 na kop\u00edrov\u00e1n\u00ed.<\/li>\n<\/ul>\n<\/div><\/div><\/div>\n\n\n\n<div class=\"wp-block-etoro-simple-collapsable-item\"><div class=\"wp-block-etoro-simple-collapsable-item-heading\">3. Vystaven\u00ed v\u016f\u010di CFD a kryptom\u011bnov\u00fdm aktiv\u016fm<\/div><div class=\"wp-block-etoro-simple-collapsable-item-content-wrapper\"><div class=\"wp-block-etoro-simple-collapsable-item-content\">\n<p>P\u0159i kop\u00edrov\u00e1n\u00ed obchodn\u00edka nebo Smart Portfolia se m\u016f\u017eete vystavit p\u016fsoben\u00ed slo\u017eit\u00fdch a vysoce rizikov\u00fdch instrument\u016f, jako nap\u0159\u00edklad:<\/p>\n\n\n\n<ul class=\"wp-block-list wp-block-list wp-block-list-circle\">\n<li><strong>CFD (Contracts for Difference)<\/strong>\n<ul class=\"wp-block-list wp-block-list wp-block-list-circle\">\n<li>\u010casto zahrnuj\u00ed p\u00e1kov\u00fd efekt, kter\u00fd m\u016f\u017ee zv\u00fd\u0161it v\u00fdnosy i ztr\u00e1ty.<\/li>\n\n\n\n<li>Ceny se mohou rychle pohybovat, co\u017e zvy\u0161uje riziko zna\u010dn\u00fdch ztr\u00e1t.<\/li>\n\n\n\n<li>Podkladov\u00e9 aktivum nevlastn\u00edte.<\/li>\n<\/ul>\n<\/li>\n\n\n\n<li><strong>Kryptom\u011bnov\u00e1 aktiva:<\/strong>\n<ul class=\"wp-block-list wp-block-list wp-block-list-circle\">\n<li>Je vysoce volatiln\u00ed a m\u016f\u017ee zaznamenat extr\u00e9mn\u00ed cenov\u00e9 v\u00fdkyvy.<\/li>\n\n\n\n<li>M\u016f\u017ee b\u00fdt p\u0159edm\u011btem n\u00edzk\u00e9 likvidity, manipulace s trhem nebo regulatorn\u00ed nejistoty.<\/li>\n<\/ul>\n<\/li>\n<\/ul>\n\n\n\n<p>I v p\u0159\u00edpad\u011b, \u017ee si tato aktiva aktivn\u011b nevyb\u00edr\u00e1te, kop\u00edrov\u00e1n\u00ed obchodn\u00edka nebo Smart Portfolios znamen\u00e1, \u017ee automaticky m\u00e1te vystaven\u00e9 instrumenty, kter\u00e9 tato aktiva obchoduj\u00ed.<\/p>\n<\/div><\/div><\/div>\n\n\n\n<div class=\"wp-block-etoro-simple-collapsable-item\"><div class=\"wp-block-etoro-simple-collapsable-item-heading\">4. V\u00fdkonnostn\u00ed rozd\u00edly<\/div><div class=\"wp-block-etoro-simple-collapsable-item-content-wrapper\"><div class=\"wp-block-etoro-simple-collapsable-item-content\">\n<p>Va\u0161e v\u00fdsledky se mohou li\u0161it od kop\u00edrovan\u00e9ho obchodn\u00edka nebo Smart Portfolios v d\u016fsledku n\u00e1sleduj\u00edc\u00edch faktor\u016f:<\/p>\n\n\n\n<ul class=\"wp-block-list wp-block-list wp-block-list-circle\">\n<li>Vklady nebo v\u00fdb\u011bry z kop\u00edrovan\u00e9 pozice.<\/li>\n\n\n\n<li>Tr\u017en\u00ed podm\u00ednky a rozd\u00edly v proveden\u00edch.<\/li>\n<\/ul>\n<\/div><\/div><\/div>\n\n\n\n<div class=\"wp-block-etoro-simple-collapsable-item\"><div class=\"wp-block-etoro-simple-collapsable-item-heading\">5. Minul\u00e1 v\u00fdkonnost nen\u00ed spolehliv\u00fdm ukazatelem<\/div><div class=\"wp-block-etoro-simple-collapsable-item-content-wrapper\"><div class=\"wp-block-etoro-simple-collapsable-item-content\">\n<p>Statistiky, nap\u0159\u00edklad:<\/p>\n\n\n\n<ul class=\"wp-block-list wp-block-list wp-block-list-circle\">\n<li>Sk\u00f3re rizika.<\/li>\n\n\n\n<li>Historick\u00e9 p\u0159edstaven\u00ed.<\/li>\n\n\n\n<li>\u00dadaje o portfoliu nejsou z\u00e1rukou budouc\u00edch v\u00fdsledk\u016f.<\/li>\n<\/ul>\n\n\n\n<p>Skute\u010dn\u00e9 v\u00fdsledky se mohou zna\u010dn\u011b li\u0161it v d\u016fsledku m\u011bn\u00edc\u00edch se podm\u00ednek na trhu a chov\u00e1n\u00ed investor\u016f.<\/p>\n<\/div><\/div><\/div>\n\n\n\n<div class=\"wp-block-etoro-simple-collapsable-item\"><div class=\"wp-block-etoro-simple-collapsable-item-heading\">6. \u017d\u00e1dn\u00e9 z\u00e1ruky proveden\u00ed ani kontroly rizik<\/div><div class=\"wp-block-etoro-simple-collapsable-item-content-wrapper\"><div class=\"wp-block-etoro-simple-collapsable-item-content\">\n<ul class=\"wp-block-list wp-block-list wp-block-list-circle\">\n<li>Nelze zaru\u010dit, \u017ee mechanismy Stop Loss (v\u010detn\u011b Stop Lossu pro kop\u00edrov\u00e1n\u00ed) nejsou zaru\u010deny.<\/li>\n\n\n\n<li>Obchody nemus\u00ed b\u00fdt mo\u017en\u00e9 prov\u00e9st za o\u010dek\u00e1vanou cenu.<\/li>\n\n\n\n<li>Ztr\u00e1ty mohou kv\u016fli mezer\u00e1m na trhu nebo volatilit\u011b p\u0159ekonat o\u010dek\u00e1v\u00e1n\u00ed.<\/li>\n<\/ul>\n<\/div><\/div><\/div>\n\n\n\n<div class=\"wp-block-etoro-simple-collapsable-item\"><div class=\"wp-block-etoro-simple-collapsable-item-heading\">7. Obchodn\u00edci, kter\u00e9 kop\u00edrujete, nejsou poradci<\/div><div class=\"wp-block-etoro-simple-collapsable-item-content-wrapper\"><div class=\"wp-block-etoro-simple-collapsable-item-content\">\n<ul class=\"wp-block-list wp-block-list wp-block-list-circle\">\n<li>Ostatn\u00ed u\u017eivatel\u00e9 mohou sd\u00edlet n\u00e1zory nebo strategie, ale nemus\u00ed b\u00fdt nutn\u011b kvalifikovan\u00ed nebo nezaujat\u00ed.<\/li>\n\n\n\n<li>Informace sd\u00edlen\u00e9 na platform\u011b byste nem\u011bli pova\u017eovat za profesion\u00e1ln\u00ed finan\u010dn\u00ed poradenstv\u00ed.<\/li>\n<\/ul>\n\n\n\n<p>Obsah t\u00fdkaj\u00edc\u00ed se soci\u00e1ln\u00edho obchodov\u00e1n\u00ed v\u017edy pova\u017eujte za v\u00fdchoz\u00ed bod, nikoli za doporu\u010den\u00ed.<\/p>\n<\/div><\/div><\/div>\n\n\n\n<div class=\"wp-block-etoro-simple-collapsable-item\"><div class=\"wp-block-etoro-simple-collapsable-item-heading\">8. Strategick\u00e9 riziko a rizika souvisej\u00edc\u00ed s chov\u00e1n\u00edm<\/div><div class=\"wp-block-etoro-simple-collapsable-item-content-wrapper\"><div class=\"wp-block-etoro-simple-collapsable-item-content\">\n<p>Kop\u00edrov\u00e1n\u00ed obchod\u016f z\u00e1vis\u00ed v\u00fdhradn\u011b na obchodn\u00edkovi nebo inteligentn\u00edm portfoliu, kter\u00e9 sledujete:<\/p>\n\n\n\n<ul class=\"wp-block-list wp-block-list wp-block-list-circle\">\n<li>Jej\u00ed strategie se m\u016f\u017ee bez upozorn\u011bn\u00ed zm\u011bnit.<\/li>\n\n\n\n<li>M\u016f\u017ee podstoupit vy\u0161\u0161\u00ed riziko, ne\u017e o\u010dek\u00e1v\u00e1te.<\/li>\n\n\n\n<li>V\u00fdkon mohou ovlivnit emotivn\u00ed nebo nekonzistentn\u00ed rozhodnut\u00ed.<\/li>\n<\/ul>\n\n\n\n<p>Nav\u00edc:<\/p>\n\n\n\n<ul class=\"wp-block-list wp-block-list wp-block-list-circle\">\n<li>Soust\u0159ed\u011bn\u00ed prost\u0159edk\u016f u jedin\u00e9ho obchodn\u00edka zvy\u0161uje riziko.<\/li>\n\n\n\n<li>Diverzifikace neodstra\u0148uje ztr\u00e1ty.<\/li>\n<\/ul>\n<\/div><\/div><\/div>\n\n\n\n<div class=\"wp-block-etoro-simple-collapsable-item\"><div class=\"wp-block-etoro-simple-collapsable-item-heading\">9. Copy Trading nen\u00ed bezpe\u010dn\u011bj\u0161\u00ed investov\u00e1n\u00ed<\/div><div class=\"wp-block-etoro-simple-collapsable-item-content-wrapper\"><div class=\"wp-block-etoro-simple-collapsable-item-content\">\n<p>Kop\u00edrovan\u00e9 obchodov\u00e1n\u00ed m\u016f\u017ee pomoci s diverzifikac\u00ed a sn\u00ed\u017eit pot\u0159ebu aktivn\u00edch obchodn\u00edch rozhodnut\u00ed, ale:<\/p>\n\n\n\n<ul class=\"wp-block-list wp-block-list wp-block-list-circle\">\n<li>Va\u0161e v\u00fdkonnost z\u00e1vis\u00ed na obchodn\u00edkech nebo Smart Portfoliu, kter\u00e9 kop\u00edrujete.<\/li>\n\n\n\n<li>Za v\u0161echny ztr\u00e1ty nad\u00e1le nesete plnou odpov\u011bdnost.<\/li>\n<\/ul>\n<\/div><\/div><\/div>\n\n\n\n<div class=\"wp-block-etoro-simple-collapsable-item\"><div class=\"wp-block-etoro-simple-collapsable-item-heading\">10. Prove\u010fte vlastn\u00ed hloubkovou kontrolu<\/div><div class=\"wp-block-etoro-simple-collapsable-item-content-wrapper\"><div class=\"wp-block-etoro-simple-collapsable-item-content\">\n<p>Ne\u017e za\u010dnete kop\u00edrovat obchodn\u00edka nebo Smart Portfolio, p\u0159e\u010dt\u011bte si:<\/p>\n\n\n\n<ul class=\"wp-block-list wp-block-list wp-block-list-circle\">\n<li>Sk\u00f3re jejich rizika.<\/li>\n\n\n\n<li>Obchodn\u00ed historie a strategii.<\/li>\n\n\n\n<li>Slo\u017een\u00ed portfolia.<\/li>\n\n\n\n<li>Aktivita a komunikace (nap\u0159. p\u0159\u00edsp\u011bvky, aktualizace).<\/li>\n<\/ul>\n\n\n\n<p>I s t\u011bmito informacemi v\u0161ak neexistuj\u00ed \u017e\u00e1dn\u00e9 z\u00e1ruky \u00fasp\u011bchu.<\/p>\n<\/div><\/div><\/div>\n<\/div>\n\n\n\n<hr class=\"wp-block-separator wp-block-separator-color-dark-grey wp-block-separator-spaces-medium wp-block-separator-weight-1\"\/>\n<\/div>\n<\/div>\n<\/div><\/section>\n","protected":false},"excerpt":{"rendered":"<p>Spole\u010dnost eToro Group Ltd. a jej\u00ed p\u0159idru\u017een\u00e9 spole\u010dnosti poskytuj\u00ed funkce soci\u00e1ln\u00edho obchodov\u00e1n\u00ed, kter\u00e9 v\u00e1m umo\u017e\u0148uj\u00ed komunikovat s ostatn\u00edmi obchodn\u00edky, sledovat je a kop\u00edrovat jejich obchodn\u00ed strategie (\u201efunkce soci\u00e1ln\u00edho obchodov\u00e1n\u00ed\u201c), v\u010detn\u011b slu\u017eeb Copy Trader\u2122, Smart Portfolios, \u017eeb\u0159\u00ed\u010dk\u016f a komunitn\u00edch n\u00e1stroj\u016f. A\u010dkoli v\u00e1m tyto funkce mohou pomoci objevit investi\u010dn\u00ed strategie, mohou obn\u00e1\u0161et rizika. Ne\u017e je pou\u017eijete, m\u011bli&hellip;<\/p>\n","protected":false},"author":158,"featured_media":0,"parent":34701,"menu_order":0,"comment_status":"closed","ping_status":"closed","template":"","meta":{"_acf_changed":true,"inline_featured_image":false,"sticky_cta_settings":"","footnotes":""},"asset_type":[],"class_list":["post-1259350","page","type-page","status-publish","hentry"],"acf":[],"yoast_head":"<title>Rizika spojen\u00e1 s obchodov\u00e1n\u00edm na soci\u00e1ln\u00edch s\u00edt\u00edch (Copy Trading)<\/title>\n<meta name=\"description\" content=\"Zjist\u011bte v\u00edce o rizic\u00edch spojen\u00fdch s tradingem na soci\u00e1ln\u00ed s\u00edti a Kop\u00edrujte tradingem, v\u010detn\u011b CFD, kryptom\u011bnov\u00fdch aktiv, rozd\u00edl\u016f ve v\u00fdkonnosti a hloubkov\u00e9 kontroly.\" \/>\n<meta name=\"robots\" content=\"index, follow, max-snippet:-1, max-image-preview:large, max-video-preview:-1\" \/>\n<link rel=\"canonical\" href=\"https:\/\/www.etoro.com\/cs-cz\/wp-json\/wp\/v2\/pages\/1259350\" \/>\n<meta property=\"og:locale\" content=\"cs_CZ\" \/>\n<meta property=\"og:type\" content=\"article\" \/>\n<meta property=\"og:title\" content=\"Rizika spojen\u00e1 s obchodov\u00e1n\u00edm na soci\u00e1ln\u00edch s\u00edt\u00edch (Copy Trading)\" \/>\n<meta property=\"og:description\" content=\"Zjist\u011bte v\u00edce o rizic\u00edch spojen\u00fdch s tradingem na soci\u00e1ln\u00ed s\u00edti a Kop\u00edrujte tradingem, v\u010detn\u011b CFD, kryptom\u011bnov\u00fdch aktiv, rozd\u00edl\u016f ve v\u00fdkonnosti a hloubkov\u00e9 kontroly.\" \/>\n<meta property=\"og:url\" content=\"https:\/\/www.etoro.com\/cs-cz\/wp-json\/wp\/v2\/pages\/1259350\" \/>\n<meta property=\"og:site_name\" content=\"eToro\" \/>\n<meta property=\"article:publisher\" content=\"https:\/\/www.facebook.com\/eToro\/\" \/>\n<meta property=\"article:modified_time\" content=\"2026-04-30T06:22:23+00:00\" \/>\n<meta property=\"og:image\" content=\"https:\/\/www.etoro.com\/wp-content\/uploads\/2019\/12\/etoro_logo_social_share1.png\" \/>\n\t<meta property=\"og:image:width\" content=\"240\" \/>\n\t<meta property=\"og:image:height\" content=\"240\" \/>\n\t<meta property=\"og:image:type\" content=\"image\/png\" \/>\n<meta name=\"twitter:card\" content=\"summary_large_image\" \/>\n<meta name=\"twitter:site\" content=\"@eToro\" \/>\n<meta name=\"twitter:label1\" content=\"Est. reading time\" \/>\n\t<meta name=\"twitter:data1\" content=\"4 minutes\" \/>\n<script type=\"application\/ld+json\" class=\"yoast-schema-graph\">{\"@context\":\"https:\/\/schema.org\",\"@graph\":[{\"@type\":\"WebPage\",\"@id\":\"https:\/\/www.etoro.com\/cs-cz\/copytrader\/risk-warnings\/\",\"url\":\"https:\/\/www.etoro.com\/cs-cz\/copytrader\/risk-warnings\/\",\"name\":\"Rizika spojen\u00e1 s obchodov\u00e1n\u00edm na soci\u00e1ln\u00edch s\u00edt\u00edch (Copy Trading)\",\"isPartOf\":{\"@id\":\"https:\/\/www.etoro.com\/cs-cz\/#website\"},\"datePublished\":\"2026-04-20T07:10:55+00:00\",\"dateModified\":\"2026-04-30T06:22:23+00:00\",\"description\":\"Zjist\u011bte v\u00edce o rizic\u00edch spojen\u00fdch s tradingem na soci\u00e1ln\u00ed s\u00edti a Kop\u00edrujte tradingem, v\u010detn\u011b CFD, kryptom\u011bnov\u00fdch aktiv, rozd\u00edl\u016f ve v\u00fdkonnosti a hloubkov\u00e9 kontroly.\",\"breadcrumb\":{\"@id\":\"https:\/\/www.etoro.com\/cs-cz\/copytrader\/risk-warnings\/#breadcrumb\"},\"inLanguage\":\"cs\",\"potentialAction\":[{\"@type\":\"ReadAction\",\"target\":[\"https:\/\/www.etoro.com\/cs-cz\/copytrader\/risk-warnings\/\"]}]},{\"@type\":\"BreadcrumbList\",\"@id\":\"https:\/\/www.etoro.com\/cs-cz\/copytrader\/risk-warnings\/#breadcrumb\",\"itemListElement\":[{\"@type\":\"ListItem\",\"position\":1,\"name\":\"Dom\u016f\",\"item\":\"https:\/\/www.etoro.com\/cs-cz\/\"},{\"@type\":\"ListItem\",\"position\":2,\"name\":\"CopyTrader\",\"item\":\"https:\/\/www.etoro.com\/cs-cz\/copytrader\/\"},{\"@type\":\"ListItem\",\"position\":3,\"name\":\"Risks Associated with Social Trading (Copy Trading)\"}]},{\"@type\":\"WebSite\",\"@id\":\"https:\/\/www.etoro.com\/cs-cz\/#website\",\"url\":\"https:\/\/www.etoro.com\/cs-cz\/\",\"name\":\"eToro\",\"description\":\"\",\"publisher\":{\"@id\":\"https:\/\/www.etoro.com\/cs-cz\/#organization\"},\"potentialAction\":[{\"@type\":\"SearchAction\",\"target\":{\"@type\":\"EntryPoint\",\"urlTemplate\":\"https:\/\/www.etoro.com\/cs-cz\/?s={search_term_string}\"},\"query-input\":{\"@type\":\"PropertyValueSpecification\",\"valueRequired\":true,\"valueName\":\"search_term_string\"}}],\"inLanguage\":\"cs\"},[]]}<\/script>","yoast_head_json":{"title":"Rizika spojen\u00e1 s obchodov\u00e1n\u00edm na soci\u00e1ln\u00edch s\u00edt\u00edch (Copy Trading)","description":"Zjist\u011bte v\u00edce o rizic\u00edch spojen\u00fdch s tradingem na soci\u00e1ln\u00ed s\u00edti a Kop\u00edrujte tradingem, v\u010detn\u011b CFD, kryptom\u011bnov\u00fdch aktiv, rozd\u00edl\u016f ve v\u00fdkonnosti a hloubkov\u00e9 kontroly.","robots":{"index":"index","follow":"follow","max-snippet":"max-snippet:-1","max-image-preview":"max-image-preview:large","max-video-preview":"max-video-preview:-1"},"canonical":"https:\/\/www.etoro.com\/cs-cz\/wp-json\/wp\/v2\/pages\/1259350","og_locale":"cs_CZ","og_type":"article","og_title":"Rizika spojen\u00e1 s obchodov\u00e1n\u00edm na soci\u00e1ln\u00edch s\u00edt\u00edch (Copy Trading)","og_description":"Zjist\u011bte v\u00edce o rizic\u00edch spojen\u00fdch s tradingem na soci\u00e1ln\u00ed s\u00edti a Kop\u00edrujte tradingem, v\u010detn\u011b CFD, kryptom\u011bnov\u00fdch aktiv, rozd\u00edl\u016f ve v\u00fdkonnosti a hloubkov\u00e9 kontroly.","og_url":"https:\/\/www.etoro.com\/cs-cz\/wp-json\/wp\/v2\/pages\/1259350","og_site_name":"eToro","article_publisher":"https:\/\/www.facebook.com\/eToro\/","article_modified_time":"2026-04-30T06:22:23+00:00","og_image":[{"width":240,"height":240,"url":"https:\/\/www.etoro.com\/wp-content\/uploads\/2019\/12\/etoro_logo_social_share1.png","type":"image\/png"}],"twitter_card":"summary_large_image","twitter_site":"@eToro","twitter_misc":{"Est. reading time":"4 minutes"},"schema":{"@context":"https:\/\/schema.org","@graph":[{"@type":"WebPage","@id":"https:\/\/www.etoro.com\/cs-cz\/copytrader\/risk-warnings\/","url":"https:\/\/www.etoro.com\/cs-cz\/copytrader\/risk-warnings\/","name":"Rizika spojen\u00e1 s obchodov\u00e1n\u00edm na soci\u00e1ln\u00edch s\u00edt\u00edch (Copy Trading)","isPartOf":{"@id":"https:\/\/www.etoro.com\/cs-cz\/#website"},"datePublished":"2026-04-20T07:10:55+00:00","dateModified":"2026-04-30T06:22:23+00:00","description":"Zjist\u011bte v\u00edce o rizic\u00edch spojen\u00fdch s tradingem na soci\u00e1ln\u00ed s\u00edti a Kop\u00edrujte tradingem, v\u010detn\u011b CFD, kryptom\u011bnov\u00fdch aktiv, rozd\u00edl\u016f ve v\u00fdkonnosti a hloubkov\u00e9 kontroly.","breadcrumb":{"@id":"https:\/\/www.etoro.com\/cs-cz\/copytrader\/risk-warnings\/#breadcrumb"},"inLanguage":"cs","potentialAction":[{"@type":"ReadAction","target":["https:\/\/www.etoro.com\/cs-cz\/copytrader\/risk-warnings\/"]}]},{"@type":"BreadcrumbList","@id":"https:\/\/www.etoro.com\/cs-cz\/copytrader\/risk-warnings\/#breadcrumb","itemListElement":[{"@type":"ListItem","position":1,"name":"Dom\u016f","item":"https:\/\/www.etoro.com\/cs-cz\/"},{"@type":"ListItem","position":2,"name":"CopyTrader","item":"https:\/\/www.etoro.com\/cs-cz\/copytrader\/"},{"@type":"ListItem","position":3,"name":"Risks Associated with Social Trading (Copy Trading)"}]},{"@type":"WebSite","@id":"https:\/\/www.etoro.com\/cs-cz\/#website","url":"https:\/\/www.etoro.com\/cs-cz\/","name":"eToro","description":"","publisher":{"@id":"https:\/\/www.etoro.com\/cs-cz\/#organization"},"potentialAction":[{"@type":"SearchAction","target":{"@type":"EntryPoint","urlTemplate":"https:\/\/www.etoro.com\/cs-cz\/?s={search_term_string}"},"query-input":{"@type":"PropertyValueSpecification","valueRequired":true,"valueName":"search_term_string"}}],"inLanguage":"cs"},[]]}},"_links":{"self":[{"href":"https:\/\/www.etoro.com\/cs-cz\/wp-json\/wp\/v2\/pages\/1259350"}],"collection":[{"href":"https:\/\/www.etoro.com\/cs-cz\/wp-json\/wp\/v2\/pages"}],"about":[{"href":"https:\/\/www.etoro.com\/cs-cz\/wp-json\/wp\/v2\/types\/page"}],"author":[{"embeddable":true,"href":"https:\/\/www.etoro.com\/cs-cz\/wp-json\/wp\/v2\/users\/158"}],"replies":[{"embeddable":true,"href":"https:\/\/www.etoro.com\/cs-cz\/wp-json\/wp\/v2\/comments?post=1259350"}],"version-history":[{"count":0,"href":"https:\/\/www.etoro.com\/cs-cz\/wp-json\/wp\/v2\/pages\/1259350\/revisions"}],"up":[{"embeddable":true,"href":"https:\/\/www.etoro.com\/cs-cz\/wp-json\/wp\/v2\/pages\/34701"}],"wp:attachment":[{"href":"https:\/\/www.etoro.com\/cs-cz\/wp-json\/wp\/v2\/media?parent=1259350"}],"wp:term":[{"taxonomy":"asset_type","embeddable":true,"href":"https:\/\/www.etoro.com\/cs-cz\/wp-json\/wp\/v2\/asset_type?post=1259350"}],"curies":[{"name":"wp","href":"https:\/\/api.w.org\/{rel}","templated":true}]}}