{"id":167572,"date":"2020-10-15T10:30:40","date_gmt":"2020-10-15T07:30:40","guid":{"rendered":"http:\/\/www.etoro.com\/investing\/insurance\/"},"modified":"2025-04-23T00:14:21","modified_gmt":"2025-04-22T21:14:21","slug":"insurance","status":"publish","type":"page","link":"https:\/\/www.etoro.com\/cs-cz\/investing\/insurance\/","title":{"rendered":"Poji\u0161t\u011bn\u00ed"},"content":{"rendered":"\n<section class=\"wp-block-group wp-block-group-boxed has-white-background-color has-background\"><div class=\"wp-block-group-inner is-layout-flow wp-block-group-is-layout-flow\">\n<div class=\"wp-block-columns are-vertically-aligned-top wp-block-columns-1 is-layout-flex wp-container-core-columns-is-layout-1 wp-block-columns-is-layout-flex\">\n<div class=\"wp-block-column is-layout-flow wp-block-column-is-layout-flow\">\n<h2 class=\"wp-block-heading\">Poji\u0161t\u011bn\u00ed<\/h2>\n\n\n\n<p>N\u011bkter\u00e9 subjekty platformy eToro poskytuj\u00ed opr\u00e1vn\u011bn\u00fdm z\u00e1kazn\u00edk\u016fm bezplatn\u00e9 poji\u0161t\u011bn\u00ed zakoupen\u00e9 od spole\u010dnosti Lloyd&#8217;s of London, jednoho z p\u0159edn\u00edch sv\u011btov\u00fdch poskytovatel\u016f specializovan\u00e9ho poji\u0161t\u011bn\u00ed, s kryt\u00edm a\u017e do v\u00fd\u0161e 1 milionu EUR, AUD nebo USD (v z\u00e1vislosti na regionu).<\/p>\n\n\n\n<p>Toto bezplatn\u00e9 poji\u0161t\u011bn\u00ed je k dispozici pouze pro \u010dleny Klubu Platinum, Platinum + a Diamond, <a href=\"https:\/\/www.etoro.com\/cs-cz\/about\/club\/\">z\u00e1kazn\u00edky<\/a> spole\u010dnost\u00ed eToro (Europe) Ltd., eToro AUS Capital Ltd., eToro (ME) Ltd. a eToro (Seychelles) Ltd.<\/p>\n\n\n\n<p>Upozorn\u011bn\u00ed:<\/p>\n\n\n\n<ul class=\"wp-block-list wp-block-list wp-block-list-circle\">\n<li>Poji\u0161t\u011bn\u00ed se vztahuje na n\u00e1roky opr\u00e1vn\u011bn\u00fdch klient\u016f, kte\u0159\u00ed utrp\u011bli ztr\u00e1ty v d\u016fsledku nepravd\u011bpodobn\u00e9ho p\u0159\u00edpadu platebn\u00ed neschopnosti spole\u010dnosti eToro a v p\u0159\u00edpad\u011b ud\u00e1losti nespr\u00e1vn\u00e9ho postupu (jak je definov\u00e1no v p\u0159\u00edslu\u0161n\u00fdch&nbsp;<a href=\"https:\/\/www.etoro.com\/wp-content\/uploads\/2022\/11\/Insurance-Disclosure-to-Clients-2022-.docx.pdf\">podm\u00ednk\u00e1ch<\/a>).<\/li>\n\n\n\n<li>Poji\u0161t\u011bn\u00ed kryje: (i) a\u017e 1 milion EUR, AUD nebo USD (v z\u00e1vislosti na regulovan\u00e9m subjektu); (ii) a\u017e do celkov\u00e9ho limitu zakoupen\u00e9ho spole\u010dnost\u00ed eToro; a (iii) dojde k p\u0159ekro\u010den\u00ed \u010d\u00e1stky (podle definice v p\u0159\u00edslu\u0161n\u00fdch <a href=\"https:\/\/etoro.com\/wp-content\/uploads\/2023\/01\/Insurance-Disclosure-to-Clients-2022-.docx.pdf\" rel=\"nofollow noopener noreferrer\" >z\u00e1sad\u00e1ch<\/a>).<\/li>\n\n\n\n<li>Mus\u00ed p\u0159ekro\u010dit po\u010d\u00e1te\u010dn\u00ed \u010d\u00e1stku 20 000 EUR, AUD nebo USD.<\/li>\n\n\n\n<li>Poji\u0161t\u011bn\u00ed se vztahuje na hotovost, v\u0161echny CFD pozice a cenn\u00e9 pap\u00edry. V\u0161imn\u011bte si, \u017ee se poji\u0161t\u011bn\u00ed nevztahuje na RE\u00c1LN\u00c9 pozice v kryptom\u011bn\u00e1ch, jak je stanoveno v p\u0159\u00edslu\u0161n\u00fdch&nbsp;<a href=\"https:\/\/www.etoro.com\/wp-content\/uploads\/2022\/11\/Insurance-Disclosure-to-Clients-2022-.docx.pdf\">podm\u00ednk\u00e1ch<\/a>.<\/li>\n<\/ul>\n<\/div>\n<\/div>\n<\/div><\/section>\n\n\n\n<section class=\"wp-block-group wp-block-group-boxed has-dark-blue-background-color has-background\"><div class=\"wp-block-group-inner is-layout-flow wp-block-group-is-layout-flow\">\n<div class=\"wp-block-columns are-vertically-aligned-center wp-block-columns-2 is-layout-flex wp-container-core-columns-is-layout-2 wp-block-columns-is-layout-flex\">\n<div class=\"wp-block-column is-layout-flow wp-block-column-is-layout-flow\">\n<figure class=\"wp-block-image size-full\"><img loading=\"lazy\" decoding=\"async\" width=\"577\" height=\"375\" src=\"https:\/\/www.etoro.com\/wp-content\/uploads\/2025\/04\/Three-layer-protection.png\" alt=\"\" class=\"wp-image-1048942 wp-image-desktop\" srcset=\"https:\/\/www.etoro.com\/wp-content\/uploads\/2025\/04\/Three-layer-protection.png 577w, https:\/\/www.etoro.com\/wp-content\/uploads\/2025\/04\/Three-layer-protection-300x195.png 300w\" sizes=\"(max-width: 577px) 100vw, 577px\" \/><\/figure>\n<\/div>\n\n\n\n<div class=\"wp-block-column is-text-column is-layout-flow wp-block-column-is-layout-flow\">\n<h2 class=\"wp-block-heading\"><strong>T\u0159i \u00farovn\u011b ochrany<\/strong><\/h2>\n\n\n\n<p>V nepravd\u011bpodobn\u00e9m p\u0159\u00edpad\u011b insolvence platformy eToro maj\u00ed opr\u00e1vn\u011bn\u00ed klienti* eToro (Europe) Ltd., eToro AUS Capital Ltd., eToro (ME) Ltd. a eToro (Seychelles) Ltd. t\u0159i \u00farovn\u011b ochrany.<\/p>\n\n\n\n<ul class=\"wp-block-list wp-block-list wp-block-list-circle\">\n<li>V p\u0159\u00edpad\u011b platebn\u00ed neschopnosti bude p\u0159id\u011blen\u00fd likvid\u00e1tor spravovat majetek spole\u010dnosti eToro a p\u0159\u00edpadn\u011b rozd\u011blovat pen\u00edze mezi jej\u00ed klienty.<\/li>\n\n\n\n<li>Regula\u010dn\u00ed ochrana: Pro klienty spole\u010dnosti eToro (Europe) Ltd. (regulovan\u00e9 org\u00e1nem CySEC) plat\u00ed ur\u010dit\u00e1 regula\u010dn\u00ed sch\u00e9mata (ICF), kter\u00e1 klienty od\u0161kod\u0148uj\u00ed v p\u0159\u00edpad\u011b platebn\u00ed neschopnosti a nedostatku klientsk\u00fdch prost\u0159edk\u016f a\u017e do v\u00fd\u0161e 20 tis. USD.<\/li>\n\n\n\n<li>Soukrom\u00e9 poji\u0161t\u011bn\u00ed: Toto investi\u010dn\u00ed poji\u0161t\u011bn\u00ed, kter\u00e9 poskytuje spole\u010dnost Lloyd&#8217;s of London, kryje ztr\u00e1ty utrp\u011bn\u00e9 v d\u016fsledku insolvence, s p\u0159ipo\u010dten\u00edm spolu\u00fa\u010dasti, a to a\u017e do v\u00fd\u0161e 1 milionu EUR\/AUD\/USD na klienta*, jak je pops\u00e1no v\u00fd\u0161e.<\/li>\n<\/ul>\n\n\n\n<p class=\"is-style-disclaimer\">Toto bezplatn\u00e9 poji\u0161t\u011bn\u00ed je k dispozici pouze pro \u010dleny Klubu Platinum, Platinum + a Diamond, <a href=\"https:\/\/www.etoro.com\/cs-cz\/about\/club\/\">z\u00e1kazn\u00edky<\/a> spole\u010dnost\u00ed eToro (Europe) Ltd., eToro AUS Capital Ltd., eToro (ME) Ltd. a eToro (Seychelles) Ltd.<\/p>\n<\/div>\n<\/div>\n<\/div><\/section>\n\n\n\n<section class=\"wp-block-group wp-block-group-boxed\"><div class=\"wp-block-group-inner is-layout-flow wp-block-group-is-layout-flow\">\n<div class=\"wp-block-columns are-vertically-aligned-top wp-block-columns-1 is-layout-flex wp-container-core-columns-is-layout-3 wp-block-columns-is-layout-flex\">\n<div class=\"wp-block-column is-layout-flow wp-block-column-is-layout-flow\">\n<h2 class=\"wp-block-heading has-text-align-center\"><strong>eToro nab\u00edz\u00ed dal\u0161\u00ed slu\u017eby, nap\u0159\u00edklad:<\/strong><\/h2>\n<\/div>\n<\/div>\n<\/div><\/section>\n\n\n\n<section class=\"wp-block-group wp-block-group-boxed has-white-background-color has-background\"><div class=\"wp-block-group-inner is-layout-flow wp-block-group-is-layout-flow\">\n<div class=\"wp-block-columns are-vertically-aligned-center wp-block-columns-2 is-swapped-on-mobile is-layout-flex wp-container-core-columns-is-layout-4 wp-block-columns-is-layout-flex\">\n<div class=\"wp-block-column is-layout-flow wp-block-column-is-layout-flow\">\n<h2 class=\"wp-block-heading\">Va\u0161e prost\u0159edky jsou vedeny na odd\u011blen\u00e9m \u00fa\u010dtu<\/h2>\n\n\n\n<p>Nejvy\u0161\u0161\u00ed prioritou eToro je udr\u017eovat bezpe\u010dnost sv\u00fdch klient\u016f i jejich finan\u010dn\u00edch prost\u0159edk\u016f. Z tohoto d\u016fvodu je ka\u017ed\u00fd hal\u00e9\u0159 vlo\u017een\u00fd klientem veden na samostatn\u00e9m, odd\u011blen\u00e9m \u00fa\u010dtu. To znamen\u00e1, \u017ee i ve vysoce nepravd\u011bpodobn\u00e9m p\u0159\u00edpad\u011b platebn\u00ed neschopnosti eToro budou Va\u0161e finan\u010dn\u00ed prost\u0159edky v bezpe\u010d\u00ed.<\/p>\n<\/div>\n\n\n\n<div class=\"wp-block-column is-layout-flow wp-block-column-is-layout-flow\">\n<figure class=\"wp-block-image size-full\"><img loading=\"lazy\" decoding=\"async\" width=\"578\" height=\"375\" src=\"https:\/\/www.etoro.com\/wp-content\/uploads\/2025\/04\/Segregated-Account.png\" alt=\"\" class=\"wp-image-1048971 wp-image-desktop\" srcset=\"https:\/\/www.etoro.com\/wp-content\/uploads\/2025\/04\/Segregated-Account.png 578w, https:\/\/www.etoro.com\/wp-content\/uploads\/2025\/04\/Segregated-Account-300x195.png 300w\" sizes=\"(max-width: 578px) 100vw, 578px\" \/><\/figure>\n<\/div>\n<\/div>\n<\/div><\/section>\n\n\n\n<section class=\"wp-block-group wp-block-group-boxed has-white-background-color has-background\"><div class=\"wp-block-group-inner is-layout-flow wp-block-group-is-layout-flow\">\n<div class=\"wp-block-columns are-vertically-aligned-center wp-block-columns-2 is-layout-flex wp-container-core-columns-is-layout-5 wp-block-columns-is-layout-flex\">\n<div class=\"wp-block-column is-layout-flow wp-block-column-is-layout-flow\">\n<figure class=\"wp-block-image size-full\"><img loading=\"lazy\" decoding=\"async\" width=\"576\" height=\"394\" src=\"https:\/\/www.etoro.com\/wp-content\/uploads\/2025\/04\/100-K-Demo-account.png\" alt=\"\" class=\"wp-image-1049040 wp-image-desktop\" srcset=\"https:\/\/www.etoro.com\/wp-content\/uploads\/2025\/04\/100-K-Demo-account.png 576w, https:\/\/www.etoro.com\/wp-content\/uploads\/2025\/04\/100-K-Demo-account-300x205.png 300w\" sizes=\"(max-width: 576px) 100vw, 576px\" \/><\/figure>\n<\/div>\n\n\n\n<div class=\"wp-block-column is-layout-flow wp-block-column-is-layout-flow\">\n<h2 class=\"wp-block-heading\">Demo \u00fa\u010det se 100 tis. USD ZDARMA<\/h2>\n\n\n\n<p>Vyzkou\u0161ejte si jednoduchost a snadn\u00e9 pou\u017e\u00edv\u00e1n\u00ed platformy eToro s BEZPLATN\u00ddM demo \u00fa\u010dtem se 100&nbsp;000&nbsp;USD. Otev\u00edrejte a zav\u00edrejte obchody, budujte si virtu\u00e1ln\u00ed portfolio s&nbsp;<a href=\"https:\/\/www.etoro.com\/cs-cz\/stocks\/\">cenn\u00fdmi pap\u00edry <\/a>,&nbsp;<a href=\"https:\/\/www.etoro.com\/cs-cz\/crypto\/\">kryptom\u011bnami<\/a>&nbsp;a dal\u0161\u00edmi t\u0159\u00eddami aktiv a zdokonalujte sv\u00e9 obchodn\u00ed a investi\u010dn\u00ed dovednosti.<\/p>\n<\/div>\n<\/div>\n<\/div><\/section>\n\n\n\n<section class=\"wp-block-group wp-block-group-boxed has-white-background-color has-background\"><div class=\"wp-block-group-inner is-layout-flow wp-block-group-is-layout-flow\">\n<div class=\"wp-block-columns are-vertically-aligned-top wp-block-columns-1 is-layout-flex wp-container-core-columns-is-layout-6 wp-block-columns-is-layout-flex\">\n<div class=\"wp-block-column is-layout-flow wp-block-column-is-layout-flow\">\n<p class=\"has-text-align-center\">Plat\u00ed V\u0161eobecn\u00e9 obchodn\u00ed podm\u00ednky. Dal\u0161\u00ed informace najdete v\u00a0pojistn\u00fdch\u00a0<a href=\"https:\/\/www.etoro.com\/wp-content\/uploads\/2025\/02\/Insurance-Disclosure-to-Clients-2025.pdf\" target=\"_blank\" rel=\"noreferrer noopener\">Obchodn\u00edch podm\u00ednk\u00e1ch<\/a>\u00a0eToro.<\/p>\n\n\n\n<div class=\"wp-block-buttons is-content-justification-center is-layout-flex wp-container-core-buttons-is-layout-1 wp-block-buttons-is-layout-flex\">\n<a class=\"e-cta e-cta-primary\" href=\"https:\/\/www.etoro.com\/cs-cz\/accounts\/sign-up\">Za\u010d\u00edn\u00e1me<\/a>\n<\/div>\n<\/div>\n<\/div>\n<\/div><\/section>\n\n\n\n<section class=\"wp-block-group wp-block-group-boxed has-white-background-color has-background\"><div class=\"wp-block-group-inner is-layout-flow wp-block-group-is-layout-flow\">\n<div class=\"wp-block-columns are-vertically-aligned-top wp-block-columns-1 is-layout-flex wp-container-core-columns-is-layout-7 wp-block-columns-is-layout-flex\">\n<div class=\"wp-block-column is-layout-flow wp-block-column-is-layout-flow\">\n<h2 class=\"wp-block-heading has-text-align-center\">Poji\u0161t\u011bn\u00ed eToro \u2013 \u010cast\u00e9 dotazy<\/h2>\n\n\n\n<dl class=\"wp-block-etoro-faq\">\n<div class=\"wp-block-etoro-faq-item\"><dt class=\"wp-block-etoro-faq-item-question\">Na kter\u00e9 produkty se poji\u0161t\u011bn\u00ed vztahuje?<\/dt><dd class=\"wp-block-etoro-faq-item-answer\">\n<p>Poji\u0161t\u011bn\u00ed se vztahuje na hotovost, v\u0161echny CFD pozice a cenn\u00e9 pap\u00edry. Upozor\u0148ujeme, \u017ee investi\u010dn\u00ed poji\u0161t\u011bn\u00ed se nevztahuje na RE\u00c1LN\u00c9 pozice v kryptom\u011bn\u00e1ch (jin\u00e9 ne\u017e CFD).<\/p>\n<\/dd><\/div>\n\n\n\n<div class=\"wp-block-etoro-faq-item\"><dt class=\"wp-block-etoro-faq-item-question\">Na koho se poji\u0161t\u011bn\u00ed vztahuje?<\/dt><dd class=\"wp-block-etoro-faq-item-answer\">\n<p>Poji\u0161t\u011bn\u00ed je k dispozici pouze pro \u010dleny Klubu Platinum, Platinum + a Diamond, <a href=\"https:\/\/etoro.com\/cs-cz\/about\/club\/\" rel=\"nofollow noopener noreferrer\" >z\u00e1kazn\u00edky<\/a> spole\u010dnost\u00ed eToro (Europe) Ltd., eToro AUS Capital Ltd., eToro (ME) Ltd. a eToro (Seychelles) Ltd.<\/p>\n<\/dd><\/div>\n\n\n\n<div class=\"wp-block-etoro-faq-item\"><dt class=\"wp-block-etoro-faq-item-question\">M\u00e1 poji\u0161t\u011bn\u00ed datum ukon\u010den\u00ed platnosti?<\/dt><dd class=\"wp-block-etoro-faq-item-answer\">\n<p>Ne, nicm\u00e9n\u011b poji\u0161t\u011bn\u00ed m\u016f\u017ee b\u00fdt dle uv\u00e1\u017een\u00ed spole\u010dnosti eToro kdykoli v budoucnu zru\u0161eno. A to bez nutnosti ozn\u00e1men\u00ed.<\/p>\n<\/dd><\/div>\n\n\n\n<div class=\"wp-block-etoro-faq-item\"><dt class=\"wp-block-etoro-faq-item-question\">Kdy se poji\u0161t\u011bn\u00ed aktivuje?<\/dt><dd class=\"wp-block-etoro-faq-item-answer\">\n<p>Poji\u0161t\u011bn\u00ed m\u016f\u017ee b\u00fdt aktivov\u00e1no v nepravd\u011bpodobn\u00e9m p\u0159\u00edpad\u011b platebn\u00ed neschopnosti spole\u010dnosti eToro.<\/p>\n<\/dd><\/div>\n\n\n\n<div class=\"wp-block-etoro-faq-item\"><dt class=\"wp-block-etoro-faq-item-question\">Jak eToro uchov\u00e1v\u00e1 m\u00e9 pen\u00edze?<\/dt><dd class=\"wp-block-etoro-faq-item-answer\">\n<p>Za \u00fa\u010delem ochrany va\u0161ich prost\u0159edk\u016f je eToro dr\u017e\u00ed na zcela odd\u011blen\u00e9m \u00fa\u010dtu u p\u0159edn\u00ed banky nebo kvalifikovan\u00e9ho fondu na pen\u011b\u017en\u00edm trhu.<\/p>\n<\/dd><\/div>\n<\/dl>\n<\/div>\n<\/div>\n<\/div><\/section>\n","protected":false},"excerpt":{"rendered":"<p>Poji\u0161t\u011bn\u00ed N\u011bkter\u00e9 subjekty platformy eToro poskytuj\u00ed opr\u00e1vn\u011bn\u00fdm z\u00e1kazn\u00edk\u016fm bezplatn\u00e9 poji\u0161t\u011bn\u00ed zakoupen\u00e9 od spole\u010dnosti Lloyd&#8217;s of London, jednoho z p\u0159edn\u00edch sv\u011btov\u00fdch poskytovatel\u016f specializovan\u00e9ho poji\u0161t\u011bn\u00ed, s kryt\u00edm a\u017e do v\u00fd\u0161e 1 milionu EUR, AUD nebo USD (v z\u00e1vislosti na regionu). Toto bezplatn\u00e9 poji\u0161t\u011bn\u00ed je k dispozici pouze pro \u010dleny Klubu Platinum, Platinum + a Diamond, z\u00e1kazn\u00edky spole\u010dnost\u00ed&hellip;<\/p>\n","protected":false},"author":39,"featured_media":0,"parent":19761,"menu_order":492,"comment_status":"closed","ping_status":"closed","template":"","meta":{"_acf_changed":true,"inline_featured_image":false,"sticky_cta_settings":"","footnotes":""},"asset_type":[],"class_list":["post-167572","page","type-page","status-publish","hentry"],"acf":[],"yoast_head":"<title>BEZPLATN\u00c9 investi\u010dn\u00ed poji\u0161t\u011bn\u00ed pro klienty eToro<\/title>\n<meta name=\"description\" content=\"Vyu\u017eijte extra vrstvu ochrany: eToro nab\u00edz\u00ed BEZPLATN\u00c9 poji\u0161t\u011bn\u00ed a\u017e do 1 milionu EUR\/GBP\/AUD, v z\u00e1vislosti na regulaci.\" \/>\n<meta name=\"robots\" content=\"noindex, follow\" \/>\n<meta property=\"og:locale\" content=\"cs_CZ\" \/>\n<meta property=\"og:type\" content=\"article\" \/>\n<meta property=\"og:title\" content=\"BEZPLATN\u00c9 investi\u010dn\u00ed poji\u0161t\u011bn\u00ed pro klienty eToro\" \/>\n<meta property=\"og:description\" content=\"Vyu\u017eijte extra vrstvu ochrany: eToro nab\u00edz\u00ed BEZPLATN\u00c9 poji\u0161t\u011bn\u00ed a\u017e do 1 milionu EUR\/GBP\/AUD, v z\u00e1vislosti na regulaci.\" \/>\n<meta property=\"og:url\" content=\"https:\/\/www.etoro.com\/cs-cz\/wp-json\/wp\/v2\/pages\/167572\" \/>\n<meta property=\"og:site_name\" content=\"eToro\" \/>\n<meta property=\"article:publisher\" content=\"https:\/\/www.facebook.com\/eToro\/\" \/>\n<meta property=\"article:modified_time\" content=\"2025-04-22T21:14:21+00:00\" \/>\n<meta property=\"og:image\" content=\"https:\/\/www.etoro.com\/wp-content\/uploads\/2025\/04\/Three-layer-protection.png\" \/>\n\t<meta property=\"og:image:width\" content=\"577\" \/>\n\t<meta property=\"og:image:height\" content=\"375\" \/>\n\t<meta property=\"og:image:type\" content=\"image\/png\" \/>\n<meta name=\"twitter:card\" content=\"summary_large_image\" \/>\n<meta name=\"twitter:site\" content=\"@eToro\" \/>\n<meta name=\"twitter:label1\" content=\"Est. reading time\" \/>\n\t<meta name=\"twitter:data1\" content=\"4 minutes\" \/>\n<script type=\"application\/ld+json\" class=\"yoast-schema-graph\">{\"@context\":\"https:\/\/schema.org\",\"@graph\":[{\"@type\":\"WebPage\",\"@id\":\"https:\/\/www.etoro.com\/cs-cz\/investing\/insurance\/\",\"url\":\"https:\/\/www.etoro.com\/cs-cz\/investing\/insurance\/\",\"name\":\"BEZPLATN\u00c9 investi\u010dn\u00ed poji\u0161t\u011bn\u00ed pro klienty eToro\",\"isPartOf\":{\"@id\":\"https:\/\/www.etoro.com\/cs-cz\/#website\"},\"primaryImageOfPage\":{\"@id\":\"https:\/\/www.etoro.com\/cs-cz\/investing\/insurance\/#primaryimage\"},\"image\":{\"@id\":\"https:\/\/www.etoro.com\/cs-cz\/investing\/insurance\/#primaryimage\"},\"thumbnailUrl\":\"https:\/\/www.etoro.com\/wp-content\/uploads\/2025\/04\/Three-layer-protection.png\",\"datePublished\":\"2020-10-15T07:30:40+00:00\",\"dateModified\":\"2025-04-22T21:14:21+00:00\",\"description\":\"Vyu\u017eijte extra vrstvu ochrany: eToro nab\u00edz\u00ed BEZPLATN\u00c9 poji\u0161t\u011bn\u00ed a\u017e do 1 milionu EUR\/GBP\/AUD, v z\u00e1vislosti na regulaci.\",\"breadcrumb\":{\"@id\":\"https:\/\/www.etoro.com\/cs-cz\/investing\/insurance\/#breadcrumb\"},\"inLanguage\":\"cs\",\"potentialAction\":[{\"@type\":\"ReadAction\",\"target\":[\"https:\/\/www.etoro.com\/cs-cz\/investing\/insurance\/\"]}]},{\"@type\":\"ImageObject\",\"inLanguage\":\"cs\",\"@id\":\"https:\/\/www.etoro.com\/cs-cz\/investing\/insurance\/#primaryimage\",\"url\":\"https:\/\/www.etoro.com\/wp-content\/uploads\/2025\/04\/Three-layer-protection.png\",\"contentUrl\":\"https:\/\/www.etoro.com\/wp-content\/uploads\/2025\/04\/Three-layer-protection.png\"},{\"@type\":\"BreadcrumbList\",\"@id\":\"https:\/\/www.etoro.com\/cs-cz\/investing\/insurance\/#breadcrumb\",\"itemListElement\":[{\"@type\":\"ListItem\",\"position\":1,\"name\":\"Dom\u016f\",\"item\":\"https:\/\/www.etoro.com\/cs-cz\/\"},{\"@type\":\"ListItem\",\"position\":2,\"name\":\"Investice\",\"item\":\"https:\/\/www.etoro.com\/cs-cz\/investing\/\"},{\"@type\":\"ListItem\",\"position\":3,\"name\":\"Poji\u0161t\u011bn\u00ed\"}]},{\"@type\":\"WebSite\",\"@id\":\"https:\/\/www.etoro.com\/cs-cz\/#website\",\"url\":\"https:\/\/www.etoro.com\/cs-cz\/\",\"name\":\"eToro\",\"description\":\"\",\"publisher\":{\"@id\":\"https:\/\/www.etoro.com\/cs-cz\/#organization\"},\"potentialAction\":[{\"@type\":\"SearchAction\",\"target\":{\"@type\":\"EntryPoint\",\"urlTemplate\":\"https:\/\/www.etoro.com\/cs-cz\/?s={search_term_string}\"},\"query-input\":{\"@type\":\"PropertyValueSpecification\",\"valueRequired\":true,\"valueName\":\"search_term_string\"}}],\"inLanguage\":\"cs\"},[]]}<\/script>","yoast_head_json":{"title":"BEZPLATN\u00c9 investi\u010dn\u00ed poji\u0161t\u011bn\u00ed pro klienty eToro","description":"Vyu\u017eijte extra vrstvu ochrany: eToro nab\u00edz\u00ed BEZPLATN\u00c9 poji\u0161t\u011bn\u00ed a\u017e do 1 milionu EUR\/GBP\/AUD, v z\u00e1vislosti na regulaci.","robots":{"index":"noindex","follow":"follow"},"og_locale":"cs_CZ","og_type":"article","og_title":"BEZPLATN\u00c9 investi\u010dn\u00ed poji\u0161t\u011bn\u00ed pro klienty eToro","og_description":"Vyu\u017eijte extra vrstvu ochrany: eToro nab\u00edz\u00ed BEZPLATN\u00c9 poji\u0161t\u011bn\u00ed a\u017e do 1 milionu EUR\/GBP\/AUD, v z\u00e1vislosti na regulaci.","og_url":"https:\/\/www.etoro.com\/cs-cz\/wp-json\/wp\/v2\/pages\/167572","og_site_name":"eToro","article_publisher":"https:\/\/www.facebook.com\/eToro\/","article_modified_time":"2025-04-22T21:14:21+00:00","og_image":[{"width":577,"height":375,"url":"https:\/\/www.etoro.com\/wp-content\/uploads\/2025\/04\/Three-layer-protection.png","type":"image\/png"}],"twitter_card":"summary_large_image","twitter_site":"@eToro","twitter_misc":{"Est. reading time":"4 minutes"},"schema":{"@context":"https:\/\/schema.org","@graph":[{"@type":"WebPage","@id":"https:\/\/www.etoro.com\/cs-cz\/investing\/insurance\/","url":"https:\/\/www.etoro.com\/cs-cz\/investing\/insurance\/","name":"BEZPLATN\u00c9 investi\u010dn\u00ed poji\u0161t\u011bn\u00ed pro klienty eToro","isPartOf":{"@id":"https:\/\/www.etoro.com\/cs-cz\/#website"},"primaryImageOfPage":{"@id":"https:\/\/www.etoro.com\/cs-cz\/investing\/insurance\/#primaryimage"},"image":{"@id":"https:\/\/www.etoro.com\/cs-cz\/investing\/insurance\/#primaryimage"},"thumbnailUrl":"https:\/\/www.etoro.com\/wp-content\/uploads\/2025\/04\/Three-layer-protection.png","datePublished":"2020-10-15T07:30:40+00:00","dateModified":"2025-04-22T21:14:21+00:00","description":"Vyu\u017eijte extra vrstvu ochrany: eToro nab\u00edz\u00ed BEZPLATN\u00c9 poji\u0161t\u011bn\u00ed a\u017e do 1 milionu EUR\/GBP\/AUD, v z\u00e1vislosti na regulaci.","breadcrumb":{"@id":"https:\/\/www.etoro.com\/cs-cz\/investing\/insurance\/#breadcrumb"},"inLanguage":"cs","potentialAction":[{"@type":"ReadAction","target":["https:\/\/www.etoro.com\/cs-cz\/investing\/insurance\/"]}]},{"@type":"ImageObject","inLanguage":"cs","@id":"https:\/\/www.etoro.com\/cs-cz\/investing\/insurance\/#primaryimage","url":"https:\/\/www.etoro.com\/wp-content\/uploads\/2025\/04\/Three-layer-protection.png","contentUrl":"https:\/\/www.etoro.com\/wp-content\/uploads\/2025\/04\/Three-layer-protection.png"},{"@type":"BreadcrumbList","@id":"https:\/\/www.etoro.com\/cs-cz\/investing\/insurance\/#breadcrumb","itemListElement":[{"@type":"ListItem","position":1,"name":"Dom\u016f","item":"https:\/\/www.etoro.com\/cs-cz\/"},{"@type":"ListItem","position":2,"name":"Investice","item":"https:\/\/www.etoro.com\/cs-cz\/investing\/"},{"@type":"ListItem","position":3,"name":"Poji\u0161t\u011bn\u00ed"}]},{"@type":"WebSite","@id":"https:\/\/www.etoro.com\/cs-cz\/#website","url":"https:\/\/www.etoro.com\/cs-cz\/","name":"eToro","description":"","publisher":{"@id":"https:\/\/www.etoro.com\/cs-cz\/#organization"},"potentialAction":[{"@type":"SearchAction","target":{"@type":"EntryPoint","urlTemplate":"https:\/\/www.etoro.com\/cs-cz\/?s={search_term_string}"},"query-input":{"@type":"PropertyValueSpecification","valueRequired":true,"valueName":"search_term_string"}}],"inLanguage":"cs"},[]]}},"_links":{"self":[{"href":"https:\/\/www.etoro.com\/cs-cz\/wp-json\/wp\/v2\/pages\/167572"}],"collection":[{"href":"https:\/\/www.etoro.com\/cs-cz\/wp-json\/wp\/v2\/pages"}],"about":[{"href":"https:\/\/www.etoro.com\/cs-cz\/wp-json\/wp\/v2\/types\/page"}],"author":[{"embeddable":true,"href":"https:\/\/www.etoro.com\/cs-cz\/wp-json\/wp\/v2\/users\/39"}],"replies":[{"embeddable":true,"href":"https:\/\/www.etoro.com\/cs-cz\/wp-json\/wp\/v2\/comments?post=167572"}],"version-history":[{"count":0,"href":"https:\/\/www.etoro.com\/cs-cz\/wp-json\/wp\/v2\/pages\/167572\/revisions"}],"up":[{"embeddable":true,"href":"https:\/\/www.etoro.com\/cs-cz\/wp-json\/wp\/v2\/pages\/19761"}],"wp:attachment":[{"href":"https:\/\/www.etoro.com\/cs-cz\/wp-json\/wp\/v2\/media?parent=167572"}],"wp:term":[{"taxonomy":"asset_type","embeddable":true,"href":"https:\/\/www.etoro.com\/cs-cz\/wp-json\/wp\/v2\/asset_type?post=167572"}],"curies":[{"name":"wp","href":"https:\/\/api.w.org\/{rel}","templated":true}]}}