{"id":20032,"date":"2017-11-20T08:43:33","date_gmt":"2017-11-20T06:43:33","guid":{"rendered":"https:\/\/www-stg.etoro.com\/risks-associated-with-social-trading\/"},"modified":"2019-01-23T16:32:02","modified_gmt":"2019-01-23T14:32:02","slug":"copytrading-risks","status":"publish","type":"page","link":"https:\/\/www.etoro.com\/cs-cz\/customer-service\/copytrading-risks\/","title":{"rendered":"Rizika spojen\u00e1 se soci\u00e1ln\u00edm obchodov\u00e1n\u00edm"},"content":{"rendered":"<p><strong>eToro (Europe) Ltd. a jej\u00ed pobo\u010dky jsou hrd\u00ed na to, \u017ee v\u00e1m mohou poskytnout mo\u017enost komunikovat, sledovat a kop\u00edrovat ostatn\u00ed obchodn\u00edky pomoc\u00ed informac\u00ed a\/nebo poskytnut\u00fdch funkc\u00ed soci\u00e1ln\u00edho obchodov\u00e1n\u00ed a\/nebo funkc\u00ed nab\u00edzen\u00fdch na na\u0161ich webov\u00fdch str\u00e1nk\u00e1ch a\/nebo obchodn\u00edch platform\u00e1ch. Mezi takov\u00e9 funkce soci\u00e1ln\u00edho obchodov\u00e1n\u00ed pat\u0159\u00ed, ale nejsou omezeny na na\u0161i komunitu, \u201esledovat\u201c, \u201ekop\u00edrovat\u201c a\/nebo \u017eeb\u0159\u00ed\u010dky u\u017eivatel\u016f \u201ecopytrader\u201c, \u201edoporu\u010den\u00ed u\u017eivatel\u00e9\u201c a\/nebo jak\u00e9koli mo\u017enosti pokro\u010dil\u00e9ho vyhled\u00e1v\u00e1n\u00ed (spole\u010dn\u011b \u201efunkce soci\u00e1ln\u00edho obchodov\u00e1n\u00ed\u201c). Jsme si v\u0161ak v\u011bdomi, \u017ee funkce soci\u00e1ln\u00edho obchodov\u00e1n\u00ed jsou spojeny s r\u016fzn\u00fdmi riziky a vyz\u00fdv\u00e1me v\u00e1s, abyste p\u0159ed vyu\u017eit\u00edm na\u0161ich funkc\u00ed soci\u00e1ln\u00ed obchodov\u00e1n\u00ed pe\u010dliv\u011b \u010detli a zv\u00e1\u017eili n\u00e1sleduj\u00edc\u00ed rizika:<\/strong><\/p>\n<ul>\n<li><span>Automatizovan\u00e9 proveden\u00ed obchodu, p\u0159i kter\u00e9m jsou obchody otev\u00edr\u00e1ny a zav\u00edr\u00e1ny na va\u0161em \u00fa\u010dtu bez va\u0161eho ru\u010dn\u00edho z\u00e1sahu.<\/span><\/li>\n<li><span>Slu\u017eby investi\u010dn\u00edho managementu eToro z\u00e1vis\u00ed na va\u0161ich rozhodnut\u00edch kop\u00edrovat konkr\u00e9tn\u00edho obchodn\u00edka nebo obchodn\u00edky a\/nebo sledovat ur\u010ditou strategii. P\u0159i p\u0159ij\u00edm\u00e1n\u00ed takov\u00fdch rozhodnut\u00ed jste zv\u00e1\u017eili svou celou finan\u010dn\u00ed situaci v\u010detn\u011b finan\u010dn\u00edch z\u00e1vazk\u016f a ch\u00e1pete, \u017ee pou\u017e\u00edv\u00e1n\u00ed funkc\u00ed soci\u00e1ln\u00edho obchodov\u00e1n\u00ed je vysoce spekulativn\u00ed a \u017ee byste mohli utrp\u011bt v\u00fdznamn\u00e9 ztr\u00e1ty p\u0159esahuj\u00edc\u00ed \u010d\u00e1stku pou\u017eitou ke kop\u00edrov\u00e1n\u00ed obchodn\u00edka nebo obchodn\u00edk\u016f.<\/span><\/li>\n<li><span>Funkce soci\u00e1ln\u00edho obchodov\u00e1n\u00ed jsou v\u00e1m poskytov\u00e1ny n\u00e1mi v\u00fdhradn\u011b pro informa\u010dn\u00ed \u00fa\u010dely. eToro (Europe) Ltd. a jej\u00ed pobo\u010dky a jejich zam\u011bstnanci a z\u00e1stupci nejsou investi\u010dn\u00ed ani finan\u010dn\u00ed poradci. POKUD \u010cIN\u00cdTE INVESTI\u010cN\u00cd ROZHODNUT\u00cd V Z\u00c1VISLOSTI NA INFORMAC\u00cdCH, KTER\u00c9 JSOU K DISPOZICI NA NA\u0160ICH WEBOV\u00ddCH STR\u00c1NK\u00c1CH NEBO V D\u016eSLEDKU POU\u017d\u00cdV\u00c1N\u00cd FUNKC\u00cd SOCI\u00c1LN\u00cdHO OBCHODOV\u00c1N\u00cd, \u010cIN\u00cdTE TAK NA VLASTN\u00cd RIZIKO A ETORO GROUP LTD. ANI JEJ\u00cd POBO\u010cKY, JEJICH ZAM\u011aSTNANCI A JEJICH Z\u00c1STUPCI NEBUDOU ZODPOV\u011aDN\u00cd ZA JAK\u00c9KOLI ZTR\u00c1TY, KTER\u00c9 M\u016e\u017dETE UTRP\u011aT.<\/span><\/li>\n<li><span>NEM\u011aLI BYSTE PROV\u00c1D\u011aT \u017d\u00c1DN\u00c9 INVESTI\u010cN\u00cd ROZHODNUT\u00cd, ANI\u017d BYSTE NEJD\u0158\u00cdVE PROV\u00c1D\u011aLI SV\u016eJ VLASTN\u00cd PR\u016eZKUM. ZA ROZHODNUT\u00cd, ZDA JSOU INVESTICE, STRATEGIE NEBO JAK\u00ddKOLI JIN\u00dd PRODUKT \u010cI SLU\u017dBA P\u0158IM\u011a\u0158EN\u00c9 \u010cI VHODN\u00c9 PRO V\u00c1S NA Z\u00c1KLAD\u011a VA\u0160ICH INVESTI\u010cN\u00cdCH C\u00cdL\u016e A OSOBN\u00cd A FINAN\u010cN\u00cd SITUACE, JSTE ZODPOV\u011aDN\u00cd V\u00ddHRADN\u011a A JEN VY.<\/span><\/li>\n<li><span>Pozice kop\u00edrovan\u00e9ho obchodn\u00edka (s ohledem na n\u011bkter\u00fd z na\u0161ich finan\u010dn\u00edch n\u00e1stroj\u016f) se kop\u00edruj\u00ed ve v\u00fd\u0161i rovnaj\u00edc\u00ed se ni\u017e\u0161\u00ed bu\u010f minim\u00e1ln\u00ed \u010d\u00e1stce pozice nebo \u010d\u00e1stce kop\u00edrovan\u00e9ho obchodu v pom\u011bru k realizovan\u00e9mu jm\u011bn\u00ed kop\u00edrovan\u00e9ho obchodn\u00edka jako z\u00e1kladu pom\u011br\u016f kop\u00edrovan\u00fdch obchod\u016f. Takov\u00e9 pozice maj\u00ed stejn\u00fd p\u00e1kov\u00fd efekt, stop loss a take profit, a to a\u017e do maxim\u00e1ln\u011b mo\u017en\u00e9ho rozsahu. Obchody pod minim\u00e1ln\u00ed \u010d\u00e1stkou obchodu se neotev\u00edraj\u00ed. V\u0161echny vyhled\u00e1vac\u00ed pozice jsou zm\u011bn\u011bny a\/nebo uzav\u0159eny automaticky, pokud a kdy\u017e jsou upraveny\/uzav\u0159eny kop\u00edrovan\u00fdm obchodn\u00edkem, z jak\u00e9hokoli d\u016fvodu, bez poskytnut\u00ed jak\u00e9koli dal\u0161\u00edho ozn\u00e1men\u00ed a bez jak\u00e9koli akce z va\u0161\u00ed strany. M\u011bli byste b\u00fdt schopni a p\u0159ipraveni n\u00e9st ztr\u00e1tu cel\u00e9 investice, kterou jste u\u010dinili do takov\u00e9ho kop\u00edrovan\u00e9ho obchodn\u00edka. Jste pln\u011b zodpov\u011bdn\u00ed za jak\u00e9koli ztr\u00e1ty, kter\u00e9 m\u016f\u017eete utrp\u011bt v d\u016fsledku na\u0161eho automatick\u00e9ho prov\u00e1d\u011bn\u00ed pokyn\u016f generovan\u00fdch v d\u016fsledku vyu\u017eit\u00ed n\u011bkter\u00e9 z funkc\u00ed soci\u00e1ln\u00edho obchodov\u00e1n\u00ed.<\/span><\/li>\n<li><span>Pokud na sv\u016fj \u00fa\u010det um\u00edst\u00edte dal\u0161\u00ed obchody nebo uprav\u00edte nebo zru\u0161\u00edte objedn\u00e1vku vygenerovanou funkc\u00ed soci\u00e1ln\u00edho obchodov\u00e1n\u00ed, m\u016f\u017eete dos\u00e1hnout podstatn\u011b jin\u00e9ho v\u00fdsledku ne\u017e u\u017eivatel, kter\u00e9ho jste kop\u00edrovali. Vyplacen\u00ed a v\u00fdb\u011br ze strany kop\u00edrovan\u00e9ho obchodn\u00edka m\u016f\u017ee tak\u00e9 vytvo\u0159it podstatn\u011b jin\u00fd v\u00fdsledek ne\u017e m\u00e1 u\u017eivatel, kter\u00e9ho jste kop\u00edrovali, proto\u017ee to m\u016f\u017ee ovlivnit pom\u011bry kop\u00edrovan\u00e9ho obchodu.<\/span><\/li>\n<li><span>Jak\u00fdkoli minul\u00fd v\u00fdkon na\u0161ich u\u017eivatel\u016f, sk\u00f3re rizika, statistiky a jak\u00e9koli dal\u0161\u00ed informace t\u00fdkaj\u00edc\u00ed se u\u017eivatel\u016f na na\u0161ich webov\u00fdch str\u00e1nk\u00e1ch a v aplikac\u00edch nejsou ukazatelem budouc\u00edch v\u00fdsledk\u016f a m\u011bly by b\u00fdt pova\u017eov\u00e1ny za hypotetick\u00e9, jak je podrobn\u011bji pops\u00e1no n\u00ed\u017ee. Je d\u016fle\u017eit\u00e9 pochopit, \u017ee sk\u00f3re rizika, statistick\u00e9 informace a historick\u00fd v\u00fdkon nejsou z\u00e1rukou budouc\u00edho v\u00fdkonu. NEN\u00cd POSKYTOV\u00c1NO \u017d\u00c1DN\u00c9 PROHL\u00c1\u0160EN\u00cd ANI Z\u00c1RUKA, \u017dE JAK\u00ddKOLI \u00da\u010cET DOS\u00c1HNE ZISK\u016e NEBO PRAVD\u011aPODOBN\u011a DOS\u00c1HNE ZISK\u016e NEBO ZTR\u00c1T PODOBN\u00ddM T\u011aM, KTER\u00c9 JSOU UVEDENY A\/NEBO \u017dE SK\u00d3RE RIZIKOVOSTI KOP\u00cdROVAN\u00c9HO U\u017dIVATELE NEBUDE VE SKUTE\u010cNOSTI VY\u0160\u0160\u00cd. P\u0159i revizi obsahu, portfolia, informac\u00ed o finan\u010dn\u00ed v\u00fdkonnosti, n\u00e1zorech nebo rad\u00e1ch jin\u00e9ho registrovan\u00e9ho u\u017eivatele byste nem\u011bli p\u0159edpokl\u00e1dat, \u017ee je u\u017eivatel nezaujat\u00fd, nez\u00e1visl\u00fd nebo zp\u016fsobil\u00fd poskytovat finan\u010dn\u00ed informace nebo stanoviska. eToro nezaru\u010duje \u017e\u00e1dn\u00e9 p\u0159\u00edkazy, v\u010detn\u011b pod\u00e1n\u00ed zastaven\u00ed objedn\u00e1vky, jako je Copy Stop Loss. V souladu s t\u00edm, bez ohledu na vstupn\u00ed nebo uzav\u00edrac\u00ed \u00fadaje, eToro nezaru\u010duje, \u017ee obchod bude napln\u011bn v cen\u011b objedn\u00e1vky \/ procentu stop loss a vy m\u016f\u017eete p\u0159ij\u00edt o v\u00edce ne\u017e p\u016fvodn\u00ed \u010d\u00e1sku pou\u017eitou ke kop\u00edrov\u00e1n\u00ed takov\u00e9ho obchodn\u00edka.<\/span><\/li>\n<li><span>V\u00ddSLEDKY V MINULOSTI A\/NEBO SK\u00d3RE RIZIKA BY M\u011aLY B\u00ddT POVA\u017dOV\u00c1NY ZA HYPOTETICK\u00c9 V\u00ddKONNOSTN\u00cd V\u00ddSLEDKY. HYPOTETICK\u00c9 V\u00ddKONNOSTN\u00cd V\u00ddSLEDKY MAJ\u00cd MNOHO VLASTN\u00cdCH OMEZEN\u00cd. NEN\u00cd POSKYTOV\u00c1NO \u017d\u00c1DN\u00c9 PROHL\u00c1\u0160EN\u00cd ANI Z\u00c1RUKA, \u017dE JAK\u00ddKOLI \u00da\u010cET DOS\u00c1HNE ZISK\u016e NEBO PRAVD\u011aPODOBN\u011a DOS\u00c1HNE ZISK\u016e NEBO ZTR\u00c1T PODOBN\u00ddM T\u011aM Z MINUL\u00ddCH V\u00ddKON\u016e NEBO UVEDEN\u00c9MU SK\u00d3RE RIZIKA. SKUTE\u010cN\u00c9 PROCENTN\u00cd ZISKY\/ZTR\u00c1TY, KTER\u00c9 INVESTO\u0158I ZA\u017d\u00cdVAJ\u00cd, SE BUDOU LI\u0160IT V Z\u00c1VISLOSTI NA MNOHA FAKTORECH, V\u010cETN\u011a, ALE NE BEZV\u00ddHRADN\u011a: PO\u010c\u00c1TE\u010cN\u00cdM Z\u016eSTATKU NA \u00da\u010cTU (VKLADY A V\u00ddB\u011aRY), TR\u017dN\u00cdM CHOV\u00c1N\u00cd, NASTAVEN\u00cd \u00da\u010cTU INVESTORA A SKUTE\u010cN\u00c9M V\u00ddKONU KOP\u00cdROVAN\u00c9HO U\u017dIVATELE.<\/span><\/li>\n<li><span>PROTO \u010cASTO EXISTUJ\u00cd V\u00ddRAZN\u00c9 ROZD\u00cdLY MEZI HYPOTETICK\u00ddMI\/MINUL\u00ddMI V\u00ddSLEDKY V\u00ddKONU A SKUTE\u010cN\u00ddMI V\u00ddSLEDKY N\u00c1SLEDN\u011a DOSA\u017dEN\u00ddMI JAK\u00ddMKOLIV KONKR\u00c9TN\u00cdM OBCHODN\u00cdM PROGRAMEM. JEDN\u00cdM Z OMEZEN\u00cd HYPOTETICK\u00ddCH V\u00ddSLEDK\u016e V\u00ddKONU JE TO, \u017dE JSOU OBECN\u011a VYPRACOV\u00c1V\u00c1NY S V\u00ddHODOU RETROSPEKTIVY. KROM\u011a TOHO HYPOTETICK\u00c9 OBCHODOV\u00c1N\u00cd NEZAHRNUJE FINAN\u010cN\u00cd RIZIKO A \u017d\u00c1DN\u00dd HYPOTETICK\u00dd OBCHODN\u00cd Z\u00c1ZNAM NEM\u016e\u017dE ZCELA ZOHLEDNIT DOPAD FINAN\u010cN\u00cdHO RIZIKA VE SKUTE\u010cN\u00c9M OBCHODOV\u00c1N\u00cd. NAP\u0158\u00cdKLAD SCHOPNOST ODOLAT ZTR\u00c1T\u00c1M NEBO DODR\u017dOVAT UR\u010cIT\u00dd OBCHODN\u00cd PROGRAM NAVZDORY OBCHODN\u00cdM ZTR\u00c1T\u00c1M JSOU Z\u00c1SADN\u00cdMI FAKTORY, KTER\u00c9 MOHOU TAK\u00c9 NEGATIVN\u011a OVLIVNIT SKUTE\u010cN\u00c9 OBCHODN\u00cd V\u00ddSLEDKY. EXISTUJE MNOHO DAL\u0160\u00cdCH FAKTOR\u016e, KTER\u00c9 SE VZTAHUJ\u00cd K TRH\u016eM OBECN\u011a NEBO K IMPLEMENTACI JAK\u00c9HOKOLI KONKR\u00c9TN\u00cdHO OBCHODN\u00cdHO PROGRAMU, S KTER\u00ddMI NELZE ZCELA PO\u010c\u00cdTAT P\u0158I P\u0158\u00cdPRAV\u011a HYPOTETICK\u00ddCH V\u00ddSLEDK\u016e V\u00ddKONNOSTI A V\u0160ECHNY Z NICH MOHOU NEP\u0158\u00cdZNIV\u011a OVLIVNIT SKUTE\u010cN\u00c9 OBCHODN\u00cd V\u00ddSLEDKY.<\/span><\/li>\n<li><span>\u017d\u00c1DN\u00dd ASPEKT POSKYTOVAN\u00ddCH INFORMAC\u00cd A\/NEBO FUNKCE SOCI\u00c1LN\u00cdHO OBCHODOV\u00c1N\u00cd A\/NEBO ZP\u0158\u00cdSTUPN\u011aN\u00ddCH NA NA\u0160ICH WEBOV\u00ddCH STR\u00c1NK\u00c1CH NEN\u00cd UR\u010cEN K POSKYTOV\u00c1N\u00cd, ANI BY M\u011aL B\u00ddT VYKL\u00c1D\u00c1N JAKO POSKYTOV\u00c1N\u00cd INVESTI\u010cN\u00cdHO, DA\u0147OV\u00c9HO NEBO JIN\u00c9HO FINAN\u010cN\u011a SOUVISEJ\u00cdC\u00cdHO PORADENSTV\u00cd JAK\u00c9HOKOLIV DRUHU. NEM\u011aLI BYSTE POVA\u017dOVAT JAK\u00ddKOLI TAKOV\u00dd OBSAH A\/NEBO TAKOVOU FUNKCI ZA N\u00c1HRADU PROFESION\u00c1LN\u00cdHO FINAN\u010cN\u00cdHO A\/NEBO INVESTI\u010cN\u00cdHO PORADENSTV\u00cd. POKUD SE ROZHODNETE ZAPOJIT SE DO TRANSAKC\u00cd NA Z\u00c1KLAD\u011a OBSAHU NA WEBOV\u00ddCH STR\u00c1NK\u00c1CH A\/NEBO SE ROZHODNETE KOP\u00cdROVAT KONKR\u00c9TN\u00cd OBCHODN\u00cdKY A\/NEBO OBCHODY, PAK TAKOV\u00c1 ROZHODNUT\u00cd A TRANSAKCE A VE\u0160KER\u00c9 D\u016eSLEDKY PLYNOUC\u00cd Z NICH JSOU NA VA\u0160I V\u00ddHRADN\u00cd ODPOV\u011aDNOST. ZAT\u00cdMCO JEDNOTLIV\u00cd \u00da\u010cASTN\u00cdCI MOHOU NAB\u00cdZET INVESTI\u010cN\u00cd PORADENSTV\u00cd NEBO N\u00c1ZORY A\/NEBO OVLIVNIT TRANSAKCI, KTER\u00c1 M\u016e\u017dE B\u00ddT N\u00c1SLEDN\u011a KOP\u00cdROV\u00c1NA JIN\u00ddMI OBCHODN\u00cdKY, TAKOV\u00c9 RADY, N\u00c1ZORY NEBO OBCHODY NEZNAMENAJ\u00cd NIC V\u00cdC NE\u017d V\u00ddM\u011aNY MEZI OSOBAMI, KTER\u00c9 MOHOU B\u00ddT ANONYMN\u00cd NEBO NEIDENTIFIKOVATELN\u00c9 NEBO JEDNODU\u0160E PROVEDEN\u00cd OBCHODU TAKOV\u00ddMI OBCHODN\u00cdKY. ETORO GROUP LTD. A JEHO POBO\u010cKY NEPOSKYTUJ\u00cd INVESTI\u010cN\u00cd PORADENSTV\u00cd P\u0158\u00cdMO, NEP\u0158\u00cdMO, IMPLICITN\u011a NEBO JAK\u00ddMKOLI ZP\u016eSOBEM T\u00cdM, \u017dE V\u00c1M TYTO INFORMACE A\/NEBO FUNKCE POSKYTUJ\u00cd K DISPOZICI. M\u011aLI BYSTE POU\u017d\u00cdT VE\u0160KER\u00c9 ZDE SHROM\u00c1\u017dD\u011aN\u00c9 INFORMACE A\/NEBO VYU\u017d\u00cdT FUNKCE SOCI\u00c1LN\u00cdHO OBCHODOV\u00c1N\u00cd POUZE JAKO V\u00ddCHOZ\u00cd BOD PRO VLASTN\u00cd NEZ\u00c1VISL\u00dd PR\u016eZKUM A INVESTI\u010cN\u00cd ROZHODOV\u00c1N\u00cd.<\/span><\/li>\n<\/ul>\n","protected":false},"excerpt":{"rendered":"<p>eToro (Europe) Ltd. a jej\u00ed pobo\u010dky jsou hrd\u00ed na to, \u017ee v\u00e1m mohou poskytnout mo\u017enost komunikovat, sledovat a kop\u00edrovat ostatn\u00ed obchodn\u00edky pomoc\u00ed informac\u00ed a\/nebo poskytnut\u00fdch funkc\u00ed soci\u00e1ln\u00edho obchodov\u00e1n\u00ed a\/nebo funkc\u00ed nab\u00edzen\u00fdch na na\u0161ich webov\u00fdch str\u00e1nk\u00e1ch a\/nebo obchodn\u00edch platform\u00e1ch. Mezi takov\u00e9 funkce soci\u00e1ln\u00edho obchodov\u00e1n\u00ed pat\u0159\u00ed, ale nejsou omezeny na na\u0161i komunitu, \u201esledovat\u201c, \u201ekop\u00edrovat\u201c a\/nebo \u017eeb\u0159\u00ed\u010dky u\u017eivatel\u016f&hellip;<\/p>\n","protected":false},"author":45,"featured_media":0,"parent":20058,"menu_order":1316,"comment_status":"closed","ping_status":"closed","template":"","meta":{"_acf_changed":false,"inline_featured_image":false,"sticky_cta_settings":"","footnotes":""},"asset_type":[],"class_list":["post-20032","page","type-page","status-publish","hentry"],"acf":[],"yoast_head":"<title>Rizika CopyTradingu | eToro<\/title>\n<meta name=\"description\" content=\"Jako regulovan\u00e1 platforma jsme povinni informovat na\u0161e klienty o rizic\u00edch spojen\u00fdch se soci\u00e1ln\u00edm obchodov\u00e1n\u00edm. Zde je v\u0161e, co byste m\u011bli v\u011bd\u011bt.\" \/>\n<meta name=\"robots\" content=\"index, follow, max-snippet:-1, max-image-preview:large, max-video-preview:-1\" \/>\n<link rel=\"canonical\" href=\"https:\/\/www.etoro.com\/cs-cz\/wp-json\/wp\/v2\/pages\/20032\" \/>\n<meta property=\"og:locale\" content=\"cs_CZ\" \/>\n<meta property=\"og:type\" content=\"article\" \/>\n<meta property=\"og:title\" content=\"Rizika CopyTradingu | eToro\" \/>\n<meta property=\"og:description\" content=\"Jako regulovan\u00e1 platforma jsme povinni informovat na\u0161e klienty o rizic\u00edch spojen\u00fdch se soci\u00e1ln\u00edm obchodov\u00e1n\u00edm. Zde je v\u0161e, co byste m\u011bli v\u011bd\u011bt.\" \/>\n<meta property=\"og:url\" content=\"https:\/\/www.etoro.com\/cs-cz\/wp-json\/wp\/v2\/pages\/20032\" \/>\n<meta property=\"og:site_name\" content=\"eToro\" \/>\n<meta property=\"article:publisher\" content=\"https:\/\/www.facebook.com\/eToro\/\" \/>\n<meta property=\"article:modified_time\" content=\"2019-01-23T14:32:02+00:00\" \/>\n<meta property=\"og:image\" content=\"https:\/\/www.etoro.com\/wp-content\/uploads\/2019\/12\/etoro_logo_social_share1.png\" \/>\n\t<meta property=\"og:image:width\" content=\"240\" \/>\n\t<meta property=\"og:image:height\" content=\"240\" \/>\n\t<meta property=\"og:image:type\" content=\"image\/png\" \/>\n<meta name=\"twitter:card\" content=\"summary_large_image\" \/>\n<meta name=\"twitter:site\" content=\"@eToro\" \/>\n<meta name=\"twitter:label1\" content=\"Est. reading time\" \/>\n\t<meta name=\"twitter:data1\" content=\"8 minutes\" \/>\n<script type=\"application\/ld+json\" class=\"yoast-schema-graph\">{\"@context\":\"https:\/\/schema.org\",\"@graph\":[{\"@type\":\"WebPage\",\"@id\":\"https:\/\/www.etoro.com\/cs-cz\/customer-service\/copytrading-risks\/\",\"url\":\"https:\/\/www.etoro.com\/cs-cz\/customer-service\/copytrading-risks\/\",\"name\":\"Rizika CopyTradingu | eToro\",\"isPartOf\":{\"@id\":\"https:\/\/www.etoro.com\/cs-cz\/#website\"},\"datePublished\":\"2017-11-20T06:43:33+00:00\",\"dateModified\":\"2019-01-23T14:32:02+00:00\",\"description\":\"Jako regulovan\u00e1 platforma jsme povinni informovat na\u0161e klienty o rizic\u00edch spojen\u00fdch se soci\u00e1ln\u00edm obchodov\u00e1n\u00edm. Zde je v\u0161e, co byste m\u011bli v\u011bd\u011bt.\",\"breadcrumb\":{\"@id\":\"https:\/\/www.etoro.com\/cs-cz\/customer-service\/copytrading-risks\/#breadcrumb\"},\"inLanguage\":\"cs\",\"potentialAction\":[{\"@type\":\"ReadAction\",\"target\":[\"https:\/\/www.etoro.com\/cs-cz\/customer-service\/copytrading-risks\/\"]}]},{\"@type\":\"BreadcrumbList\",\"@id\":\"https:\/\/www.etoro.com\/cs-cz\/customer-service\/copytrading-risks\/#breadcrumb\",\"itemListElement\":[{\"@type\":\"ListItem\",\"position\":1,\"name\":\"Dom\u016f\",\"item\":\"https:\/\/www.etoro.com\/cs-cz\/\"},{\"@type\":\"ListItem\",\"position\":2,\"name\":\"Z\u00c1KAZNICK\u00c9 SLU\u017dBY\",\"item\":\"https:\/\/www.etoro.com\/cs-cz\/customer-service\/\"},{\"@type\":\"ListItem\",\"position\":3,\"name\":\"RIZIKA COPYTRADINGU\"}]},{\"@type\":\"WebSite\",\"@id\":\"https:\/\/www.etoro.com\/cs-cz\/#website\",\"url\":\"https:\/\/www.etoro.com\/cs-cz\/\",\"name\":\"eToro\",\"description\":\"\",\"publisher\":{\"@id\":\"https:\/\/www.etoro.com\/cs-cz\/#organization\"},\"potentialAction\":[{\"@type\":\"SearchAction\",\"target\":{\"@type\":\"EntryPoint\",\"urlTemplate\":\"https:\/\/www.etoro.com\/cs-cz\/?s={search_term_string}\"},\"query-input\":{\"@type\":\"PropertyValueSpecification\",\"valueRequired\":true,\"valueName\":\"search_term_string\"}}],\"inLanguage\":\"cs\"},[]]}<\/script>","yoast_head_json":{"title":"Rizika CopyTradingu | eToro","description":"Jako regulovan\u00e1 platforma jsme povinni informovat na\u0161e klienty o rizic\u00edch spojen\u00fdch se soci\u00e1ln\u00edm obchodov\u00e1n\u00edm. Zde je v\u0161e, co byste m\u011bli v\u011bd\u011bt.","robots":{"index":"index","follow":"follow","max-snippet":"max-snippet:-1","max-image-preview":"max-image-preview:large","max-video-preview":"max-video-preview:-1"},"canonical":"https:\/\/www.etoro.com\/cs-cz\/wp-json\/wp\/v2\/pages\/20032","og_locale":"cs_CZ","og_type":"article","og_title":"Rizika CopyTradingu | eToro","og_description":"Jako regulovan\u00e1 platforma jsme povinni informovat na\u0161e klienty o rizic\u00edch spojen\u00fdch se soci\u00e1ln\u00edm obchodov\u00e1n\u00edm. Zde je v\u0161e, co byste m\u011bli v\u011bd\u011bt.","og_url":"https:\/\/www.etoro.com\/cs-cz\/wp-json\/wp\/v2\/pages\/20032","og_site_name":"eToro","article_publisher":"https:\/\/www.facebook.com\/eToro\/","article_modified_time":"2019-01-23T14:32:02+00:00","og_image":[{"width":240,"height":240,"url":"https:\/\/www.etoro.com\/wp-content\/uploads\/2019\/12\/etoro_logo_social_share1.png","type":"image\/png"}],"twitter_card":"summary_large_image","twitter_site":"@eToro","twitter_misc":{"Est. reading time":"8 minutes"},"schema":{"@context":"https:\/\/schema.org","@graph":[{"@type":"WebPage","@id":"https:\/\/www.etoro.com\/cs-cz\/customer-service\/copytrading-risks\/","url":"https:\/\/www.etoro.com\/cs-cz\/customer-service\/copytrading-risks\/","name":"Rizika CopyTradingu | eToro","isPartOf":{"@id":"https:\/\/www.etoro.com\/cs-cz\/#website"},"datePublished":"2017-11-20T06:43:33+00:00","dateModified":"2019-01-23T14:32:02+00:00","description":"Jako regulovan\u00e1 platforma jsme povinni informovat na\u0161e klienty o rizic\u00edch spojen\u00fdch se soci\u00e1ln\u00edm obchodov\u00e1n\u00edm. Zde je v\u0161e, co byste m\u011bli v\u011bd\u011bt.","breadcrumb":{"@id":"https:\/\/www.etoro.com\/cs-cz\/customer-service\/copytrading-risks\/#breadcrumb"},"inLanguage":"cs","potentialAction":[{"@type":"ReadAction","target":["https:\/\/www.etoro.com\/cs-cz\/customer-service\/copytrading-risks\/"]}]},{"@type":"BreadcrumbList","@id":"https:\/\/www.etoro.com\/cs-cz\/customer-service\/copytrading-risks\/#breadcrumb","itemListElement":[{"@type":"ListItem","position":1,"name":"Dom\u016f","item":"https:\/\/www.etoro.com\/cs-cz\/"},{"@type":"ListItem","position":2,"name":"Z\u00c1KAZNICK\u00c9 SLU\u017dBY","item":"https:\/\/www.etoro.com\/cs-cz\/customer-service\/"},{"@type":"ListItem","position":3,"name":"RIZIKA COPYTRADINGU"}]},{"@type":"WebSite","@id":"https:\/\/www.etoro.com\/cs-cz\/#website","url":"https:\/\/www.etoro.com\/cs-cz\/","name":"eToro","description":"","publisher":{"@id":"https:\/\/www.etoro.com\/cs-cz\/#organization"},"potentialAction":[{"@type":"SearchAction","target":{"@type":"EntryPoint","urlTemplate":"https:\/\/www.etoro.com\/cs-cz\/?s={search_term_string}"},"query-input":{"@type":"PropertyValueSpecification","valueRequired":true,"valueName":"search_term_string"}}],"inLanguage":"cs"},[]]}},"_links":{"self":[{"href":"https:\/\/www.etoro.com\/cs-cz\/wp-json\/wp\/v2\/pages\/20032"}],"collection":[{"href":"https:\/\/www.etoro.com\/cs-cz\/wp-json\/wp\/v2\/pages"}],"about":[{"href":"https:\/\/www.etoro.com\/cs-cz\/wp-json\/wp\/v2\/types\/page"}],"author":[{"embeddable":true,"href":"https:\/\/www.etoro.com\/cs-cz\/wp-json\/wp\/v2\/users\/45"}],"replies":[{"embeddable":true,"href":"https:\/\/www.etoro.com\/cs-cz\/wp-json\/wp\/v2\/comments?post=20032"}],"version-history":[{"count":0,"href":"https:\/\/www.etoro.com\/cs-cz\/wp-json\/wp\/v2\/pages\/20032\/revisions"}],"up":[{"embeddable":true,"href":"https:\/\/www.etoro.com\/cs-cz\/wp-json\/wp\/v2\/pages\/20058"}],"wp:attachment":[{"href":"https:\/\/www.etoro.com\/cs-cz\/wp-json\/wp\/v2\/media?parent=20032"}],"wp:term":[{"taxonomy":"asset_type","embeddable":true,"href":"https:\/\/www.etoro.com\/cs-cz\/wp-json\/wp\/v2\/asset_type?post=20032"}],"curies":[{"name":"wp","href":"https:\/\/api.w.org\/{rel}","templated":true}]}}