{"id":20043,"date":"2017-10-24T08:45:44","date_gmt":"2017-10-24T05:45:44","guid":{"rendered":"https:\/\/www-stg.etoro.com\/community-guidelines\/"},"modified":"2025-07-10T15:44:30","modified_gmt":"2025-07-10T12:44:30","slug":"community-guidelines","status":"publish","type":"page","link":"https:\/\/www.etoro.com\/cs-cz\/customer-service\/community-guidelines\/","title":{"rendered":"Pokyny pro komunitu eToro"},"content":{"rendered":"\n<section class=\"wp-block-group wp-block-group-boxed\"><div class=\"wp-block-group-inner is-layout-flow wp-block-group-is-layout-flow\">\n<div class=\"wp-block-columns are-vertically-aligned-top wp-block-columns-1 is-layout-flex wp-container-core-columns-is-layout-1 wp-block-columns-is-layout-flex\">\n<div class=\"wp-block-column is-layout-flow wp-block-column-is-layout-flow\">\n<h2 class=\"wp-block-heading\">Jak lid\u00e9 pou\u017e\u00edvaj\u00ed eToro<\/h2>\n\n\n\n<p>eToro je online obchodn\u00ed platforma. Je domovem milion\u016f u\u017eivatel\u016f po cel\u00e9m sv\u011bt\u011b, kte\u0159\u00ed ji vyu\u017e\u00edvaj\u00ed ke spr\u00e1v\u011b sv\u00fdch financ\u00ed a prov\u00e1d\u011bn\u00ed obchodn\u00edch operac\u00ed. Platforma eToro je v\u0161ak tak\u00e9 soci\u00e1ln\u00ed s\u00ed\u0165, na kter\u00e9 si u\u017eivatel\u00e9 mohou vym\u011b\u0148ovat my\u0161lenky, n\u00e1pady, strategie a dal\u0161\u00ed. Stejn\u011b jako mnoho jin\u00fdch soci\u00e1ln\u00edch s\u00edt\u00ed je eToro \u010dasto platformou pro debaty, kter\u00e9 jsou v\u011bt\u0161inou vedeny klidn\u011b a zdvo\u0159ile.<\/p>\n\n\n\n<p>N\u00e1sleduj\u00edc\u00ed pokyny v\u00e1m pomohou pochopit, jak\u00fd typ sd\u00edlen\u00ed je na eToro p\u0159ijateln\u00fd a jak\u00fd typ obsahu m\u016f\u017ee b\u00fdt ozna\u010den, odstran\u011bn nebo m\u016f\u017ee m\u00edt za n\u00e1sledek omezen\u00ed p\u0159\u00edstupu.<\/p>\n\n\n\n<h2 class=\"wp-block-heading\">Pro\u010d m\u00e1me pokyny pro komunitu<\/h2>\n\n\n\n<p><span style=\"font-weight: 400;\">eToro je p\u0159edev\u0161\u00edm komunita finan\u010dn\u00edch nad\u0161enc\u016f. Komunita eToro zahrnuje lidi z des\u00edtek zem\u00ed po cel\u00e9m sv\u011bt\u011b a podporuje v\u00edce ne\u017e 20 jazyk\u016f, proto je skute\u010dn\u011b rozmanit\u00e1. P\u0159irozen\u011b, n\u011bkte\u0159\u00ed u\u017eivatel\u00e9 ob\u010das soci\u00e1ln\u00ed aspekty t\u00e9to platformy zneu\u017e\u00edvaj\u00ed. N\u011bkte\u0159\u00ed tak \u010din\u00ed se z\u00e1ke\u0159n\u00fdm \u00famyslem, ale \u010dast\u011bji tak \u010din\u00ed, proto\u017ee nev\u011bd\u00ed, \u017ee komunita podl\u00e9h\u00e1 ur\u010dit\u00fdm pokyn\u016fm. Proto jsme vytvo\u0159ili tohoto podrobn\u00e9ho pr\u016fvodce, kter\u00fd u\u017eivatel\u016fm eToro pom\u00e1h\u00e1 udr\u017eovat komunitu zdravou a prosp\u011b\u0161nou.<\/span><\/p>\n\n\n\n<h2 class=\"wp-block-heading\">C\u00edl pokyn\u016f<\/h2>\n\n\n\n<ul class=\"wp-block-list wp-block-list wp-block-list-circle\">\n<li><b>Bezpe\u010dnost:<\/b> Usilujeme o zaji\u0161t\u011bn\u00ed bezpe\u010dnosti a pohodl\u00ed pro v\u0161echny u\u017eivatele platformy eToro. Dodr\u017eov\u00e1n\u00ed n\u00e1sleduj\u00edc\u00edch pokyn\u016f to zajist\u00ed.<\/li>\n\n\n\n<li><b>D\u016fstojnost:<\/b> eToro je m\u00edsto pro lidi a v\u0161ichni lid\u00e9 si zaslou\u017e\u00ed, aby ostatn\u00ed respektovali jejich d\u016fstojnost. Dodr\u017eov\u00e1n\u00ed pokyn\u016f n\u00e1m umo\u017en\u00ed zajistit, aby nebyla naru\u0161ena d\u016fstojnost na\u0161ich u\u017eivatel\u016f.<\/li>\n<\/ul>\n\n\n\n<p><b><i>Z\u0159eknut\u00ed se odpov\u011bdnosti:<\/i><\/b><i> Upozor\u0148ujeme, \u017ee anglick\u00e1 verze Norem komunity odr\u00e1\u017e\u00ed nejaktu\u00e1ln\u011bj\u0161\u00ed soubor z\u00e1sad a m\u011bla by b\u00fdt pou\u017e\u00edv\u00e1na jako hlavn\u00ed dokument.<\/i><\/p>\n\n\n\n<h2 class=\"wp-block-heading\">N\u00e1sil\u00ed a jeho podn\u011bcov\u00e1n\u00ed<\/h2>\n\n\n\n<p>U\u017eivatel\u00e9 platformy eToro by nikdy nem\u011bli jednat n\u00e1siln\u00fdm zp\u016fsobem ani p\u0159\u00edmo \u010di nep\u0159\u00edmo podporovat n\u00e1siln\u00e9 chov\u00e1n\u00ed. To zahrnuje mimo jin\u00e9: pou\u017e\u00edv\u00e1n\u00ed nad\u00e1vek a vulg\u00e1rn\u00edch v\u00fdraz\u016f, trollov\u00e1n\u00ed, zneu\u017e\u00edv\u00e1n\u00ed, podvody a obt\u011b\u017eov\u00e1n\u00ed.<\/p>\n\n\n\n<h2 class=\"wp-block-heading\">Trollov\u00e1n\u00ed<\/h2>\n\n\n\n<p>U\u017eivatel\u00e9 platformy eToro by nikdy nem\u011bli \u00famysln\u011b podn\u011bcovat ke konflikt\u016fm, provokovat nebo z\u00e1m\u011brn\u011b rozru\u0161ovat ostatn\u00ed u\u017eivatele. V\u0161echny diskuse by m\u011bly z\u016fstat zdvo\u0159il\u00e9 a v\u011bcn\u00e9.<\/p>\n\n\n\n<h2 class=\"wp-block-heading\">Klam\u00e1n\u00ed a p\u0159edst\u00edr\u00e1n\u00ed jin\u00e9 identity<\/h2>\n\n\n\n<p>Nikdy nepou\u017e\u00edvejte logo eToro nebo jin\u00e9 zna\u010dky jako sou\u010d\u00e1st sv\u00e9ho avataru nebo ve sv\u00fdch p\u0159\u00edsp\u011bvc\u00edch.<\/p>\n\n\n\n<h2 class=\"wp-block-heading\">Obt\u011b\u017eov\u00e1n\u00ed<\/h2>\n\n\n\n<p>Upozor\u0148ujeme, \u017ee u\u017eivatel\u00e9 jsou odpov\u011bdn\u00ed za ve\u0161kerou reklamu t\u0159et\u00edch stran v jak\u00e9mkoli sd\u00edlen\u00e9m obsahu. Na na\u0161\u00ed platform\u011b nesm\u00edte bez na\u0161eho p\u0159edchoz\u00edho souhlasu zve\u0159ej\u0148ovat, sd\u00edlet ani zobrazovat \u017e\u00e1dn\u00fd videoobsah, kter\u00fd zahrnuje reklamu t\u0159et\u00edch stran, nap\u0159\u00edklad videoreklamy p\u0159ed videem nebo sponzorskou grafiku.<\/p>\n\n\n\n<h2 class=\"wp-block-heading\">Zp\u016fsoby manipulace trhu<\/h2>\n\n\n\n<ul class=\"wp-block-list wp-block-list wp-block-list-circle\">\n<li>Nepravdiv\u00e9 informace: Nikdy nezve\u0159ej\u0148ujte zav\u00e1d\u011bj\u00edc\u00ed informace o sv\u00e9m \u00fa\u010dtu a\/nebo sv\u00fdch obchodn\u00edch dovednostech.<\/li>\n\n\n\n<li>Investi\u010dn\u00ed poradenstv\u00ed: Nikdy nenab\u00edzejte \u017e\u00e1dn\u00e9 p\u0159\u00edm\u00e9 investi\u010dn\u00ed poradenstv\u00ed ani nic, co by mohlo b\u00fdt interpretov\u00e1no jako investi\u010dn\u00ed poradenstv\u00ed. Nenab\u00e1dejte k p\u0159\u00edm\u00e9 akci (nap\u0159\u00edklad \u201einvestujte do\u201c).<\/li>\n\n\n\n<li>Manipulace s trhem: Ned\u00e1vejte fale\u0161n\u00e9 sliby ani nevyz\u00fdvejte ostatn\u00ed k obchodov\u00e1n\u00ed\/investov\u00e1n\u00ed nebo se nepokou\u0161ejte vytv\u00e1\u0159et nestabiln\u00ed situace na trhu.<\/li>\n\n\n\n<li>Neorganizujte ani nerealizujte koordinovan\u00e9 strategie pro obchodov\u00e1n\u00ed nebo zad\u00e1v\u00e1n\u00ed pokyn\u016f za ur\u010dit\u00fdch podm\u00ednek a v dan\u00e9m \u010dase za \u00fa\u010delem vlivu na pohyby cen akci\u00ed, proto\u017ee takov\u00e9 jedn\u00e1n\u00ed p\u0159edstavuje manipulaci trhu.<\/li>\n\n\n\n<li>Manipulace u\u017eivatele: Neposkytujte pokyny ke konkr\u00e9tn\u00edm obchod\u016fm ani k tomu, jak obchodovat.<\/li>\n\n\n\n<li>Fale\u0161n\u00e9 zpr\u00e1vy: Nesd\u00edlejte\/ne\u0161i\u0159te dezinformace, neov\u011b\u0159iteln\u00e9 informace a f\u00e1my.<\/li>\n\n\n\n<li>Spamov\u00e1n\u00ed: Nepou\u017e\u00edvejte tajn\u011b dohodnut\u00e9 a manipula\u010dn\u00ed postupy a vyhn\u011bte se p\u0159enosu dezinformac\u00ed za \u00fa\u010delem naru\u0161en\u00ed finan\u010dn\u00edch trh\u016f nebo opakovan\u00e9mu zve\u0159ej\u0148ov\u00e1n\u00ed stejn\u00fdch informac\u00ed v r\u016fzn\u00fdch p\u0159\u00edsp\u011bvc\u00edch.<\/li>\n<\/ul>\n\n\n\n<h2 class=\"wp-block-heading\">Kontaktov\u00e1n\u00ed z\u00e1kaznick\u00e9 podpory eToro<\/h2>\n\n\n\n<p>Nezve\u0159ej\u0148ujte technick\u00e9 dotazy ani dotazy t\u00fdkaj\u00edc\u00ed se va\u0161eho \u00fa\u010dtu na informa\u010dn\u00edm kan\u00e1lu. Pokud m\u00e1te jak\u00e9koli dotazy nebo pot\u0159ebujete pomoc, m\u016f\u017eete kdykoli kontaktovat z\u00e1kaznickou podporu prost\u0159ednictv\u00edm chatu nebo <a href=\"https:\/\/www.etoro.com\/cs-cz\/customer-service\/\">otev\u0159en\u00edm tiketu<\/a>. M\u016f\u017eete tak\u00e9 nav\u0161t\u00edvit <a href=\"https:\/\/help.etoro.com\/s\/?language=cs\">centrum n\u00e1pov\u011bdy eToro<\/a>.<\/p>\n\n\n\n<h2 class=\"wp-block-heading\">Soukrom\u00e9 informace<\/h2>\n\n\n\n<p>Nikdy nesd\u00edlejte sv\u00e9 soukrom\u00e9 informace na informa\u010dn\u00edm kan\u00e1lu eToro a nikdy k tomu nenab\u00e1dejte ostatn\u00ed.<\/p>\n\n\n\n<h2 class=\"wp-block-heading\">T\u00e9mata, kter\u00fdm je t\u0159eba se vyhnout<\/h2>\n\n\n\n<p>Nikdy nediskutujte, nezmi\u0148ujte ani nesd\u00edlejte \u017e\u00e1dn\u00fd obsah t\u00fdkaj\u00edc\u00ed se n\u00e1sleduj\u00edc\u00edho:<\/p>\n\n\n\n<ul class=\"wp-block-list wp-block-list wp-block-list-circle\">\n<li>Sebevra\u017edy a sebepo\u0161kozov\u00e1n\u00ed<\/li>\n\n\n\n<li>Sexu\u00e1ln\u00ed zneu\u017e\u00edv\u00e1n\u00ed a nahota d\u011bt\u00ed<\/li>\n\n\n\n<li>\u0160ikana a obt\u011b\u017eov\u00e1n\u00ed<\/li>\n\n\n\n<li>Manipulace s platformou (vyu\u017e\u00edv\u00e1n\u00ed platformy eToro za \u00fa\u010delem um\u011bl\u00e9ho zes\u00edlen\u00ed nebo potla\u010den\u00ed informac\u00ed)<\/li>\n\n\n\n<li>Syntetick\u00e1 a manipulovan\u00e1 m\u00e9dia (podvodn\u011b sd\u00edlen\u00e1 syntetick\u00e1 nebo manipulovan\u00e1 m\u00e9dia, kter\u00e1 by mohla zp\u016fsobit \u0161kodu)<\/li>\n<\/ul>\n\n\n\n<h2 class=\"wp-block-heading\">Nedodr\u017eov\u00e1n\u00ed pokyn\u016f pro komunitu<\/h2>\n\n\n\n<p>P\u0159\u00edsp\u011bvky, koment\u00e1\u0159e, avatary a \u017eivotopisy, kter\u00e9 nedodr\u017euj\u00ed v\u00fd\u0161e uveden\u00e9 pokyny, m\u016f\u017ee eToro upravovat nebo odstra\u0148ovat. Neust\u00e1l\u00e9 naru\u0161ov\u00e1n\u00ed t\u011bchto pokyn\u016f povede k omezen\u00ed nebo zablokov\u00e1n\u00ed va\u0161eho p\u0159\u00edstupu. Pokud \u010dlen t\u00fdmu, nebo komunity eToro upozorn\u00ed na n\u011bkter\u00fd z v\u00fd\u0161e uveden\u00fdch probl\u00e9m\u016f v souvislosti s konkr\u00e9tn\u00edm u\u017eivatelem a zjist\u00edme, \u017ee toto chov\u00e1n\u00ed pokra\u010duje, bude to tak\u00e9 d\u016fvod pro odstran\u011bn\u00ed takov\u00e9ho obsahu nebo omezen\u00ed p\u0159\u00edstupu pro dan\u00e9ho u\u017eivatele. Pokud byl v\u00e1\u0161 p\u0159\u00edstup omezen a nejste si jisti, pro\u010d k tomu do\u0161lo, kontaktujte n\u00e1\u0161 t\u00fdm <a href=\"https:\/\/www.etoro.com\/cs-cz\/customer-service\/\">z\u00e1kaznick\u00e9 podpory<\/a>.<\/p>\n\n\n\n<h2 class=\"wp-block-heading\">Co od v\u00e1s uv\u00edt\u00e1me:<\/h2>\n\n\n\n<h3 class=\"wp-block-heading\">Bu\u010fte konstruktivn\u00ed<\/h3>\n\n\n\n<p>Jsme domovem mnoha obchodn\u00edk\u016f r\u016fzn\u00fdch v\u011bkov\u00fdch kategori\u00ed, kultur, \u017eivotn\u00edho stylu a r\u016fzn\u00fdch n\u00e1zor\u016f, ale v\u0161ichni sd\u00edl\u00edme spole\u010dn\u00fd z\u00e1jem o obchodov\u00e1n\u00ed na trz\u00edch. Bu\u010fte zdvo\u0159il\u00ed a respektujte n\u00e1pady, koment\u00e1\u0159e nebo obchodn\u00ed aktivity ostatn\u00edch \u2014 i kdy\u017e neodpov\u00eddaj\u00ed va\u0161im vlastn\u00edm n\u00e1zor\u016fm. Doporu\u010dujeme v\u00e1m sd\u00edlet sv\u00e9 my\u0161lenky a zp\u011btnou vazbu, ale zachov\u00e1vejte p\u0159i tom \u00factu a nikoho neobt\u011b\u017eujte.<\/p>\n\n\n\n<h3 class=\"wp-block-heading\">Podporujte diskusi<\/h3>\n\n\n\n<p>Doporu\u010dujeme v\u00e1m diskutovat a zpochyb\u0148ovat n\u00e1pady, strategie a tr\u017en\u00ed ud\u00e1losti v jejich pr\u016fb\u011bhu.<\/p>\n\n\n\n<h3 class=\"wp-block-heading\">Vyjad\u0159ujte se k relevantn\u00edm t\u00e9mat\u016fm<\/h3>\n\n\n\n<p>Pokud si n\u011b\u010d\u00edm nejste jisti, pokl\u00e1dejte ot\u00e1zky, ale udr\u017eujte diskusi k dan\u00e9mu t\u00e9matu a ujist\u011bte se, \u017ee uv\u00e1d\u00edte informace na spr\u00e1vn\u00e9m m\u00edst\u011b. Nenaru\u0161ujte konverzaci ostatn\u00edch a nepou\u017e\u00edvejte tr\u017en\u00ed kan\u00e1l pro osobn\u00ed nebo irelevantn\u00ed p\u0159\u00edsp\u011bvky. To zahrnuje ozna\u010dov\u00e1n\u00ed tr\u017en\u00edch kan\u00e1l\u016f ve va\u0161ich obchodn\u00edch p\u0159\u00edb\u011bz\u00edch, jejich vyu\u017eit\u00ed k propagaci va\u0161ich vlastn\u00edch v\u00fdsledk\u016f (viz \u201eSpamov\u00e1n\u00ed\u201c) nebo kladen\u00ed obecn\u00fdch ot\u00e1zek v diskus\u00edch na jin\u00e1 t\u00e9mata.<\/p>\n\n\n\n<h3 class=\"wp-block-heading\">Nebojte se, pokud pr\u00e1v\u011b za\u010d\u00edn\u00e1te<\/h3>\n\n\n\n<p>Ptejte se a informujte se na ud\u00e1losti, pokud si nejste jisti, co znamenaj\u00ed, nebo jak\u00fd o\u010dek\u00e1van\u00fd v\u00fdsledek v\u0161ichni p\u0159edpov\u00eddaj\u00ed a pro\u010d.<\/p>\n\n\n\n<h3 class=\"wp-block-heading\">Zviditeln\u011bte sv\u00e9 portfolio pro komunitu<\/h3>\n\n\n\n<p>Pokud byste cht\u011bli b\u00fdt na platform\u011b eToro sledov\u00e1ni, m\u016f\u017eete vyu\u017e\u00edt tato doporu\u010den\u00ed:<\/p>\n\n\n\n<ul class=\"wp-block-list wp-block-list wp-block-list-circle\">\n<li>Nahrajte svoji fotografii a zviditeln\u011bte sv\u00e9 jm\u00e9no.<\/li>\n\n\n\n<li>eToro podporuje odpov\u011bdn\u00e9 obchodov\u00e1n\u00ed. Prezentujte se n\u00e1v\u0161t\u011bvn\u00edk\u016fm va\u0161eho profilu jako odpov\u011bdn\u00fd obchodn\u00edk. Sd\u00edlejte sv\u00e9 my\u0161lenky a vysv\u011btlujte sv\u00e9 obchodov\u00e1n\u00ed na sv\u00e9m u\u017eivatelsk\u00e9m kan\u00e1lu. T\u00edm si vybudujete reputaci a poskytnete p\u0159ehled pro potenci\u00e1ln\u00ed z\u00e1jemce o kop\u00edrov\u00e1n\u00ed va\u0161ich obchod\u016f.<\/li>\n\n\n\n<li>\u00da\u010dastn\u011bte se konverzac\u00ed a pomozte ostatn\u00edm s jejich ot\u00e1zkami.<\/li>\n\n\n\n<li>Sd\u00edlejte sv\u00e9 akce a p\u0159\u00edsp\u011bvky na Facebooku a Twitteru, abyste p\u0159il\u00e1kali nov\u00e9 z\u00e1jemce o kop\u00edrov\u00e1n\u00ed va\u0161ich obchod\u016f. Zjist\u011bte, jak\u00e9 propaga\u010dn\u00ed akce jsou k dispozici pro v\u0161echny oblasti, a sd\u00edlejte je se sv\u00fdmi p\u0159\u00e1teli.<\/li>\n<\/ul>\n<\/div>\n<\/div>\n\n\n\n<h2 class=\"wp-block-heading\"><\/h2>\n<\/div><\/section>\n","protected":false},"excerpt":{"rendered":"<p>Jak lid\u00e9 pou\u017e\u00edvaj\u00ed eToro eToro je online obchodn\u00ed platforma. Je domovem milion\u016f u\u017eivatel\u016f po cel\u00e9m sv\u011bt\u011b, kte\u0159\u00ed ji vyu\u017e\u00edvaj\u00ed ke spr\u00e1v\u011b sv\u00fdch financ\u00ed a prov\u00e1d\u011bn\u00ed obchodn\u00edch operac\u00ed. Platforma eToro je v\u0161ak tak\u00e9 soci\u00e1ln\u00ed s\u00ed\u0165, na kter\u00e9 si u\u017eivatel\u00e9 mohou vym\u011b\u0148ovat my\u0161lenky, n\u00e1pady, strategie a dal\u0161\u00ed. Stejn\u011b jako mnoho jin\u00fdch soci\u00e1ln\u00edch s\u00edt\u00ed je eToro \u010dasto platformou&hellip;<\/p>\n","protected":false},"author":1,"featured_media":812878,"parent":20058,"menu_order":1551,"comment_status":"closed","ping_status":"closed","template":"","meta":{"_acf_changed":false,"inline_featured_image":false,"sticky_cta_settings":"","footnotes":""},"asset_type":[],"class_list":["post-20043","page","type-page","status-publish","has-post-thumbnail","hentry"],"acf":[],"yoast_head":"<title>Pokyny pro komunitu soci\u00e1ln\u00edho obchodov\u00e1n\u00ed | eToro<\/title>\n<meta name=\"description\" content=\"eToro tvo\u0159\u00ed s\u00ed\u0165 v\u00edce ne\u017e 6 milion\u016f obchodn\u00edk\u016f. Tyto pokyny jsou vytvo\u0159eny s c\u00edlem zajistit v komunit\u011b soci\u00e1ln\u00edch obchodn\u00edk\u016f p\u0159\u00e1telskou atmosf\u00e9ru.\" \/>\n<meta name=\"robots\" content=\"index, follow, max-snippet:-1, max-image-preview:large, max-video-preview:-1\" \/>\n<link rel=\"canonical\" href=\"https:\/\/www.etoro.com\/cs-cz\/wp-json\/wp\/v2\/pages\/20043\" \/>\n<meta property=\"og:locale\" content=\"cs_CZ\" \/>\n<meta property=\"og:type\" content=\"article\" \/>\n<meta property=\"og:title\" content=\"Pokyny pro komunitu soci\u00e1ln\u00edho obchodov\u00e1n\u00ed | eToro\" \/>\n<meta property=\"og:description\" content=\"eToro tvo\u0159\u00ed s\u00ed\u0165 v\u00edce ne\u017e 6 milion\u016f obchodn\u00edk\u016f. Tyto pokyny jsou vytvo\u0159eny s c\u00edlem zajistit v komunit\u011b soci\u00e1ln\u00edch obchodn\u00edk\u016f p\u0159\u00e1telskou atmosf\u00e9ru.\" \/>\n<meta property=\"og:url\" content=\"https:\/\/www.etoro.com\/cs-cz\/wp-json\/wp\/v2\/pages\/20043\" \/>\n<meta property=\"og:site_name\" content=\"eToro\" \/>\n<meta property=\"article:publisher\" content=\"https:\/\/www.facebook.com\/eToro\/\" \/>\n<meta property=\"article:modified_time\" content=\"2025-07-10T12:44:30+00:00\" \/>\n<meta property=\"og:image\" content=\"https:\/\/www.etoro.com\/wp-content\/uploads\/2023\/12\/eToro-Community-Guidelines_Featured-image-1200x630_Czech-cs-cz.png\" \/>\n\t<meta property=\"og:image:width\" content=\"1200\" \/>\n\t<meta property=\"og:image:height\" content=\"630\" \/>\n\t<meta property=\"og:image:type\" content=\"image\/png\" \/>\n<meta name=\"twitter:card\" content=\"summary_large_image\" \/>\n<meta name=\"twitter:site\" content=\"@eToro\" \/>\n<meta name=\"twitter:label1\" content=\"Est. reading time\" \/>\n\t<meta name=\"twitter:data1\" content=\"5 minutes\" \/>\n<script type=\"application\/ld+json\" class=\"yoast-schema-graph\">{\"@context\":\"https:\/\/schema.org\",\"@graph\":[{\"@type\":\"WebPage\",\"@id\":\"https:\/\/www.etoro.com\/cs-cz\/customer-service\/community-guidelines\/\",\"url\":\"https:\/\/www.etoro.com\/cs-cz\/customer-service\/community-guidelines\/\",\"name\":\"Pokyny pro komunitu soci\u00e1ln\u00edho obchodov\u00e1n\u00ed | eToro\",\"isPartOf\":{\"@id\":\"https:\/\/www.etoro.com\/cs-cz\/#website\"},\"primaryImageOfPage\":{\"@id\":\"https:\/\/www.etoro.com\/cs-cz\/customer-service\/community-guidelines\/#primaryimage\"},\"image\":{\"@id\":\"https:\/\/www.etoro.com\/cs-cz\/customer-service\/community-guidelines\/#primaryimage\"},\"thumbnailUrl\":\"https:\/\/www.etoro.com\/wp-content\/uploads\/2023\/12\/eToro-Community-Guidelines_Featured-image-1200x630_Czech-cs-cz.png\",\"datePublished\":\"2017-10-24T05:45:44+00:00\",\"dateModified\":\"2025-07-10T12:44:30+00:00\",\"description\":\"eToro tvo\u0159\u00ed s\u00ed\u0165 v\u00edce ne\u017e 6 milion\u016f obchodn\u00edk\u016f. Tyto pokyny jsou vytvo\u0159eny s c\u00edlem zajistit v komunit\u011b soci\u00e1ln\u00edch obchodn\u00edk\u016f p\u0159\u00e1telskou atmosf\u00e9ru.\",\"breadcrumb\":{\"@id\":\"https:\/\/www.etoro.com\/cs-cz\/customer-service\/community-guidelines\/#breadcrumb\"},\"inLanguage\":\"cs\",\"potentialAction\":[{\"@type\":\"ReadAction\",\"target\":[\"https:\/\/www.etoro.com\/cs-cz\/customer-service\/community-guidelines\/\"]}]},{\"@type\":\"ImageObject\",\"inLanguage\":\"cs\",\"@id\":\"https:\/\/www.etoro.com\/cs-cz\/customer-service\/community-guidelines\/#primaryimage\",\"url\":\"https:\/\/www.etoro.com\/wp-content\/uploads\/2023\/12\/eToro-Community-Guidelines_Featured-image-1200x630_Czech-cs-cz.png\",\"contentUrl\":\"https:\/\/www.etoro.com\/wp-content\/uploads\/2023\/12\/eToro-Community-Guidelines_Featured-image-1200x630_Czech-cs-cz.png\",\"width\":1200,\"height\":630,\"caption\":\"Community Guidelines\"},{\"@type\":\"BreadcrumbList\",\"@id\":\"https:\/\/www.etoro.com\/cs-cz\/customer-service\/community-guidelines\/#breadcrumb\",\"itemListElement\":[{\"@type\":\"ListItem\",\"position\":1,\"name\":\"Dom\u016f\",\"item\":\"https:\/\/www.etoro.com\/cs-cz\/\"},{\"@type\":\"ListItem\",\"position\":2,\"name\":\"Z\u00c1KAZNICK\u00c9 SLU\u017dBY\",\"item\":\"https:\/\/www.etoro.com\/cs-cz\/customer-service\/\"},{\"@type\":\"ListItem\",\"position\":3,\"name\":\"POKYNY PRO KOMUNITU\"}]},{\"@type\":\"WebSite\",\"@id\":\"https:\/\/www.etoro.com\/cs-cz\/#website\",\"url\":\"https:\/\/www.etoro.com\/cs-cz\/\",\"name\":\"eToro\",\"description\":\"\",\"publisher\":{\"@id\":\"https:\/\/www.etoro.com\/cs-cz\/#organization\"},\"potentialAction\":[{\"@type\":\"SearchAction\",\"target\":{\"@type\":\"EntryPoint\",\"urlTemplate\":\"https:\/\/www.etoro.com\/cs-cz\/?s={search_term_string}\"},\"query-input\":{\"@type\":\"PropertyValueSpecification\",\"valueRequired\":true,\"valueName\":\"search_term_string\"}}],\"inLanguage\":\"cs\"},[]]}<\/script>","yoast_head_json":{"title":"Pokyny pro komunitu soci\u00e1ln\u00edho obchodov\u00e1n\u00ed | eToro","description":"eToro tvo\u0159\u00ed s\u00ed\u0165 v\u00edce ne\u017e 6 milion\u016f obchodn\u00edk\u016f. Tyto pokyny jsou vytvo\u0159eny s c\u00edlem zajistit v komunit\u011b soci\u00e1ln\u00edch obchodn\u00edk\u016f p\u0159\u00e1telskou atmosf\u00e9ru.","robots":{"index":"index","follow":"follow","max-snippet":"max-snippet:-1","max-image-preview":"max-image-preview:large","max-video-preview":"max-video-preview:-1"},"canonical":"https:\/\/www.etoro.com\/cs-cz\/wp-json\/wp\/v2\/pages\/20043","og_locale":"cs_CZ","og_type":"article","og_title":"Pokyny pro komunitu soci\u00e1ln\u00edho obchodov\u00e1n\u00ed | eToro","og_description":"eToro tvo\u0159\u00ed s\u00ed\u0165 v\u00edce ne\u017e 6 milion\u016f obchodn\u00edk\u016f. Tyto pokyny jsou vytvo\u0159eny s c\u00edlem zajistit v komunit\u011b soci\u00e1ln\u00edch obchodn\u00edk\u016f p\u0159\u00e1telskou atmosf\u00e9ru.","og_url":"https:\/\/www.etoro.com\/cs-cz\/wp-json\/wp\/v2\/pages\/20043","og_site_name":"eToro","article_publisher":"https:\/\/www.facebook.com\/eToro\/","article_modified_time":"2025-07-10T12:44:30+00:00","og_image":[{"width":1200,"height":630,"url":"https:\/\/www.etoro.com\/wp-content\/uploads\/2023\/12\/eToro-Community-Guidelines_Featured-image-1200x630_Czech-cs-cz.png","type":"image\/png"}],"twitter_card":"summary_large_image","twitter_site":"@eToro","twitter_misc":{"Est. reading time":"5 minutes"},"schema":{"@context":"https:\/\/schema.org","@graph":[{"@type":"WebPage","@id":"https:\/\/www.etoro.com\/cs-cz\/customer-service\/community-guidelines\/","url":"https:\/\/www.etoro.com\/cs-cz\/customer-service\/community-guidelines\/","name":"Pokyny pro komunitu soci\u00e1ln\u00edho obchodov\u00e1n\u00ed | eToro","isPartOf":{"@id":"https:\/\/www.etoro.com\/cs-cz\/#website"},"primaryImageOfPage":{"@id":"https:\/\/www.etoro.com\/cs-cz\/customer-service\/community-guidelines\/#primaryimage"},"image":{"@id":"https:\/\/www.etoro.com\/cs-cz\/customer-service\/community-guidelines\/#primaryimage"},"thumbnailUrl":"https:\/\/www.etoro.com\/wp-content\/uploads\/2023\/12\/eToro-Community-Guidelines_Featured-image-1200x630_Czech-cs-cz.png","datePublished":"2017-10-24T05:45:44+00:00","dateModified":"2025-07-10T12:44:30+00:00","description":"eToro tvo\u0159\u00ed s\u00ed\u0165 v\u00edce ne\u017e 6 milion\u016f obchodn\u00edk\u016f. Tyto pokyny jsou vytvo\u0159eny s c\u00edlem zajistit v komunit\u011b soci\u00e1ln\u00edch obchodn\u00edk\u016f p\u0159\u00e1telskou atmosf\u00e9ru.","breadcrumb":{"@id":"https:\/\/www.etoro.com\/cs-cz\/customer-service\/community-guidelines\/#breadcrumb"},"inLanguage":"cs","potentialAction":[{"@type":"ReadAction","target":["https:\/\/www.etoro.com\/cs-cz\/customer-service\/community-guidelines\/"]}]},{"@type":"ImageObject","inLanguage":"cs","@id":"https:\/\/www.etoro.com\/cs-cz\/customer-service\/community-guidelines\/#primaryimage","url":"https:\/\/www.etoro.com\/wp-content\/uploads\/2023\/12\/eToro-Community-Guidelines_Featured-image-1200x630_Czech-cs-cz.png","contentUrl":"https:\/\/www.etoro.com\/wp-content\/uploads\/2023\/12\/eToro-Community-Guidelines_Featured-image-1200x630_Czech-cs-cz.png","width":1200,"height":630,"caption":"Community Guidelines"},{"@type":"BreadcrumbList","@id":"https:\/\/www.etoro.com\/cs-cz\/customer-service\/community-guidelines\/#breadcrumb","itemListElement":[{"@type":"ListItem","position":1,"name":"Dom\u016f","item":"https:\/\/www.etoro.com\/cs-cz\/"},{"@type":"ListItem","position":2,"name":"Z\u00c1KAZNICK\u00c9 SLU\u017dBY","item":"https:\/\/www.etoro.com\/cs-cz\/customer-service\/"},{"@type":"ListItem","position":3,"name":"POKYNY PRO KOMUNITU"}]},{"@type":"WebSite","@id":"https:\/\/www.etoro.com\/cs-cz\/#website","url":"https:\/\/www.etoro.com\/cs-cz\/","name":"eToro","description":"","publisher":{"@id":"https:\/\/www.etoro.com\/cs-cz\/#organization"},"potentialAction":[{"@type":"SearchAction","target":{"@type":"EntryPoint","urlTemplate":"https:\/\/www.etoro.com\/cs-cz\/?s={search_term_string}"},"query-input":{"@type":"PropertyValueSpecification","valueRequired":true,"valueName":"search_term_string"}}],"inLanguage":"cs"},[]]}},"_links":{"self":[{"href":"https:\/\/www.etoro.com\/cs-cz\/wp-json\/wp\/v2\/pages\/20043"}],"collection":[{"href":"https:\/\/www.etoro.com\/cs-cz\/wp-json\/wp\/v2\/pages"}],"about":[{"href":"https:\/\/www.etoro.com\/cs-cz\/wp-json\/wp\/v2\/types\/page"}],"author":[{"embeddable":true,"href":"https:\/\/www.etoro.com\/cs-cz\/wp-json\/wp\/v2\/users\/1"}],"replies":[{"embeddable":true,"href":"https:\/\/www.etoro.com\/cs-cz\/wp-json\/wp\/v2\/comments?post=20043"}],"version-history":[{"count":0,"href":"https:\/\/www.etoro.com\/cs-cz\/wp-json\/wp\/v2\/pages\/20043\/revisions"}],"up":[{"embeddable":true,"href":"https:\/\/www.etoro.com\/cs-cz\/wp-json\/wp\/v2\/pages\/20058"}],"wp:featuredmedia":[{"embeddable":true,"href":"https:\/\/www.etoro.com\/cs-cz\/wp-json\/wp\/v2\/media\/812878"}],"wp:attachment":[{"href":"https:\/\/www.etoro.com\/cs-cz\/wp-json\/wp\/v2\/media?parent=20043"}],"wp:term":[{"taxonomy":"asset_type","embeddable":true,"href":"https:\/\/www.etoro.com\/cs-cz\/wp-json\/wp\/v2\/asset_type?post=20043"}],"curies":[{"name":"wp","href":"https:\/\/api.w.org\/{rel}","templated":true}]}}