{"id":20048,"date":"2017-08-07T10:51:57","date_gmt":"2017-08-07T09:51:57","guid":{"rendered":"https:\/\/www-stg.etoro.com\/vision\/"},"modified":"2025-05-11T00:16:41","modified_gmt":"2025-05-10T21:16:41","slug":"vision","status":"publish","type":"page","link":"https:\/\/www.etoro.com\/cs-cz\/about\/vision\/","title":{"rendered":"Our Vision"},"content":{"rendered":"\n<div class=\"wp-block-etoro-related-pages has-green-background-color wp-etoro-block-related-pages\"><div class=\"wp-etoro-block-related-pages-to-center\"><div class=\"wp-etoro-block-related-pages-menu-name\">Kam d\u00e1le:<\/div><div class=\"wp-etoro-block-related-pages-list-container\"><div class=\"wp-etoro-block-related-pages-arrow-left\"><button><\/button><\/div><div class=\"wp-etoro-block-related-pages-list\">\n<div class=\"wp-etoro-block-related-pages-link\"><a class=\"wp-etoro-block-related-page-link\" href=\"https:\/\/www.etoro.com\/cs-cz\/about\/\">O n\u00e1s <\/a><\/div>\n\n\n\n<div class=\"wp-etoro-block-related-pages-link\"><a class=\"wp-etoro-block-related-page-link\" href=\"https:\/\/www.etoro.com\/cs-cz\/about\/team\/\">Na\u0161e veden\u00ed <\/a><\/div>\n\n\n\n<div class=\"wp-etoro-block-related-pages-link\"><a class=\"wp-etoro-block-related-page-link\" href=\"https:\/\/www.etoro.com\/cs-cz\/about\/awards\/\">Na\u0161e ocen\u011bn\u00ed <\/a><\/div>\n<\/div><div class=\"wp-etoro-block-related-pages-arrow-right\"><button><\/button><\/div><\/div><\/div><\/div>\n\n\n\n<section class=\"wp-block-group wp-block-group-boxed\"><div class=\"wp-block-group-inner is-layout-flow wp-block-group-is-layout-flow\">\n<div class=\"wp-block-columns are-vertically-aligned-top wp-block-columns-1 is-layout-flex wp-container-core-columns-is-layout-1 wp-block-columns-is-layout-flex\">\n<div class=\"wp-block-column is-layout-flow wp-block-column-is-layout-flow\">\n<h2 class=\"wp-block-heading has-text-align-center\">Sv\u011bt, kde mohou v\u0161ichni jednodu\u0161e a transparentn\u011b obchodovat i investovat.<\/h2>\n<\/div>\n<\/div>\n<\/div><\/section>\n\n\n\n<section class=\"wp-block-group wp-block-group-boxed has-white-background-color has-background\"><div class=\"wp-block-group-inner is-layout-flow wp-block-group-is-layout-flow\">\n<div class=\"wp-block-columns are-vertically-aligned-center wp-block-columns-2 is-swapped-on-mobile is-layout-flex wp-container-core-columns-is-layout-2 wp-block-columns-is-layout-flex\">\n<div class=\"wp-block-column is-text-column is-layout-flow wp-block-column-is-layout-flow\">\n<h2 class=\"wp-block-heading\">Na\u0161e <strong>posl\u00e1n\u00ed<\/strong><\/h2>\n\n\n\n<p>Zp\u0159\u00edstupnit sv\u011btov\u00e9 trhy, propojit v\u00e1s s p\u0159edn\u00edmi investory a poskytnout v\u00e1m n\u00e1stroje, kter\u00e9 pot\u0159ebujete k roz\u0161i\u0159ov\u00e1n\u00ed sv\u00fdch znalost\u00ed i majetku.<\/p>\n<\/div>\n\n\n\n<div class=\"wp-block-column is-layout-flow wp-block-column-is-layout-flow\">\n<figure class=\"wp-block-image size-full\"><img loading=\"lazy\" decoding=\"async\" width=\"864\" height=\"600\" src=\"https:\/\/www.etoro.com\/wp-content\/uploads\/2025\/05\/our-mission-new.png\" alt=\"\" class=\"wp-image-1060915 wp-image-desktop\" srcset=\"https:\/\/www.etoro.com\/wp-content\/uploads\/2025\/05\/our-mission-new.png 864w, https:\/\/www.etoro.com\/wp-content\/uploads\/2025\/05\/our-mission-new-300x208.png 300w, https:\/\/www.etoro.com\/wp-content\/uploads\/2025\/05\/our-mission-new-768x533.png 768w\" sizes=\"(max-width: 864px) 100vw, 864px\" \/><\/figure>\n<\/div>\n<\/div>\n<\/div><\/section>\n\n\n\n<section class=\"wp-block-group wp-block-group-boxed has-grey-background-color has-background\"><div class=\"wp-block-group-inner is-layout-flow wp-block-group-is-layout-flow\">\n<h2 class=\"wp-block-heading has-text-align-center\"><span>Slibujeme <strong>v\u00e1m<\/strong><\/span><\/h2>\n\n\n\n<div class=\"wp-block-columns are-vertically-aligned-top wp-block-columns-2 wp-block-columns-1 is-layout-flex wp-container-core-columns-is-layout-3 wp-block-columns-is-layout-flex\">\n<div class=\"wp-block-column is-layout-flow wp-block-column-is-layout-flow\">\n<div class=\"wp-block-etoro-card wp-block-etoro-card-size-small wp-block-etoro-card-thumbnail-position-side wp-block-etoro-card-default\"><img decoding=\"async\" src=\"https:\/\/www.etoro.com\/wp-content\/uploads\/2023\/06\/Frame-60.png\" alt=\"Zachov\u00e1me jednoduchost\" class=\"wp-block-etoro-card-thumbnail\"\/><div class=\"wp-block-etoro-card-body\"><div class=\"wp-block-etoro-card-title\">Zachov\u00e1me jednoduchost<\/div><div class=\"wp-block-etoro-card-content\">\n<p>Sna\u017e\u00edme se odstranit p\u0159ek\u00e1\u017eky a zp\u0159\u00edstupnit online obchodov\u00e1n\u00ed a investov\u00e1n\u00ed v\u0161em \u2013 jednodu\u0161\u0161\u00ed a p\u0159ehledn\u011bj\u0161\u00ed. V\u017edy se sna\u017e\u00edme, aby pro v\u00e1s bylo v\u0161e co nejjednodu\u0161\u0161\u00ed, od na\u0161\u00ed snadno pou\u017eiteln\u00e9 platformy a\u017e po zp\u016fsob komunikace.<\/p>\n<\/div><\/div><\/div>\n<\/div>\n\n\n\n<div class=\"wp-block-column is-layout-flow wp-block-column-is-layout-flow\">\n<div class=\"wp-block-etoro-card wp-block-etoro-card-size-small wp-block-etoro-card-thumbnail-position-side wp-block-etoro-card-default\"><img decoding=\"async\" src=\"https:\/\/www.etoro.com\/wp-content\/uploads\/2023\/06\/Innovative-1.png\" alt=\"Neust\u00e1l\u00e9 inovace\" class=\"wp-block-etoro-card-thumbnail\"\/><div class=\"wp-block-etoro-card-body\"><div class=\"wp-block-etoro-card-title\">Neust\u00e1l\u00e9 inovace<\/div><div class=\"wp-block-etoro-card-content\">\n<p>Vznikli jsme proto, abychom naru\u0161ili sv\u011bt tradi\u010dn\u00edch financ\u00ed, a inovace jsou sou\u010d\u00e1st\u00ed na\u0161\u00ed DNA. S jedn\u00edm okem up\u0159en\u00fdm na trhy a druh\u00fdm na na\u0161i komunitu budeme i nad\u00e1le vytv\u00e1\u0159et nejmodern\u011bj\u0161\u00ed finan\u010dn\u00ed produkty a slu\u017eby, abychom uspokojili va\u0161e m\u011bn\u00edc\u00ed se pot\u0159eby.<\/p>\n<\/div><\/div><\/div>\n<\/div>\n<\/div>\n\n\n\n<div class=\"wp-block-columns are-vertically-aligned-top wp-block-columns-2 wp-block-columns-1 is-layout-flex wp-container-core-columns-is-layout-4 wp-block-columns-is-layout-flex\">\n<div class=\"wp-block-column is-layout-flow wp-block-column-is-layout-flow\">\n<div class=\"wp-block-etoro-card wp-block-etoro-card-size-small wp-block-etoro-card-thumbnail-position-side wp-block-etoro-card-default\"><img decoding=\"async\" src=\"https:\/\/www.etoro.com\/wp-content\/uploads\/2023\/06\/Team.png\" alt=\"Spolu budeme lep\u0161\u00ed\" class=\"wp-block-etoro-card-thumbnail\"\/><div class=\"wp-block-etoro-card-body\"><div class=\"wp-block-etoro-card-title\">Spolu budeme lep\u0161\u00ed<\/div><div class=\"wp-block-etoro-card-content\">\n<p>Nejste sami. Jste sou\u010d\u00e1st\u00ed rostouc\u00ed glob\u00e1ln\u00ed komunity. Ve sd\u00edlen\u00ed znalost\u00ed je s\u00edla. Umo\u017e\u0148ujeme v\u00e1m propojit se, u\u010dit se a sd\u00edlet informace s ostatn\u00edmi investory. T\u00edm, \u017ee investov\u00e1n\u00ed p\u0159em\u011bn\u00edme na skupinov\u00e9 \u00fasil\u00ed, dos\u00e1hneme lep\u0161\u00edch v\u00fdsledk\u016f a budeme \u00fasp\u011b\u0161n\u011bj\u0161\u00ed, spole\u010dn\u011b.<\/p>\n<\/div><\/div><\/div>\n<\/div>\n\n\n\n<div class=\"wp-block-column is-layout-flow wp-block-column-is-layout-flow\">\n<div class=\"wp-block-etoro-card wp-block-etoro-card-size-small wp-block-etoro-card-thumbnail-position-side wp-block-etoro-card-default\"><img decoding=\"async\" src=\"https:\/\/www.etoro.com\/wp-content\/uploads\/2023\/06\/Frame-60-1.png\" alt=\"Snahu o dokonalost\" class=\"wp-block-etoro-card-thumbnail\"\/><div class=\"wp-block-etoro-card-body\"><div class=\"wp-block-etoro-card-title\">Snahu o dokonalost<\/div><div class=\"wp-block-etoro-card-content\">\n<p>Sna\u017e\u00edme se p\u0159edv\u00eddat a p\u0159ekonat va\u0161e o\u010dek\u00e1v\u00e1n\u00ed t\u00edm, \u017ee v\u00e1s stav\u00edme do st\u0159edu ka\u017ed\u00e9ho na\u0161eho rozhodnut\u00ed a sna\u017e\u00edme se v\u00e1m poskytnout co nejlep\u0161\u00ed u\u017eivatelsk\u00fd z\u00e1\u017eitek. Jako regulovan\u00fd subjekt bereme va\u0161e soukrom\u00ed a bezpe\u010dnost v\u00e1\u017en\u011b a vyu\u017e\u00edv\u00e1me nejmodern\u011bj\u0161\u00ed \u0159e\u0161en\u00ed.<\/p>\n<\/div><\/div><\/div>\n<\/div>\n<\/div>\n\n\n\n<div class=\"wp-block-columns are-vertically-aligned-top wp-block-columns-2 wp-block-columns-1 is-layout-flex wp-container-core-columns-is-layout-5 wp-block-columns-is-layout-flex\">\n<div class=\"wp-block-column is-layout-flow wp-block-column-is-layout-flow\">\n<div class=\"wp-block-etoro-card wp-block-etoro-card-size-small wp-block-etoro-card-thumbnail-position-side wp-block-etoro-card-default\"><img decoding=\"async\" src=\"https:\/\/www.etoro.com\/wp-content\/uploads\/2023\/06\/Rocket-ship.png\" alt=\"Rozvoj va\u0161ich schopnost\u00ed\" class=\"wp-block-etoro-card-thumbnail\"\/><div class=\"wp-block-etoro-card-body\"><div class=\"wp-block-etoro-card-title\">Rozvoj va\u0161ich schopnost\u00ed<\/div><div class=\"wp-block-etoro-card-content\">\n<p>Nedostatek zku\u0161enost\u00ed a znalost\u00ed jsou dva hlavn\u00ed d\u016fvody, pro\u010d se lid\u00e9 rozhodnou neinvestovat. Na\u0161\u00edm c\u00edlem je zajistit v\u0161echny podm\u00ednky pro to, abyste se mohli informovan\u011b rozhodnout. Proto v\u00e1m nab\u00edz\u00edme \u0161irokou \u0161k\u00e1lu vzd\u011bl\u00e1vac\u00edch n\u00e1stroj\u016f a zdroj\u016f, kter\u00e9 v\u00e1m pomohou na va\u0161\u00ed investi\u010dn\u00ed cest\u011b.<\/p>\n<\/div><\/div><\/div>\n<\/div>\n\n\n\n<div class=\"wp-block-column is-layout-flow wp-block-column-is-layout-flow\"><\/div>\n<\/div>\n<\/div><\/section>\n","protected":false},"excerpt":{"rendered":"<p>Sv\u011bt, kde mohou v\u0161ichni jednodu\u0161e a transparentn\u011b obchodovat i investovat. Na\u0161e posl\u00e1n\u00ed Zp\u0159\u00edstupnit sv\u011btov\u00e9 trhy, propojit v\u00e1s s p\u0159edn\u00edmi investory a poskytnout v\u00e1m n\u00e1stroje, kter\u00e9 pot\u0159ebujete k roz\u0161i\u0159ov\u00e1n\u00ed sv\u00fdch znalost\u00ed i majetku. Slibujeme v\u00e1m<\/p>\n","protected":false},"author":1,"featured_media":1060943,"parent":20051,"menu_order":2025,"comment_status":"closed","ping_status":"closed","template":"","meta":{"_acf_changed":true,"inline_featured_image":false,"sticky_cta_settings":"","footnotes":""},"asset_type":[],"class_list":["post-20048","page","type-page","status-publish","has-post-thumbnail","hentry"],"acf":[],"yoast_head":"<title>Vize a posl\u00e1n\u00ed | eToro<\/title>\n<meta name=\"description\" content=\"P\u0159ipojte se k eToro \u2013 pr\u016fkopn\u00edk\u016fm, kte\u0159\u00ed ji\u017e p\u0159es 10 let stoj\u00ed v \u010dele obchodn\u00ed revoluce. Sn\u00edme o sv\u011bt\u011b, kde m\u016f\u017ee ka\u017ed\u00fd jednodu\u0161e a transparentn\u011b investovat.\" \/>\n<meta name=\"robots\" content=\"index, follow, max-snippet:-1, max-image-preview:large, max-video-preview:-1\" \/>\n<link rel=\"canonical\" href=\"https:\/\/www.etoro.com\/cs-cz\/wp-json\/wp\/v2\/pages\/20048\" \/>\n<meta property=\"og:locale\" content=\"cs_CZ\" \/>\n<meta property=\"og:type\" content=\"article\" \/>\n<meta property=\"og:title\" content=\"Vize a posl\u00e1n\u00ed | eToro\" \/>\n<meta property=\"og:description\" content=\"P\u0159ipojte se k eToro \u2013 pr\u016fkopn\u00edk\u016fm, kte\u0159\u00ed ji\u017e p\u0159es 10 let stoj\u00ed v \u010dele obchodn\u00ed revoluce. Sn\u00edme o sv\u011bt\u011b, kde m\u016f\u017ee ka\u017ed\u00fd jednodu\u0161e a transparentn\u011b investovat.\" \/>\n<meta property=\"og:url\" content=\"https:\/\/www.etoro.com\/cs-cz\/wp-json\/wp\/v2\/pages\/20048\" \/>\n<meta property=\"og:site_name\" content=\"eToro\" \/>\n<meta property=\"article:publisher\" content=\"https:\/\/www.facebook.com\/eToro\/\" \/>\n<meta property=\"article:modified_time\" content=\"2025-05-10T21:16:41+00:00\" \/>\n<meta property=\"og:image\" content=\"https:\/\/www.etoro.com\/wp-content\/uploads\/2025\/05\/Our-Vision-Featured-1200x630-1.jpg\" \/>\n\t<meta property=\"og:image:width\" content=\"1200\" \/>\n\t<meta property=\"og:image:height\" content=\"630\" \/>\n\t<meta property=\"og:image:type\" content=\"image\/jpeg\" \/>\n<meta name=\"twitter:card\" content=\"summary_large_image\" \/>\n<meta name=\"twitter:site\" content=\"@eToro\" \/>\n<script type=\"application\/ld+json\" class=\"yoast-schema-graph\">{\"@context\":\"https:\/\/schema.org\",\"@graph\":[{\"@type\":\"WebPage\",\"@id\":\"https:\/\/www.etoro.com\/cs-cz\/about\/vision\/\",\"url\":\"https:\/\/www.etoro.com\/cs-cz\/about\/vision\/\",\"name\":\"Vize a posl\u00e1n\u00ed | eToro\",\"isPartOf\":{\"@id\":\"https:\/\/www.etoro.com\/cs-cz\/#website\"},\"primaryImageOfPage\":{\"@id\":\"https:\/\/www.etoro.com\/cs-cz\/about\/vision\/#primaryimage\"},\"image\":{\"@id\":\"https:\/\/www.etoro.com\/cs-cz\/about\/vision\/#primaryimage\"},\"thumbnailUrl\":\"https:\/\/www.etoro.com\/wp-content\/uploads\/2025\/05\/Our-Vision-Featured-1200x630-1.jpg\",\"datePublished\":\"2017-08-07T09:51:57+00:00\",\"dateModified\":\"2025-05-10T21:16:41+00:00\",\"description\":\"P\u0159ipojte se k eToro \u2013 pr\u016fkopn\u00edk\u016fm, kte\u0159\u00ed ji\u017e p\u0159es 10 let stoj\u00ed v \u010dele obchodn\u00ed revoluce. Sn\u00edme o sv\u011bt\u011b, kde m\u016f\u017ee ka\u017ed\u00fd jednodu\u0161e a transparentn\u011b investovat.\",\"breadcrumb\":{\"@id\":\"https:\/\/www.etoro.com\/cs-cz\/about\/vision\/#breadcrumb\"},\"inLanguage\":\"cs\",\"potentialAction\":[{\"@type\":\"ReadAction\",\"target\":[\"https:\/\/www.etoro.com\/cs-cz\/about\/vision\/\"]}]},{\"@type\":\"ImageObject\",\"inLanguage\":\"cs\",\"@id\":\"https:\/\/www.etoro.com\/cs-cz\/about\/vision\/#primaryimage\",\"url\":\"https:\/\/www.etoro.com\/wp-content\/uploads\/2025\/05\/Our-Vision-Featured-1200x630-1.jpg\",\"contentUrl\":\"https:\/\/www.etoro.com\/wp-content\/uploads\/2025\/05\/Our-Vision-Featured-1200x630-1.jpg\",\"width\":1200,\"height\":630},{\"@type\":\"BreadcrumbList\",\"@id\":\"https:\/\/www.etoro.com\/cs-cz\/about\/vision\/#breadcrumb\",\"itemListElement\":[{\"@type\":\"ListItem\",\"position\":1,\"name\":\"Dom\u016f\",\"item\":\"https:\/\/www.etoro.com\/cs-cz\/\"},{\"@type\":\"ListItem\",\"position\":2,\"name\":\"About\",\"item\":\"https:\/\/www.etoro.com\/cs-cz\/about\/\"},{\"@type\":\"ListItem\",\"position\":3,\"name\":\"VIZE\"}]},{\"@type\":\"WebSite\",\"@id\":\"https:\/\/www.etoro.com\/cs-cz\/#website\",\"url\":\"https:\/\/www.etoro.com\/cs-cz\/\",\"name\":\"eToro\",\"description\":\"\",\"publisher\":{\"@id\":\"https:\/\/www.etoro.com\/cs-cz\/#organization\"},\"potentialAction\":[{\"@type\":\"SearchAction\",\"target\":{\"@type\":\"EntryPoint\",\"urlTemplate\":\"https:\/\/www.etoro.com\/cs-cz\/?s={search_term_string}\"},\"query-input\":{\"@type\":\"PropertyValueSpecification\",\"valueRequired\":true,\"valueName\":\"search_term_string\"}}],\"inLanguage\":\"cs\"},[]]}<\/script>","yoast_head_json":{"title":"Vize a posl\u00e1n\u00ed | eToro","description":"P\u0159ipojte se k eToro \u2013 pr\u016fkopn\u00edk\u016fm, kte\u0159\u00ed ji\u017e p\u0159es 10 let stoj\u00ed v \u010dele obchodn\u00ed revoluce. Sn\u00edme o sv\u011bt\u011b, kde m\u016f\u017ee ka\u017ed\u00fd jednodu\u0161e a transparentn\u011b investovat.","robots":{"index":"index","follow":"follow","max-snippet":"max-snippet:-1","max-image-preview":"max-image-preview:large","max-video-preview":"max-video-preview:-1"},"canonical":"https:\/\/www.etoro.com\/cs-cz\/wp-json\/wp\/v2\/pages\/20048","og_locale":"cs_CZ","og_type":"article","og_title":"Vize a posl\u00e1n\u00ed | eToro","og_description":"P\u0159ipojte se k eToro \u2013 pr\u016fkopn\u00edk\u016fm, kte\u0159\u00ed ji\u017e p\u0159es 10 let stoj\u00ed v \u010dele obchodn\u00ed revoluce. Sn\u00edme o sv\u011bt\u011b, kde m\u016f\u017ee ka\u017ed\u00fd jednodu\u0161e a transparentn\u011b investovat.","og_url":"https:\/\/www.etoro.com\/cs-cz\/wp-json\/wp\/v2\/pages\/20048","og_site_name":"eToro","article_publisher":"https:\/\/www.facebook.com\/eToro\/","article_modified_time":"2025-05-10T21:16:41+00:00","og_image":[{"width":1200,"height":630,"url":"https:\/\/www.etoro.com\/wp-content\/uploads\/2025\/05\/Our-Vision-Featured-1200x630-1.jpg","type":"image\/jpeg"}],"twitter_card":"summary_large_image","twitter_site":"@eToro","schema":{"@context":"https:\/\/schema.org","@graph":[{"@type":"WebPage","@id":"https:\/\/www.etoro.com\/cs-cz\/about\/vision\/","url":"https:\/\/www.etoro.com\/cs-cz\/about\/vision\/","name":"Vize a posl\u00e1n\u00ed | eToro","isPartOf":{"@id":"https:\/\/www.etoro.com\/cs-cz\/#website"},"primaryImageOfPage":{"@id":"https:\/\/www.etoro.com\/cs-cz\/about\/vision\/#primaryimage"},"image":{"@id":"https:\/\/www.etoro.com\/cs-cz\/about\/vision\/#primaryimage"},"thumbnailUrl":"https:\/\/www.etoro.com\/wp-content\/uploads\/2025\/05\/Our-Vision-Featured-1200x630-1.jpg","datePublished":"2017-08-07T09:51:57+00:00","dateModified":"2025-05-10T21:16:41+00:00","description":"P\u0159ipojte se k eToro \u2013 pr\u016fkopn\u00edk\u016fm, kte\u0159\u00ed ji\u017e p\u0159es 10 let stoj\u00ed v \u010dele obchodn\u00ed revoluce. Sn\u00edme o sv\u011bt\u011b, kde m\u016f\u017ee ka\u017ed\u00fd jednodu\u0161e a transparentn\u011b investovat.","breadcrumb":{"@id":"https:\/\/www.etoro.com\/cs-cz\/about\/vision\/#breadcrumb"},"inLanguage":"cs","potentialAction":[{"@type":"ReadAction","target":["https:\/\/www.etoro.com\/cs-cz\/about\/vision\/"]}]},{"@type":"ImageObject","inLanguage":"cs","@id":"https:\/\/www.etoro.com\/cs-cz\/about\/vision\/#primaryimage","url":"https:\/\/www.etoro.com\/wp-content\/uploads\/2025\/05\/Our-Vision-Featured-1200x630-1.jpg","contentUrl":"https:\/\/www.etoro.com\/wp-content\/uploads\/2025\/05\/Our-Vision-Featured-1200x630-1.jpg","width":1200,"height":630},{"@type":"BreadcrumbList","@id":"https:\/\/www.etoro.com\/cs-cz\/about\/vision\/#breadcrumb","itemListElement":[{"@type":"ListItem","position":1,"name":"Dom\u016f","item":"https:\/\/www.etoro.com\/cs-cz\/"},{"@type":"ListItem","position":2,"name":"About","item":"https:\/\/www.etoro.com\/cs-cz\/about\/"},{"@type":"ListItem","position":3,"name":"VIZE"}]},{"@type":"WebSite","@id":"https:\/\/www.etoro.com\/cs-cz\/#website","url":"https:\/\/www.etoro.com\/cs-cz\/","name":"eToro","description":"","publisher":{"@id":"https:\/\/www.etoro.com\/cs-cz\/#organization"},"potentialAction":[{"@type":"SearchAction","target":{"@type":"EntryPoint","urlTemplate":"https:\/\/www.etoro.com\/cs-cz\/?s={search_term_string}"},"query-input":{"@type":"PropertyValueSpecification","valueRequired":true,"valueName":"search_term_string"}}],"inLanguage":"cs"},[]]}},"_links":{"self":[{"href":"https:\/\/www.etoro.com\/cs-cz\/wp-json\/wp\/v2\/pages\/20048"}],"collection":[{"href":"https:\/\/www.etoro.com\/cs-cz\/wp-json\/wp\/v2\/pages"}],"about":[{"href":"https:\/\/www.etoro.com\/cs-cz\/wp-json\/wp\/v2\/types\/page"}],"author":[{"embeddable":true,"href":"https:\/\/www.etoro.com\/cs-cz\/wp-json\/wp\/v2\/users\/1"}],"replies":[{"embeddable":true,"href":"https:\/\/www.etoro.com\/cs-cz\/wp-json\/wp\/v2\/comments?post=20048"}],"version-history":[{"count":0,"href":"https:\/\/www.etoro.com\/cs-cz\/wp-json\/wp\/v2\/pages\/20048\/revisions"}],"up":[{"embeddable":true,"href":"https:\/\/www.etoro.com\/cs-cz\/wp-json\/wp\/v2\/pages\/20051"}],"wp:featuredmedia":[{"embeddable":true,"href":"https:\/\/www.etoro.com\/cs-cz\/wp-json\/wp\/v2\/media\/1060943"}],"wp:attachment":[{"href":"https:\/\/www.etoro.com\/cs-cz\/wp-json\/wp\/v2\/media?parent=20048"}],"wp:term":[{"taxonomy":"asset_type","embeddable":true,"href":"https:\/\/www.etoro.com\/cs-cz\/wp-json\/wp\/v2\/asset_type?post=20048"}],"curies":[{"name":"wp","href":"https:\/\/api.w.org\/{rel}","templated":true}]}}