{"id":20053,"date":"2017-10-02T16:44:09","date_gmt":"2017-10-02T13:44:09","guid":{"rendered":"https:\/\/www-stg.etoro.com\/copy-mirror\/"},"modified":"2021-10-04T11:12:40","modified_gmt":"2021-10-04T08:12:40","slug":"copy-vs-mirror","status":"publish","type":"page","link":"https:\/\/www.etoro.com\/cs-cz\/copytrader\/copy-vs-mirror\/","title":{"rendered":"Copy Trading je p\u0159evratnou koncepc\u00ed v zrcadlen\u00ed obchod\u016f"},"content":{"rendered":"<p>Rozhodnete se za\u010d\u00edt obchodovat online. P\u0159e\u010dtete si o n\u011bkolika platform\u00e1ch a dozv\u00edte se, \u017ee m\u016f\u017eete pou\u017e\u00edvat zrcadlen\u00ed obchod\u016f. Co v\u0161ak takto kop\u00edrovat obchody pomoc\u00ed Copy Trading \u2013 jednoho z nejjednodu\u0161\u0161\u00edch zp\u016fsob\u016f obchodov\u00e1n\u00ed online. Napadlo v\u00e1s vyzkou\u0161et to?<\/p>\n<p>Tato str\u00e1nka v\u00e1s sezn\u00e1m\u00ed s rozd\u00edly mezi ob\u011bma koncepcemi: zrcadlen\u00ed obchod\u016f a kop\u00edrov\u00e1n\u00ed obchod\u016f funkc\u00ed Copy Trading spole\u010dnosti eToro.<\/p>\n<h2>Co je zrcadlen\u00ed obchod\u016f?<\/h2>\n<p>Zrcadlen\u00ed obchod\u016f (Mirror Trading) se na devizov\u00fdch trz\u00edch pou\u017e\u00edv\u00e1 od za\u010d\u00e1tku 21. stolet\u00ed. V podstat\u011b jde o koncepci kop\u00edrov\u00e1n\u00ed obchod\u016f n\u011bkoho jin\u00e9ho, kter\u00e1 je na poli obchodov\u00e1n\u00ed s devizami st\u00e1le obl\u00edben\u011bj\u0161\u00ed u mal\u00fdch podnik\u016f. Co by mohlo b\u00fdt jednodu\u0161\u0161\u00ed ne\u017e nechat nejlep\u0161\u00ed obchodn\u00edky na sv\u011bt\u011b postarat se o va\u0161e obchody, a to zcela automaticky? U\u017eivatel nemus\u00ed nijak zasahovat, proto\u017ee v\u0161echny \u00fakony s \u00fa\u010dtem ovl\u00e1d\u00e1 platforma sama. V\u0161e, co je pot\u0159eba d\u011blat, je jednou t\u00fddn\u011b se p\u0159ihl\u00e1sit a zkontrolovat z\u016fstatek na \u00fa\u010dtu.<\/p>\n<p>N\u011bkter\u00e9 platformy, kter\u00e9 nab\u00edzej\u00ed zrcadlen\u00ed obchod\u016f, shroma\u017e\u010fuj\u00ed zku\u0161en\u00e9 obchodn\u00edky z r\u016fzn\u00fdch \u010d\u00e1st\u00ed sv\u011bta. Takov\u00e9 platformy poskytuj\u00ed t\u011bmto obchodn\u00edk\u016fm bezplatn\u00e9 obchodovac\u00ed \u00fa\u010dty, co\u017e jim umo\u017e\u0148uje p\u0159i kontrole nebo zkou\u0161k\u00e1ch dosahovat p\u016fsobiv\u00fdch v\u00fdsledk\u016f. Tyto spole\u010dnosti nab\u00edzej\u00edc\u00ed zrcadlen\u00ed obchod\u016f trvale eviduj\u00ed v\u00fdsledky obchodov\u00e1n\u00ed t\u011bchto obchodn\u00edk\u016f a pravideln\u011b je na sv\u00fdch webech aktualizuj\u00ed.<\/p>\n<p>Jako sou\u010d\u00e1st sv\u00fdch program\u016f maj\u00ed tyto spole\u010dnosti smlouvy s n\u011bkolika makl\u00e9\u0159i. Tyto spole\u010dnosti uspo\u0159\u00e1d\u00e1vaj\u00ed mnoho z \u00fa\u010dt\u016f t\u011bchto makl\u00e9\u0159\u016f do jednoho jedin\u00e9ho hlavn\u00edho \u00fa\u010dtu \u0159\u00edzen\u00e9ho spole\u010dnost\u00ed. Jednotliv\u00e9 \u00fa\u010dty jsou v dr\u017een\u00ed makl\u00e9\u0159e a hlavn\u00ed \u00fa\u010det pat\u0159\u00ed spole\u010dnosti. Spole\u010dnost p\u0159id\u011bluje hlavn\u00ed \u00fa\u010det nej\u00fasp\u011b\u0161n\u011bj\u0161\u00edm obchodn\u00edk\u016fm a ten se zrcadl\u00ed v dal\u0161\u00edch p\u0159ipojen\u00fdch \u00fa\u010dtech.<\/p>\n<p>Jakmile si u\u017eivatel vybere obchodn\u00edka k provozov\u00e1n\u00ed sv\u00e9ho \u00fa\u010dtu, je mu doporu\u010deno otev\u0159\u00edt si \u00fa\u010det u doporu\u010den\u00e9ho makl\u00e9\u0159e pro tento hlavn\u00ed \u00fa\u010det. Po otev\u0159en\u00ed tohoto \u00fa\u010dtu dojde k jeho automatick\u00e9 konfiguraci na hlavn\u00ed \u00fa\u010det vybran\u00e9ho obchodn\u00edka. Cokoliv obchodn\u00edk na sv\u00e9m \u00fa\u010dtu od t\u00e9to chv\u00edle provede, se automaticky opakuje\/zrcadl\u00ed na \u00fa\u010dtu u\u017eivatele. U\u017eivatel si m\u016f\u017ee zvolit sv\u00e9 vlastn\u00ed parametry \u0159\u00edzen\u00ed rizik, tak\u017ee ob\u010dasn\u00e1 agresivita trhu nebo nepoveden\u00fd obchod se nemus\u00ed nezbytn\u011b na \u00fa\u010dtu u\u017eivatele projevit.<\/p>\n<p>Poj\u010fme se nyn\u00ed pod\u00edvat na to, jak eToro tuto koncepci zrcadlen\u00ed obchod\u016f radik\u00e1ln\u011b vylep\u0161ila a zavedla do n\u00ed v\u011bt\u0161\u00ed pod\u00edl soci\u00e1ln\u00edho obchodov\u00e1n\u00ed p\u0159i sou\u010dasn\u00e9m zjednodu\u0161en\u00ed.<\/p>\n<h2>Co je Copy Trading?<\/h2>\n<p>eToro je pr\u016fkopn\u00edkem koncepce Copy Trading, kter\u00e1 umo\u017e\u0148uje automatick\u00e9 kop\u00edrov\u00e1n\u00ed obchodn\u00edk\u016f podle vlastn\u00edho v\u00fdb\u011bru opakov\u00e1n\u00edm toho, co d\u011blaj\u00ed, na sv\u00e9m vlastn\u00edm \u00fa\u010dtu. Zjednodu\u0161en\u011b \u0159e\u010deno se jedn\u00e1 o obchodov\u00e1n\u00ed na finan\u010dn\u00edch trz\u00edch tak, \u017ee nech\u00e1te jin\u00e9 lidi z cel\u00e9ho sv\u011bta, aby obchodovali za v\u00e1s.<\/p>\n<p>Pod\u00edvejme se d\u00e1le na soci\u00e1ln\u00ed funkce platformy eToro, kter\u00e9 p\u0159edstavuj\u00ed p\u0159evrat v obchodov\u00e1n\u00ed online. Na informa\u010dn\u00edm kan\u00e1le <a href=\"https:\/\/www.etoro.com\/cs-cz\/trading\/platforms\/\" target=\"_blank\" rel=\"noopener noreferrer\">obchodovac\u00ed platformy<\/a> eToro se zobrazuj\u00ed z\u00e1kladn\u00ed slo\u017eky soci\u00e1ln\u00edho obchodov\u00e1n\u00ed, mezi nimi: co d\u011blaj\u00ed jin\u00ed obchodn\u00edci v re\u00e1ln\u00e9m \u010dase, sledov\u00e1n\u00ed nej\u00fasp\u011b\u0161n\u011bj\u0161\u00edch obchodn\u00edk\u016f a kop\u00edrov\u00e1n\u00ed obchodn\u00edk\u016f, kte\u0159\u00ed se v\u00e1m l\u00edb\u00ed.<\/p>\n<p>Po p\u0159ihl\u00e1\u0161en\u00ed na online obchodovac\u00ed platformu eToro si okam\u017eit\u011b v\u0161imnete, \u017ee nevypad\u00e1 v sou\u010dasnosti jak\u00e1 jak\u00e1koliv jin\u00e1. Komplikovan\u00e9 grafy jsou zobrazov\u00e1ny v u\u017eivatelsky p\u0159\u00edv\u011btiv\u00e9 form\u011b a \u010d\u00e1sti platformy vypadaj\u00ed sp\u00ed\u0161e jako soci\u00e1ln\u00ed s\u00ed\u0165 ne\u017e jako obchodovac\u00ed platforma. Pouze na platform\u011b eToro m\u016f\u017eete sledovat jin\u00e9 obchodn\u00edky a zobrazit si jejich posledn\u00ed \u010dinnost ve sledovac\u00edm seznamu lid\u00ed a obchodn\u00edch polo\u017eek, kter\u00e9 chcete sledovat.<\/p>\n<p>Dal\u0161\u00ed u\u017eite\u010dnou funkc\u00ed je kop\u00edrov\u00e1n\u00ed obchod\u016f (na b\u00e1zi patentovan\u00e9 technologie spole\u010dnosti eToro, CopyTrader\u2122). Tento n\u00e1stroj umo\u017e\u0148uje automaticky kop\u00edrovat \u00fasp\u011b\u0161n\u00e9 obchodn\u00edky a otev\u00edrat stejn\u00e9 pozice jako oni. Je to jako budov\u00e1n\u00ed sv\u00e9ho vlastn\u00edho portfolia lid\u00ed. Tato funkce je skv\u011bl\u00fdm \u0159e\u0161en\u00edm pro ty, kdo si p\u0159ej\u00ed obchodovat online, ale prost\u011b nemaj\u00ed dost \u010dasu ani z\u00e1palu, aby se za\u010dali finan\u010dn\u011b vzd\u011bl\u00e1vat. Lze prost\u011b kop\u00edrovat sv\u00e9 obl\u00edben\u00e9 obchodn\u00edky a t\u011b\u017eit z jejich znalost\u00ed a zku\u0161enost\u00ed.<\/p>\n<h2>Jak za\u010d\u00edt s Copy Trading<\/h2>\n<p>Nejprve doporu\u010dujeme se pod\u00edvat na obl\u00edben\u00e9 investory (Popular Investors) v sekci v\u00fdb\u011bru redakce (Editor\u2019s Choice). Zde zobrazen\u00ed obchodn\u00edci jsou takov\u00ed, kte\u0159\u00ed si udr\u017euj\u00ed sk\u00f3re n\u00edzk\u00e9 rizikovosti a vykazovali v posledn\u00edch m\u011bs\u00edc\u00edch zisky. Dal\u0161\u00ed obchodn\u00edky ke kop\u00edrov\u00e1n\u00ed m\u016f\u017eete naj\u00edt pomoc\u00ed n\u00e1stroje pro objevov\u00e1n\u00ed lid\u00ed.<\/p>\n<p>V\u00fdsledky hled\u00e1n\u00ed lze filtrovat podle zisku, sk\u00f3re rizikovosti, zem\u011b p\u016fvodu a dal\u0161\u00edch faktor\u016f. Kdy\u017e najdete n\u011bkoho, koho chcete kop\u00edrovat, klikn\u011bte na jeho profil a okam\u017eit\u011b se v\u00e1m zobraz\u00ed statistika z posledn\u00ed doby, \u017eivotopis, obchodovac\u00ed strategie a \u0159ada dal\u0161\u00edch u\u017eite\u010dn\u00fdch \u00fadaj\u016f. Pokud usoud\u00edte, \u017ee se jedn\u00e1 o obchodn\u00edka, kter\u00e9ho chcete kop\u00edrovat, sta\u010d\u00ed kliknout na \u201eKop\u00edrovat\u201c (Copy) a ur\u010dit \u010d\u00e1stku, kterou chcete vy\u010dlenit z celkov\u00e9ho kapit\u00e1lu na sv\u00e9m \u00fa\u010dtu. V\u0161echny transakce jsou prov\u00e1d\u011bny pom\u011brnou \u010d\u00e1sti. To znamen\u00e1, \u017ee pokud vy\u010dlen\u00edte 1\u00a0000\u00a0$ na kop\u00edrov\u00e1n\u00ed obchodn\u00edka, kter\u00fd m\u00e1 obchodovac\u00ed \u00fa\u010det s 10\u00a0000\u00a0$, p\u0159i jeho otev\u0159en\u00ed pozice v \u010d\u00e1stce 1\u00a0000\u00a0$ na va\u0161em \u00fa\u010dtu je zkop\u00edrov\u00e1na stejn\u00e1 pozice v \u010d\u00e1stce 100\u00a0$. To umo\u017e\u0148uje nejenom kop\u00edrovat sm\u011br pozice, ale tak\u00e9 obchodn\u00edkem vyu\u017e\u00edvanou investi\u010dn\u00ed strategii. Pamatujte si, \u017ee jedna z nejd\u016fle\u017eit\u011bj\u0161\u00edch v\u011bc\u00ed je rozumn\u00e1 diverzifikace investic i rizik v \u0161irok\u00e9m rozsahu. P\u0159i kop\u00edrov\u00e1n\u00ed obchod\u016f jsou rizika va\u0161\u00ed investice rozmanit\u00e1 do stejn\u00e9 m\u00edry, do jak\u00e9 je kop\u00edrovan\u00fd obchodn\u00edk t\u00edmto zp\u016fsobem \u0159\u00edd\u00ed. Na\u0161im u\u017eivatel\u016fm doporu\u010dujeme \u0159\u00eddit sv\u00e1 rizika v r\u00e1mci na\u0161eho postupu <a href=\"https:\/\/www.etoro.com\/cs-cz\/customer-service\/responsible-trading\/\">Odpov\u011bdn\u00e9 obchodov\u00e1n\u00ed<\/a>.<\/p>\n<p>Ji\u017e roky jsme sv\u011bdkem revoluce, kterou CopyTrader a Copy Trading znamenaj\u00ed ve zp\u016fsobu obchodov\u00e1n\u00ed a investov\u00e1n\u00ed. Pokud je\u0161t\u011b nem\u00e1te \u00fa\u010det na eToro, m\u016f\u017eete si funkci Copy Trading vyzkou\u0161et ZDARMA s cvi\u010dn\u00fdm \u00fa\u010dtem na virtu\u00e1ln\u00edch 100\u00a0000\u00a0$.<\/p>\n","protected":false},"excerpt":{"rendered":"<p>Rozhodnete se za\u010d\u00edt obchodovat online. P\u0159e\u010dtete si o n\u011bkolika platform\u00e1ch a dozv\u00edte se, \u017ee m\u016f\u017eete pou\u017e\u00edvat zrcadlen\u00ed obchod\u016f. Co v\u0161ak takto kop\u00edrovat obchody pomoc\u00ed Copy Trading \u2013 jednoho z nejjednodu\u0161\u0161\u00edch zp\u016fsob\u016f obchodov\u00e1n\u00ed online. Napadlo v\u00e1s vyzkou\u0161et to? Tato str\u00e1nka v\u00e1s sezn\u00e1m\u00ed s rozd\u00edly mezi ob\u011bma koncepcemi: zrcadlen\u00ed obchod\u016f a kop\u00edrov\u00e1n\u00ed obchod\u016f funkc\u00ed Copy Trading spole\u010dnosti&hellip;<\/p>\n","protected":false},"author":1,"featured_media":0,"parent":34701,"menu_order":1630,"comment_status":"closed","ping_status":"closed","template":"","meta":{"_acf_changed":false,"inline_featured_image":false,"sticky_cta_settings":"","footnotes":""},"asset_type":[],"class_list":["post-20053","page","type-page","status-publish","hentry"],"acf":[],"yoast_head":"<title>eToro CopyTrading obnovuje Mirror trading<\/title>\n<meta name=\"description\" content=\"CopyTrading zlep\u0161uje koncepci Mirror Trading a umo\u017e\u0148uje kop\u00edrovat t\u00e9m\u011b\u0159 ka\u017ed\u00e9ho na platform\u011b.\" \/>\n<meta name=\"robots\" content=\"index, follow, max-snippet:-1, max-image-preview:large, max-video-preview:-1\" \/>\n<link rel=\"canonical\" href=\"https:\/\/www.etoro.com\/cs-cz\/wp-json\/wp\/v2\/pages\/20053\" \/>\n<meta property=\"og:locale\" content=\"cs_CZ\" \/>\n<meta property=\"og:type\" content=\"article\" \/>\n<meta property=\"og:title\" content=\"eToro CopyTrading obnovuje Mirror trading\" \/>\n<meta property=\"og:description\" content=\"CopyTrading zlep\u0161uje koncepci Mirror Trading a umo\u017e\u0148uje kop\u00edrovat t\u00e9m\u011b\u0159 ka\u017ed\u00e9ho na platform\u011b.\" \/>\n<meta property=\"og:url\" content=\"https:\/\/www.etoro.com\/cs-cz\/wp-json\/wp\/v2\/pages\/20053\" \/>\n<meta property=\"og:site_name\" content=\"eToro\" \/>\n<meta property=\"article:publisher\" content=\"https:\/\/www.facebook.com\/eToro\/\" \/>\n<meta property=\"article:modified_time\" content=\"2021-10-04T08:12:40+00:00\" \/>\n<meta property=\"og:image\" content=\"https:\/\/www.etoro.com\/wp-content\/uploads\/2019\/12\/etoro_logo_social_share1.png\" \/>\n\t<meta property=\"og:image:width\" content=\"240\" \/>\n\t<meta property=\"og:image:height\" content=\"240\" \/>\n\t<meta property=\"og:image:type\" content=\"image\/png\" \/>\n<meta name=\"twitter:card\" content=\"summary_large_image\" \/>\n<meta name=\"twitter:site\" content=\"@eToro\" \/>\n<meta name=\"twitter:label1\" content=\"Est. reading time\" \/>\n\t<meta name=\"twitter:data1\" content=\"6 minutes\" \/>\n<script type=\"application\/ld+json\" class=\"yoast-schema-graph\">{\"@context\":\"https:\/\/schema.org\",\"@graph\":[{\"@type\":\"WebPage\",\"@id\":\"https:\/\/www.etoro.com\/cs-cz\/copytrader\/copy-vs-mirror\/\",\"url\":\"https:\/\/www.etoro.com\/cs-cz\/copytrader\/copy-vs-mirror\/\",\"name\":\"eToro CopyTrading obnovuje Mirror trading\",\"isPartOf\":{\"@id\":\"https:\/\/www.etoro.com\/cs-cz\/#website\"},\"datePublished\":\"2017-10-02T13:44:09+00:00\",\"dateModified\":\"2021-10-04T08:12:40+00:00\",\"description\":\"CopyTrading zlep\u0161uje koncepci Mirror Trading a umo\u017e\u0148uje kop\u00edrovat t\u00e9m\u011b\u0159 ka\u017ed\u00e9ho na platform\u011b.\",\"breadcrumb\":{\"@id\":\"https:\/\/www.etoro.com\/cs-cz\/copytrader\/copy-vs-mirror\/#breadcrumb\"},\"inLanguage\":\"cs\",\"potentialAction\":[{\"@type\":\"ReadAction\",\"target\":[\"https:\/\/www.etoro.com\/cs-cz\/copytrader\/copy-vs-mirror\/\"]}]},{\"@type\":\"BreadcrumbList\",\"@id\":\"https:\/\/www.etoro.com\/cs-cz\/copytrader\/copy-vs-mirror\/#breadcrumb\",\"itemListElement\":[{\"@type\":\"ListItem\",\"position\":1,\"name\":\"Dom\u016f\",\"item\":\"https:\/\/www.etoro.com\/cs-cz\/\"},{\"@type\":\"ListItem\",\"position\":2,\"name\":\"CopyTrader\",\"item\":\"https:\/\/www.etoro.com\/cs-cz\/copytrader\/\"},{\"@type\":\"ListItem\",\"position\":3,\"name\":\"ZRCADLO KOP\u00cdROV\u00c1N\u00cd\"}]},{\"@type\":\"WebSite\",\"@id\":\"https:\/\/www.etoro.com\/cs-cz\/#website\",\"url\":\"https:\/\/www.etoro.com\/cs-cz\/\",\"name\":\"eToro\",\"description\":\"\",\"publisher\":{\"@id\":\"https:\/\/www.etoro.com\/cs-cz\/#organization\"},\"potentialAction\":[{\"@type\":\"SearchAction\",\"target\":{\"@type\":\"EntryPoint\",\"urlTemplate\":\"https:\/\/www.etoro.com\/cs-cz\/?s={search_term_string}\"},\"query-input\":{\"@type\":\"PropertyValueSpecification\",\"valueRequired\":true,\"valueName\":\"search_term_string\"}}],\"inLanguage\":\"cs\"},[]]}<\/script>","yoast_head_json":{"title":"eToro CopyTrading obnovuje Mirror trading","description":"CopyTrading zlep\u0161uje koncepci Mirror Trading a umo\u017e\u0148uje kop\u00edrovat t\u00e9m\u011b\u0159 ka\u017ed\u00e9ho na platform\u011b.","robots":{"index":"index","follow":"follow","max-snippet":"max-snippet:-1","max-image-preview":"max-image-preview:large","max-video-preview":"max-video-preview:-1"},"canonical":"https:\/\/www.etoro.com\/cs-cz\/wp-json\/wp\/v2\/pages\/20053","og_locale":"cs_CZ","og_type":"article","og_title":"eToro CopyTrading obnovuje Mirror trading","og_description":"CopyTrading zlep\u0161uje koncepci Mirror Trading a umo\u017e\u0148uje kop\u00edrovat t\u00e9m\u011b\u0159 ka\u017ed\u00e9ho na platform\u011b.","og_url":"https:\/\/www.etoro.com\/cs-cz\/wp-json\/wp\/v2\/pages\/20053","og_site_name":"eToro","article_publisher":"https:\/\/www.facebook.com\/eToro\/","article_modified_time":"2021-10-04T08:12:40+00:00","og_image":[{"width":240,"height":240,"url":"https:\/\/www.etoro.com\/wp-content\/uploads\/2019\/12\/etoro_logo_social_share1.png","type":"image\/png"}],"twitter_card":"summary_large_image","twitter_site":"@eToro","twitter_misc":{"Est. reading time":"6 minutes"},"schema":{"@context":"https:\/\/schema.org","@graph":[{"@type":"WebPage","@id":"https:\/\/www.etoro.com\/cs-cz\/copytrader\/copy-vs-mirror\/","url":"https:\/\/www.etoro.com\/cs-cz\/copytrader\/copy-vs-mirror\/","name":"eToro CopyTrading obnovuje Mirror trading","isPartOf":{"@id":"https:\/\/www.etoro.com\/cs-cz\/#website"},"datePublished":"2017-10-02T13:44:09+00:00","dateModified":"2021-10-04T08:12:40+00:00","description":"CopyTrading zlep\u0161uje koncepci Mirror Trading a umo\u017e\u0148uje kop\u00edrovat t\u00e9m\u011b\u0159 ka\u017ed\u00e9ho na platform\u011b.","breadcrumb":{"@id":"https:\/\/www.etoro.com\/cs-cz\/copytrader\/copy-vs-mirror\/#breadcrumb"},"inLanguage":"cs","potentialAction":[{"@type":"ReadAction","target":["https:\/\/www.etoro.com\/cs-cz\/copytrader\/copy-vs-mirror\/"]}]},{"@type":"BreadcrumbList","@id":"https:\/\/www.etoro.com\/cs-cz\/copytrader\/copy-vs-mirror\/#breadcrumb","itemListElement":[{"@type":"ListItem","position":1,"name":"Dom\u016f","item":"https:\/\/www.etoro.com\/cs-cz\/"},{"@type":"ListItem","position":2,"name":"CopyTrader","item":"https:\/\/www.etoro.com\/cs-cz\/copytrader\/"},{"@type":"ListItem","position":3,"name":"ZRCADLO KOP\u00cdROV\u00c1N\u00cd"}]},{"@type":"WebSite","@id":"https:\/\/www.etoro.com\/cs-cz\/#website","url":"https:\/\/www.etoro.com\/cs-cz\/","name":"eToro","description":"","publisher":{"@id":"https:\/\/www.etoro.com\/cs-cz\/#organization"},"potentialAction":[{"@type":"SearchAction","target":{"@type":"EntryPoint","urlTemplate":"https:\/\/www.etoro.com\/cs-cz\/?s={search_term_string}"},"query-input":{"@type":"PropertyValueSpecification","valueRequired":true,"valueName":"search_term_string"}}],"inLanguage":"cs"},[]]}},"_links":{"self":[{"href":"https:\/\/www.etoro.com\/cs-cz\/wp-json\/wp\/v2\/pages\/20053"}],"collection":[{"href":"https:\/\/www.etoro.com\/cs-cz\/wp-json\/wp\/v2\/pages"}],"about":[{"href":"https:\/\/www.etoro.com\/cs-cz\/wp-json\/wp\/v2\/types\/page"}],"author":[{"embeddable":true,"href":"https:\/\/www.etoro.com\/cs-cz\/wp-json\/wp\/v2\/users\/1"}],"replies":[{"embeddable":true,"href":"https:\/\/www.etoro.com\/cs-cz\/wp-json\/wp\/v2\/comments?post=20053"}],"version-history":[{"count":0,"href":"https:\/\/www.etoro.com\/cs-cz\/wp-json\/wp\/v2\/pages\/20053\/revisions"}],"up":[{"embeddable":true,"href":"https:\/\/www.etoro.com\/cs-cz\/wp-json\/wp\/v2\/pages\/34701"}],"wp:attachment":[{"href":"https:\/\/www.etoro.com\/cs-cz\/wp-json\/wp\/v2\/media?parent=20053"}],"wp:term":[{"taxonomy":"asset_type","embeddable":true,"href":"https:\/\/www.etoro.com\/cs-cz\/wp-json\/wp\/v2\/asset_type?post=20053"}],"curies":[{"name":"wp","href":"https:\/\/api.w.org\/{rel}","templated":true}]}}