{"id":20055,"date":"2017-09-12T14:44:38","date_gmt":"2017-09-12T11:44:38","guid":{"rendered":"https:\/\/www-stg.etoro.com\/pips-calculator\/"},"modified":"2018-07-01T11:34:07","modified_gmt":"2018-07-01T08:34:07","slug":"pips-calculator","status":"publish","type":"page","link":"https:\/\/www.etoro.com\/cs-cz\/trading\/pips-calculator\/","title":{"rendered":"Pipov\u00e1 kalkula\u010dka"},"content":{"rendered":"<p><span>P\u0159i obchodov\u00e1n\u00ed s m\u011bnami se tradi\u010dn\u011b jako nejmen\u0161\u00ed jednotka pohybu pou\u017e\u00edv\u00e1 \u201epip\u201c. Obchodn\u00edci tyto pohyby bedliv\u011b sleduj\u00ed, jeliko\u017e se obchody obvykle uskute\u010d\u0148uj\u00ed ve vysok\u00fdch objemech, kde i mal\u00fd pohyb m\u016f\u017ee znamenat v\u00fdznamn\u00fd zisk nebo ztr\u00e1tu. N\u00ed\u017ee se nach\u00e1z\u00ed snadno pou\u017eiteln\u00e1 kalkula\u010dka, kter\u00e1 pom\u00e1h\u00e1 ur\u010dit hodnotu jednoho pipu u konkr\u00e9tn\u00ed transakce.<\/span><\/p>\n<p><iframe loading=\"lazy\" src=\"https:\/\/ssltools.forexprostools.com\/pip-calculator\/index.php?force_lang=1&amp;acc=12\" width=\"100%\" height=\"770\" frameborder=\"0\" marginwidth=\"0\" marginheight=\"0\" scrolling=\"auto\"><\/iframe><\/p>\n","protected":false},"excerpt":{"rendered":"<p>P\u0159i obchodov\u00e1n\u00ed s m\u011bnami se tradi\u010dn\u011b jako nejmen\u0161\u00ed jednotka pohybu pou\u017e\u00edv\u00e1 \u201epip\u201c. Obchodn\u00edci tyto pohyby bedliv\u011b sleduj\u00ed, jeliko\u017e se obchody obvykle uskute\u010d\u0148uj\u00ed ve vysok\u00fdch objemech, kde i mal\u00fd pohyb m\u016f\u017ee znamenat v\u00fdznamn\u00fd zisk nebo ztr\u00e1tu. N\u00ed\u017ee se nach\u00e1z\u00ed snadno pou\u017eiteln\u00e1 kalkula\u010dka, kter\u00e1 pom\u00e1h\u00e1 ur\u010dit hodnotu jednoho pipu u konkr\u00e9tn\u00ed transakce.<\/p>\n","protected":false},"author":45,"featured_media":0,"parent":20057,"menu_order":1672,"comment_status":"closed","ping_status":"closed","template":"","meta":{"_acf_changed":false,"inline_featured_image":false,"sticky_cta_settings":"","footnotes":""},"asset_type":[],"class_list":["post-20055","page","type-page","status-publish","hentry"],"acf":[],"yoast_head":"<title>Pip kalkula\u010dka \u2013 vypo\u010dte hodnotu ka\u017ed\u00e9ho Pipu | eToro<\/title>\n<meta name=\"description\" content=\"Jakou hodnotu m\u00e1 pip? Pou\u017eijte eToro Pip a Margins Calculator k ur\u010den\u00ed hodnoty pipu p\u0159i obchodov\u00e1n\u00ed online a l\u00e9pe spravujte sv\u00e9 prost\u0159edky.\" \/>\n<meta name=\"robots\" content=\"index, follow, max-snippet:-1, max-image-preview:large, max-video-preview:-1\" \/>\n<link rel=\"canonical\" href=\"https:\/\/www.etoro.com\/cs-cz\/wp-json\/wp\/v2\/pages\/20055\" \/>\n<meta property=\"og:locale\" content=\"cs_CZ\" \/>\n<meta property=\"og:type\" content=\"article\" \/>\n<meta property=\"og:title\" content=\"Pip kalkula\u010dka \u2013 vypo\u010dte hodnotu ka\u017ed\u00e9ho Pipu | eToro\" \/>\n<meta property=\"og:description\" content=\"Jakou hodnotu m\u00e1 pip? Pou\u017eijte eToro Pip a Margins Calculator k ur\u010den\u00ed hodnoty pipu p\u0159i obchodov\u00e1n\u00ed online a l\u00e9pe spravujte sv\u00e9 prost\u0159edky.\" \/>\n<meta property=\"og:url\" content=\"https:\/\/www.etoro.com\/cs-cz\/wp-json\/wp\/v2\/pages\/20055\" \/>\n<meta property=\"og:site_name\" content=\"eToro\" \/>\n<meta property=\"article:publisher\" content=\"https:\/\/www.facebook.com\/eToro\/\" \/>\n<meta property=\"article:modified_time\" content=\"2018-07-01T08:34:07+00:00\" \/>\n<meta property=\"og:image\" content=\"https:\/\/www.etoro.com\/wp-content\/uploads\/2019\/12\/etoro_logo_social_share1.png\" \/>\n\t<meta property=\"og:image:width\" content=\"240\" \/>\n\t<meta property=\"og:image:height\" content=\"240\" \/>\n\t<meta property=\"og:image:type\" content=\"image\/png\" \/>\n<meta name=\"twitter:card\" content=\"summary_large_image\" \/>\n<meta name=\"twitter:site\" content=\"@eToro\" \/>\n<script type=\"application\/ld+json\" class=\"yoast-schema-graph\">{\"@context\":\"https:\/\/schema.org\",\"@graph\":[{\"@type\":\"WebPage\",\"@id\":\"https:\/\/www.etoro.com\/cs-cz\/trading\/pips-calculator\/\",\"url\":\"https:\/\/www.etoro.com\/cs-cz\/trading\/pips-calculator\/\",\"name\":\"Pip kalkula\u010dka \u2013 vypo\u010dte hodnotu ka\u017ed\u00e9ho Pipu | eToro\",\"isPartOf\":{\"@id\":\"https:\/\/www.etoro.com\/cs-cz\/#website\"},\"datePublished\":\"2017-09-12T11:44:38+00:00\",\"dateModified\":\"2018-07-01T08:34:07+00:00\",\"description\":\"Jakou hodnotu m\u00e1 pip? Pou\u017eijte eToro Pip a Margins Calculator k ur\u010den\u00ed hodnoty pipu p\u0159i obchodov\u00e1n\u00ed online a l\u00e9pe spravujte sv\u00e9 prost\u0159edky.\",\"breadcrumb\":{\"@id\":\"https:\/\/www.etoro.com\/cs-cz\/trading\/pips-calculator\/#breadcrumb\"},\"inLanguage\":\"cs\",\"potentialAction\":[{\"@type\":\"ReadAction\",\"target\":[\"https:\/\/www.etoro.com\/cs-cz\/trading\/pips-calculator\/\"]}]},{\"@type\":\"BreadcrumbList\",\"@id\":\"https:\/\/www.etoro.com\/cs-cz\/trading\/pips-calculator\/#breadcrumb\",\"itemListElement\":[{\"@type\":\"ListItem\",\"position\":1,\"name\":\"Dom\u016f\",\"item\":\"https:\/\/www.etoro.com\/cs-cz\/\"},{\"@type\":\"ListItem\",\"position\":2,\"name\":\"OBCHODOV\u00c1N\u00cd\",\"item\":\"https:\/\/www.etoro.com\/cs-cz\/trading\/\"},{\"@type\":\"ListItem\",\"position\":3,\"name\":\"KALKUL\u00c1TOR PIP\u016e\"}]},{\"@type\":\"WebSite\",\"@id\":\"https:\/\/www.etoro.com\/cs-cz\/#website\",\"url\":\"https:\/\/www.etoro.com\/cs-cz\/\",\"name\":\"eToro\",\"description\":\"\",\"publisher\":{\"@id\":\"https:\/\/www.etoro.com\/cs-cz\/#organization\"},\"potentialAction\":[{\"@type\":\"SearchAction\",\"target\":{\"@type\":\"EntryPoint\",\"urlTemplate\":\"https:\/\/www.etoro.com\/cs-cz\/?s={search_term_string}\"},\"query-input\":{\"@type\":\"PropertyValueSpecification\",\"valueRequired\":true,\"valueName\":\"search_term_string\"}}],\"inLanguage\":\"cs\"},[]]}<\/script>","yoast_head_json":{"title":"Pip kalkula\u010dka \u2013 vypo\u010dte hodnotu ka\u017ed\u00e9ho Pipu | eToro","description":"Jakou hodnotu m\u00e1 pip? Pou\u017eijte eToro Pip a Margins Calculator k ur\u010den\u00ed hodnoty pipu p\u0159i obchodov\u00e1n\u00ed online a l\u00e9pe spravujte sv\u00e9 prost\u0159edky.","robots":{"index":"index","follow":"follow","max-snippet":"max-snippet:-1","max-image-preview":"max-image-preview:large","max-video-preview":"max-video-preview:-1"},"canonical":"https:\/\/www.etoro.com\/cs-cz\/wp-json\/wp\/v2\/pages\/20055","og_locale":"cs_CZ","og_type":"article","og_title":"Pip kalkula\u010dka \u2013 vypo\u010dte hodnotu ka\u017ed\u00e9ho Pipu | eToro","og_description":"Jakou hodnotu m\u00e1 pip? Pou\u017eijte eToro Pip a Margins Calculator k ur\u010den\u00ed hodnoty pipu p\u0159i obchodov\u00e1n\u00ed online a l\u00e9pe spravujte sv\u00e9 prost\u0159edky.","og_url":"https:\/\/www.etoro.com\/cs-cz\/wp-json\/wp\/v2\/pages\/20055","og_site_name":"eToro","article_publisher":"https:\/\/www.facebook.com\/eToro\/","article_modified_time":"2018-07-01T08:34:07+00:00","og_image":[{"width":240,"height":240,"url":"https:\/\/www.etoro.com\/wp-content\/uploads\/2019\/12\/etoro_logo_social_share1.png","type":"image\/png"}],"twitter_card":"summary_large_image","twitter_site":"@eToro","schema":{"@context":"https:\/\/schema.org","@graph":[{"@type":"WebPage","@id":"https:\/\/www.etoro.com\/cs-cz\/trading\/pips-calculator\/","url":"https:\/\/www.etoro.com\/cs-cz\/trading\/pips-calculator\/","name":"Pip kalkula\u010dka \u2013 vypo\u010dte hodnotu ka\u017ed\u00e9ho Pipu | eToro","isPartOf":{"@id":"https:\/\/www.etoro.com\/cs-cz\/#website"},"datePublished":"2017-09-12T11:44:38+00:00","dateModified":"2018-07-01T08:34:07+00:00","description":"Jakou hodnotu m\u00e1 pip? Pou\u017eijte eToro Pip a Margins Calculator k ur\u010den\u00ed hodnoty pipu p\u0159i obchodov\u00e1n\u00ed online a l\u00e9pe spravujte sv\u00e9 prost\u0159edky.","breadcrumb":{"@id":"https:\/\/www.etoro.com\/cs-cz\/trading\/pips-calculator\/#breadcrumb"},"inLanguage":"cs","potentialAction":[{"@type":"ReadAction","target":["https:\/\/www.etoro.com\/cs-cz\/trading\/pips-calculator\/"]}]},{"@type":"BreadcrumbList","@id":"https:\/\/www.etoro.com\/cs-cz\/trading\/pips-calculator\/#breadcrumb","itemListElement":[{"@type":"ListItem","position":1,"name":"Dom\u016f","item":"https:\/\/www.etoro.com\/cs-cz\/"},{"@type":"ListItem","position":2,"name":"OBCHODOV\u00c1N\u00cd","item":"https:\/\/www.etoro.com\/cs-cz\/trading\/"},{"@type":"ListItem","position":3,"name":"KALKUL\u00c1TOR PIP\u016e"}]},{"@type":"WebSite","@id":"https:\/\/www.etoro.com\/cs-cz\/#website","url":"https:\/\/www.etoro.com\/cs-cz\/","name":"eToro","description":"","publisher":{"@id":"https:\/\/www.etoro.com\/cs-cz\/#organization"},"potentialAction":[{"@type":"SearchAction","target":{"@type":"EntryPoint","urlTemplate":"https:\/\/www.etoro.com\/cs-cz\/?s={search_term_string}"},"query-input":{"@type":"PropertyValueSpecification","valueRequired":true,"valueName":"search_term_string"}}],"inLanguage":"cs"},[]]}},"_links":{"self":[{"href":"https:\/\/www.etoro.com\/cs-cz\/wp-json\/wp\/v2\/pages\/20055"}],"collection":[{"href":"https:\/\/www.etoro.com\/cs-cz\/wp-json\/wp\/v2\/pages"}],"about":[{"href":"https:\/\/www.etoro.com\/cs-cz\/wp-json\/wp\/v2\/types\/page"}],"author":[{"embeddable":true,"href":"https:\/\/www.etoro.com\/cs-cz\/wp-json\/wp\/v2\/users\/45"}],"replies":[{"embeddable":true,"href":"https:\/\/www.etoro.com\/cs-cz\/wp-json\/wp\/v2\/comments?post=20055"}],"version-history":[{"count":0,"href":"https:\/\/www.etoro.com\/cs-cz\/wp-json\/wp\/v2\/pages\/20055\/revisions"}],"up":[{"embeddable":true,"href":"https:\/\/www.etoro.com\/cs-cz\/wp-json\/wp\/v2\/pages\/20057"}],"wp:attachment":[{"href":"https:\/\/www.etoro.com\/cs-cz\/wp-json\/wp\/v2\/media?parent=20055"}],"wp:term":[{"taxonomy":"asset_type","embeddable":true,"href":"https:\/\/www.etoro.com\/cs-cz\/wp-json\/wp\/v2\/asset_type?post=20055"}],"curies":[{"name":"wp","href":"https:\/\/api.w.org\/{rel}","templated":true}]}}