{"id":20056,"date":"2017-09-11T09:47:51","date_gmt":"2017-09-11T06:47:51","guid":{"rendered":"https:\/\/www-stg.etoro.com\/economic-calendar\/"},"modified":"2024-01-10T15:43:29","modified_gmt":"2024-01-10T13:43:29","slug":"economic-calendar","status":"publish","type":"page","link":"https:\/\/www.etoro.com\/cs-cz\/trading\/economic-calendar\/","title":{"rendered":"Ekonomick\u00fd kalend\u00e1\u0159 eToro"},"content":{"rendered":"<p>Mnoho aktiv se v dob\u011b kolem ur\u010dit\u00fdch finan\u010dn\u00edch ud\u00e1lost\u00ed st\u00e1v\u00e1 volatiln\u00edmi. Nap\u0159\u00edklad m\u011bs\u00ed\u010dn\u00ed zpr\u00e1va Non-Farm Payroll \u010dasto ovliv\u0148uje americk\u00fd dolar. Chcete-li vyu\u017e\u00edt p\u0159\u00edle\u017eitost\u00ed, kter\u00e9 se objevuj\u00ed p\u0159i pohybu trh\u016f, je d\u016fle\u017eit\u00e9 m\u00edt aktu\u00e1ln\u00ed informace o ned\u00e1vn\u00fdch i nadch\u00e1zej\u00edc\u00edch ud\u00e1lostech na sv\u011btov\u00fdch trz\u00edch. Ekonomick\u00fd kalend\u00e1\u0159 eToro obsahuje v\u0161echny relevantn\u00ed ud\u00e1losti a podrobnosti t\u00fdkaj\u00edc\u00ed se toho, kterou m\u011bnu ovliv\u0148uj\u00ed, spolu s \u00farovn\u00ed jejich v\u00fdznamu.<\/p>\n<h2>Jak se ekonomick\u00fd kalend\u00e1\u0159 pou\u017e\u00edv\u00e1:<\/h2>\n<ol>\n<li>Vyberte \u010dasov\u00e9 p\u00e1smo a obdob\u00ed relevantn\u00ed pro va\u0161e obchody (v\u00fdchoz\u00ed nastaven\u00ed: va\u0161e \u010dasov\u00e9 p\u00e1smo a aktu\u00e1ln\u00ed t\u00fdden)<\/li>\n<li>Pod\u00edvejte se, kter\u00e9 ud\u00e1losti ovliv\u0148uj\u00ed v\u00e1mi obchodovan\u00e1 aktiva<\/li>\n<li>Pod\u00edvejte se na dopad jednotliv\u00fdch ud\u00e1lost\u00ed<\/li>\n<li>Napl\u00e1nujte si odpov\u00eddaj\u00edc\u00ed strategii<\/li>\n<\/ol>\n<p><iframe loading=\"lazy\" src=\"https:\/\/sslecal2.forexprostools.com?columns=exc_flags,exc_currency,exc_importance,exc_actual,exc_forecast,exc_previous&amp;category=_employment,_economicActivity,_inflation,_credit,_centralBanks,_confidenceIndex,_balance,_Bonds&amp;importance=1,2,3&amp;features=datepicker,timezone&amp;countries=25,32,6,37,72,22,17,39,14,48,10,35,7,43,60,36,110,11,26,12,4,5&amp;calType=week&amp;\" width=\"100%\" height=\"950px\"><\/iframe><\/p>\n","protected":false},"excerpt":{"rendered":"<p>Mnoho aktiv se v dob\u011b kolem ur\u010dit\u00fdch finan\u010dn\u00edch ud\u00e1lost\u00ed st\u00e1v\u00e1 volatiln\u00edmi. Nap\u0159\u00edklad m\u011bs\u00ed\u010dn\u00ed zpr\u00e1va Non-Farm Payroll \u010dasto ovliv\u0148uje americk\u00fd dolar. Chcete-li vyu\u017e\u00edt p\u0159\u00edle\u017eitost\u00ed, kter\u00e9 se objevuj\u00ed p\u0159i pohybu trh\u016f, je d\u016fle\u017eit\u00e9 m\u00edt aktu\u00e1ln\u00ed informace o ned\u00e1vn\u00fdch i nadch\u00e1zej\u00edc\u00edch ud\u00e1lostech na sv\u011btov\u00fdch trz\u00edch. Ekonomick\u00fd kalend\u00e1\u0159 eToro obsahuje v\u0161echny relevantn\u00ed ud\u00e1losti a podrobnosti t\u00fdkaj\u00edc\u00ed se toho, kterou&hellip;<\/p>\n","protected":false},"author":45,"featured_media":0,"parent":20057,"menu_order":1693,"comment_status":"closed","ping_status":"closed","template":"","meta":{"_acf_changed":false,"inline_featured_image":false,"sticky_cta_settings":"","footnotes":""},"asset_type":[],"class_list":["post-20056","page","type-page","status-publish","hentry"],"acf":[],"yoast_head":"<title>Ekonomick\u00fd kalend\u00e1\u0159: aktu\u00e1ln\u00ed finan\u010dn\u00ed ud\u00e1losti | eToro<\/title>\n<meta name=\"description\" content=\"V\u0161echny d\u016fle\u017eit\u00e9 finan\u010dn\u00ed ud\u00e1losti na jednom m\u00edst\u011b, aktualizovan\u00e9 v re\u00e1ln\u00e9m \u010dase a s informacemi o tom, na jak\u00e9 m\u011bny maj\u00ed vliv.\" \/>\n<meta name=\"robots\" content=\"index, follow, max-snippet:-1, max-image-preview:large, max-video-preview:-1\" \/>\n<link rel=\"canonical\" href=\"https:\/\/www.etoro.com\/cs-cz\/wp-json\/wp\/v2\/pages\/20056\" \/>\n<meta property=\"og:locale\" content=\"cs_CZ\" \/>\n<meta property=\"og:type\" content=\"article\" \/>\n<meta property=\"og:title\" content=\"Ekonomick\u00fd kalend\u00e1\u0159: aktu\u00e1ln\u00ed finan\u010dn\u00ed ud\u00e1losti | eToro\" \/>\n<meta property=\"og:description\" content=\"V\u0161echny d\u016fle\u017eit\u00e9 finan\u010dn\u00ed ud\u00e1losti na jednom m\u00edst\u011b, aktualizovan\u00e9 v re\u00e1ln\u00e9m \u010dase a s informacemi o tom, na jak\u00e9 m\u011bny maj\u00ed vliv.\" \/>\n<meta property=\"og:url\" content=\"https:\/\/www.etoro.com\/cs-cz\/wp-json\/wp\/v2\/pages\/20056\" \/>\n<meta property=\"og:site_name\" content=\"eToro\" \/>\n<meta property=\"article:publisher\" content=\"https:\/\/www.facebook.com\/eToro\/\" \/>\n<meta property=\"article:modified_time\" content=\"2024-01-10T13:43:29+00:00\" \/>\n<meta property=\"og:image\" content=\"https:\/\/www.etoro.com\/wp-content\/uploads\/2019\/12\/etoro_logo_social_share1.png\" \/>\n\t<meta property=\"og:image:width\" content=\"240\" \/>\n\t<meta property=\"og:image:height\" content=\"240\" \/>\n\t<meta property=\"og:image:type\" content=\"image\/png\" \/>\n<meta name=\"twitter:card\" content=\"summary_large_image\" \/>\n<meta name=\"twitter:site\" content=\"@eToro\" \/>\n<meta name=\"twitter:label1\" content=\"Est. reading time\" \/>\n\t<meta name=\"twitter:data1\" content=\"1 minute\" \/>\n<script type=\"application\/ld+json\" class=\"yoast-schema-graph\">{\"@context\":\"https:\/\/schema.org\",\"@graph\":[{\"@type\":\"WebPage\",\"@id\":\"https:\/\/www.etoro.com\/cs-cz\/trading\/economic-calendar\/\",\"url\":\"https:\/\/www.etoro.com\/cs-cz\/trading\/economic-calendar\/\",\"name\":\"Ekonomick\u00fd kalend\u00e1\u0159: aktu\u00e1ln\u00ed finan\u010dn\u00ed ud\u00e1losti | eToro\",\"isPartOf\":{\"@id\":\"https:\/\/www.etoro.com\/cs-cz\/#website\"},\"datePublished\":\"2017-09-11T06:47:51+00:00\",\"dateModified\":\"2024-01-10T13:43:29+00:00\",\"description\":\"V\u0161echny d\u016fle\u017eit\u00e9 finan\u010dn\u00ed ud\u00e1losti na jednom m\u00edst\u011b, aktualizovan\u00e9 v re\u00e1ln\u00e9m \u010dase a s informacemi o tom, na jak\u00e9 m\u011bny maj\u00ed vliv.\",\"breadcrumb\":{\"@id\":\"https:\/\/www.etoro.com\/cs-cz\/trading\/economic-calendar\/#breadcrumb\"},\"inLanguage\":\"cs\",\"potentialAction\":[{\"@type\":\"ReadAction\",\"target\":[\"https:\/\/www.etoro.com\/cs-cz\/trading\/economic-calendar\/\"]}]},{\"@type\":\"BreadcrumbList\",\"@id\":\"https:\/\/www.etoro.com\/cs-cz\/trading\/economic-calendar\/#breadcrumb\",\"itemListElement\":[{\"@type\":\"ListItem\",\"position\":1,\"name\":\"Dom\u016f\",\"item\":\"https:\/\/www.etoro.com\/cs-cz\/\"},{\"@type\":\"ListItem\",\"position\":2,\"name\":\"OBCHODOV\u00c1N\u00cd\",\"item\":\"https:\/\/www.etoro.com\/cs-cz\/trading\/\"},{\"@type\":\"ListItem\",\"position\":3,\"name\":\"EKONOMICK\u00dd KALEND\u00c1\u0158\"}]},{\"@type\":\"WebSite\",\"@id\":\"https:\/\/www.etoro.com\/cs-cz\/#website\",\"url\":\"https:\/\/www.etoro.com\/cs-cz\/\",\"name\":\"eToro\",\"description\":\"\",\"publisher\":{\"@id\":\"https:\/\/www.etoro.com\/cs-cz\/#organization\"},\"potentialAction\":[{\"@type\":\"SearchAction\",\"target\":{\"@type\":\"EntryPoint\",\"urlTemplate\":\"https:\/\/www.etoro.com\/cs-cz\/?s={search_term_string}\"},\"query-input\":{\"@type\":\"PropertyValueSpecification\",\"valueRequired\":true,\"valueName\":\"search_term_string\"}}],\"inLanguage\":\"cs\"},[]]}<\/script>","yoast_head_json":{"title":"Ekonomick\u00fd kalend\u00e1\u0159: aktu\u00e1ln\u00ed finan\u010dn\u00ed ud\u00e1losti | eToro","description":"V\u0161echny d\u016fle\u017eit\u00e9 finan\u010dn\u00ed ud\u00e1losti na jednom m\u00edst\u011b, aktualizovan\u00e9 v re\u00e1ln\u00e9m \u010dase a s informacemi o tom, na jak\u00e9 m\u011bny maj\u00ed vliv.","robots":{"index":"index","follow":"follow","max-snippet":"max-snippet:-1","max-image-preview":"max-image-preview:large","max-video-preview":"max-video-preview:-1"},"canonical":"https:\/\/www.etoro.com\/cs-cz\/wp-json\/wp\/v2\/pages\/20056","og_locale":"cs_CZ","og_type":"article","og_title":"Ekonomick\u00fd kalend\u00e1\u0159: aktu\u00e1ln\u00ed finan\u010dn\u00ed ud\u00e1losti | eToro","og_description":"V\u0161echny d\u016fle\u017eit\u00e9 finan\u010dn\u00ed ud\u00e1losti na jednom m\u00edst\u011b, aktualizovan\u00e9 v re\u00e1ln\u00e9m \u010dase a s informacemi o tom, na jak\u00e9 m\u011bny maj\u00ed vliv.","og_url":"https:\/\/www.etoro.com\/cs-cz\/wp-json\/wp\/v2\/pages\/20056","og_site_name":"eToro","article_publisher":"https:\/\/www.facebook.com\/eToro\/","article_modified_time":"2024-01-10T13:43:29+00:00","og_image":[{"width":240,"height":240,"url":"https:\/\/www.etoro.com\/wp-content\/uploads\/2019\/12\/etoro_logo_social_share1.png","type":"image\/png"}],"twitter_card":"summary_large_image","twitter_site":"@eToro","twitter_misc":{"Est. reading time":"1 minute"},"schema":{"@context":"https:\/\/schema.org","@graph":[{"@type":"WebPage","@id":"https:\/\/www.etoro.com\/cs-cz\/trading\/economic-calendar\/","url":"https:\/\/www.etoro.com\/cs-cz\/trading\/economic-calendar\/","name":"Ekonomick\u00fd kalend\u00e1\u0159: aktu\u00e1ln\u00ed finan\u010dn\u00ed ud\u00e1losti | eToro","isPartOf":{"@id":"https:\/\/www.etoro.com\/cs-cz\/#website"},"datePublished":"2017-09-11T06:47:51+00:00","dateModified":"2024-01-10T13:43:29+00:00","description":"V\u0161echny d\u016fle\u017eit\u00e9 finan\u010dn\u00ed ud\u00e1losti na jednom m\u00edst\u011b, aktualizovan\u00e9 v re\u00e1ln\u00e9m \u010dase a s informacemi o tom, na jak\u00e9 m\u011bny maj\u00ed vliv.","breadcrumb":{"@id":"https:\/\/www.etoro.com\/cs-cz\/trading\/economic-calendar\/#breadcrumb"},"inLanguage":"cs","potentialAction":[{"@type":"ReadAction","target":["https:\/\/www.etoro.com\/cs-cz\/trading\/economic-calendar\/"]}]},{"@type":"BreadcrumbList","@id":"https:\/\/www.etoro.com\/cs-cz\/trading\/economic-calendar\/#breadcrumb","itemListElement":[{"@type":"ListItem","position":1,"name":"Dom\u016f","item":"https:\/\/www.etoro.com\/cs-cz\/"},{"@type":"ListItem","position":2,"name":"OBCHODOV\u00c1N\u00cd","item":"https:\/\/www.etoro.com\/cs-cz\/trading\/"},{"@type":"ListItem","position":3,"name":"EKONOMICK\u00dd KALEND\u00c1\u0158"}]},{"@type":"WebSite","@id":"https:\/\/www.etoro.com\/cs-cz\/#website","url":"https:\/\/www.etoro.com\/cs-cz\/","name":"eToro","description":"","publisher":{"@id":"https:\/\/www.etoro.com\/cs-cz\/#organization"},"potentialAction":[{"@type":"SearchAction","target":{"@type":"EntryPoint","urlTemplate":"https:\/\/www.etoro.com\/cs-cz\/?s={search_term_string}"},"query-input":{"@type":"PropertyValueSpecification","valueRequired":true,"valueName":"search_term_string"}}],"inLanguage":"cs"},[]]}},"_links":{"self":[{"href":"https:\/\/www.etoro.com\/cs-cz\/wp-json\/wp\/v2\/pages\/20056"}],"collection":[{"href":"https:\/\/www.etoro.com\/cs-cz\/wp-json\/wp\/v2\/pages"}],"about":[{"href":"https:\/\/www.etoro.com\/cs-cz\/wp-json\/wp\/v2\/types\/page"}],"author":[{"embeddable":true,"href":"https:\/\/www.etoro.com\/cs-cz\/wp-json\/wp\/v2\/users\/45"}],"replies":[{"embeddable":true,"href":"https:\/\/www.etoro.com\/cs-cz\/wp-json\/wp\/v2\/comments?post=20056"}],"version-history":[{"count":0,"href":"https:\/\/www.etoro.com\/cs-cz\/wp-json\/wp\/v2\/pages\/20056\/revisions"}],"up":[{"embeddable":true,"href":"https:\/\/www.etoro.com\/cs-cz\/wp-json\/wp\/v2\/pages\/20057"}],"wp:attachment":[{"href":"https:\/\/www.etoro.com\/cs-cz\/wp-json\/wp\/v2\/media?parent=20056"}],"wp:term":[{"taxonomy":"asset_type","embeddable":true,"href":"https:\/\/www.etoro.com\/cs-cz\/wp-json\/wp\/v2\/asset_type?post=20056"}],"curies":[{"name":"wp","href":"https:\/\/api.w.org\/{rel}","templated":true}]}}