{"id":20060,"date":"2017-08-15T11:29:47","date_gmt":"2017-08-15T10:29:47","guid":{"rendered":"https:\/\/www-stg.etoro.com\/customer-service\/privacy\/"},"modified":"2022-06-01T16:13:55","modified_gmt":"2022-06-01T13:13:55","slug":"privacy","status":"publish","type":"page","link":"https:\/\/www.etoro.com\/cs-cz\/customer-service\/privacy\/","title":{"rendered":"Z\u00e1sady ochrany a zve\u0159ej\u0148ov\u00e1n\u00ed osobn\u00edch \u00fadaj\u016f eToro"},"content":{"rendered":"<h2>Klikn\u011bte na tla\u010d\u00edtko n\u00ed\u017ee a prohl\u00e9dn\u011bte si na\u0161e z\u00e1sady ochrany a zve\u0159ej\u0148ov\u00e1n\u00ed osobn\u00edch \u00fadaj\u016f (PDF)<\/h2>\n<div class=\"documets_table documents_table_two_cols\"><a file_type='pdf' class='document_td' href='https:\/\/www.etoro.com\/wp-content\/uploads\/2022\/06\/eToro-Privacy-Policy-June-2022-Clean.pdf' target='_blank'>\n            <span class='document_td_vertical'>\n                <span class='file_name'>Z\u00e1sady ochrany a zve\u0159ej\u0148ov\u00e1n\u00ed osobn\u00edch \u00fadaj\u016f eToro<\/span>\n                <span class='file_link'>St\u00e1hn\u011bte PDF<\/span>\n            <\/span>\n        <\/a><a file_type='pdf' class='document_td' href='https:\/\/www.etoro.com\/wp-content\/uploads\/2022\/02\/Privacy-Policy-Germany.pdf' target='_blank'>\n            <span class='document_td_vertical'>\n                <span class='file_name'>Privacy Policy - German Translation<\/span>\n                <span class='file_link'>St\u00e1hn\u011bte PDF<\/span>\n            <\/span>\n        <\/a><\/div>\n","protected":false},"excerpt":{"rendered":"<p>Klikn\u011bte na tla\u010d\u00edtko n\u00ed\u017ee a prohl\u00e9dn\u011bte si na\u0161e z\u00e1sady ochrany a zve\u0159ej\u0148ov\u00e1n\u00ed osobn\u00edch \u00fadaj\u016f (PDF)<\/p>\n","protected":false},"author":1,"featured_media":0,"parent":20058,"menu_order":1805,"comment_status":"closed","ping_status":"closed","template":"","meta":{"_acf_changed":false,"inline_featured_image":false,"sticky_cta_settings":"","footnotes":""},"asset_type":[],"class_list":["post-20060","page","type-page","status-publish","hentry"],"acf":[],"yoast_head":"<title>Z\u00e1sady ochrany a zve\u0159ej\u0148ov\u00e1n\u00ed osobn\u00edch \u00fadaj\u016f | eToro<\/title>\n<meta name=\"description\" content=\"eToro dodr\u017euje z\u00e1konn\u00e9 po\u017eadavky pro shroma\u017e\u010fov\u00e1n\u00ed osobn\u00edch \u00fadaj\u016f a pou\u017e\u00edv\u00e1 je k \u00faprav\u011b obchodn\u00edch a investi\u010dn\u00edch online zku\u0161enost\u00ed pro Va\u0161i pot\u0159ebu.\" \/>\n<meta name=\"robots\" content=\"index, follow, max-snippet:-1, max-image-preview:large, max-video-preview:-1\" \/>\n<link rel=\"canonical\" href=\"https:\/\/www.etoro.com\/cs-cz\/wp-json\/wp\/v2\/pages\/20060\" \/>\n<meta property=\"og:locale\" content=\"cs_CZ\" \/>\n<meta property=\"og:type\" content=\"article\" \/>\n<meta property=\"og:title\" content=\"Z\u00e1sady ochrany a zve\u0159ej\u0148ov\u00e1n\u00ed osobn\u00edch \u00fadaj\u016f | eToro\" \/>\n<meta property=\"og:description\" content=\"eToro dodr\u017euje z\u00e1konn\u00e9 po\u017eadavky pro shroma\u017e\u010fov\u00e1n\u00ed osobn\u00edch \u00fadaj\u016f a pou\u017e\u00edv\u00e1 je k \u00faprav\u011b obchodn\u00edch a investi\u010dn\u00edch online zku\u0161enost\u00ed pro Va\u0161i pot\u0159ebu.\" \/>\n<meta property=\"og:url\" content=\"https:\/\/www.etoro.com\/cs-cz\/wp-json\/wp\/v2\/pages\/20060\" \/>\n<meta property=\"og:site_name\" content=\"eToro\" \/>\n<meta property=\"article:publisher\" content=\"https:\/\/www.facebook.com\/eToro\/\" \/>\n<meta property=\"article:modified_time\" content=\"2022-06-01T13:13:55+00:00\" \/>\n<meta property=\"og:image\" content=\"https:\/\/www.etoro.com\/wp-content\/uploads\/2019\/12\/etoro_logo_social_share1.png\" \/>\n\t<meta property=\"og:image:width\" content=\"240\" \/>\n\t<meta property=\"og:image:height\" content=\"240\" \/>\n\t<meta property=\"og:image:type\" content=\"image\/png\" \/>\n<meta name=\"twitter:card\" content=\"summary_large_image\" \/>\n<meta name=\"twitter:site\" content=\"@eToro\" \/>\n<script type=\"application\/ld+json\" class=\"yoast-schema-graph\">{\"@context\":\"https:\/\/schema.org\",\"@graph\":[{\"@type\":\"WebPage\",\"@id\":\"https:\/\/www.etoro.com\/cs-cz\/customer-service\/privacy\/\",\"url\":\"https:\/\/www.etoro.com\/cs-cz\/customer-service\/privacy\/\",\"name\":\"Z\u00e1sady ochrany a zve\u0159ej\u0148ov\u00e1n\u00ed osobn\u00edch \u00fadaj\u016f | eToro\",\"isPartOf\":{\"@id\":\"https:\/\/www.etoro.com\/cs-cz\/#website\"},\"datePublished\":\"2017-08-15T10:29:47+00:00\",\"dateModified\":\"2022-06-01T13:13:55+00:00\",\"description\":\"eToro dodr\u017euje z\u00e1konn\u00e9 po\u017eadavky pro shroma\u017e\u010fov\u00e1n\u00ed osobn\u00edch \u00fadaj\u016f a pou\u017e\u00edv\u00e1 je k \u00faprav\u011b obchodn\u00edch a investi\u010dn\u00edch online zku\u0161enost\u00ed pro Va\u0161i pot\u0159ebu.\",\"breadcrumb\":{\"@id\":\"https:\/\/www.etoro.com\/cs-cz\/customer-service\/privacy\/#breadcrumb\"},\"inLanguage\":\"cs\",\"potentialAction\":[{\"@type\":\"ReadAction\",\"target\":[\"https:\/\/www.etoro.com\/cs-cz\/customer-service\/privacy\/\"]}]},{\"@type\":\"BreadcrumbList\",\"@id\":\"https:\/\/www.etoro.com\/cs-cz\/customer-service\/privacy\/#breadcrumb\",\"itemListElement\":[{\"@type\":\"ListItem\",\"position\":1,\"name\":\"Dom\u016f\",\"item\":\"https:\/\/www.etoro.com\/cs-cz\/\"},{\"@type\":\"ListItem\",\"position\":2,\"name\":\"Z\u00c1KAZNICK\u00c9 SLU\u017dBY\",\"item\":\"https:\/\/www.etoro.com\/cs-cz\/customer-service\/\"},{\"@type\":\"ListItem\",\"position\":3,\"name\":\"SOUKROM\u00cd\"}]},{\"@type\":\"WebSite\",\"@id\":\"https:\/\/www.etoro.com\/cs-cz\/#website\",\"url\":\"https:\/\/www.etoro.com\/cs-cz\/\",\"name\":\"eToro\",\"description\":\"\",\"publisher\":{\"@id\":\"https:\/\/www.etoro.com\/cs-cz\/#organization\"},\"potentialAction\":[{\"@type\":\"SearchAction\",\"target\":{\"@type\":\"EntryPoint\",\"urlTemplate\":\"https:\/\/www.etoro.com\/cs-cz\/?s={search_term_string}\"},\"query-input\":{\"@type\":\"PropertyValueSpecification\",\"valueRequired\":true,\"valueName\":\"search_term_string\"}}],\"inLanguage\":\"cs\"},[]]}<\/script>","yoast_head_json":{"title":"Z\u00e1sady ochrany a zve\u0159ej\u0148ov\u00e1n\u00ed osobn\u00edch \u00fadaj\u016f | eToro","description":"eToro dodr\u017euje z\u00e1konn\u00e9 po\u017eadavky pro shroma\u017e\u010fov\u00e1n\u00ed osobn\u00edch \u00fadaj\u016f a pou\u017e\u00edv\u00e1 je k \u00faprav\u011b obchodn\u00edch a investi\u010dn\u00edch online zku\u0161enost\u00ed pro Va\u0161i pot\u0159ebu.","robots":{"index":"index","follow":"follow","max-snippet":"max-snippet:-1","max-image-preview":"max-image-preview:large","max-video-preview":"max-video-preview:-1"},"canonical":"https:\/\/www.etoro.com\/cs-cz\/wp-json\/wp\/v2\/pages\/20060","og_locale":"cs_CZ","og_type":"article","og_title":"Z\u00e1sady ochrany a zve\u0159ej\u0148ov\u00e1n\u00ed osobn\u00edch \u00fadaj\u016f | eToro","og_description":"eToro dodr\u017euje z\u00e1konn\u00e9 po\u017eadavky pro shroma\u017e\u010fov\u00e1n\u00ed osobn\u00edch \u00fadaj\u016f a pou\u017e\u00edv\u00e1 je k \u00faprav\u011b obchodn\u00edch a investi\u010dn\u00edch online zku\u0161enost\u00ed pro Va\u0161i pot\u0159ebu.","og_url":"https:\/\/www.etoro.com\/cs-cz\/wp-json\/wp\/v2\/pages\/20060","og_site_name":"eToro","article_publisher":"https:\/\/www.facebook.com\/eToro\/","article_modified_time":"2022-06-01T13:13:55+00:00","og_image":[{"width":240,"height":240,"url":"https:\/\/www.etoro.com\/wp-content\/uploads\/2019\/12\/etoro_logo_social_share1.png","type":"image\/png"}],"twitter_card":"summary_large_image","twitter_site":"@eToro","schema":{"@context":"https:\/\/schema.org","@graph":[{"@type":"WebPage","@id":"https:\/\/www.etoro.com\/cs-cz\/customer-service\/privacy\/","url":"https:\/\/www.etoro.com\/cs-cz\/customer-service\/privacy\/","name":"Z\u00e1sady ochrany a zve\u0159ej\u0148ov\u00e1n\u00ed osobn\u00edch \u00fadaj\u016f | eToro","isPartOf":{"@id":"https:\/\/www.etoro.com\/cs-cz\/#website"},"datePublished":"2017-08-15T10:29:47+00:00","dateModified":"2022-06-01T13:13:55+00:00","description":"eToro dodr\u017euje z\u00e1konn\u00e9 po\u017eadavky pro shroma\u017e\u010fov\u00e1n\u00ed osobn\u00edch \u00fadaj\u016f a pou\u017e\u00edv\u00e1 je k \u00faprav\u011b obchodn\u00edch a investi\u010dn\u00edch online zku\u0161enost\u00ed pro Va\u0161i pot\u0159ebu.","breadcrumb":{"@id":"https:\/\/www.etoro.com\/cs-cz\/customer-service\/privacy\/#breadcrumb"},"inLanguage":"cs","potentialAction":[{"@type":"ReadAction","target":["https:\/\/www.etoro.com\/cs-cz\/customer-service\/privacy\/"]}]},{"@type":"BreadcrumbList","@id":"https:\/\/www.etoro.com\/cs-cz\/customer-service\/privacy\/#breadcrumb","itemListElement":[{"@type":"ListItem","position":1,"name":"Dom\u016f","item":"https:\/\/www.etoro.com\/cs-cz\/"},{"@type":"ListItem","position":2,"name":"Z\u00c1KAZNICK\u00c9 SLU\u017dBY","item":"https:\/\/www.etoro.com\/cs-cz\/customer-service\/"},{"@type":"ListItem","position":3,"name":"SOUKROM\u00cd"}]},{"@type":"WebSite","@id":"https:\/\/www.etoro.com\/cs-cz\/#website","url":"https:\/\/www.etoro.com\/cs-cz\/","name":"eToro","description":"","publisher":{"@id":"https:\/\/www.etoro.com\/cs-cz\/#organization"},"potentialAction":[{"@type":"SearchAction","target":{"@type":"EntryPoint","urlTemplate":"https:\/\/www.etoro.com\/cs-cz\/?s={search_term_string}"},"query-input":{"@type":"PropertyValueSpecification","valueRequired":true,"valueName":"search_term_string"}}],"inLanguage":"cs"},[]]}},"_links":{"self":[{"href":"https:\/\/www.etoro.com\/cs-cz\/wp-json\/wp\/v2\/pages\/20060"}],"collection":[{"href":"https:\/\/www.etoro.com\/cs-cz\/wp-json\/wp\/v2\/pages"}],"about":[{"href":"https:\/\/www.etoro.com\/cs-cz\/wp-json\/wp\/v2\/types\/page"}],"author":[{"embeddable":true,"href":"https:\/\/www.etoro.com\/cs-cz\/wp-json\/wp\/v2\/users\/1"}],"replies":[{"embeddable":true,"href":"https:\/\/www.etoro.com\/cs-cz\/wp-json\/wp\/v2\/comments?post=20060"}],"version-history":[{"count":0,"href":"https:\/\/www.etoro.com\/cs-cz\/wp-json\/wp\/v2\/pages\/20060\/revisions"}],"up":[{"embeddable":true,"href":"https:\/\/www.etoro.com\/cs-cz\/wp-json\/wp\/v2\/pages\/20058"}],"wp:attachment":[{"href":"https:\/\/www.etoro.com\/cs-cz\/wp-json\/wp\/v2\/media?parent=20060"}],"wp:term":[{"taxonomy":"asset_type","embeddable":true,"href":"https:\/\/www.etoro.com\/cs-cz\/wp-json\/wp\/v2\/asset_type?post=20060"}],"curies":[{"name":"wp","href":"https:\/\/api.w.org\/{rel}","templated":true}]}}