{"id":252061,"date":"2021-06-06T15:06:14","date_gmt":"2021-06-06T12:06:14","guid":{"rendered":"https:\/\/www.etoro.com\/customer-service\/accessibility\/"},"modified":"2024-12-19T17:51:12","modified_gmt":"2024-12-19T15:51:12","slug":"accessibility","status":"publish","type":"page","link":"https:\/\/www.etoro.com\/cs-cz\/customer-service\/accessibility\/","title":{"rendered":"Usnadn\u011bn\u00ed p\u0159\u00edstupu bereme v\u00e1\u017en\u011b"},"content":{"rendered":"\n<section class=\"wp-block-group wp-block-group-boxed has-white-background-color has-background\"><div class=\"wp-block-group-inner is-layout-flow wp-block-group-is-layout-flow\">\n<div class=\"wp-block-columns are-vertically-aligned-top wp-block-columns-1 is-layout-flex wp-container-core-columns-is-layout-1 wp-block-columns-is-layout-flex\">\n<div class=\"wp-block-column is-layout-flow wp-block-column-is-layout-flow\">\n<p class=\"has-text-align-center\">Ve spole\u010dnosti eToro usilujeme o to, abychom n\u00e1\u0161 web i aplikace u\u010dinili je\u0161t\u011b p\u0159\u00edstupn\u011bj\u0161\u00edmi.<\/p>\n\n\n\n<p class=\"has-text-align-center\">Zde v\u00e1m p\u0159in\u00e1\u0161\u00edme n\u011bkolik tip\u016f, jak je\u0161t\u011b snadn\u011bji pou\u017e\u00edvat na\u0161e slu\u017eby v z\u00e1vislosti na va\u0161ich pot\u0159eb\u00e1ch usnadn\u011bn\u00ed.<\/p>\n<\/div>\n<\/div>\n<\/div><\/section>\n\n\n\n<section class=\"wp-block-group wp-block-group-boxed\"><div class=\"wp-block-group-inner is-layout-flow wp-block-group-is-layout-flow\">\n<div class=\"wp-block-columns are-vertically-aligned-center wp-block-columns-2 is-layout-flex wp-container-core-columns-is-layout-2 wp-block-columns-is-layout-flex\">\n<div class=\"wp-block-column is-layout-flow wp-block-column-is-layout-flow\">\n<h2 class=\"wp-block-heading\"><span>Web eToro<\/span><\/h2>\n\n\n\n<p>Obsah na\u0161eho webu str\u00e1nek m\u016f\u017eete nakonfigurovat, aby byl sn\u00e1ze \u010diteln\u011bj\u0161\u00ed, klepnut\u00edm na widget usnadn\u011bn\u00ed v prav\u00e9 spodn\u00ed \u010d\u00e1sti str\u00e1nky. K dispozici m\u00e1te mnoho mo\u017enost\u00ed pro \u00fapravu textu a obr\u00e1zk\u016f podle sv\u00fdch specifick\u00fdch pot\u0159eb.<\/p>\n\n\n\n<p>Pomoc\u00ed widgetu m\u016f\u017eete nastavit d\u00e1le uveden\u00e9 profily, pomoc\u00ed kter\u00fdch si m\u016f\u017eete p\u0159izp\u016fsobit n\u00e1\u0161 web:<\/p>\n\n\n\n<ul class=\"wp-block-list wp-block-list wp-block-list-circle\">\n<li>Profil na ochranu p\u0159ed z\u00e1chvaty: Odstra\u0148uje blik\u00e1n\u00ed a omezuje barevnost<\/li>\n\n\n\n<li>Profil pro zrakov\u011b posti\u017een\u00e9: Zlep\u0161uje vzhled na\u0161ich webov\u00fdch str\u00e1nek<\/li>\n\n\n\n<li>Profil pro kognitivn\u00ed posti\u017een\u00ed: Pom\u00e1h\u00e1 se \u010dten\u00edm a soust\u0159ed\u011bn\u00edm<\/li>\n\n\n\n<li>Profil pro u\u017eivatele s ADHD: Umo\u017e\u0148uje v\u011bt\u0161\u00ed soust\u0159ed\u011bn\u00ed a m\u00e9n\u011b rozptylov\u00e1n\u00ed<\/li>\n\n\n\n<li>Nevidom\u00ed u\u017eivatel\u00e9 (\u010dte\u010dka obrazovky): Umo\u017e\u0148uje p\u0159e\u010dten\u00ed obsahu na\u0161eho webu pomoc\u00ed \u010dte\u010dky obrazovky<\/li>\n\n\n\n<li>Navig\u00e1tor kl\u00e1vesnice (motor): umo\u017e\u0148uje p\u0159\u00edstup k na\u0161emu webu z kl\u00e1vesnice<\/li>\n<\/ul>\n<\/div>\n\n\n\n<div class=\"wp-block-column is-layout-flow wp-block-column-is-layout-flow\">\n<figure class=\"wp-block-image size-full\"><img loading=\"lazy\" decoding=\"async\" width=\"374\" height=\"419\" src=\"https:\/\/www.etoro.com\/wp-content\/uploads\/2024\/12\/The-eToro-website.png\" alt=\"\" class=\"wp-image-973444 wp-image-desktop\" srcset=\"https:\/\/www.etoro.com\/wp-content\/uploads\/2024\/12\/The-eToro-website.png 374w, https:\/\/www.etoro.com\/wp-content\/uploads\/2024\/12\/The-eToro-website-268x300.png 268w\" sizes=\"(max-width: 374px) 100vw, 374px\" \/><\/figure>\n<\/div>\n<\/div>\n<\/div><\/section>\n\n\n\n<section class=\"wp-block-group wp-block-group-boxed has-white-background-color has-background\"><div class=\"wp-block-group-inner is-layout-flow wp-block-group-is-layout-flow\">\n<div class=\"wp-block-columns are-vertically-aligned-top wp-block-columns-1 is-layout-flex wp-container-core-columns-is-layout-3 wp-block-columns-is-layout-flex\">\n<div class=\"wp-block-column is-layout-flow wp-block-column-is-layout-flow\">\n<h2 class=\"wp-block-heading\"><span>Investi\u010dn\u00ed platforma eToro<\/span><\/h2>\n<\/div>\n<\/div>\n\n\n\n<hr class=\"wp-block-separator wp-block-separator-color-dark-grey wp-block-separator-spaces-small wp-block-separator-weight-1\"\/>\n\n\n\n<p>Po p\u0159ihl\u00e1\u0161en\u00ed m\u016f\u017eete pou\u017e\u00edt nastaven\u00ed sv\u00e9ho za\u0159\u00edzen\u00ed pro snaz\u0161\u00ed pou\u017e\u00edv\u00e1n\u00ed na\u0161\u00ed platformy. To se li\u0161\u00ed podle toho, zda pou\u017e\u00edv\u00e1te mobiln\u00ed aplikaci, nebo webov\u00fd prohl\u00ed\u017ee\u010d, a tak\u00e9 podle typu pou\u017e\u00edvan\u00e9ho za\u0159\u00edzen\u00ed.<\/p>\n<\/div><\/section>\n\n\n\n<section class=\"wp-block-group wp-block-group-boxed has-dark-blue-background-color has-background\"><div class=\"wp-block-group-inner is-layout-flow wp-block-group-is-layout-flow\">\n<div class=\"wp-block-columns are-vertically-aligned-top wp-block-columns-1 is-layout-flex wp-container-core-columns-is-layout-4 wp-block-columns-is-layout-flex\">\n<div class=\"wp-block-column is-layout-flow wp-block-column-is-layout-flow\">\n<h2 class=\"wp-block-heading\"><span>Nastaven\u00ed mobiln\u00ed aplikace<\/span><\/h2>\n<\/div>\n<\/div>\n\n\n\n<hr class=\"wp-block-separator wp-block-separator-color-dark-grey wp-block-separator-spaces-small wp-block-separator-weight-1\"\/>\n\n\n\n<p>Platforma eToro nab\u00edz\u00ed n\u011bkolik funkc\u00ed, kter\u00e9 mohou zlep\u0161it pou\u017e\u00edv\u00e1n\u00ed aplikace:<\/p>\n\n\n\n<ul class=\"wp-block-list wp-block-list wp-block-list-circle\">\n<li>Face ID pro bezpe\u010dn\u00e9 a snadn\u00e9 p\u0159ihl\u00e1\u0161en\u00ed<\/li>\n\n\n\n<li>Investov\u00e1n\u00ed jedn\u00edm kliknut\u00edm pro snaz\u0161\u00ed prov\u00e1d\u011bn\u00ed p\u0159\u00edkaz\u016f<\/li>\n\n\n\n<li>V\u00fdb\u011br v\u00fdchoz\u00ed obrazovky po p\u0159ihl\u00e1\u0161en\u00ed pro snaz\u0161\u00ed p\u0159\u00edstup<\/li>\n<\/ul>\n\n\n\n<p>V\u0161echny tyto polo\u017eky jsou dostupn\u00e9 na obrazovce&nbsp;<a href=\"https:\/\/www.etoro.com\/settings\/\">nastaven\u00ed<\/a>&nbsp;v aplikaci eToro.<\/p>\n<\/div><\/section>\n\n\n\n<section class=\"wp-block-group wp-block-group-boxed\"><div class=\"wp-block-group-inner is-layout-flow wp-block-group-is-layout-flow\">\n<div class=\"wp-block-columns are-vertically-aligned-top wp-block-columns-1 is-layout-flex wp-container-core-columns-is-layout-5 wp-block-columns-is-layout-flex\">\n<div class=\"wp-block-column is-layout-flow wp-block-column-is-layout-flow\">\n<h2 class=\"wp-block-heading\"><span>iOS<\/span><\/h2>\n<\/div>\n<\/div>\n\n\n\n<hr class=\"wp-block-separator wp-block-separator-color-dark-grey wp-block-separator-spaces-small wp-block-separator-weight-1\"\/>\n\n\n\n<p>Spole\u010dnost Apple nab\u00edz\u00ed u\u017eivatel\u016fm mobiln\u00edho opera\u010dn\u00edho syst\u00e9mu iOS mnoho funkc\u00ed pro usnadn\u011bn\u00ed p\u0159\u00edstupu, kter\u00e9 zahrnuj\u00ed:<\/p>\n\n\n\n<ul class=\"wp-block-list wp-block-list wp-block-list-circle\">\n<li>P\u0159evod textu na \u0159e\u010d (hlasov\u00e9 ovl\u00e1d\u00e1n\u00ed): Zjist\u011bte jak\u00a0<a href=\"https:\/\/support.apple.com\/en-us\/HT210417\" target=\"_blank\" rel=\"noreferrer noopener\">zde<\/a>\u00a0a\u00a0<a href=\"https:\/\/support.apple.com\/guide\/iphone\/turn-on-and-practice-voiceover-iph3e2e415f\/ios\" target=\"_blank\" rel=\"noreferrer noopener\">zde<\/a><\/li>\n\n\n\n<li>Kl\u00e1vesnice s mo\u017enost\u00ed usnadn\u011bn\u00ed: Podrobnosti naleznete\u00a0<a href=\"https:\/\/www.apple.com\/accessibility\/mobility\/\" target=\"_blank\" rel=\"noreferrer noopener\">zde<\/a><\/li>\n\n\n\n<li>Nastaven\u00ed displeje: Podrobnosti naleznete\u00a0<a href=\"https:\/\/www.apple.com\/accessibility\/vision\/\" target=\"_blank\" rel=\"noreferrer noopener\">zde<\/a>\u00a0a\u00a0<a href=\"https:\/\/support.apple.com\/guide\/iphone\/display-text-size-iph3e2e1fb0\/ios\" target=\"_blank\" rel=\"noreferrer noopener\">zde<\/a><\/li>\n<\/ul>\n\n\n\n<p>Tyto funkce lze obvykle nastavit v \u010d\u00e1sti usnadn\u011bn\u00ed aplikace&nbsp;<strong>nastaven\u00ed<\/strong>&nbsp;ve va\u0161em telefonu. Dal\u0161\u00ed obecn\u00e9 informace naleznete&nbsp;<a href=\"https:\/\/www.apple.com\/accessibility\/mobility\/\" target=\"_blank\" rel=\"noreferrer noopener\">zde<\/a>.<\/p>\n<\/div><\/section>\n\n\n\n<section class=\"wp-block-group wp-block-group-boxed has-white-background-color has-background\"><div class=\"wp-block-group-inner is-layout-flow wp-block-group-is-layout-flow\">\n<div class=\"wp-block-columns are-vertically-aligned-top wp-block-columns-1 is-layout-flex wp-container-core-columns-is-layout-6 wp-block-columns-is-layout-flex\">\n<div class=\"wp-block-column is-layout-flow wp-block-column-is-layout-flow\">\n<h2 class=\"wp-block-heading\"><span>Android<\/span><\/h2>\n<\/div>\n<\/div>\n\n\n\n<hr class=\"wp-block-separator wp-block-separator-color-dark-grey wp-block-separator-spaces-small wp-block-separator-weight-1\"\/>\n\n\n\n<p>Spole\u010dnost Google nab\u00edz\u00ed u\u017eivatel\u016fm opera\u010dn\u00edho syst\u00e9mu Android mnoho funkc\u00ed usnadn\u011bn\u00ed. Ty zahrnuj\u00ed:<\/p>\n\n\n\n<ul class=\"wp-block-list wp-block-list wp-block-list-circle\">\n<li>P\u0159evod textu na \u0159e\u010d<\/li>\n\n\n\n<li>Nastaven\u00ed displeje<\/li>\n\n\n\n<li>Ovl\u00e1d\u00e1n\u00ed interakce (nap\u0159. hlasov\u00e9 povely)<\/li>\n\n\n\n<li>P\u0159ipojen\u00ed naslouch\u00e1tek<\/li>\n<\/ul>\n\n\n\n<p>Tyto funkce lze obvykle nastavit v \u010d\u00e1sti usnadn\u011bn\u00ed aplikace&nbsp;<strong>nastaven\u00ed<\/strong>&nbsp;ve va\u0161em telefonu. Dal\u0161\u00ed informace naleznete&nbsp;<a href=\"https:\/\/support.google.com\/accessibility\/android#topic=6007234\" target=\"_blank\" rel=\"noreferrer noopener\">zde<\/a>..<\/p>\n<\/div><\/section>\n\n\n\n<section class=\"wp-block-group wp-block-group-boxed\"><div class=\"wp-block-group-inner is-layout-flow wp-block-group-is-layout-flow\">\n<div class=\"wp-block-columns are-vertically-aligned-top wp-block-columns-1 is-layout-flex wp-container-core-columns-is-layout-7 wp-block-columns-is-layout-flex\">\n<div class=\"wp-block-column is-layout-flow wp-block-column-is-layout-flow\">\n<h2 class=\"wp-block-heading\"><span>Safari \u2013 MacOS<\/span><\/h2>\n<\/div>\n<\/div>\n\n\n\n<hr class=\"wp-block-separator wp-block-separator-color-dark-grey wp-block-separator-spaces-small wp-block-separator-weight-1\"\/>\n\n\n\n<p>Pro u\u017eivatele po\u010d\u00edta\u010d\u016f Apple je k dispozici n\u011bkolik nastaven\u00ed usnadn\u011bn\u00ed. Dal\u0161\u00ed informace naleznete\u00a0<a href=\"https:\/\/support.apple.com\/accessibility\/mac'\" target=\"_blank\" rel=\"noreferrer noopener\">zde<\/a>.<\/p>\n<\/div><\/section>\n\n\n\n<section class=\"wp-block-group wp-block-group-boxed has-white-background-color has-background\"><div class=\"wp-block-group-inner is-layout-flow wp-block-group-is-layout-flow\">\n<div class=\"wp-block-columns are-vertically-aligned-top wp-block-columns-1 is-layout-flex wp-container-core-columns-is-layout-8 wp-block-columns-is-layout-flex\">\n<div class=\"wp-block-column is-layout-flow wp-block-column-is-layout-flow\">\n<h2 class=\"wp-block-heading\"><span>Roz\u0161\u00ed\u0159en\u00ed webov\u00e9ho prohl\u00ed\u017ee\u010de Chrome<\/span><\/h2>\n<\/div>\n<\/div>\n\n\n\n<hr class=\"wp-block-separator wp-block-separator-color-dark-grey wp-block-separator-spaces-small wp-block-separator-weight-1\"\/>\n\n\n\n<p>Ke sv\u00e9mu prohl\u00ed\u017ee\u010di Chrome m\u016f\u017eete p\u0159idat roz\u0161\u00ed\u0159en\u00ed, kter\u00e1 poskytnou mnoho u\u017eite\u010dn\u00fdch funkc\u00ed usnadn\u011bn\u00ed. M\u016f\u017eete se na n\u011b pod\u00edvat\u00a0<a href=\"https:\/\/chrome.google.com\/webstore\/category\/ext\/22-accessibility\" target=\"_blank\" rel=\"noreferrer noopener\">zde<\/a>.<\/p>\n<\/div><\/section>\n\n\n\n<section class=\"wp-block-group wp-block-group-boxed\"><div class=\"wp-block-group-inner is-layout-flow wp-block-group-is-layout-flow\">\n<div class=\"wp-block-columns are-vertically-aligned-top wp-block-columns-1 is-layout-flex wp-container-core-columns-is-layout-9 wp-block-columns-is-layout-flex\">\n<div class=\"wp-block-column is-layout-flow wp-block-column-is-layout-flow\">\n<h2 class=\"wp-block-heading\"><span>Dal\u0161\u00ed pomoc<\/span><\/h2>\n<\/div>\n<\/div>\n\n\n\n<hr class=\"wp-block-separator wp-block-separator-color-dark-grey wp-block-separator-spaces-small wp-block-separator-weight-1\"\/>\n\n\n\n<p>Pokud m\u00e1te jak\u00e9koliv dal\u0161\u00ed dotazy, obra\u0165te se na n\u00e1\u0161\u00a0<a href=\"https:\/\/www.etoro.com\/customer-service\/\">t\u00fdm podpory<\/a>.<\/p>\n<\/div><\/section>\n\n\n\n<p><\/p>\n","protected":false},"excerpt":{"rendered":"<p>Ve spole\u010dnosti eToro usilujeme o to, abychom n\u00e1\u0161 web i aplikace u\u010dinili je\u0161t\u011b p\u0159\u00edstupn\u011bj\u0161\u00edmi. Zde v\u00e1m p\u0159in\u00e1\u0161\u00edme n\u011bkolik tip\u016f, jak je\u0161t\u011b snadn\u011bji pou\u017e\u00edvat na\u0161e slu\u017eby v z\u00e1vislosti na va\u0161ich pot\u0159eb\u00e1ch usnadn\u011bn\u00ed. Web eToro Obsah na\u0161eho webu str\u00e1nek m\u016f\u017eete nakonfigurovat, aby byl sn\u00e1ze \u010diteln\u011bj\u0161\u00ed, klepnut\u00edm na widget usnadn\u011bn\u00ed v prav\u00e9 spodn\u00ed \u010d\u00e1sti str\u00e1nky. K dispozici m\u00e1te&hellip;<\/p>\n","protected":false},"author":75,"featured_media":792639,"parent":20058,"menu_order":154,"comment_status":"closed","ping_status":"closed","template":"","meta":{"_acf_changed":true,"inline_featured_image":false,"sticky_cta_settings":"","footnotes":""},"asset_type":[],"class_list":["post-252061","page","type-page","status-publish","has-post-thumbnail","hentry"],"acf":[],"yoast_head":"<title>Funkce usnadn\u011bn\u00ed p\u0159\u00edstupu pro web a investi\u010dn\u00ed aplikaci eToro<\/title>\n<meta name=\"description\" content=\"Ka\u017ed\u00fd by m\u011bl dok\u00e1zat investovat na glob\u00e1ln\u00edch trz\u00edch, a proto v\u00e1m na tomto m\u00edst\u011b p\u0159in\u00e1\u0161\u00edme tipy, jak z\u00edskat p\u0159\u00edstup k platform\u011b eToro.\" \/>\n<meta name=\"robots\" content=\"index, follow, max-snippet:-1, max-image-preview:large, max-video-preview:-1\" \/>\n<link rel=\"canonical\" href=\"https:\/\/www.etoro.com\/cs-cz\/wp-json\/wp\/v2\/pages\/252061\" \/>\n<meta property=\"og:locale\" content=\"cs_CZ\" \/>\n<meta property=\"og:type\" content=\"article\" \/>\n<meta property=\"og:title\" content=\"Funkce usnadn\u011bn\u00ed p\u0159\u00edstupu pro web a investi\u010dn\u00ed aplikaci eToro\" \/>\n<meta property=\"og:description\" content=\"Ka\u017ed\u00fd by m\u011bl dok\u00e1zat investovat na glob\u00e1ln\u00edch trz\u00edch, a proto v\u00e1m na tomto m\u00edst\u011b p\u0159in\u00e1\u0161\u00edme tipy, jak z\u00edskat p\u0159\u00edstup k platform\u011b eToro.\" \/>\n<meta property=\"og:url\" content=\"https:\/\/www.etoro.com\/cs-cz\/wp-json\/wp\/v2\/pages\/252061\" \/>\n<meta property=\"og:site_name\" content=\"eToro\" \/>\n<meta property=\"article:publisher\" content=\"https:\/\/www.facebook.com\/eToro\/\" \/>\n<meta property=\"article:modified_time\" content=\"2024-12-19T15:51:12+00:00\" \/>\n<meta property=\"og:image\" content=\"https:\/\/www.etoro.com\/wp-content\/uploads\/2023\/12\/Accessibility_Featured-image-1200x630_Czech-cs-cz.png\" \/>\n\t<meta property=\"og:image:width\" content=\"1200\" \/>\n\t<meta property=\"og:image:height\" content=\"630\" \/>\n\t<meta property=\"og:image:type\" content=\"image\/png\" \/>\n<meta name=\"twitter:card\" content=\"summary_large_image\" \/>\n<meta name=\"twitter:site\" content=\"@eToro\" \/>\n<meta name=\"twitter:label1\" content=\"Est. reading time\" \/>\n\t<meta name=\"twitter:data1\" content=\"2 minutes\" \/>\n<script type=\"application\/ld+json\" class=\"yoast-schema-graph\">{\"@context\":\"https:\/\/schema.org\",\"@graph\":[{\"@type\":\"WebPage\",\"@id\":\"https:\/\/www.etoro.com\/cs-cz\/customer-service\/accessibility\/\",\"url\":\"https:\/\/www.etoro.com\/cs-cz\/customer-service\/accessibility\/\",\"name\":\"Funkce usnadn\u011bn\u00ed p\u0159\u00edstupu pro web a investi\u010dn\u00ed aplikaci eToro\",\"isPartOf\":{\"@id\":\"https:\/\/www.etoro.com\/cs-cz\/#website\"},\"primaryImageOfPage\":{\"@id\":\"https:\/\/www.etoro.com\/cs-cz\/customer-service\/accessibility\/#primaryimage\"},\"image\":{\"@id\":\"https:\/\/www.etoro.com\/cs-cz\/customer-service\/accessibility\/#primaryimage\"},\"thumbnailUrl\":\"https:\/\/www.etoro.com\/wp-content\/uploads\/2023\/12\/Accessibility_Featured-image-1200x630_Czech-cs-cz.png\",\"datePublished\":\"2021-06-06T12:06:14+00:00\",\"dateModified\":\"2024-12-19T15:51:12+00:00\",\"description\":\"Ka\u017ed\u00fd by m\u011bl dok\u00e1zat investovat na glob\u00e1ln\u00edch trz\u00edch, a proto v\u00e1m na tomto m\u00edst\u011b p\u0159in\u00e1\u0161\u00edme tipy, jak z\u00edskat p\u0159\u00edstup k platform\u011b eToro.\",\"breadcrumb\":{\"@id\":\"https:\/\/www.etoro.com\/cs-cz\/customer-service\/accessibility\/#breadcrumb\"},\"inLanguage\":\"cs\",\"potentialAction\":[{\"@type\":\"ReadAction\",\"target\":[\"https:\/\/www.etoro.com\/cs-cz\/customer-service\/accessibility\/\"]}]},{\"@type\":\"ImageObject\",\"inLanguage\":\"cs\",\"@id\":\"https:\/\/www.etoro.com\/cs-cz\/customer-service\/accessibility\/#primaryimage\",\"url\":\"https:\/\/www.etoro.com\/wp-content\/uploads\/2023\/12\/Accessibility_Featured-image-1200x630_Czech-cs-cz.png\",\"contentUrl\":\"https:\/\/www.etoro.com\/wp-content\/uploads\/2023\/12\/Accessibility_Featured-image-1200x630_Czech-cs-cz.png\",\"width\":1200,\"height\":630,\"caption\":\"Accessibility\"},{\"@type\":\"BreadcrumbList\",\"@id\":\"https:\/\/www.etoro.com\/cs-cz\/customer-service\/accessibility\/#breadcrumb\",\"itemListElement\":[{\"@type\":\"ListItem\",\"position\":1,\"name\":\"Dom\u016f\",\"item\":\"https:\/\/www.etoro.com\/cs-cz\/\"},{\"@type\":\"ListItem\",\"position\":2,\"name\":\"Z\u00c1KAZNICK\u00c9 SLU\u017dBY\",\"item\":\"https:\/\/www.etoro.com\/cs-cz\/customer-service\/\"},{\"@type\":\"ListItem\",\"position\":3,\"name\":\"accessibility\"}]},{\"@type\":\"WebSite\",\"@id\":\"https:\/\/www.etoro.com\/cs-cz\/#website\",\"url\":\"https:\/\/www.etoro.com\/cs-cz\/\",\"name\":\"eToro\",\"description\":\"\",\"publisher\":{\"@id\":\"https:\/\/www.etoro.com\/cs-cz\/#organization\"},\"potentialAction\":[{\"@type\":\"SearchAction\",\"target\":{\"@type\":\"EntryPoint\",\"urlTemplate\":\"https:\/\/www.etoro.com\/cs-cz\/?s={search_term_string}\"},\"query-input\":{\"@type\":\"PropertyValueSpecification\",\"valueRequired\":true,\"valueName\":\"search_term_string\"}}],\"inLanguage\":\"cs\"},[]]}<\/script>","yoast_head_json":{"title":"Funkce usnadn\u011bn\u00ed p\u0159\u00edstupu pro web a investi\u010dn\u00ed aplikaci eToro","description":"Ka\u017ed\u00fd by m\u011bl dok\u00e1zat investovat na glob\u00e1ln\u00edch trz\u00edch, a proto v\u00e1m na tomto m\u00edst\u011b p\u0159in\u00e1\u0161\u00edme tipy, jak z\u00edskat p\u0159\u00edstup k platform\u011b eToro.","robots":{"index":"index","follow":"follow","max-snippet":"max-snippet:-1","max-image-preview":"max-image-preview:large","max-video-preview":"max-video-preview:-1"},"canonical":"https:\/\/www.etoro.com\/cs-cz\/wp-json\/wp\/v2\/pages\/252061","og_locale":"cs_CZ","og_type":"article","og_title":"Funkce usnadn\u011bn\u00ed p\u0159\u00edstupu pro web a investi\u010dn\u00ed aplikaci eToro","og_description":"Ka\u017ed\u00fd by m\u011bl dok\u00e1zat investovat na glob\u00e1ln\u00edch trz\u00edch, a proto v\u00e1m na tomto m\u00edst\u011b p\u0159in\u00e1\u0161\u00edme tipy, jak z\u00edskat p\u0159\u00edstup k platform\u011b eToro.","og_url":"https:\/\/www.etoro.com\/cs-cz\/wp-json\/wp\/v2\/pages\/252061","og_site_name":"eToro","article_publisher":"https:\/\/www.facebook.com\/eToro\/","article_modified_time":"2024-12-19T15:51:12+00:00","og_image":[{"width":1200,"height":630,"url":"https:\/\/www.etoro.com\/wp-content\/uploads\/2023\/12\/Accessibility_Featured-image-1200x630_Czech-cs-cz.png","type":"image\/png"}],"twitter_card":"summary_large_image","twitter_site":"@eToro","twitter_misc":{"Est. reading time":"2 minutes"},"schema":{"@context":"https:\/\/schema.org","@graph":[{"@type":"WebPage","@id":"https:\/\/www.etoro.com\/cs-cz\/customer-service\/accessibility\/","url":"https:\/\/www.etoro.com\/cs-cz\/customer-service\/accessibility\/","name":"Funkce usnadn\u011bn\u00ed p\u0159\u00edstupu pro web a investi\u010dn\u00ed aplikaci eToro","isPartOf":{"@id":"https:\/\/www.etoro.com\/cs-cz\/#website"},"primaryImageOfPage":{"@id":"https:\/\/www.etoro.com\/cs-cz\/customer-service\/accessibility\/#primaryimage"},"image":{"@id":"https:\/\/www.etoro.com\/cs-cz\/customer-service\/accessibility\/#primaryimage"},"thumbnailUrl":"https:\/\/www.etoro.com\/wp-content\/uploads\/2023\/12\/Accessibility_Featured-image-1200x630_Czech-cs-cz.png","datePublished":"2021-06-06T12:06:14+00:00","dateModified":"2024-12-19T15:51:12+00:00","description":"Ka\u017ed\u00fd by m\u011bl dok\u00e1zat investovat na glob\u00e1ln\u00edch trz\u00edch, a proto v\u00e1m na tomto m\u00edst\u011b p\u0159in\u00e1\u0161\u00edme tipy, jak z\u00edskat p\u0159\u00edstup k platform\u011b eToro.","breadcrumb":{"@id":"https:\/\/www.etoro.com\/cs-cz\/customer-service\/accessibility\/#breadcrumb"},"inLanguage":"cs","potentialAction":[{"@type":"ReadAction","target":["https:\/\/www.etoro.com\/cs-cz\/customer-service\/accessibility\/"]}]},{"@type":"ImageObject","inLanguage":"cs","@id":"https:\/\/www.etoro.com\/cs-cz\/customer-service\/accessibility\/#primaryimage","url":"https:\/\/www.etoro.com\/wp-content\/uploads\/2023\/12\/Accessibility_Featured-image-1200x630_Czech-cs-cz.png","contentUrl":"https:\/\/www.etoro.com\/wp-content\/uploads\/2023\/12\/Accessibility_Featured-image-1200x630_Czech-cs-cz.png","width":1200,"height":630,"caption":"Accessibility"},{"@type":"BreadcrumbList","@id":"https:\/\/www.etoro.com\/cs-cz\/customer-service\/accessibility\/#breadcrumb","itemListElement":[{"@type":"ListItem","position":1,"name":"Dom\u016f","item":"https:\/\/www.etoro.com\/cs-cz\/"},{"@type":"ListItem","position":2,"name":"Z\u00c1KAZNICK\u00c9 SLU\u017dBY","item":"https:\/\/www.etoro.com\/cs-cz\/customer-service\/"},{"@type":"ListItem","position":3,"name":"accessibility"}]},{"@type":"WebSite","@id":"https:\/\/www.etoro.com\/cs-cz\/#website","url":"https:\/\/www.etoro.com\/cs-cz\/","name":"eToro","description":"","publisher":{"@id":"https:\/\/www.etoro.com\/cs-cz\/#organization"},"potentialAction":[{"@type":"SearchAction","target":{"@type":"EntryPoint","urlTemplate":"https:\/\/www.etoro.com\/cs-cz\/?s={search_term_string}"},"query-input":{"@type":"PropertyValueSpecification","valueRequired":true,"valueName":"search_term_string"}}],"inLanguage":"cs"},[]]}},"_links":{"self":[{"href":"https:\/\/www.etoro.com\/cs-cz\/wp-json\/wp\/v2\/pages\/252061"}],"collection":[{"href":"https:\/\/www.etoro.com\/cs-cz\/wp-json\/wp\/v2\/pages"}],"about":[{"href":"https:\/\/www.etoro.com\/cs-cz\/wp-json\/wp\/v2\/types\/page"}],"author":[{"embeddable":true,"href":"https:\/\/www.etoro.com\/cs-cz\/wp-json\/wp\/v2\/users\/75"}],"replies":[{"embeddable":true,"href":"https:\/\/www.etoro.com\/cs-cz\/wp-json\/wp\/v2\/comments?post=252061"}],"version-history":[{"count":0,"href":"https:\/\/www.etoro.com\/cs-cz\/wp-json\/wp\/v2\/pages\/252061\/revisions"}],"up":[{"embeddable":true,"href":"https:\/\/www.etoro.com\/cs-cz\/wp-json\/wp\/v2\/pages\/20058"}],"wp:featuredmedia":[{"embeddable":true,"href":"https:\/\/www.etoro.com\/cs-cz\/wp-json\/wp\/v2\/media\/792639"}],"wp:attachment":[{"href":"https:\/\/www.etoro.com\/cs-cz\/wp-json\/wp\/v2\/media?parent=252061"}],"wp:term":[{"taxonomy":"asset_type","embeddable":true,"href":"https:\/\/www.etoro.com\/cs-cz\/wp-json\/wp\/v2\/asset_type?post=252061"}],"curies":[{"name":"wp","href":"https:\/\/api.w.org\/{rel}","templated":true}]}}