{"id":260792,"date":"2021-07-22T23:30:48","date_gmt":"2021-07-22T20:30:48","guid":{"rendered":"https:\/\/www.etoro.com\/stocks\/earnings-reports\/"},"modified":"2025-02-11T11:19:25","modified_gmt":"2025-02-11T09:19:25","slug":"earnings-reports","status":"publish","type":"page","link":"https:\/\/www.etoro.com\/cs-cz\/investing\/earnings-reports\/","title":{"rendered":"eToro Earnings Reports Calendar"},"content":{"rendered":"","protected":false},"excerpt":{"rendered":"","protected":false},"author":45,"featured_media":496512,"parent":19761,"menu_order":50,"comment_status":"closed","ping_status":"closed","template":"earnings-reports.php","meta":{"_acf_changed":false,"inline_featured_image":false,"sticky_cta_settings":"","footnotes":""},"asset_type":[],"class_list":["post-260792","page","type-page","status-publish","has-post-thumbnail","hentry"],"acf":[],"yoast_head":"<title>Kalend\u00e1\u0159 v\u00fdsledk\u016f hospoda\u0159en\u00ed na eToro<\/title>\n<meta name=\"description\" content=\"Seznam o\u010dek\u00e1van\u00fdch zpr\u00e1v o v\u00fdsledc\u00edch hospoda\u0159en\u00ed, kter\u00e9 vyd\u00e1vaj\u00ed ve\u0159ejn\u011b obchodovan\u00e9 spole\u010dnosti. Akcie lze \u0159adit dle tr\u017en\u00ed kapitalizace, data zve\u0159ejn\u011bn\u00ed atd.\" \/>\n<meta name=\"robots\" content=\"index, follow, max-snippet:-1, max-image-preview:large, max-video-preview:-1\" \/>\n<link rel=\"canonical\" href=\"https:\/\/www.etoro.com\/cs-cz\/wp-json\/wp\/v2\/pages\/260792\" \/>\n<meta property=\"og:locale\" content=\"cs_CZ\" \/>\n<meta property=\"og:type\" content=\"article\" \/>\n<meta property=\"og:title\" content=\"Kalend\u00e1\u0159 v\u00fdsledk\u016f hospoda\u0159en\u00ed na eToro\" \/>\n<meta property=\"og:description\" content=\"Seznam o\u010dek\u00e1van\u00fdch zpr\u00e1v o v\u00fdsledc\u00edch hospoda\u0159en\u00ed, kter\u00e9 vyd\u00e1vaj\u00ed ve\u0159ejn\u011b obchodovan\u00e9 spole\u010dnosti. Akcie lze \u0159adit dle tr\u017en\u00ed kapitalizace, data zve\u0159ejn\u011bn\u00ed atd.\" \/>\n<meta property=\"og:url\" content=\"https:\/\/www.etoro.com\/cs-cz\/wp-json\/wp\/v2\/pages\/260792\" \/>\n<meta property=\"og:site_name\" content=\"eToro\" \/>\n<meta property=\"article:publisher\" content=\"https:\/\/www.facebook.com\/eToro\/\" \/>\n<meta property=\"article:modified_time\" content=\"2025-02-11T09:19:25+00:00\" \/>\n<meta property=\"og:image\" content=\"https:\/\/www.etoro.com\/wp-content\/uploads\/2022\/08\/1200X630_V4.jpg\" \/>\n\t<meta property=\"og:image:width\" content=\"1200\" \/>\n\t<meta property=\"og:image:height\" content=\"630\" \/>\n\t<meta property=\"og:image:type\" content=\"image\/jpeg\" \/>\n<meta name=\"twitter:card\" content=\"summary_large_image\" \/>\n<meta name=\"twitter:image\" content=\"https:\/\/www.etoro.com\/wp-content\/uploads\/2022\/08\/1200X630_V4.jpg\" \/>\n<meta name=\"twitter:site\" content=\"@eToro\" \/>\n<script type=\"application\/ld+json\" class=\"yoast-schema-graph\">{\"@context\":\"https:\/\/schema.org\",\"@graph\":[{\"@type\":\"WebPage\",\"@id\":\"https:\/\/www.etoro.com\/cs-cz\/investing\/earnings-reports\/\",\"url\":\"https:\/\/www.etoro.com\/cs-cz\/investing\/earnings-reports\/\",\"name\":\"Kalend\u00e1\u0159 v\u00fdsledk\u016f hospoda\u0159en\u00ed na eToro\",\"isPartOf\":{\"@id\":\"https:\/\/www.etoro.com\/cs-cz\/#website\"},\"primaryImageOfPage\":{\"@id\":\"https:\/\/www.etoro.com\/cs-cz\/investing\/earnings-reports\/#primaryimage\"},\"image\":{\"@id\":\"https:\/\/www.etoro.com\/cs-cz\/investing\/earnings-reports\/#primaryimage\"},\"thumbnailUrl\":\"https:\/\/www.etoro.com\/wp-content\/uploads\/2022\/09\/Earnings-calendar_Conversion-page_Czech-cs-cz_Social.png\",\"datePublished\":\"2021-07-22T20:30:48+00:00\",\"dateModified\":\"2025-02-11T09:19:25+00:00\",\"description\":\"Seznam o\u010dek\u00e1van\u00fdch zpr\u00e1v o v\u00fdsledc\u00edch hospoda\u0159en\u00ed, kter\u00e9 vyd\u00e1vaj\u00ed ve\u0159ejn\u011b obchodovan\u00e9 spole\u010dnosti. Akcie lze \u0159adit dle tr\u017en\u00ed kapitalizace, data zve\u0159ejn\u011bn\u00ed atd.\",\"breadcrumb\":{\"@id\":\"https:\/\/www.etoro.com\/cs-cz\/investing\/earnings-reports\/#breadcrumb\"},\"inLanguage\":\"cs\",\"potentialAction\":[{\"@type\":\"ReadAction\",\"target\":[\"https:\/\/www.etoro.com\/cs-cz\/investing\/earnings-reports\/\"]}]},{\"@type\":\"ImageObject\",\"inLanguage\":\"cs\",\"@id\":\"https:\/\/www.etoro.com\/cs-cz\/investing\/earnings-reports\/#primaryimage\",\"url\":\"https:\/\/www.etoro.com\/wp-content\/uploads\/2022\/09\/Earnings-calendar_Conversion-page_Czech-cs-cz_Social.png\",\"contentUrl\":\"https:\/\/www.etoro.com\/wp-content\/uploads\/2022\/09\/Earnings-calendar_Conversion-page_Czech-cs-cz_Social.png\",\"width\":1200,\"height\":630},{\"@type\":\"BreadcrumbList\",\"@id\":\"https:\/\/www.etoro.com\/cs-cz\/investing\/earnings-reports\/#breadcrumb\",\"itemListElement\":[{\"@type\":\"ListItem\",\"position\":1,\"name\":\"Dom\u016f\",\"item\":\"https:\/\/www.etoro.com\/cs-cz\/\"},{\"@type\":\"ListItem\",\"position\":2,\"name\":\"Investice\",\"item\":\"https:\/\/www.etoro.com\/cs-cz\/investing\/\"},{\"@type\":\"ListItem\",\"position\":3,\"name\":\"Zpr\u00e1vy o p\u0159\u00edjmech\"}]},{\"@type\":\"WebSite\",\"@id\":\"https:\/\/www.etoro.com\/cs-cz\/#website\",\"url\":\"https:\/\/www.etoro.com\/cs-cz\/\",\"name\":\"eToro\",\"description\":\"\",\"publisher\":{\"@id\":\"https:\/\/www.etoro.com\/cs-cz\/#organization\"},\"potentialAction\":[{\"@type\":\"SearchAction\",\"target\":{\"@type\":\"EntryPoint\",\"urlTemplate\":\"https:\/\/www.etoro.com\/cs-cz\/?s={search_term_string}\"},\"query-input\":{\"@type\":\"PropertyValueSpecification\",\"valueRequired\":true,\"valueName\":\"search_term_string\"}}],\"inLanguage\":\"cs\"},[]]}<\/script>","yoast_head_json":{"title":"Kalend\u00e1\u0159 v\u00fdsledk\u016f hospoda\u0159en\u00ed na eToro","description":"Seznam o\u010dek\u00e1van\u00fdch zpr\u00e1v o v\u00fdsledc\u00edch hospoda\u0159en\u00ed, kter\u00e9 vyd\u00e1vaj\u00ed ve\u0159ejn\u011b obchodovan\u00e9 spole\u010dnosti. Akcie lze \u0159adit dle tr\u017en\u00ed kapitalizace, data zve\u0159ejn\u011bn\u00ed atd.","robots":{"index":"index","follow":"follow","max-snippet":"max-snippet:-1","max-image-preview":"max-image-preview:large","max-video-preview":"max-video-preview:-1"},"canonical":"https:\/\/www.etoro.com\/cs-cz\/wp-json\/wp\/v2\/pages\/260792","og_locale":"cs_CZ","og_type":"article","og_title":"Kalend\u00e1\u0159 v\u00fdsledk\u016f hospoda\u0159en\u00ed na eToro","og_description":"Seznam o\u010dek\u00e1van\u00fdch zpr\u00e1v o v\u00fdsledc\u00edch hospoda\u0159en\u00ed, kter\u00e9 vyd\u00e1vaj\u00ed ve\u0159ejn\u011b obchodovan\u00e9 spole\u010dnosti. Akcie lze \u0159adit dle tr\u017en\u00ed kapitalizace, data zve\u0159ejn\u011bn\u00ed atd.","og_url":"https:\/\/www.etoro.com\/cs-cz\/wp-json\/wp\/v2\/pages\/260792","og_site_name":"eToro","article_publisher":"https:\/\/www.facebook.com\/eToro\/","article_modified_time":"2025-02-11T09:19:25+00:00","og_image":[{"width":1200,"height":630,"url":"https:\/\/www.etoro.com\/wp-content\/uploads\/2022\/08\/1200X630_V4.jpg","type":"image\/jpeg"}],"twitter_card":"summary_large_image","twitter_image":"https:\/\/www.etoro.com\/wp-content\/uploads\/2022\/08\/1200X630_V4.jpg","twitter_site":"@eToro","schema":{"@context":"https:\/\/schema.org","@graph":[{"@type":"WebPage","@id":"https:\/\/www.etoro.com\/cs-cz\/investing\/earnings-reports\/","url":"https:\/\/www.etoro.com\/cs-cz\/investing\/earnings-reports\/","name":"Kalend\u00e1\u0159 v\u00fdsledk\u016f hospoda\u0159en\u00ed na eToro","isPartOf":{"@id":"https:\/\/www.etoro.com\/cs-cz\/#website"},"primaryImageOfPage":{"@id":"https:\/\/www.etoro.com\/cs-cz\/investing\/earnings-reports\/#primaryimage"},"image":{"@id":"https:\/\/www.etoro.com\/cs-cz\/investing\/earnings-reports\/#primaryimage"},"thumbnailUrl":"https:\/\/www.etoro.com\/wp-content\/uploads\/2022\/09\/Earnings-calendar_Conversion-page_Czech-cs-cz_Social.png","datePublished":"2021-07-22T20:30:48+00:00","dateModified":"2025-02-11T09:19:25+00:00","description":"Seznam o\u010dek\u00e1van\u00fdch zpr\u00e1v o v\u00fdsledc\u00edch hospoda\u0159en\u00ed, kter\u00e9 vyd\u00e1vaj\u00ed ve\u0159ejn\u011b obchodovan\u00e9 spole\u010dnosti. Akcie lze \u0159adit dle tr\u017en\u00ed kapitalizace, data zve\u0159ejn\u011bn\u00ed atd.","breadcrumb":{"@id":"https:\/\/www.etoro.com\/cs-cz\/investing\/earnings-reports\/#breadcrumb"},"inLanguage":"cs","potentialAction":[{"@type":"ReadAction","target":["https:\/\/www.etoro.com\/cs-cz\/investing\/earnings-reports\/"]}]},{"@type":"ImageObject","inLanguage":"cs","@id":"https:\/\/www.etoro.com\/cs-cz\/investing\/earnings-reports\/#primaryimage","url":"https:\/\/www.etoro.com\/wp-content\/uploads\/2022\/09\/Earnings-calendar_Conversion-page_Czech-cs-cz_Social.png","contentUrl":"https:\/\/www.etoro.com\/wp-content\/uploads\/2022\/09\/Earnings-calendar_Conversion-page_Czech-cs-cz_Social.png","width":1200,"height":630},{"@type":"BreadcrumbList","@id":"https:\/\/www.etoro.com\/cs-cz\/investing\/earnings-reports\/#breadcrumb","itemListElement":[{"@type":"ListItem","position":1,"name":"Dom\u016f","item":"https:\/\/www.etoro.com\/cs-cz\/"},{"@type":"ListItem","position":2,"name":"Investice","item":"https:\/\/www.etoro.com\/cs-cz\/investing\/"},{"@type":"ListItem","position":3,"name":"Zpr\u00e1vy o p\u0159\u00edjmech"}]},{"@type":"WebSite","@id":"https:\/\/www.etoro.com\/cs-cz\/#website","url":"https:\/\/www.etoro.com\/cs-cz\/","name":"eToro","description":"","publisher":{"@id":"https:\/\/www.etoro.com\/cs-cz\/#organization"},"potentialAction":[{"@type":"SearchAction","target":{"@type":"EntryPoint","urlTemplate":"https:\/\/www.etoro.com\/cs-cz\/?s={search_term_string}"},"query-input":{"@type":"PropertyValueSpecification","valueRequired":true,"valueName":"search_term_string"}}],"inLanguage":"cs"},[]]}},"_links":{"self":[{"href":"https:\/\/www.etoro.com\/cs-cz\/wp-json\/wp\/v2\/pages\/260792"}],"collection":[{"href":"https:\/\/www.etoro.com\/cs-cz\/wp-json\/wp\/v2\/pages"}],"about":[{"href":"https:\/\/www.etoro.com\/cs-cz\/wp-json\/wp\/v2\/types\/page"}],"author":[{"embeddable":true,"href":"https:\/\/www.etoro.com\/cs-cz\/wp-json\/wp\/v2\/users\/45"}],"replies":[{"embeddable":true,"href":"https:\/\/www.etoro.com\/cs-cz\/wp-json\/wp\/v2\/comments?post=260792"}],"version-history":[{"count":0,"href":"https:\/\/www.etoro.com\/cs-cz\/wp-json\/wp\/v2\/pages\/260792\/revisions"}],"up":[{"embeddable":true,"href":"https:\/\/www.etoro.com\/cs-cz\/wp-json\/wp\/v2\/pages\/19761"}],"wp:featuredmedia":[{"embeddable":true,"href":"https:\/\/www.etoro.com\/cs-cz\/wp-json\/wp\/v2\/media\/496512"}],"wp:attachment":[{"href":"https:\/\/www.etoro.com\/cs-cz\/wp-json\/wp\/v2\/media?parent=260792"}],"wp:term":[{"taxonomy":"asset_type","embeddable":true,"href":"https:\/\/www.etoro.com\/cs-cz\/wp-json\/wp\/v2\/asset_type?post=260792"}],"curies":[{"name":"wp","href":"https:\/\/api.w.org\/{rel}","templated":true}]}}