{"id":29704,"date":"2018-02-28T17:49:41","date_gmt":"2018-02-28T15:49:41","guid":{"rendered":"http:\/\/www.etoro.com\/?page_id=29704"},"modified":"2025-05-12T14:51:11","modified_gmt":"2025-05-12T11:51:11","slug":"account-verification","status":"publish","type":"page","link":"https:\/\/www.etoro.com\/cs-cz\/customer-service\/account-verification\/","title":{"rendered":"Jak si ov\u011b\u0159it \u00fa\u010det na eToro"},"content":{"rendered":"\n<section class=\"wp-block-group wp-block-group-boxed\"><div class=\"wp-block-group-inner is-layout-flow wp-block-group-is-layout-flow\">\n<div class=\"wp-block-columns are-vertically-aligned-top wp-block-columns-1 is-layout-flex wp-container-core-columns-is-layout-1 wp-block-columns-is-layout-flex\">\n<div class=\"wp-block-column is-layout-flow wp-block-column-is-layout-flow\"><\/div>\n<\/div>\n\n\n\n<p><strong>Ov\u011b\u0159en\u00ed je povinnou sou\u010d\u00e1st\u00ed procesu registrace na platform\u011b eToro. Z\u00e1konn\u00e9 po\u017eadavky n\u00e1m ukl\u00e1daj\u00ed, abychom ov\u011b\u0159ovali ka\u017ed\u00fd nov\u00fd \u00fa\u010det na eToro. D\u00edky tomu je na\u0161e platforma bezpe\u010dn\u00e1 a chr\u00e1n\u011bn\u00e1 p\u0159ed ne\u017e\u00e1douc\u00edmi aktivitami.<\/strong><\/p>\n\n\n\n<p>Jakmile bude v\u00e1\u0161 \u00fa\u010det ov\u011b\u0159en, budete moci pln\u011b vyu\u017e\u00edvat v\u00fdhod platformy eToro. Pro ov\u011b\u0159en\u00ed \u00fa\u010dtu je t\u0159eba nahr\u00e1t doklad toto\u017enosti a dokument potvrzuj\u00edc\u00ed va\u0161i adresu. Proces ov\u011b\u0159ov\u00e1n\u00ed bude zah\u00e1jen a\u017e po nahr\u00e1n\u00ed obou dokument\u016f. K nahr\u00e1n\u00ed dokument\u016f p\u0159\u00edmo na platformu m\u016f\u017eete vyu\u017e\u00edt aplikaci eToro.<\/p>\n\n\n<figure class=\"wp-block-embed is-type-video is-provider-youtube wp-block-embed-youtube wp-embed-aspect-16-9 wp-has-aspect-ratio\"><a href=\"https:\/\/www.youtube.com\/watch?v=aMbvkxcpjTw\" data-fancybox class=\"wp-block-embed-link\" rel=\"nofollow noopener noreferrer\" >\n\t\t\t\t<img decoding=\"async\" src=\"https:\/\/img.youtube.com\/vi\/aMbvkxcpjTw\/maxresdefault.jpg\" alt=\"\" class=\"wp-block-embed-preview\">\n\t\t\t<\/a><\/figure><\/div><\/section>\n\n\n\n<section class=\"wp-block-group wp-block-group-boxed wp-block-group-medium-top-padding has-white-background-color has-background\"><div class=\"wp-block-group-inner is-layout-flow wp-block-group-is-layout-flow\">\n<div class=\"wp-block-columns are-vertically-aligned-top wp-block-columns-1 is-layout-flex wp-container-core-columns-is-layout-2 wp-block-columns-is-layout-flex\">\n<div class=\"wp-block-column is-layout-flow wp-block-column-is-layout-flow\">\n<h2 class=\"wp-block-heading\"><span>Doklad toto\u017enosti<\/span><\/h2>\n<\/div>\n<\/div>\n\n\n\n<hr class=\"wp-block-separator wp-block-separator-color-dark-grey wp-block-separator-spaces-small wp-block-separator-weight-1\"\/>\n\n\n\n<p>Dokument prokazuj\u00edc\u00ed va\u0161i toto\u017enost by m\u011bl obsahovat va\u0161e jm\u00e9no, datum narozen\u00ed, z\u0159etelnou fotografii, datum vyd\u00e1n\u00ed a pokud je v n\u011bm uvedeno datum platnosti, m\u011blo by b\u00fdt viditeln\u00e9 i toto datum. Preferovan\u00fdm dokladem toto\u017enosti je cestovn\u00ed pas, tento dokument t\u00fdm eToro zpracuje nejrychleji. P\u0159\u00edpadn\u011b m\u016f\u017eete pou\u017e\u00edt \u0159idi\u010dsk\u00fd pr\u016fkaz nebo jak\u00fdkoli jin\u00fd \u00fa\u0159edn\u011b vydan\u00fd doklad toto\u017enosti. Pokud je doklad oboustrann\u00fd a na zadn\u00ed stran\u011b jsou relevantn\u00ed informace, nezapome\u0148te nahr\u00e1t i tu.<\/p>\n\n\n\n<p><strong>V\u0161echny informace na va\u0161em dokladu mus\u00ed b\u00fdt viditeln\u00e9 a \u010diteln\u00e9<\/strong><\/p>\n\n\n\n<hr class=\"wp-block-separator wp-block-separator-color-dark-grey wp-block-separator-spaces-small wp-block-separator-weight-1\"\/>\n\n\n\n<figure class=\"wp-block-image size-large wp-block-image-has-mobile\"><img loading=\"lazy\" decoding=\"async\" width=\"1024\" height=\"247\" src=\"https:\/\/www.etoro.com\/wp-content\/uploads\/2025\/01\/image-1-2-1024x247.png\" alt=\"\" class=\"wp-image-979317 wp-image-desktop\" srcset=\"https:\/\/www.etoro.com\/wp-content\/uploads\/2025\/01\/image-1-2-1024x247.png 1024w, https:\/\/www.etoro.com\/wp-content\/uploads\/2025\/01\/image-1-2-300x72.png 300w, https:\/\/www.etoro.com\/wp-content\/uploads\/2025\/01\/image-1-2-768x185.png 768w, https:\/\/www.etoro.com\/wp-content\/uploads\/2025\/01\/image-1-2.png 1060w\" sizes=\"(max-width: 1024px) 100vw, 1024px\" \/><img loading=\"lazy\" decoding=\"async\" width=\"343\" height=\"103\" src=\"https:\/\/www.etoro.com\/wp-content\/uploads\/2025\/01\/Frame-20413297-1.png\" alt=\"\" class=\"wp-image-979367 wp-image-mobile\" srcset=\"https:\/\/www.etoro.com\/wp-content\/uploads\/2025\/01\/Frame-20413297-1.png 343w, https:\/\/www.etoro.com\/wp-content\/uploads\/2025\/01\/Frame-20413297-1-300x90.png 300w\" sizes=\"(max-width: 343px) 100vw, 343px\" \/><\/figure>\n\n\n\n<p><strong>Nahrajte cel\u00fd dokument, bez o\u0159ez\u00e1v\u00e1n\u00ed a zaost\u0159en\u00fd<\/strong><\/p>\n\n\n\n<hr class=\"wp-block-separator wp-block-separator-color-dark-grey wp-block-separator-spaces-small wp-block-separator-weight-1\"\/>\n\n\n\n<figure class=\"wp-block-image size-large wp-block-image-has-mobile\"><img loading=\"lazy\" decoding=\"async\" width=\"1024\" height=\"286\" src=\"https:\/\/www.etoro.com\/wp-content\/uploads\/2025\/01\/Frame-20413298-1-1024x286.png\" alt=\"\" class=\"wp-image-979341 wp-image-desktop\" srcset=\"https:\/\/www.etoro.com\/wp-content\/uploads\/2025\/01\/Frame-20413298-1-1024x286.png 1024w, https:\/\/www.etoro.com\/wp-content\/uploads\/2025\/01\/Frame-20413298-1-300x84.png 300w, https:\/\/www.etoro.com\/wp-content\/uploads\/2025\/01\/Frame-20413298-1-768x214.png 768w, https:\/\/www.etoro.com\/wp-content\/uploads\/2025\/01\/Frame-20413298-1.png 1060w\" sizes=\"(max-width: 1024px) 100vw, 1024px\" \/><img loading=\"lazy\" decoding=\"async\" width=\"343\" height=\"84\" src=\"https:\/\/www.etoro.com\/wp-content\/uploads\/2025\/01\/image-2-1.png\" alt=\"\" class=\"wp-image-979391 wp-image-mobile\" srcset=\"https:\/\/www.etoro.com\/wp-content\/uploads\/2025\/01\/image-2-1.png 343w, https:\/\/www.etoro.com\/wp-content\/uploads\/2025\/01\/image-2-1-300x73.png 300w\" sizes=\"(max-width: 343px) 100vw, 343px\" \/><\/figure>\n\n\n\n<p><strong>Pokud chcete nahr\u00e1t doklad toto\u017enosti,&nbsp;<a href=\"https:\/\/www.etoro.com\/settings\/account?action=autokyc&amp;deepLink=uploadID\">klikn\u011bte zde<\/a>.<\/strong><\/p>\n<\/div><\/section>\n\n\n\n<section class=\"wp-block-group wp-block-group-boxed\"><div class=\"wp-block-group-inner is-layout-flow wp-block-group-is-layout-flow\">\n<div class=\"wp-block-columns are-vertically-aligned-top wp-block-columns-1 is-layout-flex wp-container-core-columns-is-layout-3 wp-block-columns-is-layout-flex\">\n<div class=\"wp-block-column is-layout-flow wp-block-column-is-layout-flow\">\n<h2 class=\"wp-block-heading\"><span>Doklad adresy<\/span><\/h2>\n<\/div>\n<\/div>\n\n\n\n<hr class=\"wp-block-separator wp-block-separator-color-dark-grey wp-block-separator-spaces-small wp-block-separator-weight-1\"\/>\n\n\n\n<p>Dokument potvrzuj\u00edc\u00ed va\u0161i adresu by m\u011bl obsahovat va\u0161e cel\u00e9 jm\u00e9no, adresu a datum vystaven\u00ed, kter\u00e9 by nem\u011blo b\u00fdt star\u0161\u00ed ne\u017e 3 m\u011bs\u00edce. Z\u0159eteln\u011b viditeln\u00fd by m\u011bl b\u00fdt tak\u00e9 n\u00e1zev nebo logo vydavatele. Pros\u00edm, naskenujte dokument na pozad\u00ed jin\u00e9 barvy, aby byly viditeln\u00e9 v\u0161echny \u010dty\u0159i rohy.<\/p>\n\n\n\n<p class=\"is-style-heading-4\">Dokladem va\u0161\u00ed adresy m\u016f\u017ee b\u00fdt:<\/p>\n\n\n\n<div class=\"wp-block-columns are-vertically-aligned-top wp-block-columns-3 is-layout-flex wp-container-core-columns-is-layout-4 wp-block-columns-is-layout-flex\">\n<div class=\"wp-block-column is-layout-flow wp-block-column-is-layout-flow\">\n<ul class=\"wp-block-list wp-block-list wp-block-list-circle\">\n<li>V\u00fdpis z bankovn\u00edho \u00fa\u010dtu<\/li>\n\n\n\n<li>V\u00fdpis z kreditn\u00ed karty<\/li>\n\n\n\n<li>\u00da\u010det za elekt\u0159inu, vodu nebo plyn<\/li>\n<\/ul>\n<\/div>\n\n\n\n<div class=\"wp-block-column is-layout-flow wp-block-column-is-layout-flow\">\n<ul class=\"wp-block-list wp-block-list wp-block-list-circle\">\n<li>Vy\u00fa\u010dtov\u00e1n\u00ed dan\u011b z nemovitosti<\/li>\n\n\n\n<li>Da\u0148ov\u00fd v\u00fdm\u011br nebo doklad o zaplacen\u00ed dan\u011b<\/li>\n\n\n\n<li>Ofici\u00e1ln\u00ed smlouva o pron\u00e1jmu nemovitosti \u2013 vydan\u00e1 org\u00e1nem st\u00e1tn\u00ed spr\u00e1vy<\/li>\n<\/ul>\n<\/div>\n\n\n\n<div class=\"wp-block-column is-layout-flow wp-block-column-is-layout-flow\">\n<ul class=\"wp-block-list wp-block-list wp-block-list-circle\">\n<li>Dopis vystaven\u00fd m\u00edstn\u00ed samospr\u00e1vou<\/li>\n\n\n\n<li>\u00da\u010det za internet<\/li>\n<\/ul>\n<\/div>\n<\/div>\n<\/div><\/section>\n\n\n\n<section class=\"wp-block-group wp-block-group-boxed has-white-background-color has-background\"><div class=\"wp-block-group-inner is-layout-flow wp-block-group-is-layout-flow\">\n<div class=\"wp-block-columns are-vertically-aligned-top wp-block-columns-1 is-layout-flex wp-container-core-columns-is-layout-5 wp-block-columns-is-layout-flex\">\n<div class=\"wp-block-column is-layout-flow wp-block-column-is-layout-flow\">\n<p><strong>Dokument by m\u011bl b\u00fdt skenov\u00e1n naplocho<\/strong><\/p>\n<\/div>\n<\/div>\n\n\n\n<hr class=\"wp-block-separator wp-block-separator-color-dark-grey wp-block-separator-spaces-small wp-block-separator-weight-1\"\/>\n\n\n\n<figure class=\"wp-block-image size-large wp-block-image-has-mobile\"><img loading=\"lazy\" decoding=\"async\" width=\"1024\" height=\"247\" src=\"https:\/\/www.etoro.com\/wp-content\/uploads\/2025\/01\/image-1-1-1024x247.png\" alt=\"\" class=\"wp-image-979254 wp-image-desktop\" srcset=\"https:\/\/www.etoro.com\/wp-content\/uploads\/2025\/01\/image-1-1-1024x247.png 1024w, https:\/\/www.etoro.com\/wp-content\/uploads\/2025\/01\/image-1-1-300x72.png 300w, https:\/\/www.etoro.com\/wp-content\/uploads\/2025\/01\/image-1-1-768x185.png 768w, https:\/\/www.etoro.com\/wp-content\/uploads\/2025\/01\/image-1-1.png 1060w\" sizes=\"(max-width: 1024px) 100vw, 1024px\" \/><img loading=\"lazy\" decoding=\"async\" width=\"343\" height=\"84\" src=\"https:\/\/www.etoro.com\/wp-content\/uploads\/2025\/01\/image-2-2.png\" alt=\"\" class=\"wp-image-979416 wp-image-mobile\" srcset=\"https:\/\/www.etoro.com\/wp-content\/uploads\/2025\/01\/image-2-2.png 343w, https:\/\/www.etoro.com\/wp-content\/uploads\/2025\/01\/image-2-2-300x73.png 300w\" sizes=\"(max-width: 343px) 100vw, 343px\" \/><\/figure>\n\n\n\n<p><strong>Nem\u011bl by b\u00fdt o\u0159\u00edznut\u00fd a m\u011bly by b\u00fdt vid\u011bt v\u0161echny \u010dty\u0159i rohy<\/strong><\/p>\n\n\n\n<hr class=\"wp-block-separator wp-block-separator-color-dark-grey wp-block-separator-spaces-small wp-block-separator-weight-1\"\/>\n\n\n\n<figure class=\"wp-block-image size-large wp-block-image-has-mobile\"><img loading=\"lazy\" decoding=\"async\" width=\"1024\" height=\"247\" src=\"https:\/\/www.etoro.com\/wp-content\/uploads\/2025\/01\/image-2-1024x247.png\" alt=\"\" class=\"wp-image-979279 wp-image-desktop\" srcset=\"https:\/\/www.etoro.com\/wp-content\/uploads\/2025\/01\/image-2-1024x247.png 1024w, https:\/\/www.etoro.com\/wp-content\/uploads\/2025\/01\/image-2-300x72.png 300w, https:\/\/www.etoro.com\/wp-content\/uploads\/2025\/01\/image-2-768x185.png 768w, https:\/\/www.etoro.com\/wp-content\/uploads\/2025\/01\/image-2.png 1060w\" sizes=\"(max-width: 1024px) 100vw, 1024px\" \/><img loading=\"lazy\" decoding=\"async\" width=\"343\" height=\"84\" src=\"https:\/\/www.etoro.com\/wp-content\/uploads\/2025\/01\/image-2-3.png\" alt=\"\" class=\"wp-image-979440 wp-image-mobile\" srcset=\"https:\/\/www.etoro.com\/wp-content\/uploads\/2025\/01\/image-2-3.png 343w, https:\/\/www.etoro.com\/wp-content\/uploads\/2025\/01\/image-2-3-300x73.png 300w\" sizes=\"(max-width: 343px) 100vw, 343px\" \/><\/figure>\n\n\n\n<p><strong>*Vezm\u011bte pros\u00edm na v\u011bdom\u00ed, \u017ee akceptujeme i sn\u00edmek obrazovky, pokud byl v\u00e1\u0161 doklad adresy nahr\u00e1n z digit\u00e1ln\u00edho dokumentu.<\/strong><\/p>\n\n\n\n<p><strong>Pokud chcete nahr\u00e1t doklad adresy,&nbsp;<a href=\"https:\/\/www.etoro.com\/settings\/account?action=autokyc&amp;deepLink=uploadutilitybill\">klikn\u011bte zde<\/a>.<\/strong><\/p>\n\n\n\n<p>Proces ov\u011b\u0159en\u00ed m\u016f\u017ee trvat n\u011bkolik dn\u00ed a po ov\u011b\u0159en\u00ed \u00fa\u010dtu budete informov\u00e1ni. Stav sv\u00e9ho ov\u011b\u0159en\u00ed m\u016f\u017eete sledovat tak\u00e9 na platform\u011b eToro. Ov\u011b\u0159en\u00e9 \u00fa\u010dty maj\u00ed vedle u\u017eivatelsk\u00e9ho jm\u00e9na na profilu u\u017eivatele zelen\u00e9 za\u0161krtnut\u00ed.<\/p>\n\n\n\n<p>N\u00e1\u0161 t\u00fdm prov\u011b\u0159\u00ed va\u0161e dokumenty a aktualizuje stav va\u0161eho ov\u011b\u0159en\u00ed.&nbsp;<strong>Nemus\u00edte se obracet na z\u00e1kaznick\u00fd servis s dotazem na pr\u016fb\u011bh<\/strong>&nbsp;ov\u011b\u0159en\u00ed. V p\u0159\u00edpad\u011b, \u017ee budou va\u0161e dokumenty zam\u00edtnuty, za\u0161leme v\u00e1m e-mail s jasn\u00fdm vysv\u011btlen\u00edm, co je t\u0159eba dodat. Abyste o tento e-mail nep\u0159i\u0161li, p\u0159idejte si pros\u00edm eToro do seznamu \u201ebezpe\u010dn\u00fdch odes\u00edlatel\u016f\u201c v nastaven\u00ed e-mailu.<\/p>\n<\/div><\/section>\n\n\n\n<p><\/p>\n","protected":false},"excerpt":{"rendered":"<p>Ov\u011b\u0159en\u00ed je povinnou sou\u010d\u00e1st\u00ed procesu registrace na platform\u011b eToro. Z\u00e1konn\u00e9 po\u017eadavky n\u00e1m ukl\u00e1daj\u00ed, abychom ov\u011b\u0159ovali ka\u017ed\u00fd nov\u00fd \u00fa\u010det na eToro. D\u00edky tomu je na\u0161e platforma bezpe\u010dn\u00e1 a chr\u00e1n\u011bn\u00e1 p\u0159ed ne\u017e\u00e1douc\u00edmi aktivitami. Jakmile bude v\u00e1\u0161 \u00fa\u010det ov\u011b\u0159en, budete moci pln\u011b vyu\u017e\u00edvat v\u00fdhod platformy eToro. Pro ov\u011b\u0159en\u00ed \u00fa\u010dtu je t\u0159eba nahr\u00e1t doklad toto\u017enosti a dokument potvrzuj\u00edc\u00ed va\u0161i&hellip;<\/p>\n","protected":false},"author":45,"featured_media":817927,"parent":20058,"menu_order":1068,"comment_status":"closed","ping_status":"closed","template":"","meta":{"_acf_changed":true,"inline_featured_image":false,"sticky_cta_settings":"","footnotes":""},"asset_type":[],"class_list":["post-29704","page","type-page","status-publish","has-post-thumbnail","hentry"],"acf":[],"yoast_head":"<title>Ov\u011b\u0159te sv\u016fj \u00fa\u010det eToro s na\u0161\u00edm pr\u016fvodcem<\/title>\n<meta name=\"description\" content=\"Ov\u011b\u0159te si sv\u016fj eToro \u00fa\u010det v n\u011bkolika kroc\u00edch. Ov\u011b\u0159en\u00ed je povinnou sou\u010d\u00e1st\u00ed registrace, kter\u00e1 je nutn\u00e1 k odstran\u011bn\u00ed omezen\u00ed vklad\u016f.\" \/>\n<meta name=\"robots\" content=\"index, follow, max-snippet:-1, max-image-preview:large, max-video-preview:-1\" \/>\n<link rel=\"canonical\" href=\"https:\/\/www.etoro.com\/cs-cz\/wp-json\/wp\/v2\/pages\/29704\" \/>\n<meta property=\"og:locale\" content=\"cs_CZ\" \/>\n<meta property=\"og:type\" content=\"article\" \/>\n<meta property=\"og:title\" content=\"Ov\u011b\u0159te sv\u016fj \u00fa\u010det eToro s na\u0161\u00edm pr\u016fvodcem\" \/>\n<meta property=\"og:description\" content=\"Ov\u011b\u0159te si sv\u016fj eToro \u00fa\u010det v n\u011bkolika kroc\u00edch. Ov\u011b\u0159en\u00ed je povinnou sou\u010d\u00e1st\u00ed registrace, kter\u00e1 je nutn\u00e1 k odstran\u011bn\u00ed omezen\u00ed vklad\u016f.\" \/>\n<meta property=\"og:url\" content=\"https:\/\/www.etoro.com\/cs-cz\/wp-json\/wp\/v2\/pages\/29704\" \/>\n<meta property=\"og:site_name\" content=\"eToro\" \/>\n<meta property=\"article:publisher\" content=\"https:\/\/www.facebook.com\/eToro\/\" \/>\n<meta property=\"article:modified_time\" content=\"2025-05-12T11:51:11+00:00\" \/>\n<meta property=\"og:image\" content=\"https:\/\/www.etoro.com\/wp-content\/uploads\/2024\/01\/How-to-verify-your-eToro-account_Featured-image-1200x630_Czech-cs-cz.png\" \/>\n\t<meta property=\"og:image:width\" content=\"1200\" \/>\n\t<meta property=\"og:image:height\" content=\"630\" \/>\n\t<meta property=\"og:image:type\" content=\"image\/png\" \/>\n<meta name=\"twitter:card\" content=\"summary_large_image\" \/>\n<meta name=\"twitter:site\" content=\"@eToro\" \/>\n<meta name=\"twitter:label1\" content=\"Est. reading time\" \/>\n\t<meta name=\"twitter:data1\" content=\"3 minutes\" \/>\n<script type=\"application\/ld+json\" class=\"yoast-schema-graph\">{\"@context\":\"https:\/\/schema.org\",\"@graph\":[{\"@type\":\"WebPage\",\"@id\":\"https:\/\/www.etoro.com\/cs-cz\/customer-service\/account-verification\/\",\"url\":\"https:\/\/www.etoro.com\/cs-cz\/customer-service\/account-verification\/\",\"name\":\"Ov\u011b\u0159te sv\u016fj \u00fa\u010det eToro s na\u0161\u00edm pr\u016fvodcem\",\"isPartOf\":{\"@id\":\"https:\/\/www.etoro.com\/cs-cz\/#website\"},\"primaryImageOfPage\":{\"@id\":\"https:\/\/www.etoro.com\/cs-cz\/customer-service\/account-verification\/#primaryimage\"},\"image\":{\"@id\":\"https:\/\/www.etoro.com\/cs-cz\/customer-service\/account-verification\/#primaryimage\"},\"thumbnailUrl\":\"https:\/\/www.etoro.com\/wp-content\/uploads\/2024\/01\/How-to-verify-your-eToro-account_Featured-image-1200x630_Czech-cs-cz.png\",\"datePublished\":\"2018-02-28T15:49:41+00:00\",\"dateModified\":\"2025-05-12T11:51:11+00:00\",\"description\":\"Ov\u011b\u0159te si sv\u016fj eToro \u00fa\u010det v n\u011bkolika kroc\u00edch. Ov\u011b\u0159en\u00ed je povinnou sou\u010d\u00e1st\u00ed registrace, kter\u00e1 je nutn\u00e1 k odstran\u011bn\u00ed omezen\u00ed vklad\u016f.\",\"breadcrumb\":{\"@id\":\"https:\/\/www.etoro.com\/cs-cz\/customer-service\/account-verification\/#breadcrumb\"},\"inLanguage\":\"cs\",\"potentialAction\":[{\"@type\":\"ReadAction\",\"target\":[\"https:\/\/www.etoro.com\/cs-cz\/customer-service\/account-verification\/\"]}]},{\"@type\":\"ImageObject\",\"inLanguage\":\"cs\",\"@id\":\"https:\/\/www.etoro.com\/cs-cz\/customer-service\/account-verification\/#primaryimage\",\"url\":\"https:\/\/www.etoro.com\/wp-content\/uploads\/2024\/01\/How-to-verify-your-eToro-account_Featured-image-1200x630_Czech-cs-cz.png\",\"contentUrl\":\"https:\/\/www.etoro.com\/wp-content\/uploads\/2024\/01\/How-to-verify-your-eToro-account_Featured-image-1200x630_Czech-cs-cz.png\",\"width\":1200,\"height\":630},{\"@type\":\"BreadcrumbList\",\"@id\":\"https:\/\/www.etoro.com\/cs-cz\/customer-service\/account-verification\/#breadcrumb\",\"itemListElement\":[{\"@type\":\"ListItem\",\"position\":1,\"name\":\"Dom\u016f\",\"item\":\"https:\/\/www.etoro.com\/cs-cz\/\"},{\"@type\":\"ListItem\",\"position\":2,\"name\":\"Z\u00c1KAZNICK\u00c9 SLU\u017dBY\",\"item\":\"https:\/\/www.etoro.com\/cs-cz\/customer-service\/\"},{\"@type\":\"ListItem\",\"position\":3,\"name\":\"OV\u011a\u0158EN\u00cd \u00da\u010cTU\"}]},{\"@type\":\"WebSite\",\"@id\":\"https:\/\/www.etoro.com\/cs-cz\/#website\",\"url\":\"https:\/\/www.etoro.com\/cs-cz\/\",\"name\":\"eToro\",\"description\":\"\",\"publisher\":{\"@id\":\"https:\/\/www.etoro.com\/cs-cz\/#organization\"},\"potentialAction\":[{\"@type\":\"SearchAction\",\"target\":{\"@type\":\"EntryPoint\",\"urlTemplate\":\"https:\/\/www.etoro.com\/cs-cz\/?s={search_term_string}\"},\"query-input\":{\"@type\":\"PropertyValueSpecification\",\"valueRequired\":true,\"valueName\":\"search_term_string\"}}],\"inLanguage\":\"cs\"},[]]}<\/script>","yoast_head_json":{"title":"Ov\u011b\u0159te sv\u016fj \u00fa\u010det eToro s na\u0161\u00edm pr\u016fvodcem","description":"Ov\u011b\u0159te si sv\u016fj eToro \u00fa\u010det v n\u011bkolika kroc\u00edch. Ov\u011b\u0159en\u00ed je povinnou sou\u010d\u00e1st\u00ed registrace, kter\u00e1 je nutn\u00e1 k odstran\u011bn\u00ed omezen\u00ed vklad\u016f.","robots":{"index":"index","follow":"follow","max-snippet":"max-snippet:-1","max-image-preview":"max-image-preview:large","max-video-preview":"max-video-preview:-1"},"canonical":"https:\/\/www.etoro.com\/cs-cz\/wp-json\/wp\/v2\/pages\/29704","og_locale":"cs_CZ","og_type":"article","og_title":"Ov\u011b\u0159te sv\u016fj \u00fa\u010det eToro s na\u0161\u00edm pr\u016fvodcem","og_description":"Ov\u011b\u0159te si sv\u016fj eToro \u00fa\u010det v n\u011bkolika kroc\u00edch. Ov\u011b\u0159en\u00ed je povinnou sou\u010d\u00e1st\u00ed registrace, kter\u00e1 je nutn\u00e1 k odstran\u011bn\u00ed omezen\u00ed vklad\u016f.","og_url":"https:\/\/www.etoro.com\/cs-cz\/wp-json\/wp\/v2\/pages\/29704","og_site_name":"eToro","article_publisher":"https:\/\/www.facebook.com\/eToro\/","article_modified_time":"2025-05-12T11:51:11+00:00","og_image":[{"width":1200,"height":630,"url":"https:\/\/www.etoro.com\/wp-content\/uploads\/2024\/01\/How-to-verify-your-eToro-account_Featured-image-1200x630_Czech-cs-cz.png","type":"image\/png"}],"twitter_card":"summary_large_image","twitter_site":"@eToro","twitter_misc":{"Est. reading time":"3 minutes"},"schema":{"@context":"https:\/\/schema.org","@graph":[{"@type":"WebPage","@id":"https:\/\/www.etoro.com\/cs-cz\/customer-service\/account-verification\/","url":"https:\/\/www.etoro.com\/cs-cz\/customer-service\/account-verification\/","name":"Ov\u011b\u0159te sv\u016fj \u00fa\u010det eToro s na\u0161\u00edm pr\u016fvodcem","isPartOf":{"@id":"https:\/\/www.etoro.com\/cs-cz\/#website"},"primaryImageOfPage":{"@id":"https:\/\/www.etoro.com\/cs-cz\/customer-service\/account-verification\/#primaryimage"},"image":{"@id":"https:\/\/www.etoro.com\/cs-cz\/customer-service\/account-verification\/#primaryimage"},"thumbnailUrl":"https:\/\/www.etoro.com\/wp-content\/uploads\/2024\/01\/How-to-verify-your-eToro-account_Featured-image-1200x630_Czech-cs-cz.png","datePublished":"2018-02-28T15:49:41+00:00","dateModified":"2025-05-12T11:51:11+00:00","description":"Ov\u011b\u0159te si sv\u016fj eToro \u00fa\u010det v n\u011bkolika kroc\u00edch. Ov\u011b\u0159en\u00ed je povinnou sou\u010d\u00e1st\u00ed registrace, kter\u00e1 je nutn\u00e1 k odstran\u011bn\u00ed omezen\u00ed vklad\u016f.","breadcrumb":{"@id":"https:\/\/www.etoro.com\/cs-cz\/customer-service\/account-verification\/#breadcrumb"},"inLanguage":"cs","potentialAction":[{"@type":"ReadAction","target":["https:\/\/www.etoro.com\/cs-cz\/customer-service\/account-verification\/"]}]},{"@type":"ImageObject","inLanguage":"cs","@id":"https:\/\/www.etoro.com\/cs-cz\/customer-service\/account-verification\/#primaryimage","url":"https:\/\/www.etoro.com\/wp-content\/uploads\/2024\/01\/How-to-verify-your-eToro-account_Featured-image-1200x630_Czech-cs-cz.png","contentUrl":"https:\/\/www.etoro.com\/wp-content\/uploads\/2024\/01\/How-to-verify-your-eToro-account_Featured-image-1200x630_Czech-cs-cz.png","width":1200,"height":630},{"@type":"BreadcrumbList","@id":"https:\/\/www.etoro.com\/cs-cz\/customer-service\/account-verification\/#breadcrumb","itemListElement":[{"@type":"ListItem","position":1,"name":"Dom\u016f","item":"https:\/\/www.etoro.com\/cs-cz\/"},{"@type":"ListItem","position":2,"name":"Z\u00c1KAZNICK\u00c9 SLU\u017dBY","item":"https:\/\/www.etoro.com\/cs-cz\/customer-service\/"},{"@type":"ListItem","position":3,"name":"OV\u011a\u0158EN\u00cd \u00da\u010cTU"}]},{"@type":"WebSite","@id":"https:\/\/www.etoro.com\/cs-cz\/#website","url":"https:\/\/www.etoro.com\/cs-cz\/","name":"eToro","description":"","publisher":{"@id":"https:\/\/www.etoro.com\/cs-cz\/#organization"},"potentialAction":[{"@type":"SearchAction","target":{"@type":"EntryPoint","urlTemplate":"https:\/\/www.etoro.com\/cs-cz\/?s={search_term_string}"},"query-input":{"@type":"PropertyValueSpecification","valueRequired":true,"valueName":"search_term_string"}}],"inLanguage":"cs"},[]]}},"_links":{"self":[{"href":"https:\/\/www.etoro.com\/cs-cz\/wp-json\/wp\/v2\/pages\/29704"}],"collection":[{"href":"https:\/\/www.etoro.com\/cs-cz\/wp-json\/wp\/v2\/pages"}],"about":[{"href":"https:\/\/www.etoro.com\/cs-cz\/wp-json\/wp\/v2\/types\/page"}],"author":[{"embeddable":true,"href":"https:\/\/www.etoro.com\/cs-cz\/wp-json\/wp\/v2\/users\/45"}],"replies":[{"embeddable":true,"href":"https:\/\/www.etoro.com\/cs-cz\/wp-json\/wp\/v2\/comments?post=29704"}],"version-history":[{"count":0,"href":"https:\/\/www.etoro.com\/cs-cz\/wp-json\/wp\/v2\/pages\/29704\/revisions"}],"up":[{"embeddable":true,"href":"https:\/\/www.etoro.com\/cs-cz\/wp-json\/wp\/v2\/pages\/20058"}],"wp:featuredmedia":[{"embeddable":true,"href":"https:\/\/www.etoro.com\/cs-cz\/wp-json\/wp\/v2\/media\/817927"}],"wp:attachment":[{"href":"https:\/\/www.etoro.com\/cs-cz\/wp-json\/wp\/v2\/media?parent=29704"}],"wp:term":[{"taxonomy":"asset_type","embeddable":true,"href":"https:\/\/www.etoro.com\/cs-cz\/wp-json\/wp\/v2\/asset_type?post=29704"}],"curies":[{"name":"wp","href":"https:\/\/api.w.org\/{rel}","templated":true}]}}