{"id":331966,"date":"2021-05-24T17:15:17","date_gmt":"2021-05-24T14:15:17","guid":{"rendered":"https:\/\/www.etoro.com\/academy\/guides\/"},"modified":"2024-10-31T11:17:58","modified_gmt":"2024-10-31T09:17:58","slug":"guides","status":"publish","type":"page","link":"https:\/\/www.etoro.com\/cs-cz\/academy\/guides\/","title":{"rendered":"Pr\u016fvodci"},"content":{"rendered":"\n<section class=\"wp-block-group wp-block-group-boxed has-white-background-color has-background\"><div class=\"wp-block-group-inner is-layout-flow wp-block-group-is-layout-flow\">\n<div class=\"wp-block-columns are-vertically-aligned-center wp-block-columns-2 wp-block-columns-1 is-layout-flex wp-container-core-columns-is-layout-1 wp-block-columns-is-layout-flex\">\n<div class=\"wp-block-column is-layout-flow wp-block-column-is-layout-flow\">\n<h2 class=\"wp-block-heading\"><strong>Zaregistrujte se na eToro!<\/strong> <\/h2>\n\n\n\n<p>Zalo\u017ete si investi\u010dn\u00ed \u00fa\u010det je\u0161t\u011b dnes a za\u010dn\u011bte vyu\u017e\u00edvat nov\u011b nabyt\u00e9 znalosti. Registrace je zdarma!<\/p>\n\n\n\n<div class=\"wp-block-buttons is-layout-flex wp-block-buttons-is-layout-flex\">\n<a class=\"e-cta e-cta-primary\" href=\"\/cs-cz\/accounts\/sign-up\">P\u0159ipojte se k eToro<\/a>\n<\/div>\n<\/div>\n\n\n\n<div class=\"wp-block-column is-layout-flow wp-block-column-is-layout-flow\">\n<figure class=\"wp-block-image size-full\"><img loading=\"lazy\" decoding=\"async\" width=\"576\" height=\"555\" src=\"https:\/\/www.etoro.com\/wp-content\/uploads\/2023\/05\/Image-18.png\" alt=\"\" class=\"wp-image-602052 wp-image-desktop\" srcset=\"https:\/\/www.etoro.com\/wp-content\/uploads\/2023\/05\/Image-18.png 576w, https:\/\/www.etoro.com\/wp-content\/uploads\/2023\/05\/Image-18-300x289.png 300w\" sizes=\"(max-width: 576px) 100vw, 576px\" \/><\/figure>\n<\/div>\n<\/div>\n<\/div><\/section>\n","protected":false},"excerpt":{"rendered":"<p>Zaregistrujte se na eToro! Zalo\u017ete si investi\u010dn\u00ed \u00fa\u010det je\u0161t\u011b dnes a za\u010dn\u011bte vyu\u017e\u00edvat nov\u011b nabyt\u00e9 znalosti. Registrace je zdarma!<\/p>\n","protected":false},"author":45,"featured_media":605981,"parent":331555,"menu_order":197,"comment_status":"closed","ping_status":"closed","template":"templates\/academy-taxonomy-page.php","meta":{"_acf_changed":true,"inline_featured_image":false,"sticky_cta_settings":"","footnotes":""},"asset_type":[],"class_list":["post-331966","page","type-page","status-publish","has-post-thumbnail","hentry"],"acf":[],"yoast_head":"<title>Investi\u010dn\u00ed pr\u016fvodce pro za\u010d\u00e1te\u010dn\u00edky a pokro\u010dil\u00e9<\/title>\n<meta name=\"description\" content=\"Objevte nov\u00e9 mo\u017enosti investov\u00e1n\u00ed v na\u0161ich odborn\u00fdch pr\u016fvodc\u00edch. Jsou vhodn\u00e9 pro ka\u017ed\u00e9ho, kdo chce dos\u00e1hnout lep\u0161\u00edch v\u00fdsledk\u016f p\u0159i spr\u00e1v\u011b sv\u00fdch investic\" \/>\n<meta name=\"robots\" content=\"index, follow, max-snippet:-1, max-image-preview:large, max-video-preview:-1\" \/>\n<link rel=\"canonical\" href=\"https:\/\/www.etoro.com\/cs-cz\/wp-json\/wp\/v2\/pages\/331966\" \/>\n<meta property=\"og:locale\" content=\"cs_CZ\" \/>\n<meta property=\"og:type\" content=\"article\" \/>\n<meta property=\"og:title\" content=\"Investi\u010dn\u00ed pr\u016fvodce pro za\u010d\u00e1te\u010dn\u00edky a pokro\u010dil\u00e9\" \/>\n<meta property=\"og:description\" content=\"Objevte nov\u00e9 mo\u017enosti investov\u00e1n\u00ed v na\u0161ich odborn\u00fdch pr\u016fvodc\u00edch. Jsou vhodn\u00e9 pro ka\u017ed\u00e9ho, kdo chce dos\u00e1hnout lep\u0161\u00edch v\u00fdsledk\u016f p\u0159i spr\u00e1v\u011b sv\u00fdch investic\" \/>\n<meta property=\"og:url\" content=\"https:\/\/www.etoro.com\/cs-cz\/wp-json\/wp\/v2\/pages\/331966\" \/>\n<meta property=\"og:site_name\" content=\"eToro\" \/>\n<meta property=\"article:publisher\" content=\"https:\/\/www.facebook.com\/eToro\/\" \/>\n<meta property=\"article:modified_time\" content=\"2024-10-31T09:17:58+00:00\" \/>\n<meta property=\"og:image\" content=\"https:\/\/www.etoro.com\/wp-content\/uploads\/2023\/05\/Czech-cs-cz_Guides_Featured-image-1200x630-1.jpg\" \/>\n\t<meta property=\"og:image:width\" content=\"1200\" \/>\n\t<meta property=\"og:image:height\" content=\"630\" \/>\n\t<meta property=\"og:image:type\" content=\"image\/jpeg\" \/>\n<meta name=\"twitter:card\" content=\"summary_large_image\" \/>\n<meta name=\"twitter:site\" content=\"@eToro\" \/>\n<script type=\"application\/ld+json\" class=\"yoast-schema-graph\">{\"@context\":\"https:\/\/schema.org\",\"@graph\":[{\"@type\":\"WebPage\",\"@id\":\"https:\/\/www.etoro.com\/cs-cz\/academy\/guides\/\",\"url\":\"https:\/\/www.etoro.com\/cs-cz\/academy\/guides\/\",\"name\":\"Investi\u010dn\u00ed pr\u016fvodce pro za\u010d\u00e1te\u010dn\u00edky a pokro\u010dil\u00e9\",\"isPartOf\":{\"@id\":\"https:\/\/www.etoro.com\/cs-cz\/#website\"},\"primaryImageOfPage\":{\"@id\":\"https:\/\/www.etoro.com\/cs-cz\/academy\/guides\/#primaryimage\"},\"image\":{\"@id\":\"https:\/\/www.etoro.com\/cs-cz\/academy\/guides\/#primaryimage\"},\"thumbnailUrl\":\"https:\/\/www.etoro.com\/wp-content\/uploads\/2023\/05\/Czech-cs-cz_Guides_Featured-image-1200x630-1.jpg\",\"datePublished\":\"2021-05-24T14:15:17+00:00\",\"dateModified\":\"2024-10-31T09:17:58+00:00\",\"description\":\"Objevte nov\u00e9 mo\u017enosti investov\u00e1n\u00ed v na\u0161ich odborn\u00fdch pr\u016fvodc\u00edch. Jsou vhodn\u00e9 pro ka\u017ed\u00e9ho, kdo chce dos\u00e1hnout lep\u0161\u00edch v\u00fdsledk\u016f p\u0159i spr\u00e1v\u011b sv\u00fdch investic\",\"breadcrumb\":{\"@id\":\"https:\/\/www.etoro.com\/cs-cz\/academy\/guides\/#breadcrumb\"},\"inLanguage\":\"cs\",\"potentialAction\":[{\"@type\":\"ReadAction\",\"target\":[\"https:\/\/www.etoro.com\/cs-cz\/academy\/guides\/\"]}]},{\"@type\":\"ImageObject\",\"inLanguage\":\"cs\",\"@id\":\"https:\/\/www.etoro.com\/cs-cz\/academy\/guides\/#primaryimage\",\"url\":\"https:\/\/www.etoro.com\/wp-content\/uploads\/2023\/05\/Czech-cs-cz_Guides_Featured-image-1200x630-1.jpg\",\"contentUrl\":\"https:\/\/www.etoro.com\/wp-content\/uploads\/2023\/05\/Czech-cs-cz_Guides_Featured-image-1200x630-1.jpg\",\"width\":1200,\"height\":630},{\"@type\":\"BreadcrumbList\",\"@id\":\"https:\/\/www.etoro.com\/cs-cz\/academy\/guides\/#breadcrumb\",\"itemListElement\":[{\"@type\":\"ListItem\",\"position\":1,\"name\":\"Dom\u016f\",\"item\":\"https:\/\/www.etoro.com\/cs-cz\/\"},{\"@type\":\"ListItem\",\"position\":2,\"name\":\"eToro Academy\",\"item\":\"https:\/\/www.etoro.com\/cs-cz\/academy\/\"},{\"@type\":\"ListItem\",\"position\":3,\"name\":\"Pr\u016fvodci\"}]},{\"@type\":\"WebSite\",\"@id\":\"https:\/\/www.etoro.com\/cs-cz\/#website\",\"url\":\"https:\/\/www.etoro.com\/cs-cz\/\",\"name\":\"eToro\",\"description\":\"\",\"publisher\":{\"@id\":\"https:\/\/www.etoro.com\/cs-cz\/#organization\"},\"potentialAction\":[{\"@type\":\"SearchAction\",\"target\":{\"@type\":\"EntryPoint\",\"urlTemplate\":\"https:\/\/www.etoro.com\/cs-cz\/?s={search_term_string}\"},\"query-input\":{\"@type\":\"PropertyValueSpecification\",\"valueRequired\":true,\"valueName\":\"search_term_string\"}}],\"inLanguage\":\"cs\"},[]]}<\/script>","yoast_head_json":{"title":"Investi\u010dn\u00ed pr\u016fvodce pro za\u010d\u00e1te\u010dn\u00edky a pokro\u010dil\u00e9","description":"Objevte nov\u00e9 mo\u017enosti investov\u00e1n\u00ed v na\u0161ich odborn\u00fdch pr\u016fvodc\u00edch. Jsou vhodn\u00e9 pro ka\u017ed\u00e9ho, kdo chce dos\u00e1hnout lep\u0161\u00edch v\u00fdsledk\u016f p\u0159i spr\u00e1v\u011b sv\u00fdch investic","robots":{"index":"index","follow":"follow","max-snippet":"max-snippet:-1","max-image-preview":"max-image-preview:large","max-video-preview":"max-video-preview:-1"},"canonical":"https:\/\/www.etoro.com\/cs-cz\/wp-json\/wp\/v2\/pages\/331966","og_locale":"cs_CZ","og_type":"article","og_title":"Investi\u010dn\u00ed pr\u016fvodce pro za\u010d\u00e1te\u010dn\u00edky a pokro\u010dil\u00e9","og_description":"Objevte nov\u00e9 mo\u017enosti investov\u00e1n\u00ed v na\u0161ich odborn\u00fdch pr\u016fvodc\u00edch. Jsou vhodn\u00e9 pro ka\u017ed\u00e9ho, kdo chce dos\u00e1hnout lep\u0161\u00edch v\u00fdsledk\u016f p\u0159i spr\u00e1v\u011b sv\u00fdch investic","og_url":"https:\/\/www.etoro.com\/cs-cz\/wp-json\/wp\/v2\/pages\/331966","og_site_name":"eToro","article_publisher":"https:\/\/www.facebook.com\/eToro\/","article_modified_time":"2024-10-31T09:17:58+00:00","og_image":[{"width":1200,"height":630,"url":"https:\/\/www.etoro.com\/wp-content\/uploads\/2023\/05\/Czech-cs-cz_Guides_Featured-image-1200x630-1.jpg","type":"image\/jpeg"}],"twitter_card":"summary_large_image","twitter_site":"@eToro","schema":{"@context":"https:\/\/schema.org","@graph":[{"@type":"WebPage","@id":"https:\/\/www.etoro.com\/cs-cz\/academy\/guides\/","url":"https:\/\/www.etoro.com\/cs-cz\/academy\/guides\/","name":"Investi\u010dn\u00ed pr\u016fvodce pro za\u010d\u00e1te\u010dn\u00edky a pokro\u010dil\u00e9","isPartOf":{"@id":"https:\/\/www.etoro.com\/cs-cz\/#website"},"primaryImageOfPage":{"@id":"https:\/\/www.etoro.com\/cs-cz\/academy\/guides\/#primaryimage"},"image":{"@id":"https:\/\/www.etoro.com\/cs-cz\/academy\/guides\/#primaryimage"},"thumbnailUrl":"https:\/\/www.etoro.com\/wp-content\/uploads\/2023\/05\/Czech-cs-cz_Guides_Featured-image-1200x630-1.jpg","datePublished":"2021-05-24T14:15:17+00:00","dateModified":"2024-10-31T09:17:58+00:00","description":"Objevte nov\u00e9 mo\u017enosti investov\u00e1n\u00ed v na\u0161ich odborn\u00fdch pr\u016fvodc\u00edch. Jsou vhodn\u00e9 pro ka\u017ed\u00e9ho, kdo chce dos\u00e1hnout lep\u0161\u00edch v\u00fdsledk\u016f p\u0159i spr\u00e1v\u011b sv\u00fdch investic","breadcrumb":{"@id":"https:\/\/www.etoro.com\/cs-cz\/academy\/guides\/#breadcrumb"},"inLanguage":"cs","potentialAction":[{"@type":"ReadAction","target":["https:\/\/www.etoro.com\/cs-cz\/academy\/guides\/"]}]},{"@type":"ImageObject","inLanguage":"cs","@id":"https:\/\/www.etoro.com\/cs-cz\/academy\/guides\/#primaryimage","url":"https:\/\/www.etoro.com\/wp-content\/uploads\/2023\/05\/Czech-cs-cz_Guides_Featured-image-1200x630-1.jpg","contentUrl":"https:\/\/www.etoro.com\/wp-content\/uploads\/2023\/05\/Czech-cs-cz_Guides_Featured-image-1200x630-1.jpg","width":1200,"height":630},{"@type":"BreadcrumbList","@id":"https:\/\/www.etoro.com\/cs-cz\/academy\/guides\/#breadcrumb","itemListElement":[{"@type":"ListItem","position":1,"name":"Dom\u016f","item":"https:\/\/www.etoro.com\/cs-cz\/"},{"@type":"ListItem","position":2,"name":"eToro Academy","item":"https:\/\/www.etoro.com\/cs-cz\/academy\/"},{"@type":"ListItem","position":3,"name":"Pr\u016fvodci"}]},{"@type":"WebSite","@id":"https:\/\/www.etoro.com\/cs-cz\/#website","url":"https:\/\/www.etoro.com\/cs-cz\/","name":"eToro","description":"","publisher":{"@id":"https:\/\/www.etoro.com\/cs-cz\/#organization"},"potentialAction":[{"@type":"SearchAction","target":{"@type":"EntryPoint","urlTemplate":"https:\/\/www.etoro.com\/cs-cz\/?s={search_term_string}"},"query-input":{"@type":"PropertyValueSpecification","valueRequired":true,"valueName":"search_term_string"}}],"inLanguage":"cs"},[]]}},"_links":{"self":[{"href":"https:\/\/www.etoro.com\/cs-cz\/wp-json\/wp\/v2\/pages\/331966"}],"collection":[{"href":"https:\/\/www.etoro.com\/cs-cz\/wp-json\/wp\/v2\/pages"}],"about":[{"href":"https:\/\/www.etoro.com\/cs-cz\/wp-json\/wp\/v2\/types\/page"}],"author":[{"embeddable":true,"href":"https:\/\/www.etoro.com\/cs-cz\/wp-json\/wp\/v2\/users\/45"}],"replies":[{"embeddable":true,"href":"https:\/\/www.etoro.com\/cs-cz\/wp-json\/wp\/v2\/comments?post=331966"}],"version-history":[{"count":0,"href":"https:\/\/www.etoro.com\/cs-cz\/wp-json\/wp\/v2\/pages\/331966\/revisions"}],"up":[{"embeddable":true,"href":"https:\/\/www.etoro.com\/cs-cz\/wp-json\/wp\/v2\/pages\/331555"}],"wp:featuredmedia":[{"embeddable":true,"href":"https:\/\/www.etoro.com\/cs-cz\/wp-json\/wp\/v2\/media\/605981"}],"wp:attachment":[{"href":"https:\/\/www.etoro.com\/cs-cz\/wp-json\/wp\/v2\/media?parent=331966"}],"wp:term":[{"taxonomy":"asset_type","embeddable":true,"href":"https:\/\/www.etoro.com\/cs-cz\/wp-json\/wp\/v2\/asset_type?post=331966"}],"curies":[{"name":"wp","href":"https:\/\/api.w.org\/{rel}","templated":true}]}}