{"id":334125,"date":"2021-08-18T09:54:03","date_gmt":"2021-08-18T06:54:03","guid":{"rendered":"https:\/\/www.etoro.com\/customer-service\/regulation-license\/aus-risk-warning\/"},"modified":"2022-02-28T11:16:34","modified_gmt":"2022-02-28T09:16:34","slug":"aus-risk-warning","status":"publish","type":"page","link":"https:\/\/www.etoro.com\/cs-cz\/customer-service\/regulation-license\/aus-risk-warning\/","title":{"rendered":"Na\u0159\u00edzen\u00ed AUS &#8211; Vylou\u010den\u00ed odpov\u011bdnosti a upozorn\u011bn\u00ed na rizika"},"content":{"rendered":"<h2><b>\u00dapln\u00e9 vylou\u010den\u00ed odpov\u011bdnosti u CFD<\/b><\/h2>\n<p>eToro AUS Capital Ltd ACN 612 791 803 AFSL 491139. Deriv\u00e1ty OTC jsou p\u00e1kov\u00e9 finan\u010dn\u00ed produkty. Obchodov\u00e1n\u00ed s deriv\u00e1ty OTC nevede k nabyt\u00ed podkladov\u00fdch aktiv. Obchodov\u00e1n\u00ed s deriv\u00e1ty OTC p\u0159edstavuje vysokou m\u00edru rizika a m\u016f\u017ee v\u00e9st ke ztr\u00e1t\u011b v\u0161ech va\u0161ich investic. Deriv\u00e1ty OTC nemus\u00ed b\u00fdt vhodn\u00e9 pro ka\u017ed\u00e9ho investora. Nem\u011bli byste investovat pen\u00edze, o kter\u00e9 si nem\u016f\u017eete dovolit p\u0159ij\u00edt. D\u0159\u00edve ne\u017e se rozhodnete obchodovat, m\u011bli byste se poradit s nez\u00e1visl\u00fdm finan\u010dn\u00edm poradcem s p\u0159\u00edslu\u0161n\u00fdm opr\u00e1vn\u011bn\u00edm a ujistit se, \u017ee opravdu chcete riskovat a m\u00e1te odpov\u00eddaj\u00edc\u00ed zku\u0161enosti a znalosti. Tyto informace jsou pouze obecn\u00e9 a byly vyhotoveny bez zohledn\u011bn\u00ed va\u0161\u00ed objektivn\u00ed finan\u010dn\u00ed situace nebo pot\u0159eby. Ne\u017e se rozhodnete, zda s n\u00e1mi budete obchodovat, m\u011bli byste se poradit s nez\u00e1visl\u00fdm poradcem a sezn\u00e1mit se s na\u0161\u00edm Prohl\u00e1\u0161en\u00edm o vylou\u010den\u00ed odpov\u011bdnosti za produkt (<a href=\"https:\/\/www.etoro.com\/cs-cz\/customer-service\/terms-conditions\/\">PDS<\/a>) a Ur\u010den\u00edm c\u00edlov\u00e9ho trhu (<a href=\"https:\/\/www.etoro.com\/cs-cz\/customer-service\/regulation-license\/aus-risk-warning\/\">TMD<\/a>).<\/p>\n<h2><b>Pln\u00e9 vylou\u010den\u00ed odpov\u011bdnost\u00ed u akci\u00ed\u00a0<\/b><\/h2>\n<p>eToro Service ARSN 637 489 466 je provozov\u00e1n eToro Asset Management Limited ABN 51 122 005 396 AFSL 319 738 a podporov\u00e1n firmou eToro AUS Capital Limited ACN 612 791 803 AFSL 491139.\u00a0 Investov\u00e1n\u00ed do akci\u00ed prost\u0159ednictv\u00edm \u0159\u00edzen\u00e9ho investi\u010dn\u00edho syst\u00e9mu nevede k p\u0159\u00edm\u00e9mu vlastnictv\u00ed podkladov\u00fdch aktiv. Syst\u00e9m podl\u00e9h\u00e1 z\u00e1konn\u00e9mu vlastnictv\u00ed; investor je skute\u010dn\u00fdm vlastn\u00edkem, tj. akcie jsou dr\u017eeny va\u0161\u00edm jm\u00e9nem.\u00a0 Vzhledem k tomu, \u017ee syst\u00e9m podl\u00e9h\u00e1 z\u00e1konn\u00e9mu vlastnictv\u00ed, nem\u00e1te \u017e\u00e1dn\u00e1 pr\u00e1va k cenn\u00fdm pap\u00edr\u016fm, v\u010detn\u011b hlasovac\u00edch pr\u00e1v. Akcie nejsou p\u0159evoditeln\u00e9. V\u00e1\u0161 kapit\u00e1l je vystaven riziku. Ne\u017e provedete transakci, seznamte se s Prohl\u00e1\u0161en\u00edm o vylou\u010den\u00ed odpov\u011bdnosti za produkt (<a href=\"https:\/\/www.etoro.com\/cs-cz\/customer-service\/terms-conditions\/\">PDS<\/a>) a Ur\u010den\u00edm c\u00edlov\u00e9ho trhu (<a href=\"https:\/\/www.etoro.com\/cs-cz\/customer-service\/regulation-license\/aus-risk-warning\/\">TMD<\/a>).<\/p>\n<h2><b>\u00dapln\u00e9 vylou\u010den\u00ed odpov\u011bdnosti u kryptom\u011bn\u00a0<\/b><\/h2>\n<p>eToro AUS Capital Limited ACN 612 791 803 AFSL 491139. Obchodov\u00e1n\u00ed kryptom\u011bnov\u00fdch aktiv nen\u00ed regulov\u00e1no a m\u00e1 vysoce spekulativn\u00ed charakter. Neexistuje ochrana spot\u0159ebitele.\u00a0 Riskujete, \u017ee p\u0159ijdete o ve\u0161kerou va\u0161i investici. Seznamte se s na\u0161imi <a href=\"https:\/\/www.etoro.com\/cs-cz\/customer-service\/terms-conditions\/\">Z\u00e1sadami a podm\u00ednkami<\/a>.<\/p>\n<h2><b>\u00dapln\u00e9 vylou\u010den\u00ed odpov\u011bdnosti u Copy tradingu\u00a0<\/b><\/h2>\n<p>eToro AUS Capital Ltd. ACN 612 791 803 AFSL 491139. Soci\u00e1ln\u00ed obchodov\u00e1n\u00ed. Obchodov\u00e1n\u00ed s eToro sledov\u00e1n\u00edm a\/nebo kop\u00edrov\u00e1n\u00edm nebo napodobov\u00e1n\u00edm obchod\u016f ostatn\u00edch obchodn\u00edk\u016f je vysoce rizikov\u00e9, i kdy\u017e budete sledovat a\/nebo kop\u00edrovat \u010di napodobovat obchodn\u00edky s nejlep\u0161\u00edm v\u00fdkonem. P\u0159\u00edpadn\u00e9 riziko m\u016f\u017ee b\u00fdt nap\u0159. to, \u017ee sledujete\/kop\u00edrujete obchodn\u00ed rozhodnut\u00ed potenci\u00e1ln\u011b nezku\u0161en\u00e9ho\/amat\u00e9rsk\u00e9ho obchodn\u00edka, nebo obchodn\u00edka, jeho\u017e hlavn\u00ed z\u00e1m\u011br, c\u00edl, nebo finan\u010dn\u00ed situace se m\u016f\u017ee li\u0161it od va\u0161\u00ed. eToro neschvaluje ani nepotvrzuje obchodn\u00ed \u00fa\u010dty, kter\u00e9 by si klienti m\u011bli vybrat ke kop\u00edrov\u00e1n\u00ed. Ve\u0161ker\u00e9 pokyny a akce t\u00fdkaj\u00edc\u00ed se kop\u00edrovan\u00fdch obchod\u016f budou automaticky replikov\u00e1ny na v\u00e1\u0161 \u00fa\u010det, v\u010detn\u011b p\u0159\u00edkazu stop loss, take profit a ukon\u010den\u00ed obchodu. Kdy\u017e se rozhodnete kop\u00edrovat ur\u010dit\u00fd obchodn\u00ed \u00fa\u010det, budete kop\u00edrovat v\u0161echny jeho budouc\u00ed obchody, a mo\u017en\u00e1 si tak\u00e9 zvol\u00edte sledovat jeho st\u00e1vaj\u00edc\u00ed obchody. eToro neru\u010d\u00ed za rozhodnut\u00ed nebo akce, kter\u00e9 provede obchodn\u00edk, kter\u00e9ho si vyberete ke kop\u00edrov\u00e1n\u00ed. eToro m\u016f\u017ee odm\u011bnit obl\u00edben\u00e9 eToro obchodn\u00edky, kter\u00e9 se vy nebo jin\u00ed rozhodnete kop\u00edrovat. Minul\u00e9 v\u00fdkony \u010dlena komunity eToro nejsou spolehliv\u00fdm indik\u00e1torem jeho budouc\u00edch v\u00fdkon\u016f.\u00a0 Ne\u017e provedete transakci, seznamte se s Prohl\u00e1\u0161en\u00edm o vylou\u010den\u00ed odpov\u011bdnosti za produkt (<a href=\"https:\/\/www.etoro.com\/cs-cz\/customer-service\/terms-conditions\/\">PDS<\/a>) a Ur\u010den\u00edm c\u00edlov\u00e9ho trhu (<a href=\"https:\/\/www.etoro.com\/cs-cz\/customer-service\/regulation-license\/aus-risk-warning\/\">TMD<\/a>).<\/p>\n<h2><b>\u00dapln\u00e9 vylou\u010den\u00ed odpov\u011bdnosti u chytr\u00fdch portf\u00f3li\u00ed<\/b><\/h2>\n<p>eToro AUS Capital Limited ACN 612 791 803 AFSL 491139. Chytr\u00e1 portfolia eToro sdru\u017euj\u00ed aktiva nebo obchodn\u00edky na z\u00e1klad\u011b p\u0159edem stanov\u00e9ho t\u00e9matu nebo strategie prost\u0159ednictv\u00edm n\u00e1stroje automatizovan\u00e9ho, algoritmizovan\u00e9ho nebo strojov\u00e9ho u\u010den\u00ed s omezen\u00fdm lidsk\u00fdm z\u00e1sahem \u010di bez lidsk\u00e9ho z\u00e1sahu. eToro vystupuje jako nad\u0159azen\u00fd u\u017eivatel investuj\u00edc\u00ed skute\u010dn\u00e9 prost\u0159edky pro vytvo\u0159en\u00ed portfolia, kter\u00e9 budou klienti eToro kop\u00edrovat. Chytr\u00e1 portfolia nejsou fondy obchodovan\u00e9 na burze ani hedgeov\u00e9 fondy a nejsou vytvo\u0159eny pro va\u0161i specifickou objektivn\u00ed finan\u010dn\u00ed situaci ani pot\u0159ebu.<\/p>\n<p>Chytr\u00e1 portfolia mohou obsahovat deriv\u00e1ty OTC. Deriv\u00e1ty OTC jsou p\u00e1kov\u00e9 finan\u010dn\u00ed produkty a jsou pova\u017eov\u00e1ny za spekulativn\u00ed. Deriv\u00e1ty OTC nemus\u00ed b\u00fdt vhodn\u00e9 pro v\u0161echny investory.<\/p>\n<p>Doporu\u010dujeme, abyste se p\u0159ed prov\u00e1d\u011bn\u00edm transakc\u00ed nez\u00e1visle poradili a sezn\u00e1mili se s Prohl\u00e1\u0161en\u00edm o vylou\u010den\u00ed odpov\u011bdnosti za produkt a Ur\u010den\u00edm c\u00edlov\u00e9ho trhu(<a href=\"https:\/\/www.etoro.com\/cs-cz\/customer-service\/terms-conditions\/\">PDS<\/a> and <a href=\"https:\/\/www.etoro.com\/cs-cz\/customer-service\/regulation-license\/aus-risk-warning\/\">TMD<\/a>).<\/p>\n","protected":false},"excerpt":{"rendered":"<p>\u00dapln\u00e9 vylou\u010den\u00ed odpov\u011bdnosti u CFD eToro AUS Capital Ltd ACN 612 791 803 AFSL 491139. Deriv\u00e1ty OTC jsou p\u00e1kov\u00e9 finan\u010dn\u00ed produkty. Obchodov\u00e1n\u00ed s deriv\u00e1ty OTC nevede k nabyt\u00ed podkladov\u00fdch aktiv. Obchodov\u00e1n\u00ed s deriv\u00e1ty OTC p\u0159edstavuje vysokou m\u00edru rizika a m\u016f\u017ee v\u00e9st ke ztr\u00e1t\u011b v\u0161ech va\u0161ich investic. Deriv\u00e1ty OTC nemus\u00ed b\u00fdt vhodn\u00e9 pro ka\u017ed\u00e9ho investora. Nem\u011bli&hellip;<\/p>\n","protected":false},"author":75,"featured_media":0,"parent":20030,"menu_order":0,"comment_status":"closed","ping_status":"closed","template":"","meta":{"_acf_changed":false,"inline_featured_image":false,"sticky_cta_settings":"","footnotes":""},"asset_type":[],"class_list":["post-334125","page","type-page","status-publish","hentry"],"acf":[],"yoast_head":"<title>Na\u0159\u00edzen\u00ed AUS \u2013 Upozorn\u011bn\u00ed na rizika a vylou\u010den\u00ed odpov\u011bdnosti | eToro<\/title>\n<meta name=\"description\" content=\"Platforma eToro nab\u00edz\u00ed r\u016fzn\u00e9 finan\u010dn\u00ed slu\u017eby v souladu s na\u0159\u00edzen\u00edm AUS. P\u0159e\u010dt\u011bte si zn\u011bn\u00ed upozorn\u011bn\u00ed na rizika a vylou\u010den\u00ed odpov\u011bdnosti pro ka\u017edou nab\u00edzenou slu\u017ebu.\" \/>\n<meta name=\"robots\" content=\"index, follow, max-snippet:-1, max-image-preview:large, max-video-preview:-1\" \/>\n<link rel=\"canonical\" href=\"https:\/\/www.etoro.com\/cs-cz\/wp-json\/wp\/v2\/pages\/334125\" \/>\n<meta property=\"og:locale\" content=\"cs_CZ\" \/>\n<meta property=\"og:type\" content=\"article\" \/>\n<meta property=\"og:title\" content=\"Na\u0159\u00edzen\u00ed AUS \u2013 Upozorn\u011bn\u00ed na rizika a vylou\u010den\u00ed odpov\u011bdnosti | eToro\" \/>\n<meta property=\"og:description\" content=\"Platforma eToro nab\u00edz\u00ed r\u016fzn\u00e9 finan\u010dn\u00ed slu\u017eby v souladu s na\u0159\u00edzen\u00edm AUS. P\u0159e\u010dt\u011bte si zn\u011bn\u00ed upozorn\u011bn\u00ed na rizika a vylou\u010den\u00ed odpov\u011bdnosti pro ka\u017edou nab\u00edzenou slu\u017ebu.\" \/>\n<meta property=\"og:url\" content=\"https:\/\/www.etoro.com\/cs-cz\/wp-json\/wp\/v2\/pages\/334125\" \/>\n<meta property=\"og:site_name\" content=\"eToro\" \/>\n<meta property=\"article:publisher\" content=\"https:\/\/www.facebook.com\/eToro\/\" \/>\n<meta property=\"article:modified_time\" content=\"2022-02-28T09:16:34+00:00\" \/>\n<meta property=\"og:image\" content=\"https:\/\/www.etoro.com\/wp-content\/uploads\/2019\/12\/etoro_logo_social_share1.png\" \/>\n\t<meta property=\"og:image:width\" content=\"240\" \/>\n\t<meta property=\"og:image:height\" content=\"240\" \/>\n\t<meta property=\"og:image:type\" content=\"image\/png\" \/>\n<meta name=\"twitter:card\" content=\"summary_large_image\" \/>\n<meta name=\"twitter:site\" content=\"@eToro\" \/>\n<meta name=\"twitter:label1\" content=\"Est. reading time\" \/>\n\t<meta name=\"twitter:data1\" content=\"3 minutes\" \/>\n<script type=\"application\/ld+json\" class=\"yoast-schema-graph\">{\"@context\":\"https:\/\/schema.org\",\"@graph\":[{\"@type\":\"WebPage\",\"@id\":\"https:\/\/www.etoro.com\/cs-cz\/customer-service\/regulation-license\/aus-risk-warning\/\",\"url\":\"https:\/\/www.etoro.com\/cs-cz\/customer-service\/regulation-license\/aus-risk-warning\/\",\"name\":\"Na\u0159\u00edzen\u00ed AUS \u2013 Upozorn\u011bn\u00ed na rizika a vylou\u010den\u00ed odpov\u011bdnosti | eToro\",\"isPartOf\":{\"@id\":\"https:\/\/www.etoro.com\/cs-cz\/#website\"},\"datePublished\":\"2021-08-18T06:54:03+00:00\",\"dateModified\":\"2022-02-28T09:16:34+00:00\",\"description\":\"Platforma eToro nab\u00edz\u00ed r\u016fzn\u00e9 finan\u010dn\u00ed slu\u017eby v souladu s na\u0159\u00edzen\u00edm AUS. P\u0159e\u010dt\u011bte si zn\u011bn\u00ed upozorn\u011bn\u00ed na rizika a vylou\u010den\u00ed odpov\u011bdnosti pro ka\u017edou nab\u00edzenou slu\u017ebu.\",\"breadcrumb\":{\"@id\":\"https:\/\/www.etoro.com\/cs-cz\/customer-service\/regulation-license\/aus-risk-warning\/#breadcrumb\"},\"inLanguage\":\"cs\",\"potentialAction\":[{\"@type\":\"ReadAction\",\"target\":[\"https:\/\/www.etoro.com\/cs-cz\/customer-service\/regulation-license\/aus-risk-warning\/\"]}]},{\"@type\":\"BreadcrumbList\",\"@id\":\"https:\/\/www.etoro.com\/cs-cz\/customer-service\/regulation-license\/aus-risk-warning\/#breadcrumb\",\"itemListElement\":[{\"@type\":\"ListItem\",\"position\":1,\"name\":\"Dom\u016f\",\"item\":\"https:\/\/www.etoro.com\/cs-cz\/\"},{\"@type\":\"ListItem\",\"position\":2,\"name\":\"Z\u00c1KAZNICK\u00c9 SLU\u017dBY\",\"item\":\"https:\/\/www.etoro.com\/cs-cz\/customer-service\/\"},{\"@type\":\"ListItem\",\"position\":3,\"name\":\"REGULACE A LICENCE\",\"item\":\"https:\/\/www.etoro.com\/cs-cz\/customer-service\/regulation-license\/\"},{\"@type\":\"ListItem\",\"position\":4,\"name\":\"Na\u0159\u00edzen\u00ed AUS &#8211; Vylou\u010den\u00ed odpov\u011bdnosti a upozorn\u011bn\u00ed na rizika\"}]},{\"@type\":\"WebSite\",\"@id\":\"https:\/\/www.etoro.com\/cs-cz\/#website\",\"url\":\"https:\/\/www.etoro.com\/cs-cz\/\",\"name\":\"eToro\",\"description\":\"\",\"publisher\":{\"@id\":\"https:\/\/www.etoro.com\/cs-cz\/#organization\"},\"potentialAction\":[{\"@type\":\"SearchAction\",\"target\":{\"@type\":\"EntryPoint\",\"urlTemplate\":\"https:\/\/www.etoro.com\/cs-cz\/?s={search_term_string}\"},\"query-input\":{\"@type\":\"PropertyValueSpecification\",\"valueRequired\":true,\"valueName\":\"search_term_string\"}}],\"inLanguage\":\"cs\"},[]]}<\/script>","yoast_head_json":{"title":"Na\u0159\u00edzen\u00ed AUS \u2013 Upozorn\u011bn\u00ed na rizika a vylou\u010den\u00ed odpov\u011bdnosti | eToro","description":"Platforma eToro nab\u00edz\u00ed r\u016fzn\u00e9 finan\u010dn\u00ed slu\u017eby v souladu s na\u0159\u00edzen\u00edm AUS. P\u0159e\u010dt\u011bte si zn\u011bn\u00ed upozorn\u011bn\u00ed na rizika a vylou\u010den\u00ed odpov\u011bdnosti pro ka\u017edou nab\u00edzenou slu\u017ebu.","robots":{"index":"index","follow":"follow","max-snippet":"max-snippet:-1","max-image-preview":"max-image-preview:large","max-video-preview":"max-video-preview:-1"},"canonical":"https:\/\/www.etoro.com\/cs-cz\/wp-json\/wp\/v2\/pages\/334125","og_locale":"cs_CZ","og_type":"article","og_title":"Na\u0159\u00edzen\u00ed AUS \u2013 Upozorn\u011bn\u00ed na rizika a vylou\u010den\u00ed odpov\u011bdnosti | eToro","og_description":"Platforma eToro nab\u00edz\u00ed r\u016fzn\u00e9 finan\u010dn\u00ed slu\u017eby v souladu s na\u0159\u00edzen\u00edm AUS. P\u0159e\u010dt\u011bte si zn\u011bn\u00ed upozorn\u011bn\u00ed na rizika a vylou\u010den\u00ed odpov\u011bdnosti pro ka\u017edou nab\u00edzenou slu\u017ebu.","og_url":"https:\/\/www.etoro.com\/cs-cz\/wp-json\/wp\/v2\/pages\/334125","og_site_name":"eToro","article_publisher":"https:\/\/www.facebook.com\/eToro\/","article_modified_time":"2022-02-28T09:16:34+00:00","og_image":[{"width":240,"height":240,"url":"https:\/\/www.etoro.com\/wp-content\/uploads\/2019\/12\/etoro_logo_social_share1.png","type":"image\/png"}],"twitter_card":"summary_large_image","twitter_site":"@eToro","twitter_misc":{"Est. reading time":"3 minutes"},"schema":{"@context":"https:\/\/schema.org","@graph":[{"@type":"WebPage","@id":"https:\/\/www.etoro.com\/cs-cz\/customer-service\/regulation-license\/aus-risk-warning\/","url":"https:\/\/www.etoro.com\/cs-cz\/customer-service\/regulation-license\/aus-risk-warning\/","name":"Na\u0159\u00edzen\u00ed AUS \u2013 Upozorn\u011bn\u00ed na rizika a vylou\u010den\u00ed odpov\u011bdnosti | eToro","isPartOf":{"@id":"https:\/\/www.etoro.com\/cs-cz\/#website"},"datePublished":"2021-08-18T06:54:03+00:00","dateModified":"2022-02-28T09:16:34+00:00","description":"Platforma eToro nab\u00edz\u00ed r\u016fzn\u00e9 finan\u010dn\u00ed slu\u017eby v souladu s na\u0159\u00edzen\u00edm AUS. P\u0159e\u010dt\u011bte si zn\u011bn\u00ed upozorn\u011bn\u00ed na rizika a vylou\u010den\u00ed odpov\u011bdnosti pro ka\u017edou nab\u00edzenou slu\u017ebu.","breadcrumb":{"@id":"https:\/\/www.etoro.com\/cs-cz\/customer-service\/regulation-license\/aus-risk-warning\/#breadcrumb"},"inLanguage":"cs","potentialAction":[{"@type":"ReadAction","target":["https:\/\/www.etoro.com\/cs-cz\/customer-service\/regulation-license\/aus-risk-warning\/"]}]},{"@type":"BreadcrumbList","@id":"https:\/\/www.etoro.com\/cs-cz\/customer-service\/regulation-license\/aus-risk-warning\/#breadcrumb","itemListElement":[{"@type":"ListItem","position":1,"name":"Dom\u016f","item":"https:\/\/www.etoro.com\/cs-cz\/"},{"@type":"ListItem","position":2,"name":"Z\u00c1KAZNICK\u00c9 SLU\u017dBY","item":"https:\/\/www.etoro.com\/cs-cz\/customer-service\/"},{"@type":"ListItem","position":3,"name":"REGULACE A LICENCE","item":"https:\/\/www.etoro.com\/cs-cz\/customer-service\/regulation-license\/"},{"@type":"ListItem","position":4,"name":"Na\u0159\u00edzen\u00ed AUS &#8211; Vylou\u010den\u00ed odpov\u011bdnosti a upozorn\u011bn\u00ed na rizika"}]},{"@type":"WebSite","@id":"https:\/\/www.etoro.com\/cs-cz\/#website","url":"https:\/\/www.etoro.com\/cs-cz\/","name":"eToro","description":"","publisher":{"@id":"https:\/\/www.etoro.com\/cs-cz\/#organization"},"potentialAction":[{"@type":"SearchAction","target":{"@type":"EntryPoint","urlTemplate":"https:\/\/www.etoro.com\/cs-cz\/?s={search_term_string}"},"query-input":{"@type":"PropertyValueSpecification","valueRequired":true,"valueName":"search_term_string"}}],"inLanguage":"cs"},[]]}},"_links":{"self":[{"href":"https:\/\/www.etoro.com\/cs-cz\/wp-json\/wp\/v2\/pages\/334125"}],"collection":[{"href":"https:\/\/www.etoro.com\/cs-cz\/wp-json\/wp\/v2\/pages"}],"about":[{"href":"https:\/\/www.etoro.com\/cs-cz\/wp-json\/wp\/v2\/types\/page"}],"author":[{"embeddable":true,"href":"https:\/\/www.etoro.com\/cs-cz\/wp-json\/wp\/v2\/users\/75"}],"replies":[{"embeddable":true,"href":"https:\/\/www.etoro.com\/cs-cz\/wp-json\/wp\/v2\/comments?post=334125"}],"version-history":[{"count":0,"href":"https:\/\/www.etoro.com\/cs-cz\/wp-json\/wp\/v2\/pages\/334125\/revisions"}],"up":[{"embeddable":true,"href":"https:\/\/www.etoro.com\/cs-cz\/wp-json\/wp\/v2\/pages\/20030"}],"wp:attachment":[{"href":"https:\/\/www.etoro.com\/cs-cz\/wp-json\/wp\/v2\/media?parent=334125"}],"wp:term":[{"taxonomy":"asset_type","embeddable":true,"href":"https:\/\/www.etoro.com\/cs-cz\/wp-json\/wp\/v2\/asset_type?post=334125"}],"curies":[{"name":"wp","href":"https:\/\/api.w.org\/{rel}","templated":true}]}}