{"id":351625,"date":"2022-03-27T13:52:22","date_gmt":"2022-03-27T10:52:22","guid":{"rendered":"https:\/\/www.etoro.com\/trading\/disruptions\/"},"modified":"2024-08-12T16:28:36","modified_gmt":"2024-08-12T13:28:36","slug":"disruptions","status":"publish","type":"page","link":"https:\/\/www.etoro.com\/cs-cz\/trading\/disruptions\/","title":{"rendered":"Pozastaven\u00ed obchodov\u00e1n\u00ed"},"content":{"rendered":"<p><strong>Pozastaven\u00ed obchodov\u00e1n\u00ed: Co znamenaj\u00ed, co je zp\u016fsobuje a jak\u00fd maj\u00ed dopad na va\u0161e aktivity na platform\u011b eToro<\/strong><\/p>\n<p>U\u017e v\u00edce ne\u017e jednu dek\u00e1du je platforma eToro st\u0159edobodem fintechov\u00e9 revoluce. Tato platforma s\u00a0v\u00edce ne\u017e 25 miliony registrovan\u00fdch u\u017eivatel\u016f stoj\u00ed v\u00a0\u010dele celosv\u011btov\u00e9 s\u00edt\u011b soci\u00e1ln\u00edho investov\u00e1n\u00ed. Na platform\u011b eToro na\u0161im u\u017eivatel\u016fm nab\u00edz\u00edme bohatou \u0161k\u00e1lu aktiv pro obchodov\u00e1n\u00ed i\u00a0investov\u00e1n\u00ed.<\/p>\n<p>I kdy\u017e je v sou\u010dasnosti investov\u00e1n\u00ed snaz\u0161\u00ed ne\u017e kdykoliv d\u0159\u00edve, n\u011bkdy prost\u011b v\u0161e nejde p\u0159esn\u011b podle pl\u00e1nu. Na platform\u011b eToro p\u0159ij\u00edm\u00e1me adekv\u00e1tn\u00ed opat\u0159en\u00ed, abychom zajistili maxim\u00e1ln\u011b bezpe\u010dn\u00e9 prost\u0159ed\u00ed pro na\u0161e u\u017eivatele. Proto\u017ee ob\u010das doch\u00e1z\u00ed k pozastaven\u00ed obchodov\u00e1n\u00ed, chceme v\u00e1m vysv\u011btlit jeho podstatu a co m\u016f\u017eete a nem\u016f\u017eete d\u011blat, kdy\u017e u\u017e k n\u011bmu dojde.<\/p>\n<h2>Co jsou pozastaven\u00ed obchodov\u00e1n\u00ed?<\/h2>\n<p>Pozastaven\u00ed obchodov\u00e1n\u00ed jsou situace, p\u0159i kter\u00fdch trhy p\u0159estanou norm\u00e1ln\u011b fungovat, a to obvykle v d\u016fsledku rychl\u00fdch a masivn\u00edch pohyb\u016f na trhu. Neexistuje \u017e\u00e1dn\u00fd specifick\u00fd d\u016fvod pro pozastaven\u00ed obchodov\u00e1n\u00ed. Mohou b\u00fdt zap\u0159\u00ed\u010din\u011bna neobvykl\u00fdm obchodov\u00e1n\u00edm (nap\u0159\u00edklad prudk\u00fdm propadem, nebo naopak hromadn\u00fdm p\u0159\u00edlivem pen\u011bz, tzv. pumpov\u00e1n\u00edm), p\u0159\u00edpadn\u011b fyzick\u00fdm nebezpe\u010d\u00edm pro burzu (nap\u0159\u00edklad v\u00e1lkou). Av\u0161ak bez ohledu na p\u0159\u00ed\u010dinu jsou pozastaven\u00ed obchodov\u00e1n\u00ed v\u00fdsledkem neobvykl\u00fdch podm\u00ednek na burze, kter\u00e9 vyvolaj\u00ed paniku a vedou k pozastaven\u00ed obchodov\u00e1n\u00ed.<\/p>\n<p>Po propadu burzy v roce 1987 se za\u010daly pou\u017e\u00edvat p\u0159eru\u0161ovac\u00ed mechanismy, omezen\u00ed cen a dal\u0161\u00ed syst\u00e9my maj\u00edc\u00ed za c\u00edl minimalizovat rizika souvisej\u00edc\u00ed s pozastaven\u00edm obchodov\u00e1n\u00ed. Tyto syst\u00e9my jsou ur\u010deny k tomu, aby zastavily obchodov\u00e1n\u00ed v p\u0159\u00edpad\u011b rychl\u00fdch propad\u016f na trz\u00edch.<\/p>\n<h2>P\u0159\u00edklady pozastaven\u00ed obchodov\u00e1n\u00ed<\/h2>\n<p>Pozastaven\u00ed obchodov\u00e1n\u00ed m\u016f\u017ee nastat, kdy\u017e dojde k drastick\u00e9mu pohybu na trz\u00edch v d\u016fsledku obav investor\u016f, \u017ee ur\u010dit\u00e9 faktory by mohly v\u00e9st k rozs\u00e1hl\u00fdm probl\u00e9m\u016fm a p\u0159\u00edpadn\u011b zp\u016fsobit zpomalen\u00ed trh\u016f. Zastaven\u00ed a pozastaven\u00ed obchodov\u00e1n\u00ed na burze m\u00e1 mnoho p\u0159\u00ed\u010din, jak je patrn\u00e9 z ned\u00e1vn\u00e9 historie.<\/p>\n<p><img loading=\"lazy\" decoding=\"async\" class=\"size-full wp-image-349135 aligncenter\" src=\"https:\/\/www.etoro.com\/wp-content\/uploads\/2022\/03\/22.09.2021_Trading_Disruptions_inability_to_close_positions_during_volatile_market_conditions_1024X342.jpg\" alt=\"\" width=\"1024\" height=\"342\" srcset=\"https:\/\/www.etoro.com\/wp-content\/uploads\/2022\/03\/22.09.2021_Trading_Disruptions_inability_to_close_positions_during_volatile_market_conditions_1024X342.jpg 1024w, https:\/\/www.etoro.com\/wp-content\/uploads\/2022\/03\/22.09.2021_Trading_Disruptions_inability_to_close_positions_during_volatile_market_conditions_1024X342-300x100.jpg 300w, https:\/\/www.etoro.com\/wp-content\/uploads\/2022\/03\/22.09.2021_Trading_Disruptions_inability_to_close_positions_during_volatile_market_conditions_1024X342-768x257.jpg 768w\" sizes=\"(max-width: 1024px) 100vw, 1024px\" \/><\/p>\n<p>Rok 2020 byl pro akciov\u00fd trh divok\u00fd kv\u016fli pandemii COVID-19 a jej\u00edmu glob\u00e1ln\u00edmu masivn\u00edmu dopadu. V b\u0159eznu toho roku Wall Street poprv\u00e9 od roku 2008 za\u017eila n\u011bco, co lze nazvat propadem, kdy\u017e t\u0159i hlavn\u00ed indexy utrp\u011bly obrovsk\u00e9 procentn\u00ed ztr\u00e1ty. Dne 16. b\u0159ezna 2020 kr\u00e1tce po otev\u0159en\u00ed trhu index SPX500 spadl o 7\u00a0%. V tu chv\u00edli zas\u00e1hly p\u0159eru\u0161ovac\u00ed mechanismy a obchodov\u00e1n\u00ed bylo p\u0159eru\u0161eno na 15 minut. Bylo to t\u0159et\u00ed zastaven\u00ed v tom t\u00fddnu. K p\u0159edchoz\u00edm do\u0161lo 9.\u00a0a 12.\u00a0b\u0159ezna.<\/p>\n<p>Zastaven\u00ed obchodov\u00e1n\u00ed na trz\u00edch mohou zp\u016fsobit tak\u00e9 technick\u00e9 probl\u00e9my, jak tomu bylo nap\u0159\u00edklad 8. \u010dervence 2015, kdy technick\u00e1 porucha zastavila obchodov\u00e1n\u00ed americk\u00e9 burzy New York Stock Exchange na n\u011bkolik hodin. Tak\u00e9 tragick\u00e9 ud\u00e1losti z 11. z\u00e1\u0159\u00ed 2001 vedly k zastaven\u00ed. Trhy tenkr\u00e1t z\u016fstaly zav\u0159en\u00e9 a\u017e do 17. z\u00e1\u0159\u00ed.<\/p>\n<h2>Pro\u010d se v\u00e1m nemus\u00ed poda\u0159it otev\u0159\u00edt nebo zav\u0159\u00edt pozici<\/h2>\n<h3>Nedostatek likvidity nebo nemo\u017enost p\u0159ij\u00edmat cenov\u00e9 nab\u00eddky od na\u0161ich poskytovatel\u016f likvidity<\/h3>\n<p>Aby u\u017eivatel mohl otev\u0159\u00edt nebo zav\u0159\u00edt obchod, mus\u00ed k tomu m\u00edt protistranu. To znamen\u00e1, \u017ee n\u011bkdo jin\u00fd mus\u00ed b\u00fdt ochoten nakoupit, co prod\u00e1v\u00e1te, nebo naopak. Pokud se protistranu nepoda\u0159\u00ed nal\u00e9zt nebo pokud na trhu nen\u00ed dostate\u010dn\u00e9 mno\u017estv\u00ed kupuj\u00edc\u00edch nebo prod\u00e1vaj\u00edc\u00edch, povede to k neschopnosti otev\u0159\u00edt nebo zav\u0159\u00edt obchod. Tento stav ozna\u010dujeme pojmem \u201enedostatek likvidity\u201c.<\/p>\n<h3>Akcie m\u016f\u017ee b\u00fdt zastavena burzou.<\/h3>\n<p>Burzy disponuj\u00ed zna\u010dnou pravomoc\u00ed, pokud se t\u00fdk\u00e1 zastaven\u00ed. Mohou zastavit obchodov\u00e1n\u00ed s konkr\u00e9tn\u00edmi akciemi, a to obvykle kv\u016fli jedn\u00e9 nebo v\u00edce z n\u00e1sleduj\u00edc\u00edch situac\u00ed:<\/p>\n<ul>\n<li aria-level=\"1\">Extr\u00e9mn\u00ed volatilita: Obchodov\u00e1n\u00ed s akciemi lze zastavit kv\u016fli nepravidelnostem v\u00a0obchodov\u00e1n\u00ed, kter\u00e9 chce burza pro\u0161et\u0159it.<\/li>\n<li aria-level=\"1\">N\u00edzk\u00e1 likvidita: Obchodov\u00e1n\u00ed s akciemi lze zastavit kv\u016fli \u017e\u00e1dn\u00e9 nebo n\u00edzk\u00e9 likvidit\u011b.<\/li>\n<li aria-level=\"1\">Zpravodajsk\u00e9 ud\u00e1losti: Obchodov\u00e1n\u00ed s akciemi lze zastavit na z\u00e1klad\u011b pr\u00e1v\u011b zve\u0159ejn\u011bn\u00fdch zpr\u00e1v. Pokud je nap\u0159\u00edklad vyd\u00e1na zpr\u00e1va t\u00fdkaj\u00edc\u00ed se ur\u010dit\u00e9 akcie, burza m\u016f\u017ee obchodov\u00e1n\u00ed s touto akci\u00ed na n\u011bkolik minut zastavit a poskytnout tak investor\u016fm \u010das na adekv\u00e1tn\u00ed reakci.<\/li>\n<\/ul>\n<h3>Nemo\u017enost otev\u0159\u00edt pozice PRODEJ, proto\u017ee aktivum nelze vyp\u016fj\u010dit<\/h3>\n<p><a href=\"https:\/\/www.etoro.com\/cs-cz\/trading\/buy-sell-and-close-position\/\">Prodej na kr\u00e1tko<\/a> nast\u00e1v\u00e1, kdy\u017e si investor vyp\u016fj\u010d\u00ed akcii a prod\u00e1 ji se z\u00e1m\u011brem pozd\u011bji tuto akcii koupit zp\u011bt za ni\u017e\u0161\u00ed cenu. Nevyp\u016fj\u010diteln\u00e1 akcie je akcie, kterou nelze p\u016fj\u010dit prodejc\u016fm na kr\u00e1tko, k \u010demu\u017e m\u016f\u017ee doj\u00edt v p\u0159\u00edpad\u011b, \u017ee nikdo nen\u00ed ochotn\u00fd akcii p\u016fj\u010dit. Kdy\u017e je n\u011bjak\u00e1 akcie nevyp\u016fj\u010diteln\u00e1, nebude na platform\u011b eToro k dispozici mo\u017enost prodeje odpov\u00eddaj\u00edc\u00edho aktiva.<\/p>\n<h3>Extr\u00e9mn\u00ed volatilita r\u016fzn\u00fdch t\u0159\u00edd aktiv<\/h3>\n<p>Akcie a indexy nejsou jedin\u00e9 t\u0159\u00eddy aktiv dostupn\u00e9 na platform\u011b eToro \u2013 nab\u00edz\u00edme rovn\u011b\u017e kryptoaktiva, m\u011bnov\u00e9 p\u00e1ry, komodity a\u00a0ETF. Platforma eToro pou\u017e\u00edv\u00e1 u v\u0161ech t\u0159\u00edd aktiv vlastn\u00ed p\u0159eru\u0161ovac\u00ed mechanismy. Kdy\u017e u n\u011bkter\u00e9ho aktiva zjist\u00edme extr\u00e9mn\u00ed volatilitu, m\u016f\u017ee doj\u00edt k\u00a0z\u00e1sahu p\u0159eru\u0161ovac\u00edch mechanism\u016f a\u00a0do\u010dasn\u00e9 nemo\u017enosti otev\u0159\u00edt nebo zav\u0159\u00edt pozice.<\/p>\n<h3>P\u0159eru\u0161ovac\u00ed mechanismy na platform\u011b eToro<\/h3>\n<p>Platforma eToro m\u00e1 zaveden\u00e9 bezpe\u010dnostn\u00ed mechanismy. Naz\u00fdvaj\u00ed se p\u0159eru\u0161ovac\u00ed mechanismy a funguj\u00ed jako bezpe\u010dnostn\u00ed opat\u0159en\u00ed ur\u010den\u00e1 k zastaven\u00ed obchodov\u00e1n\u00ed v neobvykl\u00fdch situac\u00edch. Na platform\u011b eToro se aktivuj\u00ed za n\u00e1sleduj\u00edc\u00edch okolnost\u00ed:<\/p>\n<ul>\n<li aria-level=\"1\">P\u0159eru\u0161ovac\u00ed mechanismus zas\u00e1hne poka\u017ed\u00e9, kdy\u017e je spread p\u0159\u00edli\u0161 \u0161irok\u00fd.\u00a0To znamen\u00e1, \u017ee kdykoliv je rozd\u00edl mezi popt\u00e1vkov\u00fdmi cenami a nab\u00eddkou aktiva p\u0159\u00edli\u0161 velk\u00fd, tj. v p\u0159\u00edpad\u011b nadm\u011brn\u00e9ho spreadu, vznik\u00e1 p\u0159\u00ed\u010dina pro zastaven\u00ed obchodov\u00e1n\u00ed.<\/li>\n<li aria-level=\"1\">Bezpe\u010dnostn\u00ed p\u0159eru\u0161ovac\u00ed mechanismy mohou b\u00fdt tak\u00e9 aktivov\u00e1ny technick\u00fdmi probl\u00e9my.<\/li>\n<\/ul>\n<h2>Chcete se dozv\u011bd\u011bt v\u00edce?<\/h2>\n<p>Pokud si st\u00e1le nejste jisti, co m\u016f\u017eete d\u011blat b\u011bhem t\u011bchto ud\u00e1lost\u00ed, nebo pokud m\u00e1te jak\u00e9koliv dotazy t\u00fdkaj\u00edc\u00ed se konkr\u00e9tn\u00edho zastaven\u00ed obchodov\u00e1n\u00ed v re\u00e1ln\u00e9m \u010dase, pros\u00edm <a href=\"https:\/\/www.etoro.com\/customer-service\/\">kontaktujte n\u00e1s<\/a>.<\/p>\n\n\t\t<style>\n\t\t\t.rtl .etoro-block-shortcode-disclaimer {\n\t\t\t\ttext-align:right;\n\t\t\t}\n\t\t\t.etoro-block-shortcode-disclaimer {\n\t\t\t\tmargin-bottom:18px;\n\t\t\t\ttext-align:left;\n\t\t\t}\n\t\t\t.etoro-block-shortcode-disclaimer p{\n\t\t\t\tfont-size: 12px;\n\t\t\t\tline-height: 18px;\n\t\t\t}\n\t\t\t@media (min-width: 768px) {\n\t\t\t\t.etoro-block-shortcode-disclaimer {\n\t\t\t\t\tmax-width:1176px;\n\t\t\t\t\ttext-align:center;\n\t\t\t\t}\n\t\t\t\t.etoro-block-shortcode-disclaimer p {\n\t\t\t\t\tfont-size: 14px;\n\t\t\t\t\tline-height: 20px;\n\t\t\t\t}\n\t\t\t}\n\t\t<\/style>\n\t\t<div class='etoro-block-shortcode-disclaimer'><p>Tyto informace slou\u017e\u00ed pouze pro vzd\u011bl\u00e1vac\u00ed \u00fa\u010dely a nelze je pova\u017eovat za investi\u010dn\u00ed poradenstv\u00ed, osobn\u00ed doporu\u010den\u00ed, nab\u00eddku nebo v\u00fdzvu k n\u00e1kupu \u010di prodeji jak\u00fdchkoli finan\u010dn\u00edch n\u00e1stroj\u016f.<\/p>\n<p>Tento materi\u00e1l byl p\u0159ipraven bez ohledu na konkr\u00e9tn\u00ed investi\u010dn\u00ed c\u00edle nebo finan\u010dn\u00ed situaci a nebyl p\u0159ipraven v souladu s pr\u00e1vn\u00edmi a regula\u010dn\u00edmi po\u017eadavky na podporu nez\u00e1visl\u00e9ho v\u00fdzkumu.<\/p>\n<p><strong>Ne v\u0161echny zmi\u0148ovan\u00e9 finan\u010dn\u00ed n\u00e1stroje a slu\u017eby jsou nab\u00edzeny na eToro<\/strong> a jak\u00e9koli odkazy na minulou v\u00fdkonnost finan\u010dn\u00edho n\u00e1stroje, indexu nebo investi\u010dn\u00edho produktu nejsou a nem\u011bly by b\u00fdt pova\u017eov\u00e1ny za spolehliv\u00fd ukazatel budouc\u00edch v\u00fdsledk\u016f. <strong>Dostupnost v\u0161ech v\u00fd\u0161e uveden\u00fdch produkt\u016f a slu\u017eeb se m\u016f\u017ee li\u0161it v z\u00e1vislosti na jurisdikci a zemi.<\/strong><\/p>\n<p>eToro nezaru\u010duje p\u0159esnost ani \u00faplnost obsahu tohoto pr\u016fvodce a nep\u0159eb\u00edr\u00e1 v tomto ohledu \u017e\u00e1dnou odpov\u011bdnost. P\u0159ed vlo\u017een\u00edm kapit\u00e1lu se ujist\u011bte, \u017ee rozum\u00edte rizik\u016fm spojen\u00fdm s obchodov\u00e1n\u00edm. Nikdy neriskujte v\u00edce, ne\u017e jste p\u0159ipraveni ztratit.<\/p>\n<\/div>\n","protected":false},"excerpt":{"rendered":"<p>Pozastaven\u00ed obchodov\u00e1n\u00ed: Co znamenaj\u00ed, co je zp\u016fsobuje a jak\u00fd maj\u00ed dopad na va\u0161e aktivity na platform\u011b eToro U\u017e v\u00edce ne\u017e jednu dek\u00e1du je platforma eToro st\u0159edobodem fintechov\u00e9 revoluce. Tato platforma s\u00a0v\u00edce ne\u017e 25 miliony registrovan\u00fdch u\u017eivatel\u016f stoj\u00ed v\u00a0\u010dele celosv\u011btov\u00e9 s\u00edt\u011b soci\u00e1ln\u00edho investov\u00e1n\u00ed. Na platform\u011b eToro na\u0161im u\u017eivatel\u016fm nab\u00edz\u00edme bohatou \u0161k\u00e1lu aktiv pro obchodov\u00e1n\u00ed i\u00a0investov\u00e1n\u00ed. I&hellip;<\/p>\n","protected":false},"author":39,"featured_media":592282,"parent":20057,"menu_order":0,"comment_status":"closed","ping_status":"closed","template":"","meta":{"_acf_changed":false,"inline_featured_image":false,"sticky_cta_settings":"","footnotes":""},"asset_type":[],"class_list":["post-351625","page","type-page","status-publish","has-post-thumbnail","hentry"],"acf":[],"yoast_head":"<title>Co jsou pozastaven\u00ed? | eToro<\/title>\n<meta name=\"description\" content=\"K pozastaven\u00ed obchodov\u00e1n\u00ed m\u016f\u017ee doj\u00edt z n\u011bkolika p\u0159\u00ed\u010din. P\u0159e\u010dt\u011bte si o t\u011bchto pozastaven\u00edch, co je zp\u016fsobuje, jak\u00fd maj\u00ed dopad a jak jsou \u0159e\u0161eny.\" \/>\n<meta name=\"robots\" content=\"index, follow, max-snippet:-1, max-image-preview:large, max-video-preview:-1\" \/>\n<link rel=\"canonical\" href=\"https:\/\/www.etoro.com\/cs-cz\/wp-json\/wp\/v2\/pages\/351625\" \/>\n<meta property=\"og:locale\" content=\"cs_CZ\" \/>\n<meta property=\"og:type\" content=\"article\" \/>\n<meta property=\"og:title\" content=\"Co jsou pozastaven\u00ed? | eToro\" \/>\n<meta property=\"og:description\" content=\"K pozastaven\u00ed obchodov\u00e1n\u00ed m\u016f\u017ee doj\u00edt z n\u011bkolika p\u0159\u00ed\u010din. P\u0159e\u010dt\u011bte si o t\u011bchto pozastaven\u00edch, co je zp\u016fsobuje, jak\u00fd maj\u00ed dopad a jak jsou \u0159e\u0161eny.\" \/>\n<meta property=\"og:url\" content=\"https:\/\/www.etoro.com\/cs-cz\/wp-json\/wp\/v2\/pages\/351625\" \/>\n<meta property=\"og:site_name\" content=\"eToro\" \/>\n<meta property=\"article:publisher\" content=\"https:\/\/www.facebook.com\/eToro\/\" \/>\n<meta property=\"article:modified_time\" content=\"2024-08-12T13:28:36+00:00\" \/>\n<meta property=\"og:image\" content=\"https:\/\/www.etoro.com\/wp-content\/uploads\/2023\/05\/Social-Guide-Trading.png\" \/>\n\t<meta property=\"og:image:width\" content=\"1200\" \/>\n\t<meta property=\"og:image:height\" content=\"630\" \/>\n\t<meta property=\"og:image:type\" content=\"image\/png\" \/>\n<meta name=\"twitter:card\" content=\"summary_large_image\" \/>\n<meta name=\"twitter:site\" content=\"@eToro\" \/>\n<meta name=\"twitter:label1\" content=\"Est. reading time\" \/>\n\t<meta name=\"twitter:data1\" content=\"4 minutes\" \/>\n<script type=\"application\/ld+json\" class=\"yoast-schema-graph\">{\"@context\":\"https:\/\/schema.org\",\"@graph\":[{\"@type\":\"WebPage\",\"@id\":\"https:\/\/www.etoro.com\/cs-cz\/trading\/disruptions\/\",\"url\":\"https:\/\/www.etoro.com\/cs-cz\/trading\/disruptions\/\",\"name\":\"Co jsou pozastaven\u00ed? | eToro\",\"isPartOf\":{\"@id\":\"https:\/\/www.etoro.com\/cs-cz\/#website\"},\"primaryImageOfPage\":{\"@id\":\"https:\/\/www.etoro.com\/cs-cz\/trading\/disruptions\/#primaryimage\"},\"image\":{\"@id\":\"https:\/\/www.etoro.com\/cs-cz\/trading\/disruptions\/#primaryimage\"},\"thumbnailUrl\":\"https:\/\/www.etoro.com\/wp-content\/uploads\/2023\/05\/Social-Guide-Trading.png\",\"datePublished\":\"2022-03-27T10:52:22+00:00\",\"dateModified\":\"2024-08-12T13:28:36+00:00\",\"description\":\"K pozastaven\u00ed obchodov\u00e1n\u00ed m\u016f\u017ee doj\u00edt z n\u011bkolika p\u0159\u00ed\u010din. P\u0159e\u010dt\u011bte si o t\u011bchto pozastaven\u00edch, co je zp\u016fsobuje, jak\u00fd maj\u00ed dopad a jak jsou \u0159e\u0161eny.\",\"breadcrumb\":{\"@id\":\"https:\/\/www.etoro.com\/cs-cz\/trading\/disruptions\/#breadcrumb\"},\"inLanguage\":\"cs\",\"potentialAction\":[{\"@type\":\"ReadAction\",\"target\":[\"https:\/\/www.etoro.com\/cs-cz\/trading\/disruptions\/\"]}]},{\"@type\":\"ImageObject\",\"inLanguage\":\"cs\",\"@id\":\"https:\/\/www.etoro.com\/cs-cz\/trading\/disruptions\/#primaryimage\",\"url\":\"https:\/\/www.etoro.com\/wp-content\/uploads\/2023\/05\/Social-Guide-Trading.png\",\"contentUrl\":\"https:\/\/www.etoro.com\/wp-content\/uploads\/2023\/05\/Social-Guide-Trading.png\",\"width\":1200,\"height\":630,\"caption\":\"Social Guide\"},{\"@type\":\"BreadcrumbList\",\"@id\":\"https:\/\/www.etoro.com\/cs-cz\/trading\/disruptions\/#breadcrumb\",\"itemListElement\":[{\"@type\":\"ListItem\",\"position\":1,\"name\":\"Dom\u016f\",\"item\":\"https:\/\/www.etoro.com\/cs-cz\/\"},{\"@type\":\"ListItem\",\"position\":2,\"name\":\"OBCHODOV\u00c1N\u00cd\",\"item\":\"https:\/\/www.etoro.com\/cs-cz\/trading\/\"},{\"@type\":\"ListItem\",\"position\":3,\"name\":\"Pozastaven\u00ed obchodov\u00e1n\u00ed\"}]},{\"@type\":\"WebSite\",\"@id\":\"https:\/\/www.etoro.com\/cs-cz\/#website\",\"url\":\"https:\/\/www.etoro.com\/cs-cz\/\",\"name\":\"eToro\",\"description\":\"\",\"publisher\":{\"@id\":\"https:\/\/www.etoro.com\/cs-cz\/#organization\"},\"potentialAction\":[{\"@type\":\"SearchAction\",\"target\":{\"@type\":\"EntryPoint\",\"urlTemplate\":\"https:\/\/www.etoro.com\/cs-cz\/?s={search_term_string}\"},\"query-input\":{\"@type\":\"PropertyValueSpecification\",\"valueRequired\":true,\"valueName\":\"search_term_string\"}}],\"inLanguage\":\"cs\"},[]]}<\/script>","yoast_head_json":{"title":"Co jsou pozastaven\u00ed? | eToro","description":"K pozastaven\u00ed obchodov\u00e1n\u00ed m\u016f\u017ee doj\u00edt z n\u011bkolika p\u0159\u00ed\u010din. P\u0159e\u010dt\u011bte si o t\u011bchto pozastaven\u00edch, co je zp\u016fsobuje, jak\u00fd maj\u00ed dopad a jak jsou \u0159e\u0161eny.","robots":{"index":"index","follow":"follow","max-snippet":"max-snippet:-1","max-image-preview":"max-image-preview:large","max-video-preview":"max-video-preview:-1"},"canonical":"https:\/\/www.etoro.com\/cs-cz\/wp-json\/wp\/v2\/pages\/351625","og_locale":"cs_CZ","og_type":"article","og_title":"Co jsou pozastaven\u00ed? | eToro","og_description":"K pozastaven\u00ed obchodov\u00e1n\u00ed m\u016f\u017ee doj\u00edt z n\u011bkolika p\u0159\u00ed\u010din. P\u0159e\u010dt\u011bte si o t\u011bchto pozastaven\u00edch, co je zp\u016fsobuje, jak\u00fd maj\u00ed dopad a jak jsou \u0159e\u0161eny.","og_url":"https:\/\/www.etoro.com\/cs-cz\/wp-json\/wp\/v2\/pages\/351625","og_site_name":"eToro","article_publisher":"https:\/\/www.facebook.com\/eToro\/","article_modified_time":"2024-08-12T13:28:36+00:00","og_image":[{"width":1200,"height":630,"url":"https:\/\/www.etoro.com\/wp-content\/uploads\/2023\/05\/Social-Guide-Trading.png","type":"image\/png"}],"twitter_card":"summary_large_image","twitter_site":"@eToro","twitter_misc":{"Est. reading time":"4 minutes"},"schema":{"@context":"https:\/\/schema.org","@graph":[{"@type":"WebPage","@id":"https:\/\/www.etoro.com\/cs-cz\/trading\/disruptions\/","url":"https:\/\/www.etoro.com\/cs-cz\/trading\/disruptions\/","name":"Co jsou pozastaven\u00ed? | eToro","isPartOf":{"@id":"https:\/\/www.etoro.com\/cs-cz\/#website"},"primaryImageOfPage":{"@id":"https:\/\/www.etoro.com\/cs-cz\/trading\/disruptions\/#primaryimage"},"image":{"@id":"https:\/\/www.etoro.com\/cs-cz\/trading\/disruptions\/#primaryimage"},"thumbnailUrl":"https:\/\/www.etoro.com\/wp-content\/uploads\/2023\/05\/Social-Guide-Trading.png","datePublished":"2022-03-27T10:52:22+00:00","dateModified":"2024-08-12T13:28:36+00:00","description":"K pozastaven\u00ed obchodov\u00e1n\u00ed m\u016f\u017ee doj\u00edt z n\u011bkolika p\u0159\u00ed\u010din. P\u0159e\u010dt\u011bte si o t\u011bchto pozastaven\u00edch, co je zp\u016fsobuje, jak\u00fd maj\u00ed dopad a jak jsou \u0159e\u0161eny.","breadcrumb":{"@id":"https:\/\/www.etoro.com\/cs-cz\/trading\/disruptions\/#breadcrumb"},"inLanguage":"cs","potentialAction":[{"@type":"ReadAction","target":["https:\/\/www.etoro.com\/cs-cz\/trading\/disruptions\/"]}]},{"@type":"ImageObject","inLanguage":"cs","@id":"https:\/\/www.etoro.com\/cs-cz\/trading\/disruptions\/#primaryimage","url":"https:\/\/www.etoro.com\/wp-content\/uploads\/2023\/05\/Social-Guide-Trading.png","contentUrl":"https:\/\/www.etoro.com\/wp-content\/uploads\/2023\/05\/Social-Guide-Trading.png","width":1200,"height":630,"caption":"Social Guide"},{"@type":"BreadcrumbList","@id":"https:\/\/www.etoro.com\/cs-cz\/trading\/disruptions\/#breadcrumb","itemListElement":[{"@type":"ListItem","position":1,"name":"Dom\u016f","item":"https:\/\/www.etoro.com\/cs-cz\/"},{"@type":"ListItem","position":2,"name":"OBCHODOV\u00c1N\u00cd","item":"https:\/\/www.etoro.com\/cs-cz\/trading\/"},{"@type":"ListItem","position":3,"name":"Pozastaven\u00ed obchodov\u00e1n\u00ed"}]},{"@type":"WebSite","@id":"https:\/\/www.etoro.com\/cs-cz\/#website","url":"https:\/\/www.etoro.com\/cs-cz\/","name":"eToro","description":"","publisher":{"@id":"https:\/\/www.etoro.com\/cs-cz\/#organization"},"potentialAction":[{"@type":"SearchAction","target":{"@type":"EntryPoint","urlTemplate":"https:\/\/www.etoro.com\/cs-cz\/?s={search_term_string}"},"query-input":{"@type":"PropertyValueSpecification","valueRequired":true,"valueName":"search_term_string"}}],"inLanguage":"cs"},[]]}},"_links":{"self":[{"href":"https:\/\/www.etoro.com\/cs-cz\/wp-json\/wp\/v2\/pages\/351625"}],"collection":[{"href":"https:\/\/www.etoro.com\/cs-cz\/wp-json\/wp\/v2\/pages"}],"about":[{"href":"https:\/\/www.etoro.com\/cs-cz\/wp-json\/wp\/v2\/types\/page"}],"author":[{"embeddable":true,"href":"https:\/\/www.etoro.com\/cs-cz\/wp-json\/wp\/v2\/users\/39"}],"replies":[{"embeddable":true,"href":"https:\/\/www.etoro.com\/cs-cz\/wp-json\/wp\/v2\/comments?post=351625"}],"version-history":[{"count":0,"href":"https:\/\/www.etoro.com\/cs-cz\/wp-json\/wp\/v2\/pages\/351625\/revisions"}],"up":[{"embeddable":true,"href":"https:\/\/www.etoro.com\/cs-cz\/wp-json\/wp\/v2\/pages\/20057"}],"wp:featuredmedia":[{"embeddable":true,"href":"https:\/\/www.etoro.com\/cs-cz\/wp-json\/wp\/v2\/media\/592282"}],"wp:attachment":[{"href":"https:\/\/www.etoro.com\/cs-cz\/wp-json\/wp\/v2\/media?parent=351625"}],"wp:term":[{"taxonomy":"asset_type","embeddable":true,"href":"https:\/\/www.etoro.com\/cs-cz\/wp-json\/wp\/v2\/asset_type?post=351625"}],"curies":[{"name":"wp","href":"https:\/\/api.w.org\/{rel}","templated":true}]}}