{"id":427099,"date":"2022-04-21T14:25:38","date_gmt":"2022-04-21T11:25:38","guid":{"rendered":"https:\/\/www.etoro.com\/?page_id=427099"},"modified":"2025-08-20T15:14:44","modified_gmt":"2025-08-20T12:14:44","slug":"reviews","status":"publish","type":"page","link":"https:\/\/www.etoro.com\/cs-cz\/about\/reviews\/","title":{"rendered":"eToro Reviews"},"content":{"rendered":"\n<div class=\"wp-block-etoro-half-cover has-white-background-color\">\n<div class=\"wp-block-etoro-half-cover-left\"><p id=\"breadcrumbs\" class=\"gray-dark\"><span><span><a href=\"https:\/\/www.etoro.com\/cs-cz\/\">Dom\u016f<\/a><\/span><\/span><\/p>\n<h1 class=\"wp-block-heading is-style-banner-title\">eToro <strong style=\"display: inline !important;\">Recenze<\/strong><\/h1>\n\n\n\n<p>P\u0159e\u010dt\u011bte si tis\u00edce recenz\u00ed na eToro od skute\u010dn\u00fdch u\u017eivatel\u016f<\/p>\n<\/div>\n\n\n\n<div class=\"wp-block-etoro-half-cover-right\">\n<img decoding=\"async\" src=\"https:\/\/www.etoro.com\/wp-content\/uploads\/2025\/08\/eToro-Reviews_main.png\" alt=\"\" class=\"wp-block-etoro-half-cover-media\"\/><img decoding=\"async\" src=\"https:\/\/www.etoro.com\/wp-content\/uploads\/2025\/08\/eToro-Reviews_desktop.png\" alt=\"\" class=\"wp-block-etoro-half-cover-media-desktop\"\/><img decoding=\"async\" src=\"https:\/\/www.etoro.com\/wp-content\/uploads\/2025\/08\/eToro-Reviews_tablet.png\" alt=\"\" class=\"wp-block-etoro-half-cover-media-tablet\"\/><img decoding=\"async\" src=\"https:\/\/www.etoro.com\/wp-content\/uploads\/2025\/08\/eToro-Reviews_mobile.png\" alt=\"\" class=\"wp-block-etoro-half-cover-media-mobile\"\/>\n<\/div>\n<\/div>\n\n\n\n<section class=\"wp-block-group wp-block-group-boxed\"><div class=\"wp-block-group-inner is-layout-flow wp-block-group-is-layout-flow\">\n<div class=\"wp-block-columns are-vertically-aligned-top wp-block-columns-1 wp-block-columns-size-14 is-layout-flex wp-container-core-columns-is-layout-1 wp-block-columns-is-layout-flex\">\n<div class=\"wp-block-column is-layout-flow wp-block-column-is-layout-flow\">\n<p class=\"has-text-align-center\">eToro je nejv\u011bt\u0161\u00ed sv\u011btovou soci\u00e1ln\u00ed investi\u010dn\u00ed komunitou a obl\u00edben\u00e9, d\u016fv\u011bryhodn\u00e9 investi\u010dn\u00ed \u0159e\u0161en\u00ed pro miliony lid\u00ed na cel\u00e9m sv\u011bt\u011b.<\/p>\n\n\n\n<p class=\"has-text-align-center\">Komunita je jednou ze z\u00e1kladn\u00edch hodnot eToro. D\u00edky funkc\u00edm&nbsp;<a href=\"https:\/\/www.etoro.com\/cs-cz\/trading\/social\/\">soci\u00e1ln\u00edho investov\u00e1n\u00ed<\/a>, intuitivn\u00edmu a bezpe\u010dn\u00e9mu rozhran\u00ed, pokro\u010dil\u00fdm n\u00e1stroj\u016fm zalo\u017een\u00fdm na moudrosti davu, \u010detn\u00fdm mo\u017enostem obchodov\u00e1n\u00ed a investov\u00e1n\u00ed a neust\u00e1l\u00fdm konverzac\u00edm na Informa\u010dn\u00edm kan\u00e1lu eToro, n\u00e1m na\u0161i u\u017eivatel\u00e9 r\u00e1di d\u00e1vaj\u00ed skv\u011bl\u00e9 recenze a doporu\u010duj\u00ed n\u00e1s sv\u00fdm zn\u00e1m\u00fdm.<\/p>\n<\/div>\n<\/div>\n<\/div><\/section>\n\n\n\n<section class=\"wp-block-group wp-block-group-boxed has-white-background-color has-background\"><div class=\"wp-block-group-inner is-layout-flow wp-block-group-is-layout-flow\">\n<div class=\"wp-block-columns are-vertically-aligned-top wp-block-columns-2 is-layout-flex wp-container-core-columns-is-layout-2 wp-block-columns-is-layout-flex\">\n<div class=\"wp-block-column is-layout-flow wp-block-column-is-layout-flow\">\n<figure class=\"wp-block-image size-full\"><img loading=\"lazy\" decoding=\"async\" width=\"619\" height=\"464\" src=\"https:\/\/www.etoro.com\/wp-content\/uploads\/2025\/08\/How-do-we-maintain-our-reputation.png\" alt=\"How do we maintain our reputation\" class=\"wp-image-1122092 wp-image-desktop\" srcset=\"https:\/\/www.etoro.com\/wp-content\/uploads\/2025\/08\/How-do-we-maintain-our-reputation.png 619w, https:\/\/www.etoro.com\/wp-content\/uploads\/2025\/08\/How-do-we-maintain-our-reputation-300x225.png 300w\" sizes=\"(max-width: 619px) 100vw, 619px\" \/><\/figure>\n<\/div>\n\n\n\n<div class=\"wp-block-column is-layout-flow wp-block-column-is-layout-flow\">\n<h2 class=\"wp-block-heading\"><strong>Jak si udr\u017eujeme<b class=\"wp-etoro-format-colored-green\"> reputaci?<\/b><\/strong><\/h2>\n\n\n\n<p>eToro si udr\u017euje svou vynikaj\u00edc\u00ed pov\u011bst t\u00edm, \u017ee klade velk\u00fd d\u016fraz na transparentnost, bezpe\u010dnost, regulaci a pr\u016fb\u011b\u017enou komunikaci s klienty. V\u00edce o d\u016fvodech, pro\u010d obchodovat a investovat na eToro, se dozv\u00edte na str\u00e1nce\u00a0<a href=\"https:\/\/www.etoro.com\/cs-cz\/about\/why-choose-us\/\">Pro\u010d si vybrat n\u00e1s<\/a>\u00a0a v\u00edce o historii a sou\u010dasn\u00e9m fungov\u00e1n\u00ed spole\u010dnosti zjist\u00edte na str\u00e1nce\u00a0<a href=\"https:\/\/www.etoro.com\/cs-cz\/about\/\">O n\u00e1s<\/a>.<\/p>\n\n\n\n<div class=\"wp-block-buttons is-layout-flex wp-block-buttons-is-layout-flex\">\n<a class=\"e-cta e-cta-primary\" href=\"https:\/\/www.etoro.com\/cs-cz\/accounts\/sign-up\">P\u0159ipojte se k eToro<\/a>\n<\/div>\n<\/div>\n<\/div>\n<\/div><\/section>\n\n\n\n<section class=\"wp-block-group wp-block-group-boxed\"><div class=\"wp-block-group-inner is-layout-flow wp-block-group-is-layout-flow\">\n<h2 class=\"wp-block-heading has-text-align-center\"><strong>Recenze u\u017eivatel\u016f<b class=\"wp-etoro-format-colored-green\"> eToro<\/b><\/strong><\/h2>\n\n\n\n\t<!-- TrustBox widget - Grid -->\n\t<div class=\"trustpilot-widget\"\n\t     data-locale=\"cs\"\n\t     data-template-id=\"539adbd6dec7e10e686debee\"\n\t     data-businessunit-id=\"4aa6d5d3000064000504b834\"\n\t     data-style-width=\"100%\"\n\t     data-style-height=\"500px\"\n\t     data-theme=\"light\"\n\t     data-stars=\"3,4,5\"\n\t     data-review-languages=\"cs\">\n\t\t<a href=\"https:\/\/uk.trustpilot.com\/review\/www.etoro.com\" target=\"_blank\" rel=\"noopener\">Trustpilot<\/a>\n\t<\/div>\n\t<!-- End TrustBox widget -->\n\n\t\n<\/div><\/section>\n\n\n\n<section class=\"wp-block-group wp-block-group-boxed has-white-background-color has-background\"><div class=\"wp-block-group-inner is-layout-flow wp-block-group-is-layout-flow\">\n<p class=\"has-text-align-center\">eToro je dostun\u00e9 na mnoha za\u0159\u00edzen\u00edch.<br>Pod\u00edvejte se, co o na\u0161ich mobiln\u00edch aplikac\u00edch \u0159\u00edkaj\u00ed u\u017eivatel\u00e9 Androidu a iOS.<\/p>\n\n\n\n<div class=\"wp-block-columns are-vertically-aligned-top wp-block-columns-1 is-layout-flex wp-container-core-columns-is-layout-3 wp-block-columns-is-layout-flex\">\n\n<div class=\"wp-block-column is-layout-flow wp-block-column-is-layout-flow\"><\/div>\n\n<\/div>\n<script src=\"https:\/\/apps.elfsight.com\/p\/platform.js\" defer><\/script>\n<div class=\"elfsight-app-4f377533-ded5-4386-8568-246a3b72ec96\"><\/div>\n<\/div><\/section>\n\n\n\n<section class=\"wp-block-group wp-block-group-boxed\"><div class=\"wp-block-group-inner is-layout-flow wp-block-group-is-layout-flow\">\n<h2 class=\"wp-block-heading has-text-align-center\"><strong>Spravujte sv\u00e9 investice snadno pomoc\u00ed <b class=\"wp-etoro-format-colored-green\">aplikace eToro.<\/b><\/strong><\/h2>\n\n\n\n<p class=\"has-text-align-center hide-on-mobile hide-on-tablet\">Naskenujte k\u00f3d<\/p>\n\n\n\n<figure class=\"wp-block-image aligncenter size-full hide-on-mobile hide-on-tablet\"><img loading=\"lazy\" decoding=\"async\" width=\"634\" height=\"457\" src=\"https:\/\/www.etoro.com\/wp-content\/uploads\/2025\/08\/using-the-eToro-app.png\" alt=\"\" class=\"wp-image-1122149 wp-image-desktop\" srcset=\"https:\/\/www.etoro.com\/wp-content\/uploads\/2025\/08\/using-the-eToro-app.png 634w, https:\/\/www.etoro.com\/wp-content\/uploads\/2025\/08\/using-the-eToro-app-300x216.png 300w\" sizes=\"(max-width: 634px) 100vw, 634px\" \/><\/figure>\n\n\n\n<p class=\"has-text-align-center hide-on-desktop\">St\u00e1hn\u011bte si aplikaci nyn\u00ed:<\/p>\n\n\n\n<div class=\"wp-block-columns are-vertically-aligned-top wp-block-columns-2 is-layout-flex wp-container-core-columns-is-layout-4 wp-block-columns-is-layout-flex\">\n<div class=\"wp-block-column is-layout-flow wp-block-column-is-layout-flow\">\n<figure class=\"wp-block-image aligncenter size-full hide-on-desktop\"><a href=\"https:\/\/etoro.onelink.me\/2615279504?af_js_web=true&amp;af_ss_ver=2_9_3&amp;pid=utm_medium&amp;af_ss_ui=true&amp;af_click_lookback=60d\" rel=\"nofollow noopener noreferrer\" ><img loading=\"lazy\" decoding=\"async\" width=\"153\" height=\"45\" src=\"https:\/\/www.etoro.com\/wp-content\/uploads\/2025\/08\/App-Store-eng.png\" alt=\"\" class=\"wp-image-1122177 wp-image-desktop\" srcset=\"https:\/\/www.etoro.com\/wp-content\/uploads\/2025\/08\/App-Store-eng.png 153w, https:\/\/www.etoro.com\/wp-content\/uploads\/2025\/08\/App-Store-eng-150x45.png 150w\" sizes=\"(max-width: 153px) 100vw, 153px\" \/><\/a><\/figure>\n<\/div>\n\n\n\n<div class=\"wp-block-column is-layout-flow wp-block-column-is-layout-flow\">\n<figure class=\"wp-block-image aligncenter size-full hide-on-desktop\"><img loading=\"lazy\" decoding=\"async\" width=\"153\" height=\"45\" src=\"https:\/\/www.etoro.com\/wp-content\/uploads\/2025\/08\/Google-Play-eng.png\" alt=\"\" class=\"wp-image-1122203 wp-image-desktop\" srcset=\"https:\/\/www.etoro.com\/wp-content\/uploads\/2025\/08\/Google-Play-eng.png 153w, https:\/\/www.etoro.com\/wp-content\/uploads\/2025\/08\/Google-Play-eng-150x45.png 150w\" sizes=\"(max-width: 153px) 100vw, 153px\" \/><\/figure>\n<\/div>\n<\/div>\n<\/div><\/section>\n","protected":false},"excerpt":{"rendered":"<p>eToro je nejv\u011bt\u0161\u00ed sv\u011btovou soci\u00e1ln\u00ed investi\u010dn\u00ed komunitou a obl\u00edben\u00e9, d\u016fv\u011bryhodn\u00e9 investi\u010dn\u00ed \u0159e\u0161en\u00ed pro miliony lid\u00ed na cel\u00e9m sv\u011bt\u011b. Komunita je jednou ze z\u00e1kladn\u00edch hodnot eToro. D\u00edky funkc\u00edm&nbsp;soci\u00e1ln\u00edho investov\u00e1n\u00ed, intuitivn\u00edmu a bezpe\u010dn\u00e9mu rozhran\u00ed, pokro\u010dil\u00fdm n\u00e1stroj\u016fm zalo\u017een\u00fdm na moudrosti davu, \u010detn\u00fdm mo\u017enostem obchodov\u00e1n\u00ed a investov\u00e1n\u00ed a neust\u00e1l\u00fdm konverzac\u00edm na Informa\u010dn\u00edm kan\u00e1lu eToro, n\u00e1m na\u0161i u\u017eivatel\u00e9 r\u00e1di d\u00e1vaj\u00ed&hellip;<\/p>\n","protected":false},"author":95,"featured_media":1122125,"parent":20051,"menu_order":0,"comment_status":"closed","ping_status":"closed","template":"","meta":{"_acf_changed":true,"inline_featured_image":false,"sticky_cta_settings":"","footnotes":""},"asset_type":[],"class_list":["post-427099","page","type-page","status-publish","has-post-thumbnail","hentry"],"acf":[],"yoast_head":"<title>Recenze eToro: Recenze a hodnocen\u00ed od skute\u010dn\u00fdch u\u017eivatel\u016f<\/title>\n<meta name=\"description\" content=\"Soci\u00e1ln\u00ed obchodn\u00ed platforma eToro je domovem milion\u016f obchodn\u00edk\u016f a investor\u016f. P\u0159e\u010dt\u011bte si jejich recenze, zjist\u011bte pro\u010d si n\u00e1s vybrali a co o n\u00e1s \u0159\u00edkaj\u00ed.\" \/>\n<meta name=\"robots\" content=\"index, follow, max-snippet:-1, max-image-preview:large, max-video-preview:-1\" \/>\n<link rel=\"canonical\" href=\"https:\/\/www.etoro.com\/cs-cz\/wp-json\/wp\/v2\/pages\/427099\" \/>\n<meta property=\"og:locale\" content=\"cs_CZ\" \/>\n<meta property=\"og:type\" content=\"article\" \/>\n<meta property=\"og:title\" content=\"Recenze eToro: Recenze a hodnocen\u00ed od skute\u010dn\u00fdch u\u017eivatel\u016f\" \/>\n<meta property=\"og:description\" content=\"Soci\u00e1ln\u00ed obchodn\u00ed platforma eToro je domovem milion\u016f obchodn\u00edk\u016f a investor\u016f. P\u0159e\u010dt\u011bte si jejich recenze, zjist\u011bte pro\u010d si n\u00e1s vybrali a co o n\u00e1s \u0159\u00edkaj\u00ed.\" \/>\n<meta property=\"og:url\" content=\"https:\/\/www.etoro.com\/cs-cz\/wp-json\/wp\/v2\/pages\/427099\" \/>\n<meta property=\"og:site_name\" content=\"eToro\" \/>\n<meta property=\"article:publisher\" content=\"https:\/\/www.facebook.com\/eToro\/\" \/>\n<meta property=\"article:modified_time\" content=\"2025-08-20T12:14:44+00:00\" \/>\n<meta property=\"og:image\" content=\"https:\/\/www.etoro.com\/wp-content\/uploads\/2022\/03\/eToro-Reviews-mobile-Hero.jpg\" \/>\n\t<meta property=\"og:image:width\" content=\"374\" \/>\n\t<meta property=\"og:image:height\" content=\"490\" \/>\n\t<meta property=\"og:image:type\" content=\"image\/jpeg\" \/>\n<meta name=\"twitter:card\" content=\"summary_large_image\" \/>\n<meta name=\"twitter:image\" content=\"https:\/\/www.etoro.com\/wp-content\/uploads\/2022\/03\/eToro-Reviews-mobile-Hero.jpg\" \/>\n<meta name=\"twitter:site\" content=\"@eToro\" \/>\n<script type=\"application\/ld+json\" class=\"yoast-schema-graph\">{\"@context\":\"https:\/\/schema.org\",\"@graph\":[{\"@type\":\"WebPage\",\"@id\":\"https:\/\/www.etoro.com\/cs-cz\/about\/reviews\/\",\"url\":\"https:\/\/www.etoro.com\/cs-cz\/about\/reviews\/\",\"name\":\"Recenze eToro: Recenze a hodnocen\u00ed od skute\u010dn\u00fdch u\u017eivatel\u016f\",\"isPartOf\":{\"@id\":\"https:\/\/www.etoro.com\/cs-cz\/#website\"},\"primaryImageOfPage\":{\"@id\":\"https:\/\/www.etoro.com\/cs-cz\/about\/reviews\/#primaryimage\"},\"image\":{\"@id\":\"https:\/\/www.etoro.com\/cs-cz\/about\/reviews\/#primaryimage\"},\"thumbnailUrl\":\"https:\/\/www.etoro.com\/wp-content\/uploads\/2025\/08\/Featured-image-1200x630_eToro-Reviews.png\",\"datePublished\":\"2022-04-21T11:25:38+00:00\",\"dateModified\":\"2025-08-20T12:14:44+00:00\",\"description\":\"Soci\u00e1ln\u00ed obchodn\u00ed platforma eToro je domovem milion\u016f obchodn\u00edk\u016f a investor\u016f. P\u0159e\u010dt\u011bte si jejich recenze, zjist\u011bte pro\u010d si n\u00e1s vybrali a co o n\u00e1s \u0159\u00edkaj\u00ed.\",\"breadcrumb\":{\"@id\":\"https:\/\/www.etoro.com\/cs-cz\/about\/reviews\/#breadcrumb\"},\"inLanguage\":\"cs\",\"potentialAction\":[{\"@type\":\"ReadAction\",\"target\":[\"https:\/\/www.etoro.com\/cs-cz\/about\/reviews\/\"]}]},{\"@type\":\"ImageObject\",\"inLanguage\":\"cs\",\"@id\":\"https:\/\/www.etoro.com\/cs-cz\/about\/reviews\/#primaryimage\",\"url\":\"https:\/\/www.etoro.com\/wp-content\/uploads\/2025\/08\/Featured-image-1200x630_eToro-Reviews.png\",\"contentUrl\":\"https:\/\/www.etoro.com\/wp-content\/uploads\/2025\/08\/Featured-image-1200x630_eToro-Reviews.png\",\"width\":1200,\"height\":630,\"caption\":\"eToro Reviews\"},{\"@type\":\"BreadcrumbList\",\"@id\":\"https:\/\/www.etoro.com\/cs-cz\/about\/reviews\/#breadcrumb\",\"itemListElement\":[{\"@type\":\"ListItem\",\"position\":1,\"name\":\"Dom\u016f\",\"item\":\"https:\/\/www.etoro.com\/cs-cz\/\"},{\"@type\":\"ListItem\",\"position\":2,\"name\":\"About\",\"item\":\"https:\/\/www.etoro.com\/cs-cz\/about\/\"},{\"@type\":\"ListItem\",\"position\":3,\"name\":\"reviews\"}]},{\"@type\":\"WebSite\",\"@id\":\"https:\/\/www.etoro.com\/cs-cz\/#website\",\"url\":\"https:\/\/www.etoro.com\/cs-cz\/\",\"name\":\"eToro\",\"description\":\"\",\"publisher\":{\"@id\":\"https:\/\/www.etoro.com\/cs-cz\/#organization\"},\"potentialAction\":[{\"@type\":\"SearchAction\",\"target\":{\"@type\":\"EntryPoint\",\"urlTemplate\":\"https:\/\/www.etoro.com\/cs-cz\/?s={search_term_string}\"},\"query-input\":{\"@type\":\"PropertyValueSpecification\",\"valueRequired\":true,\"valueName\":\"search_term_string\"}}],\"inLanguage\":\"cs\"},[]]}<\/script>","yoast_head_json":{"title":"Recenze eToro: Recenze a hodnocen\u00ed od skute\u010dn\u00fdch u\u017eivatel\u016f","description":"Soci\u00e1ln\u00ed obchodn\u00ed platforma eToro je domovem milion\u016f obchodn\u00edk\u016f a investor\u016f. P\u0159e\u010dt\u011bte si jejich recenze, zjist\u011bte pro\u010d si n\u00e1s vybrali a co o n\u00e1s \u0159\u00edkaj\u00ed.","robots":{"index":"index","follow":"follow","max-snippet":"max-snippet:-1","max-image-preview":"max-image-preview:large","max-video-preview":"max-video-preview:-1"},"canonical":"https:\/\/www.etoro.com\/cs-cz\/wp-json\/wp\/v2\/pages\/427099","og_locale":"cs_CZ","og_type":"article","og_title":"Recenze eToro: Recenze a hodnocen\u00ed od skute\u010dn\u00fdch u\u017eivatel\u016f","og_description":"Soci\u00e1ln\u00ed obchodn\u00ed platforma eToro je domovem milion\u016f obchodn\u00edk\u016f a investor\u016f. P\u0159e\u010dt\u011bte si jejich recenze, zjist\u011bte pro\u010d si n\u00e1s vybrali a co o n\u00e1s \u0159\u00edkaj\u00ed.","og_url":"https:\/\/www.etoro.com\/cs-cz\/wp-json\/wp\/v2\/pages\/427099","og_site_name":"eToro","article_publisher":"https:\/\/www.facebook.com\/eToro\/","article_modified_time":"2025-08-20T12:14:44+00:00","og_image":[{"width":374,"height":490,"url":"https:\/\/www.etoro.com\/wp-content\/uploads\/2022\/03\/eToro-Reviews-mobile-Hero.jpg","type":"image\/jpeg"}],"twitter_card":"summary_large_image","twitter_image":"https:\/\/www.etoro.com\/wp-content\/uploads\/2022\/03\/eToro-Reviews-mobile-Hero.jpg","twitter_site":"@eToro","schema":{"@context":"https:\/\/schema.org","@graph":[{"@type":"WebPage","@id":"https:\/\/www.etoro.com\/cs-cz\/about\/reviews\/","url":"https:\/\/www.etoro.com\/cs-cz\/about\/reviews\/","name":"Recenze eToro: Recenze a hodnocen\u00ed od skute\u010dn\u00fdch u\u017eivatel\u016f","isPartOf":{"@id":"https:\/\/www.etoro.com\/cs-cz\/#website"},"primaryImageOfPage":{"@id":"https:\/\/www.etoro.com\/cs-cz\/about\/reviews\/#primaryimage"},"image":{"@id":"https:\/\/www.etoro.com\/cs-cz\/about\/reviews\/#primaryimage"},"thumbnailUrl":"https:\/\/www.etoro.com\/wp-content\/uploads\/2025\/08\/Featured-image-1200x630_eToro-Reviews.png","datePublished":"2022-04-21T11:25:38+00:00","dateModified":"2025-08-20T12:14:44+00:00","description":"Soci\u00e1ln\u00ed obchodn\u00ed platforma eToro je domovem milion\u016f obchodn\u00edk\u016f a investor\u016f. P\u0159e\u010dt\u011bte si jejich recenze, zjist\u011bte pro\u010d si n\u00e1s vybrali a co o n\u00e1s \u0159\u00edkaj\u00ed.","breadcrumb":{"@id":"https:\/\/www.etoro.com\/cs-cz\/about\/reviews\/#breadcrumb"},"inLanguage":"cs","potentialAction":[{"@type":"ReadAction","target":["https:\/\/www.etoro.com\/cs-cz\/about\/reviews\/"]}]},{"@type":"ImageObject","inLanguage":"cs","@id":"https:\/\/www.etoro.com\/cs-cz\/about\/reviews\/#primaryimage","url":"https:\/\/www.etoro.com\/wp-content\/uploads\/2025\/08\/Featured-image-1200x630_eToro-Reviews.png","contentUrl":"https:\/\/www.etoro.com\/wp-content\/uploads\/2025\/08\/Featured-image-1200x630_eToro-Reviews.png","width":1200,"height":630,"caption":"eToro Reviews"},{"@type":"BreadcrumbList","@id":"https:\/\/www.etoro.com\/cs-cz\/about\/reviews\/#breadcrumb","itemListElement":[{"@type":"ListItem","position":1,"name":"Dom\u016f","item":"https:\/\/www.etoro.com\/cs-cz\/"},{"@type":"ListItem","position":2,"name":"About","item":"https:\/\/www.etoro.com\/cs-cz\/about\/"},{"@type":"ListItem","position":3,"name":"reviews"}]},{"@type":"WebSite","@id":"https:\/\/www.etoro.com\/cs-cz\/#website","url":"https:\/\/www.etoro.com\/cs-cz\/","name":"eToro","description":"","publisher":{"@id":"https:\/\/www.etoro.com\/cs-cz\/#organization"},"potentialAction":[{"@type":"SearchAction","target":{"@type":"EntryPoint","urlTemplate":"https:\/\/www.etoro.com\/cs-cz\/?s={search_term_string}"},"query-input":{"@type":"PropertyValueSpecification","valueRequired":true,"valueName":"search_term_string"}}],"inLanguage":"cs"},[]]}},"_links":{"self":[{"href":"https:\/\/www.etoro.com\/cs-cz\/wp-json\/wp\/v2\/pages\/427099"}],"collection":[{"href":"https:\/\/www.etoro.com\/cs-cz\/wp-json\/wp\/v2\/pages"}],"about":[{"href":"https:\/\/www.etoro.com\/cs-cz\/wp-json\/wp\/v2\/types\/page"}],"author":[{"embeddable":true,"href":"https:\/\/www.etoro.com\/cs-cz\/wp-json\/wp\/v2\/users\/95"}],"replies":[{"embeddable":true,"href":"https:\/\/www.etoro.com\/cs-cz\/wp-json\/wp\/v2\/comments?post=427099"}],"version-history":[{"count":0,"href":"https:\/\/www.etoro.com\/cs-cz\/wp-json\/wp\/v2\/pages\/427099\/revisions"}],"up":[{"embeddable":true,"href":"https:\/\/www.etoro.com\/cs-cz\/wp-json\/wp\/v2\/pages\/20051"}],"wp:featuredmedia":[{"embeddable":true,"href":"https:\/\/www.etoro.com\/cs-cz\/wp-json\/wp\/v2\/media\/1122125"}],"wp:attachment":[{"href":"https:\/\/www.etoro.com\/cs-cz\/wp-json\/wp\/v2\/media?parent=427099"}],"wp:term":[{"taxonomy":"asset_type","embeddable":true,"href":"https:\/\/www.etoro.com\/cs-cz\/wp-json\/wp\/v2\/asset_type?post=427099"}],"curies":[{"name":"wp","href":"https:\/\/api.w.org\/{rel}","templated":true}]}}