{"id":648830,"date":"2023-06-14T10:45:54","date_gmt":"2023-06-14T07:45:54","guid":{"rendered":"https:\/\/www.etoro.com\/crypto\/wallet-fees\/"},"modified":"2026-04-06T11:29:04","modified_gmt":"2026-04-06T08:29:04","slug":"fees","status":"publish","type":"page","link":"https:\/\/www.etoro.com\/cs-cz\/crypto\/wallet\/fees\/","title":{"rendered":"Wallet fees"},"content":{"rendered":"\n<section class=\"wp-block-group wp-block-group-boxed\"><div class=\"wp-block-group-inner is-layout-flow wp-block-group-is-layout-flow\">\n<div class=\"wp-block-columns are-vertically-aligned-top wp-block-columns-1 is-layout-flex wp-container-core-columns-is-layout-1 wp-block-columns-is-layout-flex\">\n<div class=\"wp-block-column is-layout-flow wp-block-column-is-layout-flow\">\n<h3 class=\"wp-block-heading\"><strong>Poplatky za odesl\u00e1n\u00ed\/p\u0159\u00edjem transakc\u00ed&nbsp;<\/strong><\/h3>\n\n\n\n<p>Za p\u0159evod kryptom\u011bnov\u00fdch aktiv do kryptom\u011bnov\u00e9 pen\u011b\u017eenky eToro Crypto je \u00fa\u010dtov\u00e1n poplatek.<\/p>\n\n\n\n<ul class=\"wp-block-list wp-block-list wp-block-list-circle\">\n<li>Pokud p\u0159ev\u00e1d\u00edte kryptom\u011bnov\u00e1 aktiva z platformy eToro, je \u00fa\u010dtov\u00e1n poplatek ve v\u00fd\u0161i 2 %.<\/li>\n\n\n\n<li>Pokud p\u0159evedete kryptoaktiva z nebo do extern\u00edho zdroje, platforma eToro v\u00e1m ne\u00fa\u010dtuje poplatky. Jedin\u00fd \u00fa\u010dtovan\u00fd poplatek je poplatek blockchainu.<\/li>\n<\/ul>\n\n\n\n<p>Upozorn\u011bn\u00ed: Poplatek m\u00e1 minim\u00e1ln\u00ed a maxim\u00e1ln\u00ed limit. Podrobnosti naleznete <a href=\"https:\/\/www.etoro.com\/cs-cz\/crypto\/coin-transfer\/\">zde<\/a>.<\/p>\n\n\n\n<h3 class=\"wp-block-heading\"><strong>Limity pro odes\u00edl\u00e1n\u00ed transakc\u00ed&nbsp;<\/strong><\/h3>\n\n\n\n<p>Transakce pro v\u0161echna podporovan\u00e1 kryptoaktiva maj\u00ed povolen\u00fd maxim\u00e1ln\u00ed limit 50 000 USD na transakci a celkov\u00fd maxim\u00e1ln\u00ed denn\u00ed limit 200 000 USD.<\/p>\n\n\n\n<h3 class=\"wp-block-heading\"><strong>Selling crypto for GBP\/EUR\/AUD<\/strong><\/h3>\n\n\n\n<p>Kdy\u017e prost\u0159ednictv\u00edm kryptopen\u011b\u017eenky eToro prod\u00e1v\u00e1te kryptom\u011bny za GBP, EUR, AUD nebo USD, \u00fa\u010dtuje se v\u00e1m poplatek.<\/p>\n\n\n\n<p>P\u0159ed dokon\u010den\u00edm prodeje se v\u00e1m zobraz\u00ed odhadovan\u00fd poplatek.<\/p>\n\n\n\n<p>Klubov\u00e1 sleva:<\/p>\n\n\n\n<figure class=\"wp-block-table\"><div class=\"wp-block-table-content\"><div class=\"wp-block-table-content-nav wp-block-table-content-nav-left\"><div class=\"wp-block-table-content-nav-arrow wp-block-table-content-nav-arrow-left\"><\/div><\/div><div class=\"wp-block-table-content-nav wp-block-table-content-nav-right\"><div class=\"wp-block-table-content-nav-arrow wp-block-table-content-nav-arrow-right\"><\/div><\/div><div class=\"wp-block-table-content-table\"><table class=\"has-fixed-layout\"><thead><tr><th class=\"has-text-align-center\" data-align=\"center\"><strong>Silver<\/strong><\/th><th class=\"has-text-align-center\" data-align=\"center\"><strong>Gold &amp; Platinum<\/strong><\/th><th class=\"has-text-align-center\" data-align=\"center\"><strong>Platinum+ &amp; Diamond<\/strong><\/th><\/tr><\/thead><tbody><tr><td class=\"has-text-align-center\" data-align=\"center\">1%<\/td><td class=\"has-text-align-center\" data-align=\"center\">Sleva 20% (0.8%)<\/td><td class=\"has-text-align-center\" data-align=\"center\">Sleva 40% (0.6%)<\/td><\/tr><\/tbody><\/table><\/div><\/div><\/figure>\n\n\n\n<p><a href=\"https:\/\/www.etoro.com\/cs-cz\/trading\/fees\/\">str\u00e1nka s poplatky na eToro<\/a><\/p>\n\n\n\n<h3 class=\"wp-block-heading\"><strong>Ethereum a ERC20 transakce<\/strong><\/h3>\n\n\n\n<p>Aby byla zaji\u0161t\u011bna bezpe\u010dnost va\u0161ich aktiv, je pen\u011b\u017eenka eToro Crypto zalo\u017eena na multi-sig \u0159e\u0161en\u00ed vyu\u017e\u00edvaj\u00edc\u00edm smart kontrakty pro zprost\u0159edkov\u00e1n\u00ed transakc\u00ed v s\u00edti ethereum. Bohu\u017eel ne v\u0161ichni poskytovatel\u00e9 pen\u011b\u017eenek a v\u0161echny burzy podporuj\u00ed odes\u00edl\u00e1n\u00ed a p\u0159ij\u00edm\u00e1n\u00ed prost\u0159ednictv\u00edm smart kontrakt\u016f. Ujist\u011bte se, \u017ee poskytovatel adresy na stran\u011b p\u0159\u00edjemce podporuje ETH a ERC20 transakce odes\u00edlan\u00e9 z multi-signature adres. Pokud se vyskytnou komplikace, je nutn\u00e9 kontaktovat poskytovatele na stran\u011b p\u0159\u00edjemce.<\/p>\n\n\n\n<h3 class=\"wp-block-heading\"><strong>Vytvo\u0159en\u00ed pen\u011b\u017eenky XRP&nbsp;<\/strong><\/h3>\n\n\n\n<p>Aktu\u00e1ln\u011b je otev\u0159en\u00ed pen\u011b\u017eenky XRP umo\u017en\u011bno v r\u00e1mci procesu p\u0159evodu minc\u00ed a je osvobozeno od poplatk\u016f za vytvo\u0159en\u00ed XRP pen\u011b\u017eenky.<\/p>\n\n\n\n<h3 class=\"wp-block-heading\"><strong>Vytvo\u0159en\u00ed pen\u011b\u017eenky XLM&nbsp;<\/strong><\/h3>\n\n\n\n<p>Stellar blockchain vy\u017eaduje pro aktivaci pen\u011b\u017eenky XLM minim\u00e1ln\u00ed nevratn\u00fd vklad ve v\u00fd\u0161i 2,5 XLM. Po vlo\u017een\u00ed vkladu je pen\u011b\u017eenka aktivov\u00e1na a m\u016f\u017eete ji zobrazit v blockchainu Stellar.<\/p>\n\n\n\n<h3 class=\"wp-block-heading\"><strong>Vytvo\u0159en\u00ed pen\u011b\u017eenky ETH&nbsp;<\/strong><\/h3>\n\n\n\n<p>Aktu\u00e1ln\u011b je otev\u0159en\u00ed pen\u011b\u017eenky ETH umo\u017en\u011bno v r\u00e1mci procesu p\u0159evodu minc\u00ed a je osvobozeno od poplatk\u016f za vytvo\u0159en\u00ed ETH pen\u011b\u017eenky. Tokeny ERC20 jsou podporov\u00e1ny pouze pro u\u017eivatele, kte\u0159\u00ed takov\u00e9 pen\u011b\u017eenky ji\u017e maj\u00ed.<\/p>\n\n\n\n<p>Nov\u00e9 pen\u011b\u017eenky ERC20 moment\u00e1ln\u011b nejsou k dispozici.<\/p>\n\n\n\n<p>P\u0159e\u010dt\u011bte si smluvn\u00ed podm\u00ednky pen\u011b\u017eenky <a class=\"link\" href=\"https:\/\/www.etoro.com\/customer-service\/terms-conditions\/#etoro-money:~:text=eToro%20Money%20crypto%20wallet\">zde<\/a>.<\/p>\n\n\n\n<p>Pen\u011b\u017eenku poskytuje spole\u010dnost eToroX Limited (\u201eeToroX\u201c), spole\u010dnost s ru\u010den\u00edm omezen\u00fdm zapsan\u00e1 do obchodn\u00edho rejst\u0159\u00edku na Gibraltaru pod \u010d\u00edslem 116348 a se s\u00eddlem na adrese 57\/63 Line Wall Road, Gibraltar. eToroX je regulovan\u00fd poskytovatel DLT, kter\u00fd m\u00e1 licenci od komise Gibraltar Financial Services Commission podle z\u00e1kona o investic\u00edch a finan\u010dn\u00edch fiduci\u00e1rn\u00edch slu\u017eb\u00e1ch pod licen\u010dn\u00edm \u010d\u00edslem FSC1333B.<\/p>\n<\/div>\n<\/div>\n<\/div><\/section>\n","protected":false},"excerpt":{"rendered":"<p>Poplatky za odesl\u00e1n\u00ed\/p\u0159\u00edjem transakc\u00ed&nbsp; Za p\u0159evod kryptom\u011bnov\u00fdch aktiv do kryptom\u011bnov\u00e9 pen\u011b\u017eenky eToro Crypto je \u00fa\u010dtov\u00e1n poplatek. Upozorn\u011bn\u00ed: Poplatek m\u00e1 minim\u00e1ln\u00ed a maxim\u00e1ln\u00ed limit. Podrobnosti naleznete zde. Limity pro odes\u00edl\u00e1n\u00ed transakc\u00ed&nbsp; Transakce pro v\u0161echna podporovan\u00e1 kryptoaktiva maj\u00ed povolen\u00fd maxim\u00e1ln\u00ed limit 50 000 USD na transakci a celkov\u00fd maxim\u00e1ln\u00ed denn\u00ed limit 200 000 USD. Selling crypto for&hellip;<\/p>\n","protected":false},"author":75,"featured_media":623874,"parent":128991,"menu_order":0,"comment_status":"closed","ping_status":"closed","template":"","meta":{"_acf_changed":false,"inline_featured_image":false,"sticky_cta_settings":"","footnotes":""},"asset_type":[],"class_list":["post-648830","page","type-page","status-publish","has-post-thumbnail","hentry"],"acf":[],"yoast_head":"<title>Poplatky krypto pen\u011b\u017eenky eToro Wallet<\/title>\n<meta name=\"description\" content=\"Souhrnn\u00e9 objasn\u011bn\u00ed poplatk\u016f krypto pen\u011b\u017eenky eToro Wallet, v\u010detn\u011b p\u0159evod\u016f, limit\u016f pro odes\u00edl\u00e1n\u00ed transakc\u00ed a obecn\u00e9ho\/konkr\u00e9tn\u00edho vytvo\u0159en\u00ed pen\u011b\u017eenky.\" \/>\n<meta name=\"robots\" content=\"index, follow, max-snippet:-1, max-image-preview:large, max-video-preview:-1\" \/>\n<link rel=\"canonical\" href=\"https:\/\/www.etoro.com\/cs-cz\/wp-json\/wp\/v2\/pages\/648830\" \/>\n<meta property=\"og:locale\" content=\"cs_CZ\" \/>\n<meta property=\"og:type\" content=\"article\" \/>\n<meta property=\"og:title\" content=\"Poplatky krypto pen\u011b\u017eenky eToro Wallet\" \/>\n<meta property=\"og:description\" content=\"Souhrnn\u00e9 objasn\u011bn\u00ed poplatk\u016f krypto pen\u011b\u017eenky eToro Wallet, v\u010detn\u011b p\u0159evod\u016f, limit\u016f pro odes\u00edl\u00e1n\u00ed transakc\u00ed a obecn\u00e9ho\/konkr\u00e9tn\u00edho vytvo\u0159en\u00ed pen\u011b\u017eenky.\" \/>\n<meta property=\"og:url\" content=\"https:\/\/www.etoro.com\/cs-cz\/wp-json\/wp\/v2\/pages\/648830\" \/>\n<meta property=\"og:site_name\" content=\"eToro\" \/>\n<meta property=\"article:publisher\" content=\"https:\/\/www.facebook.com\/eToro\/\" \/>\n<meta property=\"article:modified_time\" content=\"2026-04-06T08:29:04+00:00\" \/>\n<meta property=\"og:image\" content=\"https:\/\/www.etoro.com\/wp-content\/uploads\/2023\/06\/Wallet-fees.jpg\" \/>\n\t<meta property=\"og:image:width\" content=\"1200\" \/>\n\t<meta property=\"og:image:height\" content=\"630\" \/>\n\t<meta property=\"og:image:type\" content=\"image\/jpeg\" \/>\n<meta name=\"twitter:card\" content=\"summary_large_image\" \/>\n<meta name=\"twitter:site\" content=\"@eToro\" \/>\n<meta name=\"twitter:label1\" content=\"Est. reading time\" \/>\n\t<meta name=\"twitter:data1\" content=\"2 minutes\" \/>\n<script type=\"application\/ld+json\" class=\"yoast-schema-graph\">{\"@context\":\"https:\/\/schema.org\",\"@graph\":[{\"@type\":\"WebPage\",\"@id\":\"https:\/\/www.etoro.com\/cs-cz\/crypto\/wallet\/fees\/\",\"url\":\"https:\/\/www.etoro.com\/cs-cz\/crypto\/wallet\/fees\/\",\"name\":\"Poplatky krypto pen\u011b\u017eenky eToro Wallet\",\"isPartOf\":{\"@id\":\"https:\/\/www.etoro.com\/cs-cz\/#website\"},\"primaryImageOfPage\":{\"@id\":\"https:\/\/www.etoro.com\/cs-cz\/crypto\/wallet\/fees\/#primaryimage\"},\"image\":{\"@id\":\"https:\/\/www.etoro.com\/cs-cz\/crypto\/wallet\/fees\/#primaryimage\"},\"thumbnailUrl\":\"https:\/\/www.etoro.com\/wp-content\/uploads\/2023\/06\/Wallet-fees.jpg\",\"datePublished\":\"2023-06-14T07:45:54+00:00\",\"dateModified\":\"2026-04-06T08:29:04+00:00\",\"description\":\"Souhrnn\u00e9 objasn\u011bn\u00ed poplatk\u016f krypto pen\u011b\u017eenky eToro Wallet, v\u010detn\u011b p\u0159evod\u016f, limit\u016f pro odes\u00edl\u00e1n\u00ed transakc\u00ed a obecn\u00e9ho\/konkr\u00e9tn\u00edho vytvo\u0159en\u00ed pen\u011b\u017eenky.\",\"breadcrumb\":{\"@id\":\"https:\/\/www.etoro.com\/cs-cz\/crypto\/wallet\/fees\/#breadcrumb\"},\"inLanguage\":\"cs\",\"potentialAction\":[{\"@type\":\"ReadAction\",\"target\":[\"https:\/\/www.etoro.com\/cs-cz\/crypto\/wallet\/fees\/\"]}]},{\"@type\":\"ImageObject\",\"inLanguage\":\"cs\",\"@id\":\"https:\/\/www.etoro.com\/cs-cz\/crypto\/wallet\/fees\/#primaryimage\",\"url\":\"https:\/\/www.etoro.com\/wp-content\/uploads\/2023\/06\/Wallet-fees.jpg\",\"contentUrl\":\"https:\/\/www.etoro.com\/wp-content\/uploads\/2023\/06\/Wallet-fees.jpg\",\"width\":1200,\"height\":630,\"caption\":\"Wallet Fees\"},{\"@type\":\"BreadcrumbList\",\"@id\":\"https:\/\/www.etoro.com\/cs-cz\/crypto\/wallet\/fees\/#breadcrumb\",\"itemListElement\":[{\"@type\":\"ListItem\",\"position\":1,\"name\":\"Dom\u016f\",\"item\":\"https:\/\/www.etoro.com\/cs-cz\/\"},{\"@type\":\"ListItem\",\"position\":2,\"name\":\"One-stop crypto\",\"item\":\"https:\/\/www.etoro.com\/cs-cz\/crypto\/\"},{\"@type\":\"ListItem\",\"position\":3,\"name\":\"Wallet\",\"item\":\"https:\/\/www.etoro.com\/cs-cz\/crypto\/wallet\/\"},{\"@type\":\"ListItem\",\"position\":4,\"name\":\"Wallet fees\"}]},{\"@type\":\"WebSite\",\"@id\":\"https:\/\/www.etoro.com\/cs-cz\/#website\",\"url\":\"https:\/\/www.etoro.com\/cs-cz\/\",\"name\":\"eToro\",\"description\":\"\",\"publisher\":{\"@id\":\"https:\/\/www.etoro.com\/cs-cz\/#organization\"},\"potentialAction\":[{\"@type\":\"SearchAction\",\"target\":{\"@type\":\"EntryPoint\",\"urlTemplate\":\"https:\/\/www.etoro.com\/cs-cz\/?s={search_term_string}\"},\"query-input\":{\"@type\":\"PropertyValueSpecification\",\"valueRequired\":true,\"valueName\":\"search_term_string\"}}],\"inLanguage\":\"cs\"},[]]}<\/script>","yoast_head_json":{"title":"Poplatky krypto pen\u011b\u017eenky eToro Wallet","description":"Souhrnn\u00e9 objasn\u011bn\u00ed poplatk\u016f krypto pen\u011b\u017eenky eToro Wallet, v\u010detn\u011b p\u0159evod\u016f, limit\u016f pro odes\u00edl\u00e1n\u00ed transakc\u00ed a obecn\u00e9ho\/konkr\u00e9tn\u00edho vytvo\u0159en\u00ed pen\u011b\u017eenky.","robots":{"index":"index","follow":"follow","max-snippet":"max-snippet:-1","max-image-preview":"max-image-preview:large","max-video-preview":"max-video-preview:-1"},"canonical":"https:\/\/www.etoro.com\/cs-cz\/wp-json\/wp\/v2\/pages\/648830","og_locale":"cs_CZ","og_type":"article","og_title":"Poplatky krypto pen\u011b\u017eenky eToro Wallet","og_description":"Souhrnn\u00e9 objasn\u011bn\u00ed poplatk\u016f krypto pen\u011b\u017eenky eToro Wallet, v\u010detn\u011b p\u0159evod\u016f, limit\u016f pro odes\u00edl\u00e1n\u00ed transakc\u00ed a obecn\u00e9ho\/konkr\u00e9tn\u00edho vytvo\u0159en\u00ed pen\u011b\u017eenky.","og_url":"https:\/\/www.etoro.com\/cs-cz\/wp-json\/wp\/v2\/pages\/648830","og_site_name":"eToro","article_publisher":"https:\/\/www.facebook.com\/eToro\/","article_modified_time":"2026-04-06T08:29:04+00:00","og_image":[{"width":1200,"height":630,"url":"https:\/\/www.etoro.com\/wp-content\/uploads\/2023\/06\/Wallet-fees.jpg","type":"image\/jpeg"}],"twitter_card":"summary_large_image","twitter_site":"@eToro","twitter_misc":{"Est. reading time":"2 minutes"},"schema":{"@context":"https:\/\/schema.org","@graph":[{"@type":"WebPage","@id":"https:\/\/www.etoro.com\/cs-cz\/crypto\/wallet\/fees\/","url":"https:\/\/www.etoro.com\/cs-cz\/crypto\/wallet\/fees\/","name":"Poplatky krypto pen\u011b\u017eenky eToro Wallet","isPartOf":{"@id":"https:\/\/www.etoro.com\/cs-cz\/#website"},"primaryImageOfPage":{"@id":"https:\/\/www.etoro.com\/cs-cz\/crypto\/wallet\/fees\/#primaryimage"},"image":{"@id":"https:\/\/www.etoro.com\/cs-cz\/crypto\/wallet\/fees\/#primaryimage"},"thumbnailUrl":"https:\/\/www.etoro.com\/wp-content\/uploads\/2023\/06\/Wallet-fees.jpg","datePublished":"2023-06-14T07:45:54+00:00","dateModified":"2026-04-06T08:29:04+00:00","description":"Souhrnn\u00e9 objasn\u011bn\u00ed poplatk\u016f krypto pen\u011b\u017eenky eToro Wallet, v\u010detn\u011b p\u0159evod\u016f, limit\u016f pro odes\u00edl\u00e1n\u00ed transakc\u00ed a obecn\u00e9ho\/konkr\u00e9tn\u00edho vytvo\u0159en\u00ed pen\u011b\u017eenky.","breadcrumb":{"@id":"https:\/\/www.etoro.com\/cs-cz\/crypto\/wallet\/fees\/#breadcrumb"},"inLanguage":"cs","potentialAction":[{"@type":"ReadAction","target":["https:\/\/www.etoro.com\/cs-cz\/crypto\/wallet\/fees\/"]}]},{"@type":"ImageObject","inLanguage":"cs","@id":"https:\/\/www.etoro.com\/cs-cz\/crypto\/wallet\/fees\/#primaryimage","url":"https:\/\/www.etoro.com\/wp-content\/uploads\/2023\/06\/Wallet-fees.jpg","contentUrl":"https:\/\/www.etoro.com\/wp-content\/uploads\/2023\/06\/Wallet-fees.jpg","width":1200,"height":630,"caption":"Wallet Fees"},{"@type":"BreadcrumbList","@id":"https:\/\/www.etoro.com\/cs-cz\/crypto\/wallet\/fees\/#breadcrumb","itemListElement":[{"@type":"ListItem","position":1,"name":"Dom\u016f","item":"https:\/\/www.etoro.com\/cs-cz\/"},{"@type":"ListItem","position":2,"name":"One-stop crypto","item":"https:\/\/www.etoro.com\/cs-cz\/crypto\/"},{"@type":"ListItem","position":3,"name":"Wallet","item":"https:\/\/www.etoro.com\/cs-cz\/crypto\/wallet\/"},{"@type":"ListItem","position":4,"name":"Wallet fees"}]},{"@type":"WebSite","@id":"https:\/\/www.etoro.com\/cs-cz\/#website","url":"https:\/\/www.etoro.com\/cs-cz\/","name":"eToro","description":"","publisher":{"@id":"https:\/\/www.etoro.com\/cs-cz\/#organization"},"potentialAction":[{"@type":"SearchAction","target":{"@type":"EntryPoint","urlTemplate":"https:\/\/www.etoro.com\/cs-cz\/?s={search_term_string}"},"query-input":{"@type":"PropertyValueSpecification","valueRequired":true,"valueName":"search_term_string"}}],"inLanguage":"cs"},[]]}},"_links":{"self":[{"href":"https:\/\/www.etoro.com\/cs-cz\/wp-json\/wp\/v2\/pages\/648830"}],"collection":[{"href":"https:\/\/www.etoro.com\/cs-cz\/wp-json\/wp\/v2\/pages"}],"about":[{"href":"https:\/\/www.etoro.com\/cs-cz\/wp-json\/wp\/v2\/types\/page"}],"author":[{"embeddable":true,"href":"https:\/\/www.etoro.com\/cs-cz\/wp-json\/wp\/v2\/users\/75"}],"replies":[{"embeddable":true,"href":"https:\/\/www.etoro.com\/cs-cz\/wp-json\/wp\/v2\/comments?post=648830"}],"version-history":[{"count":0,"href":"https:\/\/www.etoro.com\/cs-cz\/wp-json\/wp\/v2\/pages\/648830\/revisions"}],"up":[{"embeddable":true,"href":"https:\/\/www.etoro.com\/cs-cz\/wp-json\/wp\/v2\/pages\/128991"}],"wp:featuredmedia":[{"embeddable":true,"href":"https:\/\/www.etoro.com\/cs-cz\/wp-json\/wp\/v2\/media\/623874"}],"wp:attachment":[{"href":"https:\/\/www.etoro.com\/cs-cz\/wp-json\/wp\/v2\/media?parent=648830"}],"wp:term":[{"taxonomy":"asset_type","embeddable":true,"href":"https:\/\/www.etoro.com\/cs-cz\/wp-json\/wp\/v2\/asset_type?post=648830"}],"curies":[{"name":"wp","href":"https:\/\/api.w.org\/{rel}","templated":true}]}}