{"id":704217,"date":"2023-05-15T11:31:46","date_gmt":"2023-05-15T08:31:46","guid":{"rendered":"https:\/\/www.etoro.com\/academy\/courses\/"},"modified":"2026-03-23T14:55:17","modified_gmt":"2026-03-23T12:55:17","slug":"courses","status":"publish","type":"page","link":"https:\/\/www.etoro.com\/cs-cz\/academy\/courses\/","title":{"rendered":"Courses"},"content":{"rendered":"","protected":false},"excerpt":{"rendered":"","protected":false},"author":75,"featured_media":883873,"parent":331555,"menu_order":0,"comment_status":"closed","ping_status":"closed","template":"templates\/academy-courses-page.php","meta":{"_acf_changed":true,"inline_featured_image":false,"sticky_cta_settings":"","footnotes":""},"asset_type":[],"class_list":["post-704217","page","type-page","status-publish","has-post-thumbnail","hentry"],"acf":[],"yoast_head":"<title>Bezplatn\u00e9 online investi\u010dn\u00ed kurzy v\u0161ech \u00farovn\u00ed<\/title>\n<meta name=\"description\" content=\"Nau\u010dte se investovat v na\u0161ich bezplatn\u00fdch kurzech. Od z\u00e1klad\u016f pro za\u010d\u00e1te\u010dn\u00edky a\u017e po pokro\u010dil\u00e9 techniky \u2013 v\u010detn\u011b vide\u00ed, pr\u016fvodc\u016f a dal\u0161\u00edch materi\u00e1l\u016f\" \/>\n<meta name=\"robots\" content=\"index, follow, max-snippet:-1, max-image-preview:large, max-video-preview:-1\" \/>\n<link rel=\"canonical\" href=\"https:\/\/www.etoro.com\/cs-cz\/wp-json\/wp\/v2\/pages\/704217\" \/>\n<meta property=\"og:locale\" content=\"cs_CZ\" \/>\n<meta property=\"og:type\" content=\"article\" \/>\n<meta property=\"og:title\" content=\"Bezplatn\u00e9 online investi\u010dn\u00ed kurzy v\u0161ech \u00farovn\u00ed\" \/>\n<meta property=\"og:description\" content=\"Nau\u010dte se investovat v na\u0161ich bezplatn\u00fdch kurzech. Od z\u00e1klad\u016f pro za\u010d\u00e1te\u010dn\u00edky a\u017e po pokro\u010dil\u00e9 techniky \u2013 v\u010detn\u011b vide\u00ed, pr\u016fvodc\u016f a dal\u0161\u00edch materi\u00e1l\u016f\" \/>\n<meta property=\"og:url\" content=\"https:\/\/www.etoro.com\/cs-cz\/wp-json\/wp\/v2\/pages\/704217\" \/>\n<meta property=\"og:site_name\" content=\"eToro\" \/>\n<meta property=\"article:publisher\" content=\"https:\/\/www.facebook.com\/eToro\/\" \/>\n<meta property=\"article:modified_time\" content=\"2026-03-23T12:55:17+00:00\" \/>\n<meta property=\"og:image\" content=\"https:\/\/www.etoro.com\/wp-content\/uploads\/2024\/05\/Czech-cs-cz_Courses_Featured-image-1200x630-1.jpg\" \/>\n\t<meta property=\"og:image:width\" content=\"1200\" \/>\n\t<meta property=\"og:image:height\" content=\"630\" \/>\n\t<meta property=\"og:image:type\" content=\"image\/jpeg\" \/>\n<meta name=\"twitter:card\" content=\"summary_large_image\" \/>\n<meta name=\"twitter:site\" content=\"@eToro\" \/>\n<script type=\"application\/ld+json\" class=\"yoast-schema-graph\">{\"@context\":\"https:\/\/schema.org\",\"@graph\":[{\"@type\":\"WebPage\",\"@id\":\"https:\/\/www.etoro.com\/cs-cz\/academy\/courses\/\",\"url\":\"https:\/\/www.etoro.com\/cs-cz\/academy\/courses\/\",\"name\":\"Bezplatn\u00e9 online investi\u010dn\u00ed kurzy v\u0161ech \u00farovn\u00ed\",\"isPartOf\":{\"@id\":\"https:\/\/www.etoro.com\/cs-cz\/#website\"},\"primaryImageOfPage\":{\"@id\":\"https:\/\/www.etoro.com\/cs-cz\/academy\/courses\/#primaryimage\"},\"image\":{\"@id\":\"https:\/\/www.etoro.com\/cs-cz\/academy\/courses\/#primaryimage\"},\"thumbnailUrl\":\"https:\/\/www.etoro.com\/wp-content\/uploads\/2024\/05\/Czech-cs-cz_Courses_Featured-image-1200x630-1.jpg\",\"datePublished\":\"2023-05-15T08:31:46+00:00\",\"dateModified\":\"2026-03-23T12:55:17+00:00\",\"description\":\"Nau\u010dte se investovat v na\u0161ich bezplatn\u00fdch kurzech. Od z\u00e1klad\u016f pro za\u010d\u00e1te\u010dn\u00edky a\u017e po pokro\u010dil\u00e9 techniky \u2013 v\u010detn\u011b vide\u00ed, pr\u016fvodc\u016f a dal\u0161\u00edch materi\u00e1l\u016f\",\"breadcrumb\":{\"@id\":\"https:\/\/www.etoro.com\/cs-cz\/academy\/courses\/#breadcrumb\"},\"inLanguage\":\"cs\",\"potentialAction\":[{\"@type\":\"ReadAction\",\"target\":[\"https:\/\/www.etoro.com\/cs-cz\/academy\/courses\/\"]}]},{\"@type\":\"ImageObject\",\"inLanguage\":\"cs\",\"@id\":\"https:\/\/www.etoro.com\/cs-cz\/academy\/courses\/#primaryimage\",\"url\":\"https:\/\/www.etoro.com\/wp-content\/uploads\/2024\/05\/Czech-cs-cz_Courses_Featured-image-1200x630-1.jpg\",\"contentUrl\":\"https:\/\/www.etoro.com\/wp-content\/uploads\/2024\/05\/Czech-cs-cz_Courses_Featured-image-1200x630-1.jpg\",\"width\":1200,\"height\":630},{\"@type\":\"BreadcrumbList\",\"@id\":\"https:\/\/www.etoro.com\/cs-cz\/academy\/courses\/#breadcrumb\",\"itemListElement\":[{\"@type\":\"ListItem\",\"position\":1,\"name\":\"Dom\u016f\",\"item\":\"https:\/\/www.etoro.com\/cs-cz\/\"},{\"@type\":\"ListItem\",\"position\":2,\"name\":\"eToro Academy\",\"item\":\"https:\/\/www.etoro.com\/cs-cz\/academy\/\"},{\"@type\":\"ListItem\",\"position\":3,\"name\":\"Courses\"}]},{\"@type\":\"WebSite\",\"@id\":\"https:\/\/www.etoro.com\/cs-cz\/#website\",\"url\":\"https:\/\/www.etoro.com\/cs-cz\/\",\"name\":\"eToro\",\"description\":\"\",\"publisher\":{\"@id\":\"https:\/\/www.etoro.com\/cs-cz\/#organization\"},\"potentialAction\":[{\"@type\":\"SearchAction\",\"target\":{\"@type\":\"EntryPoint\",\"urlTemplate\":\"https:\/\/www.etoro.com\/cs-cz\/?s={search_term_string}\"},\"query-input\":{\"@type\":\"PropertyValueSpecification\",\"valueRequired\":true,\"valueName\":\"search_term_string\"}}],\"inLanguage\":\"cs\"},[]]}<\/script>","yoast_head_json":{"title":"Bezplatn\u00e9 online investi\u010dn\u00ed kurzy v\u0161ech \u00farovn\u00ed","description":"Nau\u010dte se investovat v na\u0161ich bezplatn\u00fdch kurzech. Od z\u00e1klad\u016f pro za\u010d\u00e1te\u010dn\u00edky a\u017e po pokro\u010dil\u00e9 techniky \u2013 v\u010detn\u011b vide\u00ed, pr\u016fvodc\u016f a dal\u0161\u00edch materi\u00e1l\u016f","robots":{"index":"index","follow":"follow","max-snippet":"max-snippet:-1","max-image-preview":"max-image-preview:large","max-video-preview":"max-video-preview:-1"},"canonical":"https:\/\/www.etoro.com\/cs-cz\/wp-json\/wp\/v2\/pages\/704217","og_locale":"cs_CZ","og_type":"article","og_title":"Bezplatn\u00e9 online investi\u010dn\u00ed kurzy v\u0161ech \u00farovn\u00ed","og_description":"Nau\u010dte se investovat v na\u0161ich bezplatn\u00fdch kurzech. Od z\u00e1klad\u016f pro za\u010d\u00e1te\u010dn\u00edky a\u017e po pokro\u010dil\u00e9 techniky \u2013 v\u010detn\u011b vide\u00ed, pr\u016fvodc\u016f a dal\u0161\u00edch materi\u00e1l\u016f","og_url":"https:\/\/www.etoro.com\/cs-cz\/wp-json\/wp\/v2\/pages\/704217","og_site_name":"eToro","article_publisher":"https:\/\/www.facebook.com\/eToro\/","article_modified_time":"2026-03-23T12:55:17+00:00","og_image":[{"width":1200,"height":630,"url":"https:\/\/www.etoro.com\/wp-content\/uploads\/2024\/05\/Czech-cs-cz_Courses_Featured-image-1200x630-1.jpg","type":"image\/jpeg"}],"twitter_card":"summary_large_image","twitter_site":"@eToro","schema":{"@context":"https:\/\/schema.org","@graph":[{"@type":"WebPage","@id":"https:\/\/www.etoro.com\/cs-cz\/academy\/courses\/","url":"https:\/\/www.etoro.com\/cs-cz\/academy\/courses\/","name":"Bezplatn\u00e9 online investi\u010dn\u00ed kurzy v\u0161ech \u00farovn\u00ed","isPartOf":{"@id":"https:\/\/www.etoro.com\/cs-cz\/#website"},"primaryImageOfPage":{"@id":"https:\/\/www.etoro.com\/cs-cz\/academy\/courses\/#primaryimage"},"image":{"@id":"https:\/\/www.etoro.com\/cs-cz\/academy\/courses\/#primaryimage"},"thumbnailUrl":"https:\/\/www.etoro.com\/wp-content\/uploads\/2024\/05\/Czech-cs-cz_Courses_Featured-image-1200x630-1.jpg","datePublished":"2023-05-15T08:31:46+00:00","dateModified":"2026-03-23T12:55:17+00:00","description":"Nau\u010dte se investovat v na\u0161ich bezplatn\u00fdch kurzech. Od z\u00e1klad\u016f pro za\u010d\u00e1te\u010dn\u00edky a\u017e po pokro\u010dil\u00e9 techniky \u2013 v\u010detn\u011b vide\u00ed, pr\u016fvodc\u016f a dal\u0161\u00edch materi\u00e1l\u016f","breadcrumb":{"@id":"https:\/\/www.etoro.com\/cs-cz\/academy\/courses\/#breadcrumb"},"inLanguage":"cs","potentialAction":[{"@type":"ReadAction","target":["https:\/\/www.etoro.com\/cs-cz\/academy\/courses\/"]}]},{"@type":"ImageObject","inLanguage":"cs","@id":"https:\/\/www.etoro.com\/cs-cz\/academy\/courses\/#primaryimage","url":"https:\/\/www.etoro.com\/wp-content\/uploads\/2024\/05\/Czech-cs-cz_Courses_Featured-image-1200x630-1.jpg","contentUrl":"https:\/\/www.etoro.com\/wp-content\/uploads\/2024\/05\/Czech-cs-cz_Courses_Featured-image-1200x630-1.jpg","width":1200,"height":630},{"@type":"BreadcrumbList","@id":"https:\/\/www.etoro.com\/cs-cz\/academy\/courses\/#breadcrumb","itemListElement":[{"@type":"ListItem","position":1,"name":"Dom\u016f","item":"https:\/\/www.etoro.com\/cs-cz\/"},{"@type":"ListItem","position":2,"name":"eToro Academy","item":"https:\/\/www.etoro.com\/cs-cz\/academy\/"},{"@type":"ListItem","position":3,"name":"Courses"}]},{"@type":"WebSite","@id":"https:\/\/www.etoro.com\/cs-cz\/#website","url":"https:\/\/www.etoro.com\/cs-cz\/","name":"eToro","description":"","publisher":{"@id":"https:\/\/www.etoro.com\/cs-cz\/#organization"},"potentialAction":[{"@type":"SearchAction","target":{"@type":"EntryPoint","urlTemplate":"https:\/\/www.etoro.com\/cs-cz\/?s={search_term_string}"},"query-input":{"@type":"PropertyValueSpecification","valueRequired":true,"valueName":"search_term_string"}}],"inLanguage":"cs"},[]]}},"_links":{"self":[{"href":"https:\/\/www.etoro.com\/cs-cz\/wp-json\/wp\/v2\/pages\/704217"}],"collection":[{"href":"https:\/\/www.etoro.com\/cs-cz\/wp-json\/wp\/v2\/pages"}],"about":[{"href":"https:\/\/www.etoro.com\/cs-cz\/wp-json\/wp\/v2\/types\/page"}],"author":[{"embeddable":true,"href":"https:\/\/www.etoro.com\/cs-cz\/wp-json\/wp\/v2\/users\/75"}],"replies":[{"embeddable":true,"href":"https:\/\/www.etoro.com\/cs-cz\/wp-json\/wp\/v2\/comments?post=704217"}],"version-history":[{"count":0,"href":"https:\/\/www.etoro.com\/cs-cz\/wp-json\/wp\/v2\/pages\/704217\/revisions"}],"up":[{"embeddable":true,"href":"https:\/\/www.etoro.com\/cs-cz\/wp-json\/wp\/v2\/pages\/331555"}],"wp:featuredmedia":[{"embeddable":true,"href":"https:\/\/www.etoro.com\/cs-cz\/wp-json\/wp\/v2\/media\/883873"}],"wp:attachment":[{"href":"https:\/\/www.etoro.com\/cs-cz\/wp-json\/wp\/v2\/media?parent=704217"}],"wp:term":[{"taxonomy":"asset_type","embeddable":true,"href":"https:\/\/www.etoro.com\/cs-cz\/wp-json\/wp\/v2\/asset_type?post=704217"}],"curies":[{"name":"wp","href":"https:\/\/api.w.org\/{rel}","templated":true}]}}