{"id":861741,"date":"2024-03-20T15:52:22","date_gmt":"2024-03-20T13:52:22","guid":{"rendered":"https:\/\/www.etoro.com\/investing\/sp-500-investing-strategies\/"},"modified":"2025-05-27T11:25:19","modified_gmt":"2025-05-27T08:25:19","slug":"sp-500-investing-strategies","status":"publish","type":"page","link":"https:\/\/www.etoro.com\/cs-cz\/investing\/sp-500-investing-strategies\/","title":{"rendered":"Dlouhodob\u00e9 investi\u010dn\u00ed strategie pro S&amp;P 500"},"content":{"rendered":"\n<p class=\"is-style-summary\">Dlouhodob\u00e9 investi\u010dn\u00ed strategie, nejen v p\u0159\u00edpad\u011b S&amp;P 500, stav\u00ed na trp\u011blivosti, discipl\u00edn\u011b a v\u00ed\u0159e v r\u016fst trhu. Nam\u00edsto snahy \u010dasovat trh se soust\u0159ed\u00ed na konzistentn\u00ed dr\u017een\u00ed \u0161iroce diverzifikovan\u00fdch aktiv, jako je index S&amp;P 500. Kl\u00ed\u010dem k \u00fasp\u011bchu je konzistence, trp\u011blivost a diverzifikace.<\/p>\n\n\n\n<hr class=\"wp-block-separator wp-block-separator-color-dark-grey wp-block-separator-spaces-medium wp-block-separator-weight-1\"\/>\n\n\n\n<p><strong>Index S&amp;P 500 je pravd\u011bpodobn\u011b nejzn\u00e1m\u011bj\u0161\u00ed a nejvyu\u017e\u00edvan\u011bj\u0161\u00ed index v investi\u010dn\u00edm sv\u011bt\u011b<\/strong>. Sv\u00e9 m\u00edsto na v\u00fdslun\u00ed si z\u00edskal pe\u010dliv\u00fdm v\u00fdb\u011brem zahrnut\u00fdch spole\u010dnost\u00ed a \u0161irokou expozic\u00ed v\u016f\u010di spole\u010dnostem z r\u016fzn\u00fdch sektor\u016f. \u010casto jej vyhled\u00e1vaj\u00ed investo\u0159i vyzn\u00e1vaj\u00edc\u00ed <a href=\"https:\/\/www.etoro.com\/cs-cz\/investing\/passive-and-dividends\/\">pasivn\u00ed investov\u00e1n\u00ed<\/a>.<\/p>\n\n\n\n<h2 class=\"wp-block-heading\">S\u00edla dlouhodob\u00e9ho investov\u00e1n\u00ed do indexu S&amp;P 500<\/h2>\n\n\n\n<p>Historick\u00fd v\u00fdkon S&amp;P 500 ukazuje s\u00edlu dlouhodob\u00e9ho investov\u00e1n\u00ed. <strong>Dr\u017een\u00edm tohoto indexu po dlouh\u00e9 obdob\u00ed m\u016f\u017eete zv\u00fd\u0161it \u0161ance na dosa\u017een\u00ed investi\u010dn\u00edch v\u00fdnos\u016f<\/strong> z konzistentn\u00edho r\u016fstu hodnoty investice a <strong>slo\u017een\u00e9ho \u00faro\u010den\u00ed<\/strong>.<\/p>\n\n\n\n<p>Jak vid\u00edte na n\u00ed\u017ee uveden\u00e9m grafu, kter\u00fd zn\u00e1zor\u0148uje <strong>celkov\u00fd v\u00fdnos <\/strong><a href=\"https:\/\/www.etoro.com\/cs-cz\/markets\/spx500\"><strong>indexu S&amp;P 500<\/strong><\/a><strong> za 20 let, index vyk\u00e1zal pr\u016fm\u011brn\u00fd ro\u010dn\u00ed v\u00fdnos 10,13 %<\/strong>. Tento siln\u00fd r\u016fst je d\u016fkazem odolnosti a potenci\u00e1lu sv\u011btov\u00e9 ekonomiky v pr\u016fb\u011bhu \u010dasu.<\/p>\n\n\n\n<figure class=\"wp-block-image size-full\"><img loading=\"lazy\" decoding=\"async\" width=\"756\" height=\"400\" src=\"https:\/\/www.etoro.com\/wp-content\/uploads\/2024\/03\/Graph-2.png\" alt=\"\" class=\"wp-image-861361 wp-image-desktop\" srcset=\"https:\/\/www.etoro.com\/wp-content\/uploads\/2024\/03\/Graph-2.png 756w, https:\/\/www.etoro.com\/wp-content\/uploads\/2024\/03\/Graph-2-300x159.png 300w\" sizes=\"(max-width: 756px) 100vw, 756px\" \/><\/figure>\n\n\n\n<p class=\"is-style-disclaimer\"><em>Zdroj: eToro<\/em><\/p>\n\n\n\n<h2 class=\"wp-block-heading\">Tipy pro dlouhodob\u00e9 investov\u00e1n\u00ed do indexu S&amp;P 500<\/h2>\n\n\n\n<ol class=\"wp-block-list wp-block-list\">\n<li><strong>Trp\u011blivost p\u0159in\u00e1\u0161\u00ed r\u016f\u017ee:<\/strong> Dlouhodob\u00e1 investice vy\u017eaduje trp\u011blivost. Historick\u00e1 data pro S&amp;P 500 ukazuj\u00ed, \u017ee i p\u0159es kr\u00e1tkodob\u00e1 obdob\u00ed <strong>volatility<\/strong>, <strong>dlouhodob\u00e9 dr\u017een\u00ed pozic investor\u016fm obvykle p\u0159inese zaj\u00edmav\u00e9 v\u00fdnosy<\/strong>.<\/li>\n\n\n\n<li><strong>Konzistence je d\u016fle\u017eit\u011bj\u0161\u00ed ne\u017e \u010dasov\u00e1n\u00ed: <\/strong>Pravideln\u00e9 navy\u0161ov\u00e1n\u00ed sv\u00e9 pozice v S&amp;P 500, nap\u0159\u00edklad na m\u011bs\u00ed\u010dn\u00ed b\u00e1zi, bude m\u00edt na va\u0161i \u00fasp\u011b\u0161nost pravd\u011bpodobn\u011b lep\u0161\u00ed vliv ne\u017e pokusy na\u010dasovat trh. <a href=\"https:\/\/finex.cz\/casovani-investic\/\" target=\"_blank\" rel=\"noreferrer noopener\">Pravideln\u00e9 investov\u00e1n\u00ed<\/a> pom\u00e1h\u00e1 dos\u00e1hnout zisk\u016f t\u00edm, \u017ee v<strong> dlouhodob\u00e9m horizontu pr\u016fm\u011bruje n\u00e1klady na zakoupen\u00e9 pozice<\/strong>, jde o strategii<strong> dollar cost averaging (DCA)<\/strong>.<\/li>\n\n\n\n<li><strong>Diverzifikace v r\u00e1mci indexu:<\/strong> A\u010dkoliv index S&amp;P 500 s\u00e1m o sob\u011b nab\u00edz\u00ed<strong> diverzifikaci<\/strong>, <strong>zva\u017ete i dal\u0161\u00ed rozlo\u017een\u00ed sv\u00e9ho kapit\u00e1lu pro zm\u00edrn\u011bn\u00ed potenci\u00e1ln\u00edch rizik souvisej\u00edc\u00edch s ur\u010dit\u00fdm sektorem<\/strong>. Toho m\u016f\u017eete dos\u00e1hnout pomoc\u00ed r\u016fzn\u00fdch fond\u016f zam\u011b\u0159en\u00fdch na jednotliv\u00e9 <a href=\"https:\/\/finlord.cz\/2024\/01\/vykonnost-sektoru-sp-500-ohodnoceni\/\" target=\"_blank\" rel=\"noreferrer noopener\">sektory S&amp;P 500<\/a>, jako jsou technologie, zdravotnictv\u00ed a finance.<\/li>\n<\/ol>\n\n\n\n<h2 class=\"wp-block-heading\">Pohled Warrena Buffetta<\/h2>\n\n\n\n<p>Jak jsme zm\u00ednili v na\u0161em p\u0159edchoz\u00edm \u010dl\u00e1nku,<strong> filozofie Warrena Buffetta ohledn\u011b dlouhodob\u00e9ho investov\u00e1n\u00ed do index\u016f z\u016fst\u00e1v\u00e1 nad\u010dasov\u00e1<\/strong>. Proslul sv\u00fdm v\u00fdrokem:<\/p>\n\n\n\n<blockquote class=\"wp-block-quote wp-block-quote-scheme-green is-layout-flow wp-block-quote-is-layout-flow\">\n<p>\u201eN\u00e1\u0161 obl\u00edben\u00fd investi\u010dn\u00ed horizont pro dr\u017een\u00ed cenn\u00fdch pap\u00edr\u016f je nav\u017edy.\u201d<\/p>\n<cite><a href=\"https:\/\/www.dotyk.cz\/byznys\/warren-buffett-20200608.html\" rel=\"nofollow noopener noreferrer\" >Warren Buffett<\/a><\/cite><\/blockquote>\n\n\n\n<p>Tento Buffet\u016fv v\u00fdrok<strong> dokonale koresponduje s p\u0159\u00edstupem dlouhodob\u00e9ho investov\u00e1n\u00ed<\/strong> do indexu S&amp;P 500.<\/p>\n\n\n\n<h2 class=\"wp-block-heading\">Pochopte dlouhodob\u00fd horizont<\/h2>\n\n\n\n<p>Dlouhodob\u00e9 investov\u00e1n\u00ed do indexu S&amp;P 500 <strong>nen\u00ed jen o p\u0159ekon\u00e1n\u00ed vzestup\u016f a pokles\u016f \u2013 jde o pochopen\u00ed a vyu\u017eit\u00ed <\/strong><a href=\"https:\/\/www.etoro.com\/cs-cz\/investing\/market-and-economic-cycles\/\"><strong>cyklick\u00e9 povahy trh\u016f<\/strong><\/a> za \u00fa\u010delem zaji\u0161t\u011bn\u00ed dlouhodob\u00fdch zisk\u016f. Tento p\u0159\u00edstup lad\u00ed s designem indexu, kter\u00fd v pr\u016fb\u011bhu \u010dasu odr\u00e1\u017e\u00ed a vyu\u017e\u00edv\u00e1 \u0161irok\u00e9 tr\u017en\u00ed trendy.<\/p>\n\n\n\n<h2 class=\"wp-block-heading\">Role S&amp;P 500 v diverzifikovan\u00e9m portfoliu<\/h2>\n\n\n\n<p><strong>Za\u010dlen\u011bn\u00ed indexu S&amp;P 500 do diverzifikovan\u00e9ho portfolia nab\u00edz\u00ed velk\u00fd potenci\u00e1l pro dlouhodob\u00fd r\u016fst<\/strong>. Z\u00e1sadn\u00ed je ov\u0161em doplnit pozice v indexu tak\u00e9 o jin\u00e9 typy investic, kter\u00e9 odpov\u00eddaj\u00ed va\u0161im preferenc\u00edm, <a href=\"https:\/\/www.etoro.com\/cs-cz\/investing\/risk-management\/\">toleranci rizika<\/a> a finan\u010dn\u00edm c\u00edl\u016fm, \u010d\u00edm\u017e si zajist\u00edte vyv\u00e1\u017eenou investi\u010dn\u00ed strategii.<\/p>\n\n\n\n<h2 class=\"wp-block-heading\">Shrnut\u00ed<\/h2>\n\n\n\n<p>Pokud jste dlouhodob\u00ed investo\u0159i, index S&amp;P 500 rozhodn\u011b stoj\u00ed za zv\u00e1\u017een\u00ed. <strong>Nab\u00edz\u00ed kombinaci stability, diverzifikace a potenci\u00e1lu pro r\u016fst<\/strong>. Jeho historick\u00e1 v\u00fdkonnost, kterou sledujeme po cel\u00e1 desetilet\u00ed, zd\u016fraz\u0148uje v\u00fdhody trp\u011bliv\u00e9 a konzistentn\u00ed <a href=\"https:\/\/www.etoro.com\/cs-cz\/investing\/investment-strategies\/\">investi\u010dn\u00ed strategie<\/a>.<\/p>\n\n\n\n<p>S&amp;P 500 je v\u00edc ne\u017e jen index \u2013 je to <strong>obl\u00edben\u00fd n\u00e1stroj pro potenci\u00e1ln\u011b stabiln\u00ed zaji\u0161t\u011bn\u00ed dlouhodob\u00fdch investi\u010dn\u00edch c\u00edl\u016f<\/strong>.<\/p>\n\n\n\n<p>Objevte dal\u0161\u00ed u\u017eite\u010dn\u00e9 investi\u010dn\u00ed strategie v <a href=\"https:\/\/www.etoro.com\/cs-cz\/academy\/\">akademii eToro<\/a>.\u00a0<\/p>\n\n\n\n<h2 class=\"wp-block-heading\">\u010cast\u00e9 dotazy<\/h2>\n\n\n\n<dl class=\"wp-block-etoro-faq\">\n<div class=\"wp-block-etoro-faq-item\"><dt class=\"wp-block-etoro-faq-item-question\">Jak r\u016fzn\u00e9 ekonomick\u00e9 cykly ovliv\u0148uj\u00ed v\u00fdkon S&amp;P 500 v dlouhodob\u00e9m horizontu?<\/dt><dd class=\"wp-block-etoro-faq-item-answer\">\n<p>Ekonomick\u00e9 cykly, jako je obdob\u00ed expanze a recese, v\u010detn\u011b kol\u00eds\u00e1n\u00ed \u00farokov\u00fdch sazeb mohou v\u00fdznamn\u011b ovlivnit v\u00fdkonnost indexu S&amp;P 500. Historicky index prok\u00e1zal svou odolnost, v\u017edy se zotavil z pokles\u016f a v dlouhodob\u00e9m horizontu op\u011bt dos\u00e1hl r\u016fstu. To odr\u00e1\u017e\u00ed celkovou s\u00edlu <a href=\"https:\/\/www.etoro.com\/cs-cz\/investing\/how-to-build-an-investment-portfolio\/\">diverzifikovan\u00e9ho portfolia<\/a> spole\u010dnost\u00ed, kter\u00e9 v n\u011bm jsou zahrnuty.<\/p>\n<\/dd><\/div>\n\n\n\n<div class=\"wp-block-etoro-faq-item\"><dt class=\"wp-block-etoro-faq-item-question\">Jak inflace a zm\u011bny \u00farokov\u00fdch sazeb ovliv\u0148uj\u00ed dlouhodob\u00e9 investice do S&amp;P 500?<\/dt><dd class=\"wp-block-etoro-faq-item-answer\">\n<p><a href=\"https:\/\/www.etoro.com\/cs-cz\/news-and-analysis\/etoro-updates\/is-inflation-the-biggest-threat-to-your-portfolio\/\">Inflace<\/a> a \u00farokov\u00e9 sazby mohou ovlivnit va\u0161e v\u00fdnosy z indexu S&amp;P 500, podobn\u011b jako je tomu u ostatn\u00edch aktiv. Typicky vysok\u00e1 inflace nebo rostouc\u00ed \u00farokov\u00e9 sazby mohou v\u00e9st ke kr\u00e1tkodob\u00fdm pokles\u016fm. Nicm\u00e9n\u011b v dlouhodob\u00e9m horizontu index prok\u00e1zal svou schopnost p\u0159izp\u016fsobit se a pokra\u010dovat ve sv\u00e9 r\u016fstov\u00e9 trajektorii.<\/p>\n<\/dd><\/div>\n\n\n\n<div class=\"wp-block-etoro-faq-item\"><dt class=\"wp-block-etoro-faq-item-question\">Existuje optim\u00e1ln\u00ed \u010das nebo ur\u010dit\u00e1 tr\u017en\u00ed podm\u00ednka pro vstup do dlouhodob\u00e9 investice do S&amp;P 500?<\/dt><dd class=\"wp-block-etoro-faq-item-answer\">\n<p>\u010casov\u00e1n\u00ed trhu je n\u00e1ro\u010dn\u00e9 a ani ti nejlep\u0161\u00ed ho nezvl\u00e1daj\u00ed dokonale. Dlouhodob\u00e9 investov\u00e1n\u00ed nen\u00ed o vyhled\u00e1v\u00e1n\u00ed perfektn\u00edho okam\u017eiku pro vstup, ale sp\u00ed\u0161e o konzistentn\u00ed \u00fa\u010dasti v trhu. Pokud za\u010dnete <a href=\"https:\/\/www.etoro.com\/cs-cz\/investing\/why-should-i-start-investing\/\">investovat<\/a> a budete svoji pozici pravideln\u011b roz\u0161i\u0159ovat, \u010dasto v dlouhodob\u00e9m horizontu dos\u00e1hnete stejn\u00fdch, ne-li lep\u0161\u00edch v\u00fdsledk\u016f, ne\u017e pokud byste se sna\u017eili trh\u00a0 \u010dasovat.<\/p>\n<\/dd><\/div>\n<\/dl>\n\n\n\n\t\t<style>\n\t\t\t.rtl .etoro-block-shortcode-disclaimer {\n\t\t\t\ttext-align:right;\n\t\t\t}\n\t\t\t.etoro-block-shortcode-disclaimer {\n\t\t\t\tmargin-bottom:18px;\n\t\t\t\ttext-align:left;\n\t\t\t}\n\t\t\t.etoro-block-shortcode-disclaimer p{\n\t\t\t\tfont-size: 12px;\n\t\t\t\tline-height: 18px;\n\t\t\t}\n\t\t\t@media (min-width: 768px) {\n\t\t\t\t.etoro-block-shortcode-disclaimer {\n\t\t\t\t\tmax-width:1176px;\n\t\t\t\t\ttext-align:center;\n\t\t\t\t}\n\t\t\t\t.etoro-block-shortcode-disclaimer p {\n\t\t\t\t\tfont-size: 14px;\n\t\t\t\t\tline-height: 20px;\n\t\t\t\t}\n\t\t\t}\n\t\t<\/style>\n\t\t<div class='etoro-block-shortcode-disclaimer'><p>Tyto informace slou\u017e\u00ed pouze pro vzd\u011bl\u00e1vac\u00ed \u00fa\u010dely a nelze je pova\u017eovat za investi\u010dn\u00ed poradenstv\u00ed, osobn\u00ed doporu\u010den\u00ed, nab\u00eddku nebo v\u00fdzvu k n\u00e1kupu \u010di prodeji jak\u00fdchkoli finan\u010dn\u00edch n\u00e1stroj\u016f.<\/p>\n<p>Tento materi\u00e1l byl p\u0159ipraven bez ohledu na konkr\u00e9tn\u00ed investi\u010dn\u00ed c\u00edle nebo finan\u010dn\u00ed situaci a nebyl p\u0159ipraven v souladu s pr\u00e1vn\u00edmi a regula\u010dn\u00edmi po\u017eadavky na podporu nez\u00e1visl\u00e9ho v\u00fdzkumu.<\/p>\n<p><strong>Ne v\u0161echny zmi\u0148ovan\u00e9 finan\u010dn\u00ed n\u00e1stroje a slu\u017eby jsou nab\u00edzeny na eToro<\/strong> a jak\u00e9koli odkazy na minulou v\u00fdkonnost finan\u010dn\u00edho n\u00e1stroje, indexu nebo investi\u010dn\u00edho produktu nejsou a nem\u011bly by b\u00fdt pova\u017eov\u00e1ny za spolehliv\u00fd ukazatel budouc\u00edch v\u00fdsledk\u016f. <strong>Dostupnost v\u0161ech v\u00fd\u0161e uveden\u00fdch produkt\u016f a slu\u017eeb se m\u016f\u017ee li\u0161it v z\u00e1vislosti na jurisdikci a zemi.<\/strong><\/p>\n<p>eToro nezaru\u010duje p\u0159esnost ani \u00faplnost obsahu tohoto pr\u016fvodce a nep\u0159eb\u00edr\u00e1 v tomto ohledu \u017e\u00e1dnou odpov\u011bdnost. P\u0159ed vlo\u017een\u00edm kapit\u00e1lu se ujist\u011bte, \u017ee rozum\u00edte rizik\u016fm spojen\u00fdm s obchodov\u00e1n\u00edm. Nikdy neriskujte v\u00edce, ne\u017e jste p\u0159ipraveni ztratit.<\/p>\n<\/div>\n","protected":false},"excerpt":{"rendered":"<p>Dlouhodob\u00e9 investi\u010dn\u00ed strategie, nejen v p\u0159\u00edpad\u011b S&amp;P 500, stav\u00ed na trp\u011blivosti, discipl\u00edn\u011b a v\u00ed\u0159e v r\u016fst trhu. Nam\u00edsto snahy \u010dasovat trh se soust\u0159ed\u00ed na konzistentn\u00ed dr\u017een\u00ed \u0161iroce diverzifikovan\u00fdch aktiv, jako je index S&amp;P 500. Kl\u00ed\u010dem k \u00fasp\u011bchu je konzistence, trp\u011blivost a diverzifikace. Index S&amp;P 500 je pravd\u011bpodobn\u011b nejzn\u00e1m\u011bj\u0161\u00ed a nejvyu\u017e\u00edvan\u011bj\u0161\u00ed index v investi\u010dn\u00edm sv\u011bt\u011b. Sv\u00e9&hellip;<\/p>\n","protected":false},"author":96,"featured_media":1070159,"parent":19761,"menu_order":0,"comment_status":"closed","ping_status":"closed","template":"","meta":{"_acf_changed":false,"inline_featured_image":false,"sticky_cta_settings":"","footnotes":""},"asset_type":[6601],"class_list":["post-861741","page","type-page","status-publish","has-post-thumbnail","hentry","asset_type-is-cfd"],"acf":[],"yoast_head":"<title>Dlouhodob\u00e9 investi\u010dn\u00ed strategie pro index S&amp;P 500 | eToro<\/title>\n<meta name=\"description\" content=\"Objevte v\u00fdhody dlouhodob\u00e9ho investov\u00e1n\u00ed do indexu S&amp;P 500. Seznamte se s kl\u00ed\u010dov\u00fdmi strategiemi pro dlouhodob\u00fd \u00fasp\u011bch.\" \/>\n<meta name=\"robots\" content=\"index, follow, max-snippet:-1, max-image-preview:large, max-video-preview:-1\" \/>\n<link rel=\"canonical\" href=\"https:\/\/www.etoro.com\/cs-cz\/wp-json\/wp\/v2\/pages\/861741\" \/>\n<meta property=\"og:locale\" content=\"cs_CZ\" \/>\n<meta property=\"og:type\" content=\"article\" \/>\n<meta property=\"og:title\" content=\"Dlouhodob\u00e9 investi\u010dn\u00ed strategie pro index S&amp;P 500 | eToro\" \/>\n<meta property=\"og:description\" content=\"Objevte v\u00fdhody dlouhodob\u00e9ho investov\u00e1n\u00ed do indexu S&amp;P 500. Seznamte se s kl\u00ed\u010dov\u00fdmi strategiemi pro dlouhodob\u00fd \u00fasp\u011bch.\" \/>\n<meta property=\"og:url\" content=\"https:\/\/www.etoro.com\/cs-cz\/wp-json\/wp\/v2\/pages\/861741\" \/>\n<meta property=\"og:site_name\" content=\"eToro\" \/>\n<meta property=\"article:publisher\" content=\"https:\/\/www.facebook.com\/eToro\/\" \/>\n<meta property=\"article:modified_time\" content=\"2025-05-27T08:25:19+00:00\" \/>\n<meta property=\"og:image\" content=\"https:\/\/www.etoro.com\/wp-content\/uploads\/2025\/05\/CZ-SP-500-Article-2_Featured-image.png\" \/>\n\t<meta property=\"og:image:width\" content=\"1200\" \/>\n\t<meta property=\"og:image:height\" content=\"630\" \/>\n\t<meta property=\"og:image:type\" content=\"image\/png\" \/>\n<meta name=\"twitter:card\" content=\"summary_large_image\" \/>\n<meta name=\"twitter:site\" content=\"@eToro\" \/>\n<meta name=\"twitter:label1\" content=\"Est. reading time\" \/>\n\t<meta name=\"twitter:data1\" content=\"5 minutes\" \/>\n<script type=\"application\/ld+json\" class=\"yoast-schema-graph\">{\"@context\":\"https:\/\/schema.org\",\"@graph\":[{\"@type\":\"WebPage\",\"@id\":\"https:\/\/www.etoro.com\/cs-cz\/investing\/sp-500-investing-strategies\/\",\"url\":\"https:\/\/www.etoro.com\/cs-cz\/investing\/sp-500-investing-strategies\/\",\"name\":\"Dlouhodob\u00e9 investi\u010dn\u00ed strategie pro index S&P 500 | eToro\",\"isPartOf\":{\"@id\":\"https:\/\/www.etoro.com\/cs-cz\/#website\"},\"primaryImageOfPage\":{\"@id\":\"https:\/\/www.etoro.com\/cs-cz\/investing\/sp-500-investing-strategies\/#primaryimage\"},\"image\":{\"@id\":\"https:\/\/www.etoro.com\/cs-cz\/investing\/sp-500-investing-strategies\/#primaryimage\"},\"thumbnailUrl\":\"https:\/\/www.etoro.com\/wp-content\/uploads\/2025\/05\/CZ-SP-500-Article-2_Featured-image.png\",\"datePublished\":\"2024-03-20T13:52:22+00:00\",\"dateModified\":\"2025-05-27T08:25:19+00:00\",\"description\":\"Objevte v\u00fdhody dlouhodob\u00e9ho investov\u00e1n\u00ed do indexu S&P 500. Seznamte se s kl\u00ed\u010dov\u00fdmi strategiemi pro dlouhodob\u00fd \u00fasp\u011bch.\",\"breadcrumb\":{\"@id\":\"https:\/\/www.etoro.com\/cs-cz\/investing\/sp-500-investing-strategies\/#breadcrumb\"},\"inLanguage\":\"cs\",\"potentialAction\":[{\"@type\":\"ReadAction\",\"target\":[\"https:\/\/www.etoro.com\/cs-cz\/investing\/sp-500-investing-strategies\/\"]}]},{\"@type\":\"ImageObject\",\"inLanguage\":\"cs\",\"@id\":\"https:\/\/www.etoro.com\/cs-cz\/investing\/sp-500-investing-strategies\/#primaryimage\",\"url\":\"https:\/\/www.etoro.com\/wp-content\/uploads\/2025\/05\/CZ-SP-500-Article-2_Featured-image.png\",\"contentUrl\":\"https:\/\/www.etoro.com\/wp-content\/uploads\/2025\/05\/CZ-SP-500-Article-2_Featured-image.png\",\"width\":1200,\"height\":630},{\"@type\":\"BreadcrumbList\",\"@id\":\"https:\/\/www.etoro.com\/cs-cz\/investing\/sp-500-investing-strategies\/#breadcrumb\",\"itemListElement\":[{\"@type\":\"ListItem\",\"position\":1,\"name\":\"Dom\u016f\",\"item\":\"https:\/\/www.etoro.com\/cs-cz\/\"},{\"@type\":\"ListItem\",\"position\":2,\"name\":\"Investice\",\"item\":\"https:\/\/www.etoro.com\/cs-cz\/investing\/\"},{\"@type\":\"ListItem\",\"position\":3,\"name\":\"Dlouhodob\u00e9 investi\u010dn\u00ed strategie pro S&amp;P 500\"}]},{\"@type\":\"WebSite\",\"@id\":\"https:\/\/www.etoro.com\/cs-cz\/#website\",\"url\":\"https:\/\/www.etoro.com\/cs-cz\/\",\"name\":\"eToro\",\"description\":\"\",\"publisher\":{\"@id\":\"https:\/\/www.etoro.com\/cs-cz\/#organization\"},\"potentialAction\":[{\"@type\":\"SearchAction\",\"target\":{\"@type\":\"EntryPoint\",\"urlTemplate\":\"https:\/\/www.etoro.com\/cs-cz\/?s={search_term_string}\"},\"query-input\":{\"@type\":\"PropertyValueSpecification\",\"valueRequired\":true,\"valueName\":\"search_term_string\"}}],\"inLanguage\":\"cs\"},[]]}<\/script>","yoast_head_json":{"title":"Dlouhodob\u00e9 investi\u010dn\u00ed strategie pro index S&P 500 | eToro","description":"Objevte v\u00fdhody dlouhodob\u00e9ho investov\u00e1n\u00ed do indexu S&P 500. Seznamte se s kl\u00ed\u010dov\u00fdmi strategiemi pro dlouhodob\u00fd \u00fasp\u011bch.","robots":{"index":"index","follow":"follow","max-snippet":"max-snippet:-1","max-image-preview":"max-image-preview:large","max-video-preview":"max-video-preview:-1"},"canonical":"https:\/\/www.etoro.com\/cs-cz\/wp-json\/wp\/v2\/pages\/861741","og_locale":"cs_CZ","og_type":"article","og_title":"Dlouhodob\u00e9 investi\u010dn\u00ed strategie pro index S&P 500 | eToro","og_description":"Objevte v\u00fdhody dlouhodob\u00e9ho investov\u00e1n\u00ed do indexu S&P 500. Seznamte se s kl\u00ed\u010dov\u00fdmi strategiemi pro dlouhodob\u00fd \u00fasp\u011bch.","og_url":"https:\/\/www.etoro.com\/cs-cz\/wp-json\/wp\/v2\/pages\/861741","og_site_name":"eToro","article_publisher":"https:\/\/www.facebook.com\/eToro\/","article_modified_time":"2025-05-27T08:25:19+00:00","og_image":[{"width":1200,"height":630,"url":"https:\/\/www.etoro.com\/wp-content\/uploads\/2025\/05\/CZ-SP-500-Article-2_Featured-image.png","type":"image\/png"}],"twitter_card":"summary_large_image","twitter_site":"@eToro","twitter_misc":{"Est. reading time":"5 minutes"},"schema":{"@context":"https:\/\/schema.org","@graph":[{"@type":"WebPage","@id":"https:\/\/www.etoro.com\/cs-cz\/investing\/sp-500-investing-strategies\/","url":"https:\/\/www.etoro.com\/cs-cz\/investing\/sp-500-investing-strategies\/","name":"Dlouhodob\u00e9 investi\u010dn\u00ed strategie pro index S&P 500 | eToro","isPartOf":{"@id":"https:\/\/www.etoro.com\/cs-cz\/#website"},"primaryImageOfPage":{"@id":"https:\/\/www.etoro.com\/cs-cz\/investing\/sp-500-investing-strategies\/#primaryimage"},"image":{"@id":"https:\/\/www.etoro.com\/cs-cz\/investing\/sp-500-investing-strategies\/#primaryimage"},"thumbnailUrl":"https:\/\/www.etoro.com\/wp-content\/uploads\/2025\/05\/CZ-SP-500-Article-2_Featured-image.png","datePublished":"2024-03-20T13:52:22+00:00","dateModified":"2025-05-27T08:25:19+00:00","description":"Objevte v\u00fdhody dlouhodob\u00e9ho investov\u00e1n\u00ed do indexu S&P 500. Seznamte se s kl\u00ed\u010dov\u00fdmi strategiemi pro dlouhodob\u00fd \u00fasp\u011bch.","breadcrumb":{"@id":"https:\/\/www.etoro.com\/cs-cz\/investing\/sp-500-investing-strategies\/#breadcrumb"},"inLanguage":"cs","potentialAction":[{"@type":"ReadAction","target":["https:\/\/www.etoro.com\/cs-cz\/investing\/sp-500-investing-strategies\/"]}]},{"@type":"ImageObject","inLanguage":"cs","@id":"https:\/\/www.etoro.com\/cs-cz\/investing\/sp-500-investing-strategies\/#primaryimage","url":"https:\/\/www.etoro.com\/wp-content\/uploads\/2025\/05\/CZ-SP-500-Article-2_Featured-image.png","contentUrl":"https:\/\/www.etoro.com\/wp-content\/uploads\/2025\/05\/CZ-SP-500-Article-2_Featured-image.png","width":1200,"height":630},{"@type":"BreadcrumbList","@id":"https:\/\/www.etoro.com\/cs-cz\/investing\/sp-500-investing-strategies\/#breadcrumb","itemListElement":[{"@type":"ListItem","position":1,"name":"Dom\u016f","item":"https:\/\/www.etoro.com\/cs-cz\/"},{"@type":"ListItem","position":2,"name":"Investice","item":"https:\/\/www.etoro.com\/cs-cz\/investing\/"},{"@type":"ListItem","position":3,"name":"Dlouhodob\u00e9 investi\u010dn\u00ed strategie pro S&amp;P 500"}]},{"@type":"WebSite","@id":"https:\/\/www.etoro.com\/cs-cz\/#website","url":"https:\/\/www.etoro.com\/cs-cz\/","name":"eToro","description":"","publisher":{"@id":"https:\/\/www.etoro.com\/cs-cz\/#organization"},"potentialAction":[{"@type":"SearchAction","target":{"@type":"EntryPoint","urlTemplate":"https:\/\/www.etoro.com\/cs-cz\/?s={search_term_string}"},"query-input":{"@type":"PropertyValueSpecification","valueRequired":true,"valueName":"search_term_string"}}],"inLanguage":"cs"},[]]}},"_links":{"self":[{"href":"https:\/\/www.etoro.com\/cs-cz\/wp-json\/wp\/v2\/pages\/861741"}],"collection":[{"href":"https:\/\/www.etoro.com\/cs-cz\/wp-json\/wp\/v2\/pages"}],"about":[{"href":"https:\/\/www.etoro.com\/cs-cz\/wp-json\/wp\/v2\/types\/page"}],"author":[{"embeddable":true,"href":"https:\/\/www.etoro.com\/cs-cz\/wp-json\/wp\/v2\/users\/96"}],"replies":[{"embeddable":true,"href":"https:\/\/www.etoro.com\/cs-cz\/wp-json\/wp\/v2\/comments?post=861741"}],"version-history":[{"count":0,"href":"https:\/\/www.etoro.com\/cs-cz\/wp-json\/wp\/v2\/pages\/861741\/revisions"}],"up":[{"embeddable":true,"href":"https:\/\/www.etoro.com\/cs-cz\/wp-json\/wp\/v2\/pages\/19761"}],"wp:featuredmedia":[{"embeddable":true,"href":"https:\/\/www.etoro.com\/cs-cz\/wp-json\/wp\/v2\/media\/1070159"}],"wp:attachment":[{"href":"https:\/\/www.etoro.com\/cs-cz\/wp-json\/wp\/v2\/media?parent=861741"}],"wp:term":[{"taxonomy":"asset_type","embeddable":true,"href":"https:\/\/www.etoro.com\/cs-cz\/wp-json\/wp\/v2\/asset_type?post=861741"}],"curies":[{"name":"wp","href":"https:\/\/api.w.org\/{rel}","templated":true}]}}