{"id":867139,"date":"2024-01-05T14:43:27","date_gmt":"2024-01-05T12:43:27","guid":{"rendered":"https:\/\/www.etoro.com\/about\/club\/tax-partners\/"},"modified":"2024-04-11T13:16:41","modified_gmt":"2024-04-11T10:16:41","slug":"tax-partners","status":"publish","type":"page","link":"https:\/\/www.etoro.com\/cs-cz\/about\/club\/tax-partners\/","title":{"rendered":"Tax Partners"},"content":{"rendered":"\n<section class=\"wp-block-group wp-block-group-boxed wp-block-group-medium-bottom-padding has-white-background-color has-background\"><div class=\"wp-block-group-inner is-layout-flow wp-block-group-is-layout-flow\">\n<div class=\"wp-block-columns are-vertically-aligned-top wp-block-columns-1 wp-block-columns-size-14 is-layout-flex wp-container-core-columns-is-layout-1 wp-block-columns-is-layout-flex\">\n<div class=\"wp-block-column wp-block-column-align-desktop-center wp-block-column-align-mobile-left is-layout-flow wp-block-column-is-layout-flow\">\n<p class=\"has-text-align-center\">Jako \u010dlen klubu eToro m\u00e1te n\u00e1rok na slevu na da\u0148ov\u00e9 p\u0159izn\u00e1n\u00ed, kter\u00e9 v\u00e1m vygeneruje jeden z na\u0161ich partner\u016f. Sta\u010d\u00ed si vybrat z na\u0161eho seznamu odborn\u00fdch poskytovatel\u016f da\u0148ov\u00fdch slu\u017eeb, kte\u0159\u00ed odvedou pr\u00e1ci za v\u00e1s.<\/p>\n<\/div>\n<\/div>\n<\/div><\/section>\n\n\n\n<section class=\"wp-block-group wp-block-group-boxed wp-block-group-medium-top-padding wp-block-group-medium-bottom-padding has-white-background-color has-background\"><div class=\"wp-block-group-inner is-layout-flow wp-block-group-is-layout-flow\">\n<div class=\"wp-block-columns are-vertically-aligned-top wp-block-columns-3 is-layout-flex wp-container-core-columns-is-layout-2 wp-block-columns-is-layout-flex\">\n<div class=\"wp-block-column is-layout-flow wp-block-column-is-layout-flow\">\n<div class=\"wp-block-etoro-card wp-block-etoro-card-size-small wp-block-etoro-card-thumbnail-position-above wp-block-etoro-card-default\"><img decoding=\"async\" src=\"https:\/\/www.etoro.com\/wp-content\/uploads\/2024\/01\/flag.svg\" alt=\"Vyberte si da\u0148ov\u00e9ho partnera\" class=\"wp-block-etoro-card-thumbnail\"\/><div class=\"wp-block-etoro-card-body\"><div class=\"wp-block-etoro-card-title\">Vyberte si da\u0148ov\u00e9ho partnera<\/div><div class=\"wp-block-etoro-card-content\">\n<p><strong><strong>Ujist\u011bte se, \u017ee jste p\u0159ihl\u00e1\u0161eni, <\/strong><\/strong>a pot\u00e9 vyberte zemi sv\u00e9ho bydli\u0161t\u011b. Zobraz\u00ed se seznam dostupn\u00fdch da\u0148ov\u00fdch partner\u016f ve va\u0161em regionu.<\/p>\n<\/div><\/div><\/div>\n<\/div>\n\n\n\n<div class=\"wp-block-column is-layout-flow wp-block-column-is-layout-flow\">\n<div class=\"wp-block-etoro-card wp-block-etoro-card-size-small wp-block-etoro-card-thumbnail-position-above wp-block-etoro-card-default\"><img decoding=\"async\" src=\"https:\/\/www.etoro.com\/wp-content\/uploads\/2024\/01\/featured.svg\" alt=\"Z\u00edskejte slevu\" class=\"wp-block-etoro-card-thumbnail\"\/><div class=\"wp-block-etoro-card-body\"><div class=\"wp-block-etoro-card-title\">Z\u00edskejte slevu<\/div><div class=\"wp-block-etoro-card-content\">\n<p>\u010clenov\u00e9 klubu z\u00edsk\u00e1vaj\u00ed tyto slu\u017eby s v\u00fdraznou \u00fasporou. V\u00fd\u0161e slevy je z\u00e1visl\u00e1 na va\u0161\u00ed \u00farovni v klubu eToro.<\/p>\n<\/div><\/div><\/div>\n<\/div>\n\n\n\n<div class=\"wp-block-column is-layout-flow wp-block-column-is-layout-flow\">\n<div class=\"wp-block-etoro-card wp-block-etoro-card-size-small wp-block-etoro-card-thumbnail-position-above wp-block-etoro-card-default\"><img decoding=\"async\" src=\"https:\/\/www.etoro.com\/wp-content\/uploads\/2024\/01\/like.svg\" alt=\"Relaxujte...\" class=\"wp-block-etoro-card-thumbnail\"\/><div class=\"wp-block-etoro-card-body\"><div class=\"wp-block-etoro-card-title\">Relaxujte&#8230;<\/div><div class=\"wp-block-etoro-card-content\">\n<p>A nechte da\u0148ov\u00e9 profesion\u00e1ly, a\u0165 se pust\u00ed do pr\u00e1ce a usnadn\u00ed v\u00e1m tuto ka\u017edoro\u010dn\u00ed povinnost!<\/p>\n<\/div><\/div><\/div>\n<\/div>\n<\/div>\n<\/div><\/section>\n\n\n\n<section class=\"wp-block-group wp-block-group-boxed wp-block-group-medium-top-padding has-white-background-color has-background\"><div class=\"wp-block-group-inner is-layout-flow wp-block-group-is-layout-flow\">\n<div class=\"wp-block-columns are-vertically-aligned-top wp-block-columns-1 wp-block-columns-size-14 is-layout-flex wp-container-core-columns-is-layout-3 wp-block-columns-is-layout-flex\">\n<div class=\"wp-block-column wp-block-column-align-desktop-center wp-block-column-align-mobile-left is-layout-flow wp-block-column-is-layout-flow\">\n<p class=\"has-text-align-center\">Vezm\u011bte pros\u00edm na v\u011bdom\u00ed, \u017ee eToro bude s t\u0159et\u00ed stranou sd\u00edlet, do kter\u00e9 klubov\u00e9 \u00farovn\u011b pat\u0159\u00edte, abyste z\u00edskali odpov\u00eddaj\u00edc\u00ed slevu.<\/p>\n\n\n\n<p class=\"is-style-disclaimer\">eToro neposkytuje da\u0148ov\u00e9 poradenstv\u00ed a poskytovan\u00e9 informace by tak nem\u011bly b\u00fdt interpretov\u00e1ny.<br>Z\u00e1kazn\u00edci by m\u011bli vyhledat nez\u00e1visl\u00e9 da\u0148ov\u00e9 poradenstv\u00ed.<\/p>\n<\/div>\n<\/div>\n<\/div><\/section>\n\n\n\n<section class=\"wp-block-group wp-block-group-boxed\"><div class=\"wp-block-group-inner is-layout-flow wp-block-group-is-layout-flow\">\n<h2 class=\"wp-block-heading has-text-align-center is-style-heading-2\" id=\"choose-tax-partner\"><strong><strong>Vyberte si da\u0148ov\u00e9ho partnera<\/strong><\/strong> podle regionu<\/h2>\n\n\n\n<p class=\"has-text-align-center\">Z n\u00ed\u017ee uveden\u00e9 nab\u00eddky si vyberte po\u017eadovanou zemi a poskytovatele:<\/p>\n\n\n\n<div class=\"wp-block-etoro-tax-partners\"><div class=\"wp-block-etoro-tax-partners-select-wrapper\"><select class=\"wp-block-etoro-tax-partners-select\"><option value=\"\" disabled selected>Zem\u011b<\/option><option value=\"7453\" data-id=\"12\">Austr\u00e1lie<\/option><option value=\"6907\" data-id=\"55\">\u010cesk\u00e1 republika<\/option><option value=\"7794\" data-id=\"79\">N\u011bmecko<\/option><option value=\"7311\" data-id=\"102\">It\u00e1lie<\/option><option value=\"6913\" data-id=\"132\">Mexiko<\/option><option value=\"6911\" data-id=\"164\">Polsko<\/option><option value=\"6914\" data-id=\"165\">Portugalsko<\/option><option value=\"6908\" data-id=\"168\">Rumunsko<\/option><option value=\"6912\" data-id=\"184\">Slovensko<\/option><option value=\"6909\" data-id=\"185\">Slovinsko<\/option><option value=\"6910\" data-id=\"191\">\u0160pan\u011blsko<\/option><option value=\"6915\" data-id=\"196\">\u0160v\u00e9dsko<\/option><option value=\"6906\" data-id=\"218\">Spojen\u00e9 kr\u00e1lovstv\u00ed<\/option><\/select><\/div><div class=\"wp-block-etoro-tax-partners-wrapper\"><\/div><\/div>\n<\/div><\/section>\n\n\n\n<section class=\"wp-block-group wp-block-group-boxed has-dark-blue-background-color has-background\"><div class=\"wp-block-group-inner is-layout-flow wp-block-group-is-layout-flow\">\n<div class=\"wp-block-columns are-vertically-aligned-top wp-block-columns-1 wp-block-columns-size-14 is-layout-flex wp-container-core-columns-is-layout-4 wp-block-columns-is-layout-flex\">\n<div class=\"wp-block-column is-layout-flow wp-block-column-is-layout-flow\">\n<h2 class=\"wp-block-heading has-text-align-center is-style-heading-2\"><span>Kter\u00e1 sleva <strong>plat\u00ed pro m\u011b?<\/strong><\/span><\/h2>\n\n\n\n<p class=\"has-text-align-center\">V\u00fd\u0161e slevy z\u00e1vis\u00ed na va\u0161\u00ed \u00farovni v klubu eToro. Nezapome\u0148te nav\u0161t\u00edvit <a href=\"https:\/\/www.etoro.com\/cs-cz\/dashboard\/club\" target=\"_blank\" rel=\"noreferrer noopener\">klubov\u00fd panel<\/a>, kde si m\u016f\u017eete ov\u011b\u0159it svou aktu\u00e1ln\u00ed \u00farove\u0148, podle kter\u00e9 m\u016f\u017eete z\u00edskat tuto a dal\u0161\u00ed nab\u00eddky.<\/p>\n<\/div>\n<\/div>\n<\/div><\/section>\n\n\n\n<section class=\"wp-block-group wp-block-group-boxed has-white-background-color has-background\"><div class=\"wp-block-group-inner is-layout-flow wp-block-group-is-layout-flow\">\n<h2 class=\"wp-block-heading has-text-align-center\">FAQ<\/h2>\n\n\n\n<dl class=\"wp-block-etoro-faq\">\n<div class=\"wp-block-etoro-faq-item\"><dt class=\"wp-block-etoro-faq-item-question\">Co to je za nab\u00eddku?<\/dt><dd class=\"wp-block-etoro-faq-item-answer\">\n<p>Jako \u010dlen klubu m\u00e1te n\u00e1rok na slevu na da\u0148ov\u00e9 p\u0159izn\u00e1n\u00ed, kter\u00e9 v\u00e1m vygeneruje jeden z na\u0161ich partner\u016f. Jednodu\u0161e si vyberte z na\u0161eho seznamu odborn\u00fdch poskytovatel\u016f da\u0148ov\u00fdch slu\u017eeb a oni odvedou pr\u00e1ci za v\u00e1s. V\u00fd\u0161e slevy se odv\u00edj\u00ed od va\u0161\u00ed klubov\u00e9 \u00farovn\u011b eToro. Nezapome\u0148te nav\u0161t\u00edvit <a href=\"https:\/\/www.etoro.com\/cs-cz\/dashboard\/club\">klubov\u00fd panel<\/a>, kde si m\u016f\u017eete ov\u011b\u0159it svou aktu\u00e1ln\u00ed \u00farove\u0148, podle kter\u00e9 m\u016f\u017eete z\u00edskat tuto a dal\u0161\u00ed zv\u00fdhodn\u011bn\u00e9 nab\u00eddky.<\/p>\n<\/dd><\/div>\n\n\n\n<div class=\"wp-block-etoro-faq-item\"><dt class=\"wp-block-etoro-faq-item-question\">Pro\u010d po m\u011b vy\u017eadujete p\u0159ihl\u00e1\u0161en\u00ed?<\/dt><dd class=\"wp-block-etoro-faq-item-answer\">\n<p>P\u0159ihl\u00e1\u0161en\u00ed k va\u0161emu \u00fa\u010dtu eToro je nezbytn\u00e9, abyste mohli uplatnit slevu odpov\u00eddaj\u00edc\u00ed va\u0161\u00ed klubov\u00e9 \u00farovni.<\/p>\n<\/dd><\/div>\n\n\n\n<div class=\"wp-block-etoro-faq-item\"><dt class=\"wp-block-etoro-faq-item-question\">Co kdy\u017e v seznamu nenajdu svoji zemi?<\/dt><dd class=\"wp-block-etoro-faq-item-answer\">\n<p>Sledujte n\u00e1s d\u00e1l! Brzy budeme p\u0159id\u00e1vat dal\u0161\u00ed.<\/p>\n<\/dd><\/div>\n\n\n\n<div class=\"wp-block-etoro-faq-item\"><dt class=\"wp-block-etoro-faq-item-question\">Co kdy\u017e pot\u0159ebuji pomoc?<\/dt><dd class=\"wp-block-etoro-faq-item-answer\">\n<p>Pokud m\u00e1te dal\u0161\u00ed dotazy, obra\u0165te se na kontaktn\u00ed osobu, kterou najdete ve sv\u00e9m <a href=\"https:\/\/www.etoro.com\/cs-cz\/dashboard\/club\" target=\"_blank\" rel=\"noreferrer noopener\">klubov\u00e9m panelu<\/a>.<\/p>\n<\/dd><\/div>\n\n\n\n<div class=\"wp-block-etoro-faq-item\"><dt class=\"wp-block-etoro-faq-item-question\">Jak mohu vyu\u017e\u00edt t\u00e9to nab\u00eddky?<\/dt><dd class=\"wp-block-etoro-faq-item-answer\">\n<p>Ujist\u011bte se, \u017ee jste p\u0159ihl\u00e1\u0161eni, a pot\u00e9 vyberte zemi sv\u00e9ho bydli\u0161t\u011b. Zobraz\u00ed se seznam da\u0148ov\u00fdch partner\u016f dostupn\u00fdch ve va\u0161em regionu.<\/p>\n<\/dd><\/div>\n\n\n\n<div class=\"wp-block-etoro-faq-item\"><dt class=\"wp-block-etoro-faq-item-question\">Kdo m\u00e1 n\u00e1rok na tyto slevy?<\/dt><dd class=\"wp-block-etoro-faq-item-answer\">\n<p>Zv\u00fdhodn\u011bn\u00e1 da\u0148ov\u00e1 p\u0159izn\u00e1n\u00ed jsou ur\u010dena v\u00fdhradn\u011b pro \u010dleny klubu eToro.<\/p>\n<\/dd><\/div>\n\n\n\n<div class=\"wp-block-etoro-faq-item\"><dt class=\"wp-block-etoro-faq-item-question\">Mus\u00edm pod\u00e1vat da\u0148ov\u00e9 p\u0159izn\u00e1n\u00ed?<\/dt><dd class=\"wp-block-etoro-faq-item-answer\">\n<p>Za v\u00fdpo\u010det a \u00fahradu v\u0161ech dan\u00ed platn\u00fdch ve va\u0161\u00ed zemi nebo zem\u00edch, kde jste da\u0148ov\u00fdm rezidentem, jste zodpov\u011bdn\u00ed vy.<\/p>\n<\/dd><\/div>\n\n\n\n<div class=\"wp-block-etoro-faq-item\"><dt class=\"wp-block-etoro-faq-item-question\">Kde mohu z\u00edskat p\u0159ehled o sv\u00e9 investi\u010dn\u00ed aktivit\u011b?<\/dt><dd class=\"wp-block-etoro-faq-item-answer\">\n<p>V\u00fdpis z \u00fa\u010dtu m\u016f\u017eete vygenerovat kliknut\u00edm na \u201eNastaven\u00ed\u201c a pot\u00e9 kliknut\u00edm na \u201e\u00da\u010det\u201c (nebo sta\u010d\u00ed p\u0159ej\u00edt na tento <a href=\"https:\/\/www.etoro.com\/cs-cz\/documents\/accountstatement\" target=\"_blank\" rel=\"noreferrer noopener\">odkaz<\/a>). V \u010d\u00e1sti Dokumenty klikn\u011bte na tla\u010d\u00edtko \u201eZobrazit\u201c, kter\u00e9 najdete vedle polo\u017eky \u201eV\u00fdpis z \u00fa\u010dtu\u201c. Zvolte \u010dasov\u00e9 obdob\u00ed a kliknut\u00edm na \u201eVytvo\u0159it\u201c vygenerujte v\u00fdpis z \u00fa\u010dtu.<\/p>\n<\/dd><\/div>\n<\/dl>\n<\/div><\/section>\n\n\n\n<section class=\"wp-block-group wp-block-group-boxed\"><div class=\"wp-block-group-inner is-layout-flow wp-block-group-is-layout-flow\">\n<div class=\"wp-block-columns are-vertically-aligned-top wp-block-columns-1 is-layout-flex wp-container-core-columns-is-layout-5 wp-block-columns-is-layout-flex\">\n<div class=\"wp-block-column is-layout-flow wp-block-column-is-layout-flow\">\n<p class=\"has-text-align-center is-style-disclaimer\">Toto sd\u011blen\u00ed slou\u017e\u00ed pouze pro informa\u010dn\u00ed a vzd\u011bl\u00e1vac\u00ed \u00fa\u010dely a nelze je pova\u017eovat za investi\u010dn\u00ed poradenstv\u00ed nebo investi\u010dn\u00ed doporu\u010den\u00ed. Rozhodn\u011b nep\u0159edstavuje da\u0148ov\u00e9 nebo \u00fa\u010detn\u00ed poradenstv\u00ed a nem\u011bli byste se spol\u00e9hat v\u00fdhradn\u011b na n\u011bj, m\u011bli byste se poradit se sv\u00fdmi vlastn\u00edmi nez\u00e1visl\u00fdmi da\u0148ov\u00fdmi a \u00fa\u010detn\u00edmi poradci.<\/p>\n<\/div>\n<\/div>\n<\/div><\/section>\n","protected":false},"excerpt":{"rendered":"<p>Jako \u010dlen klubu eToro m\u00e1te n\u00e1rok na slevu na da\u0148ov\u00e9 p\u0159izn\u00e1n\u00ed, kter\u00e9 v\u00e1m vygeneruje jeden z na\u0161ich partner\u016f. Sta\u010d\u00ed si vybrat z na\u0161eho seznamu odborn\u00fdch poskytovatel\u016f da\u0148ov\u00fdch slu\u017eeb, kte\u0159\u00ed odvedou pr\u00e1ci za v\u00e1s. Vezm\u011bte pros\u00edm na v\u011bdom\u00ed, \u017ee eToro bude s t\u0159et\u00ed stranou sd\u00edlet, do kter\u00e9 klubov\u00e9 \u00farovn\u011b pat\u0159\u00edte, abyste z\u00edskali odpov\u00eddaj\u00edc\u00ed slevu. eToro neposkytuje&hellip;<\/p>\n","protected":false},"author":45,"featured_media":836445,"parent":547148,"menu_order":0,"comment_status":"closed","ping_status":"closed","template":"","meta":{"_acf_changed":false,"inline_featured_image":false,"sticky_cta_settings":"","footnotes":""},"asset_type":[],"class_list":["post-867139","page","type-page","status-publish","has-post-thumbnail","hentry"],"acf":[],"yoast_head":"<title>Zv\u00fdhodn\u011bn\u00e9 da\u0148ov\u00e9 p\u0159izn\u00e1n\u00ed pro \u010dleny klubu eToro<\/title>\n<meta name=\"description\" content=\"Z\u00edskejte slevu na da\u0148ov\u00e9 p\u0159izn\u00e1n\u00ed vytvo\u0159en\u00e9 jedn\u00edm z na\u0161ich partner\u016f. Vyberte si ze seznamu odborn\u00fdch poskytovatel\u016f da\u0148ov\u00fdch slu\u017eeb, kte\u0159\u00ed ud\u011blaj\u00ed pr\u00e1ci za v\u00e1s.\" \/>\n<meta name=\"robots\" content=\"index, follow, max-snippet:-1, max-image-preview:large, max-video-preview:-1\" \/>\n<link rel=\"canonical\" href=\"https:\/\/www.etoro.com\/cs-cz\/wp-json\/wp\/v2\/pages\/867139\" \/>\n<meta property=\"og:locale\" content=\"cs_CZ\" \/>\n<meta property=\"og:type\" content=\"article\" \/>\n<meta property=\"og:title\" content=\"Zv\u00fdhodn\u011bn\u00e9 da\u0148ov\u00e9 p\u0159izn\u00e1n\u00ed pro \u010dleny klubu eToro\" \/>\n<meta property=\"og:description\" content=\"Z\u00edskejte slevu na da\u0148ov\u00e9 p\u0159izn\u00e1n\u00ed vytvo\u0159en\u00e9 jedn\u00edm z na\u0161ich partner\u016f. Vyberte si ze seznamu odborn\u00fdch poskytovatel\u016f da\u0148ov\u00fdch slu\u017eeb, kte\u0159\u00ed ud\u011blaj\u00ed pr\u00e1ci za v\u00e1s.\" \/>\n<meta property=\"og:url\" content=\"https:\/\/www.etoro.com\/cs-cz\/wp-json\/wp\/v2\/pages\/867139\" \/>\n<meta property=\"og:site_name\" content=\"eToro\" \/>\n<meta property=\"article:publisher\" content=\"https:\/\/www.facebook.com\/eToro\/\" \/>\n<meta property=\"article:modified_time\" content=\"2024-04-11T10:16:41+00:00\" \/>\n<meta property=\"og:image\" content=\"https:\/\/www.etoro.com\/wp-content\/uploads\/2024\/01\/Tax-services.jpg\" \/>\n\t<meta property=\"og:image:width\" content=\"1200\" \/>\n\t<meta property=\"og:image:height\" content=\"630\" \/>\n\t<meta property=\"og:image:type\" content=\"image\/jpeg\" \/>\n<meta name=\"twitter:card\" content=\"summary_large_image\" \/>\n<meta name=\"twitter:site\" content=\"@eToro\" \/>\n<meta name=\"twitter:label1\" content=\"Est. reading time\" \/>\n\t<meta name=\"twitter:data1\" content=\"3 minutes\" \/>\n<script type=\"application\/ld+json\" class=\"yoast-schema-graph\">{\"@context\":\"https:\/\/schema.org\",\"@graph\":[{\"@type\":\"WebPage\",\"@id\":\"https:\/\/www.etoro.com\/cs-cz\/about\/club\/tax-partners\/\",\"url\":\"https:\/\/www.etoro.com\/cs-cz\/about\/club\/tax-partners\/\",\"name\":\"Zv\u00fdhodn\u011bn\u00e9 da\u0148ov\u00e9 p\u0159izn\u00e1n\u00ed pro \u010dleny klubu eToro\",\"isPartOf\":{\"@id\":\"https:\/\/www.etoro.com\/cs-cz\/#website\"},\"primaryImageOfPage\":{\"@id\":\"https:\/\/www.etoro.com\/cs-cz\/about\/club\/tax-partners\/#primaryimage\"},\"image\":{\"@id\":\"https:\/\/www.etoro.com\/cs-cz\/about\/club\/tax-partners\/#primaryimage\"},\"thumbnailUrl\":\"https:\/\/www.etoro.com\/wp-content\/uploads\/2024\/01\/Tax-services.jpg\",\"datePublished\":\"2024-01-05T12:43:27+00:00\",\"dateModified\":\"2024-04-11T10:16:41+00:00\",\"description\":\"Z\u00edskejte slevu na da\u0148ov\u00e9 p\u0159izn\u00e1n\u00ed vytvo\u0159en\u00e9 jedn\u00edm z na\u0161ich partner\u016f. Vyberte si ze seznamu odborn\u00fdch poskytovatel\u016f da\u0148ov\u00fdch slu\u017eeb, kte\u0159\u00ed ud\u011blaj\u00ed pr\u00e1ci za v\u00e1s.\",\"breadcrumb\":{\"@id\":\"https:\/\/www.etoro.com\/cs-cz\/about\/club\/tax-partners\/#breadcrumb\"},\"inLanguage\":\"cs\",\"potentialAction\":[{\"@type\":\"ReadAction\",\"target\":[\"https:\/\/www.etoro.com\/cs-cz\/about\/club\/tax-partners\/\"]}]},{\"@type\":\"ImageObject\",\"inLanguage\":\"cs\",\"@id\":\"https:\/\/www.etoro.com\/cs-cz\/about\/club\/tax-partners\/#primaryimage\",\"url\":\"https:\/\/www.etoro.com\/wp-content\/uploads\/2024\/01\/Tax-services.jpg\",\"contentUrl\":\"https:\/\/www.etoro.com\/wp-content\/uploads\/2024\/01\/Tax-services.jpg\",\"width\":1200,\"height\":630,\"caption\":\"Tax services\"},{\"@type\":\"BreadcrumbList\",\"@id\":\"https:\/\/www.etoro.com\/cs-cz\/about\/club\/tax-partners\/#breadcrumb\",\"itemListElement\":[{\"@type\":\"ListItem\",\"position\":1,\"name\":\"Dom\u016f\",\"item\":\"https:\/\/www.etoro.com\/cs-cz\/\"},{\"@type\":\"ListItem\",\"position\":2,\"name\":\"About\",\"item\":\"https:\/\/www.etoro.com\/cs-cz\/about\/\"},{\"@type\":\"ListItem\",\"position\":3,\"name\":\"eToro Club\",\"item\":\"https:\/\/www.etoro.com\/cs-cz\/about\/club\/\"},{\"@type\":\"ListItem\",\"position\":4,\"name\":\"Tax Partners\"}]},{\"@type\":\"WebSite\",\"@id\":\"https:\/\/www.etoro.com\/cs-cz\/#website\",\"url\":\"https:\/\/www.etoro.com\/cs-cz\/\",\"name\":\"eToro\",\"description\":\"\",\"publisher\":{\"@id\":\"https:\/\/www.etoro.com\/cs-cz\/#organization\"},\"potentialAction\":[{\"@type\":\"SearchAction\",\"target\":{\"@type\":\"EntryPoint\",\"urlTemplate\":\"https:\/\/www.etoro.com\/cs-cz\/?s={search_term_string}\"},\"query-input\":{\"@type\":\"PropertyValueSpecification\",\"valueRequired\":true,\"valueName\":\"search_term_string\"}}],\"inLanguage\":\"cs\"},[]]}<\/script>","yoast_head_json":{"title":"Zv\u00fdhodn\u011bn\u00e9 da\u0148ov\u00e9 p\u0159izn\u00e1n\u00ed pro \u010dleny klubu eToro","description":"Z\u00edskejte slevu na da\u0148ov\u00e9 p\u0159izn\u00e1n\u00ed vytvo\u0159en\u00e9 jedn\u00edm z na\u0161ich partner\u016f. Vyberte si ze seznamu odborn\u00fdch poskytovatel\u016f da\u0148ov\u00fdch slu\u017eeb, kte\u0159\u00ed ud\u011blaj\u00ed pr\u00e1ci za v\u00e1s.","robots":{"index":"index","follow":"follow","max-snippet":"max-snippet:-1","max-image-preview":"max-image-preview:large","max-video-preview":"max-video-preview:-1"},"canonical":"https:\/\/www.etoro.com\/cs-cz\/wp-json\/wp\/v2\/pages\/867139","og_locale":"cs_CZ","og_type":"article","og_title":"Zv\u00fdhodn\u011bn\u00e9 da\u0148ov\u00e9 p\u0159izn\u00e1n\u00ed pro \u010dleny klubu eToro","og_description":"Z\u00edskejte slevu na da\u0148ov\u00e9 p\u0159izn\u00e1n\u00ed vytvo\u0159en\u00e9 jedn\u00edm z na\u0161ich partner\u016f. Vyberte si ze seznamu odborn\u00fdch poskytovatel\u016f da\u0148ov\u00fdch slu\u017eeb, kte\u0159\u00ed ud\u011blaj\u00ed pr\u00e1ci za v\u00e1s.","og_url":"https:\/\/www.etoro.com\/cs-cz\/wp-json\/wp\/v2\/pages\/867139","og_site_name":"eToro","article_publisher":"https:\/\/www.facebook.com\/eToro\/","article_modified_time":"2024-04-11T10:16:41+00:00","og_image":[{"width":1200,"height":630,"url":"https:\/\/www.etoro.com\/wp-content\/uploads\/2024\/01\/Tax-services.jpg","type":"image\/jpeg"}],"twitter_card":"summary_large_image","twitter_site":"@eToro","twitter_misc":{"Est. reading time":"3 minutes"},"schema":{"@context":"https:\/\/schema.org","@graph":[{"@type":"WebPage","@id":"https:\/\/www.etoro.com\/cs-cz\/about\/club\/tax-partners\/","url":"https:\/\/www.etoro.com\/cs-cz\/about\/club\/tax-partners\/","name":"Zv\u00fdhodn\u011bn\u00e9 da\u0148ov\u00e9 p\u0159izn\u00e1n\u00ed pro \u010dleny klubu eToro","isPartOf":{"@id":"https:\/\/www.etoro.com\/cs-cz\/#website"},"primaryImageOfPage":{"@id":"https:\/\/www.etoro.com\/cs-cz\/about\/club\/tax-partners\/#primaryimage"},"image":{"@id":"https:\/\/www.etoro.com\/cs-cz\/about\/club\/tax-partners\/#primaryimage"},"thumbnailUrl":"https:\/\/www.etoro.com\/wp-content\/uploads\/2024\/01\/Tax-services.jpg","datePublished":"2024-01-05T12:43:27+00:00","dateModified":"2024-04-11T10:16:41+00:00","description":"Z\u00edskejte slevu na da\u0148ov\u00e9 p\u0159izn\u00e1n\u00ed vytvo\u0159en\u00e9 jedn\u00edm z na\u0161ich partner\u016f. Vyberte si ze seznamu odborn\u00fdch poskytovatel\u016f da\u0148ov\u00fdch slu\u017eeb, kte\u0159\u00ed ud\u011blaj\u00ed pr\u00e1ci za v\u00e1s.","breadcrumb":{"@id":"https:\/\/www.etoro.com\/cs-cz\/about\/club\/tax-partners\/#breadcrumb"},"inLanguage":"cs","potentialAction":[{"@type":"ReadAction","target":["https:\/\/www.etoro.com\/cs-cz\/about\/club\/tax-partners\/"]}]},{"@type":"ImageObject","inLanguage":"cs","@id":"https:\/\/www.etoro.com\/cs-cz\/about\/club\/tax-partners\/#primaryimage","url":"https:\/\/www.etoro.com\/wp-content\/uploads\/2024\/01\/Tax-services.jpg","contentUrl":"https:\/\/www.etoro.com\/wp-content\/uploads\/2024\/01\/Tax-services.jpg","width":1200,"height":630,"caption":"Tax services"},{"@type":"BreadcrumbList","@id":"https:\/\/www.etoro.com\/cs-cz\/about\/club\/tax-partners\/#breadcrumb","itemListElement":[{"@type":"ListItem","position":1,"name":"Dom\u016f","item":"https:\/\/www.etoro.com\/cs-cz\/"},{"@type":"ListItem","position":2,"name":"About","item":"https:\/\/www.etoro.com\/cs-cz\/about\/"},{"@type":"ListItem","position":3,"name":"eToro Club","item":"https:\/\/www.etoro.com\/cs-cz\/about\/club\/"},{"@type":"ListItem","position":4,"name":"Tax Partners"}]},{"@type":"WebSite","@id":"https:\/\/www.etoro.com\/cs-cz\/#website","url":"https:\/\/www.etoro.com\/cs-cz\/","name":"eToro","description":"","publisher":{"@id":"https:\/\/www.etoro.com\/cs-cz\/#organization"},"potentialAction":[{"@type":"SearchAction","target":{"@type":"EntryPoint","urlTemplate":"https:\/\/www.etoro.com\/cs-cz\/?s={search_term_string}"},"query-input":{"@type":"PropertyValueSpecification","valueRequired":true,"valueName":"search_term_string"}}],"inLanguage":"cs"},[]]}},"_links":{"self":[{"href":"https:\/\/www.etoro.com\/cs-cz\/wp-json\/wp\/v2\/pages\/867139"}],"collection":[{"href":"https:\/\/www.etoro.com\/cs-cz\/wp-json\/wp\/v2\/pages"}],"about":[{"href":"https:\/\/www.etoro.com\/cs-cz\/wp-json\/wp\/v2\/types\/page"}],"author":[{"embeddable":true,"href":"https:\/\/www.etoro.com\/cs-cz\/wp-json\/wp\/v2\/users\/45"}],"replies":[{"embeddable":true,"href":"https:\/\/www.etoro.com\/cs-cz\/wp-json\/wp\/v2\/comments?post=867139"}],"version-history":[{"count":0,"href":"https:\/\/www.etoro.com\/cs-cz\/wp-json\/wp\/v2\/pages\/867139\/revisions"}],"up":[{"embeddable":true,"href":"https:\/\/www.etoro.com\/cs-cz\/wp-json\/wp\/v2\/pages\/547148"}],"wp:featuredmedia":[{"embeddable":true,"href":"https:\/\/www.etoro.com\/cs-cz\/wp-json\/wp\/v2\/media\/836445"}],"wp:attachment":[{"href":"https:\/\/www.etoro.com\/cs-cz\/wp-json\/wp\/v2\/media?parent=867139"}],"wp:term":[{"taxonomy":"asset_type","embeddable":true,"href":"https:\/\/www.etoro.com\/cs-cz\/wp-json\/wp\/v2\/asset_type?post=867139"}],"curies":[{"name":"wp","href":"https:\/\/api.w.org\/{rel}","templated":true}]}}