{"id":942933,"date":"2025-03-20T13:39:17","date_gmt":"2025-03-20T11:39:17","guid":{"rendered":"https:\/\/www.etoro.com\/?page_id=942933"},"modified":"2026-01-19T10:30:51","modified_gmt":"2026-01-19T08:30:51","slug":"policy","status":"publish","type":"page","link":"https:\/\/www.etoro.com\/cs-cz\/editorial\/policy\/","title":{"rendered":"Academy Editorial Policies"},"content":{"rendered":"\n<section class=\"wp-block-group wp-block-group-full\"><div class=\"wp-block-group-inner is-layout-flow wp-block-group-is-layout-flow\">\n<h2 class=\"wp-block-heading\">\u00davod<\/h2>\n\n\n\n<p>\u00da\u010delem t\u011bchto redak\u010dn\u00edch z\u00e1sad je nast\u00ednit hlavn\u00ed principy, kter\u00fdmi se \u0159\u00edd\u00ed tvorba a \u0161\u00ed\u0159en\u00ed obsahu v <a href=\"https:\/\/www.etoro.com\/cs-cz\/academy\/\" target=\"_blank\" rel=\"noreferrer noopener\">Akademii eToro<\/a>. C\u00edlem t\u011bchto z\u00e1sad je slou\u017eit jako pl\u00e1n k udr\u017een\u00ed integrity, spolehlivosti a celkov\u00e9 kvality informac\u00ed poskytovan\u00fdch na\u0161im u\u017eivatel\u016fm.<\/p>\n\n\n\n<figure class=\"wp-block-image size-full\"><img loading=\"lazy\" decoding=\"async\" width=\"756\" height=\"400\" src=\"https:\/\/www.etoro.com\/wp-content\/uploads\/2024\/09\/Academy-Editorial-Policy_Intro-Illustration.png\" alt=\"\" class=\"wp-image-934548 wp-image-desktop\" srcset=\"https:\/\/www.etoro.com\/wp-content\/uploads\/2024\/09\/Academy-Editorial-Policy_Intro-Illustration.png 756w, https:\/\/www.etoro.com\/wp-content\/uploads\/2024\/09\/Academy-Editorial-Policy_Intro-Illustration-300x159.png 300w\" sizes=\"(max-width: 756px) 100vw, 756px\" \/><\/figure>\n\n\n\n<h2 class=\"wp-block-heading\">Mise redak\u010dn\u00edch z\u00e1sad<\/h2>\n\n\n\n<p>Uv\u011bdomujeme si, \u017ee i kdy\u017e internet opl\u00fdv\u00e1 mno\u017estv\u00edm informac\u00ed, orientace v nich m\u016f\u017ee b\u00fdt zahlcuj\u00edc\u00ed a matouc\u00ed. Proto jsme na\u0161i Akademii navrhli s vyu\u017eit\u00edm strukturovan\u00e9ho, stavebnicov\u00e9ho p\u0159\u00edstupu, abychom zajistili, \u017ee od za\u010d\u00e1tku do konce investo\u0159i nejen z\u00edskaj\u00ed informace, ale tak\u00e9 si vybuduj\u00ed re\u00e1ln\u00e9 znalosti a porozum\u011bn\u00ed.<\/p>\n\n\n\n<p>Na\u0161\u00edm c\u00edlem je poskytovat publiku obsah, kter\u00fd je p\u0159esn\u00fd, spolehliv\u00fd, podn\u011btn\u00fd a vzd\u011bl\u00e1vac\u00ed. Touto z\u00e1sadou se \u0159\u00edd\u00edme v procesu tvorby obsahu, abychom prohloubili porozum\u011bn\u00ed na\u0161ich \u010dten\u00e1\u0159\u016f a kultivovali prostor pro u\u010den\u00ed a d\u016fv\u011bru.<\/p>\n\n\n\n<h2 class=\"wp-block-heading\">Rozsah (druhy zahrnut\u00e9ho obsahu)<\/h2>\n\n\n\n<p>Tyto z\u00e1sady zahrnuj\u00ed r\u016fzn\u00e9 formy obsahu, v\u010detn\u011b kurz\u016f, \u010dl\u00e1nk\u016f, v\u00fdukov\u00fdch program\u016f, webin\u00e1\u0159\u016f, podcast\u016f a dal\u0161\u00edch vzd\u011bl\u00e1vac\u00edch materi\u00e1l\u016f zve\u0159ej\u0148ovan\u00fdch Akademi\u00ed eToro, a zaji\u0161\u0165uj\u00ed, aby ka\u017ed\u00fd materi\u00e1l odpov\u00eddal na\u0161im zaveden\u00fdm standard\u016fm kvality.<\/p>\n\n\n\n<figure class=\"wp-block-image size-full\"><img loading=\"lazy\" decoding=\"async\" width=\"756\" height=\"400\" src=\"https:\/\/www.etoro.com\/wp-content\/uploads\/2024\/09\/Academy-Editorial-Policy_Style-Illustration.png\" alt=\"\" class=\"wp-image-934572 wp-image-desktop\" srcset=\"https:\/\/www.etoro.com\/wp-content\/uploads\/2024\/09\/Academy-Editorial-Policy_Style-Illustration.png 756w, https:\/\/www.etoro.com\/wp-content\/uploads\/2024\/09\/Academy-Editorial-Policy_Style-Illustration-300x159.png 300w\" sizes=\"(max-width: 756px) 100vw, 756px\" \/><\/figure>\n\n\n\n<h2 class=\"wp-block-heading\">Standardy obsahu<\/h2>\n\n\n\n<h3 class=\"wp-block-heading\">P\u0159esnost a spolehlivost<\/h3>\n\n\n\n<p>Zavazujeme se poskytovat obsah, kter\u00fd je v\u011bcn\u011b p\u0159esn\u00fd a ov\u011b\u0159iteln\u00fd. P\u0159ed zve\u0159ejn\u011bn\u00edm informac\u00ed jsou zavedeny p\u0159\u00edsn\u00e9 procesy ov\u011b\u0159ov\u00e1n\u00ed fakt\u016f, kter\u00e9 zaji\u0161\u0165uj\u00ed spolehlivost na\u0161eho obsahu.<\/p>\n\n\n\n<h3 class=\"wp-block-heading\">Zdroje a citace<\/h3>\n\n\n\n<p>Transparentnost zdroj\u016f je z\u00e1kladem na\u0161\u00ed redak\u010dn\u00ed integrity. Ve\u0161ker\u00fd obsah bude zahrnovat \u0159\u00e1dn\u00e9 citace a pod\u011bkov\u00e1n\u00ed p\u016fvodn\u00edm zdroj\u016fm, co\u017e \u010dten\u00e1\u0159\u016fm umo\u017en\u00ed dal\u0161\u00ed zkoum\u00e1n\u00ed a ov\u011b\u0159ov\u00e1n\u00ed.<\/p>\n\n\n\n<h3 class=\"wp-block-heading\">Objektivita a nestrannost<\/h3>\n\n\n\n<p>C\u00edlem na\u0161eho obsahu je poskytovat vyv\u00e1\u017een\u00e9 a nestrann\u00e9 informace bez vn\u011bj\u0161\u00edch vliv\u016f a osobn\u00edch p\u0159edsudk\u016f, co\u017e na\u0161im \u010dten\u00e1\u0159\u016fm zajist\u00ed objektivn\u00ed pohled na v\u011bc, kter\u00fd jim pom\u016f\u017ee p\u0159i jejich vlastn\u00edm rozhodov\u00e1n\u00ed.<\/p>\n\n\n\n<h3 class=\"wp-block-heading\">Etika<\/h3>\n\n\n\n<p>Dodr\u017eujeme nejvy\u0161\u0161\u00ed etick\u00e9 standardy a zaji\u0161\u0165ujeme, aby n\u00e1\u0161 obsah neporu\u0161oval soukrom\u00ed, autorsk\u00e1 pr\u00e1va ani jin\u00e9 pr\u00e1vn\u00ed normy. Etick\u00fdmi hledisky se \u0159\u00edd\u00ed tak\u00e9 na\u0161e interakce s poskytovateli obsahu a zdroji t\u0159et\u00edch stran.<\/p>\n\n\n\n<h3 class=\"wp-block-heading\">Obsah t\u0159et\u00edch stran<\/h3>\n\n\n\n<p>Obsah vytvo\u0159en\u00fd poskytovateli t\u0159et\u00edch stran je jasn\u011b ozna\u010den sv\u00fdm zdrojem a je pe\u010dliv\u011b kontrolov\u00e1n spole\u010dnost\u00ed eToro, abychom zajistili, \u017ee je v souladu s na\u0161imi z\u00e1sadami a standardy.<\/p>\n\n\n\n<h2 class=\"wp-block-heading\">Styl psan\u00ed a z\u00e1sady<\/h2>\n\n\n\n<h3 class=\"wp-block-heading\">Srozumitelnost a \u010ditelnost<\/h3>\n\n\n\n<p>Srozumitelnost na\u0161eho obsahu je prvo\u0159ad\u00e1. Sna\u017e\u00edme se o jasn\u00e9 a jednoduch\u00e9 psan\u00ed, abychom zajistili, \u017ee na\u0161e vzd\u011bl\u00e1vac\u00ed materi\u00e1ly budou p\u0159\u00edstupn\u00e9 \u0161irok\u00e9mu publiku na v\u0161ech \u00farovn\u00edch.<\/p>\n\n\n\n<h3 class=\"wp-block-heading\">T\u00f3n vyjad\u0159ov\u00e1n\u00ed akademie eToro<\/h3>\n\n\n\n<p>N\u00e1\u0161 t\u00f3n je profesion\u00e1ln\u00ed, ale z\u00e1rove\u0148 p\u0159\u00edstupn\u00fd a odr\u00e1\u017e\u00ed hodnoty spole\u010dnosti eToro. Je nezbytn\u00e9, aby n\u00e1\u0161 obsah promlouval p\u0159\u00edmo k na\u0161emu publiku a zaujal ho smyslupln\u00fdm a respektuj\u00edc\u00edm zp\u016fsobem.<\/p>\n\n\n\n<h3 class=\"wp-block-heading is-style-default\">Z\u00e1vazek k p\u0159\u00edstupnosti a inkluzivit\u011b<\/h3>\n\n\n\n<p>Sna\u017e\u00edme se nab\u00edzet obsah, kter\u00fd je p\u0159\u00edstupn\u00fd a inkluzivn\u00ed, zva\u017eujeme r\u016fzn\u00e9 perspektivy a zaji\u0161\u0165ujeme, aby se v\u0161ichni mohli sezn\u00e1mit s na\u0161imi materi\u00e1ly prost\u0159ednictv\u00edm zvuku, videa a textu kdykoli a kdekoli.<\/p>\n\n\n\n<h3 class=\"wp-block-heading\">St\u0159ety z\u00e1jm\u016f<\/h3>\n\n\n\n<p>Transparentnost ohledn\u011b p\u0159\u00edpadn\u00fdch st\u0159et\u016f z\u00e1jm\u016f je nezbytn\u00e1 pro zachov\u00e1n\u00ed d\u016fv\u011bry na\u0161ich \u010dten\u00e1\u0159\u016f. Ve\u0161ker\u00e9 takov\u00e9 st\u0159ety budou jasn\u011b uvedeny, aby byla zachov\u00e1na integrita na\u0161eho obsahu.<\/p>\n\n\n\n<h2 class=\"wp-block-heading\">Seznamte se s na\u0161\u00edm redak\u010dn\u00edm t\u00fdmem<\/h2>\n\n\n\n<p>Za odborn\u00fdm a informativn\u00edm obsahem Akademie eToro stoj\u00ed t\u00fdm zku\u0161en\u00fdch redaktor\u016f a odborn\u00edk\u016f na danou problematiku. Ka\u017ed\u00fd \u010dlen p\u0159in\u00e1\u0161\u00ed jedine\u010dn\u00fd soubor dovednost\u00ed a v\u00e1\u0161e\u0148 pro vzd\u011bl\u00e1v\u00e1n\u00ed, co\u017e zaji\u0161\u0165uje, \u017ee n\u00e1\u0161 obsah je nejen p\u0159esn\u00fd, ale tak\u00e9 poutav\u00fd.<\/p>\n\n\n\n<p>Jejich odborn\u00e9 znalosti sahaj\u00ed do oblasti financ\u00ed, technologi\u00ed a pedagogiky, co\u017e odr\u00e1\u017e\u00ed n\u00e1\u0161 z\u00e1vazek ke kvalit\u011b a rozmanitosti na\u0161ich vzd\u011bl\u00e1vac\u00edch materi\u00e1l\u016f. Pokud se chcete bl\u00ed\u017ee sezn\u00e1mit s jednotlivci, kte\u0159\u00ed se staraj\u00ed o va\u0161e vzd\u011bl\u00e1v\u00e1n\u00ed, nav\u0161tivte n\u00e1\u0161 podrobn\u00fd seznam t\u00fdmu.<\/p>\n\n\n\n<figure class=\"wp-block-image size-full\"><img loading=\"lazy\" decoding=\"async\" width=\"756\" height=\"308\" src=\"https:\/\/www.etoro.com\/wp-content\/uploads\/2026\/01\/image-1.png\" alt=\"\" class=\"wp-image-1209076 wp-image-desktop\" srcset=\"https:\/\/www.etoro.com\/wp-content\/uploads\/2026\/01\/image-1.png 756w, https:\/\/www.etoro.com\/wp-content\/uploads\/2026\/01\/image-1-300x122.png 300w\" sizes=\"(max-width: 756px) 100vw, 756px\" \/><\/figure>\n\n\n\n<h2 class=\"wp-block-heading\">Aktualizace a revize<\/h2>\n\n\n\n<p>Abychom udr\u017eeli relevanci a p\u0159esnost na\u0161eho obsahu, je zaveden strukturovan\u00fd proces aktualizac\u00ed a reviz\u00ed. D\u00edky tomu jsou na\u0161e materi\u00e1ly st\u00e1le aktu\u00e1ln\u00ed a odr\u00e1\u017eej\u00ed nejnov\u011bj\u0161\u00ed oborov\u00e9 standardy a postupy.<\/p>\n\n\n\n<p>Z\u00e1v\u011brem lze \u0159\u00edci, \u017ee tyto redak\u010dn\u00ed z\u00e1sady maj\u00ed zajistit, aby obsah vytv\u00e1\u0159en\u00fd a sd\u00edlen\u00fd prost\u0159ednictv\u00edm Akademie eToro dodr\u017eoval nejvy\u0161\u0161\u00ed standardy kvality, integrity a transparentnosti. Zaveden\u00edm t\u011bchto pokyn\u016f se sna\u017e\u00edme podporovat d\u016fv\u011bryhodn\u00e9 a informativn\u00ed vzd\u011bl\u00e1vac\u00ed prost\u0159ed\u00ed pro na\u0161i komunitu.<\/p>\n\n\n\n<p class=\"is-style-heading-3\">Vylou\u010den\u00ed z\u00e1ruky a odpov\u011bdnosti<\/p>\n\n\n\n<p>Ve\u0161ker\u00e9 koment\u00e1\u0159e, n\u00e1zory a anal\u00fdzy vyj\u00e1d\u0159en\u00e9 v r\u00e1mci obsahu eToro slou\u017e\u00ed pouze k informa\u010dn\u00edm \u00fa\u010del\u016fm a nem\u011bly by b\u00fdt pova\u017eov\u00e1ny za investi\u010dn\u00ed poradenstv\u00ed. <\/p>\n\n\n\n<p>eToro neposkytuje doporu\u010den\u00ed investovat do konkr\u00e9tn\u00edch aktiv nebo vyu\u017e\u00edvat jakoukoli investi\u010dn\u00ed strategii. N\u00e1zory a strategie popsan\u00e9 v na\u0161em obsahu nemus\u00ed b\u00fdt vhodn\u00e9 pro v\u0161echny investory. Vzhledem k tomu, \u017ee tr\u017en\u00ed a ekonomick\u00e9 podm\u00ednky podl\u00e9haj\u00ed rychl\u00fdm zm\u011bn\u00e1m, jsou v\u0161echny koment\u00e1\u0159e, n\u00e1zory a anal\u00fdzy obsa\u017een\u00e9 v na\u0161em obsahu relevantn\u00ed k datu zve\u0159ejn\u011bn\u00ed a mohou se bez p\u0159edchoz\u00edho upozorn\u011bn\u00ed zm\u011bnit. <\/p>\n\n\n\n<p>P\u0159esto\u017ee se sna\u017e\u00edme poskytovat spolehliv\u00e9 informace, nezaru\u010dujeme jejich p\u0159esnost. Materi\u00e1l nen\u00ed koncipov\u00e1n jako \u00fapln\u00e1 anal\u00fdza v\u0161ech podstatn\u00fdch skute\u010dnost\u00ed t\u00fdkaj\u00edc\u00edch se kter\u00e9koli zem\u011b, regionu, trhu, odv\u011btv\u00ed, investice nebo strategie.<\/p>\n<\/div><\/section>\n","protected":false},"excerpt":{"rendered":"<p>\u00davod \u00da\u010delem t\u011bchto redak\u010dn\u00edch z\u00e1sad je nast\u00ednit hlavn\u00ed principy, kter\u00fdmi se \u0159\u00edd\u00ed tvorba a \u0161\u00ed\u0159en\u00ed obsahu v Akademii eToro. C\u00edlem t\u011bchto z\u00e1sad je slou\u017eit jako pl\u00e1n k udr\u017een\u00ed integrity, spolehlivosti a celkov\u00e9 kvality informac\u00ed poskytovan\u00fdch na\u0161im u\u017eivatel\u016fm. Mise redak\u010dn\u00edch z\u00e1sad Uv\u011bdomujeme si, \u017ee i kdy\u017e internet opl\u00fdv\u00e1 mno\u017estv\u00edm informac\u00ed, orientace v nich m\u016f\u017ee b\u00fdt zahlcuj\u00edc\u00ed&hellip;<\/p>\n","protected":false},"author":127,"featured_media":1129184,"parent":944076,"menu_order":0,"comment_status":"closed","ping_status":"closed","template":"","meta":{"_acf_changed":true,"inline_featured_image":false,"sticky_cta_settings":"","footnotes":""},"asset_type":[],"class_list":["post-942933","page","type-page","status-publish","has-post-thumbnail","hentry"],"acf":[],"yoast_head":"<title>Redak\u010dn\u00ed z\u00e1sady Akademie eToro<\/title>\n<meta name=\"description\" content=\"Prost\u0159edky eToro pro investi\u010dn\u00ed vzd\u011bl\u00e1v\u00e1n\u00ed spl\u0148uj\u00ed nejvy\u0161\u0161\u00ed standardy. Tyto z\u00e1sady pom\u00e1haj\u00ed vytv\u00e1\u0159et d\u016fv\u011bryhodn\u00e9 vzd\u011bl\u00e1vac\u00ed prost\u0159ed\u00ed pro na\u0161i komunitu.\" \/>\n<meta name=\"robots\" content=\"index, follow, max-snippet:-1, max-image-preview:large, max-video-preview:-1\" \/>\n<link rel=\"canonical\" href=\"https:\/\/www.etoro.com\/cs-cz\/wp-json\/wp\/v2\/pages\/942933\" \/>\n<meta property=\"og:locale\" content=\"cs_CZ\" \/>\n<meta property=\"og:type\" content=\"article\" \/>\n<meta property=\"og:title\" content=\"Redak\u010dn\u00ed z\u00e1sady Akademie eToro\" \/>\n<meta property=\"og:description\" content=\"Prost\u0159edky eToro pro investi\u010dn\u00ed vzd\u011bl\u00e1v\u00e1n\u00ed spl\u0148uj\u00ed nejvy\u0161\u0161\u00ed standardy. Tyto z\u00e1sady pom\u00e1haj\u00ed vytv\u00e1\u0159et d\u016fv\u011bryhodn\u00e9 vzd\u011bl\u00e1vac\u00ed prost\u0159ed\u00ed pro na\u0161i komunitu.\" \/>\n<meta property=\"og:url\" content=\"https:\/\/www.etoro.com\/cs-cz\/wp-json\/wp\/v2\/pages\/942933\" \/>\n<meta property=\"og:site_name\" content=\"eToro\" \/>\n<meta property=\"article:publisher\" content=\"https:\/\/www.facebook.com\/eToro\/\" \/>\n<meta property=\"article:modified_time\" content=\"2026-01-19T08:30:51+00:00\" \/>\n<meta property=\"og:image\" content=\"https:\/\/www.etoro.com\/wp-content\/uploads\/2025\/09\/CZ-Editorial-576x385-1.png\" \/>\n\t<meta property=\"og:image:width\" content=\"576\" \/>\n\t<meta property=\"og:image:height\" content=\"385\" \/>\n\t<meta property=\"og:image:type\" content=\"image\/png\" \/>\n<meta name=\"twitter:card\" content=\"summary_large_image\" \/>\n<meta name=\"twitter:site\" content=\"@eToro\" \/>\n<meta name=\"twitter:label1\" content=\"Est. reading time\" \/>\n\t<meta name=\"twitter:data1\" content=\"5 minutes\" \/>\n<script type=\"application\/ld+json\" class=\"yoast-schema-graph\">{\"@context\":\"https:\/\/schema.org\",\"@graph\":[{\"@type\":\"WebPage\",\"@id\":\"https:\/\/www.etoro.com\/cs-cz\/editorial\/policy\/\",\"url\":\"https:\/\/www.etoro.com\/cs-cz\/editorial\/policy\/\",\"name\":\"Redak\u010dn\u00ed z\u00e1sady Akademie eToro\",\"isPartOf\":{\"@id\":\"https:\/\/www.etoro.com\/cs-cz\/#website\"},\"primaryImageOfPage\":{\"@id\":\"https:\/\/www.etoro.com\/cs-cz\/editorial\/policy\/#primaryimage\"},\"image\":{\"@id\":\"https:\/\/www.etoro.com\/cs-cz\/editorial\/policy\/#primaryimage\"},\"thumbnailUrl\":\"https:\/\/www.etoro.com\/wp-content\/uploads\/2025\/09\/CZ-Editorial-576x385-1.png\",\"datePublished\":\"2025-03-20T11:39:17+00:00\",\"dateModified\":\"2026-01-19T08:30:51+00:00\",\"description\":\"Prost\u0159edky eToro pro investi\u010dn\u00ed vzd\u011bl\u00e1v\u00e1n\u00ed spl\u0148uj\u00ed nejvy\u0161\u0161\u00ed standardy. Tyto z\u00e1sady pom\u00e1haj\u00ed vytv\u00e1\u0159et d\u016fv\u011bryhodn\u00e9 vzd\u011bl\u00e1vac\u00ed prost\u0159ed\u00ed pro na\u0161i komunitu.\",\"breadcrumb\":{\"@id\":\"https:\/\/www.etoro.com\/cs-cz\/editorial\/policy\/#breadcrumb\"},\"inLanguage\":\"cs\",\"potentialAction\":[{\"@type\":\"ReadAction\",\"target\":[\"https:\/\/www.etoro.com\/cs-cz\/editorial\/policy\/\"]}]},{\"@type\":\"ImageObject\",\"inLanguage\":\"cs\",\"@id\":\"https:\/\/www.etoro.com\/cs-cz\/editorial\/policy\/#primaryimage\",\"url\":\"https:\/\/www.etoro.com\/wp-content\/uploads\/2025\/09\/CZ-Editorial-576x385-1.png\",\"contentUrl\":\"https:\/\/www.etoro.com\/wp-content\/uploads\/2025\/09\/CZ-Editorial-576x385-1.png\",\"width\":576,\"height\":385},{\"@type\":\"BreadcrumbList\",\"@id\":\"https:\/\/www.etoro.com\/cs-cz\/editorial\/policy\/#breadcrumb\",\"itemListElement\":[{\"@type\":\"ListItem\",\"position\":1,\"name\":\"Dom\u016f\",\"item\":\"https:\/\/www.etoro.com\/cs-cz\/\"},{\"@type\":\"ListItem\",\"position\":2,\"name\":\"Hlavn\u00ed redak\u010dn\u00ed zdroje\",\"item\":\"https:\/\/www.etoro.com\/cs-cz\/editorial\/\"},{\"@type\":\"ListItem\",\"position\":3,\"name\":\"Academy Editorial Policies\"}]},{\"@type\":\"WebSite\",\"@id\":\"https:\/\/www.etoro.com\/cs-cz\/#website\",\"url\":\"https:\/\/www.etoro.com\/cs-cz\/\",\"name\":\"eToro\",\"description\":\"\",\"publisher\":{\"@id\":\"https:\/\/www.etoro.com\/cs-cz\/#organization\"},\"potentialAction\":[{\"@type\":\"SearchAction\",\"target\":{\"@type\":\"EntryPoint\",\"urlTemplate\":\"https:\/\/www.etoro.com\/cs-cz\/?s={search_term_string}\"},\"query-input\":{\"@type\":\"PropertyValueSpecification\",\"valueRequired\":true,\"valueName\":\"search_term_string\"}}],\"inLanguage\":\"cs\"},[]]}<\/script>","yoast_head_json":{"title":"Redak\u010dn\u00ed z\u00e1sady Akademie eToro","description":"Prost\u0159edky eToro pro investi\u010dn\u00ed vzd\u011bl\u00e1v\u00e1n\u00ed spl\u0148uj\u00ed nejvy\u0161\u0161\u00ed standardy. Tyto z\u00e1sady pom\u00e1haj\u00ed vytv\u00e1\u0159et d\u016fv\u011bryhodn\u00e9 vzd\u011bl\u00e1vac\u00ed prost\u0159ed\u00ed pro na\u0161i komunitu.","robots":{"index":"index","follow":"follow","max-snippet":"max-snippet:-1","max-image-preview":"max-image-preview:large","max-video-preview":"max-video-preview:-1"},"canonical":"https:\/\/www.etoro.com\/cs-cz\/wp-json\/wp\/v2\/pages\/942933","og_locale":"cs_CZ","og_type":"article","og_title":"Redak\u010dn\u00ed z\u00e1sady Akademie eToro","og_description":"Prost\u0159edky eToro pro investi\u010dn\u00ed vzd\u011bl\u00e1v\u00e1n\u00ed spl\u0148uj\u00ed nejvy\u0161\u0161\u00ed standardy. Tyto z\u00e1sady pom\u00e1haj\u00ed vytv\u00e1\u0159et d\u016fv\u011bryhodn\u00e9 vzd\u011bl\u00e1vac\u00ed prost\u0159ed\u00ed pro na\u0161i komunitu.","og_url":"https:\/\/www.etoro.com\/cs-cz\/wp-json\/wp\/v2\/pages\/942933","og_site_name":"eToro","article_publisher":"https:\/\/www.facebook.com\/eToro\/","article_modified_time":"2026-01-19T08:30:51+00:00","og_image":[{"width":576,"height":385,"url":"https:\/\/www.etoro.com\/wp-content\/uploads\/2025\/09\/CZ-Editorial-576x385-1.png","type":"image\/png"}],"twitter_card":"summary_large_image","twitter_site":"@eToro","twitter_misc":{"Est. reading time":"5 minutes"},"schema":{"@context":"https:\/\/schema.org","@graph":[{"@type":"WebPage","@id":"https:\/\/www.etoro.com\/cs-cz\/editorial\/policy\/","url":"https:\/\/www.etoro.com\/cs-cz\/editorial\/policy\/","name":"Redak\u010dn\u00ed z\u00e1sady Akademie eToro","isPartOf":{"@id":"https:\/\/www.etoro.com\/cs-cz\/#website"},"primaryImageOfPage":{"@id":"https:\/\/www.etoro.com\/cs-cz\/editorial\/policy\/#primaryimage"},"image":{"@id":"https:\/\/www.etoro.com\/cs-cz\/editorial\/policy\/#primaryimage"},"thumbnailUrl":"https:\/\/www.etoro.com\/wp-content\/uploads\/2025\/09\/CZ-Editorial-576x385-1.png","datePublished":"2025-03-20T11:39:17+00:00","dateModified":"2026-01-19T08:30:51+00:00","description":"Prost\u0159edky eToro pro investi\u010dn\u00ed vzd\u011bl\u00e1v\u00e1n\u00ed spl\u0148uj\u00ed nejvy\u0161\u0161\u00ed standardy. Tyto z\u00e1sady pom\u00e1haj\u00ed vytv\u00e1\u0159et d\u016fv\u011bryhodn\u00e9 vzd\u011bl\u00e1vac\u00ed prost\u0159ed\u00ed pro na\u0161i komunitu.","breadcrumb":{"@id":"https:\/\/www.etoro.com\/cs-cz\/editorial\/policy\/#breadcrumb"},"inLanguage":"cs","potentialAction":[{"@type":"ReadAction","target":["https:\/\/www.etoro.com\/cs-cz\/editorial\/policy\/"]}]},{"@type":"ImageObject","inLanguage":"cs","@id":"https:\/\/www.etoro.com\/cs-cz\/editorial\/policy\/#primaryimage","url":"https:\/\/www.etoro.com\/wp-content\/uploads\/2025\/09\/CZ-Editorial-576x385-1.png","contentUrl":"https:\/\/www.etoro.com\/wp-content\/uploads\/2025\/09\/CZ-Editorial-576x385-1.png","width":576,"height":385},{"@type":"BreadcrumbList","@id":"https:\/\/www.etoro.com\/cs-cz\/editorial\/policy\/#breadcrumb","itemListElement":[{"@type":"ListItem","position":1,"name":"Dom\u016f","item":"https:\/\/www.etoro.com\/cs-cz\/"},{"@type":"ListItem","position":2,"name":"Hlavn\u00ed redak\u010dn\u00ed zdroje","item":"https:\/\/www.etoro.com\/cs-cz\/editorial\/"},{"@type":"ListItem","position":3,"name":"Academy Editorial Policies"}]},{"@type":"WebSite","@id":"https:\/\/www.etoro.com\/cs-cz\/#website","url":"https:\/\/www.etoro.com\/cs-cz\/","name":"eToro","description":"","publisher":{"@id":"https:\/\/www.etoro.com\/cs-cz\/#organization"},"potentialAction":[{"@type":"SearchAction","target":{"@type":"EntryPoint","urlTemplate":"https:\/\/www.etoro.com\/cs-cz\/?s={search_term_string}"},"query-input":{"@type":"PropertyValueSpecification","valueRequired":true,"valueName":"search_term_string"}}],"inLanguage":"cs"},[]]}},"_links":{"self":[{"href":"https:\/\/www.etoro.com\/cs-cz\/wp-json\/wp\/v2\/pages\/942933"}],"collection":[{"href":"https:\/\/www.etoro.com\/cs-cz\/wp-json\/wp\/v2\/pages"}],"about":[{"href":"https:\/\/www.etoro.com\/cs-cz\/wp-json\/wp\/v2\/types\/page"}],"author":[{"embeddable":true,"href":"https:\/\/www.etoro.com\/cs-cz\/wp-json\/wp\/v2\/users\/127"}],"replies":[{"embeddable":true,"href":"https:\/\/www.etoro.com\/cs-cz\/wp-json\/wp\/v2\/comments?post=942933"}],"version-history":[{"count":0,"href":"https:\/\/www.etoro.com\/cs-cz\/wp-json\/wp\/v2\/pages\/942933\/revisions"}],"up":[{"embeddable":true,"href":"https:\/\/www.etoro.com\/cs-cz\/wp-json\/wp\/v2\/pages\/944076"}],"wp:featuredmedia":[{"embeddable":true,"href":"https:\/\/www.etoro.com\/cs-cz\/wp-json\/wp\/v2\/media\/1129184"}],"wp:attachment":[{"href":"https:\/\/www.etoro.com\/cs-cz\/wp-json\/wp\/v2\/media?parent=942933"}],"wp:term":[{"taxonomy":"asset_type","embeddable":true,"href":"https:\/\/www.etoro.com\/cs-cz\/wp-json\/wp\/v2\/asset_type?post=942933"}],"curies":[{"name":"wp","href":"https:\/\/api.w.org\/{rel}","templated":true}]}}