{"id":944076,"date":"2024-09-24T14:44:06","date_gmt":"2024-09-24T11:44:06","guid":{"rendered":"https:\/\/www.etoro.com\/editorial\/"},"modified":"2025-09-12T12:04:19","modified_gmt":"2025-09-12T09:04:19","slug":"editorial","status":"publish","type":"page","link":"https:\/\/www.etoro.com\/cs-cz\/editorial\/","title":{"rendered":"Hlavn\u00ed redak\u010dn\u00ed zdroje"},"content":{"rendered":"\n<div class=\"wp-block-etoro-hero has-dark-blue-background-color wp-block-etoro-hero-height-480\"><div class=\"wp-block-etoro-hero-image\"><img decoding=\"async\" src=\"https:\/\/www.etoro.com\/wp-content\/uploads\/2025\/08\/Frame-6-2.png\" alt=\"\" class=\"wp-block-etoro-hero-thumbnail\"\/><\/div><div class=\"wp-block-etoro-hero-body\">\n<h2 class=\"wp-block-heading is-style-banner-title\">Hlavn\u00ed <strong>redak\u010dn\u00ed zdroje<\/strong><\/h2>\n<\/div><\/div>\n\n\n\n<section class=\"wp-block-group wp-block-group-boxed has-white-background-color has-background\"><div class=\"wp-block-group-inner is-layout-flow wp-block-group-is-layout-flow\">\n<div class=\"wp-block-columns are-vertically-aligned-top wp-block-columns-1 is-layout-flex wp-container-core-columns-is-layout-1 wp-block-columns-is-layout-flex\">\n<div class=\"wp-block-column is-layout-flow wp-block-column-is-layout-flow\">\n<p>Redak\u010dn\u00ed centrum eToro je m\u00edstem, kde najdete ve\u0161ker\u00e9 obsahov\u00e9 a redak\u010dn\u00ed pokyny. A\u0165 u\u017e v\u00e1s zaj\u00edm\u00e1 na\u0161e redak\u010dn\u00ed politika, chcete prozkoumat vzd\u011bl\u00e1vac\u00ed zdroje, sezn\u00e1mit se s Radou pro finan\u010dn\u00ed kontrolu, nebo se pono\u0159it do na\u0161ich podcast\u016f, v tomto centru se dostanete ke v\u0161emu. Ka\u017ed\u00e1 sekce obsahuje odkazy na relevantn\u00ed str\u00e1nky, d\u00edky kter\u00fdm snadno najdete, co pot\u0159ebujete.<\/p>\n<\/div>\n<\/div>\n<\/div><\/section>\n\n\n\n<section class=\"wp-block-group wp-block-group-boxed\"><div class=\"wp-block-group-inner is-layout-flow wp-block-group-is-layout-flow\">\n<p class=\"is-style-heading-2\">Redak\u010dn\u00ed zdroje<\/p>\n\n\n\n<div class=\"wp-block-columns are-vertically-aligned-top wp-block-columns-1 is-layout-flex wp-container-core-columns-is-layout-2 wp-block-columns-is-layout-flex\">\n<div class=\"wp-block-column is-layout-flow wp-block-column-is-layout-flow\">\n<div id=\"swiper1323431514\" class=\"wp-block-etoro-cards wp-block-etoro-cards-column-on-mobile wp-block-etoro-card-grid-columns-2\"><div class=\"swiper-wrapper\">\n<div class=\"wp-block-etoro-card wp-block-etoro-card-has-button wp-block-etoro-card-half-image\"><img decoding=\"async\" src=\"https:\/\/www.etoro.com\/wp-content\/uploads\/2025\/08\/Frame-52960-1.png\" alt=\"Redak\u010dn\u00ed politika\" class=\"wp-block-etoro-card-thumbnail wp-block-etoro-card-thumbnail-mobile\"\/><div class=\"wp-block-etoro-card-thumbnail\" style=\"background-image:url(https:\/\/www.etoro.com\/wp-content\/uploads\/2025\/08\/Frame-427319707-1.png);\"><\/div><div class=\"wp-block-etoro-card-body\"><div class=\"wp-block-etoro-card-title\">Redak\u010dn\u00ed politika<\/div><div class=\"wp-block-etoro-card-content\">\n<p>Z\u00e1sady a pokyny, kter\u00e9 zaji\u0161\u0165uj\u00ed, \u017ee n\u00e1\u0161 obsah je p\u0159esn\u00fd, nezaujat\u00fd a spolehliv\u00fd.<\/p>\n<\/div><div class=\"wp-block-etoro-card-button\"><a href=\"https:\/\/www.etoro.com\/cs-cz\/editorial\/policy\/\" class=\"e-cta\">Redak\u010dn\u00ed Politiku<\/a><\/div><\/div><\/div>\n\n\n\n<div class=\"wp-block-etoro-card wp-block-etoro-card-has-button wp-block-etoro-card-half-image\"><img decoding=\"async\" src=\"https:\/\/www.etoro.com\/wp-content\/uploads\/2025\/08\/Frame-529642.png\" alt=\"Rada pro finan\u010dn\u00ed kontrolu\" class=\"wp-block-etoro-card-thumbnail wp-block-etoro-card-thumbnail-mobile\"\/><div class=\"wp-block-etoro-card-thumbnail\" style=\"background-image:url(https:\/\/www.etoro.com\/wp-content\/uploads\/2025\/08\/Frame-52962.png);\"><\/div><div class=\"wp-block-etoro-card-body\"><div class=\"wp-block-etoro-card-title\">Rada pro finan\u010dn\u00ed kontrolu<\/div><div class=\"wp-block-etoro-card-content\">\n<p>Seznamte se s na\u0161\u00ed Radou pro finan\u010dn\u00ed kontrolu, skupinou pe\u010dliv\u011b vybran\u00fdch odborn\u00edk\u016f zodpov\u011bdn\u00fdch za stanoven\u00ed standard\u016f pro n\u00e1\u0161 finan\u010dn\u00ed obsah.<\/p>\n<\/div><div class=\"wp-block-etoro-card-button\"><a href=\"https:\/\/www.etoro.com\/cs-cz\/editorial\/financial-review-board\/\" class=\"e-cta\">Rad\u011b pro finan\u010dn\u00ed kontrolu<\/a><\/div><\/div><\/div>\n\n\n\n<div class=\"wp-block-etoro-card wp-block-etoro-card-has-button wp-block-etoro-card-half-image\"><img decoding=\"async\" src=\"https:\/\/www.etoro.com\/wp-content\/uploads\/2025\/08\/Frame-529643.png\" alt=\"Analytici\" class=\"wp-block-etoro-card-thumbnail wp-block-etoro-card-thumbnail-mobile\"\/><div class=\"wp-block-etoro-card-thumbnail\" style=\"background-image:url(https:\/\/www.etoro.com\/wp-content\/uploads\/2025\/08\/Frame-427319712-2.png);\"><\/div><div class=\"wp-block-etoro-card-body\"><div class=\"wp-block-etoro-card-title\">Analytici<\/div><div class=\"wp-block-etoro-card-content\">\n<p>Seznamte se s na\u0161imi analytiky, odborn\u00edky ve finan\u010dn\u00edch oborech, kte\u0159\u00ed poskytuj\u00ed post\u0159ehy a anal\u00fdzy.<\/p>\n<\/div><div class=\"wp-block-etoro-card-button\"><a href=\"https:\/\/www.etoro.com\/cs-cz\/editorial\/analysts\/\" class=\"e-cta\">Analytic\u00edch<\/a><\/div><\/div><\/div>\n\n\n\n<div class=\"wp-block-etoro-card wp-block-etoro-card-has-button wp-block-etoro-card-half-image\"><img decoding=\"async\" src=\"https:\/\/www.etoro.com\/wp-content\/uploads\/2025\/08\/Frame-529624.png\" alt=\"P\u0159isp\u011bvatel\u00e9\" class=\"wp-block-etoro-card-thumbnail wp-block-etoro-card-thumbnail-mobile\"\/><div class=\"wp-block-etoro-card-thumbnail\" style=\"background-image:url(https:\/\/www.etoro.com\/wp-content\/uploads\/2025\/08\/Frame-427319713-2.png);\"><\/div><div class=\"wp-block-etoro-card-body\"><div class=\"wp-block-etoro-card-title\">P\u0159isp\u011bvatel\u00e9<\/div><div class=\"wp-block-etoro-card-content\">\n<p>Z\u00edskejte v\u00edce informac\u00ed o na\u0161ich p\u0159isp\u011bvatel\u00edch, zku\u0161en\u00fdch obchodn\u00edc\u00edch a investorech, kte\u0159\u00ed sd\u00edlej\u00ed re\u00e1ln\u00e9 zku\u0161enosti.<\/p>\n<\/div><div class=\"wp-block-etoro-card-button\"><a href=\"https:\/\/www.etoro.com\/cs-cz\/editorial\/contributors\/\" class=\"e-cta\">P\u0159isp\u011bvateli<\/a><\/div><\/div><\/div>\n<\/div><\/div>\n<\/div>\n<\/div>\n<\/div><\/section>\n\n\n\n<section class=\"wp-block-group wp-block-group-boxed has-white-background-color has-background\"><div class=\"wp-block-group-inner is-layout-flow wp-block-group-is-layout-flow\">\n<div class=\"wp-block-columns are-vertically-aligned-top wp-block-columns-1 is-layout-flex wp-container-core-columns-is-layout-3 wp-block-columns-is-layout-flex\">\n<div class=\"wp-block-column is-layout-flow wp-block-column-is-layout-flow\">\n<h2 class=\"wp-block-heading\">Vzd\u011bl\u00e1vac\u00ed zdroje<\/h2>\n\n\n\n<div class=\"wp-block-etoro-resource-item\"><img decoding=\"async\" src=\"https:\/\/www.etoro.com\/wp-content\/uploads\/2025\/09\/CZ-eToro-Academy-1920x400-1.png\" alt=\"<strong&gt;Akademie eToro<\/strong&gt; desktop image\" class=\"wp-block-etoro-resource-item-desktop-image\"\/><div class=\"wp-block-etoro-resource-item-content\"><img decoding=\"async\" src=\"https:\/\/www.etoro.com\/wp-content\/uploads\/2025\/08\/Background.svg\" alt=\"<strong&gt;Akademie eToro<\/strong&gt; icon\" class=\"wp-block-etoro-resource-item-icon\"\/><div class=\"wp-block-etoro-resource-item-text-button-wrapper\"><div class=\"wp-block-etoro-resource-item-text-wrapper\"><h2 class=\"wp-block-etoro-resource-item-title\"><strong>Akademie eToro<\/strong><\/h2><p class=\"wp-block-etoro-resource-item-description\">Kurzy a materi\u00e1ly, kter\u00e9 v\u00e1m pomohou ovl\u00e1dnout trhy.<\/p><\/div>\n<a class=\"e-cta e-cta-alternative\" href=\"https:\/\/www.etoro.com\/cs-cz\/academy\/\">Akademii eToro<\/a>\n<\/div><\/div><\/div>\n\n\n\n<div class=\"wp-block-etoro-resource-item\"><img decoding=\"async\" src=\"https:\/\/www.etoro.com\/wp-content\/uploads\/2025\/08\/Banner-1-1.png\" alt=\"<strong&gt;Digest &amp; Invest<\/strong&gt; desktop image\" class=\"wp-block-etoro-resource-item-desktop-image\"\/><div class=\"wp-block-etoro-resource-item-content\"><img decoding=\"async\" src=\"https:\/\/www.etoro.com\/wp-content\/uploads\/2025\/08\/Background-1.svg\" alt=\"<strong&gt;Digest &amp; Invest<\/strong&gt; icon\" class=\"wp-block-etoro-resource-item-icon\"\/><div class=\"wp-block-etoro-resource-item-text-button-wrapper\"><div class=\"wp-block-etoro-resource-item-text-wrapper\"><h2 class=\"wp-block-etoro-resource-item-title\"><strong>Digest &amp; Invest<\/strong><\/h2><p class=\"wp-block-etoro-resource-item-description\">Podcasty, kter\u00e9 v\u00e1m pomohou zlep\u0161it va\u0161e finan\u010dn\u00ed znalosti.<\/p><\/div>\n<a class=\"e-cta e-cta-alternative\" href=\"https:\/\/www.etoro.com\/digest-and-invest\/\">Digest &amp; Invest<\/a>\n<\/div><\/div><\/div>\n\n\n\n<div class=\"wp-block-etoro-resource-item\"><img decoding=\"async\" src=\"https:\/\/www.etoro.com\/wp-content\/uploads\/2025\/09\/CZ-Analyst-Weekly-1920x400-1.png\" alt=\"<strong&gt;Zpr\u00e1vy a anal\u00fdzy<\/strong&gt; desktop image\" class=\"wp-block-etoro-resource-item-desktop-image\"\/><div class=\"wp-block-etoro-resource-item-content\"><img decoding=\"async\" src=\"https:\/\/www.etoro.com\/wp-content\/uploads\/2025\/08\/Background-2.svg\" alt=\"<strong&gt;Zpr\u00e1vy a anal\u00fdzy<\/strong&gt; icon\" class=\"wp-block-etoro-resource-item-icon\"\/><div class=\"wp-block-etoro-resource-item-text-button-wrapper\"><div class=\"wp-block-etoro-resource-item-text-wrapper\"><h2 class=\"wp-block-etoro-resource-item-title\"><strong>Zpr\u00e1vy a anal\u00fdzy<\/strong><\/h2><p class=\"wp-block-etoro-resource-item-description\">Nejnov\u011bj\u0161\u00ed zpr\u00e1vy z trhu a anal\u00fdzy od na\u0161eho glob\u00e1ln\u00edho t\u00fdmu analytik\u016f.<\/p><\/div>\n<a class=\"e-cta e-cta-alternative\" href=\"https:\/\/www.etoro.com\/cs-cz\/news-and-analysis\/\">Zpr\u00e1vy a anal\u00fdzy<\/a>\n<\/div><\/div><\/div>\n<\/div>\n<\/div>\n<\/div><\/section>\n\n\n\n<section class=\"wp-block-group wp-block-group-boxed\"><div class=\"wp-block-group-inner is-layout-flow wp-block-group-is-layout-flow\">\n<div class=\"wp-block-columns are-vertically-aligned-top wp-block-columns-1 is-layout-flex wp-container-core-columns-is-layout-4 wp-block-columns-is-layout-flex\">\n<div class=\"wp-block-column is-layout-flow wp-block-column-is-layout-flow\">\n<h2 class=\"wp-block-heading has-text-align-center\"><strong>P\u0159ipraveni p\u0159ipojit se k eToro?<\/strong><\/h2>\n\n\n\n<p class=\"has-text-align-center\">Pokud je\u0161t\u011b nem\u00e1te \u00fa\u010det na eToro, pod\u00edvejte se, jak jednoduch\u00e1 je registrace d\u00edky na\u0161emu podrobn\u00e9mu <a href=\"https:\/\/www.youtube.com\/watch?v=3T6FYSdsWmM\" target=\"_blank\" rel=\"noreferrer noopener\">n\u00e1vodu<\/a>.<\/p>\n\n\n\n<div class=\"wp-block-buttons is-content-justification-center is-layout-flex wp-container-core-buttons-is-layout-1 wp-block-buttons-is-layout-flex\">\n<a class=\"e-cta e-cta-primary\" href=\"https:\/\/www.etoro.com\/cs-cz\/accounts\/sign-up\">Zaregistrujte se nyn\u00ed<\/a>\n<\/div>\n<\/div>\n<\/div>\n<\/div><\/section>\n","protected":false},"excerpt":{"rendered":"<p>Redak\u010dn\u00ed centrum eToro je m\u00edstem, kde najdete ve\u0161ker\u00e9 obsahov\u00e9 a redak\u010dn\u00ed pokyny. A\u0165 u\u017e v\u00e1s zaj\u00edm\u00e1 na\u0161e redak\u010dn\u00ed politika, chcete prozkoumat vzd\u011bl\u00e1vac\u00ed zdroje, sezn\u00e1mit se s Radou pro finan\u010dn\u00ed kontrolu, nebo se pono\u0159it do na\u0161ich podcast\u016f, v tomto centru se dostanete ke v\u0161emu. Ka\u017ed\u00e1 sekce obsahuje odkazy na relevantn\u00ed str\u00e1nky, d\u00edky kter\u00fdm snadno najdete, co&hellip;<\/p>\n","protected":false},"author":39,"featured_media":0,"parent":0,"menu_order":0,"comment_status":"closed","ping_status":"closed","template":"","meta":{"_acf_changed":false,"inline_featured_image":false,"sticky_cta_settings":"","footnotes":""},"asset_type":[],"class_list":["post-944076","page","type-page","status-publish","hentry"],"acf":[],"yoast_head":"<title>Redak\u010dn\u00ed centrum eToro<\/title>\n<meta name=\"description\" content=\"V\u00e1\u0161 zdroj informac\u00ed o pravidlech a z\u00e1sad\u00e1ch, kter\u00fdmi se \u0159\u00edd\u00ed redak\u010dn\u00ed obsah eToro, a o \u00faloze na\u0161\u00ed Rady pro finan\u010dn\u00ed kontrolu, analytik\u016f a p\u0159isp\u011bvatel\u016f.\" \/>\n<meta name=\"robots\" content=\"index, follow, max-snippet:-1, max-image-preview:large, max-video-preview:-1\" \/>\n<link rel=\"canonical\" href=\"https:\/\/www.etoro.com\/cs-cz\/wp-json\/wp\/v2\/pages\/944076\" \/>\n<meta property=\"og:locale\" content=\"cs_CZ\" \/>\n<meta property=\"og:type\" content=\"article\" \/>\n<meta property=\"og:title\" content=\"Redak\u010dn\u00ed centrum eToro\" \/>\n<meta property=\"og:description\" content=\"V\u00e1\u0161 zdroj informac\u00ed o pravidlech a z\u00e1sad\u00e1ch, kter\u00fdmi se \u0159\u00edd\u00ed redak\u010dn\u00ed obsah eToro, a o \u00faloze na\u0161\u00ed Rady pro finan\u010dn\u00ed kontrolu, analytik\u016f a p\u0159isp\u011bvatel\u016f.\" \/>\n<meta property=\"og:url\" content=\"https:\/\/www.etoro.com\/cs-cz\/wp-json\/wp\/v2\/pages\/944076\" \/>\n<meta property=\"og:site_name\" content=\"eToro\" \/>\n<meta property=\"article:publisher\" content=\"https:\/\/www.facebook.com\/eToro\/\" \/>\n<meta property=\"article:modified_time\" content=\"2025-09-12T09:04:19+00:00\" \/>\n<meta property=\"og:image\" content=\"https:\/\/www.etoro.com\/wp-content\/uploads\/2025\/08\/Frame-6-2.png\" \/>\n<meta name=\"twitter:card\" content=\"summary_large_image\" \/>\n<meta name=\"twitter:site\" content=\"@eToro\" \/>\n<meta name=\"twitter:label1\" content=\"Est. reading time\" \/>\n\t<meta name=\"twitter:data1\" content=\"1 minute\" \/>\n<script type=\"application\/ld+json\" class=\"yoast-schema-graph\">{\"@context\":\"https:\/\/schema.org\",\"@graph\":[{\"@type\":\"WebPage\",\"@id\":\"https:\/\/www.etoro.com\/cs-cz\/editorial\/\",\"url\":\"https:\/\/www.etoro.com\/cs-cz\/editorial\/\",\"name\":\"Redak\u010dn\u00ed centrum eToro\",\"isPartOf\":{\"@id\":\"https:\/\/www.etoro.com\/cs-cz\/#website\"},\"primaryImageOfPage\":{\"@id\":\"https:\/\/www.etoro.com\/cs-cz\/editorial\/#primaryimage\"},\"image\":{\"@id\":\"https:\/\/www.etoro.com\/cs-cz\/editorial\/#primaryimage\"},\"thumbnailUrl\":\"https:\/\/www.etoro.com\/wp-content\/uploads\/2025\/08\/Frame-6-2.png\",\"datePublished\":\"2024-09-24T11:44:06+00:00\",\"dateModified\":\"2025-09-12T09:04:19+00:00\",\"description\":\"V\u00e1\u0161 zdroj informac\u00ed o pravidlech a z\u00e1sad\u00e1ch, kter\u00fdmi se \u0159\u00edd\u00ed redak\u010dn\u00ed obsah eToro, a o \u00faloze na\u0161\u00ed Rady pro finan\u010dn\u00ed kontrolu, analytik\u016f a p\u0159isp\u011bvatel\u016f.\",\"breadcrumb\":{\"@id\":\"https:\/\/www.etoro.com\/cs-cz\/editorial\/#breadcrumb\"},\"inLanguage\":\"cs\",\"potentialAction\":[{\"@type\":\"ReadAction\",\"target\":[\"https:\/\/www.etoro.com\/cs-cz\/editorial\/\"]}]},{\"@type\":\"ImageObject\",\"inLanguage\":\"cs\",\"@id\":\"https:\/\/www.etoro.com\/cs-cz\/editorial\/#primaryimage\",\"url\":\"https:\/\/www.etoro.com\/wp-content\/uploads\/2025\/08\/Frame-6-2.png\",\"contentUrl\":\"https:\/\/www.etoro.com\/wp-content\/uploads\/2025\/08\/Frame-6-2.png\"},{\"@type\":\"BreadcrumbList\",\"@id\":\"https:\/\/www.etoro.com\/cs-cz\/editorial\/#breadcrumb\",\"itemListElement\":[{\"@type\":\"ListItem\",\"position\":1,\"name\":\"Dom\u016f\",\"item\":\"https:\/\/www.etoro.com\/cs-cz\/\"},{\"@type\":\"ListItem\",\"position\":2,\"name\":\"Hlavn\u00ed redak\u010dn\u00ed zdroje\"}]},{\"@type\":\"WebSite\",\"@id\":\"https:\/\/www.etoro.com\/cs-cz\/#website\",\"url\":\"https:\/\/www.etoro.com\/cs-cz\/\",\"name\":\"eToro\",\"description\":\"\",\"publisher\":{\"@id\":\"https:\/\/www.etoro.com\/cs-cz\/#organization\"},\"potentialAction\":[{\"@type\":\"SearchAction\",\"target\":{\"@type\":\"EntryPoint\",\"urlTemplate\":\"https:\/\/www.etoro.com\/cs-cz\/?s={search_term_string}\"},\"query-input\":{\"@type\":\"PropertyValueSpecification\",\"valueRequired\":true,\"valueName\":\"search_term_string\"}}],\"inLanguage\":\"cs\"},[]]}<\/script>","yoast_head_json":{"title":"Redak\u010dn\u00ed centrum eToro","description":"V\u00e1\u0161 zdroj informac\u00ed o pravidlech a z\u00e1sad\u00e1ch, kter\u00fdmi se \u0159\u00edd\u00ed redak\u010dn\u00ed obsah eToro, a o \u00faloze na\u0161\u00ed Rady pro finan\u010dn\u00ed kontrolu, analytik\u016f a p\u0159isp\u011bvatel\u016f.","robots":{"index":"index","follow":"follow","max-snippet":"max-snippet:-1","max-image-preview":"max-image-preview:large","max-video-preview":"max-video-preview:-1"},"canonical":"https:\/\/www.etoro.com\/cs-cz\/wp-json\/wp\/v2\/pages\/944076","og_locale":"cs_CZ","og_type":"article","og_title":"Redak\u010dn\u00ed centrum eToro","og_description":"V\u00e1\u0161 zdroj informac\u00ed o pravidlech a z\u00e1sad\u00e1ch, kter\u00fdmi se \u0159\u00edd\u00ed redak\u010dn\u00ed obsah eToro, a o \u00faloze na\u0161\u00ed Rady pro finan\u010dn\u00ed kontrolu, analytik\u016f a p\u0159isp\u011bvatel\u016f.","og_url":"https:\/\/www.etoro.com\/cs-cz\/wp-json\/wp\/v2\/pages\/944076","og_site_name":"eToro","article_publisher":"https:\/\/www.facebook.com\/eToro\/","article_modified_time":"2025-09-12T09:04:19+00:00","og_image":[{"url":"https:\/\/www.etoro.com\/wp-content\/uploads\/2025\/08\/Frame-6-2.png","type":"","width":"","height":""}],"twitter_card":"summary_large_image","twitter_site":"@eToro","twitter_misc":{"Est. reading time":"1 minute"},"schema":{"@context":"https:\/\/schema.org","@graph":[{"@type":"WebPage","@id":"https:\/\/www.etoro.com\/cs-cz\/editorial\/","url":"https:\/\/www.etoro.com\/cs-cz\/editorial\/","name":"Redak\u010dn\u00ed centrum eToro","isPartOf":{"@id":"https:\/\/www.etoro.com\/cs-cz\/#website"},"primaryImageOfPage":{"@id":"https:\/\/www.etoro.com\/cs-cz\/editorial\/#primaryimage"},"image":{"@id":"https:\/\/www.etoro.com\/cs-cz\/editorial\/#primaryimage"},"thumbnailUrl":"https:\/\/www.etoro.com\/wp-content\/uploads\/2025\/08\/Frame-6-2.png","datePublished":"2024-09-24T11:44:06+00:00","dateModified":"2025-09-12T09:04:19+00:00","description":"V\u00e1\u0161 zdroj informac\u00ed o pravidlech a z\u00e1sad\u00e1ch, kter\u00fdmi se \u0159\u00edd\u00ed redak\u010dn\u00ed obsah eToro, a o \u00faloze na\u0161\u00ed Rady pro finan\u010dn\u00ed kontrolu, analytik\u016f a p\u0159isp\u011bvatel\u016f.","breadcrumb":{"@id":"https:\/\/www.etoro.com\/cs-cz\/editorial\/#breadcrumb"},"inLanguage":"cs","potentialAction":[{"@type":"ReadAction","target":["https:\/\/www.etoro.com\/cs-cz\/editorial\/"]}]},{"@type":"ImageObject","inLanguage":"cs","@id":"https:\/\/www.etoro.com\/cs-cz\/editorial\/#primaryimage","url":"https:\/\/www.etoro.com\/wp-content\/uploads\/2025\/08\/Frame-6-2.png","contentUrl":"https:\/\/www.etoro.com\/wp-content\/uploads\/2025\/08\/Frame-6-2.png"},{"@type":"BreadcrumbList","@id":"https:\/\/www.etoro.com\/cs-cz\/editorial\/#breadcrumb","itemListElement":[{"@type":"ListItem","position":1,"name":"Dom\u016f","item":"https:\/\/www.etoro.com\/cs-cz\/"},{"@type":"ListItem","position":2,"name":"Hlavn\u00ed redak\u010dn\u00ed zdroje"}]},{"@type":"WebSite","@id":"https:\/\/www.etoro.com\/cs-cz\/#website","url":"https:\/\/www.etoro.com\/cs-cz\/","name":"eToro","description":"","publisher":{"@id":"https:\/\/www.etoro.com\/cs-cz\/#organization"},"potentialAction":[{"@type":"SearchAction","target":{"@type":"EntryPoint","urlTemplate":"https:\/\/www.etoro.com\/cs-cz\/?s={search_term_string}"},"query-input":{"@type":"PropertyValueSpecification","valueRequired":true,"valueName":"search_term_string"}}],"inLanguage":"cs"},[]]}},"_links":{"self":[{"href":"https:\/\/www.etoro.com\/cs-cz\/wp-json\/wp\/v2\/pages\/944076"}],"collection":[{"href":"https:\/\/www.etoro.com\/cs-cz\/wp-json\/wp\/v2\/pages"}],"about":[{"href":"https:\/\/www.etoro.com\/cs-cz\/wp-json\/wp\/v2\/types\/page"}],"author":[{"embeddable":true,"href":"https:\/\/www.etoro.com\/cs-cz\/wp-json\/wp\/v2\/users\/39"}],"replies":[{"embeddable":true,"href":"https:\/\/www.etoro.com\/cs-cz\/wp-json\/wp\/v2\/comments?post=944076"}],"version-history":[{"count":0,"href":"https:\/\/www.etoro.com\/cs-cz\/wp-json\/wp\/v2\/pages\/944076\/revisions"}],"wp:attachment":[{"href":"https:\/\/www.etoro.com\/cs-cz\/wp-json\/wp\/v2\/media?parent=944076"}],"wp:term":[{"taxonomy":"asset_type","embeddable":true,"href":"https:\/\/www.etoro.com\/cs-cz\/wp-json\/wp\/v2\/asset_type?post=944076"}],"curies":[{"name":"wp","href":"https:\/\/api.w.org\/{rel}","templated":true}]}}