{"id":1116091,"date":"2025-08-06T17:55:00","date_gmt":"2025-08-06T14:55:00","guid":{"rendered":"https:\/\/www.etoro.com\/?page_id=1116091"},"modified":"2025-08-07T14:29:38","modified_gmt":"2025-08-07T11:29:38","slug":"tori","status":"publish","type":"page","link":"https:\/\/www.etoro.com\/da-dk\/trading\/platforms\/tori\/","title":{"rendered":"Tori"},"content":{"rendered":"\n<div class=\"wp-block-etoro-half-cover has-white-background-color\">\n<div class=\"wp-block-etoro-half-cover-left\"><p id=\"breadcrumbs\" class=\"gray-dark\"><span><span><a href=\"https:\/\/www.etoro.com\/da-dk\/\">HJEM<\/a><\/span><\/span><\/p>\n<h1 class=\"wp-block-heading is-style-banner-title\"><strong>TORI<\/strong>Din AI-investeringspartner<\/h1>\n\n\n\n<p>Smartere beslutninger. Hurtige svar. Personlig indsigt.<br><\/p>\n\n\n\n<div class=\"wp-block-buttons is-layout-flex wp-block-buttons-is-layout-flex\">\n<a class=\"e-cta e-cta-primary\" href=\"http:\/\/etoro.com\/home?bscarousel=tori_intro_carousel\">Pr\u00f8v Tori<\/a>\n<\/div>\n<\/div>\n\n\n\n<div class=\"wp-block-etoro-half-cover-right\">\n<img decoding=\"async\" src=\"https:\/\/www.etoro.com\/wp-content\/uploads\/2025\/08\/Tori_main_desktop.png\" alt=\"\" class=\"wp-block-etoro-half-cover-media\"\/><img decoding=\"async\" src=\"https:\/\/www.etoro.com\/wp-content\/uploads\/2025\/08\/Tori_Desktop-1.png\" alt=\"\" class=\"wp-block-etoro-half-cover-media-desktop\"\/><img decoding=\"async\" src=\"https:\/\/www.etoro.com\/wp-content\/uploads\/2025\/08\/Tori_tablet.png\" alt=\"\" class=\"wp-block-etoro-half-cover-media-tablet\"\/><img decoding=\"async\" src=\"https:\/\/www.etoro.com\/wp-content\/uploads\/2025\/08\/Tori_mobile.png\" alt=\"\" class=\"wp-block-etoro-half-cover-media-mobile\"\/>\n<\/div>\n<\/div>\n\n\n\n<section class=\"wp-block-group wp-block-group-boxed\"><div class=\"wp-block-group-inner is-layout-flow wp-block-group-is-layout-flow\">\n<h2 class=\"wp-block-heading has-text-align-center\"><b class=\"wp-etoro-format-colored-green\">Opdag, <\/b> <strong>f\u00e5 viden,<\/strong> <b class=\"wp-etoro-format-colored-green\">analys\u00e9r<\/b><\/h2>\n\n\n\n<p class=\"has-text-align-center\">Tori samler data, analyser og indsigter i \u00e9n enkel og interaktiv chat.<\/p>\n<\/div><\/section>\n\n\n\n<section class=\"wp-block-group wp-block-group-boxed has-white-background-color has-background\"><div class=\"wp-block-group-inner is-layout-flow wp-block-group-is-layout-flow\">\n<div class=\"wp-block-columns are-vertically-aligned-center wp-block-columns-2 is-layout-flex wp-container-core-columns-is-layout-1 wp-block-columns-is-layout-flex\">\n<div class=\"wp-block-column is-layout-flow wp-block-column-is-layout-flow\">\n<figure class=\"wp-block-image size-full wp-block-image-has-mobile\"><img loading=\"lazy\" decoding=\"async\" width=\"1152\" height=\"800\" src=\"https:\/\/www.etoro.com\/wp-content\/uploads\/2025\/08\/Cube-desktop-X2-3-3.gif\" alt=\"\" class=\"wp-image-1116230 wp-image-desktop\"\/><img loading=\"lazy\" decoding=\"async\" width=\"1152\" height=\"800\" src=\"https:\/\/www.etoro.com\/wp-content\/uploads\/2025\/08\/Cube-mobile-X23-2.gif\" alt=\"\" class=\"wp-image-1116255 wp-image-mobile\"\/><\/figure>\n\n\n\n<p class=\"is-style-disclaimer\">*Kun til illustrationsform\u00e5l<\/p>\n<\/div>\n\n\n\n<div class=\"wp-block-column is-text-column is-layout-flow wp-block-column-is-layout-flow\">\n<p class=\"is-style-heading-2\"><strong>Opdag <b class=\"wp-etoro-format-colored-green\">nye investeringsmuligheder<\/b><\/strong><\/p>\n\n\n\n<p>Hvert sp\u00f8rgsm\u00e5l, du stiller, besvares med tydelige data og indsigt i realtid, s\u00e5 du nemt kan spotte nye investeringsmuligheder.<\/p>\n\n\n\n<div class=\"wp-block-buttons is-layout-flex wp-block-buttons-is-layout-flex\">\n<a class=\"e-cta e-cta-primary\" href=\"http:\/\/etoro.com\/home?bscarousel=tori_intro_carousel\">Sp\u00f8rg Tori<\/a>\n<\/div>\n<\/div>\n<\/div>\n<\/div><\/section>\n\n\n\n<section class=\"wp-block-group wp-block-group-boxed has-dark-blue-background-color has-background\"><div class=\"wp-block-group-inner is-layout-flow wp-block-group-is-layout-flow\">\n<div class=\"wp-block-columns are-vertically-aligned-center wp-block-columns-2 is-layout-flex wp-container-core-columns-is-layout-2 wp-block-columns-is-layout-flex\">\n<div class=\"wp-block-column is-text-column is-layout-flow wp-block-column-is-layout-flow\">\n<h2 class=\"wp-block-heading\"><strong><b class=\"wp-etoro-format-colored-green\">F\u00e5 markedsindsigt,<\/b> der er skr\u00e6ddersyet til dine interesser<\/strong><\/h2>\n\n\n\n<p>Tori oms\u00e6tter dine sp\u00f8rgsm\u00e5l til handlingsorienterede analyser. Hold dig opdateret og i kontrol med on-demand-markedsindsigt \u2013 skr\u00e6ddersyet til dig.<\/p>\n\n\n\n<div class=\"wp-block-buttons is-layout-flex wp-block-buttons-is-layout-flex\">\n<a class=\"e-cta e-cta-primary\" href=\"http:\/\/etoro.com\/home?bscarousel=tori_intro_carousel\">Analys\u00e9r med Tori<\/a>\n<\/div>\n<\/div>\n\n\n\n<div class=\"wp-block-column is-layout-flow wp-block-column-is-layout-flow\">\n<p class=\"is-style-disclaimer\"><\/p>\n\n\n\n<figure class=\"wp-block-video\"><video controls src=\"https:\/\/www.etoro.com\/wp-content\/uploads\/2025\/08\/Question-desktop-option-3-X2-1-1.mp4\"><\/video><\/figure>\n\n\n\n<p class=\"is-style-disclaimer\">*Kun til illustrationsform\u00e5l<\/p>\n<\/div>\n<\/div>\n<\/div><\/section>\n\n\n\n<section class=\"wp-block-group wp-block-group-boxed has-white-background-color has-background\"><div class=\"wp-block-group-inner is-layout-flow wp-block-group-is-layout-flow\">\n<div class=\"wp-block-columns are-vertically-aligned-center wp-block-columns-2 is-layout-flex wp-container-core-columns-is-layout-3 wp-block-columns-is-layout-flex\">\n<div class=\"wp-block-column is-layout-flow wp-block-column-is-layout-flow\">\n<figure class=\"wp-block-image size-full\"><img loading=\"lazy\" decoding=\"async\" width=\"576\" height=\"400\" src=\"https:\/\/www.etoro.com\/wp-content\/uploads\/2025\/08\/Level-up-your-investing-knowledge.png\" alt=\"\" class=\"wp-image-1112883 wp-image-desktop\" srcset=\"https:\/\/www.etoro.com\/wp-content\/uploads\/2025\/08\/Level-up-your-investing-knowledge.png 576w, https:\/\/www.etoro.com\/wp-content\/uploads\/2025\/08\/Level-up-your-investing-knowledge-300x208.png 300w\" sizes=\"(max-width: 576px) 100vw, 576px\" \/><\/figure>\n<\/div>\n\n\n\n<div class=\"wp-block-column is-text-column is-layout-flow wp-block-column-is-layout-flow\">\n<h2 class=\"wp-block-heading\"><strong>Tag <b class=\"wp-etoro-format-colored-green\">din investeringsviden til det n\u00e6ste niveau<\/b><\/strong><\/h2>\n\n\n\n<p>Stil sp\u00f8rgsm\u00e5l, og f\u00e5 m\u00e5lrettede lektioner, tips og vejledninger direkte fra <a href=\"https:\/\/www.etoro.com\/da-dk\/academy\/\">eToro Academy<\/a>. Tori hj\u00e6lper dig med at styrke din investeringsviden \u2013 n\u00e5r det passer dig.<\/p>\n\n\n\n<div class=\"wp-block-buttons is-layout-flex wp-block-buttons-is-layout-flex\">\n<a class=\"e-cta e-cta-primary\" href=\"http:\/\/etoro.com\/home?bscarousel=tori_intro_carousel\">L\u00e6r med Tori<\/a>\n<\/div>\n<\/div>\n<\/div>\n<\/div><\/section>\n\n\n\n<section class=\"wp-block-group wp-block-group-boxed has-dark-blue-background-color has-background\"><div class=\"wp-block-group-inner is-layout-flow wp-block-group-is-layout-flow\">\n<h2 class=\"wp-block-heading has-text-align-center\"><strong>Smartere hver dag, <b class=\"wp-etoro-format-colored-green\">stadig med et menneskeligt hjerte<\/b><\/strong><span style=\"font-weight:normal;\" id=\"docs-internal-guid-a033a6ed-7fff-b863-beb3-2ff50e131b71\"><span style=\"font-size: 16pt; font-family: Arial, sans-serif; color: rgb(0, 0, 0); background-color: transparent; font-weight: 700; font-variant-numeric: normal; font-variant-east-asian: normal; font-variant-alternates: normal; font-variant-position: normal; font-variant-emoji: normal; vertical-align: baseline;\"><\/span><\/span><\/h2>\n\n\n\n<p class=\"has-text-align-center\">Tori er her for at forbedre din investeringsoplevelse, ikke for at erstatte menneskelig kontakt. Har du brug for hj\u00e6lp, kan du altid kontakte vores kundesupport.<\/p>\n\n\n\n<p class=\"has-text-align-center\">Som alle AI-drevne v\u00e6rkt\u00f8jer udvikler Tori sig l\u00f8bende. Med hver samtale bliver Tori klogere, mere pr\u00e6cis og mere nyttig \u2013 s\u00e5 din oplevelse konstant forbedres.<\/p>\n\n\n\n<div class=\"wp-block-buttons is-content-justification-center is-layout-flex wp-container-core-buttons-is-layout-5 wp-block-buttons-is-layout-flex\">\n<a class=\"e-cta e-cta-primary\" href=\"http:\/\/etoro.com\/home?bscarousel=tori_intro_carousel\">Sp\u00f8rg Tori<\/a>\n<\/div>\n\n\n\n<p class=\"has-text-align-center is-style-disclaimer\">*Udrulles gradvist. Nu tilg\u00e6ngelig for udvalgte brugere i udvalgte regioner.<\/p>\n<\/div><\/section>\n\n\n\n<section class=\"wp-block-group wp-block-group-boxed has-white-background-color has-background\"><div class=\"wp-block-group-inner is-layout-flow wp-block-group-is-layout-flow\">\n<h2 class=\"wp-block-heading has-text-align-center\">FAQ<\/h2>\n\n\n\n<dl class=\"wp-block-etoro-faq\">\n<div class=\"wp-block-etoro-faq-item\"><dt class=\"wp-block-etoro-faq-item-question\">Hvad er Tori?<\/dt><dd class=\"wp-block-etoro-faq-item-answer\">\n<p>Tori er eToros AI-drevne investeringspartner. Her kan du f\u00e5 hj\u00e6lp til at analysere markeder, forst\u00e5 din portef\u00f8lje, l\u00e6re om investering og navigere p\u00e5 platformen \u2013 alt sammen via en enkel og naturlig chat.<\/p>\n<\/dd><\/div>\n\n\n\n<div class=\"wp-block-etoro-faq-item\"><dt class=\"wp-block-etoro-faq-item-question\">Hvordan f\u00e5r jeg adgang til Tori?<\/dt><dd class=\"wp-block-etoro-faq-item-answer\">\n<p>Du finder Tori-ikonet \u00f8verst i h\u00f8jre hj\u00f8rne p\u00e5 de prim\u00e6re sk\u00e6rme p\u00e5 eToro-platformen \u2014 som f.eks. Udforsk, Portf\u00f8lje og Aktiver. Med blot \u00e9t enkelt klik kan du f\u00e5 gang i en samtale. Foresl\u00e5ede sp\u00f8rgsm\u00e5l tilpasses din placering p\u00e5 platformen, men du kan sp\u00f8rge om hvad som helst, n\u00e5r som helst.<\/p>\n<\/dd><\/div>\n\n\n\n<div class=\"wp-block-etoro-faq-item\"><dt class=\"wp-block-etoro-faq-item-question\">Hvad kan jeg sp\u00f8rge Tori om?<\/dt><dd class=\"wp-block-etoro-faq-item-answer\">\n<p>N\u00e6sten alt, der relaterer sig til investeringsverdenen! For eksempel:<\/p>\n\n\n\n<p>\u201cSammenlign Tesla og Nvidia\u201d<\/p>\n\n\n\n<p>&#8220;Hvad er teknisk analyse?&#8221;<\/p>\n\n\n\n<p>\u201cHvilke aktier er mest popul\u00e6re?\u201d<\/p>\n\n\n\n<p>&#8220;Hvor finder jeg min indtjeningskalender?&#8221;<\/p>\n\n\n\n<p>Tori leverer klare, skr\u00e6ddersyede svar i realtid.<\/p>\n<\/dd><\/div>\n\n\n\n<div class=\"wp-block-etoro-faq-item\"><dt class=\"wp-block-etoro-faq-item-question\">Kan Tori analysere min portef\u00f8lje?<\/dt><dd class=\"wp-block-etoro-faq-item-answer\">\n<p>Ja, s\u00e5fremt din portef\u00f8lje er offentlig. Tori kan give generelle vurderinger, s\u00e5som aktivkoncentration og sektoreksponering. Er din portef\u00f8lje privat, har Tori ikke adgang til den.<\/p>\n<\/dd><\/div>\n\n\n\n<div class=\"wp-block-etoro-faq-item\"><dt class=\"wp-block-etoro-faq-item-question\">Er Tori virkelig AI?<\/dt><dd class=\"wp-block-etoro-faq-item-answer\">\n<p>Ja. Tori er baseret p\u00e5 avanceret AI-teknologi, udviklet af eToro. I nogle tilf\u00e6lde anvender hun ogs\u00e5 foruddefinerede flows for at sikre p\u00e5lidelige svar.<\/p>\n<\/dd><\/div>\n\n\n\n<div class=\"wp-block-etoro-faq-item\"><dt class=\"wp-block-etoro-faq-item-question\">Kan Tori give investeringsr\u00e5dgivning?<\/dt><dd class=\"wp-block-etoro-faq-item-answer\">\n<p>Nej. Tori yder ikke finansiel r\u00e5dgivning eller investeringsr\u00e5dgivning. I stedet kan du f\u00e5 adgang til indsigt, uddannelse og vejledning, s\u00e5 du selv kan tr\u00e6ffe mere oplyste beslutninger. Det endelige valg vil altid v\u00e6re dit.<\/p>\n<\/dd><\/div>\n\n\n\n<div class=\"wp-block-etoro-faq-item\"><dt class=\"wp-block-etoro-faq-item-question\">Vil Tori erstatte kundesupport?<\/dt><dd class=\"wp-block-etoro-faq-item-answer\">\n<p>Nej. Tori supplerer vores supportteam. Hvis din foresp\u00f8rgsel kr\u00e6ver personlig assistance, s\u00e6tter Tori dig direkte i forbindelse med en kundeservice.<br><\/p>\n<\/dd><\/div>\n\n\n\n<div class=\"wp-block-etoro-faq-item\"><dt class=\"wp-block-etoro-faq-item-question\">Kan Tori se mine overv\u00e5gningslister?<\/dt><dd class=\"wp-block-etoro-faq-item-answer\">\n<p>Ikke endnu \u2013 men det er p\u00e5 vores roadmap.<\/p>\n<\/dd><\/div>\n\n\n\n<div class=\"wp-block-etoro-faq-item\"><dt class=\"wp-block-etoro-faq-item-question\">Har Tori adgang til mine personlige data?<\/dt><dd class=\"wp-block-etoro-faq-item-answer\">\n<p>Nej \u2013 medmindre du bruger supportagent-versionen. Ellers benytter Tori kun offentlige data fra platformen, s\u00e5som markedsdata og offentlige portef\u00f8ljer.<\/p>\n<\/dd><\/div>\n\n\n\n<div class=\"wp-block-etoro-faq-item\"><dt class=\"wp-block-etoro-faq-item-question\">Kan jeg se tidligere chats med Tori?<\/dt><dd class=\"wp-block-etoro-faq-item-answer\">\n<p>Ja. Du kan f\u00e5 adgang til dine tidligere Tori-chats fra menuen \u2630 i chatvinduet. Chathistorikken gemmes i 30 dage \u2014 og nulstilles, hvis du svarer p\u00e5 en \u00e6ldre besked.<br><\/p>\n<\/dd><\/div>\n<\/dl>\n<\/div><\/section>\n\n\n\n<section class=\"wp-block-group wp-block-group-boxed\"><div class=\"wp-block-group-inner is-layout-flow wp-block-group-is-layout-flow\">\n<p class=\"is-style-disclaimer\">Denne meddelelse er udelukkende til informations- og uddannelsesform\u00e5l og skal ikke opfattes som investeringsr\u00e5dgivning, en personlig anbefaling eller et tilbud om eller en opfordring til at k\u00f8be eller s\u00e6lge finansielle instrumenter. Dette materiale er udarbejdet uden at tage hensyn til en bestemt modtagers investeringsm\u00e5l eller \u00f8konomiske situation og er ikke udarbejdet i overensstemmelse med de juridiske og lovgivningsm\u00e6ssige krav til fremme af uafh\u00e6ngig forskning. Enhver henvisning til tidligere eller fremtidige resultater for et finansielt instrument, et indeks eller et pakket investeringsprodukt er ikke og b\u00f8r ikke opfattes som en p\u00e5lidelig indikator for fremtidige resultater. eToro frems\u00e6tter ingen erkl\u00e6ringer om og p\u00e5tager sig intet ansvar for n\u00f8jagtigheden eller fuldst\u00e6ndigheden af indholdet i denne publikation.<\/p>\n\n\n\n<p class=\"is-style-disclaimer\"><br>Denne annonce er ikke blevet gennemg\u00e5et af Monetary Authority of Singapore.<\/p>\n\n\n\n<p class=\"is-style-disclaimer\"><br>Tori yder ikke investeringsr\u00e5dgivning.<br>Der er tale om et AI-drevet v\u00e6rkt\u00f8j designet til at tilbyde uddannelsesm\u00e6ssigt indhold, data og generel markedsindsigt. Der tages ikke h\u00f8jde for dine personlige forhold, og Tori b\u00f8r ikke anvendes til investeringsbeslutninger. Din kapital er i fare. Tidligere resultater er ikke en indikation af fremtidige resultater.<br>eToro frems\u00e6tter ingen erkl\u00e6ringer om og p\u00e5tager sig intet ansvar for n\u00f8jagtigheden eller fuldst\u00e6ndigheden af indholdet i denne publikation.<\/p>\n\n\n\n<p class=\"is-style-disclaimer\"><\/p>\n<\/div><\/section>\n","protected":false},"excerpt":{"rendered":"<p>Opdag, f\u00e5 viden, analys\u00e9r Tori samler data, analyser og indsigter i \u00e9n enkel og interaktiv chat. *Kun til illustrationsform\u00e5l Opdag nye investeringsmuligheder Hvert sp\u00f8rgsm\u00e5l, du stiller, besvares med tydelige data og indsigt i realtid, s\u00e5 du nemt kan spotte nye investeringsmuligheder. F\u00e5 markedsindsigt, der er skr\u00e6ddersyet til dine interesser Tori oms\u00e6tter dine sp\u00f8rgsm\u00e5l til handlingsorienterede&hellip;<\/p>\n","protected":false},"author":75,"featured_media":1112838,"parent":31251,"menu_order":0,"comment_status":"closed","ping_status":"closed","template":"","meta":{"_acf_changed":false,"inline_featured_image":false,"sticky_cta_settings":"","footnotes":""},"asset_type":[],"class_list":["post-1116091","page","type-page","status-publish","has-post-thumbnail","hentry"],"acf":[],"yoast_head":"<title>Tori \u2014 Din AI-investeringspartner hos eToro<\/title>\n<meta name=\"description\" content=\"Se, hvordan Tori bruger AI til at styrke din investering: f\u00e5 indsigt, analyser og smarte tips \u2014 alt sammen direkte fra eToro.\" \/>\n<meta name=\"robots\" content=\"index, follow, max-snippet:-1, max-image-preview:large, max-video-preview:-1\" \/>\n<link rel=\"canonical\" href=\"https:\/\/www.etoro.com\/da-dk\/wp-json\/wp\/v2\/pages\/1116091\" \/>\n<meta property=\"og:locale\" content=\"da_DK\" \/>\n<meta property=\"og:type\" content=\"article\" \/>\n<meta property=\"og:title\" content=\"Tori \u2014 Din AI-investeringspartner hos eToro\" \/>\n<meta property=\"og:description\" content=\"Se, hvordan Tori bruger AI til at styrke din investering: f\u00e5 indsigt, analyser og smarte tips \u2014 alt sammen direkte fra eToro.\" \/>\n<meta property=\"og:url\" content=\"https:\/\/www.etoro.com\/da-dk\/wp-json\/wp\/v2\/pages\/1116091\" \/>\n<meta property=\"og:site_name\" content=\"eToro\" \/>\n<meta property=\"article:publisher\" content=\"https:\/\/www.facebook.com\/eToro\/\" \/>\n<meta property=\"article:modified_time\" content=\"2025-08-07T11:29:38+00:00\" \/>\n<meta property=\"og:image\" content=\"https:\/\/www.etoro.com\/wp-content\/uploads\/2025\/08\/Tori_Featured-image-1200x630-1.png\" \/>\n\t<meta property=\"og:image:width\" content=\"1200\" \/>\n\t<meta property=\"og:image:height\" content=\"630\" \/>\n\t<meta property=\"og:image:type\" content=\"image\/png\" \/>\n<meta name=\"twitter:card\" content=\"summary_large_image\" \/>\n<meta name=\"twitter:site\" content=\"@eToro\" \/>\n<meta name=\"twitter:label1\" content=\"Est. reading time\" \/>\n\t<meta name=\"twitter:data1\" content=\"4 minutes\" \/>\n<script type=\"application\/ld+json\" class=\"yoast-schema-graph\">{\"@context\":\"https:\/\/schema.org\",\"@graph\":[{\"@type\":\"WebPage\",\"@id\":\"https:\/\/www.etoro.com\/da-dk\/trading\/platforms\/tori\/\",\"url\":\"https:\/\/www.etoro.com\/da-dk\/trading\/platforms\/tori\/\",\"name\":\"Tori \u2014 Din AI-investeringspartner hos eToro\",\"isPartOf\":{\"@id\":\"https:\/\/www.etoro.com\/da-dk\/#website\"},\"primaryImageOfPage\":{\"@id\":\"https:\/\/www.etoro.com\/da-dk\/trading\/platforms\/tori\/#primaryimage\"},\"image\":{\"@id\":\"https:\/\/www.etoro.com\/da-dk\/trading\/platforms\/tori\/#primaryimage\"},\"thumbnailUrl\":\"https:\/\/www.etoro.com\/wp-content\/uploads\/2025\/08\/Tori_Featured-image-1200x630-1.png\",\"datePublished\":\"2025-08-06T14:55:00+00:00\",\"dateModified\":\"2025-08-07T11:29:38+00:00\",\"description\":\"Se, hvordan Tori bruger AI til at styrke din investering: f\u00e5 indsigt, analyser og smarte tips \u2014 alt sammen direkte fra eToro.\",\"breadcrumb\":{\"@id\":\"https:\/\/www.etoro.com\/da-dk\/trading\/platforms\/tori\/#breadcrumb\"},\"inLanguage\":\"da\",\"potentialAction\":[{\"@type\":\"ReadAction\",\"target\":[\"https:\/\/www.etoro.com\/da-dk\/trading\/platforms\/tori\/\"]}]},{\"@type\":\"ImageObject\",\"inLanguage\":\"da\",\"@id\":\"https:\/\/www.etoro.com\/da-dk\/trading\/platforms\/tori\/#primaryimage\",\"url\":\"https:\/\/www.etoro.com\/wp-content\/uploads\/2025\/08\/Tori_Featured-image-1200x630-1.png\",\"contentUrl\":\"https:\/\/www.etoro.com\/wp-content\/uploads\/2025\/08\/Tori_Featured-image-1200x630-1.png\",\"width\":1200,\"height\":630},{\"@type\":\"BreadcrumbList\",\"@id\":\"https:\/\/www.etoro.com\/da-dk\/trading\/platforms\/tori\/#breadcrumb\",\"itemListElement\":[{\"@type\":\"ListItem\",\"position\":1,\"name\":\"HJEM\",\"item\":\"https:\/\/www.etoro.com\/da-dk\/\"},{\"@type\":\"ListItem\",\"position\":2,\"name\":\"HANDEL\",\"item\":\"https:\/\/www.etoroasia.com.cn\/da-dk\/trading\/\"},{\"@type\":\"ListItem\",\"position\":3,\"name\":\"PLATFORME - Historik\",\"item\":\"https:\/\/www.etoro.com\/da-dk\/trading\/platforms\/\"},{\"@type\":\"ListItem\",\"position\":4,\"name\":\"Tori\"}]},{\"@type\":\"WebSite\",\"@id\":\"https:\/\/www.etoro.com\/da-dk\/#website\",\"url\":\"https:\/\/www.etoro.com\/da-dk\/\",\"name\":\"eToro\",\"description\":\"\",\"publisher\":{\"@id\":\"https:\/\/www.etoro.com\/da-dk\/#organization\"},\"potentialAction\":[{\"@type\":\"SearchAction\",\"target\":{\"@type\":\"EntryPoint\",\"urlTemplate\":\"https:\/\/www.etoro.com\/da-dk\/?s={search_term_string}\"},\"query-input\":{\"@type\":\"PropertyValueSpecification\",\"valueRequired\":true,\"valueName\":\"search_term_string\"}}],\"inLanguage\":\"da\"},[]]}<\/script>","yoast_head_json":{"title":"Tori \u2014 Din AI-investeringspartner hos eToro","description":"Se, hvordan Tori bruger AI til at styrke din investering: f\u00e5 indsigt, analyser og smarte tips \u2014 alt sammen direkte fra eToro.","robots":{"index":"index","follow":"follow","max-snippet":"max-snippet:-1","max-image-preview":"max-image-preview:large","max-video-preview":"max-video-preview:-1"},"canonical":"https:\/\/www.etoro.com\/da-dk\/wp-json\/wp\/v2\/pages\/1116091","og_locale":"da_DK","og_type":"article","og_title":"Tori \u2014 Din AI-investeringspartner hos eToro","og_description":"Se, hvordan Tori bruger AI til at styrke din investering: f\u00e5 indsigt, analyser og smarte tips \u2014 alt sammen direkte fra eToro.","og_url":"https:\/\/www.etoro.com\/da-dk\/wp-json\/wp\/v2\/pages\/1116091","og_site_name":"eToro","article_publisher":"https:\/\/www.facebook.com\/eToro\/","article_modified_time":"2025-08-07T11:29:38+00:00","og_image":[{"width":1200,"height":630,"url":"https:\/\/www.etoro.com\/wp-content\/uploads\/2025\/08\/Tori_Featured-image-1200x630-1.png","type":"image\/png"}],"twitter_card":"summary_large_image","twitter_site":"@eToro","twitter_misc":{"Est. reading time":"4 minutes"},"schema":{"@context":"https:\/\/schema.org","@graph":[{"@type":"WebPage","@id":"https:\/\/www.etoro.com\/da-dk\/trading\/platforms\/tori\/","url":"https:\/\/www.etoro.com\/da-dk\/trading\/platforms\/tori\/","name":"Tori \u2014 Din AI-investeringspartner hos eToro","isPartOf":{"@id":"https:\/\/www.etoro.com\/da-dk\/#website"},"primaryImageOfPage":{"@id":"https:\/\/www.etoro.com\/da-dk\/trading\/platforms\/tori\/#primaryimage"},"image":{"@id":"https:\/\/www.etoro.com\/da-dk\/trading\/platforms\/tori\/#primaryimage"},"thumbnailUrl":"https:\/\/www.etoro.com\/wp-content\/uploads\/2025\/08\/Tori_Featured-image-1200x630-1.png","datePublished":"2025-08-06T14:55:00+00:00","dateModified":"2025-08-07T11:29:38+00:00","description":"Se, hvordan Tori bruger AI til at styrke din investering: f\u00e5 indsigt, analyser og smarte tips \u2014 alt sammen direkte fra eToro.","breadcrumb":{"@id":"https:\/\/www.etoro.com\/da-dk\/trading\/platforms\/tori\/#breadcrumb"},"inLanguage":"da","potentialAction":[{"@type":"ReadAction","target":["https:\/\/www.etoro.com\/da-dk\/trading\/platforms\/tori\/"]}]},{"@type":"ImageObject","inLanguage":"da","@id":"https:\/\/www.etoro.com\/da-dk\/trading\/platforms\/tori\/#primaryimage","url":"https:\/\/www.etoro.com\/wp-content\/uploads\/2025\/08\/Tori_Featured-image-1200x630-1.png","contentUrl":"https:\/\/www.etoro.com\/wp-content\/uploads\/2025\/08\/Tori_Featured-image-1200x630-1.png","width":1200,"height":630},{"@type":"BreadcrumbList","@id":"https:\/\/www.etoro.com\/da-dk\/trading\/platforms\/tori\/#breadcrumb","itemListElement":[{"@type":"ListItem","position":1,"name":"HJEM","item":"https:\/\/www.etoro.com\/da-dk\/"},{"@type":"ListItem","position":2,"name":"HANDEL","item":"https:\/\/www.etoroasia.com.cn\/da-dk\/trading\/"},{"@type":"ListItem","position":3,"name":"PLATFORME - Historik","item":"https:\/\/www.etoro.com\/da-dk\/trading\/platforms\/"},{"@type":"ListItem","position":4,"name":"Tori"}]},{"@type":"WebSite","@id":"https:\/\/www.etoro.com\/da-dk\/#website","url":"https:\/\/www.etoro.com\/da-dk\/","name":"eToro","description":"","publisher":{"@id":"https:\/\/www.etoro.com\/da-dk\/#organization"},"potentialAction":[{"@type":"SearchAction","target":{"@type":"EntryPoint","urlTemplate":"https:\/\/www.etoro.com\/da-dk\/?s={search_term_string}"},"query-input":{"@type":"PropertyValueSpecification","valueRequired":true,"valueName":"search_term_string"}}],"inLanguage":"da"},[]]}},"_links":{"self":[{"href":"https:\/\/www.etoro.com\/da-dk\/wp-json\/wp\/v2\/pages\/1116091"}],"collection":[{"href":"https:\/\/www.etoro.com\/da-dk\/wp-json\/wp\/v2\/pages"}],"about":[{"href":"https:\/\/www.etoro.com\/da-dk\/wp-json\/wp\/v2\/types\/page"}],"author":[{"embeddable":true,"href":"https:\/\/www.etoro.com\/da-dk\/wp-json\/wp\/v2\/users\/75"}],"replies":[{"embeddable":true,"href":"https:\/\/www.etoro.com\/da-dk\/wp-json\/wp\/v2\/comments?post=1116091"}],"version-history":[{"count":0,"href":"https:\/\/www.etoro.com\/da-dk\/wp-json\/wp\/v2\/pages\/1116091\/revisions"}],"up":[{"embeddable":true,"href":"https:\/\/www.etoro.com\/da-dk\/wp-json\/wp\/v2\/pages\/31251"}],"wp:featuredmedia":[{"embeddable":true,"href":"https:\/\/www.etoro.com\/da-dk\/wp-json\/wp\/v2\/media\/1112838"}],"wp:attachment":[{"href":"https:\/\/www.etoro.com\/da-dk\/wp-json\/wp\/v2\/media?parent=1116091"}],"wp:term":[{"taxonomy":"asset_type","embeddable":true,"href":"https:\/\/www.etoro.com\/da-dk\/wp-json\/wp\/v2\/asset_type?post=1116091"}],"curies":[{"name":"wp","href":"https:\/\/api.w.org\/{rel}","templated":true}]}}