{"id":1259353,"date":"2026-04-20T10:10:55","date_gmt":"2026-04-20T07:10:55","guid":{"rendered":"https:\/\/www.etoro.com\/copytrader\/risk-warnings\/"},"modified":"2026-04-30T09:25:46","modified_gmt":"2026-04-30T06:25:46","slug":"risk-warnings","status":"publish","type":"page","link":"https:\/\/www.etoro.com\/da-dk\/copytrader\/risk-warnings\/","title":{"rendered":"Risks Associated with Social Trading (Copy Trading)"},"content":{"rendered":"\n<section class=\"wp-block-group wp-block-group-boxed wp-block-group-small-bottom-padding\"><div class=\"wp-block-group-inner is-layout-flow wp-block-group-is-layout-flow\">\n<div class=\"wp-block-columns are-vertically-aligned-top wp-block-columns-1 is-layout-flex wp-container-core-columns-is-layout-1 wp-block-columns-is-layout-flex\">\n<div class=\"wp-block-column is-layout-flow wp-block-column-is-layout-flow\">\n<p>eToro Group Ltd. og dets tilknyttede selskaber tilbyder funktioner til social handel, der giver dig mulighed for at interagere med, f\u00f8lge og kopiere andre investorer (\u201efunktioner til social handel\u201c), herunder Copy Trader\u2122, Smart-portef\u00f8lje, ranglister og f\u00e6llesskabsv\u00e6rkt\u00f8jer.<\/p>\n\n\n\n<p>Selvom disse funktioner kan hj\u00e6lpe dig med at finde investeringsstrategier, kan de indeb\u00e6re risici. Du b\u00f8r n\u00f8je overveje f\u00f8lgende, inden du tager dem i brug:<\/p>\n<\/div>\n<\/div>\n\n\n\n<div class=\"wp-block-columns are-vertically-aligned-top wp-block-columns-1 is-layout-flex wp-container-core-columns-is-layout-2 wp-block-columns-is-layout-flex\">\n<div class=\"wp-block-column is-layout-flow wp-block-column-is-layout-flow\">\n<div class=\"wp-block-etoro-simple-collapsable-item-list\">\n<div class=\"wp-block-etoro-simple-collapsable-item\"><div class=\"wp-block-etoro-simple-collapsable-item-heading\">1. Du er fuldt ud ansvarlig for dine beslutninger<\/div><div class=\"wp-block-etoro-simple-collapsable-item-content-wrapper\"><div class=\"wp-block-etoro-simple-collapsable-item-content\">\n<p>Copy Trading bygger p\u00e5 dit valg om at f\u00f8lge eller kopiere andre investorer.<\/p>\n\n\n\n<ul class=\"wp-block-list wp-block-list wp-block-list-circle\">\n<li>Du skal tage h\u00f8jde for din \u00f8konomiske situation, dine investeringsm\u00e5l og din risikovillighed.<\/li>\n\n\n\n<li>Tori yder ikke investeringsr\u00e5dgivning.<\/li>\n\n\n\n<li>Alle beslutninger, du tr\u00e6ffer p\u00e5 baggrund af oplysninger fra platformen, er p\u00e5 eget ansvar.<\/li>\n<\/ul>\n\n\n\n<p>Du b\u00f8r altid foretage din egen research, inden du investerer.<\/p>\n<\/div><\/div><\/div>\n\n\n\n<div class=\"wp-block-etoro-simple-collapsable-item\"><div class=\"wp-block-etoro-simple-collapsable-item-heading\">2. Automatiseret handelsrisiko<\/div><div class=\"wp-block-etoro-simple-collapsable-item-content-wrapper\"><div class=\"wp-block-etoro-simple-collapsable-item-content\">\n<p>Hvis du kopierer en person eller investerer i en Smart-portef\u00f8lje:<\/p>\n\n\n\n<ul class=\"wp-block-list wp-block-list wp-block-list-circle\">\n<li>Handlerne gennemf\u00f8res automatisk p\u00e5 din konto uden din indblanding.<\/li>\n\n\n\n<li>Positioner \u00e5bnes, \u00e6ndres og lukkes i realtid baseret p\u00e5 den kopierede investors handlinger.<\/li>\n<\/ul>\n\n\n\n<p>Dette betyder:<\/p>\n\n\n\n<ul class=\"wp-block-list wp-block-list wp-block-list-circle\">\n<li>Du har muligvis ikke kontrol over timing eller priser.<\/li>\n\n\n\n<li>Markedsforholdene (f.eks. volatilitet, slippage og likviditet) kan medf\u00f8re, at resultaterne afviger fra den investor eller Smart-portef\u00f8lje, du kopierer.<\/li>\n\n\n\n<li>Du kan miste midler, der er afsat til kopiering.<\/li>\n<\/ul>\n<\/div><\/div><\/div>\n\n\n\n<div class=\"wp-block-etoro-simple-collapsable-item\"><div class=\"wp-block-etoro-simple-collapsable-item-heading\">3. Eksponering for CFD&#8217;er og kryptoaktiver<\/div><div class=\"wp-block-etoro-simple-collapsable-item-content-wrapper\"><div class=\"wp-block-etoro-simple-collapsable-item-content\">\n<p>N\u00e5r du kopierer en investor eller Smart-portef\u00f8lje, kan du blive udsat for komplekse instrumenter med h\u00f8j risiko, s\u00e5som:<\/p>\n\n\n\n<ul class=\"wp-block-list wp-block-list wp-block-list-circle\">\n<li><strong>CFD&#8217;er (differencekontrakter)<\/strong>\n<ul class=\"wp-block-list wp-block-list wp-block-list-circle\">\n<li>Indeb\u00e6rer ofte gearing, hvilket kan forst\u00e6rke b\u00e5de gevinster og tab.<\/li>\n\n\n\n<li>Priserne kan bev\u00e6ge sig hurtigt, hvilket \u00f8ger risikoen for betydelige tab.<\/li>\n\n\n\n<li>Du ejer ikke det underliggende aktiv.<\/li>\n<\/ul>\n<\/li>\n\n\n\n<li><strong>Kryptoaktiver:<\/strong>\n<ul class=\"wp-block-list wp-block-list wp-block-list-circle\">\n<li>S\u00e6rligt volatile og kan opleve ekstreme kursudsving.<\/li>\n\n\n\n<li>Kan v\u00e6re pr\u00e6get af lav likviditet, markedsmanipulation eller usikkerhed vedr. lovgivningen.<\/li>\n<\/ul>\n<\/li>\n<\/ul>\n\n\n\n<p>Sk\u00f8nt du ikke selv aktivt v\u00e6lger disse aktiver, betyder d\u00e9t, at du kopierer en investor eller Smart-portef\u00f8lje, at du automatisk f\u00e5r eksponering mod de instrumenter, de handler med.<\/p>\n<\/div><\/div><\/div>\n\n\n\n<div class=\"wp-block-etoro-simple-collapsable-item\"><div class=\"wp-block-etoro-simple-collapsable-item-heading\">4. Forskelle i resultater<\/div><div class=\"wp-block-etoro-simple-collapsable-item-content-wrapper\"><div class=\"wp-block-etoro-simple-collapsable-item-content\">\n<p>Dine resultater kan afvige fra den investor eller Smart-portef\u00f8lje, du kopierer, p\u00e5 grund af faktorer som:<\/p>\n\n\n\n<ul class=\"wp-block-list wp-block-list wp-block-list-circle\">\n<li>Ind- eller udbetalinger fra den kopierede position.<\/li>\n\n\n\n<li>Markedsforhold og udf\u00f8relsesforskelle.<\/li>\n<\/ul>\n<\/div><\/div><\/div>\n\n\n\n<div class=\"wp-block-etoro-simple-collapsable-item\"><div class=\"wp-block-etoro-simple-collapsable-item-heading\">5. Tidligere resultater er ikke en p\u00e5lidelig indikator<\/div><div class=\"wp-block-etoro-simple-collapsable-item-content-wrapper\"><div class=\"wp-block-etoro-simple-collapsable-item-content\">\n<p>Statistiske oplysninger s\u00e5som:<\/p>\n\n\n\n<ul class=\"wp-block-list wp-block-list wp-block-list-circle\">\n<li>Risikoscore.<\/li>\n\n\n\n<li>Tidligere resultater.<\/li>\n\n\n\n<li>Portef\u00f8ljedata er ingen garanti for fremtidige resultater.<\/li>\n<\/ul>\n\n\n\n<p>De faktiske resultater kan variere betydeligt p\u00e5 grund af skiftende markedsforhold og investorernes adf\u00e6rd.<\/p>\n<\/div><\/div><\/div>\n\n\n\n<div class=\"wp-block-etoro-simple-collapsable-item\"><div class=\"wp-block-etoro-simple-collapsable-item-heading\">6. Ingen garantier for udf\u00f8relse eller risikostyring<\/div><div class=\"wp-block-etoro-simple-collapsable-item-content-wrapper\"><div class=\"wp-block-etoro-simple-collapsable-item-content\">\n<ul class=\"wp-block-list wp-block-list wp-block-list-circle\">\n<li>Stop-loss-mekanismer (herunder Copy Stop Loss) er ikke garanteret.<\/li>\n\n\n\n<li>Handler udf\u00f8res muligvis ikke til den forventede kurs.<\/li>\n\n\n\n<li>Tab kan overstige forventningerne p\u00e5 grund af markedsforskelle eller volatilitet.<\/li>\n<\/ul>\n<\/div><\/div><\/div>\n\n\n\n<div class=\"wp-block-etoro-simple-collapsable-item\"><div class=\"wp-block-etoro-simple-collapsable-item-heading\">7. De investorer, du kopierer, er ikke r\u00e5dgivere<\/div><div class=\"wp-block-etoro-simple-collapsable-item-content-wrapper\"><div class=\"wp-block-etoro-simple-collapsable-item-content\">\n<ul class=\"wp-block-list wp-block-list wp-block-list-circle\">\n<li>Andre brugere kan dele meninger eller strategier, men de er ikke n\u00f8dvendigvis kvalificerede eller upartiske.<\/li>\n\n\n\n<li>Oplysninger, der deles p\u00e5 platformen, b\u00f8r ikke betragtes som professionel finansiel r\u00e5dgivning.<\/li>\n<\/ul>\n\n\n\n<p>Betragt altid indhold fra social handel som et udgangspunkt \u2013 ikke som en anbefaling.<\/p>\n<\/div><\/div><\/div>\n\n\n\n<div class=\"wp-block-etoro-simple-collapsable-item\"><div class=\"wp-block-etoro-simple-collapsable-item-heading\">8. Strategi- og adf\u00e6rdsrisiko<\/div><div class=\"wp-block-etoro-simple-collapsable-item-content-wrapper\"><div class=\"wp-block-etoro-simple-collapsable-item-content\">\n<p>Copy Trading afh\u00e6nger helt af den investorer eller Smart-portef\u00f8lje, du f\u00f8lger:<\/p>\n\n\n\n<ul class=\"wp-block-list wp-block-list wp-block-list-circle\">\n<li>Deres strategi kan \u00e6ndres uden varsel.<\/li>\n\n\n\n<li>De kan p\u00e5tage sig en st\u00f8rre risiko, end du forventer.<\/li>\n\n\n\n<li>F\u00f8lelsesm\u00e6ssige eller inkonsekvente beslutninger kan p\u00e5virke afkastet.<\/li>\n<\/ul>\n\n\n\n<p>Derudover:<\/p>\n\n\n\n<ul class=\"wp-block-list wp-block-list wp-block-list-circle\">\n<li>Risikoen \u00f8ges, n\u00e5r du fokuserer dine midler p\u00e5 \u00e9n enkelt investor.<\/li>\n\n\n\n<li>Diversificering eliminerer ikke tab.<\/li>\n<\/ul>\n<\/div><\/div><\/div>\n\n\n\n<div class=\"wp-block-etoro-simple-collapsable-item\"><div class=\"wp-block-etoro-simple-collapsable-item-heading\">9. Copy Trading er ikke en mere sikker investeringsform<\/div><div class=\"wp-block-etoro-simple-collapsable-item-content-wrapper\"><div class=\"wp-block-etoro-simple-collapsable-item-content\">\n<p>Copy Trading kan bidrage til diversificering og mindske behovet for aktive handelsbeslutninger, men:<\/p>\n\n\n\n<ul class=\"wp-block-list wp-block-list wp-block-list-circle\">\n<li>Dine resultater afh\u00e6nger af de investorer eller den Smart-portef\u00f8lje, du kopierer.<\/li>\n\n\n\n<li>Du er fuldt ansvarlig for eventuelle tab.<\/li>\n<\/ul>\n<\/div><\/div><\/div>\n\n\n\n<div class=\"wp-block-etoro-simple-collapsable-item\"><div class=\"wp-block-etoro-simple-collapsable-item-heading\">10. Foretag din egen risikovurdering<\/div><div class=\"wp-block-etoro-simple-collapsable-item-content-wrapper\"><div class=\"wp-block-etoro-simple-collapsable-item-content\">\n<p>Inden du kopierer en investor eller Smart-portef\u00f8lje, b\u00f8r du gennemg\u00e5:<\/p>\n\n\n\n<ul class=\"wp-block-list wp-block-list wp-block-list-circle\">\n<li>Deres risikoscore.<\/li>\n\n\n\n<li>Handelshistorik og strategi.<\/li>\n\n\n\n<li>Portef\u00f8ljens sammens\u00e6tning.<\/li>\n\n\n\n<li>Aktivitet og kommunikation (f.eks. indl\u00e6g, opdateringer).<\/li>\n<\/ul>\n\n\n\n<p>Selv med disse oplysninger er der ingen garantier for succes.<\/p>\n<\/div><\/div><\/div>\n<\/div>\n\n\n\n<hr class=\"wp-block-separator wp-block-separator-color-dark-grey wp-block-separator-spaces-medium wp-block-separator-weight-1\"\/>\n<\/div>\n<\/div>\n<\/div><\/section>\n","protected":false},"excerpt":{"rendered":"<p>eToro Group Ltd. og dets tilknyttede selskaber tilbyder funktioner til social handel, der giver dig mulighed for at interagere med, f\u00f8lge og kopiere andre investorer (\u201efunktioner til social handel\u201c), herunder Copy Trader\u2122, Smart-portef\u00f8lje, ranglister og f\u00e6llesskabsv\u00e6rkt\u00f8jer. Selvom disse funktioner kan hj\u00e6lpe dig med at finde investeringsstrategier, kan de indeb\u00e6re risici. Du b\u00f8r n\u00f8je overveje f\u00f8lgende,&hellip;<\/p>\n","protected":false},"author":158,"featured_media":0,"parent":34702,"menu_order":0,"comment_status":"closed","ping_status":"closed","template":"","meta":{"_acf_changed":true,"inline_featured_image":false,"sticky_cta_settings":"","footnotes":""},"asset_type":[],"class_list":["post-1259353","page","type-page","status-publish","hentry"],"acf":[],"yoast_head":"<title>Risici forbundet med social handel (Copy Trading)<\/title>\n<meta name=\"description\" content=\"L\u00e6r om de risici, der er forbundet med social- og kopihandel, herunder CFD&#039;er, kryptoaktiver, forskelle i afkast og due diligence.\" \/>\n<meta name=\"robots\" content=\"index, follow, max-snippet:-1, max-image-preview:large, max-video-preview:-1\" \/>\n<link rel=\"canonical\" href=\"https:\/\/www.etoro.com\/da-dk\/wp-json\/wp\/v2\/pages\/1259353\" \/>\n<meta property=\"og:locale\" content=\"da_DK\" \/>\n<meta property=\"og:type\" content=\"article\" \/>\n<meta property=\"og:title\" content=\"Risici forbundet med social handel (Copy Trading)\" \/>\n<meta property=\"og:description\" content=\"L\u00e6r om de risici, der er forbundet med social- og kopihandel, herunder CFD&#039;er, kryptoaktiver, forskelle i afkast og due diligence.\" \/>\n<meta property=\"og:url\" content=\"https:\/\/www.etoro.com\/da-dk\/wp-json\/wp\/v2\/pages\/1259353\" \/>\n<meta property=\"og:site_name\" content=\"eToro\" \/>\n<meta property=\"article:publisher\" content=\"https:\/\/www.facebook.com\/eToro\/\" \/>\n<meta property=\"article:modified_time\" content=\"2026-04-30T06:25:46+00:00\" \/>\n<meta property=\"og:image\" content=\"https:\/\/www.etoro.com\/wp-content\/uploads\/2019\/12\/etoro_logo_social_share1.png\" \/>\n\t<meta property=\"og:image:width\" content=\"240\" \/>\n\t<meta property=\"og:image:height\" content=\"240\" \/>\n\t<meta property=\"og:image:type\" content=\"image\/png\" \/>\n<meta name=\"twitter:card\" content=\"summary_large_image\" \/>\n<meta name=\"twitter:site\" content=\"@eToro\" \/>\n<meta name=\"twitter:label1\" content=\"Est. reading time\" \/>\n\t<meta name=\"twitter:data1\" content=\"3 minutes\" \/>\n<script type=\"application\/ld+json\" class=\"yoast-schema-graph\">{\"@context\":\"https:\/\/schema.org\",\"@graph\":[{\"@type\":\"WebPage\",\"@id\":\"https:\/\/www.etoro.com\/da-dk\/copytrader\/risk-warnings\/\",\"url\":\"https:\/\/www.etoro.com\/da-dk\/copytrader\/risk-warnings\/\",\"name\":\"Risici forbundet med social handel (Copy Trading)\",\"isPartOf\":{\"@id\":\"https:\/\/www.etoro.com\/da-dk\/#website\"},\"datePublished\":\"2026-04-20T07:10:55+00:00\",\"dateModified\":\"2026-04-30T06:25:46+00:00\",\"description\":\"L\u00e6r om de risici, der er forbundet med social- og kopihandel, herunder CFD'er, kryptoaktiver, forskelle i afkast og due diligence.\",\"breadcrumb\":{\"@id\":\"https:\/\/www.etoro.com\/da-dk\/copytrader\/risk-warnings\/#breadcrumb\"},\"inLanguage\":\"da\",\"potentialAction\":[{\"@type\":\"ReadAction\",\"target\":[\"https:\/\/www.etoro.com\/da-dk\/copytrader\/risk-warnings\/\"]}]},{\"@type\":\"BreadcrumbList\",\"@id\":\"https:\/\/www.etoro.com\/da-dk\/copytrader\/risk-warnings\/#breadcrumb\",\"itemListElement\":[{\"@type\":\"ListItem\",\"position\":1,\"name\":\"HJEM\",\"item\":\"https:\/\/www.etoro.com\/da-dk\/\"},{\"@type\":\"ListItem\",\"position\":2,\"name\":\"CopyTrader\",\"item\":\"https:\/\/www.etoro.com\/da-dk\/copytrader\/\"},{\"@type\":\"ListItem\",\"position\":3,\"name\":\"Risks Associated with Social Trading (Copy Trading)\"}]},{\"@type\":\"WebSite\",\"@id\":\"https:\/\/www.etoro.com\/da-dk\/#website\",\"url\":\"https:\/\/www.etoro.com\/da-dk\/\",\"name\":\"eToro\",\"description\":\"\",\"publisher\":{\"@id\":\"https:\/\/www.etoro.com\/da-dk\/#organization\"},\"potentialAction\":[{\"@type\":\"SearchAction\",\"target\":{\"@type\":\"EntryPoint\",\"urlTemplate\":\"https:\/\/www.etoro.com\/da-dk\/?s={search_term_string}\"},\"query-input\":{\"@type\":\"PropertyValueSpecification\",\"valueRequired\":true,\"valueName\":\"search_term_string\"}}],\"inLanguage\":\"da\"},[]]}<\/script>","yoast_head_json":{"title":"Risici forbundet med social handel (Copy Trading)","description":"L\u00e6r om de risici, der er forbundet med social- og kopihandel, herunder CFD'er, kryptoaktiver, forskelle i afkast og due diligence.","robots":{"index":"index","follow":"follow","max-snippet":"max-snippet:-1","max-image-preview":"max-image-preview:large","max-video-preview":"max-video-preview:-1"},"canonical":"https:\/\/www.etoro.com\/da-dk\/wp-json\/wp\/v2\/pages\/1259353","og_locale":"da_DK","og_type":"article","og_title":"Risici forbundet med social handel (Copy Trading)","og_description":"L\u00e6r om de risici, der er forbundet med social- og kopihandel, herunder CFD'er, kryptoaktiver, forskelle i afkast og due diligence.","og_url":"https:\/\/www.etoro.com\/da-dk\/wp-json\/wp\/v2\/pages\/1259353","og_site_name":"eToro","article_publisher":"https:\/\/www.facebook.com\/eToro\/","article_modified_time":"2026-04-30T06:25:46+00:00","og_image":[{"width":240,"height":240,"url":"https:\/\/www.etoro.com\/wp-content\/uploads\/2019\/12\/etoro_logo_social_share1.png","type":"image\/png"}],"twitter_card":"summary_large_image","twitter_site":"@eToro","twitter_misc":{"Est. reading time":"3 minutes"},"schema":{"@context":"https:\/\/schema.org","@graph":[{"@type":"WebPage","@id":"https:\/\/www.etoro.com\/da-dk\/copytrader\/risk-warnings\/","url":"https:\/\/www.etoro.com\/da-dk\/copytrader\/risk-warnings\/","name":"Risici forbundet med social handel (Copy Trading)","isPartOf":{"@id":"https:\/\/www.etoro.com\/da-dk\/#website"},"datePublished":"2026-04-20T07:10:55+00:00","dateModified":"2026-04-30T06:25:46+00:00","description":"L\u00e6r om de risici, der er forbundet med social- og kopihandel, herunder CFD'er, kryptoaktiver, forskelle i afkast og due diligence.","breadcrumb":{"@id":"https:\/\/www.etoro.com\/da-dk\/copytrader\/risk-warnings\/#breadcrumb"},"inLanguage":"da","potentialAction":[{"@type":"ReadAction","target":["https:\/\/www.etoro.com\/da-dk\/copytrader\/risk-warnings\/"]}]},{"@type":"BreadcrumbList","@id":"https:\/\/www.etoro.com\/da-dk\/copytrader\/risk-warnings\/#breadcrumb","itemListElement":[{"@type":"ListItem","position":1,"name":"HJEM","item":"https:\/\/www.etoro.com\/da-dk\/"},{"@type":"ListItem","position":2,"name":"CopyTrader","item":"https:\/\/www.etoro.com\/da-dk\/copytrader\/"},{"@type":"ListItem","position":3,"name":"Risks Associated with Social Trading (Copy Trading)"}]},{"@type":"WebSite","@id":"https:\/\/www.etoro.com\/da-dk\/#website","url":"https:\/\/www.etoro.com\/da-dk\/","name":"eToro","description":"","publisher":{"@id":"https:\/\/www.etoro.com\/da-dk\/#organization"},"potentialAction":[{"@type":"SearchAction","target":{"@type":"EntryPoint","urlTemplate":"https:\/\/www.etoro.com\/da-dk\/?s={search_term_string}"},"query-input":{"@type":"PropertyValueSpecification","valueRequired":true,"valueName":"search_term_string"}}],"inLanguage":"da"},[]]}},"_links":{"self":[{"href":"https:\/\/www.etoro.com\/da-dk\/wp-json\/wp\/v2\/pages\/1259353"}],"collection":[{"href":"https:\/\/www.etoro.com\/da-dk\/wp-json\/wp\/v2\/pages"}],"about":[{"href":"https:\/\/www.etoro.com\/da-dk\/wp-json\/wp\/v2\/types\/page"}],"author":[{"embeddable":true,"href":"https:\/\/www.etoro.com\/da-dk\/wp-json\/wp\/v2\/users\/158"}],"replies":[{"embeddable":true,"href":"https:\/\/www.etoro.com\/da-dk\/wp-json\/wp\/v2\/comments?post=1259353"}],"version-history":[{"count":0,"href":"https:\/\/www.etoro.com\/da-dk\/wp-json\/wp\/v2\/pages\/1259353\/revisions"}],"up":[{"embeddable":true,"href":"https:\/\/www.etoro.com\/da-dk\/wp-json\/wp\/v2\/pages\/34702"}],"wp:attachment":[{"href":"https:\/\/www.etoro.com\/da-dk\/wp-json\/wp\/v2\/media?parent=1259353"}],"wp:term":[{"taxonomy":"asset_type","embeddable":true,"href":"https:\/\/www.etoro.com\/da-dk\/wp-json\/wp\/v2\/asset_type?post=1259353"}],"curies":[{"name":"wp","href":"https:\/\/api.w.org\/{rel}","templated":true}]}}