{"id":151825,"date":"2020-08-30T17:19:38","date_gmt":"2020-08-30T14:19:38","guid":{"rendered":"http:\/\/www.etoro.com\/stocks\/stock-split\/"},"modified":"2024-08-19T16:18:52","modified_gmt":"2024-08-19T13:18:52","slug":"stock-split","status":"publish","type":"page","link":"https:\/\/www.etoro.com\/da-dk\/stocks\/stock-split\/","title":{"rendered":"Guide om aktiesplit: Hvad det er, og hvordan det fungerer p\u00e5 eToro"},"content":{"rendered":"<p>&nbsp;<\/p>\n<p>Et aktiesplit er et helt almindeligt f\u00e6nomen p\u00e5 <a href=\"https:\/\/www.etoro.com\/da-dk\/discover\/markets\">markeder<\/a> og forekommer p\u00e5 diverse b\u00f8rser rundt om i verden og p\u00e5 forskellige tidspunkter. Guiden vil hj\u00e6lpe dig til at forst\u00e5, hvad <a href=\"https:\/\/www.etoro.com\/da-dk\/discover\/markets\/stocks\">aktie<\/a>splits er, hvordan de p\u00e5virker dine aktiepositioner, og hvordan eToro h\u00e5ndterer dem p\u00e5 <a href=\"https:\/\/www.etoro.com\/da-dk\/trading\/platforms\/\">platformen<\/a>.<\/p>\n<h2>Hvad er et aktiesplit?<\/h2>\n<p>Et aktiesplit forklarer ligesom sig selv. Et selskab splitter sine enkelte aktier i mindre dele i et bestemt splitforhold. Hvis et selskab f.eks. annoncerer et aktiesplit p\u00e5 5:1, og den enkelte selskabsaktie aktuelt er 400 USD v\u00e6rd, s\u00e5 falder aktiev\u00e6rdien til en femtedel, dvs. 80 USD, efter aktiesplittet. Ved et s\u00e5dant aktiesplit multipliceres hver aktion\u00e6rs aktuelle antal aktier, baseret p\u00e5 splitforholdet.<\/p>\n<h2>Hvorfor splitte aktier?<\/h2>\n<p>Der er flere grunde til, at et selskab beslutter at foretage et aktiesplit. Her er nogle f\u00e5 punkter bag \u00e5rsagerne til aktiesplits:<\/p>\n<p>&nbsp;<\/p>\n<ul>\n<li><b>Tiltr\u00e6kker detailinvestorer: Nogle investorer vil helst ikke investere i visse aktier, hvis kursen p\u00e5 den enkelte aktie er for h\u00f8j. Ved at lave et aktiesplit falder kursen p\u00e5 aktier i oml\u00f8b og giver flere investorer mulighed for at k\u00f8be aktier. Mange institutionelle investorer k\u00f8ber stadig udelukkende hele aktier, men detailinvestorer v\u00e6lger at <a href=\"https:\/\/www.etoro.com\/da-dk\/stocks\/\">k\u00f8be delaktier<\/a> via innovative handels- og investeringsplatforme, som f.eks. eToro.\u00a0<\/b><\/li>\n<\/ul>\n<ul>\n<li>St\u00f8rre likviditet: Jo st\u00f8rre antal aktier, der er p\u00e5 markedet, desto st\u00f8rre er potentialet for likviditet. Flere aktier kan betyde flere handler, og at flere penge skifter h\u00e6nder.<\/li>\n<\/ul>\n<ul>\n<li>Psykologisk priss\u00e6tning: Analytikere siger ofte, at en bestemt aktie er &#8220;overvurderet&#8221;, dvs. at dens aktuelle kurs er et udtryk for holdningen p\u00e5 markedet fremfor dens faktiske v\u00e6rdi. Ved at splitte en aktie reduceres aktiekursen betydeligt og aff\u00f8der den psykologiske effekt, at kursen er mere realistisk.<\/li>\n<\/ul>\n<ul>\n<li>Hvorn\u00e5r skal man lave et aktiesplit? Der er ikke nogen fast opskrift. Nogle selskaber splitter deres aktiekurs med f\u00e5 \u00e5rs mellemrum, forudsat de udviser konstant v\u00e6kst, mens andre afviser at splitte deres aktier, uanset hvor meget kursen p\u00e5 hver enkelt aktie stiger. Med hensyn til timingen lader selskaberne normalt g\u00e5 et par uger mellem annonceringen og det faktiske split.<\/li>\n<\/ul>\n<p>&nbsp;<\/p>\n<p><img loading=\"lazy\" decoding=\"async\" class=\"alignnone size-full wp-image-151271\" style=\"color: inherit; font-family: inherit; font-size: 24px;\" src=\"\/wp-content\/uploads\/2020\/08\/IMG1.jpg\" alt=\"Why do Stocks Split?\" width=\"1920\" height=\"827\" srcset=\"https:\/\/www.etoro.com\/wp-content\/uploads\/2020\/08\/IMG1.jpg 1920w, https:\/\/www.etoro.com\/wp-content\/uploads\/2020\/08\/IMG1-300x129.jpg 300w, https:\/\/www.etoro.com\/wp-content\/uploads\/2020\/08\/IMG1-1024x441.jpg 1024w, https:\/\/www.etoro.com\/wp-content\/uploads\/2020\/08\/IMG1-768x331.jpg 768w, https:\/\/www.etoro.com\/wp-content\/uploads\/2020\/08\/IMG1-1536x662.jpg 1536w\" sizes=\"(max-width: 1920px) 100vw, 1920px\" \/><\/p>\n<h3>Hvor mange gange kan man splitte en aktie?<\/h3>\n<p>Teoretisk set, uendeligt. Selskaber kan splitte deres aktier, lige s\u00e5 mange gange de \u00f8nsker. For eksempel splittede tech-giganten Microsoft sine aktier ni gange mellem 1987\u20132003. Da det imidlertid involverer papirarbejde og bureaukrati, vil selskaber h\u00f8jst sandsynligt kun splitte deres aktier, n\u00e5r de f\u00f8ler, at det er en god og rettidig beslutning for deres forretning.<\/p>\n<h3><img loading=\"lazy\" decoding=\"async\" class=\"alignnone size-full wp-image-151294\" style=\"font-size: 14px;\" src=\"\/wp-content\/uploads\/2020\/08\/IMG2.jpg\" alt=\"How many Times can a Stock Split? \" width=\"1920\" height=\"585\" srcset=\"https:\/\/www.etoro.com\/wp-content\/uploads\/2020\/08\/IMG2.jpg 1920w, https:\/\/www.etoro.com\/wp-content\/uploads\/2020\/08\/IMG2-300x91.jpg 300w, https:\/\/www.etoro.com\/wp-content\/uploads\/2020\/08\/IMG2-1024x312.jpg 1024w, https:\/\/www.etoro.com\/wp-content\/uploads\/2020\/08\/IMG2-768x234.jpg 768w, https:\/\/www.etoro.com\/wp-content\/uploads\/2020\/08\/IMG2-1536x468.jpg 1536w\" sizes=\"(max-width: 1920px) 100vw, 1920px\" \/><\/h3>\n<h3>Aktiekurser og indekser<\/h3>\n<p>Sommetider kan et aktiesplit p\u00e5virke et helt indeks. For eksempel er v\u00e6gtningen inden for <a href=\"https:\/\/www.etoro.com\/da-dk\/markets\/dj30\">DJ30-indekset<\/a> beregnet ud fra aktiekursen. Det betyder, at hvis en aktie splittes, vil den andel, den udg\u00f8r af indekset, falde betydeligt. For eksempel bet\u00f8d Apples 2020-aktiesplit, at aktien faldt fra at v\u00e6re den h\u00f8jeste v\u00e6gtede i DJ30 til at v\u00e6re helt nede som nummer 16.<\/p>\n<h3><img loading=\"lazy\" decoding=\"async\" class=\"alignnone size-full wp-image-151317\" style=\"font-size: 14px;\" src=\"\/wp-content\/uploads\/2020\/08\/IMG3.jpg\" alt=\"Apple stock split\" width=\"1920\" height=\"585\" srcset=\"https:\/\/www.etoro.com\/wp-content\/uploads\/2020\/08\/IMG3.jpg 1920w, https:\/\/www.etoro.com\/wp-content\/uploads\/2020\/08\/IMG3-300x91.jpg 300w, https:\/\/www.etoro.com\/wp-content\/uploads\/2020\/08\/IMG3-1024x312.jpg 1024w, https:\/\/www.etoro.com\/wp-content\/uploads\/2020\/08\/IMG3-768x234.jpg 768w, https:\/\/www.etoro.com\/wp-content\/uploads\/2020\/08\/IMG3-1536x468.jpg 1536w\" sizes=\"(max-width: 1920px) 100vw, 1920px\" \/><\/h3>\n<h2>Hvordan p\u00e5virker et aktiesplit aktiekursen?<\/h2>\n<p>Der kan naturligvis ikke garanteres noget bestemt resultat af et aktiesplit. Hver enkelt akties v\u00e6rdi er splittet, men selskabets samlede markedsv\u00e6rdi forbliver den samme. Historisk set har aktiesplits imidlertid v\u00e6re til fordel for det splittende selskab, i hvert fald p\u00e5 kort sigt.<\/p>\n<p>If\u00f8lge Bespoke Investment Group har de gennemsnitlige kurs\u00e6ndringer p\u00e5 aktier i selskaber, der har annonceret splits, mellem 2015\u20132020 udgjort ekstra 2,3 % fra det tidspunkt, hvor splittet blev annonceret, og indtil det fandt sted. Derudover klarede n\u00e6sten 70 % af disse aktier sig bedre end <a href=\"https:\/\/www.etoro.com\/da-dk\/markets\/spx500\">S&amp;P 500-indekset<\/a> i samme tidsrum. Selv om den gennemsnitlige aktie faldt med 0,3 % umiddelbart efter splittet det efterf\u00f8lgende \u00e5r, fik disse selskaber en gevinst p\u00e5 gennemsnitligt 9,8 %.<\/p>\n<p>Til trods for ovenst\u00e5ende er det vigtigt at notere, at der er talrige faktorer, der kan p\u00e5virke en akties kurs, og beslutningen om at splitte en aktie kan falde sammen med andre faktorer, som potentielt kan drive en akties kurs opad. Uanset hvor positivt det tidligere resultat er, vil det derfor ikke v\u00e6re en p\u00e5lidelig indikator.<\/p>\n<h2>Hvad er et omvendt aktiesplit?<\/h2>\n<p>Et omvendt aktiesplit er det modsatte af et aktiesplit. I et omvendt split konsoliderer selskabet sine aktier ved at reducere det samlede antal aktier. Hvis et bestemt selskab for eksempel annoncerer et split p\u00e5 4:1, og hver aktie aktuelt er 50 USD v\u00e6rd, bliver den nye aktiekurs 200 USD, og en aktion\u00e6r, som ejer otte aktier, vil nu eje to.<\/p>\n<p><img loading=\"lazy\" decoding=\"async\" class=\"wp-image-151340 aligncenter\" src=\"\/wp-content\/uploads\/2020\/08\/Split.gif\" alt=\"What is a Reverse Stock Split?\" width=\"641\" height=\"639\" \/><\/p>\n<h3>Hvordan p\u00e5virker et omvendt aktiesplit b\u00f8rshandlere og investorer?<\/h3>\n<p>Til forskel fra et normalt aktiesplit, hvor antallet af aktier ganske enkelt multipliceres med splitforholdet, giver et omvendt aktiesplit en aktion\u00e6r delaktier. Hvis en aktion\u00e6r har fem aktier, og det omvendte aktiesplit er 4:1, vil vedkommende ende med at have 1,25 aktier. I dette tilf\u00e6lde vil de fleste selskaber simpelthen afvikle delaktien og udbetale forskellen til aktion\u00e6rerne kontant. Hvis dette skulle ske p\u00e5 eToro, bliver positioner ikke ber\u00f8rt, da det hos eToro er muligt at eje delaktier.<\/p>\n<h2>Hvordan fungerer aktiesplits p\u00e5 eToro?<\/h2>\n<p>eToro er stedet for talrige b\u00f8rshandlere og investorer, som bruger platformen til at <a href=\"https:\/\/www.etoro.com\/da-dk\/stocks\/\">investere i aktier med 0 % i provision<\/a>. Da eToro har s\u00e5 mange aktietilbud, er den ikke fremmed over for aktiesplits og har h\u00e5ndteret dem f\u00f8rhen.<\/p>\n<p>N\u00e5r s\u00e5dan en markedsh\u00e6ndelse sker, g\u00f8r eToro det nemt og anvender splitforholdet p\u00e5 alle relaterede tal. \u00c6ndringen vil g\u00e6lde for det totale antal enheder og den gennemsnitlige eller aktuelle kurs. V\u00e6rdien af hver enkelt position vil imidlertid ikke \u00e6ndre sig.<\/p>\n<p>Hvis der sker et omvendt aktiesplit, betyder det, at en position, der tidligere var sammensat helt af hele aktier, nu potentielt kan have delaktier. Den samlede v\u00e6rdi af positionen \u00e6ndrer sig ikke p\u00e5 grund af splittet.<\/p>\n<p>eToro vil eventuelt kommunikere med sine brugere forud for et forest\u00e5ende split, og om det kr\u00e6ver handling fra deres side \u2013 selv om dette er h\u00f8jst usandsynligt.<\/p>\n<p style=\"text-align: center;\"><a class=\"e-cta\" href=\"https:\/\/www.etoro.com\/da-dk\/accounts\/sign-up?funnelFromId=51\" target=\"_blank\" rel=\"noopener noreferrer\">Start investering<\/a><\/p>\n<hr \/>\n<p><em>Nul kurtage er tilg\u00e6ngelig for kunder hos eToro (Europe) Ltd., eToro (UK) Ltd. og eToro AUS Capital Limited (AFSL 491139).<\/em><\/p>\n<p><em>For kunder hos eToro AUS er det kun aktier, der handles p\u00e5 de amerikanske b\u00f8rser, der er tilg\u00e6ngelige som underliggende aktiver og uden kurtage. Disse aktier tilbydes gennem eToro Service (ARSN 637 489 466), der drives af eToro Asset Management Limited ABN 51 122 005 396 AFSL 319 738, og promoveres af eToro AUS Capital Limited CAR 001281634. Der henvises til vores FSG og PDS, f\u00f8r du beslutter dig for at handle med os. Alle andre aktier tilbydes som derivater og indeb\u00e6rer kurtage.<\/em><\/p>\n<p><em>Nul kurtage g\u00e6lder ikke for korte eller gearede positioner. Nul kurtage betyder, at der ikke bliver opkr\u00e6vet et m\u00e6glergebyr, n\u00e5r du \u00e5bner eller lukker positionen. Der p\u00e5l\u00e6gges evt. andre gebyrer. For yderligere oplysninger om gebyrer,\u00a0<a href=\"https:\/\/www.etoro.com\/da-dk\/trading\/market-hours-fees?category=stocks\/\">klik her<\/a>. Din kapital er i fare.<\/em><\/p>\n","protected":false},"excerpt":{"rendered":"<p>&nbsp; Et aktiesplit er et helt almindeligt f\u00e6nomen p\u00e5 markeder og forekommer p\u00e5 diverse b\u00f8rser rundt om i verden og p\u00e5 forskellige tidspunkter. Guiden vil hj\u00e6lpe dig til at forst\u00e5, hvad aktiesplits er, hvordan de p\u00e5virker dine aktiepositioner, og hvordan eToro h\u00e5ndterer dem p\u00e5 platformen. Hvad er et aktiesplit? Et aktiesplit forklarer ligesom sig selv.&hellip;<\/p>\n","protected":false},"author":32,"featured_media":220207,"parent":58564,"menu_order":566,"comment_status":"closed","ping_status":"closed","template":"","meta":{"_acf_changed":false,"inline_featured_image":false,"sticky_cta_settings":"","footnotes":""},"asset_type":[],"class_list":["post-151825","page","type-page","status-publish","has-post-thumbnail","hentry"],"acf":[],"yoast_head":"<title>Guide om aktiesplit: Alt, hvad du beh\u00f8ver at vide | eToro<\/title>\n<meta name=\"description\" content=\"Et aktiesplit er en markedsh\u00e6ndelse, hvor et selskab splitter sine enkelte aktier op i mindre dele. L\u00e6s, hvorfor man g\u00f8r dette, og hvordan det sker p\u00e5 eToro.\" \/>\n<meta name=\"robots\" content=\"index, follow, max-snippet:-1, max-image-preview:large, max-video-preview:-1\" \/>\n<link rel=\"canonical\" href=\"https:\/\/www.etoro.com\/da-dk\/wp-json\/wp\/v2\/pages\/151825\" \/>\n<meta property=\"og:locale\" content=\"da_DK\" \/>\n<meta property=\"og:type\" content=\"article\" \/>\n<meta property=\"og:title\" content=\"Guide om aktiesplit: Alt, hvad du beh\u00f8ver at vide | eToro\" \/>\n<meta property=\"og:description\" content=\"Et aktiesplit er en markedsh\u00e6ndelse, hvor et selskab splitter sine enkelte aktier op i mindre dele. L\u00e6s, hvorfor man g\u00f8r dette, og hvordan det sker p\u00e5 eToro.\" \/>\n<meta property=\"og:url\" content=\"https:\/\/www.etoro.com\/da-dk\/wp-json\/wp\/v2\/pages\/151825\" \/>\n<meta property=\"og:site_name\" content=\"eToro\" \/>\n<meta property=\"article:publisher\" content=\"https:\/\/www.facebook.com\/eToro\/\" \/>\n<meta property=\"article:modified_time\" content=\"2024-08-19T13:18:52+00:00\" \/>\n<meta property=\"og:image\" content=\"https:\/\/www.etoro.com\/wp-content\/uploads\/2021\/05\/1200x630_3182.jpg\" \/>\n\t<meta property=\"og:image:width\" content=\"1200\" \/>\n\t<meta property=\"og:image:height\" content=\"630\" \/>\n\t<meta property=\"og:image:type\" content=\"image\/jpeg\" \/>\n<meta name=\"twitter:card\" content=\"summary_large_image\" \/>\n<meta name=\"twitter:site\" content=\"@eToro\" \/>\n<meta name=\"twitter:label1\" content=\"Est. reading time\" \/>\n\t<meta name=\"twitter:data1\" content=\"6 minutes\" \/>\n<script type=\"application\/ld+json\" class=\"yoast-schema-graph\">{\"@context\":\"https:\/\/schema.org\",\"@graph\":[{\"@type\":\"WebPage\",\"@id\":\"https:\/\/www.etoro.com\/da-dk\/stocks\/stock-split\/\",\"url\":\"https:\/\/www.etoro.com\/da-dk\/stocks\/stock-split\/\",\"name\":\"Guide om aktiesplit: Alt, hvad du beh\u00f8ver at vide | eToro\",\"isPartOf\":{\"@id\":\"https:\/\/www.etoro.com\/da-dk\/#website\"},\"primaryImageOfPage\":{\"@id\":\"https:\/\/www.etoro.com\/da-dk\/stocks\/stock-split\/#primaryimage\"},\"image\":{\"@id\":\"https:\/\/www.etoro.com\/da-dk\/stocks\/stock-split\/#primaryimage\"},\"thumbnailUrl\":\"https:\/\/www.etoro.com\/wp-content\/uploads\/2021\/05\/1200x630_3182.jpg\",\"datePublished\":\"2020-08-30T14:19:38+00:00\",\"dateModified\":\"2024-08-19T13:18:52+00:00\",\"description\":\"Et aktiesplit er en markedsh\u00e6ndelse, hvor et selskab splitter sine enkelte aktier op i mindre dele. L\u00e6s, hvorfor man g\u00f8r dette, og hvordan det sker p\u00e5 eToro.\",\"breadcrumb\":{\"@id\":\"https:\/\/www.etoro.com\/da-dk\/stocks\/stock-split\/#breadcrumb\"},\"inLanguage\":\"da\",\"potentialAction\":[{\"@type\":\"ReadAction\",\"target\":[\"https:\/\/www.etoro.com\/da-dk\/stocks\/stock-split\/\"]}]},{\"@type\":\"ImageObject\",\"inLanguage\":\"da\",\"@id\":\"https:\/\/www.etoro.com\/da-dk\/stocks\/stock-split\/#primaryimage\",\"url\":\"https:\/\/www.etoro.com\/wp-content\/uploads\/2021\/05\/1200x630_3182.jpg\",\"contentUrl\":\"https:\/\/www.etoro.com\/wp-content\/uploads\/2021\/05\/1200x630_3182.jpg\",\"width\":1200,\"height\":630},{\"@type\":\"BreadcrumbList\",\"@id\":\"https:\/\/www.etoro.com\/da-dk\/stocks\/stock-split\/#breadcrumb\",\"itemListElement\":[{\"@type\":\"ListItem\",\"position\":1,\"name\":\"HJEM\",\"item\":\"https:\/\/www.etoro.com\/da-dk\/\"},{\"@type\":\"ListItem\",\"position\":2,\"name\":\"Aktier\",\"item\":\"https:\/\/www.etoro.com\/da-dk\/stocks\/\"},{\"@type\":\"ListItem\",\"position\":3,\"name\":\"Guide om aktiesplit: Hvad det er, og hvordan det fungerer p\u00e5 eToro\"}]},{\"@type\":\"WebSite\",\"@id\":\"https:\/\/www.etoro.com\/da-dk\/#website\",\"url\":\"https:\/\/www.etoro.com\/da-dk\/\",\"name\":\"eToro\",\"description\":\"\",\"publisher\":{\"@id\":\"https:\/\/www.etoro.com\/da-dk\/#organization\"},\"potentialAction\":[{\"@type\":\"SearchAction\",\"target\":{\"@type\":\"EntryPoint\",\"urlTemplate\":\"https:\/\/www.etoro.com\/da-dk\/?s={search_term_string}\"},\"query-input\":{\"@type\":\"PropertyValueSpecification\",\"valueRequired\":true,\"valueName\":\"search_term_string\"}}],\"inLanguage\":\"da\"},[]]}<\/script>","yoast_head_json":{"title":"Guide om aktiesplit: Alt, hvad du beh\u00f8ver at vide | eToro","description":"Et aktiesplit er en markedsh\u00e6ndelse, hvor et selskab splitter sine enkelte aktier op i mindre dele. L\u00e6s, hvorfor man g\u00f8r dette, og hvordan det sker p\u00e5 eToro.","robots":{"index":"index","follow":"follow","max-snippet":"max-snippet:-1","max-image-preview":"max-image-preview:large","max-video-preview":"max-video-preview:-1"},"canonical":"https:\/\/www.etoro.com\/da-dk\/wp-json\/wp\/v2\/pages\/151825","og_locale":"da_DK","og_type":"article","og_title":"Guide om aktiesplit: Alt, hvad du beh\u00f8ver at vide | eToro","og_description":"Et aktiesplit er en markedsh\u00e6ndelse, hvor et selskab splitter sine enkelte aktier op i mindre dele. L\u00e6s, hvorfor man g\u00f8r dette, og hvordan det sker p\u00e5 eToro.","og_url":"https:\/\/www.etoro.com\/da-dk\/wp-json\/wp\/v2\/pages\/151825","og_site_name":"eToro","article_publisher":"https:\/\/www.facebook.com\/eToro\/","article_modified_time":"2024-08-19T13:18:52+00:00","og_image":[{"width":1200,"height":630,"url":"https:\/\/www.etoro.com\/wp-content\/uploads\/2021\/05\/1200x630_3182.jpg","type":"image\/jpeg"}],"twitter_card":"summary_large_image","twitter_site":"@eToro","twitter_misc":{"Est. reading time":"6 minutes"},"schema":{"@context":"https:\/\/schema.org","@graph":[{"@type":"WebPage","@id":"https:\/\/www.etoro.com\/da-dk\/stocks\/stock-split\/","url":"https:\/\/www.etoro.com\/da-dk\/stocks\/stock-split\/","name":"Guide om aktiesplit: Alt, hvad du beh\u00f8ver at vide | eToro","isPartOf":{"@id":"https:\/\/www.etoro.com\/da-dk\/#website"},"primaryImageOfPage":{"@id":"https:\/\/www.etoro.com\/da-dk\/stocks\/stock-split\/#primaryimage"},"image":{"@id":"https:\/\/www.etoro.com\/da-dk\/stocks\/stock-split\/#primaryimage"},"thumbnailUrl":"https:\/\/www.etoro.com\/wp-content\/uploads\/2021\/05\/1200x630_3182.jpg","datePublished":"2020-08-30T14:19:38+00:00","dateModified":"2024-08-19T13:18:52+00:00","description":"Et aktiesplit er en markedsh\u00e6ndelse, hvor et selskab splitter sine enkelte aktier op i mindre dele. L\u00e6s, hvorfor man g\u00f8r dette, og hvordan det sker p\u00e5 eToro.","breadcrumb":{"@id":"https:\/\/www.etoro.com\/da-dk\/stocks\/stock-split\/#breadcrumb"},"inLanguage":"da","potentialAction":[{"@type":"ReadAction","target":["https:\/\/www.etoro.com\/da-dk\/stocks\/stock-split\/"]}]},{"@type":"ImageObject","inLanguage":"da","@id":"https:\/\/www.etoro.com\/da-dk\/stocks\/stock-split\/#primaryimage","url":"https:\/\/www.etoro.com\/wp-content\/uploads\/2021\/05\/1200x630_3182.jpg","contentUrl":"https:\/\/www.etoro.com\/wp-content\/uploads\/2021\/05\/1200x630_3182.jpg","width":1200,"height":630},{"@type":"BreadcrumbList","@id":"https:\/\/www.etoro.com\/da-dk\/stocks\/stock-split\/#breadcrumb","itemListElement":[{"@type":"ListItem","position":1,"name":"HJEM","item":"https:\/\/www.etoro.com\/da-dk\/"},{"@type":"ListItem","position":2,"name":"Aktier","item":"https:\/\/www.etoro.com\/da-dk\/stocks\/"},{"@type":"ListItem","position":3,"name":"Guide om aktiesplit: Hvad det er, og hvordan det fungerer p\u00e5 eToro"}]},{"@type":"WebSite","@id":"https:\/\/www.etoro.com\/da-dk\/#website","url":"https:\/\/www.etoro.com\/da-dk\/","name":"eToro","description":"","publisher":{"@id":"https:\/\/www.etoro.com\/da-dk\/#organization"},"potentialAction":[{"@type":"SearchAction","target":{"@type":"EntryPoint","urlTemplate":"https:\/\/www.etoro.com\/da-dk\/?s={search_term_string}"},"query-input":{"@type":"PropertyValueSpecification","valueRequired":true,"valueName":"search_term_string"}}],"inLanguage":"da"},[]]}},"_links":{"self":[{"href":"https:\/\/www.etoro.com\/da-dk\/wp-json\/wp\/v2\/pages\/151825"}],"collection":[{"href":"https:\/\/www.etoro.com\/da-dk\/wp-json\/wp\/v2\/pages"}],"about":[{"href":"https:\/\/www.etoro.com\/da-dk\/wp-json\/wp\/v2\/types\/page"}],"author":[{"embeddable":true,"href":"https:\/\/www.etoro.com\/da-dk\/wp-json\/wp\/v2\/users\/32"}],"replies":[{"embeddable":true,"href":"https:\/\/www.etoro.com\/da-dk\/wp-json\/wp\/v2\/comments?post=151825"}],"version-history":[{"count":0,"href":"https:\/\/www.etoro.com\/da-dk\/wp-json\/wp\/v2\/pages\/151825\/revisions"}],"up":[{"embeddable":true,"href":"https:\/\/www.etoro.com\/da-dk\/wp-json\/wp\/v2\/pages\/58564"}],"wp:featuredmedia":[{"embeddable":true,"href":"https:\/\/www.etoro.com\/da-dk\/wp-json\/wp\/v2\/media\/220207"}],"wp:attachment":[{"href":"https:\/\/www.etoro.com\/da-dk\/wp-json\/wp\/v2\/media?parent=151825"}],"wp:term":[{"taxonomy":"asset_type","embeddable":true,"href":"https:\/\/www.etoro.com\/da-dk\/wp-json\/wp\/v2\/asset_type?post=151825"}],"curies":[{"name":"wp","href":"https:\/\/api.w.org\/{rel}","templated":true}]}}