{"id":167574,"date":"2020-10-15T10:30:40","date_gmt":"2020-10-15T07:30:40","guid":{"rendered":"http:\/\/www.etoro.com\/investing\/insurance\/"},"modified":"2025-04-23T00:47:46","modified_gmt":"2025-04-22T21:47:46","slug":"insurance","status":"publish","type":"page","link":"https:\/\/www.etoro.com\/da-dk\/investing\/insurance\/","title":{"rendered":"Forsikring"},"content":{"rendered":"\n<section class=\"wp-block-group wp-block-group-boxed has-white-background-color has-background\"><div class=\"wp-block-group-inner is-layout-flow wp-block-group-is-layout-flow\">\n<div class=\"wp-block-columns are-vertically-aligned-top wp-block-columns-1 is-layout-flex wp-container-core-columns-is-layout-1 wp-block-columns-is-layout-flex\">\n<div class=\"wp-block-column is-layout-flow wp-block-column-is-layout-flow\">\n<h2 class=\"wp-block-heading\">Forsikring<\/h2>\n\n\n\n<p>Bestemte eToro-enheder forsyner berettigede kunder med en omkostningsfri forsikring k\u00f8bt hos Lloyd&#8217;s of London, en af verdens f\u00f8rende udbydere af specialforsikringer, der giver d\u00e6kning p\u00e5 op til 1 mio. euro, AUD eller USD (afh\u00e6ngigt af regionen).<\/p>\n\n\n\n<p><strong>Denne omkostningsfrie forsikring er kun tilg\u00e6ngelig for Platinum-, Platinum +- og Diamond Club-medlemmer, <a href=\"https:\/\/www.etoro.com\/da-dk\/about\/club\/\">kunder<\/a> hos eToro (Europe) Ltd., eToro AUS Capital Ltd., eToro (ME) Ltd. og eToro (Seychelles) Ltd.<\/strong><\/p>\n\n\n\n<ul class=\"wp-block-list wp-block-list wp-block-list-circle\">\n<li>Forsikringen d\u00e6kker krav fra berettigede klienter, der har lidt tab p\u00e5 grund af usandsynlige h\u00e6ndelser fra eToros insolvens samt i tilf\u00e6lde af uredelige h\u00e6ndelser (som defineret i&nbsp;<a href=\"https:\/\/www.etoro.com\/wp-content\/uploads\/2022\/11\/Insurance-Disclosure-to-Clients-2022-.docx.pdf\">g\u00e6ldende politik<\/a>).<\/li>\n\n\n\n<li>Forsikringen d\u00e6kker: (i) op til 1 mio. EUR, AUD eller USD (afh\u00e6ngigt af den regulerede enhed); (ii) op til den samlede gr\u00e6nse, der er k\u00f8bt af eToro; og (iii) med forbehold for et overskydende bel\u00f8b (som defineret i henhold til g\u00e6ldende <a href=\"https:\/\/etoro.com\/wp-content\/uploads\/2023\/01\/Insurance-Disclosure-to-Clients-2022-.docx.pdf\" rel=\"nofollow noopener noreferrer\" >politik<\/a>).<\/li>\n\n\n\n<li>Skal overstige et startbel\u00f8b p\u00e5 20.000 EUR, AUD eller USD.<\/li>\n\n\n\n<li>Forsikringen d\u00e6kker kontanter, alle CFD-positioner, og v\u00e6rdipapirer. Bem\u00e6rk at \u00c6GTE kryptovaluta-positioner ikke er d\u00e6kket af forsikringen, som beskrevet i den g\u00e6ldende&nbsp;<a href=\"https:\/\/www.etoro.com\/wp-content\/uploads\/2022\/11\/Insurance-Disclosure-to-Clients-2022-.docx.pdf\">politik<\/a>.<\/li>\n<\/ul>\n<\/div>\n<\/div>\n<\/div><\/section>\n\n\n\n<section class=\"wp-block-group wp-block-group-boxed has-dark-blue-background-color has-background\"><div class=\"wp-block-group-inner is-layout-flow wp-block-group-is-layout-flow\">\n<div class=\"wp-block-columns are-vertically-aligned-center wp-block-columns-2 is-layout-flex wp-container-core-columns-is-layout-2 wp-block-columns-is-layout-flex\">\n<div class=\"wp-block-column is-layout-flow wp-block-column-is-layout-flow\">\n<figure class=\"wp-block-image size-full\"><img loading=\"lazy\" decoding=\"async\" width=\"577\" height=\"375\" src=\"https:\/\/www.etoro.com\/wp-content\/uploads\/2025\/04\/Three-layer-protection.png\" alt=\"\" class=\"wp-image-1048942 wp-image-desktop\" srcset=\"https:\/\/www.etoro.com\/wp-content\/uploads\/2025\/04\/Three-layer-protection.png 577w, https:\/\/www.etoro.com\/wp-content\/uploads\/2025\/04\/Three-layer-protection-300x195.png 300w\" sizes=\"(max-width: 577px) 100vw, 577px\" \/><\/figure>\n<\/div>\n\n\n\n<div class=\"wp-block-column is-text-column is-layout-flow wp-block-column-is-layout-flow\">\n<h2 class=\"wp-block-heading\"><strong>Tre lag af beskyttelse<\/strong><\/h2>\n\n\n\n<p>I det usandsynlige tilf\u00e6lde af at eToro g\u00e5r konkurs, er kvalificerede kunder* hos eToro (Europe) Ltd., eToro AUS Capital Ltd., eToro (ME) Ltd. og eToro (Seychelles) Ltd. d\u00e6kket af tre beskyttelseslag.<\/p>\n\n\n\n<ul class=\"wp-block-list wp-block-list wp-block-list-circle\">\n<li>I tilf\u00e6lde af insolvens vil den udpegede likvidator administrere eToros aktiver og fordeling af penge til dets klienter, hvis relevant.<\/li>\n\n\n\n<li>Lovm\u00e6ssig beskyttelse: For klienter hos eToro (Europe) Ltd. (reguleret af CySEC), g\u00e6lder visse lovm\u00e6ssige ordninger (ICF), der kompenserer klienter i tilf\u00e6lde af insolvens og mangel p\u00e5 klientmidler p\u00e5 op til $20K.<\/li>\n\n\n\n<li>Privat forsikring: Denne investeringsforsikring, der tegnes af Lloyd&#8217;s of London, d\u00e6kker tab som f\u00f8lge af insolvens med en selvrisiko p\u00e5 op til 1 mio. euro\/AUD\/USD pr. kunde* som beskrevet ovenfor.<\/li>\n<\/ul>\n\n\n\n<p class=\"is-style-disclaimer\">*Den omkostningsfrie forsikring er kun tilg\u00e6ngelig for Platinum-, Platinum +- og Diamond Club-medlemmer, <a href=\"https:\/\/www.etoro.com\/da-dk\/about\/club\/\">kunder<\/a> hos eToro (Europe) Ltd., eToro AUS Capital Ltd., eToro (ME) Ltd. og eToro (Seychelles) Ltd.<\/p>\n<\/div>\n<\/div>\n<\/div><\/section>\n\n\n\n<section class=\"wp-block-group wp-block-group-boxed\"><div class=\"wp-block-group-inner is-layout-flow wp-block-group-is-layout-flow\">\n<div class=\"wp-block-columns are-vertically-aligned-top wp-block-columns-1 is-layout-flex wp-container-core-columns-is-layout-3 wp-block-columns-is-layout-flex\">\n<div class=\"wp-block-column is-layout-flow wp-block-column-is-layout-flow\">\n<h2 class=\"wp-block-heading has-text-align-center\"><strong>eToro tilbyder yderligere tjenester s\u00e5som:<\/strong><\/h2>\n<\/div>\n<\/div>\n<\/div><\/section>\n\n\n\n<section class=\"wp-block-group wp-block-group-boxed has-white-background-color has-background\"><div class=\"wp-block-group-inner is-layout-flow wp-block-group-is-layout-flow\">\n<div class=\"wp-block-columns are-vertically-aligned-center wp-block-columns-2 is-swapped-on-mobile is-layout-flex wp-container-core-columns-is-layout-4 wp-block-columns-is-layout-flex\">\n<div class=\"wp-block-column is-layout-flow wp-block-column-is-layout-flow\">\n<h2 class=\"wp-block-heading\">Dine midler bliver holdt p\u00e5 en adskilt konto<\/h2>\n\n\n\n<p>eToros topprioritet er at holde sine kunder og deres midler sikre. Af denne grund holdes hver en \u00f8re, der er indbetalt af en kunde, p\u00e5 en separat, adskilt konto. Det betyder, at selv i det h\u00f8jst usandsynlige tilf\u00e6lde af at eToro skulle g\u00e5 i betalingsstandsning, vil dine midler v\u00e6re sikre.<\/p>\n<\/div>\n\n\n\n<div class=\"wp-block-column is-layout-flow wp-block-column-is-layout-flow\">\n<figure class=\"wp-block-image size-full\"><img loading=\"lazy\" decoding=\"async\" width=\"578\" height=\"375\" src=\"https:\/\/www.etoro.com\/wp-content\/uploads\/2025\/04\/Segregated-Account.png\" alt=\"\" class=\"wp-image-1048971 wp-image-desktop\" srcset=\"https:\/\/www.etoro.com\/wp-content\/uploads\/2025\/04\/Segregated-Account.png 578w, https:\/\/www.etoro.com\/wp-content\/uploads\/2025\/04\/Segregated-Account-300x195.png 300w\" sizes=\"(max-width: 578px) 100vw, 578px\" \/><\/figure>\n<\/div>\n<\/div>\n<\/div><\/section>\n\n\n\n<section class=\"wp-block-group wp-block-group-boxed has-white-background-color has-background\"><div class=\"wp-block-group-inner is-layout-flow wp-block-group-is-layout-flow\">\n<div class=\"wp-block-columns are-vertically-aligned-center wp-block-columns-2 is-layout-flex wp-container-core-columns-is-layout-5 wp-block-columns-is-layout-flex\">\n<div class=\"wp-block-column is-layout-flow wp-block-column-is-layout-flow\">\n<figure class=\"wp-block-image size-full\"><img loading=\"lazy\" decoding=\"async\" width=\"576\" height=\"394\" src=\"https:\/\/www.etoro.com\/wp-content\/uploads\/2025\/04\/100-K-Demo-account.png\" alt=\"\" class=\"wp-image-1049040 wp-image-desktop\" srcset=\"https:\/\/www.etoro.com\/wp-content\/uploads\/2025\/04\/100-K-Demo-account.png 576w, https:\/\/www.etoro.com\/wp-content\/uploads\/2025\/04\/100-K-Demo-account-300x205.png 300w\" sizes=\"(max-width: 576px) 100vw, 576px\" \/><\/figure>\n<\/div>\n\n\n\n<div class=\"wp-block-column is-layout-flow wp-block-column-is-layout-flow\">\n<h2 class=\"wp-block-heading\">GRATIS demo-konto med 100.000 USD<\/h2>\n\n\n\n<p>Udforsk enkeltheden og brugervenligheden af eToros platform med en GRATIS demokonto p\u00e5 100.000 USD. \u00c5bn og luk handler, opbyg din virtuelle portef\u00f8lje med&nbsp;<a href=\"https:\/\/etoro.com\/da-dk\/stocks\/\" rel=\"nofollow noopener noreferrer\" >aktier<\/a>,&nbsp;<a href=\"https:\/\/www.etoro.com\/da-dk\/crypto\/\">krypto<\/a>&nbsp;og andre aktivklasser, og finpuds dine handels-og investeringsf\u00e6rdigheder.<\/p>\n<\/div>\n<\/div>\n<\/div><\/section>\n\n\n\n<section class=\"wp-block-group wp-block-group-boxed has-white-background-color has-background\"><div class=\"wp-block-group-inner is-layout-flow wp-block-group-is-layout-flow\">\n<div class=\"wp-block-columns are-vertically-aligned-top wp-block-columns-1 is-layout-flex wp-container-core-columns-is-layout-6 wp-block-columns-is-layout-flex\">\n<div class=\"wp-block-column is-layout-flow wp-block-column-is-layout-flow\">\n<p class=\"has-text-align-center\">Der g\u00e6lder betingelser og vilk\u00e5r. For mere information henvises der til eToros forsikringsvilk\u00e5r&nbsp;<a href=\"https:\/\/www.etoro.com\/wp-content\/uploads\/2025\/02\/Insurance-Disclosure-to-Clients-2025.pdf\" target=\"_blank\" rel=\"noreferrer noopener\">&nbsp;og -betingelser<\/a>.<\/p>\n\n\n\n<div class=\"wp-block-buttons is-content-justification-center is-layout-flex wp-container-core-buttons-is-layout-1 wp-block-buttons-is-layout-flex\">\n<a class=\"e-cta e-cta-primary\" href=\"https:\/\/www.etoro.com\/da-dk\/accounts\/sign-up\">Kom i gang<\/a>\n<\/div>\n<\/div>\n<\/div>\n<\/div><\/section>\n\n\n\n<section class=\"wp-block-group wp-block-group-boxed has-white-background-color has-background\"><div class=\"wp-block-group-inner is-layout-flow wp-block-group-is-layout-flow\">\n<div class=\"wp-block-columns are-vertically-aligned-top wp-block-columns-1 is-layout-flex wp-container-core-columns-is-layout-7 wp-block-columns-is-layout-flex\">\n<div class=\"wp-block-column is-layout-flow wp-block-column-is-layout-flow\">\n<h2 class=\"wp-block-heading has-text-align-center\">FAQ<\/h2>\n\n\n\n<dl class=\"wp-block-etoro-faq\">\n<div class=\"wp-block-etoro-faq-item\"><dt class=\"wp-block-etoro-faq-item-question\">Hvilke produkter er d\u00e6kket af forsikringspolitikken?<\/dt><dd class=\"wp-block-etoro-faq-item-answer\">\n<p>Forsikringen d\u00e6kker kontakter, alle CFD-positioner, og v\u00e6rdipapirer. Bem\u00e6rk at \u00c6GTE kryptovaluta-positioner (ikke-CFD) ikke er d\u00e6kket af investeringsforsikringen.<\/p>\n<\/dd><\/div>\n\n\n\n<div class=\"wp-block-etoro-faq-item\"><dt class=\"wp-block-etoro-faq-item-question\">Hvem d\u00e6kker forsikringen?<\/dt><dd class=\"wp-block-etoro-faq-item-answer\">\n<p>Forsikringen er kun tilg\u00e6ngelig for Platinum-, Platinum +- og Diamond Club-medlemmer, <a href=\"https:\/\/etoro.com\/da-dk\/about\/club\/\" rel=\"nofollow noopener noreferrer\" >kunder<\/a> hos eToro (Europe) Ltd., eToro AUS Capital Ltd., eToro (ME) Ltd. og eToro (Seychelles) Ltd.<\/p>\n<\/dd><\/div>\n\n\n\n<div class=\"wp-block-etoro-faq-item\"><dt class=\"wp-block-etoro-faq-item-question\">Er der en udl\u00f8bsdato?<\/dt><dd class=\"wp-block-etoro-faq-item-answer\">\n<p>Nej. Men, forsikringen kan dog tr\u00e6kkes tilbage efter eToros sk\u00f8n til enhver tid i fremtiden. Ingen forudg\u00e5ende besked er p\u00e5kr\u00e6vet.<\/p>\n<\/dd><\/div>\n\n\n\n<div class=\"wp-block-etoro-faq-item\"><dt class=\"wp-block-etoro-faq-item-question\">Hvorn\u00e5r udl\u00f8bes forsikringen?<\/dt><dd class=\"wp-block-etoro-faq-item-answer\">\n<p>Forsikringen kan udl\u00f8bes i det usandsynlige tilf\u00e6lde af eToros insolvens.<\/p>\n<\/dd><\/div>\n\n\n\n<div class=\"wp-block-etoro-faq-item\"><dt class=\"wp-block-etoro-faq-item-question\">Hvordan opbevarer eToro mine penge?<\/dt><dd class=\"wp-block-etoro-faq-item-answer\">\n<p>For at beskytte dine midler, holder eToro dem p\u00e5 en komplet afsk\u00e5ret konto i en topklasse bank eller kvalificeret pengemarkeds-fond.<\/p>\n<\/dd><\/div>\n<\/dl>\n<\/div>\n<\/div>\n<\/div><\/section>\n","protected":false},"excerpt":{"rendered":"<p>Forsikring Bestemte eToro-enheder forsyner berettigede kunder med en omkostningsfri forsikring k\u00f8bt hos Lloyd&#8217;s of London, en af verdens f\u00f8rende udbydere af specialforsikringer, der giver d\u00e6kning p\u00e5 op til 1 mio. euro, AUD eller USD (afh\u00e6ngigt af regionen). Denne omkostningsfrie forsikring er kun tilg\u00e6ngelig for Platinum-, Platinum +- og Diamond Club-medlemmer, kunder hos eToro (Europe) Ltd.,&hellip;<\/p>\n","protected":false},"author":39,"featured_media":0,"parent":31827,"menu_order":493,"comment_status":"closed","ping_status":"closed","template":"","meta":{"_acf_changed":true,"inline_featured_image":false,"sticky_cta_settings":"","footnotes":""},"asset_type":[],"class_list":["post-167574","page","type-page","status-publish","hentry"],"acf":[],"yoast_head":"<title>GRATIS investeringsforsikring for eToro-kunder<\/title>\n<meta name=\"description\" content=\"Drag fordel af et ekstra lag af beskyttelse: eToro tilbyder GRATIS forsikring p\u00e5 op til 1 million EUR\/GBP\/AUD, afh\u00e6ngigt af regulering.\" \/>\n<meta name=\"robots\" content=\"noindex, follow\" \/>\n<meta property=\"og:locale\" content=\"da_DK\" \/>\n<meta property=\"og:type\" content=\"article\" \/>\n<meta property=\"og:title\" content=\"GRATIS investeringsforsikring for eToro-kunder\" \/>\n<meta property=\"og:description\" content=\"Drag fordel af et ekstra lag af beskyttelse: eToro tilbyder GRATIS forsikring p\u00e5 op til 1 million EUR\/GBP\/AUD, afh\u00e6ngigt af regulering.\" \/>\n<meta property=\"og:url\" content=\"https:\/\/www.etoro.com\/da-dk\/wp-json\/wp\/v2\/pages\/167574\" \/>\n<meta property=\"og:site_name\" content=\"eToro\" \/>\n<meta property=\"article:publisher\" content=\"https:\/\/www.facebook.com\/eToro\/\" \/>\n<meta property=\"article:modified_time\" content=\"2025-04-22T21:47:46+00:00\" \/>\n<meta property=\"og:image\" content=\"https:\/\/www.etoro.com\/wp-content\/uploads\/2025\/04\/Three-layer-protection.png\" \/>\n\t<meta property=\"og:image:width\" content=\"577\" \/>\n\t<meta property=\"og:image:height\" content=\"375\" \/>\n\t<meta property=\"og:image:type\" content=\"image\/png\" \/>\n<meta name=\"twitter:card\" content=\"summary_large_image\" \/>\n<meta name=\"twitter:site\" content=\"@eToro\" \/>\n<meta name=\"twitter:label1\" content=\"Est. reading time\" \/>\n\t<meta name=\"twitter:data1\" content=\"3 minutes\" \/>\n<script type=\"application\/ld+json\" class=\"yoast-schema-graph\">{\"@context\":\"https:\/\/schema.org\",\"@graph\":[{\"@type\":\"WebPage\",\"@id\":\"https:\/\/www.etoro.com\/da-dk\/investing\/insurance\/\",\"url\":\"https:\/\/www.etoro.com\/da-dk\/investing\/insurance\/\",\"name\":\"GRATIS investeringsforsikring for eToro-kunder\",\"isPartOf\":{\"@id\":\"https:\/\/www.etoro.com\/da-dk\/#website\"},\"primaryImageOfPage\":{\"@id\":\"https:\/\/www.etoro.com\/da-dk\/investing\/insurance\/#primaryimage\"},\"image\":{\"@id\":\"https:\/\/www.etoro.com\/da-dk\/investing\/insurance\/#primaryimage\"},\"thumbnailUrl\":\"https:\/\/www.etoro.com\/wp-content\/uploads\/2025\/04\/Three-layer-protection.png\",\"datePublished\":\"2020-10-15T07:30:40+00:00\",\"dateModified\":\"2025-04-22T21:47:46+00:00\",\"description\":\"Drag fordel af et ekstra lag af beskyttelse: eToro tilbyder GRATIS forsikring p\u00e5 op til 1 million EUR\/GBP\/AUD, afh\u00e6ngigt af regulering.\",\"breadcrumb\":{\"@id\":\"https:\/\/www.etoro.com\/da-dk\/investing\/insurance\/#breadcrumb\"},\"inLanguage\":\"da\",\"potentialAction\":[{\"@type\":\"ReadAction\",\"target\":[\"https:\/\/www.etoro.com\/da-dk\/investing\/insurance\/\"]}]},{\"@type\":\"ImageObject\",\"inLanguage\":\"da\",\"@id\":\"https:\/\/www.etoro.com\/da-dk\/investing\/insurance\/#primaryimage\",\"url\":\"https:\/\/www.etoro.com\/wp-content\/uploads\/2025\/04\/Three-layer-protection.png\",\"contentUrl\":\"https:\/\/www.etoro.com\/wp-content\/uploads\/2025\/04\/Three-layer-protection.png\"},{\"@type\":\"BreadcrumbList\",\"@id\":\"https:\/\/www.etoro.com\/da-dk\/investing\/insurance\/#breadcrumb\",\"itemListElement\":[{\"@type\":\"ListItem\",\"position\":1,\"name\":\"HJEM\",\"item\":\"https:\/\/www.etoro.com\/da-dk\/\"},{\"@type\":\"ListItem\",\"position\":2,\"name\":\"Investering\",\"item\":\"https:\/\/www.etoro.com\/da-dk\/investing\/\"},{\"@type\":\"ListItem\",\"position\":3,\"name\":\"Forsikring\"}]},{\"@type\":\"WebSite\",\"@id\":\"https:\/\/www.etoro.com\/da-dk\/#website\",\"url\":\"https:\/\/www.etoro.com\/da-dk\/\",\"name\":\"eToro\",\"description\":\"\",\"publisher\":{\"@id\":\"https:\/\/www.etoro.com\/da-dk\/#organization\"},\"potentialAction\":[{\"@type\":\"SearchAction\",\"target\":{\"@type\":\"EntryPoint\",\"urlTemplate\":\"https:\/\/www.etoro.com\/da-dk\/?s={search_term_string}\"},\"query-input\":{\"@type\":\"PropertyValueSpecification\",\"valueRequired\":true,\"valueName\":\"search_term_string\"}}],\"inLanguage\":\"da\"},[]]}<\/script>","yoast_head_json":{"title":"GRATIS investeringsforsikring for eToro-kunder","description":"Drag fordel af et ekstra lag af beskyttelse: eToro tilbyder GRATIS forsikring p\u00e5 op til 1 million EUR\/GBP\/AUD, afh\u00e6ngigt af regulering.","robots":{"index":"noindex","follow":"follow"},"og_locale":"da_DK","og_type":"article","og_title":"GRATIS investeringsforsikring for eToro-kunder","og_description":"Drag fordel af et ekstra lag af beskyttelse: eToro tilbyder GRATIS forsikring p\u00e5 op til 1 million EUR\/GBP\/AUD, afh\u00e6ngigt af regulering.","og_url":"https:\/\/www.etoro.com\/da-dk\/wp-json\/wp\/v2\/pages\/167574","og_site_name":"eToro","article_publisher":"https:\/\/www.facebook.com\/eToro\/","article_modified_time":"2025-04-22T21:47:46+00:00","og_image":[{"width":577,"height":375,"url":"https:\/\/www.etoro.com\/wp-content\/uploads\/2025\/04\/Three-layer-protection.png","type":"image\/png"}],"twitter_card":"summary_large_image","twitter_site":"@eToro","twitter_misc":{"Est. reading time":"3 minutes"},"schema":{"@context":"https:\/\/schema.org","@graph":[{"@type":"WebPage","@id":"https:\/\/www.etoro.com\/da-dk\/investing\/insurance\/","url":"https:\/\/www.etoro.com\/da-dk\/investing\/insurance\/","name":"GRATIS investeringsforsikring for eToro-kunder","isPartOf":{"@id":"https:\/\/www.etoro.com\/da-dk\/#website"},"primaryImageOfPage":{"@id":"https:\/\/www.etoro.com\/da-dk\/investing\/insurance\/#primaryimage"},"image":{"@id":"https:\/\/www.etoro.com\/da-dk\/investing\/insurance\/#primaryimage"},"thumbnailUrl":"https:\/\/www.etoro.com\/wp-content\/uploads\/2025\/04\/Three-layer-protection.png","datePublished":"2020-10-15T07:30:40+00:00","dateModified":"2025-04-22T21:47:46+00:00","description":"Drag fordel af et ekstra lag af beskyttelse: eToro tilbyder GRATIS forsikring p\u00e5 op til 1 million EUR\/GBP\/AUD, afh\u00e6ngigt af regulering.","breadcrumb":{"@id":"https:\/\/www.etoro.com\/da-dk\/investing\/insurance\/#breadcrumb"},"inLanguage":"da","potentialAction":[{"@type":"ReadAction","target":["https:\/\/www.etoro.com\/da-dk\/investing\/insurance\/"]}]},{"@type":"ImageObject","inLanguage":"da","@id":"https:\/\/www.etoro.com\/da-dk\/investing\/insurance\/#primaryimage","url":"https:\/\/www.etoro.com\/wp-content\/uploads\/2025\/04\/Three-layer-protection.png","contentUrl":"https:\/\/www.etoro.com\/wp-content\/uploads\/2025\/04\/Three-layer-protection.png"},{"@type":"BreadcrumbList","@id":"https:\/\/www.etoro.com\/da-dk\/investing\/insurance\/#breadcrumb","itemListElement":[{"@type":"ListItem","position":1,"name":"HJEM","item":"https:\/\/www.etoro.com\/da-dk\/"},{"@type":"ListItem","position":2,"name":"Investering","item":"https:\/\/www.etoro.com\/da-dk\/investing\/"},{"@type":"ListItem","position":3,"name":"Forsikring"}]},{"@type":"WebSite","@id":"https:\/\/www.etoro.com\/da-dk\/#website","url":"https:\/\/www.etoro.com\/da-dk\/","name":"eToro","description":"","publisher":{"@id":"https:\/\/www.etoro.com\/da-dk\/#organization"},"potentialAction":[{"@type":"SearchAction","target":{"@type":"EntryPoint","urlTemplate":"https:\/\/www.etoro.com\/da-dk\/?s={search_term_string}"},"query-input":{"@type":"PropertyValueSpecification","valueRequired":true,"valueName":"search_term_string"}}],"inLanguage":"da"},[]]}},"_links":{"self":[{"href":"https:\/\/www.etoro.com\/da-dk\/wp-json\/wp\/v2\/pages\/167574"}],"collection":[{"href":"https:\/\/www.etoro.com\/da-dk\/wp-json\/wp\/v2\/pages"}],"about":[{"href":"https:\/\/www.etoro.com\/da-dk\/wp-json\/wp\/v2\/types\/page"}],"author":[{"embeddable":true,"href":"https:\/\/www.etoro.com\/da-dk\/wp-json\/wp\/v2\/users\/39"}],"replies":[{"embeddable":true,"href":"https:\/\/www.etoro.com\/da-dk\/wp-json\/wp\/v2\/comments?post=167574"}],"version-history":[{"count":0,"href":"https:\/\/www.etoro.com\/da-dk\/wp-json\/wp\/v2\/pages\/167574\/revisions"}],"up":[{"embeddable":true,"href":"https:\/\/www.etoro.com\/da-dk\/wp-json\/wp\/v2\/pages\/31827"}],"wp:attachment":[{"href":"https:\/\/www.etoro.com\/da-dk\/wp-json\/wp\/v2\/media?parent=167574"}],"wp:term":[{"taxonomy":"asset_type","embeddable":true,"href":"https:\/\/www.etoro.com\/da-dk\/wp-json\/wp\/v2\/asset_type?post=167574"}],"curies":[{"name":"wp","href":"https:\/\/api.w.org\/{rel}","templated":true}]}}