{"id":218520,"date":"2021-02-25T15:14:40","date_gmt":"2021-02-25T13:14:40","guid":{"rendered":"https:\/\/www.etoro.com\/crypto\/bitcoin-then-and-now\/"},"modified":"2024-08-20T10:32:30","modified_gmt":"2024-08-20T07:32:30","slug":"bitcoin-then-and-now","status":"publish","type":"page","link":"https:\/\/www.etoro.com\/da-dk\/crypto\/bitcoin-then-and-now\/","title":{"rendered":"Bitcoin dengang og nu: Kan de stigende priskurser i 2017 og 2020 forberede os p\u00e5 2021?"},"content":{"rendered":"<p>&nbsp;<\/p>\n<p>I betragtning af den seneste stigning, b\u00e5de i prisen og medied\u00e6kningen af kryptovalutaen bitcoin, spekulerer mange investorer p\u00e5, om den digitale valuta har n\u00e5et sit loft, eller om der er\u00a0plads til, at den kan stige yderligere.<\/p>\n<p>N\u00e5r vi kigger tilbage p\u00e5 den sidste store stigning for Bitcoin i 2017, er vi s\u00e5 t\u00e6ttere p\u00e5 prisen i august? Hvor v\u00e6rdien af Bitcoin var lidt over $4.000, oplevede valutaen flere m\u00e5neder med n\u00e6sten uafbrudt stigning. Eller ligner situationen mon december, hvor prisen n\u00e5ede sit hidtil h\u00f8jeste niveau p\u00e5 mere end $19.000, f\u00f8r den begyndte at falde i v\u00e6rdi?<\/p>\n<h2><b>Relativt volatil de seneste par \u00e5r<\/b><\/h2>\n<p>Dem, der \u00f8nsker at <a href=\"https:\/\/www.etoro.com\/da-dk\/crypto\/\" target=\"_blank\" rel=\"noopener\">investere i kryptovaluta<\/a>, har oplevet store stigninger i prisen p\u00e5 bitcoin i l\u00f8bet af 2020. Valutaen steg fra cirka $8.000 til n\u00e6sten $30.000 i slutningen af \u00e5ret. I l\u00f8bet af det nye \u00e5r er bitcoin-v\u00e6rdien fortsat steget, og den n\u00e5ede et rekordh\u00f8jt niveau p\u00e5 $41.826 i begyndelsen af januar. Det har f\u00e5et mange investorer til at undre sig over, hvor vi befinder os i den nuv\u00e6rende stigningsperiode.<\/p>\n<p>I 2017 steg prisen p\u00e5 bitcoin ogs\u00e5 drastisk \u2013 fra mindre end $1.000 til n\u00e6sten $20.000 \u2013 og steg p\u00e5 et tidspunkt med over 1.900%. Kort efter udgangen af 2017 faldt den digitale valutas v\u00e6rdi voldsomt med omkring 65 % i l\u00f8bet af januar, hvor investorerne tabte flere milliarder i investerede midler.<\/p>\n<p>Investeringsmilj\u00f8et kan med det blotte \u00f8je se ens ud, da de begge har oplevet en betydelig prisstigning over en kort periode. Men hvilke andre ligheder er der, n\u00e5r vi laver denne sammenligning?<\/p>\n<h2><b>St\u00f8rre brugerinteresse for investeringer<\/b><\/h2>\n<p>Antallet af nye brugere, der besluttede sig <a href=\"https:\/\/www.etoro.com\/da-dk\/accounts\/sign-up\" target=\"_blank\" rel=\"noopener\">for at oprette en konto hos eToro,<\/a> steg i l\u00f8bet af 2017. En anden stigning kan ses i marts 2020, da der blev indf\u00f8rt sociale restriktioner og lockdowns som f\u00f8lge af COVID-19. Af grafen ses det ogs\u00e5, at efter gennemsnitsniveauet igen var n\u00e5et, steg antallet af nye konti igen i l\u00f8bet af den f\u00f8rste uge af januar.<\/p>\n<h3><b>Tilmeldinger om ugen<\/b><\/h3>\n<p><img loading=\"lazy\" decoding=\"async\" class=\"alignnone wp-image-217454 size-full\" src=\"https:\/\/www.etoro.com\/wp-content\/uploads\/2021\/05\/indexed-etoro-weekly-KPIs-Google-Sheets.png\" alt=\"Grafen viser eToro-tilmeldinger per uge mellem 1\/1\/2017 og 3\/1\/2021\" width=\"922\" height=\"437\" srcset=\"https:\/\/www.etoro.com\/wp-content\/uploads\/2021\/05\/indexed-etoro-weekly-KPIs-Google-Sheets.png 922w, https:\/\/www.etoro.com\/wp-content\/uploads\/2021\/05\/indexed-etoro-weekly-KPIs-Google-Sheets-300x142.png 300w, https:\/\/www.etoro.com\/wp-content\/uploads\/2021\/05\/indexed-etoro-weekly-KPIs-Google-Sheets-768x364.png 768w\" sizes=\"(max-width: 922px) 100vw, 922px\" \/><\/p>\n<p><i>Kilde: eToro-forskning. Data fra 1\/1\/2017 til 3\/1\/2021.\u00a0<\/i><\/p>\n<p>Vil du vide mere om handel med bitcoin? L\u00e6s vores guide og f\u00e5 svar p\u00e5 de mest <a href=\"https:\/\/www.etoro.com\/da-dk\/trading\/crypto-faq\/\" target=\"_blank\" rel=\"noopener\">hyppige sp\u00f8rgsm\u00e5l omkring kryptovaluta<\/a> er her p\u00e5 eToro.<\/p>\n<h3><b>Google Trends for hele verden\u00a0<\/b><\/h3>\n<p>En anden statistik faktor, som ofte er en forl\u00f8ber for et fald i Bitcoin-prisen, er Google Trends. S\u00f8gninger efter bitcoin i 2017 via Google var p\u00e5 et rekordh\u00f8jt niveau. Selvom den seneste stigning har overg\u00e5et et tre\u00e5rigt peak, er v\u00e6rdien endnu ikke n\u00e6r de niveauer, vi oplevede i 2017.<\/p>\n<p><img loading=\"lazy\" decoding=\"async\" class=\"aligncenter wp-image-194479\" src=\"https:\/\/www.etoro.com\/wp-content\/uploads\/2021\/02\/bitcoin-price-Explore-Google-Trends.png\" alt=\"Grafen viser m\u00e6ngden af Google-s\u00f8gninger efter s\u00f8geordet &quot;bitcoin&quot;\" width=\"1402\" height=\"369\" srcset=\"https:\/\/www.etoro.com\/wp-content\/uploads\/2021\/02\/bitcoin-price-Explore-Google-Trends.png 1726w, https:\/\/www.etoro.com\/wp-content\/uploads\/2021\/02\/bitcoin-price-Explore-Google-Trends-300x79.png 300w, https:\/\/www.etoro.com\/wp-content\/uploads\/2021\/02\/bitcoin-price-Explore-Google-Trends-1024x270.png 1024w, https:\/\/www.etoro.com\/wp-content\/uploads\/2021\/02\/bitcoin-price-Explore-Google-Trends-768x202.png 768w, https:\/\/www.etoro.com\/wp-content\/uploads\/2021\/02\/bitcoin-price-Explore-Google-Trends-1536x405.png 1536w\" sizes=\"(max-width: 1402px) 100vw, 1402px\" \/><\/p>\n<p><i>Kilde: <\/i><a href=\"https:\/\/trends.google.com\/trends\/explore?date=2017-01-01%202021-02-23&amp;geo=DK&amp;q=bitcoin\" target=\"_blank\" rel=\"noopener\"><i>Google Trends<\/i><\/a><i>\u00a0<\/i><\/p>\n<p>Andre m\u00e5linger p\u00e5 de sociale medier peger ogs\u00e5 p\u00e5 en stigning i bitcoin-interessen, men tallene er ikke s\u00e5 h\u00f8je, som de var i 2017. If\u00f8lge data fra BitInfoCharts er antallet af gange, &#8220;bitcoin&#8221; er n\u00e6vnt p\u00e5 Twitter steget i begyndelsen af januar.\u00a0Dog har den\u00a0stadigv\u00e6k ikke n\u00e5et samme niveau, som i december 2017.<\/p>\n<p><img loading=\"lazy\" decoding=\"async\" class=\"aligncenter wp-image-194525\" src=\"https:\/\/www.etoro.com\/wp-content\/uploads\/2021\/02\/Bitcoin-Tweets-Chart.png\" alt=\"Grafen viser antallet af tweets, der n\u00e6vner bitcoin.\" width=\"1400\" height=\"396\" srcset=\"https:\/\/www.etoro.com\/wp-content\/uploads\/2021\/02\/Bitcoin-Tweets-Chart.png 1899w, https:\/\/www.etoro.com\/wp-content\/uploads\/2021\/02\/Bitcoin-Tweets-Chart-300x85.png 300w, https:\/\/www.etoro.com\/wp-content\/uploads\/2021\/02\/Bitcoin-Tweets-Chart-1024x290.png 1024w, https:\/\/www.etoro.com\/wp-content\/uploads\/2021\/02\/Bitcoin-Tweets-Chart-768x217.png 768w, https:\/\/www.etoro.com\/wp-content\/uploads\/2021\/02\/Bitcoin-Tweets-Chart-1536x434.png 1536w\" sizes=\"(max-width: 1400px) 100vw, 1400px\" \/><\/p>\n<p><i>Kilde: Bitinfocharts, antal tweets, hvor &#8220;bitcoin&#8221; bliver n\u00e6vnt fra januar 2017 til januar 2021.\u00a0<\/i><\/p>\n<p>Private investorer er begyndt at se p\u00e5 bitcoin igen; Men hvad er s\u00e5 forskellene mellem i dag og i 2017? For det f\u00f8rste er det vigtigt at bem\u00e6rke, at bitcoin nu er en 12 \u00e5r gammel valuta, og det gennemsnitlige bel\u00f8b, der investeres i valutaen, er blevet st\u00f8rre.<\/p>\n<p>Nedenst\u00e5ende graf viser forskellen i den gennemsnitlige k\u00f8bspris for kryptoaktiver for en eToro-konto mellem 2017 og 2020.<\/p>\n<h3><b>Bel\u00f8b investeret i kryptohandler<\/b><\/h3>\n<p><img loading=\"lazy\" decoding=\"async\" class=\"aligncenter wp-image-217379\" src=\"https:\/\/www.etoro.com\/wp-content\/uploads\/2021\/05\/indexed-etoro-weekly.png\" alt=\"Bel\u00f8b investeret i kryptoaktiver via eToro mellem 1\/1\/2017 og 3\/1\/2021\" width=\"900\" height=\"582\" srcset=\"https:\/\/www.etoro.com\/wp-content\/uploads\/2021\/05\/indexed-etoro-weekly.png 631w, https:\/\/www.etoro.com\/wp-content\/uploads\/2021\/05\/indexed-etoro-weekly-300x194.png 300w\" sizes=\"(max-width: 900px) 100vw, 900px\" \/><\/p>\n<p><i>Kilde: Propriet\u00e6r eToro-forskning. Data fra 1\/1\/2017 til 3\/1\/2021.<\/i><\/p>\n<p>Her ses det, at n\u00e5r man sammenligner det gennemsnitlige bel\u00f8b, der investeres i kryptoaktiver fra peaket af markedet i 2017 versus 2020\/2021, er bel\u00f8bet i sidstn\u00e6vnte periode h\u00f8jere.<\/p>\n<h2><b>Store investorer og PayPal-facilitering styrker valutaens legitimitet<\/b><\/h2>\n<p>St\u00f8rstedelen af de personer, der investerede i bitcoin i 2017, var private investorer. Kigger vi derimod p\u00e5 markedet i 2020, er der sket en stigning i store k\u00f8b foretaget af k\u00f8bere, der har direkte indflydelse p\u00e5 markedet, eller af st\u00f8rre investorers. Data fra Chainalyses viser, at en stigning i handler, der er i st\u00f8rrelsesordenen over 1.000 bitcoin, har drevet eftersp\u00f8rgslen opad i l\u00f8bet af de sidste par m\u00e5neder af 2020.<\/p>\n<p>De nye store k\u00f8bere omfatter institutioner, st\u00f8rre investorer og hedgefonde, herunder navne som MicroStrategy, MassMutual, Paul Tudor Jones og Square, som alle investerer st\u00f8rre bel\u00f8b i kryptovalutaen.<\/p>\n<p><a href=\"https:\/\/finans.dk\/erhverv\/ECE12668065\/storbank-bitcoin-kan-blive-alternativ-til-guld-men\/?ctxref=ext\" target=\"_blank\" rel=\"noopener\">En nylig forskningsrapport fra JPMorgan<\/a> fastslog, at &#8220;der ikke er nogen tvivl om, at den institutionelle overgang til bitcoin er det, der adskiller 2020 og 2017&#8221;.<\/p>\n<p>Det er ikke kun flere Wall Street-navne, der k\u00f8ber bitcoin, men meddelelsen om, at PayPal vil facilitere kryptok\u00f8b giver yderligere investorer mulighed for at k\u00f8be og s\u00e6lge kryptoaktiver. PayPal n\u00e6vnte &#8220;regeringernes og forbrugernes \u00f8gede interesse for digitale valutaer\u201d, da de gav deres kunder mulighed for at foretage disse transaktioner. Giganten, inden for onlinebetalinger, fastslog ogs\u00e5, at virksomheden \u00f8nsker at \u00f8ge \u201ckryptovalutaens rolle betydeligt ved at g\u00f8re den tilg\u00e6ngelig som en finansieringskilde ved k\u00f8b hos Paypals 26 millioner forhandlere verden over&#8221;.<\/p>\n<p>Et andet skridt i bitcoin-vedtagelsen i verden er Visas planer om at tilbyde bitcoin-relaterede kredit- eller debetkort.<\/p>\n<p><img loading=\"lazy\" decoding=\"async\" class=\"aligncenter wp-image-194502 size-full\" src=\"https:\/\/www.etoro.com\/wp-content\/uploads\/2021\/02\/Square-and-PayPal-emerge-as-whales-in-the-crypto-market.png\" alt=\"Grafen viser implicitte bitcoin-k\u00f8b med PayPal.\" width=\"946\" height=\"683\" srcset=\"https:\/\/www.etoro.com\/wp-content\/uploads\/2021\/02\/Square-and-PayPal-emerge-as-whales-in-the-crypto-market.png 946w, https:\/\/www.etoro.com\/wp-content\/uploads\/2021\/02\/Square-and-PayPal-emerge-as-whales-in-the-crypto-market-300x217.png 300w, https:\/\/www.etoro.com\/wp-content\/uploads\/2021\/02\/Square-and-PayPal-emerge-as-whales-in-the-crypto-market-768x554.png 768w\" sizes=\"(max-width: 946px) 100vw, 946px\" \/><\/p>\n<p><i>Kilde: CoinGecko<\/i><\/p>\n<p>S\u00e5 hvad er det, der tiltr\u00e6kker institutionelle investorer hos den digitale valuta p\u00e5 nuv\u00e6rende tidspunkt? Det hj\u00e6lper at tage et kig p\u00e5 kontrasten i den \u00f8konomiske baggrund mellem 2017 og nu.<\/p>\n<h2><b>Et sundt BNP i 2017 st\u00e5r i kontrast til et uroligt 2020<\/b><\/h2>\n<p>I 2017 havde den globale \u00f8konomi en sund v\u00e6kst. Faktisk steg den globale BNP for 2017 med 3,14 %. Dette er en stigning fra 2,51% i 2016 \u2014 en stor forskel sammenlignet med 2020, hvor v\u00e6ksten i hele verden gik i st\u00e5. Coronavirus lukkede \u00f8konomien helt, og hidtil usete pengepolitiske stimuli har fundet sted verden over. If\u00f8lge Verdensbanken er omkostningerne ved disse nedlukninger af landene indtruffet som et h\u00e5rd slag mod den \u00f8konomiske ekspansion, da den endelige BNP-v\u00e6kstrate i 2020 forventes at v\u00e6re -4,3 %. Ogs\u00e5 i Danmark har vi oplevet hidtil usete fald i b\u00e5de vores bruttonationalprodukt og besk\u00e6ftigelse.<\/p>\n<p>I 2017 h\u00e6vede den amerikanske centralbank m\u00e6ngden af de f\u00f8derale midler tre gange, hvilket afspejles i den forbedrede \u00f8konomi og det forbedrede arbejdsmarked. Som et anderledes tiltag hertil s\u00e6nkede centralbanker p\u00e5 verdensplan (som et fors\u00f8g p\u00e5 at stimulere v\u00e6ksten) renten til nul i 2020. Det bel\u00f8b, der blev tilf\u00f8rt den globale \u00f8konomi i 2020, var forbl\u00f8ffende. <a href=\"https:\/\/finans.dk\/okonomi\/ECE12028235\/amerikansk-hjaelpepakke-faar-en-vaerdi-paa-mere-end-to-billioner-dollars\/?ctxref=ext\" target=\"_blank\" rel=\"noopener\">Trillioner af dollars i stimulus blev udstedt i<\/a> USA alene, og FBI forts\u00e6tter med at k\u00f8be obligationer i st\u00f8rrelsesordenen 120 milliarder dollars hver m\u00e5ned. Over hele verden udsteder andre centralbanker lignende lettelser, og g\u00e6lden har oversteget niveauer, der ikke er set siden Anden Verdenskrig.<\/p>\n<p>Alt dette har haft en skadelig effekt p\u00e5 den amerikanske dollar, som faldt med 6,3 % i 2020, og yderligere fald forventes i 2021. Det nuv\u00e6rende milj\u00f8 er pr\u00e6get af stagnerende v\u00e6kst, renter t\u00e6t p\u00e5 nul og stigende g\u00e6ld. S\u00e5 hvordan passer bitcoin ind i denne dynamik? Med sit begr\u00e6nsede udbud skabes der en begr\u00e6nset v\u00e6rdi.<\/p>\n<h2><b>Bitcoins fremtid afh\u00e6nger af balancen mellem udbud og eftersp\u00f8rgsel<\/b><\/h2>\n<p>Bitcoins knaphed og attraktivitet som inflationsrisikoafd\u00e6kning er det, der driver valutaens v\u00e6rdi. Den digitale valuta har et fast loft, hvilket betyder, at kun 21 millioner enheder kan eksistere p\u00e5 samme tid. I den oprindelige \u201cBitcoin: A Peer to Peer Electronic Cash System&#8221;, introducerede Satoshi Nakomoto halveringskonceptet. Cirka hvert fjerde \u00e5r vil mining-incitamentet blive reduceret med 50 %.<\/p>\n<p>N\u00e5r bel\u00f8nningen til mining-eksperterne er reduceret, s\u00e6nkes hastigheden af det nye udbud af bitcoin med halvdelen \u2013 hvilket bidrager til at l\u00e6gge et loft p\u00e5 inflationen. Hvis eftersp\u00f8rgslen p\u00e5 bitcoin stiger hurtigere end udbuddet, vil det l\u00e6gge et opadg\u00e5ende pres p\u00e5 priserne.<\/p>\n<p>I betragtning af Bitcoins \u00f8gede eftersp\u00f8rgsel og knaphed, samt v\u00e6rdien som en forebyggende faktor mod inflation og raffinerede kundegrundlag, er det vores opfattelse, at Bitcoins pris stadig har plads til at vokse yderligere. Der har v\u00e6ret mange forudsigelser om den fremtidige pris p\u00e5 bitcoin, og mange mener, at valutaen vil stige til over $100.000 inden udgangen af 2021. N\u00e5r vi t\u00e6nker p\u00e5, hvorvidt vi er t\u00e6ttere p\u00e5 prisen i august eller december i 2017, er det vores opfattelse, at vi er n\u00e6rmer os\u00a0august, og at der igen er plads til mere v\u00e6kst.<\/p>\n<p>Bitcoin-priserne k\u00f8res ofte op efter halveringer, hvor prisen er steget kraftigt i de 12 til 18 m\u00e5neder efter b\u00e5de f\u00f8rste og anden halvering. Da den tredje fandt sted i maj 2020, mener vi, at det n\u00e6ste h\u00f8jdepunkt kunne v\u00e6re omkring august 2021 med en pris p\u00e5 omkring 85.000 dollars. Selvf\u00f8lgelig skal det bem\u00e6rkes, at det at forst\u00e5 <a href=\"https:\/\/www.etoro.com\/da-dk\/news-and-analysis\/market-insights\/the-4-most-commonly-asked-questions-about-cryptocurrencies\/\" target=\"_blank\" rel=\"noopener\">hvordan man k\u00f8ber bitcoin<\/a> er sv\u00e6rt og at investere i kryptovaluta er en risikabel aktivitet, da markeder med kryptoaktiver er meget volatile og ofte lider af lav likviditet.<\/p>\n<p>Hvis du vil vide mere om bitcoin, og om hvordan du navigerer p\u00e5 kryptomarkedet, skal <a href=\"https:\/\/www.etoro.com\/da-dk\/accounts\/sign-up\" target=\"_blank\" rel=\"noopener\">du oprette en eToro-konto i<\/a> dag.<\/p>\n<hr \/>\n<p>Disse oplysninger er udelukkende til l\u00e6ringsm\u00e6ssige form\u00e5l og b\u00f8r ikke opfattes som investeringsr\u00e5dgivning, personlige anbefalinger,\u00a0tilbud om eller opfordring til at k\u00f8be eller s\u00e6lge finansielle instrumenter.<\/p>\n<p>Dette materiale er udarbejdet\u00a0uden\u00a0s\u00e6rlige hensynstagen til investeringsm\u00e5l eller finansielle forhold,\u00a0og det er ikke udarbejdet i overensstemmelse med de juridiske og lovgivningsm\u00e6ssige krav om at fremme uafh\u00e6ngig forskning. Henvisninger til tidligere resultater af et finansielt instrument, indeks eller\u00a0kombineret investeringsprodukt er ikke, og b\u00f8r ikke\u00a0betragtes\u00a0som en p\u00e5lidelig indikator for fremtidige resultater.<\/p>\n<p>eToro\u00a0repr\u00e6senterer ingen\u00a0og p\u00e5tager sig intet ansvar for n\u00f8jagtigheden eller fyldestg\u00f8relsen af \u200b\u200bindholdet i denne vejledning. S\u00f8rg for, at du forst\u00e5r de risici, der er forbundet med handler, f\u00f8r du investerer kapital. Invest\u00e9r\u00a0aldrig mere, end du er villig til at miste.<\/p>\n","protected":false},"excerpt":{"rendered":"<p>&nbsp; I betragtning af den seneste stigning, b\u00e5de i prisen og medied\u00e6kningen af kryptovalutaen bitcoin, spekulerer mange investorer p\u00e5, om den digitale valuta har n\u00e5et sit loft, eller om der er\u00a0plads til, at den kan stige yderligere. N\u00e5r vi kigger tilbage p\u00e5 den sidste store stigning for Bitcoin i 2017, er vi s\u00e5 t\u00e6ttere p\u00e5&hellip;<\/p>\n","protected":false},"author":33,"featured_media":0,"parent":128992,"menu_order":359,"comment_status":"closed","ping_status":"closed","template":"","meta":{"_acf_changed":false,"inline_featured_image":false,"sticky_cta_settings":"","footnotes":""},"asset_type":[],"class_list":["post-218520","page","type-page","status-publish","hentry"],"acf":[],"yoast_head":"<title>Bitcoin i 2021: Kan tendenser forudsige, hvad vi kan forvente?<\/title>\n<meta name=\"description\" content=\"Kan de drastiske \u00e6ndringer i v\u00e6rdien p\u00e5 Bitcoin fra 2017 til nu forberede os p\u00e5, hvad vi kan forvente i 2021? Vi unders\u00f8ger det her.\" \/>\n<meta name=\"robots\" content=\"index, follow, max-snippet:-1, max-image-preview:large, max-video-preview:-1\" \/>\n<link rel=\"canonical\" href=\"https:\/\/www.etoro.com\/da-dk\/wp-json\/wp\/v2\/pages\/218520\" \/>\n<meta property=\"og:locale\" content=\"da_DK\" \/>\n<meta property=\"og:type\" content=\"article\" \/>\n<meta property=\"og:title\" content=\"Bitcoin i 2021: Kan tendenser forudsige, hvad vi kan forvente?\" \/>\n<meta property=\"og:description\" content=\"Kan de drastiske \u00e6ndringer i v\u00e6rdien p\u00e5 Bitcoin fra 2017 til nu forberede os p\u00e5, hvad vi kan forvente i 2021? Vi unders\u00f8ger det her.\" \/>\n<meta property=\"og:url\" content=\"https:\/\/www.etoro.com\/da-dk\/wp-json\/wp\/v2\/pages\/218520\" \/>\n<meta property=\"og:site_name\" content=\"eToro\" \/>\n<meta property=\"article:publisher\" content=\"https:\/\/www.facebook.com\/eToro\/\" \/>\n<meta property=\"article:modified_time\" content=\"2024-08-20T07:32:30+00:00\" \/>\n<meta property=\"og:image\" content=\"https:\/\/www.etoro.com\/wp-content\/uploads\/2021\/05\/indexed-etoro-weekly-KPIs-Google-Sheets.png\" \/>\n<meta name=\"twitter:card\" content=\"summary_large_image\" \/>\n<meta name=\"twitter:site\" content=\"@eToro\" \/>\n<meta name=\"twitter:label1\" content=\"Est. reading time\" \/>\n\t<meta name=\"twitter:data1\" content=\"8 minutes\" \/>\n<script type=\"application\/ld+json\" class=\"yoast-schema-graph\">{\"@context\":\"https:\/\/schema.org\",\"@graph\":[{\"@type\":\"WebPage\",\"@id\":\"https:\/\/www.etoro.com\/da-dk\/crypto\/bitcoin-then-and-now\/\",\"url\":\"https:\/\/www.etoro.com\/da-dk\/crypto\/bitcoin-then-and-now\/\",\"name\":\"Bitcoin i 2021: Kan tendenser forudsige, hvad vi kan forvente?\",\"isPartOf\":{\"@id\":\"https:\/\/www.etoro.com\/da-dk\/#website\"},\"primaryImageOfPage\":{\"@id\":\"https:\/\/www.etoro.com\/da-dk\/crypto\/bitcoin-then-and-now\/#primaryimage\"},\"image\":{\"@id\":\"https:\/\/www.etoro.com\/da-dk\/crypto\/bitcoin-then-and-now\/#primaryimage\"},\"thumbnailUrl\":\"https:\/\/www.etoro.com\/wp-content\/uploads\/2021\/05\/indexed-etoro-weekly-KPIs-Google-Sheets.png\",\"datePublished\":\"2021-02-25T13:14:40+00:00\",\"dateModified\":\"2024-08-20T07:32:30+00:00\",\"description\":\"Kan de drastiske \u00e6ndringer i v\u00e6rdien p\u00e5 Bitcoin fra 2017 til nu forberede os p\u00e5, hvad vi kan forvente i 2021? Vi unders\u00f8ger det her.\",\"breadcrumb\":{\"@id\":\"https:\/\/www.etoro.com\/da-dk\/crypto\/bitcoin-then-and-now\/#breadcrumb\"},\"inLanguage\":\"da\",\"potentialAction\":[{\"@type\":\"ReadAction\",\"target\":[\"https:\/\/www.etoro.com\/da-dk\/crypto\/bitcoin-then-and-now\/\"]}]},{\"@type\":\"ImageObject\",\"inLanguage\":\"da\",\"@id\":\"https:\/\/www.etoro.com\/da-dk\/crypto\/bitcoin-then-and-now\/#primaryimage\",\"url\":\"https:\/\/www.etoro.com\/wp-content\/uploads\/2021\/05\/indexed-etoro-weekly-KPIs-Google-Sheets.png\",\"contentUrl\":\"https:\/\/www.etoro.com\/wp-content\/uploads\/2021\/05\/indexed-etoro-weekly-KPIs-Google-Sheets.png\"},{\"@type\":\"BreadcrumbList\",\"@id\":\"https:\/\/www.etoro.com\/da-dk\/crypto\/bitcoin-then-and-now\/#breadcrumb\",\"itemListElement\":[{\"@type\":\"ListItem\",\"position\":1,\"name\":\"HJEM\",\"item\":\"https:\/\/www.etoro.com\/da-dk\/\"},{\"@type\":\"ListItem\",\"position\":2,\"name\":\"One-stop crypto\",\"item\":\"https:\/\/www.etoro.com\/da-dk\/crypto\/\"},{\"@type\":\"ListItem\",\"position\":3,\"name\":\"Bitcoin dengang og nu: Kan de stigende priskurser i 2017 og 2020 forberede os p\u00e5 2021?\"}]},{\"@type\":\"WebSite\",\"@id\":\"https:\/\/www.etoro.com\/da-dk\/#website\",\"url\":\"https:\/\/www.etoro.com\/da-dk\/\",\"name\":\"eToro\",\"description\":\"\",\"publisher\":{\"@id\":\"https:\/\/www.etoro.com\/da-dk\/#organization\"},\"potentialAction\":[{\"@type\":\"SearchAction\",\"target\":{\"@type\":\"EntryPoint\",\"urlTemplate\":\"https:\/\/www.etoro.com\/da-dk\/?s={search_term_string}\"},\"query-input\":{\"@type\":\"PropertyValueSpecification\",\"valueRequired\":true,\"valueName\":\"search_term_string\"}}],\"inLanguage\":\"da\"},[]]}<\/script>","yoast_head_json":{"title":"Bitcoin i 2021: Kan tendenser forudsige, hvad vi kan forvente?","description":"Kan de drastiske \u00e6ndringer i v\u00e6rdien p\u00e5 Bitcoin fra 2017 til nu forberede os p\u00e5, hvad vi kan forvente i 2021? Vi unders\u00f8ger det her.","robots":{"index":"index","follow":"follow","max-snippet":"max-snippet:-1","max-image-preview":"max-image-preview:large","max-video-preview":"max-video-preview:-1"},"canonical":"https:\/\/www.etoro.com\/da-dk\/wp-json\/wp\/v2\/pages\/218520","og_locale":"da_DK","og_type":"article","og_title":"Bitcoin i 2021: Kan tendenser forudsige, hvad vi kan forvente?","og_description":"Kan de drastiske \u00e6ndringer i v\u00e6rdien p\u00e5 Bitcoin fra 2017 til nu forberede os p\u00e5, hvad vi kan forvente i 2021? Vi unders\u00f8ger det her.","og_url":"https:\/\/www.etoro.com\/da-dk\/wp-json\/wp\/v2\/pages\/218520","og_site_name":"eToro","article_publisher":"https:\/\/www.facebook.com\/eToro\/","article_modified_time":"2024-08-20T07:32:30+00:00","og_image":[{"url":"https:\/\/www.etoro.com\/wp-content\/uploads\/2021\/05\/indexed-etoro-weekly-KPIs-Google-Sheets.png","type":"","width":"","height":""}],"twitter_card":"summary_large_image","twitter_site":"@eToro","twitter_misc":{"Est. reading time":"8 minutes"},"schema":{"@context":"https:\/\/schema.org","@graph":[{"@type":"WebPage","@id":"https:\/\/www.etoro.com\/da-dk\/crypto\/bitcoin-then-and-now\/","url":"https:\/\/www.etoro.com\/da-dk\/crypto\/bitcoin-then-and-now\/","name":"Bitcoin i 2021: Kan tendenser forudsige, hvad vi kan forvente?","isPartOf":{"@id":"https:\/\/www.etoro.com\/da-dk\/#website"},"primaryImageOfPage":{"@id":"https:\/\/www.etoro.com\/da-dk\/crypto\/bitcoin-then-and-now\/#primaryimage"},"image":{"@id":"https:\/\/www.etoro.com\/da-dk\/crypto\/bitcoin-then-and-now\/#primaryimage"},"thumbnailUrl":"https:\/\/www.etoro.com\/wp-content\/uploads\/2021\/05\/indexed-etoro-weekly-KPIs-Google-Sheets.png","datePublished":"2021-02-25T13:14:40+00:00","dateModified":"2024-08-20T07:32:30+00:00","description":"Kan de drastiske \u00e6ndringer i v\u00e6rdien p\u00e5 Bitcoin fra 2017 til nu forberede os p\u00e5, hvad vi kan forvente i 2021? Vi unders\u00f8ger det her.","breadcrumb":{"@id":"https:\/\/www.etoro.com\/da-dk\/crypto\/bitcoin-then-and-now\/#breadcrumb"},"inLanguage":"da","potentialAction":[{"@type":"ReadAction","target":["https:\/\/www.etoro.com\/da-dk\/crypto\/bitcoin-then-and-now\/"]}]},{"@type":"ImageObject","inLanguage":"da","@id":"https:\/\/www.etoro.com\/da-dk\/crypto\/bitcoin-then-and-now\/#primaryimage","url":"https:\/\/www.etoro.com\/wp-content\/uploads\/2021\/05\/indexed-etoro-weekly-KPIs-Google-Sheets.png","contentUrl":"https:\/\/www.etoro.com\/wp-content\/uploads\/2021\/05\/indexed-etoro-weekly-KPIs-Google-Sheets.png"},{"@type":"BreadcrumbList","@id":"https:\/\/www.etoro.com\/da-dk\/crypto\/bitcoin-then-and-now\/#breadcrumb","itemListElement":[{"@type":"ListItem","position":1,"name":"HJEM","item":"https:\/\/www.etoro.com\/da-dk\/"},{"@type":"ListItem","position":2,"name":"One-stop crypto","item":"https:\/\/www.etoro.com\/da-dk\/crypto\/"},{"@type":"ListItem","position":3,"name":"Bitcoin dengang og nu: Kan de stigende priskurser i 2017 og 2020 forberede os p\u00e5 2021?"}]},{"@type":"WebSite","@id":"https:\/\/www.etoro.com\/da-dk\/#website","url":"https:\/\/www.etoro.com\/da-dk\/","name":"eToro","description":"","publisher":{"@id":"https:\/\/www.etoro.com\/da-dk\/#organization"},"potentialAction":[{"@type":"SearchAction","target":{"@type":"EntryPoint","urlTemplate":"https:\/\/www.etoro.com\/da-dk\/?s={search_term_string}"},"query-input":{"@type":"PropertyValueSpecification","valueRequired":true,"valueName":"search_term_string"}}],"inLanguage":"da"},[]]}},"_links":{"self":[{"href":"https:\/\/www.etoro.com\/da-dk\/wp-json\/wp\/v2\/pages\/218520"}],"collection":[{"href":"https:\/\/www.etoro.com\/da-dk\/wp-json\/wp\/v2\/pages"}],"about":[{"href":"https:\/\/www.etoro.com\/da-dk\/wp-json\/wp\/v2\/types\/page"}],"author":[{"embeddable":true,"href":"https:\/\/www.etoro.com\/da-dk\/wp-json\/wp\/v2\/users\/33"}],"replies":[{"embeddable":true,"href":"https:\/\/www.etoro.com\/da-dk\/wp-json\/wp\/v2\/comments?post=218520"}],"version-history":[{"count":0,"href":"https:\/\/www.etoro.com\/da-dk\/wp-json\/wp\/v2\/pages\/218520\/revisions"}],"up":[{"embeddable":true,"href":"https:\/\/www.etoro.com\/da-dk\/wp-json\/wp\/v2\/pages\/128992"}],"wp:attachment":[{"href":"https:\/\/www.etoro.com\/da-dk\/wp-json\/wp\/v2\/media?parent=218520"}],"wp:term":[{"taxonomy":"asset_type","embeddable":true,"href":"https:\/\/www.etoro.com\/da-dk\/wp-json\/wp\/v2\/asset_type?post=218520"}],"curies":[{"name":"wp","href":"https:\/\/api.w.org\/{rel}","templated":true}]}}