{"id":252063,"date":"2021-06-06T15:06:14","date_gmt":"2021-06-06T12:06:14","guid":{"rendered":"https:\/\/www.etoro.com\/customer-service\/accessibility\/"},"modified":"2024-12-19T17:58:47","modified_gmt":"2024-12-19T15:58:47","slug":"accessibility","status":"publish","type":"page","link":"https:\/\/www.etoro.com\/da-dk\/customer-service\/accessibility\/","title":{"rendered":"Vi tager tilg\u00e6ngelighed alvorligt"},"content":{"rendered":"\n<section class=\"wp-block-group wp-block-group-boxed has-white-background-color has-background\"><div class=\"wp-block-group-inner is-layout-flow wp-block-group-is-layout-flow\">\n<div class=\"wp-block-columns are-vertically-aligned-top wp-block-columns-1 is-layout-flex wp-container-core-columns-is-layout-1 wp-block-columns-is-layout-flex\">\n<div class=\"wp-block-column is-layout-flow wp-block-column-is-layout-flow\">\n<p class=\"has-text-align-center\">Hos eToro tilstr\u00e6ber vi at g\u00f8re vores websted og vores applikationer lettere tilg\u00e6ngelige.<\/p>\n\n\n\n<p class=\"has-text-align-center\">Her er nogle tips til, hvordan du kan g\u00f8re det nemmere at bruge vores tjenester alt efter dit behov for tilg\u00e6ngelighed.<\/p>\n<\/div>\n<\/div>\n<\/div><\/section>\n\n\n\n<section class=\"wp-block-group wp-block-group-boxed\"><div class=\"wp-block-group-inner is-layout-flow wp-block-group-is-layout-flow\">\n<div class=\"wp-block-columns are-vertically-aligned-center wp-block-columns-2 is-layout-flex wp-container-core-columns-is-layout-2 wp-block-columns-is-layout-flex\">\n<div class=\"wp-block-column is-layout-flow wp-block-column-is-layout-flow\">\n<h2 class=\"wp-block-heading\"><span>eToro-hjemmesiden<\/span><\/h2>\n\n\n\n<p>Du kan tilpasse indholdet p\u00e5 vores websted, s\u00e5 det er nemmere at l\u00e6se, ved at trykke p\u00e5 tilg\u00e6ngeligheds-widgetten nederst til h\u00f8jre p\u00e5 siden. Der findes mange funktioner, hvormed du kan tilpasse tekst og billeder til dine specifikke behov.<\/p>\n\n\n\n<p>Med widgetten kan du indstille f\u00f8lgende profiler for at hj\u00e6lpe dig med at tilpasse vores websted:<\/p>\n\n\n\n<ul class=\"wp-block-list wp-block-list wp-block-list-circle\">\n<li>Krampeanfaldsikker profil: Eliminerer blink og reducerer farve<\/li>\n\n\n\n<li>Profil for synsh\u00e6mmede: Forbedrer webstedets visuelle egenskaber<\/li>\n\n\n\n<li>Profil for kognitivt h\u00e6mmede: Assisterer med l\u00e6sning og fokusering<\/li>\n\n\n\n<li>ADHD-venlig profil: Giver mere fokus og f\u00e6rre distraktioner<\/li>\n\n\n\n<li>Blinde brugere (sk\u00e6rml\u00e6ser): Giver dig mulighed for at l\u00e6se vores websted med vores sk\u00e6rml\u00e6ser<\/li>\n\n\n\n<li>Tastaturnavigation (motor): Giver adgang til vores websted via tastaturet<\/li>\n<\/ul>\n<\/div>\n\n\n\n<div class=\"wp-block-column is-layout-flow wp-block-column-is-layout-flow\">\n<figure class=\"wp-block-image size-full\"><img loading=\"lazy\" decoding=\"async\" width=\"374\" height=\"419\" src=\"https:\/\/www.etoro.com\/wp-content\/uploads\/2024\/12\/The-eToro-website.png\" alt=\"\" class=\"wp-image-973444 wp-image-desktop\" srcset=\"https:\/\/www.etoro.com\/wp-content\/uploads\/2024\/12\/The-eToro-website.png 374w, https:\/\/www.etoro.com\/wp-content\/uploads\/2024\/12\/The-eToro-website-268x300.png 268w\" sizes=\"(max-width: 374px) 100vw, 374px\" \/><\/figure>\n<\/div>\n<\/div>\n<\/div><\/section>\n\n\n\n<section class=\"wp-block-group wp-block-group-boxed has-white-background-color has-background\"><div class=\"wp-block-group-inner is-layout-flow wp-block-group-is-layout-flow\">\n<div class=\"wp-block-columns are-vertically-aligned-top wp-block-columns-1 is-layout-flex wp-container-core-columns-is-layout-3 wp-block-columns-is-layout-flex\">\n<div class=\"wp-block-column is-layout-flow wp-block-column-is-layout-flow\">\n<h2 class=\"wp-block-heading\"><span>eToro-investeringsplatformen<\/span><\/h2>\n<\/div>\n<\/div>\n\n\n\n<hr class=\"wp-block-separator wp-block-separator-color-dark-grey wp-block-separator-spaces-small wp-block-separator-weight-1\"\/>\n\n\n\n<p>N\u00e5r du har logget ind, kan du bruge indhedens indstillinger til at g\u00f8re oplevelsen mere tilg\u00e6ngelig. Dette varierer afh\u00e6ngig af, om du bruger vores mobil-app eller en webbrowser samt hvilken enhed, du bruger.<\/p>\n<\/div><\/section>\n\n\n\n<section class=\"wp-block-group wp-block-group-boxed has-dark-blue-background-color has-background\"><div class=\"wp-block-group-inner is-layout-flow wp-block-group-is-layout-flow\">\n<div class=\"wp-block-columns are-vertically-aligned-top wp-block-columns-1 is-layout-flex wp-container-core-columns-is-layout-4 wp-block-columns-is-layout-flex\">\n<div class=\"wp-block-column is-layout-flow wp-block-column-is-layout-flow\">\n<h2 class=\"wp-block-heading\"><span>Indstillinger for mobil-app<\/span><\/h2>\n<\/div>\n<\/div>\n\n\n\n<hr class=\"wp-block-separator wp-block-separator-color-dark-grey wp-block-separator-spaces-small wp-block-separator-weight-1\"\/>\n\n\n\n<p>eToro tilbyder et par funktioner, der kan forbedre din oplevelse, n\u00e5r du bruger appen:<\/p>\n\n\n\n<ul class=\"wp-block-list wp-block-list wp-block-list-circle\">\n<li>Ansigts-ID for sikker og nem login<\/li>\n\n\n\n<li>Investering med \u00e9t klik for enklere ordreudf\u00f8relse<\/li>\n\n\n\n<li>Valg af din standardsk\u00e6rm efter login nor nemmere adgang<\/li>\n<\/ul>\n\n\n\n<p>De kan alle findes p\u00e5 sk\u00e6rmen&nbsp;<a href=\"https:\/\/www.etoro.com\/settings\/\">indstillinger<\/a>&nbsp;i eToro-appen.<\/p>\n<\/div><\/section>\n\n\n\n<section class=\"wp-block-group wp-block-group-boxed\"><div class=\"wp-block-group-inner is-layout-flow wp-block-group-is-layout-flow\">\n<div class=\"wp-block-columns are-vertically-aligned-top wp-block-columns-1 is-layout-flex wp-container-core-columns-is-layout-5 wp-block-columns-is-layout-flex\">\n<div class=\"wp-block-column is-layout-flow wp-block-column-is-layout-flow\">\n<h2 class=\"wp-block-heading\"><span>iOS<\/span><\/h2>\n<\/div>\n<\/div>\n\n\n\n<hr class=\"wp-block-separator wp-block-separator-color-dark-grey wp-block-separator-spaces-small wp-block-separator-weight-1\"\/>\n\n\n\n<p>Apple tilbyder mange tilg\u00e6ngelighedsfunktioner til brugere af deres iOS-mobiloperativsystem, herunder:<\/p>\n\n\n\n<ul class=\"wp-block-list wp-block-list wp-block-list-circle\">\n<li>Tekst til tale (stemmestyring): L\u00e6r hvordan\u00a0<a href=\"https:\/\/support.apple.com\/en-us\/HT210417\" target=\"_blank\" rel=\"noreferrer noopener\">her<\/a>\u00a0og\u00a0<a href=\"https:\/\/support.apple.com\/guide\/iphone\/turn-on-and-practice-voiceover-iph3e2e415f\/ios\" target=\"_blank\" rel=\"noreferrer noopener\">her<\/a><\/li>\n\n\n\n<li>Tilg\u00e6ngelighedstastaturer: F\u00e5 mere at vide\u00a0<a href=\"https:\/\/www.apple.com\/accessibility\/mobility\/\" target=\"_blank\" rel=\"noreferrer noopener\">her<\/a><\/li>\n\n\n\n<li>Sk\u00e6rmindstillinger: F\u00e5 mere at vide\u00a0<a href=\"https:\/\/www.apple.com\/accessibility\/vision\/\" target=\"_blank\" rel=\"noreferrer noopener\">her<\/a>\u00a0og\u00a0<a href=\"https:\/\/support.apple.com\/guide\/iphone\/display-text-size-iph3e2e1fb0\/ios\" target=\"_blank\" rel=\"noreferrer noopener\">her<\/a><\/li>\n<\/ul>\n\n\n\n<p>Disse kan generelt konfigureres via tilg\u00e6ngelighedssektionen i din telefons app&nbsp;<strong>indstillinger<\/strong>. F\u00e5 mere generelt at vide&nbsp;<a href=\"https:\/\/www.apple.com\/accessibility\/mobility\/\" target=\"_blank\" rel=\"noreferrer noopener\">her<\/a>.y be set up via the accessibility section of the\u00a0<strong>settings<\/strong>\u00a0app on your phone. Learn more generally\u00a0<a href=\"https:\/\/www.apple.com\/accessibility\/mobility\/\" target=\"_blank\" rel=\"noreferrer noopener\">here<\/a>.<\/p>\n<\/div><\/section>\n\n\n\n<section class=\"wp-block-group wp-block-group-boxed has-white-background-color has-background\"><div class=\"wp-block-group-inner is-layout-flow wp-block-group-is-layout-flow\">\n<div class=\"wp-block-columns are-vertically-aligned-top wp-block-columns-1 is-layout-flex wp-container-core-columns-is-layout-6 wp-block-columns-is-layout-flex\">\n<div class=\"wp-block-column is-layout-flow wp-block-column-is-layout-flow\">\n<h2 class=\"wp-block-heading\"><span>Android<\/span><\/h2>\n<\/div>\n<\/div>\n\n\n\n<hr class=\"wp-block-separator wp-block-separator-color-dark-grey wp-block-separator-spaces-small wp-block-separator-weight-1\"\/>\n\n\n\n<p>Android tilbyder mange tilg\u00e6ngelighedsfunktioner til brugere af deres Android-mobiloperativsystem. Disse omfatter:<\/p>\n\n\n\n<ul class=\"wp-block-list wp-block-list wp-block-list-circle\">\n<li>Tekst til tale<\/li>\n\n\n\n<li>Sk\u00e6rmindstillinger<\/li>\n\n\n\n<li>Interaktionstyring (f.eks. stemmekommandoer)<\/li>\n\n\n\n<li>Tilslutning af h\u00f8reapparat<\/li>\n<\/ul>\n\n\n\n<p>Disse kan generelt konfigureres via tilg\u00e6ngelighedssektionen i din telefons app&nbsp;<strong>indstillinger<\/strong>. F\u00e5 mere at vide&nbsp;<a href=\"https:\/\/support.google.com\/accessibility\/android#topic=6007234\" target=\"_blank\" rel=\"noreferrer noopener\">her<\/a>.<\/p>\n<\/div><\/section>\n\n\n\n<section class=\"wp-block-group wp-block-group-boxed\"><div class=\"wp-block-group-inner is-layout-flow wp-block-group-is-layout-flow\">\n<div class=\"wp-block-columns are-vertically-aligned-top wp-block-columns-1 is-layout-flex wp-container-core-columns-is-layout-7 wp-block-columns-is-layout-flex\">\n<div class=\"wp-block-column is-layout-flow wp-block-column-is-layout-flow\">\n<h2 class=\"wp-block-heading\"><span>Safari \u2013 MacOS<\/span><\/h2>\n<\/div>\n<\/div>\n\n\n\n<hr class=\"wp-block-separator wp-block-separator-color-dark-grey wp-block-separator-spaces-small wp-block-separator-weight-1\"\/>\n\n\n\n<p>Der findes adskillige tilg\u00e6ngelighedsindstillinger, hvis du bruger en Apple-computer. F\u00e5 mere at vide\u00a0<a href=\"https:\/\/support.apple.com\/accessibility\/mac'\" target=\"_blank\" rel=\"noreferrer noopener\">her<\/a>.<\/p>\n<\/div><\/section>\n\n\n\n<section class=\"wp-block-group wp-block-group-boxed has-white-background-color has-background\"><div class=\"wp-block-group-inner is-layout-flow wp-block-group-is-layout-flow\">\n<div class=\"wp-block-columns are-vertically-aligned-top wp-block-columns-1 is-layout-flex wp-container-core-columns-is-layout-8 wp-block-columns-is-layout-flex\">\n<div class=\"wp-block-column is-layout-flow wp-block-column-is-layout-flow\">\n<h2 class=\"wp-block-heading\"><span>Udvidelser til Chrome-webbrowser<\/span><\/h2>\n<\/div>\n<\/div>\n\n\n\n<hr class=\"wp-block-separator wp-block-separator-color-dark-grey wp-block-separator-spaces-small wp-block-separator-weight-1\"\/>\n\n\n\n<p>Du kan f\u00f8je udvidelser til din Chrome-browser, der indeholder mange nyttige tilg\u00e6ngelighedsfunktioner. Du kan gennemse dem\u00a0<a href=\"https:\/\/chrome.google.com\/webstore\/category\/ext\/22-accessibility\" target=\"_blank\" rel=\"noreferrer noopener\">her<\/a>.<\/p>\n<\/div><\/section>\n\n\n\n<section class=\"wp-block-group wp-block-group-boxed\"><div class=\"wp-block-group-inner is-layout-flow wp-block-group-is-layout-flow\">\n<div class=\"wp-block-columns are-vertically-aligned-top wp-block-columns-1 is-layout-flex wp-container-core-columns-is-layout-9 wp-block-columns-is-layout-flex\">\n<div class=\"wp-block-column is-layout-flow wp-block-column-is-layout-flow\">\n<h2 class=\"wp-block-heading\"><span>Yderligere hj\u00e6lp<\/span><\/h2>\n<\/div>\n<\/div>\n\n\n\n<hr class=\"wp-block-separator wp-block-separator-color-dark-grey wp-block-separator-spaces-small wp-block-separator-weight-1\"\/>\n\n\n\n<p>Du er velkommen til at kontakte vores\u00a0<a href=\"https:\/\/www.etoro.com\/customer-service\/\">supportteam<\/a>, hvis du har sp\u00f8rgsm\u00e5l.<\/p>\n<\/div><\/section>\n\n\n\n<p><\/p>\n","protected":false},"excerpt":{"rendered":"<p>Hos eToro tilstr\u00e6ber vi at g\u00f8re vores websted og vores applikationer lettere tilg\u00e6ngelige. Her er nogle tips til, hvordan du kan g\u00f8re det nemmere at bruge vores tjenester alt efter dit behov for tilg\u00e6ngelighed. eToro-hjemmesiden Du kan tilpasse indholdet p\u00e5 vores websted, s\u00e5 det er nemmere at l\u00e6se, ved at trykke p\u00e5 tilg\u00e6ngeligheds-widgetten nederst til&hellip;<\/p>\n","protected":false},"author":75,"featured_media":792713,"parent":30094,"menu_order":155,"comment_status":"closed","ping_status":"closed","template":"","meta":{"_acf_changed":true,"inline_featured_image":false,"sticky_cta_settings":"","footnotes":""},"asset_type":[],"class_list":["post-252063","page","type-page","status-publish","has-post-thumbnail","hentry"],"acf":[],"yoast_head":"<title>Tilg\u00e6ngelighedsfunktioner for eToros websted og investeringsapp<\/title>\n<meta name=\"description\" content=\"Alle b\u00f8r have mulighed for at investere p\u00e5 de globale markeder. Her kan du f\u00e5 tips til at g\u00f8re eToro tilg\u00e6ngelig.\" \/>\n<meta name=\"robots\" content=\"index, follow, max-snippet:-1, max-image-preview:large, max-video-preview:-1\" \/>\n<link rel=\"canonical\" href=\"https:\/\/www.etoro.com\/da-dk\/wp-json\/wp\/v2\/pages\/252063\" \/>\n<meta property=\"og:locale\" content=\"da_DK\" \/>\n<meta property=\"og:type\" content=\"article\" \/>\n<meta property=\"og:title\" content=\"Tilg\u00e6ngelighedsfunktioner for eToros websted og investeringsapp\" \/>\n<meta property=\"og:description\" content=\"Alle b\u00f8r have mulighed for at investere p\u00e5 de globale markeder. Her kan du f\u00e5 tips til at g\u00f8re eToro tilg\u00e6ngelig.\" \/>\n<meta property=\"og:url\" content=\"https:\/\/www.etoro.com\/da-dk\/wp-json\/wp\/v2\/pages\/252063\" \/>\n<meta property=\"og:site_name\" content=\"eToro\" \/>\n<meta property=\"article:publisher\" content=\"https:\/\/www.facebook.com\/eToro\/\" \/>\n<meta property=\"article:modified_time\" content=\"2024-12-19T15:58:47+00:00\" \/>\n<meta property=\"og:image\" content=\"https:\/\/www.etoro.com\/wp-content\/uploads\/2023\/12\/Accessibility_Featured-image-1200x630_Danish-da-dk.png\" \/>\n\t<meta property=\"og:image:width\" content=\"1200\" \/>\n\t<meta property=\"og:image:height\" content=\"630\" \/>\n\t<meta property=\"og:image:type\" content=\"image\/png\" \/>\n<meta name=\"twitter:card\" content=\"summary_large_image\" \/>\n<meta name=\"twitter:site\" content=\"@eToro\" \/>\n<meta name=\"twitter:label1\" content=\"Est. reading time\" \/>\n\t<meta name=\"twitter:data1\" content=\"2 minutes\" \/>\n<script type=\"application\/ld+json\" class=\"yoast-schema-graph\">{\"@context\":\"https:\/\/schema.org\",\"@graph\":[{\"@type\":\"WebPage\",\"@id\":\"https:\/\/www.etoro.com\/da-dk\/customer-service\/accessibility\/\",\"url\":\"https:\/\/www.etoro.com\/da-dk\/customer-service\/accessibility\/\",\"name\":\"Tilg\u00e6ngelighedsfunktioner for eToros websted og investeringsapp\",\"isPartOf\":{\"@id\":\"https:\/\/www.etoro.com\/da-dk\/#website\"},\"primaryImageOfPage\":{\"@id\":\"https:\/\/www.etoro.com\/da-dk\/customer-service\/accessibility\/#primaryimage\"},\"image\":{\"@id\":\"https:\/\/www.etoro.com\/da-dk\/customer-service\/accessibility\/#primaryimage\"},\"thumbnailUrl\":\"https:\/\/www.etoro.com\/wp-content\/uploads\/2023\/12\/Accessibility_Featured-image-1200x630_Danish-da-dk.png\",\"datePublished\":\"2021-06-06T12:06:14+00:00\",\"dateModified\":\"2024-12-19T15:58:47+00:00\",\"description\":\"Alle b\u00f8r have mulighed for at investere p\u00e5 de globale markeder. Her kan du f\u00e5 tips til at g\u00f8re eToro tilg\u00e6ngelig.\",\"breadcrumb\":{\"@id\":\"https:\/\/www.etoro.com\/da-dk\/customer-service\/accessibility\/#breadcrumb\"},\"inLanguage\":\"da\",\"potentialAction\":[{\"@type\":\"ReadAction\",\"target\":[\"https:\/\/www.etoro.com\/da-dk\/customer-service\/accessibility\/\"]}]},{\"@type\":\"ImageObject\",\"inLanguage\":\"da\",\"@id\":\"https:\/\/www.etoro.com\/da-dk\/customer-service\/accessibility\/#primaryimage\",\"url\":\"https:\/\/www.etoro.com\/wp-content\/uploads\/2023\/12\/Accessibility_Featured-image-1200x630_Danish-da-dk.png\",\"contentUrl\":\"https:\/\/www.etoro.com\/wp-content\/uploads\/2023\/12\/Accessibility_Featured-image-1200x630_Danish-da-dk.png\",\"width\":1200,\"height\":630,\"caption\":\"Accessibility\"},{\"@type\":\"BreadcrumbList\",\"@id\":\"https:\/\/www.etoro.com\/da-dk\/customer-service\/accessibility\/#breadcrumb\",\"itemListElement\":[{\"@type\":\"ListItem\",\"position\":1,\"name\":\"HJEM\",\"item\":\"https:\/\/www.etoro.com\/da-dk\/\"},{\"@type\":\"ListItem\",\"position\":2,\"name\":\"KUNDESERVICE\",\"item\":\"https:\/\/www.etoro.com\/da-dk\/customer-service\/\"},{\"@type\":\"ListItem\",\"position\":3,\"name\":\"accessibility\"}]},{\"@type\":\"WebSite\",\"@id\":\"https:\/\/www.etoro.com\/da-dk\/#website\",\"url\":\"https:\/\/www.etoro.com\/da-dk\/\",\"name\":\"eToro\",\"description\":\"\",\"publisher\":{\"@id\":\"https:\/\/www.etoro.com\/da-dk\/#organization\"},\"potentialAction\":[{\"@type\":\"SearchAction\",\"target\":{\"@type\":\"EntryPoint\",\"urlTemplate\":\"https:\/\/www.etoro.com\/da-dk\/?s={search_term_string}\"},\"query-input\":{\"@type\":\"PropertyValueSpecification\",\"valueRequired\":true,\"valueName\":\"search_term_string\"}}],\"inLanguage\":\"da\"},[]]}<\/script>","yoast_head_json":{"title":"Tilg\u00e6ngelighedsfunktioner for eToros websted og investeringsapp","description":"Alle b\u00f8r have mulighed for at investere p\u00e5 de globale markeder. Her kan du f\u00e5 tips til at g\u00f8re eToro tilg\u00e6ngelig.","robots":{"index":"index","follow":"follow","max-snippet":"max-snippet:-1","max-image-preview":"max-image-preview:large","max-video-preview":"max-video-preview:-1"},"canonical":"https:\/\/www.etoro.com\/da-dk\/wp-json\/wp\/v2\/pages\/252063","og_locale":"da_DK","og_type":"article","og_title":"Tilg\u00e6ngelighedsfunktioner for eToros websted og investeringsapp","og_description":"Alle b\u00f8r have mulighed for at investere p\u00e5 de globale markeder. Her kan du f\u00e5 tips til at g\u00f8re eToro tilg\u00e6ngelig.","og_url":"https:\/\/www.etoro.com\/da-dk\/wp-json\/wp\/v2\/pages\/252063","og_site_name":"eToro","article_publisher":"https:\/\/www.facebook.com\/eToro\/","article_modified_time":"2024-12-19T15:58:47+00:00","og_image":[{"width":1200,"height":630,"url":"https:\/\/www.etoro.com\/wp-content\/uploads\/2023\/12\/Accessibility_Featured-image-1200x630_Danish-da-dk.png","type":"image\/png"}],"twitter_card":"summary_large_image","twitter_site":"@eToro","twitter_misc":{"Est. reading time":"2 minutes"},"schema":{"@context":"https:\/\/schema.org","@graph":[{"@type":"WebPage","@id":"https:\/\/www.etoro.com\/da-dk\/customer-service\/accessibility\/","url":"https:\/\/www.etoro.com\/da-dk\/customer-service\/accessibility\/","name":"Tilg\u00e6ngelighedsfunktioner for eToros websted og investeringsapp","isPartOf":{"@id":"https:\/\/www.etoro.com\/da-dk\/#website"},"primaryImageOfPage":{"@id":"https:\/\/www.etoro.com\/da-dk\/customer-service\/accessibility\/#primaryimage"},"image":{"@id":"https:\/\/www.etoro.com\/da-dk\/customer-service\/accessibility\/#primaryimage"},"thumbnailUrl":"https:\/\/www.etoro.com\/wp-content\/uploads\/2023\/12\/Accessibility_Featured-image-1200x630_Danish-da-dk.png","datePublished":"2021-06-06T12:06:14+00:00","dateModified":"2024-12-19T15:58:47+00:00","description":"Alle b\u00f8r have mulighed for at investere p\u00e5 de globale markeder. Her kan du f\u00e5 tips til at g\u00f8re eToro tilg\u00e6ngelig.","breadcrumb":{"@id":"https:\/\/www.etoro.com\/da-dk\/customer-service\/accessibility\/#breadcrumb"},"inLanguage":"da","potentialAction":[{"@type":"ReadAction","target":["https:\/\/www.etoro.com\/da-dk\/customer-service\/accessibility\/"]}]},{"@type":"ImageObject","inLanguage":"da","@id":"https:\/\/www.etoro.com\/da-dk\/customer-service\/accessibility\/#primaryimage","url":"https:\/\/www.etoro.com\/wp-content\/uploads\/2023\/12\/Accessibility_Featured-image-1200x630_Danish-da-dk.png","contentUrl":"https:\/\/www.etoro.com\/wp-content\/uploads\/2023\/12\/Accessibility_Featured-image-1200x630_Danish-da-dk.png","width":1200,"height":630,"caption":"Accessibility"},{"@type":"BreadcrumbList","@id":"https:\/\/www.etoro.com\/da-dk\/customer-service\/accessibility\/#breadcrumb","itemListElement":[{"@type":"ListItem","position":1,"name":"HJEM","item":"https:\/\/www.etoro.com\/da-dk\/"},{"@type":"ListItem","position":2,"name":"KUNDESERVICE","item":"https:\/\/www.etoro.com\/da-dk\/customer-service\/"},{"@type":"ListItem","position":3,"name":"accessibility"}]},{"@type":"WebSite","@id":"https:\/\/www.etoro.com\/da-dk\/#website","url":"https:\/\/www.etoro.com\/da-dk\/","name":"eToro","description":"","publisher":{"@id":"https:\/\/www.etoro.com\/da-dk\/#organization"},"potentialAction":[{"@type":"SearchAction","target":{"@type":"EntryPoint","urlTemplate":"https:\/\/www.etoro.com\/da-dk\/?s={search_term_string}"},"query-input":{"@type":"PropertyValueSpecification","valueRequired":true,"valueName":"search_term_string"}}],"inLanguage":"da"},[]]}},"_links":{"self":[{"href":"https:\/\/www.etoro.com\/da-dk\/wp-json\/wp\/v2\/pages\/252063"}],"collection":[{"href":"https:\/\/www.etoro.com\/da-dk\/wp-json\/wp\/v2\/pages"}],"about":[{"href":"https:\/\/www.etoro.com\/da-dk\/wp-json\/wp\/v2\/types\/page"}],"author":[{"embeddable":true,"href":"https:\/\/www.etoro.com\/da-dk\/wp-json\/wp\/v2\/users\/75"}],"replies":[{"embeddable":true,"href":"https:\/\/www.etoro.com\/da-dk\/wp-json\/wp\/v2\/comments?post=252063"}],"version-history":[{"count":0,"href":"https:\/\/www.etoro.com\/da-dk\/wp-json\/wp\/v2\/pages\/252063\/revisions"}],"up":[{"embeddable":true,"href":"https:\/\/www.etoro.com\/da-dk\/wp-json\/wp\/v2\/pages\/30094"}],"wp:featuredmedia":[{"embeddable":true,"href":"https:\/\/www.etoro.com\/da-dk\/wp-json\/wp\/v2\/media\/792713"}],"wp:attachment":[{"href":"https:\/\/www.etoro.com\/da-dk\/wp-json\/wp\/v2\/media?parent=252063"}],"wp:term":[{"taxonomy":"asset_type","embeddable":true,"href":"https:\/\/www.etoro.com\/da-dk\/wp-json\/wp\/v2\/asset_type?post=252063"}],"curies":[{"name":"wp","href":"https:\/\/api.w.org\/{rel}","templated":true}]}}