{"id":260796,"date":"2021-07-22T23:30:48","date_gmt":"2021-07-22T20:30:48","guid":{"rendered":"https:\/\/www.etoro.com\/stocks\/earnings-reports\/"},"modified":"2025-02-11T11:23:52","modified_gmt":"2025-02-11T09:23:52","slug":"earnings-reports","status":"publish","type":"page","link":"https:\/\/www.etoro.com\/da-dk\/investing\/earnings-reports\/","title":{"rendered":"eToro Earnings Reports Calendar"},"content":{"rendered":"","protected":false},"excerpt":{"rendered":"","protected":false},"author":45,"featured_media":496584,"parent":31827,"menu_order":51,"comment_status":"closed","ping_status":"closed","template":"earnings-reports.php","meta":{"_acf_changed":false,"inline_featured_image":false,"sticky_cta_settings":"","footnotes":""},"asset_type":[],"class_list":["post-260796","page","type-page","status-publish","has-post-thumbnail","hentry"],"acf":[],"yoast_head":"<title>L\u00e6r mere om eToros regnskabskalender lige her<\/title>\n<meta name=\"description\" content=\"Find en liste over kommende regnskaber, som b\u00f8rsnoterede selskaber ventes at freml\u00e6gge. Aktierne kan betragtes ud fra markedsv\u00e6rdi, regnskabsdato osv.\" \/>\n<meta name=\"robots\" content=\"index, follow, max-snippet:-1, max-image-preview:large, max-video-preview:-1\" \/>\n<link rel=\"canonical\" href=\"https:\/\/www.etoro.com\/da-dk\/wp-json\/wp\/v2\/pages\/260796\" \/>\n<meta property=\"og:locale\" content=\"da_DK\" \/>\n<meta property=\"og:type\" content=\"article\" \/>\n<meta property=\"og:title\" content=\"L\u00e6r mere om eToros regnskabskalender lige her\" \/>\n<meta property=\"og:description\" content=\"Find en liste over kommende regnskaber, som b\u00f8rsnoterede selskaber ventes at freml\u00e6gge. Aktierne kan betragtes ud fra markedsv\u00e6rdi, regnskabsdato osv.\" \/>\n<meta property=\"og:url\" content=\"https:\/\/www.etoro.com\/da-dk\/wp-json\/wp\/v2\/pages\/260796\" \/>\n<meta property=\"og:site_name\" content=\"eToro\" \/>\n<meta property=\"article:publisher\" content=\"https:\/\/www.facebook.com\/eToro\/\" \/>\n<meta property=\"article:modified_time\" content=\"2025-02-11T09:23:52+00:00\" \/>\n<meta property=\"og:image\" content=\"https:\/\/www.etoro.com\/wp-content\/uploads\/2022\/08\/1200X630_V4.jpg\" \/>\n\t<meta property=\"og:image:width\" content=\"1200\" \/>\n\t<meta property=\"og:image:height\" content=\"630\" \/>\n\t<meta property=\"og:image:type\" content=\"image\/jpeg\" \/>\n<meta name=\"twitter:card\" content=\"summary_large_image\" \/>\n<meta name=\"twitter:image\" content=\"https:\/\/www.etoro.com\/wp-content\/uploads\/2022\/08\/1200X630_V4.jpg\" \/>\n<meta name=\"twitter:site\" content=\"@eToro\" \/>\n<script type=\"application\/ld+json\" class=\"yoast-schema-graph\">{\"@context\":\"https:\/\/schema.org\",\"@graph\":[{\"@type\":\"WebPage\",\"@id\":\"https:\/\/www.etoro.com\/da-dk\/investing\/earnings-reports\/\",\"url\":\"https:\/\/www.etoro.com\/da-dk\/investing\/earnings-reports\/\",\"name\":\"L\u00e6r mere om eToros regnskabskalender lige her\",\"isPartOf\":{\"@id\":\"https:\/\/www.etoro.com\/da-dk\/#website\"},\"primaryImageOfPage\":{\"@id\":\"https:\/\/www.etoro.com\/da-dk\/investing\/earnings-reports\/#primaryimage\"},\"image\":{\"@id\":\"https:\/\/www.etoro.com\/da-dk\/investing\/earnings-reports\/#primaryimage\"},\"thumbnailUrl\":\"https:\/\/www.etoro.com\/wp-content\/uploads\/2022\/09\/Earnings-calendar_Conversion-page_Danish-da-dk_Social.png\",\"datePublished\":\"2021-07-22T20:30:48+00:00\",\"dateModified\":\"2025-02-11T09:23:52+00:00\",\"description\":\"Find en liste over kommende regnskaber, som b\u00f8rsnoterede selskaber ventes at freml\u00e6gge. Aktierne kan betragtes ud fra markedsv\u00e6rdi, regnskabsdato osv.\",\"breadcrumb\":{\"@id\":\"https:\/\/www.etoro.com\/da-dk\/investing\/earnings-reports\/#breadcrumb\"},\"inLanguage\":\"da\",\"potentialAction\":[{\"@type\":\"ReadAction\",\"target\":[\"https:\/\/www.etoro.com\/da-dk\/investing\/earnings-reports\/\"]}]},{\"@type\":\"ImageObject\",\"inLanguage\":\"da\",\"@id\":\"https:\/\/www.etoro.com\/da-dk\/investing\/earnings-reports\/#primaryimage\",\"url\":\"https:\/\/www.etoro.com\/wp-content\/uploads\/2022\/09\/Earnings-calendar_Conversion-page_Danish-da-dk_Social.png\",\"contentUrl\":\"https:\/\/www.etoro.com\/wp-content\/uploads\/2022\/09\/Earnings-calendar_Conversion-page_Danish-da-dk_Social.png\",\"width\":1200,\"height\":630},{\"@type\":\"BreadcrumbList\",\"@id\":\"https:\/\/www.etoro.com\/da-dk\/investing\/earnings-reports\/#breadcrumb\",\"itemListElement\":[{\"@type\":\"ListItem\",\"position\":1,\"name\":\"HJEM\",\"item\":\"https:\/\/www.etoro.com\/da-dk\/\"},{\"@type\":\"ListItem\",\"position\":2,\"name\":\"Investering\",\"item\":\"https:\/\/www.etoro.com\/da-dk\/investing\/\"},{\"@type\":\"ListItem\",\"position\":3,\"name\":\"Regnskaber\"}]},{\"@type\":\"WebSite\",\"@id\":\"https:\/\/www.etoro.com\/da-dk\/#website\",\"url\":\"https:\/\/www.etoro.com\/da-dk\/\",\"name\":\"eToro\",\"description\":\"\",\"publisher\":{\"@id\":\"https:\/\/www.etoro.com\/da-dk\/#organization\"},\"potentialAction\":[{\"@type\":\"SearchAction\",\"target\":{\"@type\":\"EntryPoint\",\"urlTemplate\":\"https:\/\/www.etoro.com\/da-dk\/?s={search_term_string}\"},\"query-input\":{\"@type\":\"PropertyValueSpecification\",\"valueRequired\":true,\"valueName\":\"search_term_string\"}}],\"inLanguage\":\"da\"},[]]}<\/script>","yoast_head_json":{"title":"L\u00e6r mere om eToros regnskabskalender lige her","description":"Find en liste over kommende regnskaber, som b\u00f8rsnoterede selskaber ventes at freml\u00e6gge. Aktierne kan betragtes ud fra markedsv\u00e6rdi, regnskabsdato osv.","robots":{"index":"index","follow":"follow","max-snippet":"max-snippet:-1","max-image-preview":"max-image-preview:large","max-video-preview":"max-video-preview:-1"},"canonical":"https:\/\/www.etoro.com\/da-dk\/wp-json\/wp\/v2\/pages\/260796","og_locale":"da_DK","og_type":"article","og_title":"L\u00e6r mere om eToros regnskabskalender lige her","og_description":"Find en liste over kommende regnskaber, som b\u00f8rsnoterede selskaber ventes at freml\u00e6gge. Aktierne kan betragtes ud fra markedsv\u00e6rdi, regnskabsdato osv.","og_url":"https:\/\/www.etoro.com\/da-dk\/wp-json\/wp\/v2\/pages\/260796","og_site_name":"eToro","article_publisher":"https:\/\/www.facebook.com\/eToro\/","article_modified_time":"2025-02-11T09:23:52+00:00","og_image":[{"width":1200,"height":630,"url":"https:\/\/www.etoro.com\/wp-content\/uploads\/2022\/08\/1200X630_V4.jpg","type":"image\/jpeg"}],"twitter_card":"summary_large_image","twitter_image":"https:\/\/www.etoro.com\/wp-content\/uploads\/2022\/08\/1200X630_V4.jpg","twitter_site":"@eToro","schema":{"@context":"https:\/\/schema.org","@graph":[{"@type":"WebPage","@id":"https:\/\/www.etoro.com\/da-dk\/investing\/earnings-reports\/","url":"https:\/\/www.etoro.com\/da-dk\/investing\/earnings-reports\/","name":"L\u00e6r mere om eToros regnskabskalender lige her","isPartOf":{"@id":"https:\/\/www.etoro.com\/da-dk\/#website"},"primaryImageOfPage":{"@id":"https:\/\/www.etoro.com\/da-dk\/investing\/earnings-reports\/#primaryimage"},"image":{"@id":"https:\/\/www.etoro.com\/da-dk\/investing\/earnings-reports\/#primaryimage"},"thumbnailUrl":"https:\/\/www.etoro.com\/wp-content\/uploads\/2022\/09\/Earnings-calendar_Conversion-page_Danish-da-dk_Social.png","datePublished":"2021-07-22T20:30:48+00:00","dateModified":"2025-02-11T09:23:52+00:00","description":"Find en liste over kommende regnskaber, som b\u00f8rsnoterede selskaber ventes at freml\u00e6gge. Aktierne kan betragtes ud fra markedsv\u00e6rdi, regnskabsdato osv.","breadcrumb":{"@id":"https:\/\/www.etoro.com\/da-dk\/investing\/earnings-reports\/#breadcrumb"},"inLanguage":"da","potentialAction":[{"@type":"ReadAction","target":["https:\/\/www.etoro.com\/da-dk\/investing\/earnings-reports\/"]}]},{"@type":"ImageObject","inLanguage":"da","@id":"https:\/\/www.etoro.com\/da-dk\/investing\/earnings-reports\/#primaryimage","url":"https:\/\/www.etoro.com\/wp-content\/uploads\/2022\/09\/Earnings-calendar_Conversion-page_Danish-da-dk_Social.png","contentUrl":"https:\/\/www.etoro.com\/wp-content\/uploads\/2022\/09\/Earnings-calendar_Conversion-page_Danish-da-dk_Social.png","width":1200,"height":630},{"@type":"BreadcrumbList","@id":"https:\/\/www.etoro.com\/da-dk\/investing\/earnings-reports\/#breadcrumb","itemListElement":[{"@type":"ListItem","position":1,"name":"HJEM","item":"https:\/\/www.etoro.com\/da-dk\/"},{"@type":"ListItem","position":2,"name":"Investering","item":"https:\/\/www.etoro.com\/da-dk\/investing\/"},{"@type":"ListItem","position":3,"name":"Regnskaber"}]},{"@type":"WebSite","@id":"https:\/\/www.etoro.com\/da-dk\/#website","url":"https:\/\/www.etoro.com\/da-dk\/","name":"eToro","description":"","publisher":{"@id":"https:\/\/www.etoro.com\/da-dk\/#organization"},"potentialAction":[{"@type":"SearchAction","target":{"@type":"EntryPoint","urlTemplate":"https:\/\/www.etoro.com\/da-dk\/?s={search_term_string}"},"query-input":{"@type":"PropertyValueSpecification","valueRequired":true,"valueName":"search_term_string"}}],"inLanguage":"da"},[]]}},"_links":{"self":[{"href":"https:\/\/www.etoro.com\/da-dk\/wp-json\/wp\/v2\/pages\/260796"}],"collection":[{"href":"https:\/\/www.etoro.com\/da-dk\/wp-json\/wp\/v2\/pages"}],"about":[{"href":"https:\/\/www.etoro.com\/da-dk\/wp-json\/wp\/v2\/types\/page"}],"author":[{"embeddable":true,"href":"https:\/\/www.etoro.com\/da-dk\/wp-json\/wp\/v2\/users\/45"}],"replies":[{"embeddable":true,"href":"https:\/\/www.etoro.com\/da-dk\/wp-json\/wp\/v2\/comments?post=260796"}],"version-history":[{"count":0,"href":"https:\/\/www.etoro.com\/da-dk\/wp-json\/wp\/v2\/pages\/260796\/revisions"}],"up":[{"embeddable":true,"href":"https:\/\/www.etoro.com\/da-dk\/wp-json\/wp\/v2\/pages\/31827"}],"wp:featuredmedia":[{"embeddable":true,"href":"https:\/\/www.etoro.com\/da-dk\/wp-json\/wp\/v2\/media\/496584"}],"wp:attachment":[{"href":"https:\/\/www.etoro.com\/da-dk\/wp-json\/wp\/v2\/media?parent=260796"}],"wp:term":[{"taxonomy":"asset_type","embeddable":true,"href":"https:\/\/www.etoro.com\/da-dk\/wp-json\/wp\/v2\/asset_type?post=260796"}],"curies":[{"name":"wp","href":"https:\/\/api.w.org\/{rel}","templated":true}]}}