{"id":29997,"date":"2017-08-13T07:26:51","date_gmt":"2017-08-13T04:26:51","guid":{"rendered":"http:\/\/www.etoro.com\/contact-us\/"},"modified":"2025-12-29T12:28:23","modified_gmt":"2025-12-29T10:28:23","slug":"our-offices","status":"publish","type":"page","link":"https:\/\/www.etoro.com\/da-dk\/about\/our-offices\/","title":{"rendered":"Vores kontorer"},"content":{"rendered":"<div class=\"topContent\">\n<div class=\"column right\">\n<div class=\"column right\">\u00a0<\/div>\n<\/div>\n<\/div>\n\n\n<div class=\"wp-block-etoro-half-cover has-white-background-color\">\n<div class=\"wp-block-etoro-half-cover-left is-aligned-center-on-mobile\"><p id=\"breadcrumbs\" class=\"gray-dark\"><span><span><a href=\"https:\/\/www.etoro.com\/da-dk\/\">HJEM<\/a><\/span><\/span><\/p>\n<h1 class=\"wp-block-heading is-style-banner-title\">Vores internationale <b class=\"wp-etoro-format-colored-green\">kontorer<strong style=\"display: inline !important;\"> <\/strong><\/b><\/h1>\n\n\n\n<p>eToros regionale teams kombinerer lokal ekspertise med et globalt perspektiv for at levere en skr\u00e6ddersyet investeringsoplevelse.<\/p>\n\n\n\n<p><\/p>\n<\/div>\n\n\n\n<div class=\"wp-block-etoro-half-cover-right\">\n<img decoding=\"async\" src=\"https:\/\/www.etoro.com\/wp-content\/uploads\/2025\/12\/Offices-Cover-1920.png\" alt=\"\" class=\"wp-block-etoro-half-cover-media\"\/><img decoding=\"async\" src=\"https:\/\/www.etoro.com\/wp-content\/uploads\/2025\/12\/Offices-Cover-1280.png\" alt=\"\" class=\"wp-block-etoro-half-cover-media-desktop\"\/><img decoding=\"async\" src=\"https:\/\/www.etoro.com\/wp-content\/uploads\/2025\/12\/Offices-Cover-Tablet.png\" alt=\"\" class=\"wp-block-etoro-half-cover-media-tablet\"\/><img decoding=\"async\" src=\"https:\/\/www.etoro.com\/wp-content\/uploads\/2025\/12\/Offices-Cover-Mobile.png\" alt=\"\" class=\"wp-block-etoro-half-cover-media-mobile\"\/>\n<\/div>\n<\/div>\n\n\n\n<section class=\"wp-block-group wp-block-group-boxed has-dark-blue-background-color has-background\"><div class=\"wp-block-group-inner is-layout-flow wp-block-group-is-layout-flow\">\n<div class=\"wp-block-columns are-vertically-aligned-top wp-block-columns-1 is-layout-flex wp-container-core-columns-is-layout-1 wp-block-columns-is-layout-flex\">\n<div class=\"wp-block-column is-layout-constrained wp-container-core-column-is-layout-1 wp-block-column-is-layout-constrained\">\n<p class=\"has-text-align-center is-style-heading-3\"><b class=\"wp-etoro-format-colored-green\">eToro er til stede over hele verden<\/b><span style=\"font-weight:normal;\"> <\/span><span style=\"font-weight:normal;\">med dedikerede teams, der betjener vores f\u00e6llesskab i alle st\u00f8rre regioner. Ved at kombinere markedsspecifik viden med en samlet global vision kan eToro levere innovative tjenester, der appellerer til hele verden.<\/span><\/p>\n<\/div>\n<\/div>\n<\/div><\/section>\n\n\n\n<section class=\"wp-block-group wp-block-group-boxed\"><div class=\"wp-block-group-inner is-layout-flow wp-block-group-is-layout-flow\">\n<div id=\"swiper1198585495\" class=\"wp-block-etoro-cards wp-block-etoro-card-grid-columns-3\"><div class=\"swiper-wrapper\">\n<div class=\"wp-block-etoro-card wp-block-etoro-card-size-small wp-block-etoro-card-thumbnail-position-above wp-block-etoro-card-default wp-block-etoro-card-aligned-center\"><img decoding=\"async\" src=\"https:\/\/www.etoro.com\/wp-content\/uploads\/2025\/12\/Office-Icon-Singapore.png\" alt=\"eToro Singapore\" class=\"wp-block-etoro-card-thumbnail\"\/><div class=\"wp-block-etoro-card-body\"><div class=\"wp-block-etoro-card-title\">eToro Singapore<\/div><div class=\"wp-block-etoro-card-content\">\n<p>eToro Singapore Pte Ltd.<\/p>\n\n\n\n<p>111 Somerset Road<br>#07\u201310<br>Singapore 238164<\/p>\n<\/div><\/div><\/div>\n\n\n\n<div class=\"wp-block-etoro-card wp-block-etoro-card-size-small wp-block-etoro-card-thumbnail-position-above wp-block-etoro-card-default wp-block-etoro-card-aligned-center\"><img decoding=\"async\" src=\"https:\/\/www.etoro.com\/wp-content\/uploads\/2025\/12\/Office-Icon-UK.png\" alt=\"eToro UK\" class=\"wp-block-etoro-card-thumbnail\"\/><div class=\"wp-block-etoro-card-body\"><div class=\"wp-block-etoro-card-title\">eToro UK<\/div><div class=\"wp-block-etoro-card-content\">\n<p>eToro (UK) Ltd.<\/p>\n\n\n\n<p>24th floor,<br>One Canada Square<br>Canary Wharf London,<br>E14 5AB<br>United Kingdom<\/p>\n<\/div><\/div><\/div>\n\n\n\n<div class=\"wp-block-etoro-card wp-block-etoro-card-size-small wp-block-etoro-card-thumbnail-position-above wp-block-etoro-card-default wp-block-etoro-card-aligned-center\"><img decoding=\"async\" src=\"https:\/\/www.etoro.com\/wp-content\/uploads\/2025\/12\/Office-Icon-Europe.png\" alt=\"eToro EU\" class=\"wp-block-etoro-card-thumbnail\"\/><div class=\"wp-block-etoro-card-body\"><div class=\"wp-block-etoro-card-title\">eToro EU<\/div><div class=\"wp-block-etoro-card-content\">\n<p>eToro (Europe) Ltd.<\/p>\n\n\n\n<p>4 Profiti Ilia Street<br>Kanika International Business Center (KIBC) <br>7th Floor<br>Germasogeia 4046<br>Limassol<br>Cyprus<\/p>\n<\/div><\/div><\/div>\n\n\n\n<div class=\"wp-block-etoro-card wp-block-etoro-card-size-small wp-block-etoro-card-thumbnail-position-above wp-block-etoro-card-default wp-block-etoro-card-aligned-center\"><img decoding=\"async\" src=\"https:\/\/www.etoro.com\/wp-content\/uploads\/2025\/12\/Office-Icon-USA.png\" alt=\"eToro USA\" class=\"wp-block-etoro-card-thumbnail\"\/><div class=\"wp-block-etoro-card-body\"><div class=\"wp-block-etoro-card-title\">eToro USA<\/div><div class=\"wp-block-etoro-card-content\">\n<p>eToro USA LLC.<\/p>\n\n\n\n<p>221 River St.<br>9th Floor<br>Hoboken, NJ 07030<br>USA<\/p>\n<\/div><\/div><\/div>\n\n\n\n<div class=\"wp-block-etoro-card wp-block-etoro-card-size-small wp-block-etoro-card-thumbnail-position-above wp-block-etoro-card-default wp-block-etoro-card-aligned-center\"><img decoding=\"async\" src=\"https:\/\/www.etoro.com\/wp-content\/uploads\/2025\/12\/Office-Icon-Aus.png\" alt=\"eToro Australia\" class=\"wp-block-etoro-card-thumbnail\"\/><div class=\"wp-block-etoro-card-body\"><div class=\"wp-block-etoro-card-title\">eToro Australia<\/div><div class=\"wp-block-etoro-card-content\">\n<p>eToro AUS Capital Limited<\/p>\n\n\n\n<p>L3 \u2013 60 Castlereagh street<br>Sydney NSW 2000<br>Australia<\/p>\n<\/div><\/div><\/div>\n\n\n\n<div class=\"wp-block-etoro-card wp-block-etoro-card-size-small wp-block-etoro-card-thumbnail-position-above wp-block-etoro-card-default wp-block-etoro-card-aligned-center\"><img decoding=\"async\" src=\"https:\/\/www.etoro.com\/wp-content\/uploads\/2025\/12\/Office-Icon-UAE.png\" alt=\"eToro UAE\" class=\"wp-block-etoro-card-thumbnail\"\/><div class=\"wp-block-etoro-card-body\"><div class=\"wp-block-etoro-card-title\">eToro UAE<\/div><div class=\"wp-block-etoro-card-content\">\n<p>eToro (ME) Ltd<\/p>\n\n\n\n<p>25th Floor, Al Sila Tower, ADGM Square, Al Maryah Island, Abu Dhabi, United Arab Emirates<\/p>\n<\/div><\/div><\/div>\n<\/div><\/div>\n<\/div><\/section>\n","protected":false},"excerpt":{"rendered":"<p>\u00a0 eToro er til stede over hele verden med dedikerede teams, der betjener vores f\u00e6llesskab i alle st\u00f8rre regioner. Ved at kombinere markedsspecifik viden med en samlet global vision kan eToro levere innovative tjenester, der appellerer til hele verden.<\/p>\n","protected":false},"author":1,"featured_media":0,"parent":30281,"menu_order":2005,"comment_status":"closed","ping_status":"closed","template":"","meta":{"_acf_changed":false,"inline_featured_image":false,"sticky_cta_settings":"","footnotes":""},"asset_type":[],"class_list":["post-29997","page","type-page","status-publish","hentry"],"acf":[],"yoast_head":"<title>Kontakt os | eToro<\/title>\n<meta name=\"description\" content=\"eToro er altid tilg\u00e6ngelig for sine kunder rundt om i verden. Hvis du har sp\u00f8rgsm\u00e5l eller brug for at komme i kontakt, s\u00e5 find det relevante kontor, og kontakt os.\" \/>\n<meta name=\"robots\" content=\"index, follow, max-snippet:-1, max-image-preview:large, max-video-preview:-1\" \/>\n<link rel=\"canonical\" href=\"https:\/\/www.etoro.com\/da-dk\/wp-json\/wp\/v2\/pages\/29997\" \/>\n<meta property=\"og:locale\" content=\"da_DK\" \/>\n<meta property=\"og:type\" content=\"article\" \/>\n<meta property=\"og:title\" content=\"Kontakt os | eToro\" \/>\n<meta property=\"og:description\" content=\"eToro er altid tilg\u00e6ngelig for sine kunder rundt om i verden. Hvis du har sp\u00f8rgsm\u00e5l eller brug for at komme i kontakt, s\u00e5 find det relevante kontor, og kontakt os.\" \/>\n<meta property=\"og:url\" content=\"https:\/\/www.etoro.com\/da-dk\/wp-json\/wp\/v2\/pages\/29997\" \/>\n<meta property=\"og:site_name\" content=\"eToro\" \/>\n<meta property=\"article:publisher\" content=\"https:\/\/www.facebook.com\/eToro\/\" \/>\n<meta property=\"article:modified_time\" content=\"2025-12-29T10:28:23+00:00\" \/>\n<meta property=\"og:image\" content=\"https:\/\/www.etoro.com\/wp-content\/uploads\/2025\/12\/Offices-Cover-1920.png\" \/>\n<meta name=\"twitter:card\" content=\"summary_large_image\" \/>\n<meta name=\"twitter:site\" content=\"@eToro\" \/>\n<meta name=\"twitter:label1\" content=\"Est. reading time\" \/>\n\t<meta name=\"twitter:data1\" content=\"1 minute\" \/>\n<script type=\"application\/ld+json\" class=\"yoast-schema-graph\">{\"@context\":\"https:\/\/schema.org\",\"@graph\":[{\"@type\":\"WebPage\",\"@id\":\"https:\/\/www.etoro.com\/da-dk\/about\/our-offices\/\",\"url\":\"https:\/\/www.etoro.com\/da-dk\/about\/our-offices\/\",\"name\":\"Kontakt os | eToro\",\"isPartOf\":{\"@id\":\"https:\/\/www.etoro.com\/da-dk\/#website\"},\"primaryImageOfPage\":{\"@id\":\"https:\/\/www.etoro.com\/da-dk\/about\/our-offices\/#primaryimage\"},\"image\":{\"@id\":\"https:\/\/www.etoro.com\/da-dk\/about\/our-offices\/#primaryimage\"},\"thumbnailUrl\":\"https:\/\/www.etoro.com\/wp-content\/uploads\/2025\/12\/Offices-Cover-1920.png\",\"datePublished\":\"2017-08-13T04:26:51+00:00\",\"dateModified\":\"2025-12-29T10:28:23+00:00\",\"description\":\"eToro er altid tilg\u00e6ngelig for sine kunder rundt om i verden. Hvis du har sp\u00f8rgsm\u00e5l eller brug for at komme i kontakt, s\u00e5 find det relevante kontor, og kontakt os.\",\"breadcrumb\":{\"@id\":\"https:\/\/www.etoro.com\/da-dk\/about\/our-offices\/#breadcrumb\"},\"inLanguage\":\"da\",\"potentialAction\":[{\"@type\":\"ReadAction\",\"target\":[\"https:\/\/www.etoro.com\/da-dk\/about\/our-offices\/\"]}]},{\"@type\":\"ImageObject\",\"inLanguage\":\"da\",\"@id\":\"https:\/\/www.etoro.com\/da-dk\/about\/our-offices\/#primaryimage\",\"url\":\"https:\/\/www.etoro.com\/wp-content\/uploads\/2025\/12\/Offices-Cover-1920.png\",\"contentUrl\":\"https:\/\/www.etoro.com\/wp-content\/uploads\/2025\/12\/Offices-Cover-1920.png\"},{\"@type\":\"BreadcrumbList\",\"@id\":\"https:\/\/www.etoro.com\/da-dk\/about\/our-offices\/#breadcrumb\",\"itemListElement\":[{\"@type\":\"ListItem\",\"position\":1,\"name\":\"HJEM\",\"item\":\"https:\/\/www.etoro.com\/da-dk\/\"},{\"@type\":\"ListItem\",\"position\":2,\"name\":\"OM\",\"item\":\"https:\/\/www.etoro.com\/da-dk\/about\/\"},{\"@type\":\"ListItem\",\"position\":3,\"name\":\"KONTAKT OS\"}]},{\"@type\":\"WebSite\",\"@id\":\"https:\/\/www.etoro.com\/da-dk\/#website\",\"url\":\"https:\/\/www.etoro.com\/da-dk\/\",\"name\":\"eToro\",\"description\":\"\",\"publisher\":{\"@id\":\"https:\/\/www.etoro.com\/da-dk\/#organization\"},\"potentialAction\":[{\"@type\":\"SearchAction\",\"target\":{\"@type\":\"EntryPoint\",\"urlTemplate\":\"https:\/\/www.etoro.com\/da-dk\/?s={search_term_string}\"},\"query-input\":{\"@type\":\"PropertyValueSpecification\",\"valueRequired\":true,\"valueName\":\"search_term_string\"}}],\"inLanguage\":\"da\"},[]]}<\/script>","yoast_head_json":{"title":"Kontakt os | eToro","description":"eToro er altid tilg\u00e6ngelig for sine kunder rundt om i verden. Hvis du har sp\u00f8rgsm\u00e5l eller brug for at komme i kontakt, s\u00e5 find det relevante kontor, og kontakt os.","robots":{"index":"index","follow":"follow","max-snippet":"max-snippet:-1","max-image-preview":"max-image-preview:large","max-video-preview":"max-video-preview:-1"},"canonical":"https:\/\/www.etoro.com\/da-dk\/wp-json\/wp\/v2\/pages\/29997","og_locale":"da_DK","og_type":"article","og_title":"Kontakt os | eToro","og_description":"eToro er altid tilg\u00e6ngelig for sine kunder rundt om i verden. Hvis du har sp\u00f8rgsm\u00e5l eller brug for at komme i kontakt, s\u00e5 find det relevante kontor, og kontakt os.","og_url":"https:\/\/www.etoro.com\/da-dk\/wp-json\/wp\/v2\/pages\/29997","og_site_name":"eToro","article_publisher":"https:\/\/www.facebook.com\/eToro\/","article_modified_time":"2025-12-29T10:28:23+00:00","og_image":[{"url":"https:\/\/www.etoro.com\/wp-content\/uploads\/2025\/12\/Offices-Cover-1920.png","type":"","width":"","height":""}],"twitter_card":"summary_large_image","twitter_site":"@eToro","twitter_misc":{"Est. reading time":"1 minute"},"schema":{"@context":"https:\/\/schema.org","@graph":[{"@type":"WebPage","@id":"https:\/\/www.etoro.com\/da-dk\/about\/our-offices\/","url":"https:\/\/www.etoro.com\/da-dk\/about\/our-offices\/","name":"Kontakt os | eToro","isPartOf":{"@id":"https:\/\/www.etoro.com\/da-dk\/#website"},"primaryImageOfPage":{"@id":"https:\/\/www.etoro.com\/da-dk\/about\/our-offices\/#primaryimage"},"image":{"@id":"https:\/\/www.etoro.com\/da-dk\/about\/our-offices\/#primaryimage"},"thumbnailUrl":"https:\/\/www.etoro.com\/wp-content\/uploads\/2025\/12\/Offices-Cover-1920.png","datePublished":"2017-08-13T04:26:51+00:00","dateModified":"2025-12-29T10:28:23+00:00","description":"eToro er altid tilg\u00e6ngelig for sine kunder rundt om i verden. Hvis du har sp\u00f8rgsm\u00e5l eller brug for at komme i kontakt, s\u00e5 find det relevante kontor, og kontakt os.","breadcrumb":{"@id":"https:\/\/www.etoro.com\/da-dk\/about\/our-offices\/#breadcrumb"},"inLanguage":"da","potentialAction":[{"@type":"ReadAction","target":["https:\/\/www.etoro.com\/da-dk\/about\/our-offices\/"]}]},{"@type":"ImageObject","inLanguage":"da","@id":"https:\/\/www.etoro.com\/da-dk\/about\/our-offices\/#primaryimage","url":"https:\/\/www.etoro.com\/wp-content\/uploads\/2025\/12\/Offices-Cover-1920.png","contentUrl":"https:\/\/www.etoro.com\/wp-content\/uploads\/2025\/12\/Offices-Cover-1920.png"},{"@type":"BreadcrumbList","@id":"https:\/\/www.etoro.com\/da-dk\/about\/our-offices\/#breadcrumb","itemListElement":[{"@type":"ListItem","position":1,"name":"HJEM","item":"https:\/\/www.etoro.com\/da-dk\/"},{"@type":"ListItem","position":2,"name":"OM","item":"https:\/\/www.etoro.com\/da-dk\/about\/"},{"@type":"ListItem","position":3,"name":"KONTAKT OS"}]},{"@type":"WebSite","@id":"https:\/\/www.etoro.com\/da-dk\/#website","url":"https:\/\/www.etoro.com\/da-dk\/","name":"eToro","description":"","publisher":{"@id":"https:\/\/www.etoro.com\/da-dk\/#organization"},"potentialAction":[{"@type":"SearchAction","target":{"@type":"EntryPoint","urlTemplate":"https:\/\/www.etoro.com\/da-dk\/?s={search_term_string}"},"query-input":{"@type":"PropertyValueSpecification","valueRequired":true,"valueName":"search_term_string"}}],"inLanguage":"da"},[]]}},"_links":{"self":[{"href":"https:\/\/www.etoro.com\/da-dk\/wp-json\/wp\/v2\/pages\/29997"}],"collection":[{"href":"https:\/\/www.etoro.com\/da-dk\/wp-json\/wp\/v2\/pages"}],"about":[{"href":"https:\/\/www.etoro.com\/da-dk\/wp-json\/wp\/v2\/types\/page"}],"author":[{"embeddable":true,"href":"https:\/\/www.etoro.com\/da-dk\/wp-json\/wp\/v2\/users\/1"}],"replies":[{"embeddable":true,"href":"https:\/\/www.etoro.com\/da-dk\/wp-json\/wp\/v2\/comments?post=29997"}],"version-history":[{"count":0,"href":"https:\/\/www.etoro.com\/da-dk\/wp-json\/wp\/v2\/pages\/29997\/revisions"}],"up":[{"embeddable":true,"href":"https:\/\/www.etoro.com\/da-dk\/wp-json\/wp\/v2\/pages\/30281"}],"wp:attachment":[{"href":"https:\/\/www.etoro.com\/da-dk\/wp-json\/wp\/v2\/media?parent=29997"}],"wp:term":[{"taxonomy":"asset_type","embeddable":true,"href":"https:\/\/www.etoro.com\/da-dk\/wp-json\/wp\/v2\/asset_type?post=29997"}],"curies":[{"name":"wp","href":"https:\/\/api.w.org\/{rel}","templated":true}]}}