{"id":30009,"date":"2017-10-26T08:21:46","date_gmt":"2017-10-26T05:21:46","guid":{"rendered":"http:\/\/www.etoro.com\/withdraw-faq\/"},"modified":"2026-01-08T11:23:46","modified_gmt":"2026-01-08T09:23:46","slug":"withdraw-faq","status":"publish","type":"page","link":"https:\/\/www.etoro.com\/da-dk\/customer-service\/withdraw-faq\/","title":{"rendered":"S\u00e5dan h\u00e6ver du penge fra din eToro-konto \u2013 Ofte stillede sp\u00f8rgsm\u00e5l"},"content":{"rendered":"\n<section class=\"wp-block-group wp-block-group-boxed has-white-background-color has-background\"><div class=\"wp-block-group-inner is-layout-flow wp-block-group-is-layout-flow\">\n<div class=\"wp-block-columns are-vertically-aligned-top wp-block-columns-1 is-layout-flex wp-container-core-columns-is-layout-1 wp-block-columns-is-layout-flex\">\n<div class=\"wp-block-column is-layout-flow wp-block-column-is-layout-flow\">\n<h2 class=\"wp-block-heading\">S\u00e5dan h\u00e6ver du penge fra din eToro-konto \u2013 Ofte stillede sp\u00f8rgsm\u00e5l<\/h2>\n\n\n\n<dl class=\"wp-block-etoro-faq\">\n<div class=\"wp-block-etoro-faq-item\"><dt class=\"wp-block-etoro-faq-item-question\">Hvordan h\u00e6ver jeg penge?<\/dt><dd class=\"wp-block-etoro-faq-item-answer\">\n<p>Du kan h\u00e6ve penge to steder p\u00e5 eToro.<\/p>\n\n\n\n<ul class=\"wp-block-list wp-block-list wp-block-list-circle\">\n<li>Din eToro investeringskonto (USD)<\/li>\n\n\n\n<li><a href=\"https:\/\/help.etoro.com\/s\/article\/how-do-i-withdraw-funds-from-my-account?language=da#b\">Din konto i lokale valuta<\/a><\/li>\n<\/ul>\n\n\n\n<p>*<a href=\"https:\/\/www.etoro.com\/da-dk\/money\/availability\/\">Klik her<\/a> for at se, om du er berettiget til din konto i lokal valuta.<\/p>\n\n\n\n<p>Nedenfor kan du se, hvordan du g\u00f8r begge dele.<\/p>\n\n\n\n<p><strong>H\u00e6v midler fra din eToro USD-investeringskonto<\/strong><\/p>\n\n\n\n<p>N\u00e5r <a href=\"https:\/\/help.etoro.com\/s\/article\/what-is-the-minimum-withdrawal-amount?language=en_GB\">du har kontrolleret, at det bel\u00f8b, du \u00f8nsker at h\u00e6ve, er tilg\u00e6ngeligt<\/a> p\u00e5 din disponible saldo, kan du sende en anmodning om udbetaling ved at f\u00f8lge disse trin:<\/p>\n\n\n\n<ol class=\"wp-block-list wp-block-list\">\n<li>Klik p\u00e5 knappen <strong>Udbetal penge <\/strong>i menuen til venstre.<\/li>\n<\/ol>\n\n\n\n<figure class=\"wp-block-image size-full\"><img loading=\"lazy\" decoding=\"async\" width=\"377\" height=\"131\" src=\"https:\/\/www.etoro.com\/wp-content\/uploads\/2026\/01\/Q-1-withdrawl-1.jpg\" alt=\"\" class=\"wp-image-1208823 wp-image-desktop\" srcset=\"https:\/\/www.etoro.com\/wp-content\/uploads\/2026\/01\/Q-1-withdrawl-1.jpg 377w, https:\/\/www.etoro.com\/wp-content\/uploads\/2026\/01\/Q-1-withdrawl-1-300x104.jpg 300w\" sizes=\"(max-width: 377px) 100vw, 377px\" \/><\/figure>\n\n\n\n<p>2. Under Udbetaling skal du indtaste det bel\u00f8b, du \u00f8nsker at udbetale,<strong>og v\u00e6lge N\u00e6ste.<\/strong><\/p>\n\n\n\n<figure class=\"wp-block-image size-full\"><img loading=\"lazy\" decoding=\"async\" width=\"512\" height=\"424\" src=\"https:\/\/www.etoro.com\/wp-content\/uploads\/2025\/07\/Withdrawl-q-2-1.png\" alt=\"\" class=\"wp-image-1085728 wp-image-desktop\" srcset=\"https:\/\/www.etoro.com\/wp-content\/uploads\/2025\/07\/Withdrawl-q-2-1.png 512w, https:\/\/www.etoro.com\/wp-content\/uploads\/2025\/07\/Withdrawl-q-2-1-300x248.png 300w\" sizes=\"(max-width: 512px) 100vw, 512px\" \/><\/figure>\n\n\n\n<p>3. Du f\u00e5r vist dine udbetalingsoplysninger med din standardbetalingsmetode valgt. V\u00e6lg <strong>Andre betalingsmuligheder<\/strong>, hvis du \u00f8nsker at v\u00e6lge fra en liste over alternative betalingsmetoder, som du tidligere har benyttet, eller tilf\u00f8je en ny betalingsmetode.<\/p>\n\n\n\n<figure class=\"wp-block-image size-full\"><img loading=\"lazy\" decoding=\"async\" width=\"512\" height=\"437\" src=\"https:\/\/www.etoro.com\/wp-content\/uploads\/2025\/07\/3-image-1.png\" alt=\"\" class=\"wp-image-1085752 wp-image-desktop\" srcset=\"https:\/\/www.etoro.com\/wp-content\/uploads\/2025\/07\/3-image-1.png 512w, https:\/\/www.etoro.com\/wp-content\/uploads\/2025\/07\/3-image-1-300x256.png 300w\" sizes=\"(max-width: 512px) 100vw, 512px\" \/><\/figure>\n\n\n\n<p>4. Klik p\u00e5 <strong>Send<\/strong><\/p>\n\n\n\n<p><strong>H\u00e6v penge fra din konto i lokale valuta til din bankkonto<\/strong>.<\/p>\n\n\n\n<p>Det er hurtigt og nemt at h\u00e6ve penge fra din konto i lokal valuta til en ekstern bankkonto. Hvis den konto, du \u00f8nsker at overf\u00f8re pengene til, ikke allerede er oprettet, skal du tilf\u00f8je en ny betalingsmodtager.<\/p>\n\n\n\n<ol class=\"wp-block-list wp-block-list\">\n<li>G\u00e5 til <a href=\"https:\/\/www.etoro.com\/da-dk\/wallet\">fanen Wallet<\/a>\n<ul class=\"wp-block-list wp-block-list wp-block-list-circle\">\n<li>I eToros webversion skal du v\u00e6lge <strong>Wallet<\/strong> i sidemenuen<\/li>\n\n\n\n<li>I eToros mobilapp, tryk p\u00e5 <strong>Wallet<\/strong> nederst p\u00e5 sk\u00e6rmen.<\/li>\n<\/ul>\n<\/li>\n\n\n\n<li>V\u00e6lg din konto i lokal valuta.<\/li>\n\n\n\n<li>Klik p\u00e5 <strong>Send betaling<\/strong>.<\/li>\n\n\n\n<li>V\u00e6lg din konto, eller tilf\u00f8j den som betalingsmodtager<\/li>\n\n\n\n<li>Indtast bel\u00f8bet og referencen (f.eks. hvad de skal bruges til).<\/li>\n\n\n\n<li>Gennemg\u00e5 og bekr\u00e6ft betalingen.<\/li>\n<\/ol>\n\n\n\n<p>Bem\u00e6rk: De fleste betalinger sker med det samme, men i nogle tilf\u00e6lde kan det tage op til tre hverdage.<\/p>\n\n\n\n<p>Kan du ikke h\u00e6ve penge? <a href=\"https:\/\/help.etoro.com\/s\/article\/why-can-t-i-withdraw-funds-from-my-etoro-investment-account?language=da\">Klik her<\/a> for at finde ud af mere.re.<\/p>\n\n\n\n<p class=\"is-style-disclaimer\"><\/p>\n<\/dd><\/div>\n\n\n\n<div class=\"wp-block-etoro-faq-item\"><dt class=\"wp-block-etoro-faq-item-question\">Hvor lang tid tager det at behandle min anmodning om h\u00e6vning, og hvorn\u00e5r modtager jeg mine penge?<\/dt><dd class=\"wp-block-etoro-faq-item-answer\">\n<p>Vi vil sende dig en e-mail for at bekr\u00e6fte din udbetalingsstatus inden for to arbejdsdage efter din anmodning.<\/p>\n\n\n\n<p>Normalt vil du modtage dine penge inden for f\u00e5 dage. Men fra det tidspunkt, hvor du anmoder om udbetalingen, kan det tage op til 10 hverdage afh\u00e6ngigt af den anvendte betalingsmetode:<\/p>\n\n\n\n<figure class=\"wp-block-table\"><div class=\"wp-block-table-content\"><div class=\"wp-block-table-content-nav wp-block-table-content-nav-left\"><div class=\"wp-block-table-content-nav-arrow wp-block-table-content-nav-arrow-left\"><\/div><\/div><div class=\"wp-block-table-content-nav wp-block-table-content-nav-right\"><div class=\"wp-block-table-content-nav-arrow wp-block-table-content-nav-arrow-right\"><\/div><\/div><div class=\"wp-block-table-content-table\"><table><thead><tr><th class=\"has-text-align-left\" data-align=\"left\">Betalingsmetode<\/th><th class=\"has-text-align-left\" data-align=\"left\">Tid f\u00f8r du modtager midler efter udbetalingsanmodning<\/th><\/tr><\/thead><tbody><tr><td class=\"has-text-align-left\" data-align=\"left\">Kreditkort\/debetkort<\/td><td class=\"has-text-align-left\" data-align=\"left\">Op til 5 arbejdsdage<\/td><\/tr><tr><td class=\"has-text-align-left\" data-align=\"left\">Bankoverf\u00f8rsel<\/td><td class=\"has-text-align-left\" data-align=\"left\">Op til 5 arbejdsdage<\/td><\/tr><tr><td class=\"has-text-align-left\" data-align=\"left\">PayPal<\/td><td class=\"has-text-align-left\" data-align=\"left\">Op til to arbejdsdage<\/td><\/tr><tr><td class=\"has-text-align-left\" data-align=\"left\">Neteller<\/td><td class=\"has-text-align-left\" data-align=\"left\">Op til to arbejdsdage<\/td><\/tr><tr><td class=\"has-text-align-left\" data-align=\"left\">Skrill<\/td><td class=\"has-text-align-left\" data-align=\"left\">Op til to arbejdsdage<\/td><\/tr><tr><td class=\"has-text-align-left\" data-align=\"left\">Trustly<\/td><td class=\"has-text-align-left\" data-align=\"left\">Op til to arbejdsdage<\/td><\/tr><tr><td class=\"has-text-align-left\" data-align=\"left\">iDEAL<\/td><td class=\"has-text-align-left\" data-align=\"left\">Op til to arbejdsdage<\/td><\/tr><\/tbody><\/table><\/div><\/div><\/figure>\n<\/dd><\/div>\n\n\n\n<div class=\"wp-block-etoro-faq-item\"><dt class=\"wp-block-etoro-faq-item-question\">Hvordan kan jeg annullere min h\u00e6vning?<\/dt><dd class=\"wp-block-etoro-faq-item-answer\">\n<p>For at annullere din anmodning om h\u00e6vning bedes du f\u00f8lge nedenst\u00e5ende trin:<\/p>\n\n\n\n<ol class=\"wp-block-list wp-block-list\">\n<li>F\u00e5 adgang til din h\u00e6veanmodning her eller ved at indtaste din handelskonto og klikke p\u00e5 fanen \u201cH\u00e6v penge\u201d.<\/li>\n\n\n\n<li>Der kommer en pop op meddelelse. Brug linket \u201cKlik her\u201d for at se din h\u00e6vehistorik.<\/li>\n\n\n\n<li>Klik p\u00e5 knappen \u201cTilbagef\u00f8r\u201d, som vises ved siden af udbetalingsanmodningen. Bem\u00e6rk, at hvis din transaktionsstatus vises som \u201cunder behandling\u201d, kan du ikke l\u00e6ngere annullere din anmodning.<\/li>\n\n\n\n<li>Bekr\u00e6ft, at du \u00f8nsker at annullere anmodningen.<\/li>\n\n\n\n<li>Alle penge, inkl. h\u00e6vegebyr, bliver \u00f8jeblikkeligt returneret til saldoen p\u00e5 din konto.<\/li>\n<\/ol>\n<\/dd><\/div>\n\n\n\n<div class=\"wp-block-etoro-faq-item\"><dt class=\"wp-block-etoro-faq-item-question\">Hvad er betingelserne for at oprette en h\u00e6veanmodning?<\/dt><dd class=\"wp-block-etoro-faq-item-answer\">\n<ol class=\"wp-block-list wp-block-list\">\n<li>Mindste udbetalingsbel\u00f8b er $30<\/li>\n\n\n\n<li>Du skal have adgang til penge, der kan h\u00e6ves<\/li>\n\n\n\n<li>Din konto skal valideres, og det vil sige, at der vises et gr\u00f8nt flueben p\u00e5 din profil (hvis du endnu ikke har bekr\u00e6ftet din konto, s\u00e5 kontakt os, og upload de forn\u00f8dne dokumenter)<\/li>\n<\/ol>\n\n\n\n<p>Dine personlige informationer, betalingsoplysninger og medf\u00f8lgede dokumentation bliver beskyttet af eToros stringente informationssikkerhedspolitik. Strikse retningslinjer der sikrer din private information er p\u00e5 plads og vil kunne tilfredsstille selv de mest sikkerhedsbevidste slutbrugere af finansielle tjenester.<\/p>\n\n\n\n<p>Du kan finde flere informationer her: eToros&nbsp;<a href=\"https:\/\/www.etoro.com\/customer-service\/privacy\/\">Privatlivspolitik<\/a>.<\/p>\n<\/dd><\/div>\n\n\n\n<div class=\"wp-block-etoro-faq-item\"><dt class=\"wp-block-etoro-faq-item-question\">Er der noget h\u00e6vegebyr?<\/dt><dd class=\"wp-block-etoro-faq-item-answer\">\n<p>Ja, h\u00e6veanmodninger er p\u00e5lagt et behandlingsgebyr- Du kan se de faktiske bel\u00f8b n\u00e5r du foretager anmodninger, efter du har indtastet det \u00f8nskede bel\u00f8b. P\u00e5 dette tidspunkt kan du stadig nemt stoppe anmodningen.<\/p>\n\n\n\n<figure class=\"wp-block-table\"><div class=\"wp-block-table-content\"><div class=\"wp-block-table-content-nav wp-block-table-content-nav-left\"><div class=\"wp-block-table-content-nav-arrow wp-block-table-content-nav-arrow-left\"><\/div><\/div><div class=\"wp-block-table-content-nav wp-block-table-content-nav-right\"><div class=\"wp-block-table-content-nav-arrow wp-block-table-content-nav-arrow-right\"><\/div><\/div><div class=\"wp-block-table-content-table\"><table><thead><tr><th class=\"has-text-align-left\" data-align=\"left\"><strong>Udbetalingsbel\u00f8b (USD)<\/strong><\/th><th class=\"has-text-align-left\" data-align=\"left\"><strong>Gebyr (USD)<\/strong><\/th><\/tr><\/thead><tbody><tr><td class=\"has-text-align-left\" data-align=\"left\">30.00 +<\/td><td class=\"has-text-align-left\" data-align=\"left\">5<\/td><\/tr><\/tbody><\/table><\/div><\/div><\/figure>\n\n\n\n<p>Alle udbetalinger sendt i andre valutaer end USD er p\u00e5lagt et vekselgebyr. Oplysninger om vores gebyrer kan findes her:&nbsp;<a href=\"https:\/\/www.etoro.com\/da-dk\/trading\/market-hours-fees\/\">Gebyrer<\/a>. Bem\u00e6rk, at du m\u00e5ske bliver p\u00e5lagt gebyr af betalingsformidleren involveret i overf\u00f8rslen (formidlende bank, modtagende bank eller din kreditkortudbyder).<\/p>\n<\/dd><\/div>\n\n\n\n<div class=\"wp-block-etoro-faq-item\"><dt class=\"wp-block-etoro-faq-item-question\">Hvordan f\u00e5r jeg at vide, om min h\u00e6veanmodning er blevet behandlet?<\/dt><dd class=\"wp-block-etoro-faq-item-answer\">\n<p>N\u00e5r du udbetaler fra din eToro-konto til din eToro Money-konto, overf\u00f8res det \u00f8jeblikkeligt*, og du kan se det i din eToro Money app.<\/p>\n\n\n\n<p>Med andre betalingsmetoder vil du, n\u00e5r behandlingen er overst\u00e5et, modtage en bekr\u00e6ftigelse p\u00e5 e-mail med betalingsdetaljer for den metode, du benyttede til udbetaling. Derudover kan du klikke&nbsp;<a href=\"https:\/\/www.etoro.com\/da-dk\/portfolio\/history\/cashflows\">her<\/a>&nbsp;for at se den nuv\u00e6rende status for anmodningen p\u00e5 din eToro-konto.<\/p>\n\n\n\n<p>* Af forskellige \u00e5rsager, der inkluderer sikkerhedsprocedurer, kan nogle udbetaler kun behandles den n\u00e6ste bankdag.<\/p>\n<\/dd><\/div>\n\n\n\n<div class=\"wp-block-etoro-faq-item\"><dt class=\"wp-block-etoro-faq-item-question\">Hvad skal jeg g\u00f8re, hvis mine penge ikke bliver vist p\u00e5 min konto?<\/dt><dd class=\"wp-block-etoro-faq-item-answer\">\n<p>1. Klik&nbsp;<a href=\"https:\/\/www.etoro.com\/da-dk\/portfolio\/history\/cashflows\">her<\/a>&nbsp;for at se den aktuelle status p\u00e5 din h\u00e6veanmodning. En anden mulighed er, at du kan tjekke den e-mail, du modtog i forbindelse med behandlingen af din h\u00e6vning, for den vil angive den betalingsmetode som pengene blev sendt med og datoen for behandlingen af sagen.<\/p>\n\n\n\n<p>2. S\u00f8rg for, at der er g\u00e5et nok tid til, at udbetalingen kan behandles og overf\u00f8res til din konto. Nogle udbetalinger kan udelukkende behandles p\u00e5 den f\u00f8lgende arbejdsdag efter din anmodning, og selve behandlingen kan tage yderligere 10 hverdage afh\u00e6ngigt af den anvendte betalingsmetode<\/p>\n\n\n\n<figure class=\"wp-block-table\"><div class=\"wp-block-table-content\"><div class=\"wp-block-table-content-nav wp-block-table-content-nav-left\"><div class=\"wp-block-table-content-nav-arrow wp-block-table-content-nav-arrow-left\"><\/div><\/div><div class=\"wp-block-table-content-nav wp-block-table-content-nav-right\"><div class=\"wp-block-table-content-nav-arrow wp-block-table-content-nav-arrow-right\"><\/div><\/div><div class=\"wp-block-table-content-table\"><table><thead><tr><th class=\"has-text-align-left\" data-align=\"left\">Betalingsmetode<\/th><th class=\"has-text-align-left\" data-align=\"left\">Tid til at modtage penge efter udbetalingsanmodning<\/th><\/tr><\/thead><tbody><tr><td class=\"has-text-align-left\" data-align=\"left\">eToro Money*<\/td><td class=\"has-text-align-left\" data-align=\"left\">\u00d8jeblikkelig udbetaling<\/td><\/tr><tr><td class=\"has-text-align-left\" data-align=\"left\">Kredit \/ Debitkort<\/td><td class=\"has-text-align-left\" data-align=\"left\">Op til 10 arbejdsdage<\/td><\/tr><tr><td class=\"has-text-align-left\" data-align=\"left\">Bankoverf\u00f8rsel<\/td><td class=\"has-text-align-left\" data-align=\"left\">Op til 10 arbejdsdage<\/td><\/tr><tr><td class=\"has-text-align-left\" data-align=\"left\">PayPal<\/td><td class=\"has-text-align-left\" data-align=\"left\">Op til 2 arbejdsdage<\/td><\/tr><tr><td class=\"has-text-align-left\" data-align=\"left\">Neteller<\/td><td class=\"has-text-align-left\" data-align=\"left\">Op til 2 arbejdsdage<\/td><\/tr><tr><td class=\"has-text-align-left\" data-align=\"left\">Skrill<\/td><td class=\"has-text-align-left\" data-align=\"left\">Op til 2 arbejdsdage<\/td><\/tr><tr><td class=\"has-text-align-left\" data-align=\"left\">Trustly<\/td><td class=\"has-text-align-left\" data-align=\"left\">Op til 2 arbejdsdage<\/td><\/tr><tr><td class=\"has-text-align-left\" data-align=\"left\">iDEAL<\/td><td class=\"has-text-align-left\" data-align=\"left\">Op til 2 arbejdsdage<\/td><\/tr><\/tbody><\/table><\/div><\/div><\/figure>\n\n\n\n<p>3. Hvis alt ovenst\u00e5ende er blevet kontrolleret, og du stadig ikke kan se dine penge, s\u00e5 kontakt os. Vi vil bede dig om at give os en betalingsmetodeerkl\u00e6ring, der viser indg\u00e5ende og udg\u00e5ende transaktioner fra det tidspunkt, hvor h\u00e6vning blev anmodet om, til det tidspunkt, hvor du kontaktede os. S\u00f8rg for, at vi kan se dit navn, transaktionsdatoer og betalingsmetodeoplysninger.<\/p>\n<\/dd><\/div>\n\n\n\n<div class=\"wp-block-etoro-faq-item\"><dt class=\"wp-block-etoro-faq-item-question\">Kan jeg overf\u00f8re penge fra eToro til PayPal?<\/dt><dd class=\"wp-block-etoro-faq-item-answer\">\n<p>Ja. Du b\u00f8r dog v\u00e6re opm\u00e6rksom p\u00e5, at denne overf\u00f8rselsmulighed kun er tilg\u00e6ngelig for kunder, som har brugt PayPal til at s\u00e6tte midler ind p\u00e5 deres konti.<a href=\"javascript:void(0)\"><\/a><\/p>\n<\/dd><\/div>\n<\/dl>\n<\/div>\n<\/div>\n<\/div><\/section>\n","protected":false},"excerpt":{"rendered":"<p>S\u00e5dan h\u00e6ver du penge fra din eToro-konto \u2013 Ofte stillede sp\u00f8rgsm\u00e5l<\/p>\n","protected":false},"author":1,"featured_media":1051978,"parent":30094,"menu_order":1445,"comment_status":"closed","ping_status":"closed","template":"","meta":{"_acf_changed":false,"inline_featured_image":false,"sticky_cta_settings":"","footnotes":""},"asset_type":[],"class_list":["post-30009","page","type-page","status-publish","has-post-thumbnail","hentry"],"acf":[],"yoast_head":"<title>S\u00e5dan h\u00e6ver du penge fra din eToro-konto<\/title>\n<meta name=\"description\" content=\"Alt du har brug for at vide omkring hvordan man h\u00e6ver penge fra eToros sociale handelsnetv\u00e6rk og svar p\u00e5 oftest stillede sp\u00f8rgsm\u00e5l.\" \/>\n<meta name=\"robots\" content=\"index, follow, max-snippet:-1, max-image-preview:large, max-video-preview:-1\" \/>\n<link rel=\"canonical\" href=\"https:\/\/www.etoro.com\/da-dk\/wp-json\/wp\/v2\/pages\/30009\" \/>\n<meta property=\"og:locale\" content=\"da_DK\" \/>\n<meta property=\"og:type\" content=\"article\" \/>\n<meta property=\"og:title\" content=\"S\u00e5dan h\u00e6ver du penge fra din eToro-konto\" \/>\n<meta property=\"og:description\" content=\"Alt du har brug for at vide omkring hvordan man h\u00e6ver penge fra eToros sociale handelsnetv\u00e6rk og svar p\u00e5 oftest stillede sp\u00f8rgsm\u00e5l.\" \/>\n<meta property=\"og:url\" content=\"https:\/\/www.etoro.com\/da-dk\/wp-json\/wp\/v2\/pages\/30009\" \/>\n<meta property=\"og:site_name\" content=\"eToro\" \/>\n<meta property=\"article:publisher\" content=\"https:\/\/www.facebook.com\/eToro\/\" \/>\n<meta property=\"article:modified_time\" content=\"2026-01-08T09:23:46+00:00\" \/>\n<meta property=\"og:image\" content=\"https:\/\/www.etoro.com\/wp-content\/uploads\/2025\/04\/Featured-image-DA-1200x630-1.png\" \/>\n\t<meta property=\"og:image:width\" content=\"1200\" \/>\n\t<meta property=\"og:image:height\" content=\"630\" \/>\n\t<meta property=\"og:image:type\" content=\"image\/png\" \/>\n<meta name=\"twitter:card\" content=\"summary_large_image\" \/>\n<meta name=\"twitter:site\" content=\"@eToro\" \/>\n<meta name=\"twitter:label1\" content=\"Est. reading time\" \/>\n\t<meta name=\"twitter:data1\" content=\"5 minutes\" \/>\n<script type=\"application\/ld+json\" class=\"yoast-schema-graph\">{\"@context\":\"https:\/\/schema.org\",\"@graph\":[{\"@type\":\"WebPage\",\"@id\":\"https:\/\/www.etoro.com\/da-dk\/customer-service\/withdraw-faq\/\",\"url\":\"https:\/\/www.etoro.com\/da-dk\/customer-service\/withdraw-faq\/\",\"name\":\"S\u00e5dan h\u00e6ver du penge fra din eToro-konto\",\"isPartOf\":{\"@id\":\"https:\/\/www.etoro.com\/da-dk\/#website\"},\"primaryImageOfPage\":{\"@id\":\"https:\/\/www.etoro.com\/da-dk\/customer-service\/withdraw-faq\/#primaryimage\"},\"image\":{\"@id\":\"https:\/\/www.etoro.com\/da-dk\/customer-service\/withdraw-faq\/#primaryimage\"},\"thumbnailUrl\":\"https:\/\/www.etoro.com\/wp-content\/uploads\/2025\/04\/Featured-image-DA-1200x630-1.png\",\"datePublished\":\"2017-10-26T05:21:46+00:00\",\"dateModified\":\"2026-01-08T09:23:46+00:00\",\"description\":\"Alt du har brug for at vide omkring hvordan man h\u00e6ver penge fra eToros sociale handelsnetv\u00e6rk og svar p\u00e5 oftest stillede sp\u00f8rgsm\u00e5l.\",\"breadcrumb\":{\"@id\":\"https:\/\/www.etoro.com\/da-dk\/customer-service\/withdraw-faq\/#breadcrumb\"},\"inLanguage\":\"da\",\"potentialAction\":[{\"@type\":\"ReadAction\",\"target\":[\"https:\/\/www.etoro.com\/da-dk\/customer-service\/withdraw-faq\/\"]}]},{\"@type\":\"ImageObject\",\"inLanguage\":\"da\",\"@id\":\"https:\/\/www.etoro.com\/da-dk\/customer-service\/withdraw-faq\/#primaryimage\",\"url\":\"https:\/\/www.etoro.com\/wp-content\/uploads\/2025\/04\/Featured-image-DA-1200x630-1.png\",\"contentUrl\":\"https:\/\/www.etoro.com\/wp-content\/uploads\/2025\/04\/Featured-image-DA-1200x630-1.png\",\"width\":1200,\"height\":630},{\"@type\":\"BreadcrumbList\",\"@id\":\"https:\/\/www.etoro.com\/da-dk\/customer-service\/withdraw-faq\/#breadcrumb\",\"itemListElement\":[{\"@type\":\"ListItem\",\"position\":1,\"name\":\"HJEM\",\"item\":\"https:\/\/www.etoro.com\/da-dk\/\"},{\"@type\":\"ListItem\",\"position\":2,\"name\":\"KUNDESERVICE\",\"item\":\"https:\/\/www.etoro.com\/da-dk\/customer-service\/\"},{\"@type\":\"ListItem\",\"position\":3,\"name\":\"FAQ TIL H\u00c6VNINGER\"}]},{\"@type\":\"WebSite\",\"@id\":\"https:\/\/www.etoro.com\/da-dk\/#website\",\"url\":\"https:\/\/www.etoro.com\/da-dk\/\",\"name\":\"eToro\",\"description\":\"\",\"publisher\":{\"@id\":\"https:\/\/www.etoro.com\/da-dk\/#organization\"},\"potentialAction\":[{\"@type\":\"SearchAction\",\"target\":{\"@type\":\"EntryPoint\",\"urlTemplate\":\"https:\/\/www.etoro.com\/da-dk\/?s={search_term_string}\"},\"query-input\":{\"@type\":\"PropertyValueSpecification\",\"valueRequired\":true,\"valueName\":\"search_term_string\"}}],\"inLanguage\":\"da\"},[]]}<\/script>","yoast_head_json":{"title":"S\u00e5dan h\u00e6ver du penge fra din eToro-konto","description":"Alt du har brug for at vide omkring hvordan man h\u00e6ver penge fra eToros sociale handelsnetv\u00e6rk og svar p\u00e5 oftest stillede sp\u00f8rgsm\u00e5l.","robots":{"index":"index","follow":"follow","max-snippet":"max-snippet:-1","max-image-preview":"max-image-preview:large","max-video-preview":"max-video-preview:-1"},"canonical":"https:\/\/www.etoro.com\/da-dk\/wp-json\/wp\/v2\/pages\/30009","og_locale":"da_DK","og_type":"article","og_title":"S\u00e5dan h\u00e6ver du penge fra din eToro-konto","og_description":"Alt du har brug for at vide omkring hvordan man h\u00e6ver penge fra eToros sociale handelsnetv\u00e6rk og svar p\u00e5 oftest stillede sp\u00f8rgsm\u00e5l.","og_url":"https:\/\/www.etoro.com\/da-dk\/wp-json\/wp\/v2\/pages\/30009","og_site_name":"eToro","article_publisher":"https:\/\/www.facebook.com\/eToro\/","article_modified_time":"2026-01-08T09:23:46+00:00","og_image":[{"width":1200,"height":630,"url":"https:\/\/www.etoro.com\/wp-content\/uploads\/2025\/04\/Featured-image-DA-1200x630-1.png","type":"image\/png"}],"twitter_card":"summary_large_image","twitter_site":"@eToro","twitter_misc":{"Est. reading time":"5 minutes"},"schema":{"@context":"https:\/\/schema.org","@graph":[{"@type":"WebPage","@id":"https:\/\/www.etoro.com\/da-dk\/customer-service\/withdraw-faq\/","url":"https:\/\/www.etoro.com\/da-dk\/customer-service\/withdraw-faq\/","name":"S\u00e5dan h\u00e6ver du penge fra din eToro-konto","isPartOf":{"@id":"https:\/\/www.etoro.com\/da-dk\/#website"},"primaryImageOfPage":{"@id":"https:\/\/www.etoro.com\/da-dk\/customer-service\/withdraw-faq\/#primaryimage"},"image":{"@id":"https:\/\/www.etoro.com\/da-dk\/customer-service\/withdraw-faq\/#primaryimage"},"thumbnailUrl":"https:\/\/www.etoro.com\/wp-content\/uploads\/2025\/04\/Featured-image-DA-1200x630-1.png","datePublished":"2017-10-26T05:21:46+00:00","dateModified":"2026-01-08T09:23:46+00:00","description":"Alt du har brug for at vide omkring hvordan man h\u00e6ver penge fra eToros sociale handelsnetv\u00e6rk og svar p\u00e5 oftest stillede sp\u00f8rgsm\u00e5l.","breadcrumb":{"@id":"https:\/\/www.etoro.com\/da-dk\/customer-service\/withdraw-faq\/#breadcrumb"},"inLanguage":"da","potentialAction":[{"@type":"ReadAction","target":["https:\/\/www.etoro.com\/da-dk\/customer-service\/withdraw-faq\/"]}]},{"@type":"ImageObject","inLanguage":"da","@id":"https:\/\/www.etoro.com\/da-dk\/customer-service\/withdraw-faq\/#primaryimage","url":"https:\/\/www.etoro.com\/wp-content\/uploads\/2025\/04\/Featured-image-DA-1200x630-1.png","contentUrl":"https:\/\/www.etoro.com\/wp-content\/uploads\/2025\/04\/Featured-image-DA-1200x630-1.png","width":1200,"height":630},{"@type":"BreadcrumbList","@id":"https:\/\/www.etoro.com\/da-dk\/customer-service\/withdraw-faq\/#breadcrumb","itemListElement":[{"@type":"ListItem","position":1,"name":"HJEM","item":"https:\/\/www.etoro.com\/da-dk\/"},{"@type":"ListItem","position":2,"name":"KUNDESERVICE","item":"https:\/\/www.etoro.com\/da-dk\/customer-service\/"},{"@type":"ListItem","position":3,"name":"FAQ TIL H\u00c6VNINGER"}]},{"@type":"WebSite","@id":"https:\/\/www.etoro.com\/da-dk\/#website","url":"https:\/\/www.etoro.com\/da-dk\/","name":"eToro","description":"","publisher":{"@id":"https:\/\/www.etoro.com\/da-dk\/#organization"},"potentialAction":[{"@type":"SearchAction","target":{"@type":"EntryPoint","urlTemplate":"https:\/\/www.etoro.com\/da-dk\/?s={search_term_string}"},"query-input":{"@type":"PropertyValueSpecification","valueRequired":true,"valueName":"search_term_string"}}],"inLanguage":"da"},[]]}},"_links":{"self":[{"href":"https:\/\/www.etoro.com\/da-dk\/wp-json\/wp\/v2\/pages\/30009"}],"collection":[{"href":"https:\/\/www.etoro.com\/da-dk\/wp-json\/wp\/v2\/pages"}],"about":[{"href":"https:\/\/www.etoro.com\/da-dk\/wp-json\/wp\/v2\/types\/page"}],"author":[{"embeddable":true,"href":"https:\/\/www.etoro.com\/da-dk\/wp-json\/wp\/v2\/users\/1"}],"replies":[{"embeddable":true,"href":"https:\/\/www.etoro.com\/da-dk\/wp-json\/wp\/v2\/comments?post=30009"}],"version-history":[{"count":0,"href":"https:\/\/www.etoro.com\/da-dk\/wp-json\/wp\/v2\/pages\/30009\/revisions"}],"up":[{"embeddable":true,"href":"https:\/\/www.etoro.com\/da-dk\/wp-json\/wp\/v2\/pages\/30094"}],"wp:featuredmedia":[{"embeddable":true,"href":"https:\/\/www.etoro.com\/da-dk\/wp-json\/wp\/v2\/media\/1051978"}],"wp:attachment":[{"href":"https:\/\/www.etoro.com\/da-dk\/wp-json\/wp\/v2\/media?parent=30009"}],"wp:term":[{"taxonomy":"asset_type","embeddable":true,"href":"https:\/\/www.etoro.com\/da-dk\/wp-json\/wp\/v2\/asset_type?post=30009"}],"curies":[{"name":"wp","href":"https:\/\/api.w.org\/{rel}","templated":true}]}}