{"id":30094,"date":"2017-08-30T15:15:26","date_gmt":"2017-08-30T12:15:26","guid":{"rendered":"http:\/\/www.etoro.com\/customer-service\/"},"modified":"2018-11-26T16:19:31","modified_gmt":"2018-11-26T14:19:31","slug":"customer-service","status":"publish","type":"page","link":"https:\/\/www.etoro.com\/da-dk\/customer-service\/","title":{"rendered":"Kundeservice"},"content":{"rendered":"<h1>Kundeservicecenter<\/h1>\n<p>Velkommen til kundeservicecentret, hvor der er alt, hvad du har brug for til at spore status for dine \u00e5bne sager, bevare optegnelser over lukkede sager, s\u00f8ge efter svar p\u00e5 dine sp\u00f8rgsm\u00e5l i vidensbasen og indsende sp\u00f8rgsm\u00e5l og feedback direkte til vores team<\/p>\n","protected":false},"excerpt":{"rendered":"<p>Kundeservicecenter Velkommen til kundeservicecentret, hvor der er alt, hvad du har brug for til at spore status for dine \u00e5bne sager, bevare optegnelser over lukkede sager, s\u00f8ge efter svar p\u00e5 dine sp\u00f8rgsm\u00e5l i vidensbasen og indsende sp\u00f8rgsm\u00e5l og feedback direkte til vores team<\/p>\n","protected":false},"author":1,"featured_media":0,"parent":0,"menu_order":1759,"comment_status":"closed","ping_status":"closed","template":"template-support.php","meta":{"_acf_changed":false,"inline_featured_image":false,"sticky_cta_settings":"","footnotes":""},"asset_type":[],"class_list":["post-30094","page","type-page","status-publish","hentry"],"acf":[],"yoast_head":"<title>Kundeservice | eToro<\/title>\n<meta name=\"description\" content=\"Har du sp\u00f8rgsm\u00e5l eller brug for hj\u00e6lp til eToros platform? P\u00e5 denne side finder du m\u00e5der at kontakte kundeservice p\u00e5, og de vil meget gerne hj\u00e6lpe dig.\" \/>\n<meta name=\"robots\" content=\"index, follow, max-snippet:-1, max-image-preview:large, max-video-preview:-1\" \/>\n<link rel=\"canonical\" href=\"https:\/\/www.etoro.com\/da-dk\/wp-json\/wp\/v2\/pages\/30094\" \/>\n<meta property=\"og:locale\" content=\"da_DK\" \/>\n<meta property=\"og:type\" content=\"article\" \/>\n<meta property=\"og:title\" content=\"Kundeservice | eToro\" \/>\n<meta property=\"og:description\" content=\"Har du sp\u00f8rgsm\u00e5l eller brug for hj\u00e6lp til eToros platform? P\u00e5 denne side finder du m\u00e5der at kontakte kundeservice p\u00e5, og de vil meget gerne hj\u00e6lpe dig.\" \/>\n<meta property=\"og:url\" content=\"https:\/\/www.etoro.com\/da-dk\/wp-json\/wp\/v2\/pages\/30094\" \/>\n<meta property=\"og:site_name\" content=\"eToro\" \/>\n<meta property=\"article:publisher\" content=\"https:\/\/www.facebook.com\/eToro\/\" \/>\n<meta property=\"article:modified_time\" content=\"2018-11-26T14:19:31+00:00\" \/>\n<meta property=\"og:image\" content=\"https:\/\/www.etoro.com\/wp-content\/uploads\/2019\/12\/etoro_logo_social_share1.png\" \/>\n\t<meta property=\"og:image:width\" content=\"240\" \/>\n\t<meta property=\"og:image:height\" content=\"240\" \/>\n\t<meta property=\"og:image:type\" content=\"image\/png\" \/>\n<meta name=\"twitter:card\" content=\"summary_large_image\" \/>\n<meta name=\"twitter:site\" content=\"@eToro\" \/>\n<script type=\"application\/ld+json\" class=\"yoast-schema-graph\">{\"@context\":\"https:\/\/schema.org\",\"@graph\":[{\"@type\":\"WebPage\",\"@id\":\"https:\/\/www.etoro.com\/da-dk\/customer-service\/\",\"url\":\"https:\/\/www.etoro.com\/da-dk\/customer-service\/\",\"name\":\"Kundeservice | eToro\",\"isPartOf\":{\"@id\":\"https:\/\/www.etoro.com\/da-dk\/#website\"},\"datePublished\":\"2017-08-30T12:15:26+00:00\",\"dateModified\":\"2018-11-26T14:19:31+00:00\",\"description\":\"Har du sp\u00f8rgsm\u00e5l eller brug for hj\u00e6lp til eToros platform? P\u00e5 denne side finder du m\u00e5der at kontakte kundeservice p\u00e5, og de vil meget gerne hj\u00e6lpe dig.\",\"breadcrumb\":{\"@id\":\"https:\/\/www.etoro.com\/da-dk\/customer-service\/#breadcrumb\"},\"inLanguage\":\"da\",\"potentialAction\":[{\"@type\":\"ReadAction\",\"target\":[\"https:\/\/www.etoro.com\/da-dk\/customer-service\/\"]}]},{\"@type\":\"BreadcrumbList\",\"@id\":\"https:\/\/www.etoro.com\/da-dk\/customer-service\/#breadcrumb\",\"itemListElement\":[{\"@type\":\"ListItem\",\"position\":1,\"name\":\"HJEM\",\"item\":\"https:\/\/www.etoro.com\/da-dk\/\"},{\"@type\":\"ListItem\",\"position\":2,\"name\":\"KUNDESERVICE\"}]},{\"@type\":\"WebSite\",\"@id\":\"https:\/\/www.etoro.com\/da-dk\/#website\",\"url\":\"https:\/\/www.etoro.com\/da-dk\/\",\"name\":\"eToro\",\"description\":\"\",\"publisher\":{\"@id\":\"https:\/\/www.etoro.com\/da-dk\/#organization\"},\"potentialAction\":[{\"@type\":\"SearchAction\",\"target\":{\"@type\":\"EntryPoint\",\"urlTemplate\":\"https:\/\/www.etoro.com\/da-dk\/?s={search_term_string}\"},\"query-input\":{\"@type\":\"PropertyValueSpecification\",\"valueRequired\":true,\"valueName\":\"search_term_string\"}}],\"inLanguage\":\"da\"},[]]}<\/script>","yoast_head_json":{"title":"Kundeservice | eToro","description":"Har du sp\u00f8rgsm\u00e5l eller brug for hj\u00e6lp til eToros platform? P\u00e5 denne side finder du m\u00e5der at kontakte kundeservice p\u00e5, og de vil meget gerne hj\u00e6lpe dig.","robots":{"index":"index","follow":"follow","max-snippet":"max-snippet:-1","max-image-preview":"max-image-preview:large","max-video-preview":"max-video-preview:-1"},"canonical":"https:\/\/www.etoro.com\/da-dk\/wp-json\/wp\/v2\/pages\/30094","og_locale":"da_DK","og_type":"article","og_title":"Kundeservice | eToro","og_description":"Har du sp\u00f8rgsm\u00e5l eller brug for hj\u00e6lp til eToros platform? P\u00e5 denne side finder du m\u00e5der at kontakte kundeservice p\u00e5, og de vil meget gerne hj\u00e6lpe dig.","og_url":"https:\/\/www.etoro.com\/da-dk\/wp-json\/wp\/v2\/pages\/30094","og_site_name":"eToro","article_publisher":"https:\/\/www.facebook.com\/eToro\/","article_modified_time":"2018-11-26T14:19:31+00:00","og_image":[{"width":240,"height":240,"url":"https:\/\/www.etoro.com\/wp-content\/uploads\/2019\/12\/etoro_logo_social_share1.png","type":"image\/png"}],"twitter_card":"summary_large_image","twitter_site":"@eToro","schema":{"@context":"https:\/\/schema.org","@graph":[{"@type":"WebPage","@id":"https:\/\/www.etoro.com\/da-dk\/customer-service\/","url":"https:\/\/www.etoro.com\/da-dk\/customer-service\/","name":"Kundeservice | eToro","isPartOf":{"@id":"https:\/\/www.etoro.com\/da-dk\/#website"},"datePublished":"2017-08-30T12:15:26+00:00","dateModified":"2018-11-26T14:19:31+00:00","description":"Har du sp\u00f8rgsm\u00e5l eller brug for hj\u00e6lp til eToros platform? P\u00e5 denne side finder du m\u00e5der at kontakte kundeservice p\u00e5, og de vil meget gerne hj\u00e6lpe dig.","breadcrumb":{"@id":"https:\/\/www.etoro.com\/da-dk\/customer-service\/#breadcrumb"},"inLanguage":"da","potentialAction":[{"@type":"ReadAction","target":["https:\/\/www.etoro.com\/da-dk\/customer-service\/"]}]},{"@type":"BreadcrumbList","@id":"https:\/\/www.etoro.com\/da-dk\/customer-service\/#breadcrumb","itemListElement":[{"@type":"ListItem","position":1,"name":"HJEM","item":"https:\/\/www.etoro.com\/da-dk\/"},{"@type":"ListItem","position":2,"name":"KUNDESERVICE"}]},{"@type":"WebSite","@id":"https:\/\/www.etoro.com\/da-dk\/#website","url":"https:\/\/www.etoro.com\/da-dk\/","name":"eToro","description":"","publisher":{"@id":"https:\/\/www.etoro.com\/da-dk\/#organization"},"potentialAction":[{"@type":"SearchAction","target":{"@type":"EntryPoint","urlTemplate":"https:\/\/www.etoro.com\/da-dk\/?s={search_term_string}"},"query-input":{"@type":"PropertyValueSpecification","valueRequired":true,"valueName":"search_term_string"}}],"inLanguage":"da"},[]]}},"_links":{"self":[{"href":"https:\/\/www.etoro.com\/da-dk\/wp-json\/wp\/v2\/pages\/30094"}],"collection":[{"href":"https:\/\/www.etoro.com\/da-dk\/wp-json\/wp\/v2\/pages"}],"about":[{"href":"https:\/\/www.etoro.com\/da-dk\/wp-json\/wp\/v2\/types\/page"}],"author":[{"embeddable":true,"href":"https:\/\/www.etoro.com\/da-dk\/wp-json\/wp\/v2\/users\/1"}],"replies":[{"embeddable":true,"href":"https:\/\/www.etoro.com\/da-dk\/wp-json\/wp\/v2\/comments?post=30094"}],"version-history":[{"count":0,"href":"https:\/\/www.etoro.com\/da-dk\/wp-json\/wp\/v2\/pages\/30094\/revisions"}],"wp:attachment":[{"href":"https:\/\/www.etoro.com\/da-dk\/wp-json\/wp\/v2\/media?parent=30094"}],"wp:term":[{"taxonomy":"asset_type","embeddable":true,"href":"https:\/\/www.etoro.com\/da-dk\/wp-json\/wp\/v2\/asset_type?post=30094"}],"curies":[{"name":"wp","href":"https:\/\/api.w.org\/{rel}","templated":true}]}}