{"id":30112,"date":"2017-08-15T10:56:22","date_gmt":"2017-08-15T09:56:22","guid":{"rendered":"http:\/\/www.etoro.com\/customer-service\/terms-conditions\/"},"modified":"2026-01-06T16:55:37","modified_gmt":"2026-01-06T14:55:37","slug":"terms-conditions","status":"publish","type":"page","link":"https:\/\/www.etoro.com\/da-dk\/customer-service\/terms-conditions\/","title":{"rendered":"Vilk\u00e5r og betingelser"},"content":{"rendered":"<h2>eToro-kunder (Europa) bedes l\u00e6se eToro (Europa) Ltd.&#8217;s vilk\u00e5r og betingelser<\/h2>\n<div class=\"documets_table documents_table_two_cols\"><a file_type='pdf' class='document_td' href='https:\/\/www.etoro.com\/wp-content\/uploads\/2026\/01\/eToro-EU-Terms-and-Conditions-7-January-2026-Clean.pdf' target='_blank'>\n            <span class='document_td_vertical'>\n                <span class='file_name'>eToro (Europe) Ltd. Vilk\u00e5r og betingelser<\/span>\n                <span class='file_link'>Download PDF<\/span>\n            <\/span>\n        <\/a><a file_type='pdf' class='document_td' href='https:\/\/www.etoro.com\/wp-content\/uploads\/2026\/01\/eToro-EU-Terms-and-Conditions-German-Translation-7-January-2026-Clean.pdf' target='_blank'>\n            <span class='document_td_vertical'>\n                <span class='file_name'>eToro (EU) Terms and Conditions \u2013 German Translation<\/span>\n                <span class='file_link'>Download PDF<\/span>\n            <\/span>\n        <\/a><a file_type='pdf' class='document_td' href='https:\/\/www.etoro.com\/wp-content\/uploads\/2022\/10\/eToro-EU-Terms-and-Conditions-Spanish-Translation-Update-30-August-2022.pdf' target='_blank'>\n            <span class='document_td_vertical'>\n                <span class='file_name'>eToro (EU) Terms and Conditions \u2013 Spanish Translation<\/span>\n                <span class='file_link'>Download PDF<\/span>\n            <\/span>\n        <\/a><a file_type='pdf' class='document_td' href='https:\/\/www.etoro.com\/wp-content\/uploads\/2022\/10\/eToro-EU-Terms-and-Conditions-French-Translation-Update-30-August-2022.pdf' target='_blank'>\n            <span class='document_td_vertical'>\n                <span class='file_name'>eToro (EU) Terms and Conditions \u2013 French Translation<\/span>\n                <span class='file_link'>Download PDF<\/span>\n            <\/span>\n        <\/a><a file_type='pdf' class='document_td' href='https:\/\/www.etoro.com\/wp-content\/uploads\/2022\/10\/eToro-EU-Terms-and-Conditions-Italian-Translation-Update-30-August-2022.pdf' target='_blank'>\n            <span class='document_td_vertical'>\n                <span class='file_name'>eToro EU Terms and Conditions \u2013 Italian Translation<\/span>\n                <span class='file_link'>Download PDF<\/span>\n            <\/span>\n        <\/a><a file_type='pdf' class='document_td' href='https:\/\/www.etoro.com\/wp-content\/uploads\/2022\/10\/eToro-EU-Terms-and-Conditions-Arabic-Translation-Update-30-August-2022.pdf' target='_blank'>\n            <span class='document_td_vertical'>\n                <span class='file_name'>eToro (EU) Terms and Conditions \u2013 Arabic translation<\/span>\n                <span class='file_link'>Download PDF<\/span>\n            <\/span>\n        <\/a><\/div>\n<h2>eToro-kunder (Storbritannien) bedes l\u00e6se eToro (Storbritannien) Ltd.&#8217;s vilk\u00e5r og betingelser<\/h2>\n<div class=\"documets_table documents_table_two_cols\"><a file_type='pdf' class='document_td' href='https:\/\/www.etoro.com\/wp-content\/uploads\/2025\/09\/eToro-UK-Terms-and-Conditions-26-January-2026-Clean-1.pdf' target='_blank'>\n            <span class='document_td_vertical'>\n                <span class='file_name'>eToro (UK) Ltd. Vilk\u00e5r og betingelser<\/span>\n                <span class='file_link'>Download PDF<\/span>\n            <\/span>\n        <\/a><\/div>\n<h2>eToro-kunder (Australien) bedes l\u00e6se eToro AUS Capital Limited&#8217;s PDS, vilk\u00e5r for finansielle produkter og FSG&#8217;s<\/h2>\n<div class=\"documets_table documents_table_two_cols\"><a file_type='pdf' class='document_td' href='https:\/\/www.etoro.com\/wp-content\/uploads\/2021\/09\/20230724_PDS.pdf' target='_blank'>\n            <span class='document_td_vertical'>\n                <span class='file_name'>eToro AUS Capital Limited PDS<\/span>\n                <span class='file_link'>Download PDF<\/span>\n            <\/span>\n        <\/a><a file_type='pdf' class='document_td' href='https:\/\/www.etoro.com\/wp-content\/uploads\/2023\/05\/20230510_FSG.pdf' target='_blank'>\n            <span class='document_td_vertical'>\n                <span class='file_name'>eToro AUS Capital Limited FSG<\/span>\n                <span class='file_link'>Download PDF<\/span>\n            <\/span>\n        <\/a><a file_type='pdf' class='document_td' href='https:\/\/www.etoro.com\/wp-content\/uploads\/2023\/05\/20230510_TCs.pdf' target='_blank'>\n            <span class='document_td_vertical'>\n                <span class='file_name'>eToro AUS Capital Limited Finansielle produkttermer<\/span>\n                <span class='file_link'>Download PDF<\/span>\n            <\/span>\n        <\/a><a file_type='pdf' class='document_td' href='https:\/\/www.etoro.com\/wp-content\/uploads\/2023\/05\/20230510_RAF.pdf' target='_blank'>\n            <span class='document_td_vertical'>\n                <span class='file_name'>eToro Aus Capital Ltd. Refer a Friend Terms & Conditions (the \u201cTerms\u201d)<\/span>\n                <span class='file_link'>Download PDF<\/span>\n            <\/span>\n        <\/a><\/div>\n<h2>eToro-kunder (Seychelles) bedes l\u00e6se eToro (Seychelles) Ltd.&#8217;s vilk\u00e5r og betingelser<\/h2>\n<div class=\"documets_table documents_table_two_cols\"><a file_type='pdf' class='document_td' href='https:\/\/www.etoro.com\/wp-content\/uploads\/2025\/12\/eToro-Seychelles-Terms-and-Conditions-15-December-2025.pdf' target='_blank'>\n            <span class='document_td_vertical'>\n                <span class='file_name'>eToro Seychelles - Terms and Conditions<\/span>\n                <span class='file_link'>Download PDF<\/span>\n            <\/span>\n        <\/a><\/div>\n","protected":false},"excerpt":{"rendered":"<p>eToro-kunder (Europa) bedes l\u00e6se eToro (Europa) Ltd.&#8217;s vilk\u00e5r og betingelser eToro-kunder (Storbritannien) bedes l\u00e6se eToro (Storbritannien) Ltd.&#8217;s vilk\u00e5r og betingelser eToro-kunder (Australien) bedes l\u00e6se eToro AUS Capital Limited&#8217;s PDS, vilk\u00e5r for finansielle produkter og FSG&#8217;s eToro-kunder (Seychelles) bedes l\u00e6se eToro (Seychelles) Ltd.&#8217;s vilk\u00e5r og betingelser<\/p>\n","protected":false},"author":1,"featured_media":0,"parent":30094,"menu_order":1832,"comment_status":"closed","ping_status":"closed","template":"","meta":{"_acf_changed":false,"inline_featured_image":false,"sticky_cta_settings":"","footnotes":""},"asset_type":[],"class_list":["post-30112","page","type-page","status-publish","hentry"],"acf":[],"yoast_head":"<title>Terms and Conditions | eToro<\/title>\n<meta name=\"description\" content=\"Detailed documents outlining the terms and conditions of using the eToro social trading platform, arranged according to topic or geographic location.\" \/>\n<meta name=\"robots\" content=\"index, follow, max-snippet:-1, max-image-preview:large, max-video-preview:-1\" \/>\n<link rel=\"canonical\" href=\"https:\/\/www.etoro.com\/da-dk\/wp-json\/wp\/v2\/pages\/30112\" \/>\n<meta property=\"og:locale\" content=\"da_DK\" \/>\n<meta property=\"og:type\" content=\"article\" \/>\n<meta property=\"og:title\" content=\"Terms and Conditions | eToro\" \/>\n<meta property=\"og:description\" content=\"Detailed documents outlining the terms and conditions of using the eToro social trading platform, arranged according to topic or geographic location.\" \/>\n<meta property=\"og:url\" content=\"https:\/\/www.etoro.com\/da-dk\/wp-json\/wp\/v2\/pages\/30112\" \/>\n<meta property=\"og:site_name\" content=\"eToro\" \/>\n<meta property=\"article:publisher\" content=\"https:\/\/www.facebook.com\/eToro\/\" \/>\n<meta property=\"article:modified_time\" content=\"2026-01-06T14:55:37+00:00\" \/>\n<meta property=\"og:image\" content=\"https:\/\/www.etoro.com\/wp-content\/uploads\/2019\/12\/etoro_logo_social_share1.png\" \/>\n\t<meta property=\"og:image:width\" content=\"240\" \/>\n\t<meta property=\"og:image:height\" content=\"240\" \/>\n\t<meta property=\"og:image:type\" content=\"image\/png\" \/>\n<meta name=\"twitter:card\" content=\"summary_large_image\" \/>\n<meta name=\"twitter:site\" content=\"@eToro\" \/>\n<meta name=\"twitter:label1\" content=\"Est. reading time\" \/>\n\t<meta name=\"twitter:data1\" content=\"1 minute\" \/>\n<script type=\"application\/ld+json\" class=\"yoast-schema-graph\">{\"@context\":\"https:\/\/schema.org\",\"@graph\":[{\"@type\":\"WebPage\",\"@id\":\"https:\/\/www.etoro.com\/da-dk\/customer-service\/terms-conditions\/\",\"url\":\"https:\/\/www.etoro.com\/da-dk\/customer-service\/terms-conditions\/\",\"name\":\"Terms and Conditions | eToro\",\"isPartOf\":{\"@id\":\"https:\/\/www.etoro.com\/da-dk\/#website\"},\"datePublished\":\"2017-08-15T09:56:22+00:00\",\"dateModified\":\"2026-01-06T14:55:37+00:00\",\"description\":\"Detailed documents outlining the terms and conditions of using the eToro social trading platform, arranged according to topic or geographic location.\",\"breadcrumb\":{\"@id\":\"https:\/\/www.etoro.com\/da-dk\/customer-service\/terms-conditions\/#breadcrumb\"},\"inLanguage\":\"da\",\"potentialAction\":[{\"@type\":\"ReadAction\",\"target\":[\"https:\/\/www.etoro.com\/da-dk\/customer-service\/terms-conditions\/\"]}]},{\"@type\":\"BreadcrumbList\",\"@id\":\"https:\/\/www.etoro.com\/da-dk\/customer-service\/terms-conditions\/#breadcrumb\",\"itemListElement\":[{\"@type\":\"ListItem\",\"position\":1,\"name\":\"HJEM\",\"item\":\"https:\/\/www.etoro.com\/da-dk\/\"},{\"@type\":\"ListItem\",\"position\":2,\"name\":\"KUNDESERVICE\",\"item\":\"https:\/\/www.etoro.com\/da-dk\/customer-service\/\"},{\"@type\":\"ListItem\",\"position\":3,\"name\":\"VILK\u00c5R OG BETINGELSER\"}]},{\"@type\":\"WebSite\",\"@id\":\"https:\/\/www.etoro.com\/da-dk\/#website\",\"url\":\"https:\/\/www.etoro.com\/da-dk\/\",\"name\":\"eToro\",\"description\":\"\",\"publisher\":{\"@id\":\"https:\/\/www.etoro.com\/da-dk\/#organization\"},\"potentialAction\":[{\"@type\":\"SearchAction\",\"target\":{\"@type\":\"EntryPoint\",\"urlTemplate\":\"https:\/\/www.etoro.com\/da-dk\/?s={search_term_string}\"},\"query-input\":{\"@type\":\"PropertyValueSpecification\",\"valueRequired\":true,\"valueName\":\"search_term_string\"}}],\"inLanguage\":\"da\"},[]]}<\/script>","yoast_head_json":{"title":"Terms and Conditions | eToro","description":"Detailed documents outlining the terms and conditions of using the eToro social trading platform, arranged according to topic or geographic location.","robots":{"index":"index","follow":"follow","max-snippet":"max-snippet:-1","max-image-preview":"max-image-preview:large","max-video-preview":"max-video-preview:-1"},"canonical":"https:\/\/www.etoro.com\/da-dk\/wp-json\/wp\/v2\/pages\/30112","og_locale":"da_DK","og_type":"article","og_title":"Terms and Conditions | eToro","og_description":"Detailed documents outlining the terms and conditions of using the eToro social trading platform, arranged according to topic or geographic location.","og_url":"https:\/\/www.etoro.com\/da-dk\/wp-json\/wp\/v2\/pages\/30112","og_site_name":"eToro","article_publisher":"https:\/\/www.facebook.com\/eToro\/","article_modified_time":"2026-01-06T14:55:37+00:00","og_image":[{"width":240,"height":240,"url":"https:\/\/www.etoro.com\/wp-content\/uploads\/2019\/12\/etoro_logo_social_share1.png","type":"image\/png"}],"twitter_card":"summary_large_image","twitter_site":"@eToro","twitter_misc":{"Est. reading time":"1 minute"},"schema":{"@context":"https:\/\/schema.org","@graph":[{"@type":"WebPage","@id":"https:\/\/www.etoro.com\/da-dk\/customer-service\/terms-conditions\/","url":"https:\/\/www.etoro.com\/da-dk\/customer-service\/terms-conditions\/","name":"Terms and Conditions | eToro","isPartOf":{"@id":"https:\/\/www.etoro.com\/da-dk\/#website"},"datePublished":"2017-08-15T09:56:22+00:00","dateModified":"2026-01-06T14:55:37+00:00","description":"Detailed documents outlining the terms and conditions of using the eToro social trading platform, arranged according to topic or geographic location.","breadcrumb":{"@id":"https:\/\/www.etoro.com\/da-dk\/customer-service\/terms-conditions\/#breadcrumb"},"inLanguage":"da","potentialAction":[{"@type":"ReadAction","target":["https:\/\/www.etoro.com\/da-dk\/customer-service\/terms-conditions\/"]}]},{"@type":"BreadcrumbList","@id":"https:\/\/www.etoro.com\/da-dk\/customer-service\/terms-conditions\/#breadcrumb","itemListElement":[{"@type":"ListItem","position":1,"name":"HJEM","item":"https:\/\/www.etoro.com\/da-dk\/"},{"@type":"ListItem","position":2,"name":"KUNDESERVICE","item":"https:\/\/www.etoro.com\/da-dk\/customer-service\/"},{"@type":"ListItem","position":3,"name":"VILK\u00c5R OG BETINGELSER"}]},{"@type":"WebSite","@id":"https:\/\/www.etoro.com\/da-dk\/#website","url":"https:\/\/www.etoro.com\/da-dk\/","name":"eToro","description":"","publisher":{"@id":"https:\/\/www.etoro.com\/da-dk\/#organization"},"potentialAction":[{"@type":"SearchAction","target":{"@type":"EntryPoint","urlTemplate":"https:\/\/www.etoro.com\/da-dk\/?s={search_term_string}"},"query-input":{"@type":"PropertyValueSpecification","valueRequired":true,"valueName":"search_term_string"}}],"inLanguage":"da"},[]]}},"_links":{"self":[{"href":"https:\/\/www.etoro.com\/da-dk\/wp-json\/wp\/v2\/pages\/30112"}],"collection":[{"href":"https:\/\/www.etoro.com\/da-dk\/wp-json\/wp\/v2\/pages"}],"about":[{"href":"https:\/\/www.etoro.com\/da-dk\/wp-json\/wp\/v2\/types\/page"}],"author":[{"embeddable":true,"href":"https:\/\/www.etoro.com\/da-dk\/wp-json\/wp\/v2\/users\/1"}],"replies":[{"embeddable":true,"href":"https:\/\/www.etoro.com\/da-dk\/wp-json\/wp\/v2\/comments?post=30112"}],"version-history":[{"count":0,"href":"https:\/\/www.etoro.com\/da-dk\/wp-json\/wp\/v2\/pages\/30112\/revisions"}],"up":[{"embeddable":true,"href":"https:\/\/www.etoro.com\/da-dk\/wp-json\/wp\/v2\/pages\/30094"}],"wp:attachment":[{"href":"https:\/\/www.etoro.com\/da-dk\/wp-json\/wp\/v2\/media?parent=30112"}],"wp:term":[{"taxonomy":"asset_type","embeddable":true,"href":"https:\/\/www.etoro.com\/da-dk\/wp-json\/wp\/v2\/asset_type?post=30112"}],"curies":[{"name":"wp","href":"https:\/\/api.w.org\/{rel}","templated":true}]}}