{"id":30324,"date":"2018-05-01T15:59:08","date_gmt":"2018-05-01T12:59:08","guid":{"rendered":"http:\/\/www.etoro.com\/customer-service\/test-chat\/"},"modified":"2024-07-29T19:10:32","modified_gmt":"2024-07-29T16:10:32","slug":"chat","status":"publish","type":"page","link":"https:\/\/www.etoro.com\/da-dk\/customer-service\/chat\/","title":{"rendered":"Live Chat"},"content":{"rendered":"<p>Velkommen til eToros live chat-side.<\/p>\n<p>Log ind for at starte chat session.<\/p>\n","protected":false},"excerpt":{"rendered":"<p>Velkommen til eToros live chat-side. Log ind for at starte chat session.<\/p>\n","protected":false},"author":45,"featured_media":0,"parent":30094,"menu_order":1018,"comment_status":"closed","ping_status":"closed","template":"template-chat.php","meta":{"_acf_changed":false,"inline_featured_image":false,"sticky_cta_settings":"","footnotes":""},"asset_type":[],"class_list":["post-30324","page","type-page","status-publish","hentry"],"acf":[],"yoast_head":"<title>Live chat - Chat med eToro-repr\u00e6sentant<\/title>\n<meta name=\"description\" content=\"Forbind dig via live chat med en eToro-repr\u00e6sentant for personlig assistance, ekspertvejledning og st\u00f8tte til din eToro-konto og tjenester.\" \/>\n<meta name=\"robots\" content=\"index, follow, max-snippet:-1, max-image-preview:large, max-video-preview:-1\" \/>\n<link rel=\"canonical\" href=\"https:\/\/www.etoro.com\/da-dk\/wp-json\/wp\/v2\/pages\/30324\" \/>\n<meta property=\"og:locale\" content=\"da_DK\" \/>\n<meta property=\"og:type\" content=\"article\" \/>\n<meta property=\"og:title\" content=\"Live chat - Chat med eToro-repr\u00e6sentant\" \/>\n<meta property=\"og:description\" content=\"Forbind dig via live chat med en eToro-repr\u00e6sentant for personlig assistance, ekspertvejledning og st\u00f8tte til din eToro-konto og tjenester.\" \/>\n<meta property=\"og:url\" content=\"https:\/\/www.etoro.com\/da-dk\/wp-json\/wp\/v2\/pages\/30324\" \/>\n<meta property=\"og:site_name\" content=\"eToro\" \/>\n<meta property=\"article:publisher\" content=\"https:\/\/www.facebook.com\/eToro\/\" \/>\n<meta property=\"article:modified_time\" content=\"2024-07-29T16:10:32+00:00\" \/>\n<meta property=\"og:image\" content=\"https:\/\/www.etoro.com\/wp-content\/uploads\/2019\/12\/etoro_logo_social_share1.png\" \/>\n\t<meta property=\"og:image:width\" content=\"240\" \/>\n\t<meta property=\"og:image:height\" content=\"240\" \/>\n\t<meta property=\"og:image:type\" content=\"image\/png\" \/>\n<meta name=\"twitter:card\" content=\"summary_large_image\" \/>\n<meta name=\"twitter:site\" content=\"@eToro\" \/>\n<script type=\"application\/ld+json\" class=\"yoast-schema-graph\">{\"@context\":\"https:\/\/schema.org\",\"@graph\":[{\"@type\":\"WebPage\",\"@id\":\"https:\/\/www.etoro.com\/da-dk\/customer-service\/chat\/\",\"url\":\"https:\/\/www.etoro.com\/da-dk\/customer-service\/chat\/\",\"name\":\"Live chat - Chat med eToro-repr\u00e6sentant\",\"isPartOf\":{\"@id\":\"https:\/\/www.etoro.com\/da-dk\/#website\"},\"datePublished\":\"2018-05-01T12:59:08+00:00\",\"dateModified\":\"2024-07-29T16:10:32+00:00\",\"description\":\"Forbind dig via live chat med en eToro-repr\u00e6sentant for personlig assistance, ekspertvejledning og st\u00f8tte til din eToro-konto og tjenester.\",\"breadcrumb\":{\"@id\":\"https:\/\/www.etoro.com\/da-dk\/customer-service\/chat\/#breadcrumb\"},\"inLanguage\":\"da\",\"potentialAction\":[{\"@type\":\"ReadAction\",\"target\":[\"https:\/\/www.etoro.com\/da-dk\/customer-service\/chat\/\"]}]},{\"@type\":\"BreadcrumbList\",\"@id\":\"https:\/\/www.etoro.com\/da-dk\/customer-service\/chat\/#breadcrumb\",\"itemListElement\":[{\"@type\":\"ListItem\",\"position\":1,\"name\":\"HJEM\",\"item\":\"https:\/\/www.etoro.com\/da-dk\/\"},{\"@type\":\"ListItem\",\"position\":2,\"name\":\"KUNDESERVICE\",\"item\":\"https:\/\/www.etoro.com\/da-dk\/customer-service\/\"},{\"@type\":\"ListItem\",\"position\":3,\"name\":\"Live Chat\"}]},{\"@type\":\"WebSite\",\"@id\":\"https:\/\/www.etoro.com\/da-dk\/#website\",\"url\":\"https:\/\/www.etoro.com\/da-dk\/\",\"name\":\"eToro\",\"description\":\"\",\"publisher\":{\"@id\":\"https:\/\/www.etoro.com\/da-dk\/#organization\"},\"potentialAction\":[{\"@type\":\"SearchAction\",\"target\":{\"@type\":\"EntryPoint\",\"urlTemplate\":\"https:\/\/www.etoro.com\/da-dk\/?s={search_term_string}\"},\"query-input\":{\"@type\":\"PropertyValueSpecification\",\"valueRequired\":true,\"valueName\":\"search_term_string\"}}],\"inLanguage\":\"da\"},[]]}<\/script>","yoast_head_json":{"title":"Live chat - Chat med eToro-repr\u00e6sentant","description":"Forbind dig via live chat med en eToro-repr\u00e6sentant for personlig assistance, ekspertvejledning og st\u00f8tte til din eToro-konto og tjenester.","robots":{"index":"index","follow":"follow","max-snippet":"max-snippet:-1","max-image-preview":"max-image-preview:large","max-video-preview":"max-video-preview:-1"},"canonical":"https:\/\/www.etoro.com\/da-dk\/wp-json\/wp\/v2\/pages\/30324","og_locale":"da_DK","og_type":"article","og_title":"Live chat - Chat med eToro-repr\u00e6sentant","og_description":"Forbind dig via live chat med en eToro-repr\u00e6sentant for personlig assistance, ekspertvejledning og st\u00f8tte til din eToro-konto og tjenester.","og_url":"https:\/\/www.etoro.com\/da-dk\/wp-json\/wp\/v2\/pages\/30324","og_site_name":"eToro","article_publisher":"https:\/\/www.facebook.com\/eToro\/","article_modified_time":"2024-07-29T16:10:32+00:00","og_image":[{"width":240,"height":240,"url":"https:\/\/www.etoro.com\/wp-content\/uploads\/2019\/12\/etoro_logo_social_share1.png","type":"image\/png"}],"twitter_card":"summary_large_image","twitter_site":"@eToro","schema":{"@context":"https:\/\/schema.org","@graph":[{"@type":"WebPage","@id":"https:\/\/www.etoro.com\/da-dk\/customer-service\/chat\/","url":"https:\/\/www.etoro.com\/da-dk\/customer-service\/chat\/","name":"Live chat - Chat med eToro-repr\u00e6sentant","isPartOf":{"@id":"https:\/\/www.etoro.com\/da-dk\/#website"},"datePublished":"2018-05-01T12:59:08+00:00","dateModified":"2024-07-29T16:10:32+00:00","description":"Forbind dig via live chat med en eToro-repr\u00e6sentant for personlig assistance, ekspertvejledning og st\u00f8tte til din eToro-konto og tjenester.","breadcrumb":{"@id":"https:\/\/www.etoro.com\/da-dk\/customer-service\/chat\/#breadcrumb"},"inLanguage":"da","potentialAction":[{"@type":"ReadAction","target":["https:\/\/www.etoro.com\/da-dk\/customer-service\/chat\/"]}]},{"@type":"BreadcrumbList","@id":"https:\/\/www.etoro.com\/da-dk\/customer-service\/chat\/#breadcrumb","itemListElement":[{"@type":"ListItem","position":1,"name":"HJEM","item":"https:\/\/www.etoro.com\/da-dk\/"},{"@type":"ListItem","position":2,"name":"KUNDESERVICE","item":"https:\/\/www.etoro.com\/da-dk\/customer-service\/"},{"@type":"ListItem","position":3,"name":"Live Chat"}]},{"@type":"WebSite","@id":"https:\/\/www.etoro.com\/da-dk\/#website","url":"https:\/\/www.etoro.com\/da-dk\/","name":"eToro","description":"","publisher":{"@id":"https:\/\/www.etoro.com\/da-dk\/#organization"},"potentialAction":[{"@type":"SearchAction","target":{"@type":"EntryPoint","urlTemplate":"https:\/\/www.etoro.com\/da-dk\/?s={search_term_string}"},"query-input":{"@type":"PropertyValueSpecification","valueRequired":true,"valueName":"search_term_string"}}],"inLanguage":"da"},[]]}},"_links":{"self":[{"href":"https:\/\/www.etoro.com\/da-dk\/wp-json\/wp\/v2\/pages\/30324"}],"collection":[{"href":"https:\/\/www.etoro.com\/da-dk\/wp-json\/wp\/v2\/pages"}],"about":[{"href":"https:\/\/www.etoro.com\/da-dk\/wp-json\/wp\/v2\/types\/page"}],"author":[{"embeddable":true,"href":"https:\/\/www.etoro.com\/da-dk\/wp-json\/wp\/v2\/users\/45"}],"replies":[{"embeddable":true,"href":"https:\/\/www.etoro.com\/da-dk\/wp-json\/wp\/v2\/comments?post=30324"}],"version-history":[{"count":0,"href":"https:\/\/www.etoro.com\/da-dk\/wp-json\/wp\/v2\/pages\/30324\/revisions"}],"up":[{"embeddable":true,"href":"https:\/\/www.etoro.com\/da-dk\/wp-json\/wp\/v2\/pages\/30094"}],"wp:attachment":[{"href":"https:\/\/www.etoro.com\/da-dk\/wp-json\/wp\/v2\/media?parent=30324"}],"wp:term":[{"taxonomy":"asset_type","embeddable":true,"href":"https:\/\/www.etoro.com\/da-dk\/wp-json\/wp\/v2\/asset_type?post=30324"}],"curies":[{"name":"wp","href":"https:\/\/api.w.org\/{rel}","templated":true}]}}