{"id":30743,"date":"2017-09-12T14:53:16","date_gmt":"2017-09-12T11:53:16","guid":{"rendered":"http:\/\/www.etoro.com\/leverage-margin\/"},"modified":"2024-08-19T16:55:38","modified_gmt":"2024-08-19T13:55:38","slug":"leverage-margin","status":"publish","type":"page","link":"https:\/\/www.etoro.com\/da-dk\/trading\/leverage-margin\/","title":{"rendered":"Hvad er gearing og margin?"},"content":{"rendered":"\n<p class=\"is-style-summary\">Der er mange fordele ved at investere p\u00e5 traditionel vis og have en lang tidshorisont. P\u00e5 den anden side kan det ogs\u00e5 v\u00e6re fordelagtigt at diversificere din portef\u00f8lje og \u00f8ge dens indtjeningspotentiale med kortsigtet handel (trading). Men hvor skal man starte? Og hvad b\u00f8r man vide om det?<\/p>\n\n\n\n<p class=\"is-style-summary\">I denne artikel ser vi n\u00e6rmere p\u00e5 to vigtige begreber inden for kortsigtet handel, nemlig gearing og margin. L\u00e6s videre, og bliv klogere p\u00e5, hvilke fordele og ulemper der er ved handel med gearing, se eksempler p\u00e5 gearede handler, og bliv klar til at tage stilling til, om gearing kunne v\u00e6re noget for dig.<\/p>\n\n\n\n<hr class=\"wp-block-separator wp-block-separator-color-dark-grey wp-block-separator-spaces-medium wp-block-separator-weight-1\"\/>\n\n\n\n<p>Handel med gearing og margin kan v\u00e6re relevant for dig, der \u00f8nsker at \u00f8ge <strong>risiko-afkastpotentialet <\/strong>ved dine investeringer. <strong>Margin giver dig adgang til gearing, og gearing giver mulighed for at mangedoble dit afkast<\/strong>.<br><br>Begge begreber bruges i forbindelse med, at man l\u00e5ner penge hos en m\u00e6gler p\u00e5 en handelsplatform. L\u00e5net forst\u00f8rrer ens <strong>handelsposition<\/strong>, og selvom man investerer v\u00e6sentligt mindre end den samlede v\u00e6rdi af ens aktiver, s\u00e5 bliver ens risiko st\u00f8rre.<\/p>\n\n\n\n<div class=\"wp-block-etoro-tip wp-block-etoro-tip-border-yellow\"><span class=\"wp-block-etoro-tip-icon\"><\/span><div class=\"wp-block-etoro-tip-text\">\n<p><strong>Tip: <\/strong>Investeringspsykologiske unders\u00f8gelser viser, at kognitiv bias har indflydelse p\u00e5 vores opfattelse af gevinst og tab p\u00e5 investeringer, hvilket p\u00e5virker vores beslutninger.<\/p>\n<\/div><\/div>\n\n\n\n<figure class=\"wp-block-image size-full\"><img loading=\"lazy\" decoding=\"async\" width=\"756\" height=\"400\" src=\"https:\/\/www.etoro.com\/wp-content\/uploads\/2023\/07\/Body-Image-1-What-is-Leverage_-7.png\" alt=\"\" class=\"wp-image-646431 wp-image-desktop\" srcset=\"https:\/\/www.etoro.com\/wp-content\/uploads\/2023\/07\/Body-Image-1-What-is-Leverage_-7.png 756w, https:\/\/www.etoro.com\/wp-content\/uploads\/2023\/07\/Body-Image-1-What-is-Leverage_-7-300x159.png 300w\" sizes=\"(max-width: 756px) 100vw, 756px\" \/><\/figure>\n\n\n\n<h2 class=\"wp-block-heading\">Hvad er gearing?<\/h2>\n\n\n\n<p>Gearing betegner en handelsmetode, som g\u00f8r <strong>v\u00e6rdien af ens investeringer st\u00f8rre end de midler, man faktisk investerer<\/strong>. Gearing indeb\u00e6rer, at man l\u00e5ner X antal gange flere penge, end man l\u00e6gger ud for at kunne k\u00f8be flere aktiver. P\u00e5 den m\u00e5de kan man flerdoble sit afkast, hvad enten det er positivt eller negativt.<\/p>\n\n\n\n<p>Selvom de bagvedliggende processer kan lyde indviklet, s\u00e5 er gearing p\u00e5 handelsplatforme s\u00e5 nemt som at trykke p\u00e5 en knap. Man v\u00e6lger, hvor mange gange man vil geare sin investering (f.eks. x5 eller x10) og k\u00f8ber det aktiv, man \u00f8nsker.&nbsp;<\/p>\n\n\n\n<div class=\"wp-block-etoro-tip wp-block-etoro-tip-border-yellow\"><span class=\"wp-block-etoro-tip-icon\"><\/span><div class=\"wp-block-etoro-tip-text\">\n<p><strong>Tip: <\/strong>Den maksimale gearing varierer p\u00e5 tv\u00e6rs af forskellige aktivgrupper. Jo h\u00f8jere prisvolatilitet, desto lavere bliver gearingsloftet.<strong> <\/strong>Finansielle tilsynsmyndigheder s\u00e5som <a href=\"https:\/\/www.finanstilsynet.dk\/\" target=\"_blank\" rel=\"noreferrer noopener\">Finanstilsynet<\/a> fasts\u00e6tter ogs\u00e5 gr\u00e6nser for, hvilke gearingsgrader der kan tilbydes p\u00e5 de markeder, de f\u00f8rer tilsyn med.&nbsp;<\/p>\n<\/div><\/div>\n\n\n\n<h2 class=\"wp-block-heading\">Hvad er margin?<\/h2>\n\n\n\n<p><strong>Margin er det bel\u00f8b, du skal stille til r\u00e5dighed for at kunne handle med gearing. <\/strong>Gearing er forholdet mellem din margin og din investerings samlede v\u00e6rdi. Begreberne bruges ofte i fl\u00e6ng, da de tilsammen giver dig en st\u00f8rre <strong>eksponering<\/strong>.&nbsp;<\/p>\n\n\n\n<p><strong>T\u00e6nk p\u00e5 margin som den sikkerhed<\/strong><strong>, du stiller for et l\u00e5n hos en m\u00e6gler. <\/strong>Det er et depositum,<strong> <\/strong>der giver m\u00e6gleren tillid til at lade dig handle med gearing, og det deponerede bel\u00f8b kan bruges til at d\u00e6kke eventuelle tab.<\/p>\n\n\n\n<p>Det bliver mere kompliceret at beregne marginen, hvis din portef\u00f8lje best\u00e5r af flere typer af aktiver s\u00e5som <a href=\"https:\/\/www.etoro.com\/da-dk\/discover\/markets\/stocks\">aktier<\/a>, obligationer og valuta samt overskud eller tab p\u00e5 \u00e5bne positioner. Din m\u00e6gler kan betragte disse positioner som en form for sikkerhed og indregne dem i beregningen af din samlede margin.&nbsp;<\/p>\n\n\n\n<h2 class=\"wp-block-heading\">Hvordan fungerer handel med gearing?<\/h2>\n\n\n\n<p>Som tidligere n\u00e6vnt indeb\u00e6rer handel med gearing, at man l\u00e5ner midler mod sikkerhed i sin egen portef\u00f8lje og p\u00e5 den m\u00e5de f\u00e5r en st\u00f8rre eksponering. Men for dig som bruger har handelsplatforme automatiseret denne lange proces, s\u00e5 det eneste, du skal g\u00f8re, er at <strong>udf\u00f8re en handel<\/strong>.&nbsp;<\/p>\n\n\n\n<p>Du har mulighed for at indstille din konto til at handle med standardgearing eller benytte m\u00e6glere og<strong> justere gearingens st\u00f8rrelse fra gang til gang<\/strong>.&nbsp;<\/p>\n\n\n\n<figure class=\"wp-block-image size-full\"><img loading=\"lazy\" decoding=\"async\" width=\"756\" height=\"400\" src=\"https:\/\/www.etoro.com\/wp-content\/uploads\/2023\/07\/Body-Image-2-What-is-Margin_-5.png\" alt=\"\" class=\"wp-image-645168 wp-image-desktop\" srcset=\"https:\/\/www.etoro.com\/wp-content\/uploads\/2023\/07\/Body-Image-2-What-is-Margin_-5.png 756w, https:\/\/www.etoro.com\/wp-content\/uploads\/2023\/07\/Body-Image-2-What-is-Margin_-5-300x159.png 300w\" sizes=\"(max-width: 756px) 100vw, 756px\" \/><\/figure>\n\n\n\n<figure class=\"wp-block-image size-full\"><img loading=\"lazy\" decoding=\"async\" width=\"756\" height=\"400\" src=\"https:\/\/www.etoro.com\/wp-content\/uploads\/2023\/10\/DK-Image-placeholder-1.png\" alt=\"\" class=\"wp-image-736414 wp-image-desktop\" srcset=\"https:\/\/www.etoro.com\/wp-content\/uploads\/2023\/10\/DK-Image-placeholder-1.png 756w, https:\/\/www.etoro.com\/wp-content\/uploads\/2023\/10\/DK-Image-placeholder-1-300x159.png 300w\" sizes=\"(max-width: 756px) 100vw, 756px\" \/><\/figure>\n\n\n\n<p>En handel med overskud vil, uanset om du har handlet med gearing eller ej, blive bogf\u00f8rt p\u00e5 din saldo, n\u00e5r handlen er afsluttet. Men hvis din igangv\u00e6rende handel giver underskud, er der en r\u00e6kke faktorer, der skal tages i betragtning.<\/p>\n\n\n\n<p><strong>M\u00e6glere \u00f8nsker ikke, at du holder p\u00e5 en position, hvor du risikerer at miste flere penge end v\u00e6rdien af din margin<\/strong>.<\/p>\n\n\n\n<p>Hvis du \u00f8nsker at forts\u00e6tte med en tabsgivende position, kan din m\u00e6gler bede dig om at \u00f8ge din margin og indbetale flere penge. Dette kaldes et <strong>margin call<\/strong>.<\/p>\n\n\n\n<p>Hvis du afviser din m\u00e6glers margin call, har m\u00e6gleren ret til at reducere din positions st\u00f8rrelse for at mindske din risikoeksponering. Dette kaldes en <strong>stop-out<\/strong>.<\/p>\n\n\n\n<div class=\"wp-block-etoro-tip wp-block-etoro-tip-border-yellow\"><span class=\"wp-block-etoro-tip-icon\"><\/span><div class=\"wp-block-etoro-tip-text\">\n<p><strong>Tip: <\/strong>Det kan v\u00e6re mere omkostningseffektivt ikke at bruge gearing ved langsigtede investeringer. Gearing p\u00e5l\u00e6gges nemlig finansieringsgebyrer, som bliver mere betydningsfulde p\u00e5 langt sigt.&nbsp;&nbsp;<\/p>\n<\/div><\/div>\n\n\n\n<h2 class=\"wp-block-heading\">Eksempler p\u00e5 gearede investeringer<\/h2>\n\n\n\n<p>For at forst\u00e5 konceptet for handel med gearing fuldt ud er det v\u00e6rd at se p\u00e5 nogle eksempler. Forestil dig, at du er sikker p\u00e5, at <a href=\"https:\/\/www.etoro.com\/da-dk\/markets\/novo-b.co\">Novos<\/a> aktiekurs vil stige. Du har 1.000 kr. at handle med, men du \u00f8nsker at \u00f8ge dit potentielle afkast.<\/p>\n\n\n\n<p><mark>Hvis din m\u00e6gler tilbyder gearing p\u00e5 1:5, kan du med deres opbakning administrere en position p\u00e5 op til 5.000 kr. med en margin p\u00e5 1.000 kr. Hvis Novos aktiekurs fordobles, vil din position v\u00e6re 5.000 kr. v\u00e6rd i stedet for 1.000 kr. Men hvis kursen falder med 10 %, vil den samlede tabte v\u00e6rdi v\u00e6re 500 kr. i stedet for 100 kr. <\/mark><\/p>\n\n\n\n<p><strong>Hvis den maksimale gearing, der tilbydes, er 1:10, kan en margin p\u00e5 1.000 kr. give dig mulighed for en eksponering p\u00e5 10.000 kr.<\/strong><\/p>\n\n\n\n<p>For at tage et andet eksempel, lad os sige, at du har 2.000 kr., som du \u00f8nsker at investere i <a href=\"https:\/\/www.etoro.com\/da-dk\/markets\/aapl\">Apple-aktier<\/a>. Der kan du geare din handel som vist i tabellen, hvor positionens st\u00f8rrelse skifter afh\u00e6ngigt af gearingen.\u00a0<\/p>\n\n\n\n<figure class=\"wp-block-table\"><div class=\"wp-block-table-content\"><div class=\"wp-block-table-content-nav wp-block-table-content-nav-left\"><div class=\"wp-block-table-content-nav-arrow wp-block-table-content-nav-arrow-left\"><\/div><\/div><div class=\"wp-block-table-content-nav wp-block-table-content-nav-right\"><div class=\"wp-block-table-content-nav-arrow wp-block-table-content-nav-arrow-right\"><\/div><\/div><div class=\"wp-block-table-content-table\"><table><thead><tr><th><strong>Tilg\u00e6ngelige midler kr.<\/strong><\/th><th>Gearing<\/th><th>Positionsst\u00f8rrelse kr.<\/th><th>Pris\u00e6ndring<\/th><th>Ny positionsst\u00f8rrelse kr.<\/th><th>Midler efter kurs\u00e6ndring kr.<\/th><\/tr><\/thead><tbody><tr><td>2.000<br>-10%<\/td><td>1:2<br>3.600<\/td><td>4.000<br>1.600<\/td><td>10%<\/td><td>4.400<\/td><td>2.400<\/td><\/tr><tr><td>2.000<br>-10%<\/td><td>1:5<br>9.000<\/td><td>10.000<br>1.000<\/td><td>10%<\/td><td>11.000<\/td><td>3.000<\/td><\/tr><tr><td>2.000<br>-10%<\/td><td>1:10<br>18.000<\/td><td>20.000<br>0<\/td><td>10%<\/td><td>22.000<\/td><td>4.000<\/td><\/tr><\/tbody><\/table><\/div><\/div><\/figure>\n\n\n\n<p><br>Da du rent faktisk l\u00e5ner fra m\u00e6gleren for at \u00f8ge din handelsposition, <strong>er der <\/strong><strong>overnight-gebyrer<\/strong><strong>, som du skal tage med i dine beregninger<\/strong>. Disse gebyrer best\u00e5r af renter, der tilskrives p\u00e5 daglig basis. Jo st\u00f8rre positionen er, desto h\u00f8jere renter skal du betale.<\/p>\n\n\n\n<div class=\"wp-block-etoro-emphasis wp-block-etoro-emphasis-border-green\">\n<p>Margin er det bel\u00f8b, du skal stille til r\u00e5dighed for at kunne handle med gearing. Gearing er forholdet mellem din margin og din investerings samlede v\u00e6rdi.<\/p>\n<\/div>\n\n\n\n<p>Handel med gearing p\u00e5 eToro foreg\u00e5r via <a href=\"https:\/\/www.etoro.com\/da-dk\/trading\/cfd\/\">CFD&#8217;er<\/a>. De omkostninger, der er relevante for dig, er spreads og overnight-gebyrer.<\/p>\n\n\n\n<figure class=\"wp-block-image size-full\"><img loading=\"lazy\" decoding=\"async\" width=\"756\" height=\"400\" src=\"https:\/\/www.etoro.com\/wp-content\/uploads\/2023\/07\/Body-Image-3-Examples-of-Leverage-in-Trading-1.png\" alt=\"\" class=\"wp-image-640124 wp-image-desktop\" srcset=\"https:\/\/www.etoro.com\/wp-content\/uploads\/2023\/07\/Body-Image-3-Examples-of-Leverage-in-Trading-1.png 756w, https:\/\/www.etoro.com\/wp-content\/uploads\/2023\/07\/Body-Image-3-Examples-of-Leverage-in-Trading-1-300x159.png 300w\" sizes=\"(max-width: 756px) 100vw, 756px\" \/><\/figure>\n\n\n\n<h2 class=\"wp-block-heading\">Konklusion<\/h2>\n\n\n\n<p>Handel med gearing \u00e6ndrer ikke din <strong>win-loss ratio<\/strong>, da dette forhold er uafh\u00e6ngigt af gearingsgraden.<\/p>\n\n\n\n<p>Den vigtigste forskel er dog, at <strong>b\u00e5de gevinster og tab vil blive forst\u00f8rret<\/strong>. S\u00e5ledes er det vigtigt at n\u00e6vne, at handel med gearing kr\u00e6ver omhyggelig planl\u00e6gning.<\/p>\n\n\n\n<p>F\u00e5 mere at vide om gearing og andre aspekter af handel ved at bes\u00f8ge <a href=\"https:\/\/www.etoro.com\/da-dk\/academy\/\">eToros akademi<\/a>.<\/p>\n\n\n\n<h2 class=\"wp-block-heading\">Ofte stillede sp\u00f8rgsm\u00e5l<\/h2>\n\n\n\n<dl class=\"wp-block-etoro-faq\">\n<div class=\"wp-block-etoro-faq-item\"><dt class=\"wp-block-etoro-faq-item-question\">Hvad er beskyttelse mod negativ saldo?<\/dt><dd class=\"wp-block-etoro-faq-item-answer\">\n<p><a href=\"https:\/\/help.etoro.com\/s\/article\/what-is-negative-balance-protection?language=en_GB\">Beskyttelse mod negativ saldo<\/a> er til for at beskytte dig som kunde. Id\u00e9en er, at du ikke skal kunne miste mere, end du har indsat.&nbsp;<\/p>\n\n\n\n<p>M\u00e6glere kan i denne forbindelse v\u00e6lge at bruge <a href=\"https:\/\/help.etoro.com\/s\/article\/what-is-a-margin-call?language=en_GB\">margin calls<\/a> og stop-outs. Dette hj\u00e6lper m\u00e6glere og dig med at minimere dit samlede tab ifm. tabende gearede handler.<\/p>\n<\/dd><\/div>\n\n\n\n<div class=\"wp-block-etoro-faq-item\"><dt class=\"wp-block-etoro-faq-item-question\">Hvordan kan man undg\u00e5 et margin call?<\/dt><dd class=\"wp-block-etoro-faq-item-answer\">\n<p>Hvis du ikke handler i CFDer, vil du aldrig have et <a href=\"https:\/\/help.etoro.com\/s\/article\/what-is-a-margin-call?language=da\">margin call<\/a>. Hvis du handler i CFDer, skal du huske, at selv handler uden gearing kan aktivere et margin call. For at reducere risikoen for at modtage et, kan du dog designe en lav-risikos investeringsstrategi. Alternativt kan du forberede dig for markedsvolatilitet ved at indbetale til din konto med yderligere midler, som dermed kan virke som en buffer mod et pludseligt prisfald.<\/p>\n<\/dd><\/div>\n\n\n\n<div class=\"wp-block-etoro-faq-item\"><dt class=\"wp-block-etoro-faq-item-question\">Hvordan ved du, om din konto er i et margin call?<\/dt><dd class=\"wp-block-etoro-faq-item-answer\">\n<p>Du kan overv\u00e5ge dine marginniveauer ved at tilg\u00e5 din <a href=\"https:\/\/www.etoro.com\/da-dk\/trading\/demo-account\/\">handelskonto<\/a>, hvor du ogs\u00e5 kan forvente at modtage en besked fra din m\u00e6gler, hvis et margin call bliver relevant for dig.<\/p>\n<\/dd><\/div>\n<\/dl>\n\n\n\n\t\t<style>\n\t\t\t.rtl .etoro-block-shortcode-disclaimer {\n\t\t\t\ttext-align:right;\n\t\t\t}\n\t\t\t.etoro-block-shortcode-disclaimer {\n\t\t\t\tmargin-bottom:18px;\n\t\t\t\ttext-align:left;\n\t\t\t}\n\t\t\t.etoro-block-shortcode-disclaimer p{\n\t\t\t\tfont-size: 12px;\n\t\t\t\tline-height: 18px;\n\t\t\t}\n\t\t\t@media (min-width: 768px) {\n\t\t\t\t.etoro-block-shortcode-disclaimer {\n\t\t\t\t\tmax-width:1176px;\n\t\t\t\t\ttext-align:center;\n\t\t\t\t}\n\t\t\t\t.etoro-block-shortcode-disclaimer p {\n\t\t\t\t\tfont-size: 14px;\n\t\t\t\t\tline-height: 20px;\n\t\t\t\t}\n\t\t\t}\n\t\t<\/style>\n\t\t<div class='etoro-block-shortcode-disclaimer'><p>Disse oplysninger er udelukkende til l\u00e6ringsm\u00e6ssige form\u00e5l og b\u00f8r ikke opfattes som investeringsr\u00e5dgivning, personlige anbefalinger, tilbud om eller opfordring til at k\u00f8be eller s\u00e6lge finansielle instrumenter.<\/p>\n<p>Dette materiale er udarbejdet uden s\u00e6rlige hensynstagen til investeringsm\u00e5l eller finansielle forhold, og det er ikke udarbejdet i overensstemmelse med de juridiske og lovgivningsm\u00e6ssige krav om at fremme uafh\u00e6ngig forskning.<\/p>\n<p><strong>Ikke alle de finansielle instrumenter og services, der refereres til, er udbudt af eToro<\/strong> og henvisninger til tidligere resultater af et finansielt instrument, indeks eller kombineret investeringsprodukt er ikke, og b\u00f8r ikke betragtes som en p\u00e5lidelig indikator for fremtidige resultater. <strong>Tilg\u00e6ngeligheden af alle de ovenn\u00e6vnte produkter og tjenester kan variere afh\u00e6ngigt af jurisdiktion og land.<\/strong><\/p>\n<p>eToro repr\u00e6senterer ingen og p\u00e5tager sig intet ansvar for n\u00f8jagtigheden eller fyldestg\u00f8relsen af \u200b\u200bindholdet i denne vejledning. S\u00f8rg for, at du forst\u00e5r de risici, der er forbundet med handler, f\u00f8r du investerer kapital. Invest\u00e9r aldrig mere, end du er villig til at miste.<\/p>\n<\/div>\n","protected":false},"excerpt":{"rendered":"<p>Der er mange fordele ved at investere p\u00e5 traditionel vis og have en lang tidshorisont. P\u00e5 den anden side kan det ogs\u00e5 v\u00e6re fordelagtigt at diversificere din portef\u00f8lje og \u00f8ge dens indtjeningspotentiale med kortsigtet handel (trading). Men hvor skal man starte? Og hvad b\u00f8r man vide om det? I denne artikel ser vi n\u00e6rmere p\u00e5&hellip;<\/p>\n","protected":false},"author":45,"featured_media":668014,"parent":31824,"menu_order":1653,"comment_status":"closed","ping_status":"closed","template":"","meta":{"_acf_changed":false,"inline_featured_image":false,"sticky_cta_settings":"","footnotes":""},"asset_type":[6601],"class_list":["post-30743","page","type-page","status-publish","has-post-thumbnail","hentry","asset_type-is-cfd"],"acf":[],"yoast_head":"<title>Forst\u00e5 gearing og margin | eToro<\/title>\n<meta name=\"description\" content=\"Hvordan fungerer gearing og margin? Vi forklarer, hvad gearing er, og hvordan investorer kan bruge gearing og margin til at \u00f8ge deres k\u00f8bekraft.\" \/>\n<meta name=\"robots\" content=\"index, follow, max-snippet:-1, max-image-preview:large, max-video-preview:-1\" \/>\n<link rel=\"canonical\" href=\"https:\/\/www.etoro.com\/da-dk\/wp-json\/wp\/v2\/pages\/30743\" \/>\n<meta property=\"og:locale\" content=\"da_DK\" \/>\n<meta property=\"og:type\" content=\"article\" \/>\n<meta property=\"og:title\" content=\"Forst\u00e5 gearing og margin | eToro\" \/>\n<meta property=\"og:description\" content=\"Hvordan fungerer gearing og margin? Vi forklarer, hvad gearing er, og hvordan investorer kan bruge gearing og margin til at \u00f8ge deres k\u00f8bekraft.\" \/>\n<meta property=\"og:url\" content=\"https:\/\/www.etoro.com\/da-dk\/wp-json\/wp\/v2\/pages\/30743\" \/>\n<meta property=\"og:site_name\" content=\"eToro\" \/>\n<meta property=\"article:publisher\" content=\"https:\/\/www.facebook.com\/eToro\/\" \/>\n<meta property=\"article:modified_time\" content=\"2024-08-19T13:55:38+00:00\" \/>\n<meta property=\"og:image\" content=\"https:\/\/www.etoro.com\/wp-content\/uploads\/2023\/07\/Socials-DK-1.png\" \/>\n\t<meta property=\"og:image:width\" content=\"1200\" \/>\n\t<meta property=\"og:image:height\" content=\"630\" \/>\n\t<meta property=\"og:image:type\" content=\"image\/png\" \/>\n<meta name=\"twitter:card\" content=\"summary_large_image\" \/>\n<meta name=\"twitter:site\" content=\"@eToro\" \/>\n<meta name=\"twitter:label1\" content=\"Est. reading time\" \/>\n\t<meta name=\"twitter:data1\" content=\"6 minutes\" \/>\n<script type=\"application\/ld+json\" class=\"yoast-schema-graph\">{\"@context\":\"https:\/\/schema.org\",\"@graph\":[{\"@type\":\"WebPage\",\"@id\":\"https:\/\/www.etoro.com\/da-dk\/trading\/leverage-margin\/\",\"url\":\"https:\/\/www.etoro.com\/da-dk\/trading\/leverage-margin\/\",\"name\":\"Forst\u00e5 gearing og margin | eToro\",\"isPartOf\":{\"@id\":\"https:\/\/www.etoro.com\/da-dk\/#website\"},\"primaryImageOfPage\":{\"@id\":\"https:\/\/www.etoro.com\/da-dk\/trading\/leverage-margin\/#primaryimage\"},\"image\":{\"@id\":\"https:\/\/www.etoro.com\/da-dk\/trading\/leverage-margin\/#primaryimage\"},\"thumbnailUrl\":\"https:\/\/www.etoro.com\/wp-content\/uploads\/2023\/07\/Socials-DK-1.png\",\"datePublished\":\"2017-09-12T11:53:16+00:00\",\"dateModified\":\"2024-08-19T13:55:38+00:00\",\"description\":\"Hvordan fungerer gearing og margin? Vi forklarer, hvad gearing er, og hvordan investorer kan bruge gearing og margin til at \u00f8ge deres k\u00f8bekraft.\",\"breadcrumb\":{\"@id\":\"https:\/\/www.etoro.com\/da-dk\/trading\/leverage-margin\/#breadcrumb\"},\"inLanguage\":\"da\",\"potentialAction\":[{\"@type\":\"ReadAction\",\"target\":[\"https:\/\/www.etoro.com\/da-dk\/trading\/leverage-margin\/\"]}]},{\"@type\":\"ImageObject\",\"inLanguage\":\"da\",\"@id\":\"https:\/\/www.etoro.com\/da-dk\/trading\/leverage-margin\/#primaryimage\",\"url\":\"https:\/\/www.etoro.com\/wp-content\/uploads\/2023\/07\/Socials-DK-1.png\",\"contentUrl\":\"https:\/\/www.etoro.com\/wp-content\/uploads\/2023\/07\/Socials-DK-1.png\",\"width\":1200,\"height\":630},{\"@type\":\"BreadcrumbList\",\"@id\":\"https:\/\/www.etoro.com\/da-dk\/trading\/leverage-margin\/#breadcrumb\",\"itemListElement\":[{\"@type\":\"ListItem\",\"position\":1,\"name\":\"HJEM\",\"item\":\"https:\/\/www.etoro.com\/da-dk\/\"},{\"@type\":\"ListItem\",\"position\":2,\"name\":\"HANDEL\",\"item\":\"https:\/\/www.etoroasia.com.cn\/da-dk\/trading\/\"},{\"@type\":\"ListItem\",\"position\":3,\"name\":\"GEARING OG MARGIN\"}]},{\"@type\":\"WebSite\",\"@id\":\"https:\/\/www.etoro.com\/da-dk\/#website\",\"url\":\"https:\/\/www.etoro.com\/da-dk\/\",\"name\":\"eToro\",\"description\":\"\",\"publisher\":{\"@id\":\"https:\/\/www.etoro.com\/da-dk\/#organization\"},\"potentialAction\":[{\"@type\":\"SearchAction\",\"target\":{\"@type\":\"EntryPoint\",\"urlTemplate\":\"https:\/\/www.etoro.com\/da-dk\/?s={search_term_string}\"},\"query-input\":{\"@type\":\"PropertyValueSpecification\",\"valueRequired\":true,\"valueName\":\"search_term_string\"}}],\"inLanguage\":\"da\"},[]]}<\/script>","yoast_head_json":{"title":"Forst\u00e5 gearing og margin | eToro","description":"Hvordan fungerer gearing og margin? Vi forklarer, hvad gearing er, og hvordan investorer kan bruge gearing og margin til at \u00f8ge deres k\u00f8bekraft.","robots":{"index":"index","follow":"follow","max-snippet":"max-snippet:-1","max-image-preview":"max-image-preview:large","max-video-preview":"max-video-preview:-1"},"canonical":"https:\/\/www.etoro.com\/da-dk\/wp-json\/wp\/v2\/pages\/30743","og_locale":"da_DK","og_type":"article","og_title":"Forst\u00e5 gearing og margin | eToro","og_description":"Hvordan fungerer gearing og margin? Vi forklarer, hvad gearing er, og hvordan investorer kan bruge gearing og margin til at \u00f8ge deres k\u00f8bekraft.","og_url":"https:\/\/www.etoro.com\/da-dk\/wp-json\/wp\/v2\/pages\/30743","og_site_name":"eToro","article_publisher":"https:\/\/www.facebook.com\/eToro\/","article_modified_time":"2024-08-19T13:55:38+00:00","og_image":[{"width":1200,"height":630,"url":"https:\/\/www.etoro.com\/wp-content\/uploads\/2023\/07\/Socials-DK-1.png","type":"image\/png"}],"twitter_card":"summary_large_image","twitter_site":"@eToro","twitter_misc":{"Est. reading time":"6 minutes"},"schema":{"@context":"https:\/\/schema.org","@graph":[{"@type":"WebPage","@id":"https:\/\/www.etoro.com\/da-dk\/trading\/leverage-margin\/","url":"https:\/\/www.etoro.com\/da-dk\/trading\/leverage-margin\/","name":"Forst\u00e5 gearing og margin | eToro","isPartOf":{"@id":"https:\/\/www.etoro.com\/da-dk\/#website"},"primaryImageOfPage":{"@id":"https:\/\/www.etoro.com\/da-dk\/trading\/leverage-margin\/#primaryimage"},"image":{"@id":"https:\/\/www.etoro.com\/da-dk\/trading\/leverage-margin\/#primaryimage"},"thumbnailUrl":"https:\/\/www.etoro.com\/wp-content\/uploads\/2023\/07\/Socials-DK-1.png","datePublished":"2017-09-12T11:53:16+00:00","dateModified":"2024-08-19T13:55:38+00:00","description":"Hvordan fungerer gearing og margin? Vi forklarer, hvad gearing er, og hvordan investorer kan bruge gearing og margin til at \u00f8ge deres k\u00f8bekraft.","breadcrumb":{"@id":"https:\/\/www.etoro.com\/da-dk\/trading\/leverage-margin\/#breadcrumb"},"inLanguage":"da","potentialAction":[{"@type":"ReadAction","target":["https:\/\/www.etoro.com\/da-dk\/trading\/leverage-margin\/"]}]},{"@type":"ImageObject","inLanguage":"da","@id":"https:\/\/www.etoro.com\/da-dk\/trading\/leverage-margin\/#primaryimage","url":"https:\/\/www.etoro.com\/wp-content\/uploads\/2023\/07\/Socials-DK-1.png","contentUrl":"https:\/\/www.etoro.com\/wp-content\/uploads\/2023\/07\/Socials-DK-1.png","width":1200,"height":630},{"@type":"BreadcrumbList","@id":"https:\/\/www.etoro.com\/da-dk\/trading\/leverage-margin\/#breadcrumb","itemListElement":[{"@type":"ListItem","position":1,"name":"HJEM","item":"https:\/\/www.etoro.com\/da-dk\/"},{"@type":"ListItem","position":2,"name":"HANDEL","item":"https:\/\/www.etoroasia.com.cn\/da-dk\/trading\/"},{"@type":"ListItem","position":3,"name":"GEARING OG MARGIN"}]},{"@type":"WebSite","@id":"https:\/\/www.etoro.com\/da-dk\/#website","url":"https:\/\/www.etoro.com\/da-dk\/","name":"eToro","description":"","publisher":{"@id":"https:\/\/www.etoro.com\/da-dk\/#organization"},"potentialAction":[{"@type":"SearchAction","target":{"@type":"EntryPoint","urlTemplate":"https:\/\/www.etoro.com\/da-dk\/?s={search_term_string}"},"query-input":{"@type":"PropertyValueSpecification","valueRequired":true,"valueName":"search_term_string"}}],"inLanguage":"da"},[]]}},"_links":{"self":[{"href":"https:\/\/www.etoro.com\/da-dk\/wp-json\/wp\/v2\/pages\/30743"}],"collection":[{"href":"https:\/\/www.etoro.com\/da-dk\/wp-json\/wp\/v2\/pages"}],"about":[{"href":"https:\/\/www.etoro.com\/da-dk\/wp-json\/wp\/v2\/types\/page"}],"author":[{"embeddable":true,"href":"https:\/\/www.etoro.com\/da-dk\/wp-json\/wp\/v2\/users\/45"}],"replies":[{"embeddable":true,"href":"https:\/\/www.etoro.com\/da-dk\/wp-json\/wp\/v2\/comments?post=30743"}],"version-history":[{"count":0,"href":"https:\/\/www.etoro.com\/da-dk\/wp-json\/wp\/v2\/pages\/30743\/revisions"}],"up":[{"embeddable":true,"href":"https:\/\/www.etoro.com\/da-dk\/wp-json\/wp\/v2\/pages\/31824"}],"wp:featuredmedia":[{"embeddable":true,"href":"https:\/\/www.etoro.com\/da-dk\/wp-json\/wp\/v2\/media\/668014"}],"wp:attachment":[{"href":"https:\/\/www.etoro.com\/da-dk\/wp-json\/wp\/v2\/media?parent=30743"}],"wp:term":[{"taxonomy":"asset_type","embeddable":true,"href":"https:\/\/www.etoro.com\/da-dk\/wp-json\/wp\/v2\/asset_type?post=30743"}],"curies":[{"name":"wp","href":"https:\/\/api.w.org\/{rel}","templated":true}]}}