{"id":31237,"date":"2017-10-24T08:45:44","date_gmt":"2017-10-24T05:45:44","guid":{"rendered":"http:\/\/www.etoro.com\/customer-service\/community-guidelines\/"},"modified":"2025-07-10T15:45:10","modified_gmt":"2025-07-10T12:45:10","slug":"community-guidelines","status":"publish","type":"page","link":"https:\/\/www.etoro.com\/da-dk\/customer-service\/community-guidelines\/","title":{"rendered":"eToros f\u00e6llesskabsregler"},"content":{"rendered":"\n<section class=\"wp-block-group wp-block-group-boxed\"><div class=\"wp-block-group-inner is-layout-flow wp-block-group-is-layout-flow\">\n<div class=\"wp-block-columns are-vertically-aligned-top wp-block-columns-1 is-layout-flex wp-container-core-columns-is-layout-1 wp-block-columns-is-layout-flex\">\n<div class=\"wp-block-column is-layout-flow wp-block-column-is-layout-flow\">\n<h2 class=\"wp-block-heading\">S\u00e5dan anvender brugerne eToro<\/h2>\n\n\n\n<p>eToro er en online handelsplatform. Den betjener millioner af brugere fra hele verden, som bruger den til at administrere deres \u00f8konomiske midler og til at udf\u00f8re handler. eToro er dog ogs\u00e5 et socialt netv\u00e6rk, hvor brugerne kan udveksle tanker, ideer, strategier og meget andet. Ligesom s\u00e5 mange andre sociale netv\u00e6rk benyttes eToro ofte som en platform til debat, som for det meste foreg\u00e5r roligt og h\u00f8fligt.<\/p>\n\n\n\n<p>F\u00f8lgende regler vil hj\u00e6lpe dig med at forst\u00e5, hvad der er acceptabelt at dele p\u00e5 eToro, og hvilken type indhold, der kan blive markeret, fjernet eller resultere i begr\u00e6nset adgang.<\/p>\n\n\n\n<h2 class=\"wp-block-heading\">Derfor har vi f\u00e6llesskabsregler<\/h2>\n\n\n\n<p>eToro er f\u00f8rst og fremmest et f\u00e6llesskab best\u00e5ende af finansentusiaster. eToro-f\u00e6llesskabet breder sig ud over mange lande fra hele verden, underst\u00f8tter mere end 20 sprog og er virkelig mangfoldigt. Naturligvis er der nogle brugere, som fra tid til anden misbruger platformens sociale aspekter. Nogle g\u00f8r det for at forvolde skade, men i de fleste tilf\u00e6lde g\u00f8r de det, fordi de ikke er klar over, at f\u00e6llesskabet er underlagt et s\u00e6t regler. Derfor har vi skrevet denne detaljerede vejledning, s\u00e5 eToros brugere kan bibeholde et sundt og fordelagtigt f\u00e6llesskab.<\/p>\n\n\n\n<h2 class=\"wp-block-heading\">M\u00e5let med reglerne<\/h2>\n\n\n\n<ul class=\"wp-block-list wp-block-list wp-block-list-circle\">\n<li><b>Sikkerhed:<\/b> Vi bestr\u00e6ber os efter at s\u00f8rge for alle eToro-brugeres sikkerhed og trivsel. Hvis disse regler efterleves, kan vi opn\u00e5 dette.<\/li>\n\n\n\n<li><b>V\u00e6rdighed:<\/b> eToro henvender sig til mennesker, og alle mennesker fortjener at bevare deres v\u00e6rdighed. Hvis reglerne f\u00f8lges, vil vi v\u00e6re i stand til at sikre, at vores brugeres v\u00e6rdighed ikke kr\u00e6nkes.<\/li>\n<\/ul>\n\n\n\n<p>&nbsp;<\/p>\n\n\n\n<p><b><i>Ansvarsfraskrivelse:<\/i><\/b><i> Bem\u00e6rk venligst, at den engelske version af F\u00e6llesskabsreglerne afspejler det senest opdaterede s\u00e6t politikker og b\u00f8r anvendes som hoveddokument.<\/i><\/p>\n\n\n\n<h2 class=\"wp-block-heading\">Vold eller opfordring til ulovligheder<\/h2>\n\n\n\n<p>eToro-brugere b\u00f8r aldrig handle p\u00e5 en voldelig m\u00e5de eller opmuntre til voldelig adf\u00e6rd, hverken direkte eller indirekte. Dette inkluderer, men er ikke begr\u00e6nset til: brug af bandeord, sjofelheder, trolling, misbrug, bedrageri eller opkr\u00e6vning af penge.<\/p>\n\n\n\n<h2 class=\"wp-block-heading\">Trolling<\/h2>\n\n\n\n<p>eToro-brugere b\u00f8r aldrig bevidst opfordre til konflikt, provokere eller med vilje irritere andre brugere. Alle diskussioner skal foreg\u00e5 p\u00e5 h\u00f8flig vis og holde sig til emnet.<\/p>\n\n\n\n<h2 class=\"wp-block-heading\">Vildledelse og udgivelse for at v\u00e6re en anden<\/h2>\n\n\n\n<p>Du m\u00e5 aldrig give et misvisende billede af, hvem du er, ved at benytte eToros logo eller nogen andre varem\u00e6rker p\u00e5 din avatar eller dine opslag.<\/p>\n\n\n\n<h2 class=\"wp-block-heading\">Reklame<\/h2>\n\n\n\n<p>Bem\u00e6rk venligst, at brugere er ansvarlige for enhver markedsf\u00f8ring af tredjeparter i det indhold, som de deler. Du m\u00e5 for eksempel ikke opsl\u00e5, dele eller vise nogen videoer p\u00e5 vores platform, som indeholder tredjepartsmarkedsf\u00f8ring, s\u00e5som videoer der starter med reklamer eller sponsorgrafik, uden vores forudg\u00e5ende samtykke.<\/p>\n\n\n\n<h2 class=\"wp-block-heading\">Taktikker til markedsmanipulation<\/h2>\n\n\n\n<ul class=\"wp-block-list wp-block-list wp-block-list-circle\">\n<li>Misinformation: Du m\u00e5 aldrig sl\u00e5 misinformation op om din konto og\/eller dine handelsevner.<\/li>\n\n\n\n<li>Investeringsr\u00e5dgivning: Du m\u00e5 aldrig give direkte investeringsr\u00e5dgivning, eller hvad der kan fortolkes som v\u00e6rende investeringsr\u00e5dgivning. Du m\u00e5 ikke opfordre til direkte handling (s\u00e5som &#8220;invest\u00e9r i&#8221;).<\/li>\n\n\n\n<li>Markedsmanipulation: Du m\u00e5 ikke afgive falske l\u00f8fter eller lokke andre til at handle\/investere eller fors\u00f8ge at skabe volatile markedssituationer.<\/li>\n\n\n\n<li>Du m\u00e5 ikke organisere eller udf\u00f8re koordinerede strategier for at handle eller placere ordrer under bestemte forhold og tidspunkter for at rykke en akties kurs, da det udg\u00f8r markedsmanipulation<\/li>\n\n\n\n<li>Brugermanipulation: Du m\u00e5 ikke give instruktioner om specifikke handler eller om, hvordan andre skal handle.<\/li>\n\n\n\n<li>Falske nyheder: Du m\u00e5 ikke dele\/sprede misinformation, ubekr\u00e6ftede oplysninger og rygter.<\/li>\n\n\n\n<li>Spam: Du m\u00e5 ikke benytte dig af svigagtig og manipulerende praksis, og skal undg\u00e5 at overf\u00f8re misinformation, der har til hensigt at fordreje de finansielle markeder. Du m\u00e5 heller ikke sl\u00e5 de samme oplysninger op flere gange p\u00e5 forskellige indl\u00e6g.<\/li>\n<\/ul>\n\n\n\n<h2 class=\"wp-block-heading\">Kontakt til eToros kundeservice<\/h2>\n\n\n\n<p>Du m\u00e5 ikke sl\u00e5 tekniske eller kontorelaterede sp\u00f8rgsm\u00e5l eller oplysninger op p\u00e5 feedet. Du kan kontakte kundeservice n\u00e5r som helst via chat eller ved at <a href=\"https:\/\/www.etoro.com\/da-dk\/customer-service\/\">oprette en anmodning<\/a>, hvis du har sp\u00f8rgsm\u00e5l eller har brug for hj\u00e6lp. Du kan ogs\u00e5 f\u00e5 hj\u00e6lp via <a href=\"https:\/\/help.etoro.com\/s\/?language=da\">eToro Hj\u00e6lpecenter<\/a>.<\/p>\n\n\n\n<h2 class=\"wp-block-heading\">Private oplysninger<\/h2>\n\n\n\n<p>Du m\u00e5 aldrig dele dine private oplysninger p\u00e5 eToros nyhedsfeed, og du m\u00e5 aldrig opfordre andre til at g\u00f8re det.<\/p>\n\n\n\n<h2 class=\"wp-block-heading\">Emner der skal undg\u00e5s<\/h2>\n\n\n\n<p>Du m\u00e5 aldrig diskutere, n\u00e6vne eller dele noget indhold, der relaterer til f\u00f8lgende:<\/p>\n\n\n\n<ul class=\"wp-block-list wp-block-list wp-block-list-circle\">\n<li>Selvmord eller selvskade<\/li>\n\n\n\n<li>Seksuel udnyttelse og misbrug af b\u00f8rn og b\u00f8rns n\u00f8genhed<\/li>\n\n\n\n<li>Mobning og chikane<\/li>\n\n\n\n<li>Platformsmanipulation (brug af eToros platform p\u00e5 en m\u00e5de der har til hensigt at forst\u00e6rke eller tilbageholde oplysninger p\u00e5 kunstig vis)<\/li>\n\n\n\n<li>Syntetiske og manipulerede medier (vildledende deling af syntetiske eller manipulerede medier, der sandsynligvis vil for\u00e5rsage skade)<\/li>\n<\/ul>\n\n\n\n<h2 class=\"wp-block-heading\">Overtr\u00e6delse af f\u00e6llesskabsreglerne<\/h2>\n\n\n\n<p>Opslag, kommentarer, avatarer og biografier, som ikke f\u00f8lger ovenst\u00e5ende regler, kan blive redigeret eller slettet af eToro. Fortsat overtr\u00e6delse af disse regler vil f\u00f8re til, at din adgang begr\u00e6nses eller blokeres. Hvis et medlem fra eToros team eller fra f\u00e6llesskabet stiller sp\u00f8rgsm\u00e5lstegn om nogle af de ovenst\u00e5ende regler, som vedr\u00f8rer en specifik bruger, og hvis vi finder at denne opf\u00f8rsel forts\u00e6tter, vil det ogs\u00e5 v\u00e6re grundlag for, at indhold bliver fjernet, eller at brugeren f\u00e5r begr\u00e6nset sin adgang. Hvis din adgang er blevet begr\u00e6nset, og du ikke ved, hvorfor dette er sket, bedes du kontakte vores <a href=\"https:\/\/www.etoro.com\/da-dk\/customer-service\/\">Kundeservice<\/a>.<\/p>\n\n\n\n<h2 class=\"wp-block-heading\">Det m\u00e5 du meget gerne:<\/h2>\n\n\n\n<h3 class=\"wp-block-heading\">V\u00e6re konstruktiv<\/h3>\n\n\n\n<p>Vi betjener mange handlende, som tilh\u00f8rer forskellige aldersgrupper, kulturer, levem\u00e5der, og som har forskellige meninger, men vi deler alle en f\u00e6lles interesse for handel i markederne. Du bedes venligst v\u00e6re h\u00f8flig og udvise respekt for andres ideer, kommentarer eller handelsaktivitet \u2013 ogs\u00e5 hvis de ikke er i overensstemmelse med dine egne meninger. Du opfordres til at dele dine tanker og feedback, men g\u00f8r det p\u00e5 en respektfuld m\u00e5de, og lad v\u00e6re med at chikanere nogen.<\/p>\n\n\n\n<h3 class=\"wp-block-heading\">Opfordre til en diskussion<\/h3>\n\n\n\n<p>Vi opfordrer dig til at diskutere og udfordre ideer, strategier og markedsbegivenheder, efterh\u00e5nden som de opst\u00e5r.<\/p>\n\n\n\n<h3 class=\"wp-block-heading\">Holde fast i det relevante<\/h3>\n\n\n\n<p>Stil sp\u00f8rgsm\u00e5l, hvis du er usikker p\u00e5 noget, men hold diskussionerne til emnet, og s\u00f8rg for, at du videregiver de rette oplysninger. Du m\u00e5 ikke forstyrre andres samtaler eller bruge markedsfeeds til personlige eller irrelevante opslag. Dette inkluderer tagging af markedsfeeds p\u00e5 dine handelshistorier, at anvende dem til at markedsf\u00f8re dine egne resultater (se Spam), eller at stille generelle sp\u00f8rgsm\u00e5l i diskussioner om andre emner.<\/p>\n\n\n\n<h3 class=\"wp-block-heading\">Du beh\u00f8ver ikke at v\u00e6re genert, hvis du er ny.<\/h3>\n\n\n\n<p>Stil sp\u00f8rgsm\u00e5l, og forh\u00f8r dig om begivenheder, hvis du ikke er sikker p\u00e5, hvad de betyder, eller hvilket forventeligt resultat alle forudser og hvorfor.<\/p>\n\n\n\n<h3 class=\"wp-block-heading\">\u00d8ge din portef\u00f8ljes eksponering over for f\u00e6llesskabet<\/h3>\n\n\n\n<p>Hvis du gerne vil have f\u00f8lgere p\u00e5 eToro, er du velkommen til at benytte dig af disse r\u00e5d:<\/p>\n\n\n\n<ul class=\"wp-block-list wp-block-list wp-block-list-circle\">\n<li>Upload et billede af dig selv, og g\u00f8r dit navn synligt.<\/li>\n\n\n\n<li>eToro opfordrer til ansvarlig handel. Pr\u00e6senter dig selv som en ansvarlig handlende for dem, som bes\u00f8ger din profil. Del dine tanker og forklaringer omkring dine handler p\u00e5 dit Nyhedsfeed. Det vil opbygge dit omd\u00f8mme og give indsigt til dine potentielle copytraders.<\/li>\n\n\n\n<li>Deltag i samtaler, og hj\u00e6lp andre med deres sp\u00f8rgsm\u00e5l.<\/li>\n\n\n\n<li>Del dine handlinger og opslag p\u00e5 Facebook og Twitter for at tiltr\u00e6kke nye copytraders. Kontroller, hvilke kampagner der er tilg\u00e6ngelige for alle regioner, og del dem med dine venner.<\/li>\n<\/ul>\n<\/div>\n<\/div>\n<\/div><\/section>\n","protected":false},"excerpt":{"rendered":"<p>S\u00e5dan anvender brugerne eToro eToro er en online handelsplatform. Den betjener millioner af brugere fra hele verden, som bruger den til at administrere deres \u00f8konomiske midler og til at udf\u00f8re handler. eToro er dog ogs\u00e5 et socialt netv\u00e6rk, hvor brugerne kan udveksle tanker, ideer, strategier og meget andet. Ligesom s\u00e5 mange andre sociale netv\u00e6rk benyttes&hellip;<\/p>\n","protected":false},"author":1,"featured_media":812950,"parent":30094,"menu_order":1553,"comment_status":"closed","ping_status":"closed","template":"","meta":{"_acf_changed":false,"inline_featured_image":false,"sticky_cta_settings":"","footnotes":""},"asset_type":[],"class_list":["post-31237","page","type-page","status-publish","has-post-thumbnail","hentry"],"acf":[],"yoast_head":"<title>eToros f\u00e6llesskabsregler<\/title>\n<meta name=\"description\" content=\"eToro er en online handelsplatform der betjener millioner af brugere verden over. eToro er ogs\u00e5 et socialt netv\u00e6rk, hvor brugerne kan dele strategier og tanker.\" \/>\n<meta name=\"robots\" content=\"index, follow, max-snippet:-1, max-image-preview:large, max-video-preview:-1\" \/>\n<link rel=\"canonical\" href=\"https:\/\/www.etoro.com\/da-dk\/wp-json\/wp\/v2\/pages\/31237\" \/>\n<meta property=\"og:locale\" content=\"da_DK\" \/>\n<meta property=\"og:type\" content=\"article\" \/>\n<meta property=\"og:title\" content=\"eToros f\u00e6llesskabsregler\" \/>\n<meta property=\"og:description\" content=\"eToro er en online handelsplatform der betjener millioner af brugere verden over. eToro er ogs\u00e5 et socialt netv\u00e6rk, hvor brugerne kan dele strategier og tanker.\" \/>\n<meta property=\"og:url\" content=\"https:\/\/www.etoro.com\/da-dk\/wp-json\/wp\/v2\/pages\/31237\" \/>\n<meta property=\"og:site_name\" content=\"eToro\" \/>\n<meta property=\"article:publisher\" content=\"https:\/\/www.facebook.com\/eToro\/\" \/>\n<meta property=\"article:modified_time\" content=\"2025-07-10T12:45:10+00:00\" \/>\n<meta property=\"og:image\" content=\"https:\/\/www.etoro.com\/wp-content\/uploads\/2023\/12\/eToro-Community-Guidelines_Featured-image-1200x630_Danish-da-dk.png\" \/>\n\t<meta property=\"og:image:width\" content=\"1200\" \/>\n\t<meta property=\"og:image:height\" content=\"630\" \/>\n\t<meta property=\"og:image:type\" content=\"image\/png\" \/>\n<meta name=\"twitter:card\" content=\"summary_large_image\" \/>\n<meta name=\"twitter:site\" content=\"@eToro\" \/>\n<meta name=\"twitter:label1\" content=\"Est. reading time\" \/>\n\t<meta name=\"twitter:data1\" content=\"5 minutes\" \/>\n<script type=\"application\/ld+json\" class=\"yoast-schema-graph\">{\"@context\":\"https:\/\/schema.org\",\"@graph\":[{\"@type\":\"WebPage\",\"@id\":\"https:\/\/www.etoro.com\/da-dk\/customer-service\/community-guidelines\/\",\"url\":\"https:\/\/www.etoro.com\/da-dk\/customer-service\/community-guidelines\/\",\"name\":\"eToros f\u00e6llesskabsregler\",\"isPartOf\":{\"@id\":\"https:\/\/www.etoro.com\/da-dk\/#website\"},\"primaryImageOfPage\":{\"@id\":\"https:\/\/www.etoro.com\/da-dk\/customer-service\/community-guidelines\/#primaryimage\"},\"image\":{\"@id\":\"https:\/\/www.etoro.com\/da-dk\/customer-service\/community-guidelines\/#primaryimage\"},\"thumbnailUrl\":\"https:\/\/www.etoro.com\/wp-content\/uploads\/2023\/12\/eToro-Community-Guidelines_Featured-image-1200x630_Danish-da-dk.png\",\"datePublished\":\"2017-10-24T05:45:44+00:00\",\"dateModified\":\"2025-07-10T12:45:10+00:00\",\"description\":\"eToro er en online handelsplatform der betjener millioner af brugere verden over. eToro er ogs\u00e5 et socialt netv\u00e6rk, hvor brugerne kan dele strategier og tanker.\",\"breadcrumb\":{\"@id\":\"https:\/\/www.etoro.com\/da-dk\/customer-service\/community-guidelines\/#breadcrumb\"},\"inLanguage\":\"da\",\"potentialAction\":[{\"@type\":\"ReadAction\",\"target\":[\"https:\/\/www.etoro.com\/da-dk\/customer-service\/community-guidelines\/\"]}]},{\"@type\":\"ImageObject\",\"inLanguage\":\"da\",\"@id\":\"https:\/\/www.etoro.com\/da-dk\/customer-service\/community-guidelines\/#primaryimage\",\"url\":\"https:\/\/www.etoro.com\/wp-content\/uploads\/2023\/12\/eToro-Community-Guidelines_Featured-image-1200x630_Danish-da-dk.png\",\"contentUrl\":\"https:\/\/www.etoro.com\/wp-content\/uploads\/2023\/12\/eToro-Community-Guidelines_Featured-image-1200x630_Danish-da-dk.png\",\"width\":1200,\"height\":630},{\"@type\":\"BreadcrumbList\",\"@id\":\"https:\/\/www.etoro.com\/da-dk\/customer-service\/community-guidelines\/#breadcrumb\",\"itemListElement\":[{\"@type\":\"ListItem\",\"position\":1,\"name\":\"HJEM\",\"item\":\"https:\/\/www.etoro.com\/da-dk\/\"},{\"@type\":\"ListItem\",\"position\":2,\"name\":\"KUNDESERVICE\",\"item\":\"https:\/\/www.etoro.com\/da-dk\/customer-service\/\"},{\"@type\":\"ListItem\",\"position\":3,\"name\":\"RETNINGSLINJER FOR COMMUNITY\"}]},{\"@type\":\"WebSite\",\"@id\":\"https:\/\/www.etoro.com\/da-dk\/#website\",\"url\":\"https:\/\/www.etoro.com\/da-dk\/\",\"name\":\"eToro\",\"description\":\"\",\"publisher\":{\"@id\":\"https:\/\/www.etoro.com\/da-dk\/#organization\"},\"potentialAction\":[{\"@type\":\"SearchAction\",\"target\":{\"@type\":\"EntryPoint\",\"urlTemplate\":\"https:\/\/www.etoro.com\/da-dk\/?s={search_term_string}\"},\"query-input\":{\"@type\":\"PropertyValueSpecification\",\"valueRequired\":true,\"valueName\":\"search_term_string\"}}],\"inLanguage\":\"da\"},[]]}<\/script>","yoast_head_json":{"title":"eToros f\u00e6llesskabsregler","description":"eToro er en online handelsplatform der betjener millioner af brugere verden over. eToro er ogs\u00e5 et socialt netv\u00e6rk, hvor brugerne kan dele strategier og tanker.","robots":{"index":"index","follow":"follow","max-snippet":"max-snippet:-1","max-image-preview":"max-image-preview:large","max-video-preview":"max-video-preview:-1"},"canonical":"https:\/\/www.etoro.com\/da-dk\/wp-json\/wp\/v2\/pages\/31237","og_locale":"da_DK","og_type":"article","og_title":"eToros f\u00e6llesskabsregler","og_description":"eToro er en online handelsplatform der betjener millioner af brugere verden over. eToro er ogs\u00e5 et socialt netv\u00e6rk, hvor brugerne kan dele strategier og tanker.","og_url":"https:\/\/www.etoro.com\/da-dk\/wp-json\/wp\/v2\/pages\/31237","og_site_name":"eToro","article_publisher":"https:\/\/www.facebook.com\/eToro\/","article_modified_time":"2025-07-10T12:45:10+00:00","og_image":[{"width":1200,"height":630,"url":"https:\/\/www.etoro.com\/wp-content\/uploads\/2023\/12\/eToro-Community-Guidelines_Featured-image-1200x630_Danish-da-dk.png","type":"image\/png"}],"twitter_card":"summary_large_image","twitter_site":"@eToro","twitter_misc":{"Est. reading time":"5 minutes"},"schema":{"@context":"https:\/\/schema.org","@graph":[{"@type":"WebPage","@id":"https:\/\/www.etoro.com\/da-dk\/customer-service\/community-guidelines\/","url":"https:\/\/www.etoro.com\/da-dk\/customer-service\/community-guidelines\/","name":"eToros f\u00e6llesskabsregler","isPartOf":{"@id":"https:\/\/www.etoro.com\/da-dk\/#website"},"primaryImageOfPage":{"@id":"https:\/\/www.etoro.com\/da-dk\/customer-service\/community-guidelines\/#primaryimage"},"image":{"@id":"https:\/\/www.etoro.com\/da-dk\/customer-service\/community-guidelines\/#primaryimage"},"thumbnailUrl":"https:\/\/www.etoro.com\/wp-content\/uploads\/2023\/12\/eToro-Community-Guidelines_Featured-image-1200x630_Danish-da-dk.png","datePublished":"2017-10-24T05:45:44+00:00","dateModified":"2025-07-10T12:45:10+00:00","description":"eToro er en online handelsplatform der betjener millioner af brugere verden over. eToro er ogs\u00e5 et socialt netv\u00e6rk, hvor brugerne kan dele strategier og tanker.","breadcrumb":{"@id":"https:\/\/www.etoro.com\/da-dk\/customer-service\/community-guidelines\/#breadcrumb"},"inLanguage":"da","potentialAction":[{"@type":"ReadAction","target":["https:\/\/www.etoro.com\/da-dk\/customer-service\/community-guidelines\/"]}]},{"@type":"ImageObject","inLanguage":"da","@id":"https:\/\/www.etoro.com\/da-dk\/customer-service\/community-guidelines\/#primaryimage","url":"https:\/\/www.etoro.com\/wp-content\/uploads\/2023\/12\/eToro-Community-Guidelines_Featured-image-1200x630_Danish-da-dk.png","contentUrl":"https:\/\/www.etoro.com\/wp-content\/uploads\/2023\/12\/eToro-Community-Guidelines_Featured-image-1200x630_Danish-da-dk.png","width":1200,"height":630},{"@type":"BreadcrumbList","@id":"https:\/\/www.etoro.com\/da-dk\/customer-service\/community-guidelines\/#breadcrumb","itemListElement":[{"@type":"ListItem","position":1,"name":"HJEM","item":"https:\/\/www.etoro.com\/da-dk\/"},{"@type":"ListItem","position":2,"name":"KUNDESERVICE","item":"https:\/\/www.etoro.com\/da-dk\/customer-service\/"},{"@type":"ListItem","position":3,"name":"RETNINGSLINJER FOR COMMUNITY"}]},{"@type":"WebSite","@id":"https:\/\/www.etoro.com\/da-dk\/#website","url":"https:\/\/www.etoro.com\/da-dk\/","name":"eToro","description":"","publisher":{"@id":"https:\/\/www.etoro.com\/da-dk\/#organization"},"potentialAction":[{"@type":"SearchAction","target":{"@type":"EntryPoint","urlTemplate":"https:\/\/www.etoro.com\/da-dk\/?s={search_term_string}"},"query-input":{"@type":"PropertyValueSpecification","valueRequired":true,"valueName":"search_term_string"}}],"inLanguage":"da"},[]]}},"_links":{"self":[{"href":"https:\/\/www.etoro.com\/da-dk\/wp-json\/wp\/v2\/pages\/31237"}],"collection":[{"href":"https:\/\/www.etoro.com\/da-dk\/wp-json\/wp\/v2\/pages"}],"about":[{"href":"https:\/\/www.etoro.com\/da-dk\/wp-json\/wp\/v2\/types\/page"}],"author":[{"embeddable":true,"href":"https:\/\/www.etoro.com\/da-dk\/wp-json\/wp\/v2\/users\/1"}],"replies":[{"embeddable":true,"href":"https:\/\/www.etoro.com\/da-dk\/wp-json\/wp\/v2\/comments?post=31237"}],"version-history":[{"count":0,"href":"https:\/\/www.etoro.com\/da-dk\/wp-json\/wp\/v2\/pages\/31237\/revisions"}],"up":[{"embeddable":true,"href":"https:\/\/www.etoro.com\/da-dk\/wp-json\/wp\/v2\/pages\/30094"}],"wp:featuredmedia":[{"embeddable":true,"href":"https:\/\/www.etoro.com\/da-dk\/wp-json\/wp\/v2\/media\/812950"}],"wp:attachment":[{"href":"https:\/\/www.etoro.com\/da-dk\/wp-json\/wp\/v2\/media?parent=31237"}],"wp:term":[{"taxonomy":"asset_type","embeddable":true,"href":"https:\/\/www.etoro.com\/da-dk\/wp-json\/wp\/v2\/asset_type?post=31237"}],"curies":[{"name":"wp","href":"https:\/\/api.w.org\/{rel}","templated":true}]}}