{"id":31307,"date":"2017-11-14T09:35:22","date_gmt":"2017-11-14T07:35:22","guid":{"rendered":"http:\/\/www.etoro.com\/how-it-works\/"},"modified":"2025-12-01T16:22:53","modified_gmt":"2025-12-01T14:22:53","slug":"how-it-works","status":"publish","type":"page","link":"https:\/\/www.etoro.com\/da-dk\/copytrader\/how-it-works\/","title":{"rendered":"Forklaring p\u00e5 eToros kopisystemer"},"content":{"rendered":"\n<section class=\"wp-block-group wp-block-group-boxed has-white-background-color has-background\"><div class=\"wp-block-group-inner is-layout-flow wp-block-group-is-layout-flow\">\n<div class=\"wp-block-columns are-vertically-aligned-top wp-block-columns-1 is-layout-flex wp-container-core-columns-is-layout-2 wp-block-columns-is-layout-flex\">\n<div class=\"wp-block-column is-layout-flow wp-block-column-is-layout-flow\">\n<p>eToro-platformen skiller sig ud ved sine sociale handelsfunktioner og tilbyder innovative m\u00e5der at investere p\u00e5 ved at l\u00e6re af andre. Find ud af, hvordan <strong>CopyTrader\u2122<\/strong> kan hj\u00e6lpe dig med at udforske nye strategier og udvide dit handelspotentiale.<\/p>\n\n\n\n<h2 class=\"wp-block-heading\">Grundl\u00e6ggende om Copy Trading<\/h2>\n\n\n\n<p>Konceptet er simpelt: V\u00e6lg en handlende, dit investeringsbel\u00f8b, og tryk p\u00e5 &#8220;Kopi\u00e9r&#8221;. Men denne side vil forklare systemet mere detaljeret.&nbsp;<\/p>\n\n\n\n<p><strong>Vigtige begreber at kende:<\/strong><\/p>\n\n\n\n<ul class=\"wp-block-list wp-block-list wp-block-list-circle\">\n<li><strong>Kopi<\/strong>: Det at kopiere en anden investor p\u00e5 eToro<\/li>\n\n\n\n<li><strong>Kloninger<\/strong>: den bruger, der kopierer&nbsp;<\/li>\n<\/ul>\n\n\n\n<p><strong>Kopieret handlende<\/strong>: den bruger, der kopieres, ogs\u00e5 kendt som en Popular Investor. <strong>Kun Popular Investors kan kopieres.<\/strong><\/p>\n\n\n\n<div class=\"wp-block-columns are-vertically-aligned-top wp-block-columns-4 is-layout-flex wp-container-core-columns-is-layout-1 wp-block-columns-is-layout-flex\">\n<div class=\"wp-block-column wp-block-column-align-desktop-center wp-block-column-align-mobile-center is-layout-flow wp-block-column-is-layout-flow\">\n<p><strong>200 USD<\/strong><\/p>\n\n\n\n<p>Minimumsinvestering pr. handlende<\/p>\n<\/div>\n\n\n\n<div class=\"wp-block-column wp-block-column-align-desktop-center wp-block-column-align-mobile-center is-layout-flow wp-block-column-is-layout-flow\">\n<p><strong>1 USD<\/strong><\/p>\n\n\n\n<p>Minimumsbel\u00f8b pr. Kopi-position<\/p>\n<\/div>\n\n\n\n<div class=\"wp-block-column wp-block-column-align-desktop-center wp-block-column-align-mobile-center is-layout-flow wp-block-column-is-layout-flow\">\n<p><strong>2.000.000  USD<\/strong><\/p>\n\n\n\n<p>Maksimal investering pr. handlende<\/p>\n<\/div>\n\n\n\n<div class=\"wp-block-column wp-block-column-align-desktop-center wp-block-column-align-mobile-center is-layout-flow wp-block-column-is-layout-flow\">\n<p><strong>100<\/strong><\/p>\n\n\n\n<p>Du kan maksimalt kopiere et antal handlende<\/p>\n<\/div>\n<\/div>\n\n\n\n<h2 class=\"wp-block-heading\">Start en ny kopi<\/h2>\n\n\n\n<p>N\u00e5r du opretter en ny kopi, matcher din position den aktuelle allokering af den kopierede handlendes portef\u00f8lje, hvilket sikrer, at begge forbliver ligestillede. Kopierede portef\u00f8ljer kopierer n\u00f8jagtige procentvise allokeringer af den kopierede investors hele egenkapital, herunder Aktiv beholdninger, ikke-allokerede kontanter og urealiserede fortjenester og tab.<\/p>\n\n\n\n<ul class=\"wp-block-list wp-block-list wp-block-list-circle\">\n<li>Fra det \u00f8jeblik, du begynder at Kopi, afspejler din Kopi investering den kopierede handlendes nuv\u00e6rende positioner og fremtidige handlinger \u2013 herunder \u00e6ndringer i Stop Loss (SL), Take Profit (TP) og handelslukninger. Hvis den kopierede handlende forl\u00e6nger et SL ved at tilf\u00f8je midler til en position, opdateres dit SL ogs\u00e5, men dit investerede bel\u00f8b forbliver u\u00e6ndret.<\/li>\n\n\n\n<li>For at se alle handler, der er kopieret fra en enkelt handlende, skal du g\u00e5 til din portef\u00f8lje og V\u00e6lg p\u00e5 Popular Investor\u2019s navn.&nbsp;<\/li>\n\n\n\n<li>Du kan lukke en specifik kopieret handel uden at lukke hele Kopi positionen.<\/li>\n\n\n\n<li>Hvis den kopierede handlende \u00e5bner en position, mens markedet er lukket (for eksempel i en markedspause), afgives der en markedsordre til dig, der udf\u00f8res til den f\u00f8rste tilg\u00e6ngelige markedskurs, n\u00e5r markedet gen\u00e5bner.<\/li>\n\n\n\n<li>Du kan til enhver tid v\u00e6lge at stoppe kopieringen<\/li>\n<\/ul>\n\n\n\n<p>Bem\u00e6rk: Alle handler, der er inkluderet i kopien, \u00e5bnes p\u00e5 din konto p\u00e5 samme tid. Du kan i f\u00f8rste omgang opleve et lille tab, som afspejler Spread mellem K\u00f8bs- og salgskurser. Dette giver en repr\u00e6sentation i realtid af det bel\u00f8b, du ville modtage, hvis du lukkede handel med det samme.&nbsp;<\/p>\n\n\n\n<p>Nye handler \u00e5bnes baseret p\u00e5 realiseret egenkapital (din balance plus investerede midler). Hvis den kopierede handlende for eksempel \u00e5bner en handel med 10 % af sin realiserede egenkapital, vil din kopi \u00e5bne den samme handel med 10 % af din realiserede egenkapital.<\/p>\n\n\n\n<h2 class=\"wp-block-heading\">Hold dig automatisk synkroniseret<\/h2>\n\n\n\n<p>Automatisk reallokering hj\u00e6lper med at holde din investering p\u00e5 linje med portef\u00f8ljen af den handlende, du kopierer. N\u00e5r den Popular Investor, som du Kopi, foretager \u00e6ndringer, opdateres din Kopi position for at sikre, at din portef\u00f8lje afspejler den Kopi handlendes aktuelle positioner og strategi.<\/p>\n\n\n\n<p>Oml\u00e6gning udl\u00f8ses under f\u00f8lger forhold:<\/p>\n\n\n\n<ul class=\"wp-block-list wp-block-list wp-block-list-circle\">\n<li><strong>Tilf\u00f8rsel af midler<\/strong><\/li>\n\n\n\n<li><strong>Fjernelse af midler<\/strong><\/li>\n\n\n\n<li><strong>Genoptager en kopi, der har v\u00e6ret p\u00e5 pause<\/strong><\/li>\n\n\n\n<li><strong>Udbetalinger foretaget af den kopierede handlende<\/strong><\/li>\n\n\n\n<li><strong>Indbetalinger foretaget af den kopierede erhvervsdrivende.<\/strong> Bem\u00e6rk venligst, at denne omfordeling sker med en forsinkelse p\u00e5 48 timer, hvilket giver dig tid til ogs\u00e5 at tilf\u00f8je yderligere midler, hvis du \u00f8nsker det.<\/li>\n\n\n\n<li><strong>Markedsbev\u00e6gelser<\/strong>, der p\u00e5virker den kopierede handlendes portef\u00f8ljeallokering, afspejles ogs\u00e5 i kopien.<br><\/li>\n<\/ul>\n\n\n\n<p>Bem\u00e6rk, at eksisterende positioner automatisk kan \u00e5bnes eller lukkes for at matche den korrekte v\u00e6gtning af Aktiv, og at der kan realiseres overskud eller tab som f\u00f8lge af disse automatiske justeringer.<br>&nbsp;<\/p>\n\n\n\n<p>Mens en oml\u00e6gning er i gang, vil du ikke kunne tilf\u00f8je eller tr\u00e6kke penge ud, lukke individuelle positioner eller s\u00e6tte kopien p\u00e5 pause. Dette g\u00f8r det muligt for systemet fuldt ud at matche den kopierede handlendes opdaterede portef\u00f8lje.<\/p>\n\n\n\n<p>Du modtager en notifikation i appen, n\u00e5r reallokeringen er gennemf\u00f8rt. Processen afsluttes p\u00e5 <strong>op til 7 hverdage<\/strong>, hvorefter du kan genoptage administrationen af din kopi som normalt.<\/p>\n\n\n\n<h2 class=\"wp-block-heading\">Kontroller risikoen med Kopi Stop Loss<\/h2>\n\n\n\n<p>Copy Stop Loss (CSL) er en indbygget funktion til risikostyring, der lader dig indstille en Stop Loss-procent p\u00e5 tv\u00e6rs af hele Kopi-handlen for at hj\u00e6lpe med at beskytte din investering baseret p\u00e5 overskud og tab i realtid. Hvis v\u00e6rdien af din Kopi falder til under det indstillede bel\u00f8b, lukker systemet automatisk Kopien og returnerer de resterende midler til din balance.<\/p>\n\n\n\n<ul class=\"wp-block-list wp-block-list wp-block-list-circle\">\n<li>Som standard er CSL indstillet til 40 % af dit investerede bel\u00f8b.&nbsp;<\/li>\n\n\n\n<li>Du kan justere CSL til en hvilken som helst v\u00e6rdi mellem 5 % og 95 % af dit investerede bel\u00f8b.<\/li>\n<\/ul>\n\n\n\n<p>Eksempel: Du Kopi Trader A med 1.000 USD. Du indstiller CSL til 60 %, hvilket svarer til 600 USD. Hvis den samlede egenkapital (inkl. ikke-realiseret P\/L) falder til 600 USD, lukkes alle positioner automatisk, og 600 USD vil vende tilbage til din balance.<\/p>\n\n\n\n<p>Bem\u00e6rk venligst, at systemet ikke tillader dig at reducere CSL&#8217;en til en v\u00e6rdi, der er s\u00e5 lille, at det kan udl\u00f8se lukning af kopihandlen med det samme. Tilf\u00f8jelse eller fjernelse af midler fra den kopierede handlende udl\u00f8ser ogs\u00e5 en genberegning af CSL-v\u00e6rdien som en procentdel af det nye Kopi-bel\u00f8b.<\/p>\n\n\n\n<p><strong>Hvad sker der, n\u00e5r CSL udl\u00f8ses?<\/strong><\/p>\n\n\n\n<p>N\u00e5r din Kopi n\u00e5r CSL-t\u00e6rsklen p\u00e5 grund af urealiserede tab, lukkes alle positioner i det p\u00e5g\u00e6ldende kopiforhold. Under fanen Historik bliver lukkede handler m\u00e6rket &#8220;CSL&#8221;. i kolonnen &#8220;T\u00e6t ved&#8221;.<\/p>\n\n\n\n<figure class=\"wp-block-image aligncenter\"><img loading=\"lazy\" decoding=\"async\" width=\"1057\" height=\"321\" src=\"\/wp-content\/uploads\/2017\/12\/copysystemexplain-image1.png\" alt=\"\" class=\"wp-image-19348 wp-image-desktop\" srcset=\"https:\/\/www.etoro.com\/wp-content\/uploads\/2017\/12\/copysystemexplain-image1.png 1057w, https:\/\/www.etoro.com\/wp-content\/uploads\/2017\/12\/copysystemexplain-image1-300x91.png 300w, https:\/\/www.etoro.com\/wp-content\/uploads\/2017\/12\/copysystemexplain-image1-768x233.png 768w, https:\/\/www.etoro.com\/wp-content\/uploads\/2017\/12\/copysystemexplain-image1-1024x311.png 1024w\" sizes=\"(max-width: 1057px) 100vw, 1057px\" \/><\/figure>\n\n\n\n<p><strong>Hvordan Kopi Stop Loss er unikt<\/strong><\/p>\n\n\n\n<p>CSL er designet til at begr\u00e6nse din samlede eksponering for en enkelt handlende. Da dine kopierede handler er beskyttet af CSL, kan vi give mere fleksibilitet, n\u00e5r det kommer til deres Stop Loss (SL).<\/p>\n\n\n\n<p>Med almindelige handler betyder en \u00f8get SL ud over det kr\u00e6vede minimum, at der h\u00e6ves yderligere midler fra din balance til at underst\u00f8tte handlen. N\u00e5r den kopierede erhvervsdrivende forl\u00e6nger sit SL for kopierede handler, tr\u00e6kkes der ikke yderligere midler fra dit kopibel\u00f8b. Det betyder, at:<\/p>\n\n\n\n<ul class=\"wp-block-list wp-block-list wp-block-list-circle\">\n<li>En enkelt handel kan g\u00e5 200 % eller endda 300 % med tab uden at blive standset, hvilket giver den en st\u00f8rre chance for at komme sig.<\/li>\n\n\n\n<li>Din Kopi balance har nok midler til at underst\u00f8tte flere handler.<\/li>\n<\/ul>\n\n\n\n<p>Men hvis det samlede urealiserede tab i Kopi-forholdet n\u00e5r din indstillede CSL, lukkes alle positioner, og Kopi-forholdet oph\u00f8rer. Den kopierede handels gevinst\/tab beregnes ud fra det oprindelige bel\u00f8b, der er investeret i handlen.<\/p>\n\n\n\n<h2 class=\"wp-block-heading\">Just\u00e9r din investering til enhver tid<\/h2>\n\n\n\n<p>Du kan til enhver tid \u00f8ge din Kopi investering ved at <strong>tilf\u00f8je midler<\/strong>, som bliver justeret proportionalt i din portef\u00f8lje. P\u00e5 samme m\u00e5de har du mulighed for at <strong>fjerne midler <\/strong>fra Kopien (og bevare Kopiens minimumsinvestering), som vil blive flyttet tilbage til din disponible kontanter balance. (Som n\u00e6vnt ovenfor udl\u00f8ser tilf\u00f8jelse til eller fjernelse af midler fra en Kopi position automatisk omfordeling).<\/p>\n\n\n\n<h2 class=\"wp-block-heading\">Stop kopieringen \u2013 eller tryk blot p\u00e5 pause<\/h2>\n\n\n\n<p>Du har altid kontrol over dine investeringer, og du kan stoppe med at kopiere til enhver tid.&nbsp;<\/p>\n\n\n\n<p>Husk, at du kan <strong>lukke specifikke handler i en Kopi position<\/strong> uden at lukke hele Kopien. Midlerne fra denne position krediteres tilbage til din Kopi balance.<\/p>\n\n\n\n<p>Hvis du helt \u00f8nsker at <strong>oph\u00f8re med at Kopi en handlende<\/strong>, skal du v\u00e6lge \u201cStop Kopi\u201d i menuen med Kopiindstillinger. Derefter har du to valg:<\/p>\n\n\n\n<ul class=\"wp-block-list wp-block-list wp-block-list-circle\">\n<li><strong>S\u00e6lg alle<\/strong> lukker kopien helt.<\/li>\n\n\n\n<li><strong>Keep All<\/strong> overf\u00f8rer alle kopierede positioner til din egen portef\u00f8lje, hvor de derefter kan administreres selvst\u00e6ndigt<\/li>\n<\/ul>\n\n\n\n<p><strong>Pause Kopi<\/strong> er en funktion, der giver dig mulighed for at stoppe med at kopiere en trader uden at lukke alle de aktuelt \u00e5bne positioner.&nbsp;<\/p>\n\n\n\n<p>N\u00e5r en kopi s\u00e6ttes p\u00e5 pause, \u00e5bnes der ikke nye handler, men alle de allerede \u00e5bne handler kopierer stadig SL\/TP og lukkehandlinger fra den kopierede handlende. Pause Kopi kan aktiveres fra portef\u00f8ljesiden p\u00e5 eToro ved at klikke p\u00e5 indstillingsknappen og v\u00e6lge &#8220;S\u00e6t Kopi p\u00e5 pause.&#8221;<\/p>\n\n\n\n<p>Du kan <strong>til enhver tid genoptage kopieringen<\/strong> ved at g\u00e5 til portef\u00f8ljesiden og klikke p\u00e5 &#8220;Genoptag kopiering&#8221;.<\/p>\n\n\n\n<h2 class=\"wp-block-heading\">Kopi mere smart med ekspert udvalgte portef\u00f8ljer<\/h2>\n\n\n\n<p><a href=\"https:\/\/www.etoro.com\/da-dk\/investing\/portfolios\/\"><strong>Smart Portfolios<\/strong><\/a> er innovative, langsigtede investeringsportef\u00f8ljer bygget p\u00e5 den samme CopyTrader-teknologi, hvilket betyder, at din investering automatisk afspejler portef\u00f8ljens allokering og strategi. Hver enkelt har et unikt tema, som tilbyder en bekvem og alsidig m\u00e5de at investere i de store markedstrends, der former verden i dag \u2013 alt sammen uden de s\u00e6dvanlige administrationsgebyrer.<\/p>\n\n\n\n<ul class=\"wp-block-list wp-block-list wp-block-list-circle\">\n<li>Det mindste investeringsbel\u00f8b er s\u00e5 lavt som 500 USD.<\/li>\n\n\n\n<li>Standard Stop Loss for en Smart Portfolio er sat til 10 %.<\/li>\n\n\n\n<li>V\u00e6gtfordelingen for hver Smart Portfolio kan \u00e6ndre sig over tid, da hver Smart Portfolio rebalanceres regelm\u00e6ssigt.<\/li>\n<\/ul>\n\n\n\n<p>Der findes flere forskellige typer af Smart Portfolios:<\/p>\n\n\n\n<p><strong>Market Smart Portfolios<\/strong> samler flere Aktiver i et enkelt investeringsprodukt, som hver is\u00e6r f\u00f8lger en defineret markedsstrategi eller er m\u00e5lrettet mod en bestemt sektor. For eksempel omfatter <a href=\"https:\/\/www.etoro.com\/da-dk\/smartportfolios\/bigtech\">BigTech Smart Portfolio<\/a> f\u00f8rende tech-virksomheder, som tilbyder en praktisk, men alligevel diversificeret m\u00e5de at investere i hele sektoren p\u00e5 via \u00e9t Aktiv.<\/p>\n\n\n\n<p><strong>Top Trader Smart Portfolios<\/strong> samler h\u00f8jtydende tradere, der er udvalgt af eToros investeringsudvalg ved hj\u00e6lp af en sofistikeret algoritme, i en enkelt investering. For eksempel omfatter <a href=\"https:\/\/www.etoro.com\/da-dk\/smartportfolios\/gainersqtr\">GainersQtr Smart Portfolio<\/a> tradere med ensartet afkast og et st\u00e6rkt KORTsigtet potentiale, som opdateres regelm\u00e6ssigt for at h\u00e5ndtere risiko og optimere ydeevnen.<\/p>\n\n\n\n<p><strong>Partner Smart Portfolios<\/strong> er skabt i samarbejde med nogle af de mest innovative investeringsstartups, pengeforvaltere og dataforskningsvirksomheder i verden. For eksempel blev <a href=\"https:\/\/www.etoro.com\/news-and-analysis\/copytrader\/time-you-invest-in-your-future\/\">Target Model Smart Portfolios<\/a> oprettet i partnerskab med Franklin Templeton for at omfatte investeringsstrategier fra m\u00e5l\u00e5ret, som justeres automatisk over tid.&nbsp;<\/p>\n\n\n\n<p>* Alle CopyTrader vilk\u00e5r og betingelser kan til enhver tid \u00e6ndres efter eToro\u2019s sk\u00f8n.<\/p>\n<\/div>\n<\/div>\n<\/div><\/section>\n","protected":false},"excerpt":{"rendered":"<p>eToro-platformen skiller sig ud ved sine sociale handelsfunktioner og tilbyder innovative m\u00e5der at investere p\u00e5 ved at l\u00e6re af andre. Find ud af, hvordan CopyTrader\u2122 kan hj\u00e6lpe dig med at udforske nye strategier og udvide dit handelspotentiale. Grundl\u00e6ggende om Copy Trading Konceptet er simpelt: V\u00e6lg en handlende, dit investeringsbel\u00f8b, og tryk p\u00e5 &#8220;Kopi\u00e9r&#8221;. Men denne&hellip;<\/p>\n","protected":false},"author":45,"featured_media":519990,"parent":34702,"menu_order":1360,"comment_status":"closed","ping_status":"closed","template":"","meta":{"_acf_changed":false,"inline_featured_image":false,"sticky_cta_settings":"","footnotes":""},"asset_type":[],"class_list":["post-31307","page","type-page","status-publish","has-post-thumbnail","hentry"],"acf":[],"yoast_head":"<title>Forklaring p\u00e5 eToros kopisystemer - eToro<\/title>\n<meta name=\"robots\" content=\"index, follow, max-snippet:-1, max-image-preview:large, max-video-preview:-1\" \/>\n<link rel=\"canonical\" href=\"https:\/\/www.etoro.com\/da-dk\/wp-json\/wp\/v2\/pages\/31307\" \/>\n<meta property=\"og:locale\" content=\"da_DK\" \/>\n<meta property=\"og:type\" content=\"article\" \/>\n<meta property=\"og:title\" content=\"Forklaring p\u00e5 eToros kopisystemer - eToro\" \/>\n<meta property=\"og:description\" content=\"eToro-platformen skiller sig ud ved sine sociale handelsfunktioner og tilbyder innovative m\u00e5der at investere p\u00e5 ved at l\u00e6re af andre. Find ud af, hvordan CopyTrader\u2122 kan hj\u00e6lpe dig med at udforske nye strategier og udvide dit handelspotentiale. Grundl\u00e6ggende om Copy Trading Konceptet er simpelt: V\u00e6lg en handlende, dit investeringsbel\u00f8b, og tryk p\u00e5 &#8220;Kopi\u00e9r&#8221;. Men denne&hellip;\" \/>\n<meta property=\"og:url\" content=\"https:\/\/www.etoro.com\/da-dk\/wp-json\/wp\/v2\/pages\/31307\" \/>\n<meta property=\"og:site_name\" content=\"eToro\" \/>\n<meta property=\"article:publisher\" content=\"https:\/\/www.facebook.com\/eToro\/\" \/>\n<meta property=\"article:modified_time\" content=\"2025-12-01T14:22:53+00:00\" \/>\n<meta property=\"og:image\" content=\"https:\/\/www.etoro.com\/wp-content\/uploads\/2022\/11\/Social_systems-explained_Danish-da-dk.jpg\" \/>\n\t<meta property=\"og:image:width\" content=\"1200\" \/>\n\t<meta property=\"og:image:height\" content=\"630\" \/>\n\t<meta property=\"og:image:type\" content=\"image\/jpeg\" \/>\n<meta name=\"twitter:card\" content=\"summary_large_image\" \/>\n<meta name=\"twitter:site\" content=\"@eToro\" \/>\n<meta name=\"twitter:label1\" content=\"Est. reading time\" \/>\n\t<meta name=\"twitter:data1\" content=\"10 minutes\" \/>\n<script type=\"application\/ld+json\" class=\"yoast-schema-graph\">{\"@context\":\"https:\/\/schema.org\",\"@graph\":[{\"@type\":\"WebPage\",\"@id\":\"https:\/\/www.etoro.com\/da-dk\/copytrader\/how-it-works\/\",\"url\":\"https:\/\/www.etoro.com\/da-dk\/copytrader\/how-it-works\/\",\"name\":\"Forklaring p\u00e5 eToros kopisystemer - eToro\",\"isPartOf\":{\"@id\":\"https:\/\/www.etoro.com\/da-dk\/#website\"},\"primaryImageOfPage\":{\"@id\":\"https:\/\/www.etoro.com\/da-dk\/copytrader\/how-it-works\/#primaryimage\"},\"image\":{\"@id\":\"https:\/\/www.etoro.com\/da-dk\/copytrader\/how-it-works\/#primaryimage\"},\"thumbnailUrl\":\"https:\/\/www.etoro.com\/wp-content\/uploads\/2022\/11\/Social_systems-explained_Danish-da-dk.jpg\",\"datePublished\":\"2017-11-14T07:35:22+00:00\",\"dateModified\":\"2025-12-01T14:22:53+00:00\",\"breadcrumb\":{\"@id\":\"https:\/\/www.etoro.com\/da-dk\/copytrader\/how-it-works\/#breadcrumb\"},\"inLanguage\":\"da\",\"potentialAction\":[{\"@type\":\"ReadAction\",\"target\":[\"https:\/\/www.etoro.com\/da-dk\/copytrader\/how-it-works\/\"]}]},{\"@type\":\"ImageObject\",\"inLanguage\":\"da\",\"@id\":\"https:\/\/www.etoro.com\/da-dk\/copytrader\/how-it-works\/#primaryimage\",\"url\":\"https:\/\/www.etoro.com\/wp-content\/uploads\/2022\/11\/Social_systems-explained_Danish-da-dk.jpg\",\"contentUrl\":\"https:\/\/www.etoro.com\/wp-content\/uploads\/2022\/11\/Social_systems-explained_Danish-da-dk.jpg\",\"width\":1200,\"height\":630},{\"@type\":\"BreadcrumbList\",\"@id\":\"https:\/\/www.etoro.com\/da-dk\/copytrader\/how-it-works\/#breadcrumb\",\"itemListElement\":[{\"@type\":\"ListItem\",\"position\":1,\"name\":\"HJEM\",\"item\":\"https:\/\/www.etoro.com\/da-dk\/\"},{\"@type\":\"ListItem\",\"position\":2,\"name\":\"CopyTrader\",\"item\":\"https:\/\/www.etoro.com\/da-dk\/copytrader\/\"},{\"@type\":\"ListItem\",\"position\":3,\"name\":\"HVORDAN DET FUNGERER\"}]},{\"@type\":\"WebSite\",\"@id\":\"https:\/\/www.etoro.com\/da-dk\/#website\",\"url\":\"https:\/\/www.etoro.com\/da-dk\/\",\"name\":\"eToro\",\"description\":\"\",\"publisher\":{\"@id\":\"https:\/\/www.etoro.com\/da-dk\/#organization\"},\"potentialAction\":[{\"@type\":\"SearchAction\",\"target\":{\"@type\":\"EntryPoint\",\"urlTemplate\":\"https:\/\/www.etoro.com\/da-dk\/?s={search_term_string}\"},\"query-input\":{\"@type\":\"PropertyValueSpecification\",\"valueRequired\":true,\"valueName\":\"search_term_string\"}}],\"inLanguage\":\"da\"},[]]}<\/script>","yoast_head_json":{"title":"Forklaring p\u00e5 eToros kopisystemer - eToro","robots":{"index":"index","follow":"follow","max-snippet":"max-snippet:-1","max-image-preview":"max-image-preview:large","max-video-preview":"max-video-preview:-1"},"canonical":"https:\/\/www.etoro.com\/da-dk\/wp-json\/wp\/v2\/pages\/31307","og_locale":"da_DK","og_type":"article","og_title":"Forklaring p\u00e5 eToros kopisystemer - eToro","og_description":"eToro-platformen skiller sig ud ved sine sociale handelsfunktioner og tilbyder innovative m\u00e5der at investere p\u00e5 ved at l\u00e6re af andre. Find ud af, hvordan CopyTrader\u2122 kan hj\u00e6lpe dig med at udforske nye strategier og udvide dit handelspotentiale. Grundl\u00e6ggende om Copy Trading Konceptet er simpelt: V\u00e6lg en handlende, dit investeringsbel\u00f8b, og tryk p\u00e5 &#8220;Kopi\u00e9r&#8221;. Men denne&hellip;","og_url":"https:\/\/www.etoro.com\/da-dk\/wp-json\/wp\/v2\/pages\/31307","og_site_name":"eToro","article_publisher":"https:\/\/www.facebook.com\/eToro\/","article_modified_time":"2025-12-01T14:22:53+00:00","og_image":[{"width":1200,"height":630,"url":"https:\/\/www.etoro.com\/wp-content\/uploads\/2022\/11\/Social_systems-explained_Danish-da-dk.jpg","type":"image\/jpeg"}],"twitter_card":"summary_large_image","twitter_site":"@eToro","twitter_misc":{"Est. reading time":"10 minutes"},"schema":{"@context":"https:\/\/schema.org","@graph":[{"@type":"WebPage","@id":"https:\/\/www.etoro.com\/da-dk\/copytrader\/how-it-works\/","url":"https:\/\/www.etoro.com\/da-dk\/copytrader\/how-it-works\/","name":"Forklaring p\u00e5 eToros kopisystemer - eToro","isPartOf":{"@id":"https:\/\/www.etoro.com\/da-dk\/#website"},"primaryImageOfPage":{"@id":"https:\/\/www.etoro.com\/da-dk\/copytrader\/how-it-works\/#primaryimage"},"image":{"@id":"https:\/\/www.etoro.com\/da-dk\/copytrader\/how-it-works\/#primaryimage"},"thumbnailUrl":"https:\/\/www.etoro.com\/wp-content\/uploads\/2022\/11\/Social_systems-explained_Danish-da-dk.jpg","datePublished":"2017-11-14T07:35:22+00:00","dateModified":"2025-12-01T14:22:53+00:00","breadcrumb":{"@id":"https:\/\/www.etoro.com\/da-dk\/copytrader\/how-it-works\/#breadcrumb"},"inLanguage":"da","potentialAction":[{"@type":"ReadAction","target":["https:\/\/www.etoro.com\/da-dk\/copytrader\/how-it-works\/"]}]},{"@type":"ImageObject","inLanguage":"da","@id":"https:\/\/www.etoro.com\/da-dk\/copytrader\/how-it-works\/#primaryimage","url":"https:\/\/www.etoro.com\/wp-content\/uploads\/2022\/11\/Social_systems-explained_Danish-da-dk.jpg","contentUrl":"https:\/\/www.etoro.com\/wp-content\/uploads\/2022\/11\/Social_systems-explained_Danish-da-dk.jpg","width":1200,"height":630},{"@type":"BreadcrumbList","@id":"https:\/\/www.etoro.com\/da-dk\/copytrader\/how-it-works\/#breadcrumb","itemListElement":[{"@type":"ListItem","position":1,"name":"HJEM","item":"https:\/\/www.etoro.com\/da-dk\/"},{"@type":"ListItem","position":2,"name":"CopyTrader","item":"https:\/\/www.etoro.com\/da-dk\/copytrader\/"},{"@type":"ListItem","position":3,"name":"HVORDAN DET FUNGERER"}]},{"@type":"WebSite","@id":"https:\/\/www.etoro.com\/da-dk\/#website","url":"https:\/\/www.etoro.com\/da-dk\/","name":"eToro","description":"","publisher":{"@id":"https:\/\/www.etoro.com\/da-dk\/#organization"},"potentialAction":[{"@type":"SearchAction","target":{"@type":"EntryPoint","urlTemplate":"https:\/\/www.etoro.com\/da-dk\/?s={search_term_string}"},"query-input":{"@type":"PropertyValueSpecification","valueRequired":true,"valueName":"search_term_string"}}],"inLanguage":"da"},[]]}},"_links":{"self":[{"href":"https:\/\/www.etoro.com\/da-dk\/wp-json\/wp\/v2\/pages\/31307"}],"collection":[{"href":"https:\/\/www.etoro.com\/da-dk\/wp-json\/wp\/v2\/pages"}],"about":[{"href":"https:\/\/www.etoro.com\/da-dk\/wp-json\/wp\/v2\/types\/page"}],"author":[{"embeddable":true,"href":"https:\/\/www.etoro.com\/da-dk\/wp-json\/wp\/v2\/users\/45"}],"replies":[{"embeddable":true,"href":"https:\/\/www.etoro.com\/da-dk\/wp-json\/wp\/v2\/comments?post=31307"}],"version-history":[{"count":0,"href":"https:\/\/www.etoro.com\/da-dk\/wp-json\/wp\/v2\/pages\/31307\/revisions"}],"up":[{"embeddable":true,"href":"https:\/\/www.etoro.com\/da-dk\/wp-json\/wp\/v2\/pages\/34702"}],"wp:featuredmedia":[{"embeddable":true,"href":"https:\/\/www.etoro.com\/da-dk\/wp-json\/wp\/v2\/media\/519990"}],"wp:attachment":[{"href":"https:\/\/www.etoro.com\/da-dk\/wp-json\/wp\/v2\/media?parent=31307"}],"wp:term":[{"taxonomy":"asset_type","embeddable":true,"href":"https:\/\/www.etoro.com\/da-dk\/wp-json\/wp\/v2\/asset_type?post=31307"}],"curies":[{"name":"wp","href":"https:\/\/api.w.org\/{rel}","templated":true}]}}