{"id":353848,"date":"2021-02-18T20:19:06","date_gmt":"2021-02-18T18:19:06","guid":{"rendered":"https:\/\/www.etoro.com\/copytrader\/coattail-investing-vs-copy-trading\/"},"modified":"2024-08-19T17:49:02","modified_gmt":"2024-08-19T14:49:02","slug":"coattail-investing-vs-copy-trading","status":"publish","type":"page","link":"https:\/\/www.etoro.com\/da-dk\/copytrader\/coattail-investing-vs-copy-trading\/","title":{"rendered":"Coattail-investering vs. kopihandel: Hvad er forskellen?"},"content":{"rendered":"<p>&nbsp;<\/p>\n<p>Oscar Wilde skrev: &#8220;Imitation er den mest oprigtige form for smiger&#8230;&#8221;, og det kan v\u00e6re sande ord, n\u00e5r det kommer til investering.<\/p>\n<p>Der er sket en betydelig stigning i social handel i l\u00f8bet af de seneste \u00e5r med platforme, der tilbyder funktioner som<a href=\"https:\/\/www.etoro.com\/da-dk\/copytrader\/\"> eToros CopyTrader\u2122<\/a>. Disse tjenester giver brugeren mulighed for at se, hvor investorer v\u00e6lger at investere deres penge. Denne indsigt i andre investorers handlinger skaber en oplagt mulighed for at overv\u00e5ge og kopiere disse investorers strategier.<\/p>\n<p>Is\u00e6r to centrale strategier inden for social handel er blevet mere popul\u00e6re \u2013 coattail-investering og kopihandel. De lyder ens, men er de det?<\/p>\n<p>Denne vejledning vil hj\u00e6lpe dig med at forst\u00e5, hvad henholdsvis coattail-investering og kopihandel er, forskellene mellem de to investeringsmuligheder og grunden til, at kopihandel kan v\u00e6re et bedre alternativ til coattail-investering.<\/p>\n<h2><b>Indholdsfortegnelse<\/b><\/h2>\n<p><a href=\"#what-is-copy-trading\">Hvad er kopihandel?<\/a><\/p>\n<p><a href=\"#what-is-coattail-investing\">Hvad er coattail-investering?<\/a><\/p>\n<p><a id=\"what-is-copy-trading\"><\/a><a href=\"#what-is-the-difference\">Nu t\u00e6nker du nok, hvad er egentlig forskellen?<\/a><\/p>\n<p><a href=\"#pros-and-cons\">Hvad er fordelene og ulemperne ved henholdsvis coattail-investering og kopihandel?<\/a><\/p>\n<p><a href=\"#copy-trading-or-coattail-investing\">Skal man v\u00e6lge kopihandel eller coattail-investering?<\/a><\/p>\n<h2><b>Hvad er kopihandel?<\/b><\/h2>\n<p><a href=\"https:\/\/www.etoro.com\/da-dk\/copytrader\/\">Kopihandel<\/a> er en funktion, der giver dig mulighed for at allokere nogle af dine midler til at kopiere handlinger fra en anden investor p\u00e5 eToro. CopyTrader\u2122 blev opfundet i 2010 og var kulminationen p\u00e5 social handel-revolutionen, som eToro stod i spidsen for.<\/p>\n<p>Brugen af\u00a0 <a href=\"https:\/\/www.etoro.com\/da-dk\/trading\/academy\/copy-mirror\/\">spejlhandel<\/a>, som gjorde det muligt for investorer at kopiere en professionel investors handlinger, var en tjeneste, der traditionelt blev tilbudt af finansielle institutioner. Den var dog typisk forbundet med administrationsgebyrer og kommissioner. Bruger du derimod CopyTrader\u2122, er der ingen administrationsgebyrer eller skjulte omkostninger, og softwaren kan bruges af alle de mennesker, der bruger eToro-platformen.<\/p>\n<p><img loading=\"lazy\" decoding=\"async\" class=\"aligncenter wp-image-285124 size-full\" src=\"https:\/\/www.etoro.com\/wp-content\/uploads\/2021\/11\/etoro_WhatIsCopycatInvesting_bodyImage_1024x500_GC_v3.jpg\" alt=\"What is copy trading?\" width=\"1024\" height=\"500\" srcset=\"https:\/\/www.etoro.com\/wp-content\/uploads\/2021\/11\/etoro_WhatIsCopycatInvesting_bodyImage_1024x500_GC_v3.jpg 1024w, https:\/\/www.etoro.com\/wp-content\/uploads\/2021\/11\/etoro_WhatIsCopycatInvesting_bodyImage_1024x500_GC_v3-300x146.jpg 300w, https:\/\/www.etoro.com\/wp-content\/uploads\/2021\/11\/etoro_WhatIsCopycatInvesting_bodyImage_1024x500_GC_v3-768x375.jpg 768w\" sizes=\"(max-width: 1024px) 100vw, 1024px\" \/><\/p>\n<p>Selvom du ikke beh\u00f8ver at investere det samme bel\u00f8b som den investor, du kopierer, kan du indtage de samme <b>forholdsm\u00e6ssige<\/b> positioner og tildele en del af din kapital til investering i overensstemmelse med den strategi, som den investor, du kopierer, f\u00f8lger. Hvis investoren investerer 15 % af sin kapital, vil 15 % af den kapital, du har allokeret, blive brugt til at foretage den samme investering<a id=\"what-is-coattail-investing\"><\/a><\/p>\n<p>Som et hypotetisk eksempel kan du beslutte, at du vil begynde at bruge vores tjeneste CopyTrader\u2122, som g\u00f8r det muligt for din konto at kopiere investeringerne fra en popul\u00e6r investor (et medlem af vores<a href=\"https:\/\/www.etoro.com\/da-dk\/copytrader\/popular-investor\/\"> Popular Investor-program<\/a>) eller en anden investor, der interesserer dig. N\u00e5r denne investor k\u00f8ber eller s\u00e6lger et aktiv, vil den del af din kapital, der tildeles til kopiering af investoren, blive lagt i samme investering i overensstemmelse med det system, du har oprettet.<\/p>\n<h2><b>Hvad er coattail-investering?<\/b><\/h2>\n<p>Coattail-investering er, n\u00e5r du kopierer investeringshandlinger fra succesfulde investorer. Det kaldes ogs\u00e5 copycat-investering.<\/p>\n<p>Som investor kan du have en h\u00f8j vidensgrad og en dedikation til at foretage omhyggelig research med hensyn til de seneste nyheder inden for kryptoaktiver og<a href=\"https:\/\/www.etoro.com\/da-dk\/discover\/markets\/stocks\"> aktiebev\u00e6gelser<\/a>. Uanset hvad er der altid noget at l\u00e6re, n\u00e5r det kommer til viden og erfaring fra de bedste investorer i verden.<\/p>\n<p>Internettet har gjort det lettere at tilg\u00e5 og udveksle oplysninger om mange forskellige emner, herunder investeringer. Det har aldrig v\u00e6ret nemmere for amat\u00f8rinvestorer at finde ud af, hvad verdens bedste investorer g\u00f8r med hensyn til k\u00f8b, salg og opbevaring \u2013 for s\u00e5 at kunne kopiere deres investeringer. Et godt eksempel, der ofte anvendes, n\u00e5r man diskuterer coattail-investering, er efterligning af Warren Buffets og<a href=\"https:\/\/www.etoro.com\/da-dk\/markets\/brk.b\"> Berkshire Hathaways<\/a> investeringer, en virksomhed der er ejet af en af de m\u00e5ske mest ber\u00f8mte investorer gennem tiderne. Virksomhedens investeringsafkast har regelm\u00e6ssigt sl\u00e5et S&amp;P 500-indekset i mere end to \u00e5rtier.<\/p>\n<p><img loading=\"lazy\" decoding=\"async\" class=\"aligncenter wp-image-285172 size-full\" src=\"https:\/\/www.etoro.com\/wp-content\/uploads\/2021\/11\/etoro_Coattails_bodyImage_1024x500_GC_v02.jpg\" alt=\"What is coattail investing?\" width=\"1024\" height=\"500\" srcset=\"https:\/\/www.etoro.com\/wp-content\/uploads\/2021\/11\/etoro_Coattails_bodyImage_1024x500_GC_v02.jpg 1024w, https:\/\/www.etoro.com\/wp-content\/uploads\/2021\/11\/etoro_Coattails_bodyImage_1024x500_GC_v02-300x146.jpg 300w, https:\/\/www.etoro.com\/wp-content\/uploads\/2021\/11\/etoro_Coattails_bodyImage_1024x500_GC_v02-768x375.jpg 768w\" sizes=\"(max-width: 1024px) 100vw, 1024px\" \/><\/p>\n<p>De st\u00f8rste investorer i verden skal dele oplysninger om nogle af deres positioner med reguleringsudvalg hver tredje m\u00e5ned. Disse rapporter stilles til r\u00e5dighed for offentligheden, s\u00e5 andre investorer kan se, hvad de investerer i. I sin mest grundl\u00e6ggende form er coattail-investering en strategi, der udf\u00f8res manuelt baseret p\u00e5 offentligt tilg\u00e6ngelige data.<\/p>\n<p>Hvis der er en investeringsfond, der konsekvent klarer sig godt, og du ved, at selskabet bag fonden har \u00f8get en position i en virksomhed, der producerer solcellepaneler, eller inden for b\u00e6redygtig energi generelt, kan du skr\u00e6ddersy dine investeringer til at f\u00f8lge de beslutninger, som selskabet tr\u00e6ffer.<a id=\"what-is-the-difference\"><\/a><\/p>\n<p>Muligheden for at kopiere investeringerne fra milliard\u00e6rer som Buffet og succesrige investeringsforvaltere er en lokkende mulighed for den gennemsnitlige investor. Med platforme som eToro, der \u00f8ger adgangen til finansielle markeder for mange detailinvestorer, kan coattail-investering v\u00e6re let at g\u00f8re selv.<\/p>\n<h2><b>Nu t\u00e6nker du nok, hvad er egentlig forskellen?<\/b><\/h2>\n<p>Coattail-investering og kopihandel ligner helt sikkert hinanden. De kan begge v\u00e6re gode redskaber for investorer, da de giver adgang til id\u00e9er og viden fra nogle af de mest succesrige investorer i verden, men der er en v\u00e6sentlig forskel, der adskiller dem.<\/p>\n<p>Med coattail-investering tager du viden om en anden persons investeringer og bruger disse oplysninger til at tr\u00e6ffe dine egne manuelle investeringsbeslutninger. Hvis du f.eks. har set, at en investor har \u00e5bnet eller lukket en position, kan du v\u00e6lge enten at g\u00f8re det samme eller lade v\u00e6re. Coattail-investering er ikke en automatiseret proces og er afh\u00e6ngig af dine egne forsknings- og investeringsbeslutninger.<a id=\"pros-and-cons\"><\/a><\/p>\n<p>Med kopihandel automatiseres en del af processen. N\u00e5r du omhyggeligt har analyseret andre investorers tidligere resultater, kan du v\u00e6lge en investor eller et udvalg af investorer, som du stoler p\u00e5 og \u00f8nsker at kopiere. N\u00e5r du har opsat din konto ved hj\u00e6lp af CopyTrader\u2122 til at f\u00f8lge dine valgte investorer, n\u00e5r de \u00e5bner eller lukker en position, g\u00f8r du det ogs\u00e5.<\/p>\n<h2><b>Hvad er fordelene og ulemperne ved henholdsvis coattail-investering og kopihandel?<\/b><\/h2>\n<p>Vil du finde ud af, om coattail-investering eller kopihandel er det rigtige for dig? Her er nogle af de potentielle fordele og ulemper ved hver mulighed.<\/p>\n<p><img loading=\"lazy\" decoding=\"async\" class=\"aligncenter wp-image-285100 size-full\" src=\"https:\/\/www.etoro.com\/wp-content\/uploads\/2021\/11\/etoro_ProsCons_bodyImage_1024x500_GC_v01.jpg\" alt=\"What are the pros and cons of coattail investing and copy trading?\" width=\"1024\" height=\"500\" srcset=\"https:\/\/www.etoro.com\/wp-content\/uploads\/2021\/11\/etoro_ProsCons_bodyImage_1024x500_GC_v01.jpg 1024w, https:\/\/www.etoro.com\/wp-content\/uploads\/2021\/11\/etoro_ProsCons_bodyImage_1024x500_GC_v01-300x146.jpg 300w, https:\/\/www.etoro.com\/wp-content\/uploads\/2021\/11\/etoro_ProsCons_bodyImage_1024x500_GC_v01-768x375.jpg 768w\" sizes=\"(max-width: 1024px) 100vw, 1024px\" \/><\/p>\n<h3><b>Fordele ved kopihandel<\/b><\/h3>\n<p>Kopihandel reducerer antallet af manuelle beslutninger, der skal tr\u00e6ffes. Du indstiller dine parametre, linker din kontos investeringshandlinger til en anden investors handlinger og efterligner deres investeringer i realtid. Indtil du \u00e6ndrer dine kontoindstillinger, vil disse investeringer ske automatisk. Af samme grund kan kopihandel gavne dem, der k\u00e6mper med f\u00f8lelsesm\u00e6ssige beslutninger, jagter tab og handler uden for deres strategi.<\/p>\n<p>Kopihandel giver dig ogs\u00e5 mulighed for at udforske forskellige investeringsstrategier, engagere dig med popul\u00e6re investorer og l\u00e6re, hvordan investorers tilgang til de brancher og markeder, som du m\u00e5ske ikke er alt for fortrolig med, er. Du kan v\u00e6lge at s\u00f8ge efter investorer, der interesserer dig, gennemse deres investeringshistorik og se hvilke investeringer, der udg\u00f8r deres portef\u00f8lje.<\/p>\n<h3><b>Ulemper ved kopihandel<\/b><\/h3>\n<p>Selvom dine investeringer kan v\u00e6re kopieret fra en investor med mange \u00e5rs erfaring, vil kopihandel ikke fjerne den risiko, der f\u00f8lger med at investere. Al investering indeb\u00e6rer risiko, og de grundl\u00e6ggende principper for investering g\u00e6lder stadig, n\u00e5r du efterligner en anden investor; t\u00e6nk langsigtet, forst\u00e5 hvad du investerer i, og invest\u00e9r ikke mere, end du har r\u00e5d til at tabe. Du skal holde styr p\u00e5 dine investeringer, og hvordan de pr\u00e6sterer for at sikre, at du tr\u00e6ffer de bedste beslutninger for dine omst\u00e6ndigheder.<\/p>\n<p>Hvis du er ny inden for investering eller \u00f8nsker at afpr\u00f8ve strategier, der har virket for andre, kan kopihandel v\u00e6re en mulighed, der g\u00f8r, at du kan se, hvordan andre investerer deres penge og hvilke strategier, de bruger. Der er imidlertid en risiko for, at nye investorer kan blive for tilbagel\u00e6nede, n\u00e5r de kopierer investeringsvalgene fra andre og ikke selv s\u00f8ger efter nyttige oplysninger. Det er en god id\u00e9 at vide, hvordan man unders\u00f8ger virksomheder og investeringer for at blive en god investor. Gennem eToro kan du l\u00e6re mere om de strategier, som andre investorer bruger ved at engagere dig direkte med dem og stille sp\u00f8rgsm\u00e5l via feedet.<\/p>\n<h3><b>Fordele ved coattail-investering<\/b><\/h3>\n<p>Selvom det altid er vigtigt, at du foretager din egen research, f\u00f8r du beslutter dig for at investere, kan coattail-investering g\u00f8re det nemmere at finde aktier med positive tidligere resultater eller v\u00e6kstmuligheder. Bare fordi en aktie har klaret sig godt tidligere, betyder det ikke, at den vil g\u00f8re det i fremtiden, s\u00e5 det er vigtigt at unders\u00f8ge et aktiv, f\u00f8r du investerer i det. Hvis du f\u00f8lger en velkendt fond eller investor, kan de allerede have offentliggjort noget af deres research.<\/p>\n<h3><b>Ulemper ved coattail-investering<\/b><\/h3>\n<p>Med coattail-investering tager du oplysninger (oftest fra investeringer af succesfulde investorer eller ledere) og beslutter, hvor meget af din egen kapital, du vil investere i henhold til disse oplysninger. Gennem hele processen tr\u00e6ffer du bevidste beslutninger om, hvordan du s\u00f8ger information, om du skal investere eller ej, og hvor meget du skal investere. Hvis man n\u00f8je overv\u00e5ger investorernes handlinger, kan det v\u00e6re en meget tidskr\u00e6vende proces.<a id=\"copy-trading-or-coattail-investing\"><\/a><\/p>\n<p>Coattail-investering kr\u00e6ver generelt en anden tilgang end kopihandel. Selv hvis du f\u00f8lger konti p\u00e5 sociale medier, der deler r\u00e5d eller har gode kilder til<a href=\"https:\/\/www.etoro.com\/da-dk\/news-and-analysis\/\"> markedsnyheder og -analyser<\/a>, skal du stadig fysisk foretage dine investeringer ved hj\u00e6lp af din valgte platform.<\/p>\n<h2><b>Skal man v\u00e6lge kopihandel eller coattail-investering?<\/b><\/h2>\n<p>Selvom coattail-investering bestemt kan noget, er copy trading et kraftfuldt v\u00e6rkt\u00f8j, der kan hj\u00e6lpe dig med at f\u00e5 st\u00f8rre udbytte af din investering. Social handel kan v\u00e6re utroligt godt til at skabe en bro mellem viden og tid, samtidig med at strategien stadig er aktiv p\u00e5 markedet. Med eToros CopyTrader\u2122 kan du udnytte styrken i social handel og opbygge en diversificeret portef\u00f8lje af investorer som en del af din investeringsstrategi.<\/p>\n<p>Er du interesseret i at pr\u00f8ve kopihandel? F\u00e5 mere at<a href=\"https:\/\/www.etoro.com\/da-dk\/copytrader\/\"> vide om eToros CopyTrader\u2122-teknologi<\/a>.<\/p>\n\n\t\t<style>\n\t\t\t.rtl .etoro-block-shortcode-disclaimer {\n\t\t\t\ttext-align:right;\n\t\t\t}\n\t\t\t.etoro-block-shortcode-disclaimer {\n\t\t\t\tmargin-bottom:18px;\n\t\t\t\ttext-align:left;\n\t\t\t}\n\t\t\t.etoro-block-shortcode-disclaimer p{\n\t\t\t\tfont-size: 12px;\n\t\t\t\tline-height: 18px;\n\t\t\t}\n\t\t\t@media (min-width: 768px) {\n\t\t\t\t.etoro-block-shortcode-disclaimer {\n\t\t\t\t\tmax-width:1176px;\n\t\t\t\t\ttext-align:center;\n\t\t\t\t}\n\t\t\t\t.etoro-block-shortcode-disclaimer p {\n\t\t\t\t\tfont-size: 14px;\n\t\t\t\t\tline-height: 20px;\n\t\t\t\t}\n\t\t\t}\n\t\t<\/style>\n\t\t<div class='etoro-block-shortcode-disclaimer'><p>Disse oplysninger er udelukkende til l\u00e6ringsm\u00e6ssige form\u00e5l og b\u00f8r ikke opfattes som investeringsr\u00e5dgivning, personlige anbefalinger, tilbud om eller opfordring til at k\u00f8be eller s\u00e6lge finansielle instrumenter.<\/p>\n<p>Dette materiale er udarbejdet uden s\u00e6rlige hensynstagen til investeringsm\u00e5l eller finansielle forhold, og det er ikke udarbejdet i overensstemmelse med de juridiske og lovgivningsm\u00e6ssige krav om at fremme uafh\u00e6ngig forskning.<\/p>\n<p><strong>Ikke alle de finansielle instrumenter og services, der refereres til, er udbudt af eToro<\/strong> og henvisninger til tidligere resultater af et finansielt instrument, indeks eller kombineret investeringsprodukt er ikke, og b\u00f8r ikke betragtes som en p\u00e5lidelig indikator for fremtidige resultater. <strong>Tilg\u00e6ngeligheden af alle de ovenn\u00e6vnte produkter og tjenester kan variere afh\u00e6ngigt af jurisdiktion og land.<\/strong><\/p>\n<p>eToro repr\u00e6senterer ingen og p\u00e5tager sig intet ansvar for n\u00f8jagtigheden eller fyldestg\u00f8relsen af \u200b\u200bindholdet i denne vejledning. S\u00f8rg for, at du forst\u00e5r de risici, der er forbundet med handler, f\u00f8r du investerer kapital. Invest\u00e9r aldrig mere, end du er villig til at miste.<\/p>\n<\/div>\n","protected":false},"excerpt":{"rendered":"<p>&nbsp; Oscar Wilde skrev: &#8220;Imitation er den mest oprigtige form for smiger&#8230;&#8221;, og det kan v\u00e6re sande ord, n\u00e5r det kommer til investering. Der er sket en betydelig stigning i social handel i l\u00f8bet af de seneste \u00e5r med platforme, der tilbyder funktioner som eToros CopyTrader\u2122. Disse tjenester giver brugeren mulighed for at se, hvor&hellip;<\/p>\n","protected":false},"author":33,"featured_media":285057,"parent":34702,"menu_order":364,"comment_status":"closed","ping_status":"closed","template":"","meta":{"_acf_changed":false,"inline_featured_image":false,"sticky_cta_settings":"","footnotes":""},"asset_type":[],"class_list":["post-353848","page","type-page","status-publish","has-post-thumbnail","hentry"],"acf":[],"yoast_head":"<title>Forklaring p\u00e5 coattail-investering og kopihandel | eToro<\/title>\n<meta name=\"description\" content=\"Fra coattail-investering til kopihandel \u2013 social handel kommer i mange forskellige former. Men er der en forskel? Kort sagt, ja! L\u00e6s denne guide og l\u00e6r mere.\" \/>\n<meta name=\"robots\" content=\"index, follow, max-snippet:-1, max-image-preview:large, max-video-preview:-1\" \/>\n<link rel=\"canonical\" href=\"https:\/\/www.etoro.com\/da-dk\/wp-json\/wp\/v2\/pages\/353848\" \/>\n<meta property=\"og:locale\" content=\"da_DK\" \/>\n<meta property=\"og:type\" content=\"article\" \/>\n<meta property=\"og:title\" content=\"Forklaring p\u00e5 coattail-investering og kopihandel | eToro\" \/>\n<meta property=\"og:description\" content=\"Fra coattail-investering til kopihandel \u2013 social handel kommer i mange forskellige former. Men er der en forskel? Kort sagt, ja! L\u00e6s denne guide og l\u00e6r mere.\" \/>\n<meta property=\"og:url\" content=\"https:\/\/www.etoro.com\/da-dk\/wp-json\/wp\/v2\/pages\/353848\" \/>\n<meta property=\"og:site_name\" content=\"eToro\" \/>\n<meta property=\"article:publisher\" content=\"https:\/\/www.facebook.com\/eToro\/\" \/>\n<meta property=\"article:modified_time\" content=\"2024-08-19T14:49:02+00:00\" \/>\n<meta property=\"og:image\" content=\"https:\/\/www.etoro.com\/wp-content\/uploads\/2021\/11\/etoro_copycat_investing_social_1200x630_body_v3.jpg\" \/>\n\t<meta property=\"og:image:width\" content=\"1200\" \/>\n\t<meta property=\"og:image:height\" content=\"630\" \/>\n\t<meta property=\"og:image:type\" content=\"image\/jpeg\" \/>\n<meta name=\"twitter:card\" content=\"summary_large_image\" \/>\n<meta name=\"twitter:site\" content=\"@eToro\" \/>\n<meta name=\"twitter:label1\" content=\"Est. reading time\" \/>\n\t<meta name=\"twitter:data1\" content=\"8 minutes\" \/>\n<script type=\"application\/ld+json\" class=\"yoast-schema-graph\">{\"@context\":\"https:\/\/schema.org\",\"@graph\":[{\"@type\":\"WebPage\",\"@id\":\"https:\/\/www.etoro.com\/da-dk\/copytrader\/coattail-investing-vs-copy-trading\/\",\"url\":\"https:\/\/www.etoro.com\/da-dk\/copytrader\/coattail-investing-vs-copy-trading\/\",\"name\":\"Forklaring p\u00e5 coattail-investering og kopihandel | eToro\",\"isPartOf\":{\"@id\":\"https:\/\/www.etoro.com\/da-dk\/#website\"},\"primaryImageOfPage\":{\"@id\":\"https:\/\/www.etoro.com\/da-dk\/copytrader\/coattail-investing-vs-copy-trading\/#primaryimage\"},\"image\":{\"@id\":\"https:\/\/www.etoro.com\/da-dk\/copytrader\/coattail-investing-vs-copy-trading\/#primaryimage\"},\"thumbnailUrl\":\"https:\/\/www.etoro.com\/wp-content\/uploads\/2021\/11\/etoro_copycat_investing_social_1200x630_body_v3.jpg\",\"datePublished\":\"2021-02-18T18:19:06+00:00\",\"dateModified\":\"2024-08-19T14:49:02+00:00\",\"description\":\"Fra coattail-investering til kopihandel \u2013 social handel kommer i mange forskellige former. Men er der en forskel? Kort sagt, ja! L\u00e6s denne guide og l\u00e6r mere.\",\"breadcrumb\":{\"@id\":\"https:\/\/www.etoro.com\/da-dk\/copytrader\/coattail-investing-vs-copy-trading\/#breadcrumb\"},\"inLanguage\":\"da\",\"potentialAction\":[{\"@type\":\"ReadAction\",\"target\":[\"https:\/\/www.etoro.com\/da-dk\/copytrader\/coattail-investing-vs-copy-trading\/\"]}]},{\"@type\":\"ImageObject\",\"inLanguage\":\"da\",\"@id\":\"https:\/\/www.etoro.com\/da-dk\/copytrader\/coattail-investing-vs-copy-trading\/#primaryimage\",\"url\":\"https:\/\/www.etoro.com\/wp-content\/uploads\/2021\/11\/etoro_copycat_investing_social_1200x630_body_v3.jpg\",\"contentUrl\":\"https:\/\/www.etoro.com\/wp-content\/uploads\/2021\/11\/etoro_copycat_investing_social_1200x630_body_v3.jpg\",\"width\":1200,\"height\":630},{\"@type\":\"BreadcrumbList\",\"@id\":\"https:\/\/www.etoro.com\/da-dk\/copytrader\/coattail-investing-vs-copy-trading\/#breadcrumb\",\"itemListElement\":[{\"@type\":\"ListItem\",\"position\":1,\"name\":\"HJEM\",\"item\":\"https:\/\/www.etoro.com\/da-dk\/\"},{\"@type\":\"ListItem\",\"position\":2,\"name\":\"CopyTrader\",\"item\":\"https:\/\/www.etoro.com\/da-dk\/copytrader\/\"},{\"@type\":\"ListItem\",\"position\":3,\"name\":\"Coattail-investering vs. kopihandel: Hvad er forskellen?\"}]},{\"@type\":\"WebSite\",\"@id\":\"https:\/\/www.etoro.com\/da-dk\/#website\",\"url\":\"https:\/\/www.etoro.com\/da-dk\/\",\"name\":\"eToro\",\"description\":\"\",\"publisher\":{\"@id\":\"https:\/\/www.etoro.com\/da-dk\/#organization\"},\"potentialAction\":[{\"@type\":\"SearchAction\",\"target\":{\"@type\":\"EntryPoint\",\"urlTemplate\":\"https:\/\/www.etoro.com\/da-dk\/?s={search_term_string}\"},\"query-input\":{\"@type\":\"PropertyValueSpecification\",\"valueRequired\":true,\"valueName\":\"search_term_string\"}}],\"inLanguage\":\"da\"},[]]}<\/script>","yoast_head_json":{"title":"Forklaring p\u00e5 coattail-investering og kopihandel | eToro","description":"Fra coattail-investering til kopihandel \u2013 social handel kommer i mange forskellige former. Men er der en forskel? Kort sagt, ja! L\u00e6s denne guide og l\u00e6r mere.","robots":{"index":"index","follow":"follow","max-snippet":"max-snippet:-1","max-image-preview":"max-image-preview:large","max-video-preview":"max-video-preview:-1"},"canonical":"https:\/\/www.etoro.com\/da-dk\/wp-json\/wp\/v2\/pages\/353848","og_locale":"da_DK","og_type":"article","og_title":"Forklaring p\u00e5 coattail-investering og kopihandel | eToro","og_description":"Fra coattail-investering til kopihandel \u2013 social handel kommer i mange forskellige former. Men er der en forskel? Kort sagt, ja! L\u00e6s denne guide og l\u00e6r mere.","og_url":"https:\/\/www.etoro.com\/da-dk\/wp-json\/wp\/v2\/pages\/353848","og_site_name":"eToro","article_publisher":"https:\/\/www.facebook.com\/eToro\/","article_modified_time":"2024-08-19T14:49:02+00:00","og_image":[{"width":1200,"height":630,"url":"https:\/\/www.etoro.com\/wp-content\/uploads\/2021\/11\/etoro_copycat_investing_social_1200x630_body_v3.jpg","type":"image\/jpeg"}],"twitter_card":"summary_large_image","twitter_site":"@eToro","twitter_misc":{"Est. reading time":"8 minutes"},"schema":{"@context":"https:\/\/schema.org","@graph":[{"@type":"WebPage","@id":"https:\/\/www.etoro.com\/da-dk\/copytrader\/coattail-investing-vs-copy-trading\/","url":"https:\/\/www.etoro.com\/da-dk\/copytrader\/coattail-investing-vs-copy-trading\/","name":"Forklaring p\u00e5 coattail-investering og kopihandel | eToro","isPartOf":{"@id":"https:\/\/www.etoro.com\/da-dk\/#website"},"primaryImageOfPage":{"@id":"https:\/\/www.etoro.com\/da-dk\/copytrader\/coattail-investing-vs-copy-trading\/#primaryimage"},"image":{"@id":"https:\/\/www.etoro.com\/da-dk\/copytrader\/coattail-investing-vs-copy-trading\/#primaryimage"},"thumbnailUrl":"https:\/\/www.etoro.com\/wp-content\/uploads\/2021\/11\/etoro_copycat_investing_social_1200x630_body_v3.jpg","datePublished":"2021-02-18T18:19:06+00:00","dateModified":"2024-08-19T14:49:02+00:00","description":"Fra coattail-investering til kopihandel \u2013 social handel kommer i mange forskellige former. Men er der en forskel? Kort sagt, ja! L\u00e6s denne guide og l\u00e6r mere.","breadcrumb":{"@id":"https:\/\/www.etoro.com\/da-dk\/copytrader\/coattail-investing-vs-copy-trading\/#breadcrumb"},"inLanguage":"da","potentialAction":[{"@type":"ReadAction","target":["https:\/\/www.etoro.com\/da-dk\/copytrader\/coattail-investing-vs-copy-trading\/"]}]},{"@type":"ImageObject","inLanguage":"da","@id":"https:\/\/www.etoro.com\/da-dk\/copytrader\/coattail-investing-vs-copy-trading\/#primaryimage","url":"https:\/\/www.etoro.com\/wp-content\/uploads\/2021\/11\/etoro_copycat_investing_social_1200x630_body_v3.jpg","contentUrl":"https:\/\/www.etoro.com\/wp-content\/uploads\/2021\/11\/etoro_copycat_investing_social_1200x630_body_v3.jpg","width":1200,"height":630},{"@type":"BreadcrumbList","@id":"https:\/\/www.etoro.com\/da-dk\/copytrader\/coattail-investing-vs-copy-trading\/#breadcrumb","itemListElement":[{"@type":"ListItem","position":1,"name":"HJEM","item":"https:\/\/www.etoro.com\/da-dk\/"},{"@type":"ListItem","position":2,"name":"CopyTrader","item":"https:\/\/www.etoro.com\/da-dk\/copytrader\/"},{"@type":"ListItem","position":3,"name":"Coattail-investering vs. kopihandel: Hvad er forskellen?"}]},{"@type":"WebSite","@id":"https:\/\/www.etoro.com\/da-dk\/#website","url":"https:\/\/www.etoro.com\/da-dk\/","name":"eToro","description":"","publisher":{"@id":"https:\/\/www.etoro.com\/da-dk\/#organization"},"potentialAction":[{"@type":"SearchAction","target":{"@type":"EntryPoint","urlTemplate":"https:\/\/www.etoro.com\/da-dk\/?s={search_term_string}"},"query-input":{"@type":"PropertyValueSpecification","valueRequired":true,"valueName":"search_term_string"}}],"inLanguage":"da"},[]]}},"_links":{"self":[{"href":"https:\/\/www.etoro.com\/da-dk\/wp-json\/wp\/v2\/pages\/353848"}],"collection":[{"href":"https:\/\/www.etoro.com\/da-dk\/wp-json\/wp\/v2\/pages"}],"about":[{"href":"https:\/\/www.etoro.com\/da-dk\/wp-json\/wp\/v2\/types\/page"}],"author":[{"embeddable":true,"href":"https:\/\/www.etoro.com\/da-dk\/wp-json\/wp\/v2\/users\/33"}],"replies":[{"embeddable":true,"href":"https:\/\/www.etoro.com\/da-dk\/wp-json\/wp\/v2\/comments?post=353848"}],"version-history":[{"count":0,"href":"https:\/\/www.etoro.com\/da-dk\/wp-json\/wp\/v2\/pages\/353848\/revisions"}],"up":[{"embeddable":true,"href":"https:\/\/www.etoro.com\/da-dk\/wp-json\/wp\/v2\/pages\/34702"}],"wp:featuredmedia":[{"embeddable":true,"href":"https:\/\/www.etoro.com\/da-dk\/wp-json\/wp\/v2\/media\/285057"}],"wp:attachment":[{"href":"https:\/\/www.etoro.com\/da-dk\/wp-json\/wp\/v2\/media?parent=353848"}],"wp:term":[{"taxonomy":"asset_type","embeddable":true,"href":"https:\/\/www.etoro.com\/da-dk\/wp-json\/wp\/v2\/asset_type?post=353848"}],"curies":[{"name":"wp","href":"https:\/\/api.w.org\/{rel}","templated":true}]}}