{"id":427100,"date":"2022-04-21T14:25:38","date_gmt":"2022-04-21T11:25:38","guid":{"rendered":"https:\/\/www.etoro.com\/?page_id=427100"},"modified":"2025-08-21T19:57:27","modified_gmt":"2025-08-21T16:57:27","slug":"reviews","status":"publish","type":"page","link":"https:\/\/www.etoro.com\/da-dk\/about\/reviews\/","title":{"rendered":"eToro Reviews"},"content":{"rendered":"\n<div class=\"wp-block-etoro-half-cover has-white-background-color\">\n<div class=\"wp-block-etoro-half-cover-left\"><p id=\"breadcrumbs\" class=\"gray-dark\"><span><span><a href=\"https:\/\/www.etoro.com\/da-dk\/\">HJEM<\/a><\/span><\/span><\/p>\n<h1 class=\"wp-block-heading is-style-banner-title\">eToro <strong style=\"display: inline !important;\">anmeldelser<\/strong><\/h1>\n\n\n\n<p>L\u00e6s tusindvis af eToro anmeldelser fra \u00e6gte brugere<\/p>\n<\/div>\n\n\n\n<div class=\"wp-block-etoro-half-cover-right\">\n<img decoding=\"async\" src=\"https:\/\/www.etoro.com\/wp-content\/uploads\/2025\/08\/eToro-Reviews_main.png\" alt=\"\" class=\"wp-block-etoro-half-cover-media\"\/><img decoding=\"async\" src=\"https:\/\/www.etoro.com\/wp-content\/uploads\/2025\/08\/eToro-Reviews_desktop.png\" alt=\"\" class=\"wp-block-etoro-half-cover-media-desktop\"\/><img decoding=\"async\" src=\"https:\/\/www.etoro.com\/wp-content\/uploads\/2025\/08\/eToro-Reviews_tablet.png\" alt=\"\" class=\"wp-block-etoro-half-cover-media-tablet\"\/><img decoding=\"async\" src=\"https:\/\/www.etoro.com\/wp-content\/uploads\/2025\/08\/eToro-Reviews_mobile.png\" alt=\"\" class=\"wp-block-etoro-half-cover-media-mobile\"\/>\n<\/div>\n<\/div>\n\n\n\n<section class=\"wp-block-group wp-block-group-boxed\"><div class=\"wp-block-group-inner is-layout-flow wp-block-group-is-layout-flow\">\n<div class=\"wp-block-columns are-vertically-aligned-top wp-block-columns-1 wp-block-columns-size-14 is-layout-flex wp-container-core-columns-is-layout-1 wp-block-columns-is-layout-flex\">\n<div class=\"wp-block-column is-layout-flow wp-block-column-is-layout-flow\">\n<p class=\"has-text-align-center\">eToro er verdens st\u00f8rste sociale investeringsplatform og en popul\u00e6rt og trov\u00e6rdig investeringsl\u00f8sning for millioner af brugere p\u00e5 globalt plan.<\/p>\n\n\n\n<p class=\"has-text-align-center\">F\u00e6llesskab er en af eToros kernev\u00e6rdier. Takket v\u00e6re&nbsp;<a href=\"https:\/\/www.etoro.com\/da-dk\/trading\/social\/\">social investeringsfunktioner<\/a>, en innovativ og sikker brugerflade, avancerede, vidensbaserede v\u00e6rkt\u00f8jer, et utal af handels- og investeringsmuligheder og igangv\u00e6rende samtaler i eToros nyhedsfeed, er vores brugere glade for at give os gode anmeldelser og anbefale os til deres ligem\u00e6nd.<\/p>\n<\/div>\n<\/div>\n<\/div><\/section>\n\n\n\n<section class=\"wp-block-group wp-block-group-boxed has-white-background-color has-background\"><div class=\"wp-block-group-inner is-layout-flow wp-block-group-is-layout-flow\">\n<div class=\"wp-block-columns are-vertically-aligned-top wp-block-columns-2 is-layout-flex wp-container-core-columns-is-layout-2 wp-block-columns-is-layout-flex\">\n<div class=\"wp-block-column is-layout-flow wp-block-column-is-layout-flow\">\n<figure class=\"wp-block-image size-full\"><img loading=\"lazy\" decoding=\"async\" width=\"619\" height=\"464\" src=\"https:\/\/www.etoro.com\/wp-content\/uploads\/2025\/08\/How-do-we-maintain-our-reputation.png\" alt=\"How do we maintain our reputation\" class=\"wp-image-1122092 wp-image-desktop\" srcset=\"https:\/\/www.etoro.com\/wp-content\/uploads\/2025\/08\/How-do-we-maintain-our-reputation.png 619w, https:\/\/www.etoro.com\/wp-content\/uploads\/2025\/08\/How-do-we-maintain-our-reputation-300x225.png 300w\" sizes=\"(max-width: 619px) 100vw, 619px\" \/><\/figure>\n<\/div>\n\n\n\n<div class=\"wp-block-column is-layout-flow wp-block-column-is-layout-flow\">\n<h2 class=\"wp-block-heading\"><strong>Hvordan opretholder vi&nbsp;<b class=\"wp-etoro-format-colored-green\">vores omd\u00f8mme?<\/b><\/strong><\/h2>\n\n\n\n<p>eToro opretholder dets fremragende omd\u00f8mme ved at have stor fokus p\u00e5 gennemsigtighed, sikkerhed, lovgivning og en fortsat kommunikation med klienterne. Du kan l\u00e6re mere om grunde til at handle og investere hos eToro p\u00e5 siden&nbsp;<a href=\"https:\/\/www.etoro.com\/da-dk\/about\/why-choose-us\/\">hvorfor v\u00e6lge os<\/a>&nbsp;og omkring virksomhedens historie og nuv\u00e6rende operationer p\u00e5&nbsp;<a href=\"https:\/\/www.etoro.com\/da-dk\/about\/\">om eToro<\/a>&nbsp;siden.<\/p>\n\n\n\n<div class=\"wp-block-buttons is-layout-flex wp-block-buttons-is-layout-flex\">\n<a class=\"e-cta e-cta-primary\" href=\"https:\/\/www.etoro.com\/da-dk\/accounts\/sign-up\">Tilmeld dig eToro<\/a>\n<\/div>\n<\/div>\n<\/div>\n<\/div><\/section>\n\n\n\n<section class=\"wp-block-group wp-block-group-boxed\"><div class=\"wp-block-group-inner is-layout-flow wp-block-group-is-layout-flow\">\n<h2 class=\"wp-block-heading has-text-align-center\"><strong>eToro <b class=\"wp-etoro-format-colored-green\">brugeranmeldelser<\/b><\/strong><\/h2>\n\n\n\n\t<!-- TrustBox widget - Grid -->\n\t<div class=\"trustpilot-widget\"\n\t     data-locale=\"da\"\n\t     data-template-id=\"539adbd6dec7e10e686debee\"\n\t     data-businessunit-id=\"4aa6d5d3000064000504b834\"\n\t     data-style-width=\"100%\"\n\t     data-style-height=\"500px\"\n\t     data-theme=\"light\"\n\t     data-stars=\"3,4,5\"\n\t     data-review-languages=\"da\">\n\t\t<a href=\"https:\/\/uk.trustpilot.com\/review\/www.etoro.com\" target=\"_blank\" rel=\"noopener\">Trustpilot<\/a>\n\t<\/div>\n\t<!-- End TrustBox widget -->\n\n\t\n<\/div><\/section>\n\n\n\n<section class=\"wp-block-group wp-block-group-boxed has-white-background-color has-background\"><div class=\"wp-block-group-inner is-layout-flow wp-block-group-is-layout-flow\">\n<p class=\"has-text-align-center\">eToro-oplevelsen er tilg\u00e6ngelig p\u00e5 mange enheder.<\/p>\n\n\n\n<p class=\"has-text-align-center\">Unders\u00f8g, hvad vores Android og iOS-brugere siger omkring vores mobil applikationer.<\/p>\n\n\n\n<div class=\"wp-block-columns are-vertically-aligned-top wp-block-columns-1 is-layout-flex wp-container-core-columns-is-layout-3 wp-block-columns-is-layout-flex\">\n<div class=\"wp-block-column is-layout-flow wp-block-column-is-layout-flow\"><p><script src=\"https:\/\/apps.elfsight.com\/p\/platform.js\" defer><\/script><\/p>\n<div class=\"elfsight-app-4f377533-ded5-4386-8568-246a3b72ec96\"><\/div>\n<\/div>\n<\/div>\n<\/div><\/section>\n\n\n\n<section class=\"wp-block-group wp-block-group-boxed\"><div class=\"wp-block-group-inner is-layout-flow wp-block-group-is-layout-flow\">\n<h2 class=\"wp-block-heading has-text-align-center\"><strong>Administrer dine investeringer nemt med <b class=\"wp-etoro-format-colored-green\">eToro-appen<\/b><\/strong><\/h2>\n\n\n\n<p class=\"has-text-align-center hide-on-mobile hide-on-tablet\">Scan koden<\/p>\n\n\n\n<figure class=\"wp-block-image aligncenter size-full hide-on-mobile hide-on-tablet\"><img loading=\"lazy\" decoding=\"async\" width=\"634\" height=\"457\" src=\"https:\/\/www.etoro.com\/wp-content\/uploads\/2025\/08\/using-the-eToro-app.png\" alt=\"\" class=\"wp-image-1122149 wp-image-desktop\" srcset=\"https:\/\/www.etoro.com\/wp-content\/uploads\/2025\/08\/using-the-eToro-app.png 634w, https:\/\/www.etoro.com\/wp-content\/uploads\/2025\/08\/using-the-eToro-app-300x216.png 300w\" sizes=\"(max-width: 634px) 100vw, 634px\" \/><\/figure>\n\n\n\n<p class=\"has-text-align-center hide-on-desktop\">Download appen nu:<\/p>\n\n\n\n<div class=\"wp-block-columns are-vertically-aligned-top wp-block-columns-2 is-layout-flex wp-container-core-columns-is-layout-4 wp-block-columns-is-layout-flex\">\n<div class=\"wp-block-column is-layout-flow wp-block-column-is-layout-flow\">\n<figure class=\"wp-block-image aligncenter size-full hide-on-desktop\"><a href=\"https:\/\/etoro.onelink.me\/2615279504?af_js_web=true&amp;af_ss_ver=2_9_3&amp;pid=utm_medium&amp;af_ss_ui=true&amp;af_click_lookback=60d\" rel=\"nofollow noopener noreferrer\" ><img loading=\"lazy\" decoding=\"async\" width=\"153\" height=\"45\" src=\"https:\/\/www.etoro.com\/wp-content\/uploads\/2025\/08\/App-Store-eng.png\" alt=\"\" class=\"wp-image-1122177 wp-image-desktop\" srcset=\"https:\/\/www.etoro.com\/wp-content\/uploads\/2025\/08\/App-Store-eng.png 153w, https:\/\/www.etoro.com\/wp-content\/uploads\/2025\/08\/App-Store-eng-150x45.png 150w\" sizes=\"(max-width: 153px) 100vw, 153px\" \/><\/a><\/figure>\n<\/div>\n\n\n\n<div class=\"wp-block-column is-layout-flow wp-block-column-is-layout-flow\">\n<figure class=\"wp-block-image aligncenter size-full hide-on-desktop\"><img loading=\"lazy\" decoding=\"async\" width=\"153\" height=\"45\" src=\"https:\/\/www.etoro.com\/wp-content\/uploads\/2025\/08\/Google-Play-eng.png\" alt=\"\" class=\"wp-image-1122203 wp-image-desktop\" srcset=\"https:\/\/www.etoro.com\/wp-content\/uploads\/2025\/08\/Google-Play-eng.png 153w, https:\/\/www.etoro.com\/wp-content\/uploads\/2025\/08\/Google-Play-eng-150x45.png 150w\" sizes=\"(max-width: 153px) 100vw, 153px\" \/><\/figure>\n<\/div>\n<\/div>\n<\/div><\/section>\n","protected":false},"excerpt":{"rendered":"<p>eToro er verdens st\u00f8rste sociale investeringsplatform og en popul\u00e6rt og trov\u00e6rdig investeringsl\u00f8sning for millioner af brugere p\u00e5 globalt plan. F\u00e6llesskab er en af eToros kernev\u00e6rdier. Takket v\u00e6re&nbsp;social investeringsfunktioner, en innovativ og sikker brugerflade, avancerede, vidensbaserede v\u00e6rkt\u00f8jer, et utal af handels- og investeringsmuligheder og igangv\u00e6rende samtaler i eToros nyhedsfeed, er vores brugere glade for at give&hellip;<\/p>\n","protected":false},"author":95,"featured_media":1122126,"parent":30281,"menu_order":0,"comment_status":"closed","ping_status":"closed","template":"","meta":{"_acf_changed":false,"inline_featured_image":false,"sticky_cta_settings":"","footnotes":""},"asset_type":[],"class_list":["post-427100","page","type-page","status-publish","has-post-thumbnail","hentry"],"acf":[],"yoast_head":"<title>eToro anmeldelser: Investeringsanmeldelser fra \u00e6gte brugere<\/title>\n<meta name=\"description\" content=\"eToros sociale handelsplatform er hjemsted for millioner af handlende og investorer. L\u00e6s deres anmeldelser, hvorfor de valgte os, og hvad de har at sige om os.\" \/>\n<meta name=\"robots\" content=\"index, follow, max-snippet:-1, max-image-preview:large, max-video-preview:-1\" \/>\n<link rel=\"canonical\" href=\"https:\/\/www.etoro.com\/da-dk\/wp-json\/wp\/v2\/pages\/427100\" \/>\n<meta property=\"og:locale\" content=\"da_DK\" \/>\n<meta property=\"og:type\" content=\"article\" \/>\n<meta property=\"og:title\" content=\"eToro anmeldelser: Investeringsanmeldelser fra \u00e6gte brugere\" \/>\n<meta property=\"og:description\" content=\"eToros sociale handelsplatform er hjemsted for millioner af handlende og investorer. L\u00e6s deres anmeldelser, hvorfor de valgte os, og hvad de har at sige om os.\" \/>\n<meta property=\"og:url\" content=\"https:\/\/www.etoro.com\/da-dk\/wp-json\/wp\/v2\/pages\/427100\" \/>\n<meta property=\"og:site_name\" content=\"eToro\" \/>\n<meta property=\"article:publisher\" content=\"https:\/\/www.facebook.com\/eToro\/\" \/>\n<meta property=\"article:modified_time\" content=\"2025-08-21T16:57:27+00:00\" \/>\n<meta property=\"og:image\" content=\"https:\/\/www.etoro.com\/wp-content\/uploads\/2022\/03\/eToro-Reviews-mobile-Hero.jpg\" \/>\n\t<meta property=\"og:image:width\" content=\"374\" \/>\n\t<meta property=\"og:image:height\" content=\"490\" \/>\n\t<meta property=\"og:image:type\" content=\"image\/jpeg\" \/>\n<meta name=\"twitter:card\" content=\"summary_large_image\" \/>\n<meta name=\"twitter:image\" content=\"https:\/\/www.etoro.com\/wp-content\/uploads\/2022\/03\/eToro-Reviews-mobile-Hero.jpg\" \/>\n<meta name=\"twitter:site\" content=\"@eToro\" \/>\n<script type=\"application\/ld+json\" class=\"yoast-schema-graph\">{\"@context\":\"https:\/\/schema.org\",\"@graph\":[{\"@type\":\"WebPage\",\"@id\":\"https:\/\/www.etoro.com\/da-dk\/about\/reviews\/\",\"url\":\"https:\/\/www.etoro.com\/da-dk\/about\/reviews\/\",\"name\":\"eToro anmeldelser: Investeringsanmeldelser fra \u00e6gte brugere\",\"isPartOf\":{\"@id\":\"https:\/\/www.etoro.com\/da-dk\/#website\"},\"primaryImageOfPage\":{\"@id\":\"https:\/\/www.etoro.com\/da-dk\/about\/reviews\/#primaryimage\"},\"image\":{\"@id\":\"https:\/\/www.etoro.com\/da-dk\/about\/reviews\/#primaryimage\"},\"thumbnailUrl\":\"https:\/\/www.etoro.com\/wp-content\/uploads\/2025\/08\/Featured-image-1200x630_eToro-Reviews.png\",\"datePublished\":\"2022-04-21T11:25:38+00:00\",\"dateModified\":\"2025-08-21T16:57:27+00:00\",\"description\":\"eToros sociale handelsplatform er hjemsted for millioner af handlende og investorer. L\u00e6s deres anmeldelser, hvorfor de valgte os, og hvad de har at sige om os.\",\"breadcrumb\":{\"@id\":\"https:\/\/www.etoro.com\/da-dk\/about\/reviews\/#breadcrumb\"},\"inLanguage\":\"da\",\"potentialAction\":[{\"@type\":\"ReadAction\",\"target\":[\"https:\/\/www.etoro.com\/da-dk\/about\/reviews\/\"]}]},{\"@type\":\"ImageObject\",\"inLanguage\":\"da\",\"@id\":\"https:\/\/www.etoro.com\/da-dk\/about\/reviews\/#primaryimage\",\"url\":\"https:\/\/www.etoro.com\/wp-content\/uploads\/2025\/08\/Featured-image-1200x630_eToro-Reviews.png\",\"contentUrl\":\"https:\/\/www.etoro.com\/wp-content\/uploads\/2025\/08\/Featured-image-1200x630_eToro-Reviews.png\",\"width\":1200,\"height\":630,\"caption\":\"eToro Reviews\"},{\"@type\":\"BreadcrumbList\",\"@id\":\"https:\/\/www.etoro.com\/da-dk\/about\/reviews\/#breadcrumb\",\"itemListElement\":[{\"@type\":\"ListItem\",\"position\":1,\"name\":\"HJEM\",\"item\":\"https:\/\/www.etoro.com\/da-dk\/\"},{\"@type\":\"ListItem\",\"position\":2,\"name\":\"OM\",\"item\":\"https:\/\/www.etoro.com\/da-dk\/about\/\"},{\"@type\":\"ListItem\",\"position\":3,\"name\":\"reviews\"}]},{\"@type\":\"WebSite\",\"@id\":\"https:\/\/www.etoro.com\/da-dk\/#website\",\"url\":\"https:\/\/www.etoro.com\/da-dk\/\",\"name\":\"eToro\",\"description\":\"\",\"publisher\":{\"@id\":\"https:\/\/www.etoro.com\/da-dk\/#organization\"},\"potentialAction\":[{\"@type\":\"SearchAction\",\"target\":{\"@type\":\"EntryPoint\",\"urlTemplate\":\"https:\/\/www.etoro.com\/da-dk\/?s={search_term_string}\"},\"query-input\":{\"@type\":\"PropertyValueSpecification\",\"valueRequired\":true,\"valueName\":\"search_term_string\"}}],\"inLanguage\":\"da\"},[]]}<\/script>","yoast_head_json":{"title":"eToro anmeldelser: Investeringsanmeldelser fra \u00e6gte brugere","description":"eToros sociale handelsplatform er hjemsted for millioner af handlende og investorer. L\u00e6s deres anmeldelser, hvorfor de valgte os, og hvad de har at sige om os.","robots":{"index":"index","follow":"follow","max-snippet":"max-snippet:-1","max-image-preview":"max-image-preview:large","max-video-preview":"max-video-preview:-1"},"canonical":"https:\/\/www.etoro.com\/da-dk\/wp-json\/wp\/v2\/pages\/427100","og_locale":"da_DK","og_type":"article","og_title":"eToro anmeldelser: Investeringsanmeldelser fra \u00e6gte brugere","og_description":"eToros sociale handelsplatform er hjemsted for millioner af handlende og investorer. L\u00e6s deres anmeldelser, hvorfor de valgte os, og hvad de har at sige om os.","og_url":"https:\/\/www.etoro.com\/da-dk\/wp-json\/wp\/v2\/pages\/427100","og_site_name":"eToro","article_publisher":"https:\/\/www.facebook.com\/eToro\/","article_modified_time":"2025-08-21T16:57:27+00:00","og_image":[{"width":374,"height":490,"url":"https:\/\/www.etoro.com\/wp-content\/uploads\/2022\/03\/eToro-Reviews-mobile-Hero.jpg","type":"image\/jpeg"}],"twitter_card":"summary_large_image","twitter_image":"https:\/\/www.etoro.com\/wp-content\/uploads\/2022\/03\/eToro-Reviews-mobile-Hero.jpg","twitter_site":"@eToro","schema":{"@context":"https:\/\/schema.org","@graph":[{"@type":"WebPage","@id":"https:\/\/www.etoro.com\/da-dk\/about\/reviews\/","url":"https:\/\/www.etoro.com\/da-dk\/about\/reviews\/","name":"eToro anmeldelser: Investeringsanmeldelser fra \u00e6gte brugere","isPartOf":{"@id":"https:\/\/www.etoro.com\/da-dk\/#website"},"primaryImageOfPage":{"@id":"https:\/\/www.etoro.com\/da-dk\/about\/reviews\/#primaryimage"},"image":{"@id":"https:\/\/www.etoro.com\/da-dk\/about\/reviews\/#primaryimage"},"thumbnailUrl":"https:\/\/www.etoro.com\/wp-content\/uploads\/2025\/08\/Featured-image-1200x630_eToro-Reviews.png","datePublished":"2022-04-21T11:25:38+00:00","dateModified":"2025-08-21T16:57:27+00:00","description":"eToros sociale handelsplatform er hjemsted for millioner af handlende og investorer. L\u00e6s deres anmeldelser, hvorfor de valgte os, og hvad de har at sige om os.","breadcrumb":{"@id":"https:\/\/www.etoro.com\/da-dk\/about\/reviews\/#breadcrumb"},"inLanguage":"da","potentialAction":[{"@type":"ReadAction","target":["https:\/\/www.etoro.com\/da-dk\/about\/reviews\/"]}]},{"@type":"ImageObject","inLanguage":"da","@id":"https:\/\/www.etoro.com\/da-dk\/about\/reviews\/#primaryimage","url":"https:\/\/www.etoro.com\/wp-content\/uploads\/2025\/08\/Featured-image-1200x630_eToro-Reviews.png","contentUrl":"https:\/\/www.etoro.com\/wp-content\/uploads\/2025\/08\/Featured-image-1200x630_eToro-Reviews.png","width":1200,"height":630,"caption":"eToro Reviews"},{"@type":"BreadcrumbList","@id":"https:\/\/www.etoro.com\/da-dk\/about\/reviews\/#breadcrumb","itemListElement":[{"@type":"ListItem","position":1,"name":"HJEM","item":"https:\/\/www.etoro.com\/da-dk\/"},{"@type":"ListItem","position":2,"name":"OM","item":"https:\/\/www.etoro.com\/da-dk\/about\/"},{"@type":"ListItem","position":3,"name":"reviews"}]},{"@type":"WebSite","@id":"https:\/\/www.etoro.com\/da-dk\/#website","url":"https:\/\/www.etoro.com\/da-dk\/","name":"eToro","description":"","publisher":{"@id":"https:\/\/www.etoro.com\/da-dk\/#organization"},"potentialAction":[{"@type":"SearchAction","target":{"@type":"EntryPoint","urlTemplate":"https:\/\/www.etoro.com\/da-dk\/?s={search_term_string}"},"query-input":{"@type":"PropertyValueSpecification","valueRequired":true,"valueName":"search_term_string"}}],"inLanguage":"da"},[]]}},"_links":{"self":[{"href":"https:\/\/www.etoro.com\/da-dk\/wp-json\/wp\/v2\/pages\/427100"}],"collection":[{"href":"https:\/\/www.etoro.com\/da-dk\/wp-json\/wp\/v2\/pages"}],"about":[{"href":"https:\/\/www.etoro.com\/da-dk\/wp-json\/wp\/v2\/types\/page"}],"author":[{"embeddable":true,"href":"https:\/\/www.etoro.com\/da-dk\/wp-json\/wp\/v2\/users\/95"}],"replies":[{"embeddable":true,"href":"https:\/\/www.etoro.com\/da-dk\/wp-json\/wp\/v2\/comments?post=427100"}],"version-history":[{"count":0,"href":"https:\/\/www.etoro.com\/da-dk\/wp-json\/wp\/v2\/pages\/427100\/revisions"}],"up":[{"embeddable":true,"href":"https:\/\/www.etoro.com\/da-dk\/wp-json\/wp\/v2\/pages\/30281"}],"wp:featuredmedia":[{"embeddable":true,"href":"https:\/\/www.etoro.com\/da-dk\/wp-json\/wp\/v2\/media\/1122126"}],"wp:attachment":[{"href":"https:\/\/www.etoro.com\/da-dk\/wp-json\/wp\/v2\/media?parent=427100"}],"wp:term":[{"taxonomy":"asset_type","embeddable":true,"href":"https:\/\/www.etoro.com\/da-dk\/wp-json\/wp\/v2\/asset_type?post=427100"}],"curies":[{"name":"wp","href":"https:\/\/api.w.org\/{rel}","templated":true}]}}