{"id":472940,"date":"2020-09-13T09:52:03","date_gmt":"2020-09-13T06:52:03","guid":{"rendered":"https:\/\/www.etoro.com\/stocks\/risk-management\/"},"modified":"2024-08-20T11:48:16","modified_gmt":"2024-08-20T08:48:16","slug":"risk-management","status":"publish","type":"page","link":"https:\/\/www.etoro.com\/da-dk\/investing\/risk-management\/","title":{"rendered":"Risikostyring for tradere og investorer"},"content":{"rendered":"\n<p class=\"is-style-summary\">Er du interesseret i at vide, hvordan du som investor kan styre din risiko? L\u00e6r om, hvad risikostyring er, og hvordan du kan styre risikoen effektivt, n\u00e5r du handler eller investerer.<\/p>\n\n\n\n<hr class=\"wp-block-separator wp-block-separator-color-dark-grey wp-block-separator-spaces-medium wp-block-separator-weight-1 has-alpha-channel-opacity\"\/>\n\n\n\n<p>Du navigerer i risici hver dag. N\u00e5r du k\u00f8rer bil og beslutter, om du vil k\u00f8re over for et gult lys eller ej, h\u00e5ndterer og vurderer du risikoen. N\u00e5r du v\u00e6lger, om du vil spise en sund frokost eller g\u00e5 til det n\u00e6rmeste fastfoodsted, <strong>h\u00e5ndterer du alle de mulige udfald og konsekvenser undervejs<\/strong>.<\/p>\n\n\n\n<p>Inden for finansverdenen bliver omr\u00e5det imidlertid mere specifikt og kalkuleret, da investeringsforvaltere, m\u00e6glere, bankfolk og private investorer anvender forskellige foranstaltninger til at vurdere de risici, der er forbundet med deres investerings- og <a href=\"https:\/\/www.etoro.com\/da-dk\/trading\/platforms\/\">handelsbeslutninger<\/a>.<\/p>\n\n\n\n<h2 class=\"wp-block-heading\">Hvad er risikostyring?<\/h2>\n\n\n\n<figure class=\"wp-block-image size-full\"><img loading=\"lazy\" decoding=\"async\" width=\"756\" height=\"400\" src=\"https:\/\/www.etoro.com\/wp-content\/uploads\/2023\/06\/How-to-Manage-Risk-As-a-Trader-or-Investor_Body-Image-1_-What-is-risk-management_.png\" alt=\"\" class=\"wp-image-634651 wp-image-desktop\" srcset=\"https:\/\/www.etoro.com\/wp-content\/uploads\/2023\/06\/How-to-Manage-Risk-As-a-Trader-or-Investor_Body-Image-1_-What-is-risk-management_.png 756w, https:\/\/www.etoro.com\/wp-content\/uploads\/2023\/06\/How-to-Manage-Risk-As-a-Trader-or-Investor_Body-Image-1_-What-is-risk-management_-300x159.png 300w\" sizes=\"(max-width: 756px) 100vw, 756px\" \/><\/figure>\n\n\n\n<p><mark>Som navnet antyder, handler risikostyring om at overveje de risici, der er forbundet med visse transaktioner, beregne dem og tr\u00e6ffe foranstaltninger til at styre dem. <\/mark><\/p>\n\n\n\n<p>F\u00e5 mere at vide om risikostyring, og hvad du skal vide som erhvervsdrivende eller investor med vores uddannelsesvideo om risikostyring.<\/p>\n\n\n\n<blockquote class=\"wp-block-quote wp-block-quote-scheme-green is-layout-flow wp-block-quote-is-layout-flow\">\n<p>\u201cRisiko kommer fra, at du ikke ved, hvad du laver\u201d<\/p>\n<cite><a href=\"https:\/\/www.cnbc.com\/2017\/05\/01\/7-insights-from-legendary-investor-warren-buffett.html\" target=\"_blank\" rel=\"noreferrer noopener\">Warren Buffett<\/a><\/cite><\/blockquote>\n\n\n\n<p>Sammenh\u00e6ngen mellem risikostyring og usikkerhed er en vigtig del af forst\u00e5elsen af risikostyring, da <strong>det grundl\u00e6ggende g\u00e5r ud p\u00e5 at opretholde et godt forhold mellem risiko og afkast. <\/strong>Men ofte vil tradere og investorer villigt v\u00e6lge en investering med h\u00f8j risiko, hvis de f\u00f8ler, at forholdet mellem risiko og gevinst g\u00f8r det v\u00e6rd at g\u00f8re det.<\/p>\n\n\n\n<p><mark>Dette er m\u00e5ske det vigtigste at forst\u00e5 vedr\u00f8rende risikostyring: Det handler generelt ikke om at mindske risikoen, men om at vide s\u00e5 meget som muligt om de risici, der er forbundet med en bestemt transaktion.<\/mark> <\/p>\n\n\n\n<p>Der er tre n\u00f8glefaktorer, der p\u00e5virker risikoen:<\/p>\n\n\n\n<p>1. Viden<\/p>\n\n\n\n<p>2. Koncentration<\/p>\n\n\n\n<p>3. Type af aktiv<\/p>\n\n\n\n<p><strong>Viden er et udtryk for, hvor godt du kender og forst\u00e5r det aktiv, du \u00f8nsker at handle eller investere i<\/strong>. Jo st\u00f8rre viden du har om et aktiv og dets potentielle fordele og ulemper, jo mindre risiko uds\u00e6tter du dig selv for.<\/p>\n\n\n\n<p><strong>Hvis din portef\u00f8lje indeholder en h\u00f8j koncentration af \u00e9n type aktiv, stiger din risiko<\/strong>. Hvis du f.eks. risikerer 25 % af din portef\u00f8lje p\u00e5 en investering eller handel, og du taber to gange i tr\u00e6k, vil du have mistet halvdelen af din kapital.&nbsp;<\/p>\n\n\n\n<p><strong>Der er mange forskellige typer aktiver, du kan investere i eller handle med, og nogle er mere risikable end andre<\/strong>. For eksempel har krypto og r\u00e5varer en tendens til at uds\u00e6tte investorer og tradere for st\u00f8rre risiko sammenlignet med diversificerede ETF&#8217;er eller fastforrentede aktiver.<\/p>\n\n\n\n<h2 class=\"wp-block-heading\">Risikostyring ved handel eller investering<\/h2>\n\n\n\n<p>Det, der adskiller handel og investering, er blandt andet, at handlende foretager flere transaktioner over korte perioder, mens investorer k\u00f8ber og beholder aktiver p\u00e5 mellemlang eller lang sigt. Der er <strong>forskel p\u00e5, hvordan tradere og investorer h\u00e5ndterer risici, da kortsigtede overvejelser ofte adskiller sig fra langsigtede overvejelser<\/strong>.<\/p>\n\n\n\n<p>Nedenfor kan du se nogle forskellige tilgange til risikostyring, n\u00e5r du handler eller investerer.<\/p>\n\n\n\n<h3 class=\"wp-block-heading\">Anvendelse af en langsigtet strategi<\/h3>\n\n\n\n<blockquote class=\"wp-block-quote wp-block-quote-scheme-green is-layout-flow wp-block-quote-is-layout-flow\">\n<p>Hvis du ikke er villig til at eje en aktie i 10 \u00e5r, skal du ikke engang t\u00e6nke p\u00e5 at eje den i 10 minutter<\/p>\n<cite><a href=\"https:\/\/www.berkshirehathaway.com\/letters\/1996.html\" target=\"_blank\" rel=\"noreferrer noopener\">Warren Buffett<\/a><\/cite><\/blockquote>\n\n\n\n<p>Dette er et vigtigt begreb at tage hensyn til, n\u00e5r man investerer. Selvom der findes perioder med nedgang p\u00e5 markederne og betydelige nedskrivninger og kriser, er markederne designet til konstant at stige. <strong>N\u00e5r investorer investerer p\u00e5 lang sigt, b\u00f8r de huske, at det er en langsigtet rejse, og at midlertidige fald i markedsprisen er normale<\/strong>.<br><\/p>\n\n\n\n<figure class=\"wp-block-image size-full\"><img loading=\"lazy\" decoding=\"async\" width=\"756\" height=\"400\" src=\"https:\/\/www.etoro.com\/wp-content\/uploads\/2023\/06\/How-to-Manage-Risk-As-a-Trader-or-Investor_Body-Image-2-_-Long-term-strategy-and-Consistency.png\" alt=\"\" class=\"wp-image-634630 wp-image-desktop\" srcset=\"https:\/\/www.etoro.com\/wp-content\/uploads\/2023\/06\/How-to-Manage-Risk-As-a-Trader-or-Investor_Body-Image-2-_-Long-term-strategy-and-Consistency.png 756w, https:\/\/www.etoro.com\/wp-content\/uploads\/2023\/06\/How-to-Manage-Risk-As-a-Trader-or-Investor_Body-Image-2-_-Long-term-strategy-and-Consistency-300x159.png 300w\" sizes=\"(max-width: 756px) 100vw, 756px\" \/><\/figure>\n\n\n\n<h3 class=\"wp-block-heading\">Sammenh\u00e6ng<\/h3>\n\n\n\n<p>Grundl\u00e6ggende kan det siges, at<strong> mange investorer regelm\u00e6ssigt tilf\u00f8jer det samme bel\u00f8b til deres investeringer<\/strong>. Denne strategi er med til at opretholde en konstant for\u00f8gelse af egenkapital, uanset hvordan aktivet klarer sig. Det betyder, at du ikke beh\u00f8ver koncentrere dig om at time markedet, men blot om at v\u00e6lge de rigtige aktiver.<\/p>\n\n\n\n<h3 class=\"wp-block-heading\">Diversificering<\/h3>\n\n\n\n<p><strong>Dette er m\u00e5ske den vigtigste metode til risikostyring<\/strong>. Det er s\u00e5 enkelt som ordsproget: &#8220;L\u00e6g ikke alle dine \u00e6g i \u00e9n kurv&#8221;. I bund og grund oplever virksomheder nogle gange uventede nedskrivninger eller endda konkurser.&nbsp;<\/p>\n\n\n\n<p>Derfor <strong>er det tilr\u00e5deligt at investere i flere forskellige virksomheder, n\u00e5r man opbygger en aktiebaseret portef\u00f8lje, samt forskellige andre aktiver<\/strong>.<\/p>\n\n\n\n<p>Hvis et eller to af aktiverne g\u00e5r nedad, er der <strong>andre aktiver, som kan holde den samlede ydelse oppe<\/strong>. Dette underbygges af <a href=\"https:\/\/www.invested.dk\/spoergsmaal\/hvad-er-forskellen-mellem-alfa-og-beta\" target=\"_blank\" rel=\"noreferrer noopener\">teorien om aktiers alfa- og betav\u00e6rdi<\/a>. Naturligvis er portef\u00f8ljen stadig udsat for tendenser p\u00e5 hele markedet, f.eks. opgang \u201dbull market\u201d eller nedgang <strong>\u201dbear market\u201d<\/strong>.&nbsp;<\/p>\n\n\n\n<p><strong>Denne risikostyringsstrategi anvendes ofte af b\u00e5de investorer og tradere<\/strong>.<\/p>\n\n\n\n<div class=\"wp-block-etoro-tip wp-block-etoro-tip-border-yellow\"><span class=\"wp-block-etoro-tip-icon\"><\/span><div class=\"wp-block-etoro-tip-text\">\n<p><strong>Tip:<\/strong> Hvis du vil <a href=\"https:\/\/www.etoro.com\/investing\/how-to-diversify-your-portfolio\/\">diversificere din portef\u00f8lje<\/a> yderligere, kan du overveje at investere i instrumenter, der giver eksponering mod flere aktier, f.eks. <a href=\"https:\/\/www.etoro.com\/da-dk\/discover\/markets\/etf\">ETF&#8217;er<\/a> eller eToros <a href=\"https:\/\/www.etoro.com\/discover\/smartportfolios\">Smart Portfolios<\/a>.<\/p>\n<\/div><\/div>\n\n\n\n<h3 class=\"wp-block-heading\">Afd\u00e6kning<\/h3>\n\n\n\n<p><strong>Mens diversificering handler om at sprede risikoen over forskellige instrumenter, handler afd\u00e6kning om at tr\u00e6ffe specifikke foranstaltninger for at beskytte din investering<\/strong>. <a href=\"https:\/\/www.etoro.com\/en-us\/news-and-analysis\/market-insights\/cover-your-assets-a-primer-on-hedging\/\">Nogle aktiver har et omvendt forhold til andre<\/a> aktiver, hvilket betyder, at de kan bruges som beskyttelse i scenarier, hvor den prim\u00e6re investering falder i v\u00e6rdi.<\/p>\n\n\n\n<p>Mange tradere fokuserer p\u00e5 \u00e9n aktivklasse, f.eks. <a href=\"https:\/\/www.etoro.com\/discover\/markets\/currencies\">valutaer<\/a>. <strong>N\u00e5r det drejer sig om valutamarkedet, afd\u00e6kkes handlerne ofte ved at \u00e5bne positioner i <\/strong><a href=\"https:\/\/www.etoro.com\/markets\/gold\"><strong>guld<\/strong><\/a><strong> eller andre \u00e6delmetaller, da de ofte har et omvendt forhold til fiat valutaer<\/strong>.<\/p>\n\n\n\n<p>Investorer kan ogs\u00e5 s\u00f8ge efter et specifikt aktiv, der matcher deres handel med henblik p\u00e5 afd\u00e6kning, s\u00e5som JPN 225-indekset, som ofte bev\u00e6ger sig inverst i forhold til den <a href=\"https:\/\/www.etoro.com\/markets\/usdjpy\">amerikanske dollar\/japanske yen<\/a>.<\/p>\n\n\n\n<h3 class=\"wp-block-heading\">Stop-Loss og Take Profit<\/h3>\n\n\n\n<p>Disse ordrer er br\u00f8d og sm\u00f8r for ansvarlige investorer, da de kan beskytte mod tab og sikre profit. <strong>Som navnet antyder, lukker en <\/strong><a href=\"https:\/\/help.etoro.com\/s\/article\/what-is-stop-loss?language=en_GB\"><strong>Stop Loss<\/strong><\/a><strong>-ordre en handel, n\u00e5r et bestemt tab er n\u00e5et. <\/strong><a href=\"https:\/\/help.etoro.com\/s\/?language=da\"><strong>Take Profit<\/strong><\/a><strong> g\u00f8r det samme, n\u00e5r en forh\u00e5ndsangivet profit er n\u00e5et<\/strong>.<\/p>\n\n\n\n<p>Da mange investorer benytter <strong>teknisk analyse<\/strong>, har de ofte et interval i tankerne, inden for hvilket de tror, at et bestemt aktiv vil bev\u00e6ge sig. Derfor kan de placere Stop-Loss- og Take Profit-ordrer i begge ender af dette interval for at kontrollere den involverede risiko. De vil kende b\u00e5de deres maksimale tab og deres potentielle maksimale gevinst.<\/p>\n\n\n\n<figure class=\"wp-block-image size-full\"><img loading=\"lazy\" decoding=\"async\" width=\"756\" height=\"400\" src=\"https:\/\/www.etoro.com\/wp-content\/uploads\/2023\/06\/How-to-Manage-Risk-As-a-Trader-or-Investor_Body-Image-3_Profit-and-Self-Imposed-Rules.png\" alt=\"\" class=\"wp-image-634609 wp-image-desktop\" srcset=\"https:\/\/www.etoro.com\/wp-content\/uploads\/2023\/06\/How-to-Manage-Risk-As-a-Trader-or-Investor_Body-Image-3_Profit-and-Self-Imposed-Rules.png 756w, https:\/\/www.etoro.com\/wp-content\/uploads\/2023\/06\/How-to-Manage-Risk-As-a-Trader-or-Investor_Body-Image-3_Profit-and-Self-Imposed-Rules-300x159.png 300w\" sizes=\"(max-width: 756px) 100vw, 756px\" \/><\/figure>\n\n\n\n<h3 class=\"wp-block-heading\">Selvp\u00e5lagte regler<\/h3>\n\n\n\n<p>Tradere leder efter store prissvingninger, som de kan udnytte, og bruger ofte gearing. Dette kan friste dem til at allokere en stor del af deres midler til en potentiel handel, hvilket ogs\u00e5 bringer dem i fare for at tabe mange penge. Derfor <strong>f\u00f8lger nogle tradere slavisk deres selvvalgte regler<\/strong>.<\/p>\n\n\n\n<p><strong>Et klassisk eksempel er &#8220;1%-reglen&#8221;, som fort\u00e6ller, at en erhvervsdrivende aldrig b\u00f8r bruge mere end 1 % af sin egenkapital p\u00e5 \u00e9n enkelt handel<\/strong>.<\/p>\n\n\n\n<p><mark>Selv om risikotolerancen varierer, er det tilr\u00e5deligt ikke at risikere mere end 2 % af din konto pr. handel og, n\u00e5r du investerer, ikke mere end 5 % af din konto p\u00e5 en investering.<\/mark> <\/p>\n\n\n\n<h2 class=\"wp-block-heading\">H\u00e5ndter dine risici<\/h2>\n\n\n\n<p><mark>Det kan v\u00e6re fristende at give efter for l\u00f8fterne om &#8220;get-rich-quick&#8221;-ordninger eller online platforme, der tilbyder \u00f8jeblikkelig profit. Men i virkeligheden kr\u00e6ver onlinehandel og -investering tid, \u00f8velse og selvf\u00f8lgelig risikostyring. <\/mark><\/p>\n\n\n\n<p><strong>F\u00f8r du foretager din n\u00e6ste investering eller handel, b\u00f8r du overveje ovenst\u00e5ende oplysninger<\/strong>. M\u00e5ske anvender du allerede nogle af eller alle de n\u00e6vnte metoder, og m\u00e5ske g\u00f8r du det ikke.&nbsp;<\/p>\n\n\n\n<p>Uanset hvad s\u00e5 <strong>husk, at du altid b\u00f8r g\u00f8re dig bekendt med alle de risici, der er forbundet med en bestemt transaktion<\/strong>.<\/p>\n\n\n\n<p>L\u00e6r mere om trading og investering i <a href=\"https:\/\/www.etoro.com\/academy\/\">eToro Academy<\/a>.<\/p>\n\n\n\n<h2 class=\"wp-block-heading\">Ofte stillede sp\u00f8rgsm\u00e5l<\/h2>\n\n\n\n<dl class=\"wp-block-etoro-faq\">\n<div class=\"wp-block-etoro-faq-item\"><dt class=\"wp-block-etoro-faq-item-question\">Hvorfor er risikostyring vigtig?<\/dt><dd class=\"wp-block-etoro-faq-item-answer\">\n<p>Risikostyring er vigtig, da det giver dig mulighed for at f\u00e5 en forst\u00e5else af de risici, der er forbundet med handel eller investering, og giver dig mulighed for at anvende strategier, som kan hj\u00e6lpe dig med at mindske potentielle risici.<\/p>\n<\/dd><\/div>\n\n\n\n<div class=\"wp-block-etoro-faq-item\"><dt class=\"wp-block-etoro-faq-item-question\">Har du brug for en risikostyringsstrategi?<\/dt><dd class=\"wp-block-etoro-faq-item-answer\">\n<p>Ja, det er en god id\u00e9 at benytte risikostyringsstrategier, n\u00e5r du investerer og handler. Risikostyring er afg\u00f8rende for at hj\u00e6lpe dig med at opbygge langsigtet succes og kan hj\u00e6lpe dig med at identificere og h\u00e5ndtere de risici, du kan st\u00f8de p\u00e5 undervejs.<\/p>\n<\/dd><\/div>\n\n\n\n<div class=\"wp-block-etoro-faq-item\"><dt class=\"wp-block-etoro-faq-item-question\">Hvilke strategier til risikostyring b\u00f8r du benytte?<\/dt><dd class=\"wp-block-etoro-faq-item-answer\">\n<p>Da individuelle investorer og tradere har forskellige m\u00e5l og risikotolerancer, vil den rigtige risikostyringsstrategi for dine omst\u00e6ndigheder variere. Overvej hvilke typer aktiver du investerer i, hvor meget du har r\u00e5d til at tabe, og hvilke strategier du m\u00e5ske allerede anvender eller potentielt kan benytte fremover.<\/p>\n<\/dd><\/div>\n<\/dl>\n\n\n\n\t\t<style>\n\t\t\t.rtl .etoro-block-shortcode-disclaimer {\n\t\t\t\ttext-align:right;\n\t\t\t}\n\t\t\t.etoro-block-shortcode-disclaimer {\n\t\t\t\tmargin-bottom:18px;\n\t\t\t\ttext-align:left;\n\t\t\t}\n\t\t\t.etoro-block-shortcode-disclaimer p{\n\t\t\t\tfont-size: 12px;\n\t\t\t\tline-height: 18px;\n\t\t\t}\n\t\t\t@media (min-width: 768px) {\n\t\t\t\t.etoro-block-shortcode-disclaimer {\n\t\t\t\t\tmax-width:1176px;\n\t\t\t\t\ttext-align:center;\n\t\t\t\t}\n\t\t\t\t.etoro-block-shortcode-disclaimer p {\n\t\t\t\t\tfont-size: 14px;\n\t\t\t\t\tline-height: 20px;\n\t\t\t\t}\n\t\t\t}\n\t\t<\/style>\n\t\t<div class='etoro-block-shortcode-disclaimer'><p>Disse oplysninger er udelukkende til l\u00e6ringsm\u00e6ssige form\u00e5l og b\u00f8r ikke opfattes som investeringsr\u00e5dgivning, personlige anbefalinger, tilbud om eller opfordring til at k\u00f8be eller s\u00e6lge finansielle instrumenter.<\/p>\n<p>Dette materiale er udarbejdet uden s\u00e6rlige hensynstagen til investeringsm\u00e5l eller finansielle forhold, og det er ikke udarbejdet i overensstemmelse med de juridiske og lovgivningsm\u00e6ssige krav om at fremme uafh\u00e6ngig forskning.<\/p>\n<p><strong>Ikke alle de finansielle instrumenter og services, der refereres til, er udbudt af eToro<\/strong> og henvisninger til tidligere resultater af et finansielt instrument, indeks eller kombineret investeringsprodukt er ikke, og b\u00f8r ikke betragtes som en p\u00e5lidelig indikator for fremtidige resultater. <strong>Tilg\u00e6ngeligheden af alle de ovenn\u00e6vnte produkter og tjenester kan variere afh\u00e6ngigt af jurisdiktion og land.<\/strong><\/p>\n<p>eToro repr\u00e6senterer ingen og p\u00e5tager sig intet ansvar for n\u00f8jagtigheden eller fyldestg\u00f8relsen af \u200b\u200bindholdet i denne vejledning. S\u00f8rg for, at du forst\u00e5r de risici, der er forbundet med handler, f\u00f8r du investerer kapital. Invest\u00e9r aldrig mere, end du er villig til at miste.<\/p>\n<\/div>\n","protected":false},"excerpt":{"rendered":"<p>Er du interesseret i at vide, hvordan du som investor kan styre din risiko? L\u00e6r om, hvad risikostyring er, og hvordan du kan styre risikoen effektivt, n\u00e5r du handler eller investerer. Du navigerer i risici hver dag. N\u00e5r du k\u00f8rer bil og beslutter, om du vil k\u00f8re over for et gult lys eller ej, h\u00e5ndterer&hellip;<\/p>\n","protected":false},"author":33,"featured_media":634567,"parent":31827,"menu_order":552,"comment_status":"closed","ping_status":"closed","template":"","meta":{"_acf_changed":false,"inline_featured_image":false,"sticky_cta_settings":"","footnotes":""},"asset_type":[],"class_list":["post-472940","page","type-page","status-publish","has-post-thumbnail","hentry"],"acf":[],"yoast_head":"<title>Risikostyring for tradere og investorer | eToro<\/title>\n<meta name=\"description\" content=\"Risikostyring er en n\u00f8glekompetence for b\u00e5de langsigtede investorer og aktive tradere. L\u00e6s videre for at l\u00e6re om, hvordan du styrer risiko i din portef\u00f8lje.\" \/>\n<meta name=\"robots\" content=\"index, follow, max-snippet:-1, max-image-preview:large, max-video-preview:-1\" \/>\n<link rel=\"canonical\" href=\"https:\/\/www.etoro.com\/da-dk\/wp-json\/wp\/v2\/pages\/472940\" \/>\n<meta property=\"og:locale\" content=\"da_DK\" \/>\n<meta property=\"og:type\" content=\"article\" \/>\n<meta property=\"og:title\" content=\"Risikostyring for tradere og investorer | eToro\" \/>\n<meta property=\"og:description\" content=\"Risikostyring er en n\u00f8glekompetence for b\u00e5de langsigtede investorer og aktive tradere. L\u00e6s videre for at l\u00e6re om, hvordan du styrer risiko i din portef\u00f8lje.\" \/>\n<meta property=\"og:url\" content=\"https:\/\/www.etoro.com\/da-dk\/wp-json\/wp\/v2\/pages\/472940\" \/>\n<meta property=\"og:site_name\" content=\"eToro\" \/>\n<meta property=\"article:publisher\" content=\"https:\/\/www.facebook.com\/eToro\/\" \/>\n<meta property=\"article:modified_time\" content=\"2024-08-20T08:48:16+00:00\" \/>\n<meta property=\"og:image\" content=\"https:\/\/www.etoro.com\/wp-content\/uploads\/2023\/06\/Socials-DK.png\" \/>\n\t<meta property=\"og:image:width\" content=\"1200\" \/>\n\t<meta property=\"og:image:height\" content=\"630\" \/>\n\t<meta property=\"og:image:type\" content=\"image\/png\" \/>\n<meta name=\"twitter:card\" content=\"summary_large_image\" \/>\n<meta name=\"twitter:site\" content=\"@eToro\" \/>\n<meta name=\"twitter:label1\" content=\"Est. reading time\" \/>\n\t<meta name=\"twitter:data1\" content=\"9 minutes\" \/>\n<script type=\"application\/ld+json\" class=\"yoast-schema-graph\">{\"@context\":\"https:\/\/schema.org\",\"@graph\":[{\"@type\":\"WebPage\",\"@id\":\"https:\/\/www.etoro.com\/da-dk\/investing\/risk-management\/\",\"url\":\"https:\/\/www.etoro.com\/da-dk\/investing\/risk-management\/\",\"name\":\"Risikostyring for tradere og investorer | eToro\",\"isPartOf\":{\"@id\":\"https:\/\/www.etoro.com\/da-dk\/#website\"},\"primaryImageOfPage\":{\"@id\":\"https:\/\/www.etoro.com\/da-dk\/investing\/risk-management\/#primaryimage\"},\"image\":{\"@id\":\"https:\/\/www.etoro.com\/da-dk\/investing\/risk-management\/#primaryimage\"},\"thumbnailUrl\":\"https:\/\/www.etoro.com\/wp-content\/uploads\/2023\/06\/Socials-DK.png\",\"datePublished\":\"2020-09-13T06:52:03+00:00\",\"dateModified\":\"2024-08-20T08:48:16+00:00\",\"description\":\"Risikostyring er en n\u00f8glekompetence for b\u00e5de langsigtede investorer og aktive tradere. L\u00e6s videre for at l\u00e6re om, hvordan du styrer risiko i din portef\u00f8lje.\",\"breadcrumb\":{\"@id\":\"https:\/\/www.etoro.com\/da-dk\/investing\/risk-management\/#breadcrumb\"},\"inLanguage\":\"da\",\"potentialAction\":[{\"@type\":\"ReadAction\",\"target\":[\"https:\/\/www.etoro.com\/da-dk\/investing\/risk-management\/\"]}]},{\"@type\":\"ImageObject\",\"inLanguage\":\"da\",\"@id\":\"https:\/\/www.etoro.com\/da-dk\/investing\/risk-management\/#primaryimage\",\"url\":\"https:\/\/www.etoro.com\/wp-content\/uploads\/2023\/06\/Socials-DK.png\",\"contentUrl\":\"https:\/\/www.etoro.com\/wp-content\/uploads\/2023\/06\/Socials-DK.png\",\"width\":1200,\"height\":630},{\"@type\":\"BreadcrumbList\",\"@id\":\"https:\/\/www.etoro.com\/da-dk\/investing\/risk-management\/#breadcrumb\",\"itemListElement\":[{\"@type\":\"ListItem\",\"position\":1,\"name\":\"HJEM\",\"item\":\"https:\/\/www.etoro.com\/da-dk\/\"},{\"@type\":\"ListItem\",\"position\":2,\"name\":\"Investering\",\"item\":\"https:\/\/www.etoro.com\/da-dk\/investing\/\"},{\"@type\":\"ListItem\",\"position\":3,\"name\":\"Risikostyring for tradere og investorer\"}]},{\"@type\":\"WebSite\",\"@id\":\"https:\/\/www.etoro.com\/da-dk\/#website\",\"url\":\"https:\/\/www.etoro.com\/da-dk\/\",\"name\":\"eToro\",\"description\":\"\",\"publisher\":{\"@id\":\"https:\/\/www.etoro.com\/da-dk\/#organization\"},\"potentialAction\":[{\"@type\":\"SearchAction\",\"target\":{\"@type\":\"EntryPoint\",\"urlTemplate\":\"https:\/\/www.etoro.com\/da-dk\/?s={search_term_string}\"},\"query-input\":{\"@type\":\"PropertyValueSpecification\",\"valueRequired\":true,\"valueName\":\"search_term_string\"}}],\"inLanguage\":\"da\"},[]]}<\/script>","yoast_head_json":{"title":"Risikostyring for tradere og investorer | eToro","description":"Risikostyring er en n\u00f8glekompetence for b\u00e5de langsigtede investorer og aktive tradere. L\u00e6s videre for at l\u00e6re om, hvordan du styrer risiko i din portef\u00f8lje.","robots":{"index":"index","follow":"follow","max-snippet":"max-snippet:-1","max-image-preview":"max-image-preview:large","max-video-preview":"max-video-preview:-1"},"canonical":"https:\/\/www.etoro.com\/da-dk\/wp-json\/wp\/v2\/pages\/472940","og_locale":"da_DK","og_type":"article","og_title":"Risikostyring for tradere og investorer | eToro","og_description":"Risikostyring er en n\u00f8glekompetence for b\u00e5de langsigtede investorer og aktive tradere. L\u00e6s videre for at l\u00e6re om, hvordan du styrer risiko i din portef\u00f8lje.","og_url":"https:\/\/www.etoro.com\/da-dk\/wp-json\/wp\/v2\/pages\/472940","og_site_name":"eToro","article_publisher":"https:\/\/www.facebook.com\/eToro\/","article_modified_time":"2024-08-20T08:48:16+00:00","og_image":[{"width":1200,"height":630,"url":"https:\/\/www.etoro.com\/wp-content\/uploads\/2023\/06\/Socials-DK.png","type":"image\/png"}],"twitter_card":"summary_large_image","twitter_site":"@eToro","twitter_misc":{"Est. reading time":"9 minutes"},"schema":{"@context":"https:\/\/schema.org","@graph":[{"@type":"WebPage","@id":"https:\/\/www.etoro.com\/da-dk\/investing\/risk-management\/","url":"https:\/\/www.etoro.com\/da-dk\/investing\/risk-management\/","name":"Risikostyring for tradere og investorer | eToro","isPartOf":{"@id":"https:\/\/www.etoro.com\/da-dk\/#website"},"primaryImageOfPage":{"@id":"https:\/\/www.etoro.com\/da-dk\/investing\/risk-management\/#primaryimage"},"image":{"@id":"https:\/\/www.etoro.com\/da-dk\/investing\/risk-management\/#primaryimage"},"thumbnailUrl":"https:\/\/www.etoro.com\/wp-content\/uploads\/2023\/06\/Socials-DK.png","datePublished":"2020-09-13T06:52:03+00:00","dateModified":"2024-08-20T08:48:16+00:00","description":"Risikostyring er en n\u00f8glekompetence for b\u00e5de langsigtede investorer og aktive tradere. L\u00e6s videre for at l\u00e6re om, hvordan du styrer risiko i din portef\u00f8lje.","breadcrumb":{"@id":"https:\/\/www.etoro.com\/da-dk\/investing\/risk-management\/#breadcrumb"},"inLanguage":"da","potentialAction":[{"@type":"ReadAction","target":["https:\/\/www.etoro.com\/da-dk\/investing\/risk-management\/"]}]},{"@type":"ImageObject","inLanguage":"da","@id":"https:\/\/www.etoro.com\/da-dk\/investing\/risk-management\/#primaryimage","url":"https:\/\/www.etoro.com\/wp-content\/uploads\/2023\/06\/Socials-DK.png","contentUrl":"https:\/\/www.etoro.com\/wp-content\/uploads\/2023\/06\/Socials-DK.png","width":1200,"height":630},{"@type":"BreadcrumbList","@id":"https:\/\/www.etoro.com\/da-dk\/investing\/risk-management\/#breadcrumb","itemListElement":[{"@type":"ListItem","position":1,"name":"HJEM","item":"https:\/\/www.etoro.com\/da-dk\/"},{"@type":"ListItem","position":2,"name":"Investering","item":"https:\/\/www.etoro.com\/da-dk\/investing\/"},{"@type":"ListItem","position":3,"name":"Risikostyring for tradere og investorer"}]},{"@type":"WebSite","@id":"https:\/\/www.etoro.com\/da-dk\/#website","url":"https:\/\/www.etoro.com\/da-dk\/","name":"eToro","description":"","publisher":{"@id":"https:\/\/www.etoro.com\/da-dk\/#organization"},"potentialAction":[{"@type":"SearchAction","target":{"@type":"EntryPoint","urlTemplate":"https:\/\/www.etoro.com\/da-dk\/?s={search_term_string}"},"query-input":{"@type":"PropertyValueSpecification","valueRequired":true,"valueName":"search_term_string"}}],"inLanguage":"da"},[]]}},"_links":{"self":[{"href":"https:\/\/www.etoro.com\/da-dk\/wp-json\/wp\/v2\/pages\/472940"}],"collection":[{"href":"https:\/\/www.etoro.com\/da-dk\/wp-json\/wp\/v2\/pages"}],"about":[{"href":"https:\/\/www.etoro.com\/da-dk\/wp-json\/wp\/v2\/types\/page"}],"author":[{"embeddable":true,"href":"https:\/\/www.etoro.com\/da-dk\/wp-json\/wp\/v2\/users\/33"}],"replies":[{"embeddable":true,"href":"https:\/\/www.etoro.com\/da-dk\/wp-json\/wp\/v2\/comments?post=472940"}],"version-history":[{"count":0,"href":"https:\/\/www.etoro.com\/da-dk\/wp-json\/wp\/v2\/pages\/472940\/revisions"}],"up":[{"embeddable":true,"href":"https:\/\/www.etoro.com\/da-dk\/wp-json\/wp\/v2\/pages\/31827"}],"wp:featuredmedia":[{"embeddable":true,"href":"https:\/\/www.etoro.com\/da-dk\/wp-json\/wp\/v2\/media\/634567"}],"wp:attachment":[{"href":"https:\/\/www.etoro.com\/da-dk\/wp-json\/wp\/v2\/media?parent=472940"}],"wp:term":[{"taxonomy":"asset_type","embeddable":true,"href":"https:\/\/www.etoro.com\/da-dk\/wp-json\/wp\/v2\/asset_type?post=472940"}],"curies":[{"name":"wp","href":"https:\/\/api.w.org\/{rel}","templated":true}]}}