{"id":529587,"date":"2022-10-26T12:40:22","date_gmt":"2022-10-26T09:40:22","guid":{"rendered":"https:\/\/www.etoro.com\/customer-service\/tax-report\/"},"modified":"2026-02-11T18:49:12","modified_gmt":"2026-02-11T16:49:12","slug":"tax-report","status":"publish","type":"page","link":"https:\/\/www.etoro.com\/da-dk\/customer-service\/tax-report\/","title":{"rendered":"eToro skatteopg\u00f8relse"},"content":{"rendered":"\n<section class=\"wp-block-group wp-block-group-boxed has-white-background-color has-background\"><div class=\"wp-block-group-inner is-layout-flow wp-block-group-is-layout-flow\">\n<div class=\"wp-block-columns are-vertically-aligned-top wp-block-columns-1 is-layout-flex wp-container-core-columns-is-layout-1 wp-block-columns-is-layout-flex\">\n<div class=\"wp-block-column is-layout-flow wp-block-column-is-layout-flow\">\n<h2 class=\"wp-block-heading has-text-align-center\"><strong><strong>eToro skatteopg\u00f8relse<\/strong><\/strong><\/h2>\n\n\n\n<p class=\"has-text-align-center\">En detaljeret \u00e5rlig opg\u00f8relse af de relevante finansielle informationer omhandlende alle dine eToro transaktioner.<\/p>\n<\/div>\n<\/div>\n<\/div><\/section>\n\n\n\n<section class=\"wp-block-group wp-block-group-boxed\"><div class=\"wp-block-group-inner is-layout-flow wp-block-group-is-layout-flow\">\n<div class=\"wp-block-columns are-vertically-aligned-center wp-block-columns-2 is-layout-flex wp-container-core-columns-is-layout-2 wp-block-columns-is-layout-flex\">\n<div class=\"wp-block-column is-text-column is-layout-flow wp-block-column-is-layout-flow\">\n<h2 class=\"wp-block-heading\"><span>Hvad er<strong>&nbsp;eToro skatteopg\u00f8relsen?<\/strong><\/span><\/h2>\n\n\n\n<p>eToro skatteopg\u00f8relsen er en ny service vi tilbyder vores club medlemmer. Det er en detaljeret opg\u00f8relse produceret \u00e5rligt med de relevante finansielle informationer omhandlende alle dine eToro transaktioner, inklusiv indt\u00e6gt, profit og tab i gennem skatte\u00e5ret. Opg\u00f8relsen du modtager er pr\u00e6senteret med udregninger baseret p\u00e5 de g\u00e6ldende skattelove og regulationer, der g\u00e6lder i det land, hvor du bor og betaler skat.<\/p>\n<\/div>\n\n\n\n<div class=\"wp-block-column is-layout-flow wp-block-column-is-layout-flow\">\n<figure class=\"wp-block-image size-full\"><img loading=\"lazy\" decoding=\"async\" width=\"576\" height=\"394\" src=\"https:\/\/www.etoro.com\/wp-content\/uploads\/2022\/10\/Image-20.png\" alt=\"What is the eToro tax report?\" class=\"wp-image-509163 wp-image-desktop\" srcset=\"https:\/\/www.etoro.com\/wp-content\/uploads\/2022\/10\/Image-20.png 576w, https:\/\/www.etoro.com\/wp-content\/uploads\/2022\/10\/Image-20-300x205.png 300w\" sizes=\"(max-width: 576px) 100vw, 576px\" \/><\/figure>\n<\/div>\n<\/div>\n<\/div><\/section>\n\n\n\n<section class=\"wp-block-group wp-block-group-boxed has-dark-blue-background-color has-background\"><div class=\"wp-block-group-inner is-layout-flow wp-block-group-is-layout-flow\">\n<div class=\"wp-block-columns are-vertically-aligned-center wp-block-columns-2 is-swapped-on-mobile is-layout-flex wp-container-core-columns-is-layout-3 wp-block-columns-is-layout-flex\">\n<div class=\"wp-block-column is-layout-flow wp-block-column-is-layout-flow\">\n<figure class=\"wp-block-image size-full\"><img loading=\"lazy\" decoding=\"async\" width=\"576\" height=\"394\" src=\"https:\/\/www.etoro.com\/wp-content\/uploads\/2022\/10\/Image-21.png\" alt=\"What are the benefits?\" class=\"wp-image-509187 wp-image-desktop\" srcset=\"https:\/\/www.etoro.com\/wp-content\/uploads\/2022\/10\/Image-21.png 576w, https:\/\/www.etoro.com\/wp-content\/uploads\/2022\/10\/Image-21-300x205.png 300w\" sizes=\"(max-width: 576px) 100vw, 576px\" \/><\/figure>\n<\/div>\n\n\n\n<div class=\"wp-block-column is-text-column is-layout-flow wp-block-column-is-layout-flow\">\n<h2 class=\"wp-block-heading\"><span>Hvad er<strong>&nbsp;fordelene?<\/strong><\/span><\/h2>\n\n\n\n<p>Den prim\u00e6re fordel er, at det hj\u00e6lper dig med at indberette din skat side om side med anden skatteberettiget indkomst.<\/p>\n\n\n\n<ul class=\"wp-block-list wp-block-list wp-block-list-circle\">\n<li>Opg\u00f8relsen g\u00f8r dit liv lettere!<\/li>\n\n\n\n<li>Helt gratis<\/li>\n\n\n\n<li>Kan bruges til at indberette din personlige indkomstskat hos dine lokale skattemyndigheder.<\/li>\n<\/ul>\n\n\n\n<p>Vi tror p\u00e5, at denne nye service vil v\u00e6re til stor gavn for dig. Ikke desto mindre, kan skat stadigv\u00e6k v\u00e6re kompliceret, s\u00e5 vi anbefaler dig at s\u00f8ge hj\u00e6lp fra en skatter\u00e5dgiver omkring hvad og hvordan du indberetter.<\/p>\n<\/div>\n<\/div>\n<\/div><\/section>\n\n\n\n<section class=\"wp-block-group wp-block-group-boxed\"><div class=\"wp-block-group-inner is-layout-flow wp-block-group-is-layout-flow\">\n<div class=\"wp-block-columns are-vertically-aligned-center wp-block-columns-2 is-layout-flex wp-container-core-columns-is-layout-4 wp-block-columns-is-layout-flex\">\n<div class=\"wp-block-column is-text-column is-layout-flow wp-block-column-is-layout-flow\">\n<h2 class=\"wp-block-heading\"><strong>Hvordan er eToro skatteopg\u00f8relsen anderledes<\/strong>&nbsp;fra eToro kontoudtog?<\/h2>\n\n\n\n<p>Begge kan v\u00e6re nyttige, men skatteopg\u00f8relsen tager kontoudtoget til det n\u00e6ste niveau. Her er hvordan:<\/p>\n\n\n\n<p>eToro kontoudtoget giver dig et snapshot af alle dine aktiviteter, indt\u00e6gter, profit og tab p\u00e5 eToro\u2019s platform.<\/p>\n\n\n\n<p>eToro skatteopg\u00f8relsen er en \u00e5rlig opg\u00f8relse, der stille alle informationer fra kontoudtoget til r\u00e5dighed, og udregner den del af kontoejerens indberetningspligtige indt\u00e6gt, som stammer fra eToro, i forhold til de g\u00e6ldende skattelove og regulationer der g\u00e6lder i kontoejerens skattepligtige bop\u00e6lsland.<\/p>\n<\/div>\n\n\n\n<div class=\"wp-block-column is-layout-flow wp-block-column-is-layout-flow\">\n<figure class=\"wp-block-image size-full\"><img loading=\"lazy\" decoding=\"async\" width=\"576\" height=\"394\" src=\"https:\/\/www.etoro.com\/wp-content\/uploads\/2022\/10\/Image-22.png\" alt=\"How is the eToro tax report different from the eToro account statement?\" class=\"wp-image-509212 wp-image-desktop\" srcset=\"https:\/\/www.etoro.com\/wp-content\/uploads\/2022\/10\/Image-22.png 576w, https:\/\/www.etoro.com\/wp-content\/uploads\/2022\/10\/Image-22-300x205.png 300w\" sizes=\"(max-width: 576px) 100vw, 576px\" \/><\/figure>\n<\/div>\n<\/div>\n<\/div><\/section>\n\n\n\n<section class=\"wp-block-group wp-block-group-boxed has-white-background-color has-background\"><div class=\"wp-block-group-inner is-layout-flow wp-block-group-is-layout-flow\">\n<div class=\"wp-block-columns are-vertically-aligned-top wp-block-columns-1 is-layout-flex wp-container-core-columns-is-layout-5 wp-block-columns-is-layout-flex\">\n<div class=\"wp-block-column is-layout-flow wp-block-column-is-layout-flow\">\n<h2 class=\"wp-block-heading has-text-align-center\">Du kan finde mere information omkring skatteopf\u00f8relsen for de f\u00f8lgende lande i linkene nedenfor<\/h2>\n<\/div>\n<\/div>\n\n\n\n<div class=\"wp-block-columns are-vertically-aligned-center wp-block-columns-4 is-layout-flex wp-container-core-columns-is-layout-6 wp-block-columns-is-layout-flex\">\n<div class=\"wp-block-column is-layout-flow wp-block-column-is-layout-flow\">\n<div class=\"wp-block-etoro-card wp-block-etoro-card-size-small wp-block-etoro-card-thumbnail-position-side wp-block-etoro-card-default\"><img decoding=\"async\" src=\"https:\/\/www.etoro.com\/wp-content\/uploads\/2022\/12\/australia.png\" alt=\"\" class=\"wp-block-etoro-card-thumbnail\"\/><div class=\"wp-block-etoro-card-body\"><div class=\"wp-block-etoro-card-content\">\n<p><a href=\"https:\/\/help.etoro.com\/s\/article\/Tax-Report-for-Australian-Residents?language=da\">Australien<\/a><\/p>\n<\/div><\/div><\/div>\n<\/div>\n\n\n\n<div class=\"wp-block-column is-layout-flow wp-block-column-is-layout-flow\">\n<div class=\"wp-block-etoro-card wp-block-etoro-card-size-small wp-block-etoro-card-thumbnail-position-side wp-block-etoro-card-default\"><img decoding=\"async\" src=\"https:\/\/www.etoro.com\/wp-content\/uploads\/2023\/03\/Crypto.png\" alt=\"\" class=\"wp-block-etoro-card-thumbnail\"\/><div class=\"wp-block-etoro-card-body\"><div class=\"wp-block-etoro-card-content\">\n<p><a href=\"https:\/\/help.etoro.com\/s\/article\/Tax-Report-for-Austrian-Residents?language=da\">Austria<\/a><\/p>\n<\/div><\/div><\/div>\n<\/div>\n\n\n\n<div class=\"wp-block-column is-layout-flow wp-block-column-is-layout-flow\">\n<div class=\"wp-block-etoro-card wp-block-etoro-card-size-small wp-block-etoro-card-thumbnail-position-side wp-block-etoro-card-default\"><img decoding=\"async\" src=\"https:\/\/www.etoro.com\/wp-content\/uploads\/2022\/12\/denmark.png\" alt=\"\" class=\"wp-block-etoro-card-thumbnail\"\/><div class=\"wp-block-etoro-card-body\"><div class=\"wp-block-etoro-card-content\">\n<p><a href=\"https:\/\/help.etoro.com\/s\/article\/Tax-report-for-Danish-residents?language=da\">Danmark<\/a><\/p>\n<\/div><\/div><\/div>\n<\/div>\n\n\n\n<div class=\"wp-block-column is-layout-flow wp-block-column-is-layout-flow\">\n<div class=\"wp-block-etoro-card wp-block-etoro-card-size-small wp-block-etoro-card-thumbnail-position-side wp-block-etoro-card-default\"><img decoding=\"async\" src=\"https:\/\/www.etoro.com\/wp-content\/uploads\/2022\/12\/france.png\" alt=\"\" class=\"wp-block-etoro-card-thumbnail\"\/><div class=\"wp-block-etoro-card-body\"><div class=\"wp-block-etoro-card-content\">\n<p><a href=\"https:\/\/help.etoro.com\/s\/article\/Tax-Report-for-French-Residents?language=da\">Frankrig<\/a><\/p>\n<\/div><\/div><\/div>\n<\/div>\n<\/div>\n\n\n\n<div class=\"wp-block-columns are-vertically-aligned-center wp-block-columns-4 is-layout-flex wp-container-core-columns-is-layout-7 wp-block-columns-is-layout-flex\">\n<div class=\"wp-block-column is-layout-flow wp-block-column-is-layout-flow\">\n<div class=\"wp-block-etoro-card wp-block-etoro-card-size-small wp-block-etoro-card-thumbnail-position-side wp-block-etoro-card-default\"><img decoding=\"async\" src=\"https:\/\/www.etoro.com\/wp-content\/uploads\/2022\/12\/germany.png\" alt=\"\" class=\"wp-block-etoro-card-thumbnail\"\/><div class=\"wp-block-etoro-card-body\"><div class=\"wp-block-etoro-card-content\">\n<p><a href=\"https:\/\/help.etoro.com\/s\/article\/Tax-Report-for-German-Residents?language=da\">Tyskland<\/a><\/p>\n<\/div><\/div><\/div>\n<\/div>\n\n\n\n<div class=\"wp-block-column is-layout-flow wp-block-column-is-layout-flow\">\n<div class=\"wp-block-etoro-card wp-block-etoro-card-size-small wp-block-etoro-card-thumbnail-position-side wp-block-etoro-card-default\"><img decoding=\"async\" src=\"https:\/\/www.etoro.com\/wp-content\/uploads\/2022\/12\/italy.png\" alt=\"\" class=\"wp-block-etoro-card-thumbnail\"\/><div class=\"wp-block-etoro-card-body\"><div class=\"wp-block-etoro-card-content\">\n<p><a href=\"https:\/\/help.etoro.com\/s\/article\/Tax-Report-for-Italian-Residents?language=da\">Italy<\/a><\/p>\n<\/div><\/div><\/div>\n<\/div>\n\n\n\n<div class=\"wp-block-column is-layout-flow wp-block-column-is-layout-flow\">\n<div class=\"wp-block-etoro-card wp-block-etoro-card-size-small wp-block-etoro-card-thumbnail-position-side wp-block-etoro-card-default\"><img decoding=\"async\" src=\"https:\/\/www.etoro.com\/wp-content\/uploads\/2022\/12\/netherlands.png\" alt=\"\" class=\"wp-block-etoro-card-thumbnail\"\/><div class=\"wp-block-etoro-card-body\"><div class=\"wp-block-etoro-card-content\">\n<p><a href=\"https:\/\/help.etoro.com\/s\/article\/Tax-Report-for-Dutch-Residents?language=da\">Holland<\/a><\/p>\n<\/div><\/div><\/div>\n<\/div>\n\n\n\n<div class=\"wp-block-column is-layout-flow wp-block-column-is-layout-flow\">\n<div class=\"wp-block-etoro-card wp-block-etoro-card-size-small wp-block-etoro-card-thumbnail-position-side wp-block-etoro-card-default\"><img decoding=\"async\" src=\"https:\/\/www.etoro.com\/wp-content\/uploads\/2024\/06\/Norway.png\" alt=\"\" class=\"wp-block-etoro-card-thumbnail\"\/><div class=\"wp-block-etoro-card-body\"><div class=\"wp-block-etoro-card-content\">\n<p><a href=\"https:\/\/help.etoro.com\/s\/article\/Tax-Report-for-Norwegian-Residents?language=da\">Norway<\/a><\/p>\n<\/div><\/div><\/div>\n<\/div>\n<\/div>\n\n\n\n<div class=\"wp-block-columns are-vertically-aligned-center wp-block-columns-4 is-layout-flex wp-container-core-columns-is-layout-8 wp-block-columns-is-layout-flex\">\n<div class=\"wp-block-column is-layout-flow wp-block-column-is-layout-flow\">\n<div class=\"wp-block-etoro-card wp-block-etoro-card-size-small wp-block-etoro-card-thumbnail-position-side wp-block-etoro-card-default\"><img decoding=\"async\" src=\"https:\/\/www.etoro.com\/wp-content\/uploads\/2022\/12\/portugal.png\" alt=\"\" class=\"wp-block-etoro-card-thumbnail\"\/><div class=\"wp-block-etoro-card-body\"><div class=\"wp-block-etoro-card-content\">\n<p><a href=\"https:\/\/help.etoro.com\/s\/article\/Tax-Report-for-Portuguese-Residents?language=da\">Portugal<\/a><\/p>\n<\/div><\/div><\/div>\n<\/div>\n\n\n\n<div class=\"wp-block-column is-layout-flow wp-block-column-is-layout-flow\">\n<div class=\"wp-block-etoro-card wp-block-etoro-card-size-small wp-block-etoro-card-thumbnail-position-side wp-block-etoro-card-default\"><img decoding=\"async\" src=\"https:\/\/www.etoro.com\/wp-content\/uploads\/2022\/12\/spain.png\" alt=\"\" class=\"wp-block-etoro-card-thumbnail\"\/><div class=\"wp-block-etoro-card-body\"><div class=\"wp-block-etoro-card-content\">\n<p><a href=\"https:\/\/help.etoro.com\/s\/article\/Tax-Report-for-Spanish-Residents?language=da\">Espa\u00f1a<\/a><\/p>\n<\/div><\/div><\/div>\n<\/div>\n\n\n\n<div class=\"wp-block-column is-layout-flow wp-block-column-is-layout-flow\">\n<div class=\"wp-block-etoro-card wp-block-etoro-card-size-small wp-block-etoro-card-thumbnail-position-side wp-block-etoro-card-default\"><img decoding=\"async\" src=\"https:\/\/www.etoro.com\/wp-content\/uploads\/2024\/01\/Sweden.png\" alt=\"\" class=\"wp-block-etoro-card-thumbnail\"\/><div class=\"wp-block-etoro-card-body\"><div class=\"wp-block-etoro-card-content\">\n<p><a href=\"https:\/\/help.etoro.com\/s\/article\/Tax-Report-for-Swedish-Residents?language=da\">Sweden<\/a><\/p>\n<\/div><\/div><\/div>\n<\/div>\n\n\n\n<div class=\"wp-block-column is-layout-flow wp-block-column-is-layout-flow\">\n<div class=\"wp-block-etoro-card wp-block-etoro-card-size-small wp-block-etoro-card-thumbnail-position-side wp-block-etoro-card-default\"><img decoding=\"async\" src=\"https:\/\/www.etoro.com\/wp-content\/uploads\/2023\/05\/CH.png\" alt=\"\" class=\"wp-block-etoro-card-thumbnail\"\/><div class=\"wp-block-etoro-card-body\"><div class=\"wp-block-etoro-card-content\">\n<p><a href=\"https:\/\/help.etoro.com\/s\/article\/Tax-Report-for-Swiss-Residents?language=da\">Switzerland<\/a><\/p>\n<\/div><\/div><\/div>\n<\/div>\n<\/div>\n\n\n\n<div class=\"wp-block-columns are-vertically-aligned-center wp-block-columns-4 is-layout-flex wp-container-core-columns-is-layout-9 wp-block-columns-is-layout-flex\">\n<div class=\"wp-block-column is-layout-flow wp-block-column-is-layout-flow\">\n<div class=\"wp-block-etoro-card wp-block-etoro-card-size-small wp-block-etoro-card-thumbnail-position-side wp-block-etoro-card-default\"><img decoding=\"async\" src=\"https:\/\/www.etoro.com\/wp-content\/uploads\/2022\/12\/uk.png\" alt=\"\" class=\"wp-block-etoro-card-thumbnail\"\/><div class=\"wp-block-etoro-card-body\"><div class=\"wp-block-etoro-card-content\">\n<p><a href=\"https:\/\/help.etoro.com\/s\/article\/Tax-Report-for-UK-Residents?language=da\">Storbritannien<\/a><\/p>\n<\/div><\/div><\/div>\n<\/div>\n\n\n\n<div class=\"wp-block-column is-layout-flow wp-block-column-is-layout-flow\"><\/div>\n\n\n\n<div class=\"wp-block-column is-layout-flow wp-block-column-is-layout-flow\"><\/div>\n\n\n\n<div class=\"wp-block-column is-layout-flow wp-block-column-is-layout-flow\"><\/div>\n<\/div>\n\n\n\n<div class=\"wp-block-columns are-vertically-aligned-top wp-block-columns-1 is-layout-flex wp-container-core-columns-is-layout-10 wp-block-columns-is-layout-flex\">\n<div class=\"wp-block-column is-layout-flow wp-block-column-is-layout-flow\">\n<p><em>Al data rapporteret p\u00e5 skatteopg\u00f8relsen er udlukkende til informativ brug.<\/em><\/p>\n\n\n\n<p><em>Det er ikke tilsigtet som en skatteindberetning eller som en erstatning for juridisk r\u00e5dgivning.<\/em><\/p>\n\n\n\n<p><em>Vi anbefaler p\u00e5 det kraftigste, at du verificerer skatteopg\u00f8relsen med din skatter\u00e5dgiver.<\/em><\/p>\n\n\n\n<p><em>eToro udbyder ikke skatter\u00e5dgivning og denne side er udelukkende til informativ brug.<\/em><\/p>\n<\/div>\n<\/div>\n<\/div><\/section>\n","protected":false},"excerpt":{"rendered":"<p>eToro skatteopg\u00f8relse En detaljeret \u00e5rlig opg\u00f8relse af de relevante finansielle informationer omhandlende alle dine eToro transaktioner. Hvad er&nbsp;eToro skatteopg\u00f8relsen? eToro skatteopg\u00f8relsen er en ny service vi tilbyder vores club medlemmer. Det er en detaljeret opg\u00f8relse produceret \u00e5rligt med de relevante finansielle informationer omhandlende alle dine eToro transaktioner, inklusiv indt\u00e6gt, profit og tab i gennem skatte\u00e5ret.&hellip;<\/p>\n","protected":false},"author":75,"featured_media":0,"parent":30094,"menu_order":0,"comment_status":"closed","ping_status":"closed","template":"","meta":{"_acf_changed":false,"inline_featured_image":false,"sticky_cta_settings":"","footnotes":""},"asset_type":[],"class_list":["post-529587","page","type-page","status-publish","hentry"],"acf":[],"yoast_head":"<title>eToro skatteopg\u00f8relse<\/title>\n<meta name=\"description\" content=\"eToro skatteopg\u00f8relsen er en tjeneste, vi tilbyder vores medlemmer. Det er en \u00e5rlig rapport med de relevante \u00f8konomiske oplysninger om dine transaktioner.\" \/>\n<meta name=\"robots\" content=\"index, follow, max-snippet:-1, max-image-preview:large, max-video-preview:-1\" \/>\n<link rel=\"canonical\" href=\"https:\/\/www.etoro.com\/da-dk\/wp-json\/wp\/v2\/pages\/529587\" \/>\n<meta property=\"og:locale\" content=\"da_DK\" \/>\n<meta property=\"og:type\" content=\"article\" \/>\n<meta property=\"og:title\" content=\"eToro skatteopg\u00f8relse\" \/>\n<meta property=\"og:description\" content=\"eToro skatteopg\u00f8relsen er en tjeneste, vi tilbyder vores medlemmer. Det er en \u00e5rlig rapport med de relevante \u00f8konomiske oplysninger om dine transaktioner.\" \/>\n<meta property=\"og:url\" content=\"https:\/\/www.etoro.com\/da-dk\/wp-json\/wp\/v2\/pages\/529587\" \/>\n<meta property=\"og:site_name\" content=\"eToro\" \/>\n<meta property=\"article:publisher\" content=\"https:\/\/www.facebook.com\/eToro\/\" \/>\n<meta property=\"article:modified_time\" content=\"2026-02-11T16:49:12+00:00\" \/>\n<meta property=\"og:image\" content=\"https:\/\/www.etoro.com\/wp-content\/uploads\/2022\/10\/Image-20.png\" \/>\n\t<meta property=\"og:image:width\" content=\"576\" \/>\n\t<meta property=\"og:image:height\" content=\"394\" \/>\n\t<meta property=\"og:image:type\" content=\"image\/png\" \/>\n<meta name=\"twitter:card\" content=\"summary_large_image\" \/>\n<meta name=\"twitter:site\" content=\"@eToro\" \/>\n<meta name=\"twitter:label1\" content=\"Est. reading time\" \/>\n\t<meta name=\"twitter:data1\" content=\"2 minutes\" \/>\n<script type=\"application\/ld+json\" class=\"yoast-schema-graph\">{\"@context\":\"https:\/\/schema.org\",\"@graph\":[{\"@type\":\"WebPage\",\"@id\":\"https:\/\/www.etoro.com\/da-dk\/customer-service\/tax-report\/\",\"url\":\"https:\/\/www.etoro.com\/da-dk\/customer-service\/tax-report\/\",\"name\":\"eToro skatteopg\u00f8relse\",\"isPartOf\":{\"@id\":\"https:\/\/www.etoro.com\/da-dk\/#website\"},\"primaryImageOfPage\":{\"@id\":\"https:\/\/www.etoro.com\/da-dk\/customer-service\/tax-report\/#primaryimage\"},\"image\":{\"@id\":\"https:\/\/www.etoro.com\/da-dk\/customer-service\/tax-report\/#primaryimage\"},\"thumbnailUrl\":\"https:\/\/www.etoro.com\/wp-content\/uploads\/2022\/10\/Image-20.png\",\"datePublished\":\"2022-10-26T09:40:22+00:00\",\"dateModified\":\"2026-02-11T16:49:12+00:00\",\"description\":\"eToro skatteopg\u00f8relsen er en tjeneste, vi tilbyder vores medlemmer. Det er en \u00e5rlig rapport med de relevante \u00f8konomiske oplysninger om dine transaktioner.\",\"breadcrumb\":{\"@id\":\"https:\/\/www.etoro.com\/da-dk\/customer-service\/tax-report\/#breadcrumb\"},\"inLanguage\":\"da\",\"potentialAction\":[{\"@type\":\"ReadAction\",\"target\":[\"https:\/\/www.etoro.com\/da-dk\/customer-service\/tax-report\/\"]}]},{\"@type\":\"ImageObject\",\"inLanguage\":\"da\",\"@id\":\"https:\/\/www.etoro.com\/da-dk\/customer-service\/tax-report\/#primaryimage\",\"url\":\"https:\/\/www.etoro.com\/wp-content\/uploads\/2022\/10\/Image-20.png\",\"contentUrl\":\"https:\/\/www.etoro.com\/wp-content\/uploads\/2022\/10\/Image-20.png\"},{\"@type\":\"BreadcrumbList\",\"@id\":\"https:\/\/www.etoro.com\/da-dk\/customer-service\/tax-report\/#breadcrumb\",\"itemListElement\":[{\"@type\":\"ListItem\",\"position\":1,\"name\":\"HJEM\",\"item\":\"https:\/\/www.etoro.com\/da-dk\/\"},{\"@type\":\"ListItem\",\"position\":2,\"name\":\"KUNDESERVICE\",\"item\":\"https:\/\/www.etoro.com\/da-dk\/customer-service\/\"},{\"@type\":\"ListItem\",\"position\":3,\"name\":\"eToro skatteopg\u00f8relse\"}]},{\"@type\":\"WebSite\",\"@id\":\"https:\/\/www.etoro.com\/da-dk\/#website\",\"url\":\"https:\/\/www.etoro.com\/da-dk\/\",\"name\":\"eToro\",\"description\":\"\",\"publisher\":{\"@id\":\"https:\/\/www.etoro.com\/da-dk\/#organization\"},\"potentialAction\":[{\"@type\":\"SearchAction\",\"target\":{\"@type\":\"EntryPoint\",\"urlTemplate\":\"https:\/\/www.etoro.com\/da-dk\/?s={search_term_string}\"},\"query-input\":{\"@type\":\"PropertyValueSpecification\",\"valueRequired\":true,\"valueName\":\"search_term_string\"}}],\"inLanguage\":\"da\"},[]]}<\/script>","yoast_head_json":{"title":"eToro skatteopg\u00f8relse","description":"eToro skatteopg\u00f8relsen er en tjeneste, vi tilbyder vores medlemmer. Det er en \u00e5rlig rapport med de relevante \u00f8konomiske oplysninger om dine transaktioner.","robots":{"index":"index","follow":"follow","max-snippet":"max-snippet:-1","max-image-preview":"max-image-preview:large","max-video-preview":"max-video-preview:-1"},"canonical":"https:\/\/www.etoro.com\/da-dk\/wp-json\/wp\/v2\/pages\/529587","og_locale":"da_DK","og_type":"article","og_title":"eToro skatteopg\u00f8relse","og_description":"eToro skatteopg\u00f8relsen er en tjeneste, vi tilbyder vores medlemmer. Det er en \u00e5rlig rapport med de relevante \u00f8konomiske oplysninger om dine transaktioner.","og_url":"https:\/\/www.etoro.com\/da-dk\/wp-json\/wp\/v2\/pages\/529587","og_site_name":"eToro","article_publisher":"https:\/\/www.facebook.com\/eToro\/","article_modified_time":"2026-02-11T16:49:12+00:00","og_image":[{"width":576,"height":394,"url":"https:\/\/www.etoro.com\/wp-content\/uploads\/2022\/10\/Image-20.png","type":"image\/png"}],"twitter_card":"summary_large_image","twitter_site":"@eToro","twitter_misc":{"Est. reading time":"2 minutes"},"schema":{"@context":"https:\/\/schema.org","@graph":[{"@type":"WebPage","@id":"https:\/\/www.etoro.com\/da-dk\/customer-service\/tax-report\/","url":"https:\/\/www.etoro.com\/da-dk\/customer-service\/tax-report\/","name":"eToro skatteopg\u00f8relse","isPartOf":{"@id":"https:\/\/www.etoro.com\/da-dk\/#website"},"primaryImageOfPage":{"@id":"https:\/\/www.etoro.com\/da-dk\/customer-service\/tax-report\/#primaryimage"},"image":{"@id":"https:\/\/www.etoro.com\/da-dk\/customer-service\/tax-report\/#primaryimage"},"thumbnailUrl":"https:\/\/www.etoro.com\/wp-content\/uploads\/2022\/10\/Image-20.png","datePublished":"2022-10-26T09:40:22+00:00","dateModified":"2026-02-11T16:49:12+00:00","description":"eToro skatteopg\u00f8relsen er en tjeneste, vi tilbyder vores medlemmer. Det er en \u00e5rlig rapport med de relevante \u00f8konomiske oplysninger om dine transaktioner.","breadcrumb":{"@id":"https:\/\/www.etoro.com\/da-dk\/customer-service\/tax-report\/#breadcrumb"},"inLanguage":"da","potentialAction":[{"@type":"ReadAction","target":["https:\/\/www.etoro.com\/da-dk\/customer-service\/tax-report\/"]}]},{"@type":"ImageObject","inLanguage":"da","@id":"https:\/\/www.etoro.com\/da-dk\/customer-service\/tax-report\/#primaryimage","url":"https:\/\/www.etoro.com\/wp-content\/uploads\/2022\/10\/Image-20.png","contentUrl":"https:\/\/www.etoro.com\/wp-content\/uploads\/2022\/10\/Image-20.png"},{"@type":"BreadcrumbList","@id":"https:\/\/www.etoro.com\/da-dk\/customer-service\/tax-report\/#breadcrumb","itemListElement":[{"@type":"ListItem","position":1,"name":"HJEM","item":"https:\/\/www.etoro.com\/da-dk\/"},{"@type":"ListItem","position":2,"name":"KUNDESERVICE","item":"https:\/\/www.etoro.com\/da-dk\/customer-service\/"},{"@type":"ListItem","position":3,"name":"eToro skatteopg\u00f8relse"}]},{"@type":"WebSite","@id":"https:\/\/www.etoro.com\/da-dk\/#website","url":"https:\/\/www.etoro.com\/da-dk\/","name":"eToro","description":"","publisher":{"@id":"https:\/\/www.etoro.com\/da-dk\/#organization"},"potentialAction":[{"@type":"SearchAction","target":{"@type":"EntryPoint","urlTemplate":"https:\/\/www.etoro.com\/da-dk\/?s={search_term_string}"},"query-input":{"@type":"PropertyValueSpecification","valueRequired":true,"valueName":"search_term_string"}}],"inLanguage":"da"},[]]}},"_links":{"self":[{"href":"https:\/\/www.etoro.com\/da-dk\/wp-json\/wp\/v2\/pages\/529587"}],"collection":[{"href":"https:\/\/www.etoro.com\/da-dk\/wp-json\/wp\/v2\/pages"}],"about":[{"href":"https:\/\/www.etoro.com\/da-dk\/wp-json\/wp\/v2\/types\/page"}],"author":[{"embeddable":true,"href":"https:\/\/www.etoro.com\/da-dk\/wp-json\/wp\/v2\/users\/75"}],"replies":[{"embeddable":true,"href":"https:\/\/www.etoro.com\/da-dk\/wp-json\/wp\/v2\/comments?post=529587"}],"version-history":[{"count":0,"href":"https:\/\/www.etoro.com\/da-dk\/wp-json\/wp\/v2\/pages\/529587\/revisions"}],"up":[{"embeddable":true,"href":"https:\/\/www.etoro.com\/da-dk\/wp-json\/wp\/v2\/pages\/30094"}],"wp:attachment":[{"href":"https:\/\/www.etoro.com\/da-dk\/wp-json\/wp\/v2\/media?parent=529587"}],"wp:term":[{"taxonomy":"asset_type","embeddable":true,"href":"https:\/\/www.etoro.com\/da-dk\/wp-json\/wp\/v2\/asset_type?post=529587"}],"curies":[{"name":"wp","href":"https:\/\/api.w.org\/{rel}","templated":true}]}}