{"id":648832,"date":"2023-06-14T10:45:54","date_gmt":"2023-06-14T07:45:54","guid":{"rendered":"https:\/\/www.etoro.com\/crypto\/wallet-fees\/"},"modified":"2026-04-06T11:30:46","modified_gmt":"2026-04-06T08:30:46","slug":"fees","status":"publish","type":"page","link":"https:\/\/www.etoro.com\/da-dk\/crypto\/wallet\/fees\/","title":{"rendered":"Wallet fees"},"content":{"rendered":"\n<section class=\"wp-block-group wp-block-group-boxed\"><div class=\"wp-block-group-inner is-layout-flow wp-block-group-is-layout-flow\">\n<div class=\"wp-block-columns are-vertically-aligned-top wp-block-columns-1 is-layout-flex wp-container-core-columns-is-layout-1 wp-block-columns-is-layout-flex\">\n<div class=\"wp-block-column is-layout-flow wp-block-column-is-layout-flow\">\n<h3 class=\"wp-block-heading\"><strong>Send\/Modtag gebyrer<\/strong><\/h3>\n\n\n\n<p>Der opkr\u00e6ves et gebyr, n\u00e5r du overf\u00f8rer dine kryptoaktiver til din eToro kryptowallet.<\/p>\n\n\n\n<ul class=\"wp-block-list wp-block-list wp-block-list-circle\">\n<li>Hvis du overf\u00f8rer kryptoaktiver fra eToros platformen p\u00e5l\u00e6gges et gebyr p\u00e5 2%.<\/li>\n\n\n\n<li>Hvis du overf\u00f8rer kryptoaktiver fra eller til en ekstern kilde, opkr\u00e6ver eToro ikke noget gebyr. Det eneste gebyr, der opkr\u00e6ves, er blockchain-gebyret.<\/li>\n<\/ul>\n\n\n\n<p>Bem\u00e6rk: Der er et minimum\/maksimum for gebyret, som du kan l\u00e6se mere om <a href=\"https:\/\/www.etoro.com\/da-dk\/crypto\/coin-transfer\/\">her<\/a>.<\/p>\n\n\n\n<h3 class=\"wp-block-heading\"><strong>Transaktionsgr\u00e6nser p\u00e5 forsendelser<\/strong><\/h3>\n\n\n\n<p>Transaktioner for alle de underst\u00f8ttede kryptoaktiver har et tilladt maksimum p\u00e5 $50.000 per transaktion samt en samlet daglig maksimumgr\u00e6nse p\u00e5 $200.000.<\/p>\n\n\n\n<h3 class=\"wp-block-heading\"><strong>Selling crypto for GBP\/EUR\/AUD<\/strong><\/h3>\n\n\n\n<p>Der opkr\u00e6ves et gebyr, n\u00e5r du s\u00e6lger krypto for GBP, EUR, AUD eller USD i eToros kryptowallet.<\/p>\n\n\n\n<p>Du vil f\u00e5 vist et estimeret gebyr, inden du gennemf\u00f8rer salget.<\/p>\n\n\n\n<p>Club-rabat:<\/p>\n\n\n\n<figure class=\"wp-block-table\"><div class=\"wp-block-table-content\"><div class=\"wp-block-table-content-nav wp-block-table-content-nav-left\"><div class=\"wp-block-table-content-nav-arrow wp-block-table-content-nav-arrow-left\"><\/div><\/div><div class=\"wp-block-table-content-nav wp-block-table-content-nav-right\"><div class=\"wp-block-table-content-nav-arrow wp-block-table-content-nav-arrow-right\"><\/div><\/div><div class=\"wp-block-table-content-table\"><table class=\"has-fixed-layout\"><thead><tr><th class=\"has-text-align-center\" data-align=\"center\"><strong>Silver<\/strong><\/th><th class=\"has-text-align-center\" data-align=\"center\"><strong>Gold &amp; Platinum<\/strong><\/th><th class=\"has-text-align-center\" data-align=\"center\"><strong>Platinum+ &amp; Diamond<\/strong><\/th><\/tr><\/thead><tbody><tr><td class=\"has-text-align-center\" data-align=\"center\">1%<\/td><td class=\"has-text-align-center\" data-align=\"center\">20% rabat (0.8%)<\/td><td class=\"has-text-align-center\" data-align=\"center\">40% rabat (0.6%)<\/td><\/tr><\/tbody><\/table><\/div><\/div><\/figure>\n\n\n\n<p><a href=\"https:\/\/www.etoro.com\/da-dk\/trading\/fees\/\">Siden for eToros gebyrer<\/a><\/p>\n\n\n\n<h3 class=\"wp-block-heading\"><strong>Ethereum og ERC20 transaktioner<\/strong><\/h3>\n\n\n\n<p>For at sikre at dine aktiver er i sikkerhed, er eToro&#8217;s kryptowallet baseret p\u00e5 en multi-sig l\u00f8sning, der benytter smart contracts for at facilitere overf\u00f8rslerne p\u00e5 ethereum netv\u00e6rket. Desv\u00e6rre er det ikke alle wallet-udbydere eller b\u00f8rser, der underst\u00f8tte muligheden for at sende og modtage via smart kontrakter. S\u00f8rg venligst for, at adresse udbyderen p\u00e5 den modtagende side underst\u00f8tter ETH &amp; ERC20 transaktioner sendt fra multi-signatur adresser. Hvis der opst\u00e5r problemer, skulle den modtagende parts udbyder blive kontaktet.<\/p>\n\n\n\n<h3 class=\"wp-block-heading\"><strong>XRP wallet oprettelse<\/strong><\/h3>\n\n\n\n<p>\u00c5bning af en XRP wallet er i \u00f8jeblikket aktiveret som en del af overf\u00f8rselsprocessen og er fri for oprettelsesgebyrer for XRP-pung.<\/p>\n\n\n\n<h3 class=\"wp-block-heading\"><strong>XLM Wallet oprettelse<\/strong><\/h3>\n\n\n\n<p>Stellar blockchain kr\u00e6ver et minimum indskud p\u00e5 2,5 XLM for aktivering af en XLM-pung. N\u00e5r den er deponeret, aktiveres den p\u00e5g\u00e6ldende wallet, og du kan se wallet p\u00e5 Stellar blockchain.<\/p>\n\n\n\n<h3 class=\"wp-block-heading\"><strong>ETH Wallet oprettelse<\/strong><\/h3>\n\n\n\n<p>Oprettelse af en ETH-pung er i \u00f8jeblikket aktiveret som en del af overf\u00f8rselsprocessen af m\u00f8nter og er fri for oprettelsesgebyrer. ERC20-tokens underst\u00f8ttes for brugere, der allerede har s\u00e5danne wallets.<\/p>\n\n\n\n<p>Nye ERC20 wallets er p\u00e5 nuv\u00e6rende tidspunkt ikke tilg\u00e6ngelige.<\/p>\n\n\n\n<p>Se vilk\u00e5r &amp; betingelser for walleten <a class=\"link\" href=\"https:\/\/www.etoro.com\/customer-service\/terms-conditions\/#etoro-money:~:text=eToro%20Money%20crypto%20wallet\">her<\/a>.<\/p>\n\n\n\n<p>Walleten leveres af eToroX Limited (&#8220;eToroX&#8221;), et selskab med begr\u00e6nset ansvar, der er stiftet i Gibraltar med registreringsnummer 116348 og med hovedkontor p\u00e5 57\/63 Line Wall Road, Gibraltar. eToroX er en reguleret DLT-udbyder med licens fra Gibraltar Financial Services Commission i henhold til Investments and Financial Fiduciary Services Act med licensnummer FSC1333B.<\/p>\n<\/div>\n<\/div>\n<\/div><\/section>\n","protected":false},"excerpt":{"rendered":"<p>Send\/Modtag gebyrer Der opkr\u00e6ves et gebyr, n\u00e5r du overf\u00f8rer dine kryptoaktiver til din eToro kryptowallet. Bem\u00e6rk: Der er et minimum\/maksimum for gebyret, som du kan l\u00e6se mere om her. Transaktionsgr\u00e6nser p\u00e5 forsendelser Transaktioner for alle de underst\u00f8ttede kryptoaktiver har et tilladt maksimum p\u00e5 $50.000 per transaktion samt en samlet daglig maksimumgr\u00e6nse p\u00e5 $200.000. Selling crypto&hellip;<\/p>\n","protected":false},"author":75,"featured_media":623875,"parent":128998,"menu_order":0,"comment_status":"closed","ping_status":"closed","template":"","meta":{"_acf_changed":false,"inline_featured_image":false,"sticky_cta_settings":"","footnotes":""},"asset_type":[],"class_list":["post-648832","page","type-page","status-publish","has-post-thumbnail","hentry"],"acf":[],"yoast_head":"<title>Gebyr p\u00e5 eToro Krypto Wallet<\/title>\n<meta name=\"description\" content=\"En omfattende forklaring af eToro krypto wallet gebyrer, herunder konvertering, transaktionsgr\u00e6nser og generel\/specifik oprettelse af wallet.\" \/>\n<meta name=\"robots\" content=\"index, follow, max-snippet:-1, max-image-preview:large, max-video-preview:-1\" \/>\n<link rel=\"canonical\" href=\"https:\/\/www.etoro.com\/da-dk\/wp-json\/wp\/v2\/pages\/648832\" \/>\n<meta property=\"og:locale\" content=\"da_DK\" \/>\n<meta property=\"og:type\" content=\"article\" \/>\n<meta property=\"og:title\" content=\"Gebyr p\u00e5 eToro Krypto Wallet\" \/>\n<meta property=\"og:description\" content=\"En omfattende forklaring af eToro krypto wallet gebyrer, herunder konvertering, transaktionsgr\u00e6nser og generel\/specifik oprettelse af wallet.\" \/>\n<meta property=\"og:url\" content=\"https:\/\/www.etoro.com\/da-dk\/wp-json\/wp\/v2\/pages\/648832\" \/>\n<meta property=\"og:site_name\" content=\"eToro\" \/>\n<meta property=\"article:publisher\" content=\"https:\/\/www.facebook.com\/eToro\/\" \/>\n<meta property=\"article:modified_time\" content=\"2026-04-06T08:30:46+00:00\" \/>\n<meta property=\"og:image\" content=\"https:\/\/www.etoro.com\/wp-content\/uploads\/2023\/06\/Wallet-fees.jpg\" \/>\n\t<meta property=\"og:image:width\" content=\"1200\" \/>\n\t<meta property=\"og:image:height\" content=\"630\" \/>\n\t<meta property=\"og:image:type\" content=\"image\/jpeg\" \/>\n<meta name=\"twitter:card\" content=\"summary_large_image\" \/>\n<meta name=\"twitter:site\" content=\"@eToro\" \/>\n<meta name=\"twitter:label1\" content=\"Est. reading time\" \/>\n\t<meta name=\"twitter:data1\" content=\"2 minutes\" \/>\n<script type=\"application\/ld+json\" class=\"yoast-schema-graph\">{\"@context\":\"https:\/\/schema.org\",\"@graph\":[{\"@type\":\"WebPage\",\"@id\":\"https:\/\/www.etoro.com\/da-dk\/crypto\/wallet\/fees\/\",\"url\":\"https:\/\/www.etoro.com\/da-dk\/crypto\/wallet\/fees\/\",\"name\":\"Gebyr p\u00e5 eToro Krypto Wallet\",\"isPartOf\":{\"@id\":\"https:\/\/www.etoro.com\/da-dk\/#website\"},\"primaryImageOfPage\":{\"@id\":\"https:\/\/www.etoro.com\/da-dk\/crypto\/wallet\/fees\/#primaryimage\"},\"image\":{\"@id\":\"https:\/\/www.etoro.com\/da-dk\/crypto\/wallet\/fees\/#primaryimage\"},\"thumbnailUrl\":\"https:\/\/www.etoro.com\/wp-content\/uploads\/2023\/06\/Wallet-fees.jpg\",\"datePublished\":\"2023-06-14T07:45:54+00:00\",\"dateModified\":\"2026-04-06T08:30:46+00:00\",\"description\":\"En omfattende forklaring af eToro krypto wallet gebyrer, herunder konvertering, transaktionsgr\u00e6nser og generel\/specifik oprettelse af wallet.\",\"breadcrumb\":{\"@id\":\"https:\/\/www.etoro.com\/da-dk\/crypto\/wallet\/fees\/#breadcrumb\"},\"inLanguage\":\"da\",\"potentialAction\":[{\"@type\":\"ReadAction\",\"target\":[\"https:\/\/www.etoro.com\/da-dk\/crypto\/wallet\/fees\/\"]}]},{\"@type\":\"ImageObject\",\"inLanguage\":\"da\",\"@id\":\"https:\/\/www.etoro.com\/da-dk\/crypto\/wallet\/fees\/#primaryimage\",\"url\":\"https:\/\/www.etoro.com\/wp-content\/uploads\/2023\/06\/Wallet-fees.jpg\",\"contentUrl\":\"https:\/\/www.etoro.com\/wp-content\/uploads\/2023\/06\/Wallet-fees.jpg\",\"width\":1200,\"height\":630,\"caption\":\"Wallet Fees\"},{\"@type\":\"BreadcrumbList\",\"@id\":\"https:\/\/www.etoro.com\/da-dk\/crypto\/wallet\/fees\/#breadcrumb\",\"itemListElement\":[{\"@type\":\"ListItem\",\"position\":1,\"name\":\"HJEM\",\"item\":\"https:\/\/www.etoro.com\/da-dk\/\"},{\"@type\":\"ListItem\",\"position\":2,\"name\":\"One-stop crypto\",\"item\":\"https:\/\/www.etoro.com\/da-dk\/crypto\/\"},{\"@type\":\"ListItem\",\"position\":3,\"name\":\"Wallet\",\"item\":\"https:\/\/www.etoro.com\/da-dk\/crypto\/wallet\/\"},{\"@type\":\"ListItem\",\"position\":4,\"name\":\"Wallet fees\"}]},{\"@type\":\"WebSite\",\"@id\":\"https:\/\/www.etoro.com\/da-dk\/#website\",\"url\":\"https:\/\/www.etoro.com\/da-dk\/\",\"name\":\"eToro\",\"description\":\"\",\"publisher\":{\"@id\":\"https:\/\/www.etoro.com\/da-dk\/#organization\"},\"potentialAction\":[{\"@type\":\"SearchAction\",\"target\":{\"@type\":\"EntryPoint\",\"urlTemplate\":\"https:\/\/www.etoro.com\/da-dk\/?s={search_term_string}\"},\"query-input\":{\"@type\":\"PropertyValueSpecification\",\"valueRequired\":true,\"valueName\":\"search_term_string\"}}],\"inLanguage\":\"da\"},[]]}<\/script>","yoast_head_json":{"title":"Gebyr p\u00e5 eToro Krypto Wallet","description":"En omfattende forklaring af eToro krypto wallet gebyrer, herunder konvertering, transaktionsgr\u00e6nser og generel\/specifik oprettelse af wallet.","robots":{"index":"index","follow":"follow","max-snippet":"max-snippet:-1","max-image-preview":"max-image-preview:large","max-video-preview":"max-video-preview:-1"},"canonical":"https:\/\/www.etoro.com\/da-dk\/wp-json\/wp\/v2\/pages\/648832","og_locale":"da_DK","og_type":"article","og_title":"Gebyr p\u00e5 eToro Krypto Wallet","og_description":"En omfattende forklaring af eToro krypto wallet gebyrer, herunder konvertering, transaktionsgr\u00e6nser og generel\/specifik oprettelse af wallet.","og_url":"https:\/\/www.etoro.com\/da-dk\/wp-json\/wp\/v2\/pages\/648832","og_site_name":"eToro","article_publisher":"https:\/\/www.facebook.com\/eToro\/","article_modified_time":"2026-04-06T08:30:46+00:00","og_image":[{"width":1200,"height":630,"url":"https:\/\/www.etoro.com\/wp-content\/uploads\/2023\/06\/Wallet-fees.jpg","type":"image\/jpeg"}],"twitter_card":"summary_large_image","twitter_site":"@eToro","twitter_misc":{"Est. reading time":"2 minutes"},"schema":{"@context":"https:\/\/schema.org","@graph":[{"@type":"WebPage","@id":"https:\/\/www.etoro.com\/da-dk\/crypto\/wallet\/fees\/","url":"https:\/\/www.etoro.com\/da-dk\/crypto\/wallet\/fees\/","name":"Gebyr p\u00e5 eToro Krypto Wallet","isPartOf":{"@id":"https:\/\/www.etoro.com\/da-dk\/#website"},"primaryImageOfPage":{"@id":"https:\/\/www.etoro.com\/da-dk\/crypto\/wallet\/fees\/#primaryimage"},"image":{"@id":"https:\/\/www.etoro.com\/da-dk\/crypto\/wallet\/fees\/#primaryimage"},"thumbnailUrl":"https:\/\/www.etoro.com\/wp-content\/uploads\/2023\/06\/Wallet-fees.jpg","datePublished":"2023-06-14T07:45:54+00:00","dateModified":"2026-04-06T08:30:46+00:00","description":"En omfattende forklaring af eToro krypto wallet gebyrer, herunder konvertering, transaktionsgr\u00e6nser og generel\/specifik oprettelse af wallet.","breadcrumb":{"@id":"https:\/\/www.etoro.com\/da-dk\/crypto\/wallet\/fees\/#breadcrumb"},"inLanguage":"da","potentialAction":[{"@type":"ReadAction","target":["https:\/\/www.etoro.com\/da-dk\/crypto\/wallet\/fees\/"]}]},{"@type":"ImageObject","inLanguage":"da","@id":"https:\/\/www.etoro.com\/da-dk\/crypto\/wallet\/fees\/#primaryimage","url":"https:\/\/www.etoro.com\/wp-content\/uploads\/2023\/06\/Wallet-fees.jpg","contentUrl":"https:\/\/www.etoro.com\/wp-content\/uploads\/2023\/06\/Wallet-fees.jpg","width":1200,"height":630,"caption":"Wallet Fees"},{"@type":"BreadcrumbList","@id":"https:\/\/www.etoro.com\/da-dk\/crypto\/wallet\/fees\/#breadcrumb","itemListElement":[{"@type":"ListItem","position":1,"name":"HJEM","item":"https:\/\/www.etoro.com\/da-dk\/"},{"@type":"ListItem","position":2,"name":"One-stop crypto","item":"https:\/\/www.etoro.com\/da-dk\/crypto\/"},{"@type":"ListItem","position":3,"name":"Wallet","item":"https:\/\/www.etoro.com\/da-dk\/crypto\/wallet\/"},{"@type":"ListItem","position":4,"name":"Wallet fees"}]},{"@type":"WebSite","@id":"https:\/\/www.etoro.com\/da-dk\/#website","url":"https:\/\/www.etoro.com\/da-dk\/","name":"eToro","description":"","publisher":{"@id":"https:\/\/www.etoro.com\/da-dk\/#organization"},"potentialAction":[{"@type":"SearchAction","target":{"@type":"EntryPoint","urlTemplate":"https:\/\/www.etoro.com\/da-dk\/?s={search_term_string}"},"query-input":{"@type":"PropertyValueSpecification","valueRequired":true,"valueName":"search_term_string"}}],"inLanguage":"da"},[]]}},"_links":{"self":[{"href":"https:\/\/www.etoro.com\/da-dk\/wp-json\/wp\/v2\/pages\/648832"}],"collection":[{"href":"https:\/\/www.etoro.com\/da-dk\/wp-json\/wp\/v2\/pages"}],"about":[{"href":"https:\/\/www.etoro.com\/da-dk\/wp-json\/wp\/v2\/types\/page"}],"author":[{"embeddable":true,"href":"https:\/\/www.etoro.com\/da-dk\/wp-json\/wp\/v2\/users\/75"}],"replies":[{"embeddable":true,"href":"https:\/\/www.etoro.com\/da-dk\/wp-json\/wp\/v2\/comments?post=648832"}],"version-history":[{"count":0,"href":"https:\/\/www.etoro.com\/da-dk\/wp-json\/wp\/v2\/pages\/648832\/revisions"}],"up":[{"embeddable":true,"href":"https:\/\/www.etoro.com\/da-dk\/wp-json\/wp\/v2\/pages\/128998"}],"wp:featuredmedia":[{"embeddable":true,"href":"https:\/\/www.etoro.com\/da-dk\/wp-json\/wp\/v2\/media\/623875"}],"wp:attachment":[{"href":"https:\/\/www.etoro.com\/da-dk\/wp-json\/wp\/v2\/media?parent=648832"}],"wp:term":[{"taxonomy":"asset_type","embeddable":true,"href":"https:\/\/www.etoro.com\/da-dk\/wp-json\/wp\/v2\/asset_type?post=648832"}],"curies":[{"name":"wp","href":"https:\/\/api.w.org\/{rel}","templated":true}]}}