{"id":673576,"date":"2023-07-26T16:17:58","date_gmt":"2023-07-26T13:17:58","guid":{"rendered":"https:\/\/www.etoro.com\/customer-service\/trading-restriction\/"},"modified":"2023-10-19T17:52:35","modified_gmt":"2023-10-19T14:52:35","slug":"trading-restriction","status":"publish","type":"page","link":"https:\/\/www.etoro.com\/da-dk\/customer-service\/terms-conditions\/trading-restriction\/","title":{"rendered":"Handelsopdatering"},"content":{"rendered":"\n<section class=\"wp-block-group wp-block-group-boxed has-white-background-color has-background\"><div class=\"wp-block-group-inner is-layout-flow wp-block-group-is-layout-flow\">\n<div class=\"wp-block-columns are-vertically-aligned-top wp-block-columns-1 wp-block-columns-size-14 is-layout-flex wp-container-core-columns-is-layout-1 wp-block-columns-is-layout-flex\">\n<div class=\"wp-block-column wp-block-column-align-desktop-center wp-block-column-align-mobile-left is-layout-flow wp-block-column-is-layout-flow\">\n<h2 class=\"wp-block-heading has-text-align-center\">Restriktioner for handel med kryptovaluta<\/h2>\n\n\n\n<p class=\"has-text-align-center\">P\u00e5 grund af muligheden for tab anser Financial Conduct Authority (FCA) denne investering for at v\u00e6re h\u00f8j risiko.<\/p>\n<\/div>\n<\/div>\n<\/div><\/section>\n\n\n\n<section class=\"wp-block-group wp-block-group-boxed\"><div class=\"wp-block-group-inner is-layout-flow wp-block-group-is-layout-flow\">\n<div class=\"wp-block-columns are-vertically-aligned-top wp-block-columns-1 wp-block-columns-size-14 is-layout-flex wp-container-core-columns-is-layout-2 wp-block-columns-is-layout-flex\">\n<div class=\"wp-block-column is-layout-flow wp-block-column-is-layout-flow\">\n<h2 class=\"wp-block-heading\">Hvad er de <strong>prim\u00e6re risici<\/strong>?<\/h2>\n\n\n\n<h3 class=\"wp-block-heading\">1. Du kan risikere at miste alle dine investerede penge<\/h3>\n\n\n\n<ul class=\"wp-block-list wp-block-list-circle\">\n<li>Mange kryptovalutaer har en yderst volatil karakter, og deres v\u00e6rdi kan falde lige s\u00e5 hurtigt som den kan stige. Du b\u00f8r v\u00e6re indstillet p\u00e5, at du kan risikere at miste alle penge, du investerer i kryptovaluta.<\/li>\n\n\n\n<li>Markedet for kryptovaluta er i stor grad ureguleret. Der er risiko for at miste penge eller eventuelle kryptoaktiver, du har k\u00f8bt, grundet risici som cyberangreb, \u00f8konomisk kriminalitet og virksomhedslukning<\/li>\n<\/ul>\n<\/div>\n<\/div>\n<\/div><\/section>\n\n\n\n<section class=\"wp-block-group wp-block-group-boxed has-white-background-color has-background\"><div class=\"wp-block-group-inner is-layout-flow wp-block-group-is-layout-flow\">\n<div class=\"wp-block-columns are-vertically-aligned-top wp-block-columns-1 wp-block-columns-size-14 is-layout-flex wp-container-core-columns-is-layout-3 wp-block-columns-is-layout-flex\">\n<div class=\"wp-block-column is-layout-flow wp-block-column-is-layout-flow\">\n<h3 class=\"wp-block-heading\">2. Forvent ikke beskyttelse, hvis noget g\u00e5r galt<\/h3>\n\n\n\n<ul class=\"wp-block-list wp-block-list-circle\">\n<li>Det britiske Financial Services Compensation Scheme (FSCS) d\u00e6kker ikke denne type investering, da den ikke er en &#8216;specificeret investering&#8217; under det britiske regulative system \u2013 med andre ord er denne type investering ikke anerkendt som en investering, som FSCS kan beskytte. Du kan l\u00e6re mere ved at bruge FSCS&#8217;s investeringsbeskyttelsesoversigt her. [<a href=\"https:\/\/www.fscs.org.uk\/check\/investment-protection-checker\" rel=\"nofollow noopener noreferrer\" >https:\/\/www.fscs.org.uk\/check\/investment-protection-checker<\/a>].<\/li>\n\n\n\n<li>Finansombudsmandstjenesten (FOS) vil ikke kunne behandle klager relateret til dette firma, og beskyttelse fra Finansombudsmandstjenesten (FOS) d\u00e6kker ikke d\u00e5rlig investeringsperformance. Hvis du har en klage over et FCA-reguleret firma, kan FOS muligvis behandle den. L\u00e6r mere om FOS beskyttelse her. [<a href=\"https:\/\/www.financial-ombudsman.org.uk\/consumers\" rel=\"nofollow noopener noreferrer\" >https:\/\/www.financial-ombudsman.org.uk\/consumers<\/a>].<\/li>\n<\/ul>\n<\/div>\n<\/div>\n<\/div><\/section>\n\n\n\n<section class=\"wp-block-group wp-block-group-boxed\"><div class=\"wp-block-group-inner is-layout-flow wp-block-group-is-layout-flow\">\n<div class=\"wp-block-columns are-vertically-aligned-top wp-block-columns-1 wp-block-columns-size-14 is-layout-flex wp-container-core-columns-is-layout-4 wp-block-columns-is-layout-flex\">\n<div class=\"wp-block-column is-layout-flow wp-block-column-is-layout-flow\">\n<h3 class=\"wp-block-heading\">3. Du kan ikke n\u00f8dvendigvis s\u00e6lge din investering, n\u00e5r du \u00f8nsker det<\/h3>\n\n\n\n<ul class=\"wp-block-list wp-block-list-circle\">\n<li>Der er ingen garanti for, at investeringer i kryptovaluta kan s\u00e6lges nemt p\u00e5 ethvert givet tidspunkt. Muligheden for at s\u00e6lge et kryptoaktiv afh\u00e6nger af forskellige faktorer, herunder udbud og eftersp\u00f8rgsel p\u00e5 markedet p\u00e5 det p\u00e5g\u00e6ldende tidspunkt.<\/li>\n\n\n\n<li>Operationelle fejl som teknologi-nedbrud, cyberangreb og sammenblanding af midler kan for\u00e5rsage u\u00f8nskede forsinkelser, og du kan v\u00e6re ude af stand til at s\u00e6lge dine kryptoaktiver, n\u00e5r du \u00f8nsker det.<\/li>\n<\/ul>\n<\/div>\n<\/div>\n<\/div><\/section>\n\n\n\n<section class=\"wp-block-group wp-block-group-boxed has-white-background-color has-background\"><div class=\"wp-block-group-inner is-layout-flow wp-block-group-is-layout-flow\">\n<div class=\"wp-block-columns are-vertically-aligned-top wp-block-columns-1 wp-block-columns-size-14 is-layout-flex wp-container-core-columns-is-layout-5 wp-block-columns-is-layout-flex\">\n<div class=\"wp-block-column is-layout-flow wp-block-column-is-layout-flow\">\n<h3 class=\"wp-block-heading\">4. Investeringer i kryptoaktiver kan v\u00e6re komplekse<\/h3>\n\n\n\n<ul class=\"wp-block-list wp-block-list-circle\">\n<li>Investeringer i kryptoaktiver kan v\u00e6re komplekse, hvilket g\u00f8r det sv\u00e6rt at forst\u00e5 de risici, der er forbundet med investeringen.<\/li>\n\n\n\n<li>Du b\u00f8r foretage din egen research f\u00f8r investering. Hvis noget lyder for godt til at v\u00e6re sandt, er det det sandsynligvis ogs\u00e5.<\/li>\n<\/ul>\n<\/div>\n<\/div>\n<\/div><\/section>\n\n\n\n<section class=\"wp-block-group wp-block-group-boxed\"><div class=\"wp-block-group-inner is-layout-flow wp-block-group-is-layout-flow\">\n<div class=\"wp-block-columns are-vertically-aligned-top wp-block-columns-1 wp-block-columns-size-14 is-layout-flex wp-container-core-columns-is-layout-6 wp-block-columns-is-layout-flex\">\n<div class=\"wp-block-column is-layout-flow wp-block-column-is-layout-flow\">\n<h3 class=\"wp-block-heading\">5. L\u00e6g ikke alle dine \u00e6g i \u00e9n kurv<\/h3>\n\n\n\n<ul class=\"wp-block-list wp-block-list-circle\">\n<li>At l\u00e6gge alle dine penge i en enkelt type investering er risikabelt. Ved at sprede dine penge over forskellige investeringer bliver du mindre afh\u00e6ngig af en enkelt investerings succes.<\/li>\n\n\n\n<li>En god tommelfingerregel er ikke at investere mere end 10% af dine penge i h\u00f8jrisikoinvesteringer. [<a href=\"https:\/\/www.fca.org.uk\/investsmart\/5-questions-ask-you-invest\" rel=\"nofollow noopener noreferrer\" >https:\/\/www.fca.org.uk\/investsmart\/5-questions-ask-you-invest<\/a>]<\/li>\n<\/ul>\n\n\n\n<p class=\"is-style-default\">Hvis du er interesseret i at l\u00e6re mere om, hvordan du kan beskytte dig selv, bes\u00f8g FCA&#8217;s hjemmeside. [<a href=\"https:\/\/www.fca.org.uk\/investsmart\" rel=\"nofollow noopener noreferrer\" >https:\/\/www.fca.org.uk\/investsmart<\/a>]<\/p>\n\n\n\n<p class=\"is-style-default\">For yderligere information om kryptoaktiver, bes\u00f8g FCA&#8217;s hjemmeside. [<a href=\"https:\/\/www.fca.org.uk\/investsmart\/crypto-basics\" rel=\"nofollow noopener noreferrer\" >https:\/\/www.fca.org.uk\/investsmart\/crypto-basics<\/a>]<\/p>\n<\/div>\n<\/div>\n<\/div><\/section>\n","protected":false},"excerpt":{"rendered":"<p>Restriktioner for handel med kryptovaluta P\u00e5 grund af muligheden for tab anser Financial Conduct Authority (FCA) denne investering for at v\u00e6re h\u00f8j risiko. Hvad er de prim\u00e6re risici? 1. Du kan risikere at miste alle dine investerede penge 2. Forvent ikke beskyttelse, hvis noget g\u00e5r galt 3. Du kan ikke n\u00f8dvendigvis s\u00e6lge din investering, n\u00e5r&hellip;<\/p>\n","protected":false},"author":119,"featured_media":673673,"parent":30112,"menu_order":0,"comment_status":"closed","ping_status":"closed","template":"","meta":{"_acf_changed":false,"inline_featured_image":false,"sticky_cta_settings":"","footnotes":""},"asset_type":[],"class_list":["post-673576","page","type-page","status-publish","has-post-thumbnail","hentry"],"acf":[],"yoast_head":"<title>Handelsopdatering - eToro<\/title>\n<meta name=\"robots\" content=\"noindex, nofollow\" \/>\n<meta property=\"og:locale\" content=\"da_DK\" \/>\n<meta property=\"og:type\" content=\"article\" \/>\n<meta property=\"og:title\" content=\"Handelsopdatering - eToro\" \/>\n<meta property=\"og:description\" content=\"Restriktioner for handel med kryptovaluta P\u00e5 grund af muligheden for tab anser Financial Conduct Authority (FCA) denne investering for at v\u00e6re h\u00f8j risiko. Hvad er de prim\u00e6re risici? 1. Du kan risikere at miste alle dine investerede penge 2. Forvent ikke beskyttelse, hvis noget g\u00e5r galt 3. Du kan ikke n\u00f8dvendigvis s\u00e6lge din investering, n\u00e5r&hellip;\" \/>\n<meta property=\"og:url\" content=\"https:\/\/www.etoro.com\/da-dk\/wp-json\/wp\/v2\/pages\/673576\" \/>\n<meta property=\"og:site_name\" content=\"eToro\" \/>\n<meta property=\"article:publisher\" content=\"https:\/\/www.facebook.com\/eToro\/\" \/>\n<meta property=\"article:modified_time\" content=\"2023-10-19T14:52:35+00:00\" \/>\n<meta property=\"og:image\" content=\"https:\/\/www.etoro.com\/wp-content\/uploads\/2023\/08\/Featured-image-1200x630-1.png\" \/>\n\t<meta property=\"og:image:width\" content=\"1200\" \/>\n\t<meta property=\"og:image:height\" content=\"630\" \/>\n\t<meta property=\"og:image:type\" content=\"image\/png\" \/>\n<meta name=\"twitter:card\" content=\"summary_large_image\" \/>\n<meta name=\"twitter:site\" content=\"@eToro\" \/>\n<meta name=\"twitter:label1\" content=\"Est. reading time\" \/>\n\t<meta name=\"twitter:data1\" content=\"2 minutes\" \/>\n<script type=\"application\/ld+json\" class=\"yoast-schema-graph\">{\"@context\":\"https:\/\/schema.org\",\"@graph\":[{\"@type\":\"WebPage\",\"@id\":\"https:\/\/www.etoro.com\/da-dk\/customer-service\/terms-conditions\/trading-restriction\/\",\"url\":\"https:\/\/www.etoro.com\/da-dk\/customer-service\/terms-conditions\/trading-restriction\/\",\"name\":\"Handelsopdatering - eToro\",\"isPartOf\":{\"@id\":\"https:\/\/www.etoro.com\/da-dk\/#website\"},\"primaryImageOfPage\":{\"@id\":\"https:\/\/www.etoro.com\/da-dk\/customer-service\/terms-conditions\/trading-restriction\/#primaryimage\"},\"image\":{\"@id\":\"https:\/\/www.etoro.com\/da-dk\/customer-service\/terms-conditions\/trading-restriction\/#primaryimage\"},\"thumbnailUrl\":\"https:\/\/www.etoro.com\/wp-content\/uploads\/2023\/08\/Featured-image-1200x630-1.png\",\"datePublished\":\"2023-07-26T13:17:58+00:00\",\"dateModified\":\"2023-10-19T14:52:35+00:00\",\"breadcrumb\":{\"@id\":\"https:\/\/www.etoro.com\/da-dk\/customer-service\/terms-conditions\/trading-restriction\/#breadcrumb\"},\"inLanguage\":\"da\",\"potentialAction\":[{\"@type\":\"ReadAction\",\"target\":[\"https:\/\/www.etoro.com\/da-dk\/customer-service\/terms-conditions\/trading-restriction\/\"]}]},{\"@type\":\"ImageObject\",\"inLanguage\":\"da\",\"@id\":\"https:\/\/www.etoro.com\/da-dk\/customer-service\/terms-conditions\/trading-restriction\/#primaryimage\",\"url\":\"https:\/\/www.etoro.com\/wp-content\/uploads\/2023\/08\/Featured-image-1200x630-1.png\",\"contentUrl\":\"https:\/\/www.etoro.com\/wp-content\/uploads\/2023\/08\/Featured-image-1200x630-1.png\",\"width\":1200,\"height\":630,\"caption\":\"Trading Update\"},{\"@type\":\"BreadcrumbList\",\"@id\":\"https:\/\/www.etoro.com\/da-dk\/customer-service\/terms-conditions\/trading-restriction\/#breadcrumb\",\"itemListElement\":[{\"@type\":\"ListItem\",\"position\":1,\"name\":\"HJEM\",\"item\":\"https:\/\/www.etoro.com\/da-dk\/\"},{\"@type\":\"ListItem\",\"position\":2,\"name\":\"KUNDESERVICE\",\"item\":\"https:\/\/www.etoro.com\/da-dk\/customer-service\/\"},{\"@type\":\"ListItem\",\"position\":3,\"name\":\"VILK\u00c5R OG BETINGELSER\",\"item\":\"https:\/\/www.etoro.com\/da-dk\/customer-service\/terms-conditions\/\"},{\"@type\":\"ListItem\",\"position\":4,\"name\":\"Handelsopdatering\"}]},{\"@type\":\"WebSite\",\"@id\":\"https:\/\/www.etoro.com\/da-dk\/#website\",\"url\":\"https:\/\/www.etoro.com\/da-dk\/\",\"name\":\"eToro\",\"description\":\"\",\"publisher\":{\"@id\":\"https:\/\/www.etoro.com\/da-dk\/#organization\"},\"potentialAction\":[{\"@type\":\"SearchAction\",\"target\":{\"@type\":\"EntryPoint\",\"urlTemplate\":\"https:\/\/www.etoro.com\/da-dk\/?s={search_term_string}\"},\"query-input\":{\"@type\":\"PropertyValueSpecification\",\"valueRequired\":true,\"valueName\":\"search_term_string\"}}],\"inLanguage\":\"da\"},[]]}<\/script>","yoast_head_json":{"title":"Handelsopdatering - eToro","robots":{"index":"noindex","follow":"nofollow"},"og_locale":"da_DK","og_type":"article","og_title":"Handelsopdatering - eToro","og_description":"Restriktioner for handel med kryptovaluta P\u00e5 grund af muligheden for tab anser Financial Conduct Authority (FCA) denne investering for at v\u00e6re h\u00f8j risiko. Hvad er de prim\u00e6re risici? 1. Du kan risikere at miste alle dine investerede penge 2. Forvent ikke beskyttelse, hvis noget g\u00e5r galt 3. Du kan ikke n\u00f8dvendigvis s\u00e6lge din investering, n\u00e5r&hellip;","og_url":"https:\/\/www.etoro.com\/da-dk\/wp-json\/wp\/v2\/pages\/673576","og_site_name":"eToro","article_publisher":"https:\/\/www.facebook.com\/eToro\/","article_modified_time":"2023-10-19T14:52:35+00:00","og_image":[{"width":1200,"height":630,"url":"https:\/\/www.etoro.com\/wp-content\/uploads\/2023\/08\/Featured-image-1200x630-1.png","type":"image\/png"}],"twitter_card":"summary_large_image","twitter_site":"@eToro","twitter_misc":{"Est. reading time":"2 minutes"},"schema":{"@context":"https:\/\/schema.org","@graph":[{"@type":"WebPage","@id":"https:\/\/www.etoro.com\/da-dk\/customer-service\/terms-conditions\/trading-restriction\/","url":"https:\/\/www.etoro.com\/da-dk\/customer-service\/terms-conditions\/trading-restriction\/","name":"Handelsopdatering - eToro","isPartOf":{"@id":"https:\/\/www.etoro.com\/da-dk\/#website"},"primaryImageOfPage":{"@id":"https:\/\/www.etoro.com\/da-dk\/customer-service\/terms-conditions\/trading-restriction\/#primaryimage"},"image":{"@id":"https:\/\/www.etoro.com\/da-dk\/customer-service\/terms-conditions\/trading-restriction\/#primaryimage"},"thumbnailUrl":"https:\/\/www.etoro.com\/wp-content\/uploads\/2023\/08\/Featured-image-1200x630-1.png","datePublished":"2023-07-26T13:17:58+00:00","dateModified":"2023-10-19T14:52:35+00:00","breadcrumb":{"@id":"https:\/\/www.etoro.com\/da-dk\/customer-service\/terms-conditions\/trading-restriction\/#breadcrumb"},"inLanguage":"da","potentialAction":[{"@type":"ReadAction","target":["https:\/\/www.etoro.com\/da-dk\/customer-service\/terms-conditions\/trading-restriction\/"]}]},{"@type":"ImageObject","inLanguage":"da","@id":"https:\/\/www.etoro.com\/da-dk\/customer-service\/terms-conditions\/trading-restriction\/#primaryimage","url":"https:\/\/www.etoro.com\/wp-content\/uploads\/2023\/08\/Featured-image-1200x630-1.png","contentUrl":"https:\/\/www.etoro.com\/wp-content\/uploads\/2023\/08\/Featured-image-1200x630-1.png","width":1200,"height":630,"caption":"Trading Update"},{"@type":"BreadcrumbList","@id":"https:\/\/www.etoro.com\/da-dk\/customer-service\/terms-conditions\/trading-restriction\/#breadcrumb","itemListElement":[{"@type":"ListItem","position":1,"name":"HJEM","item":"https:\/\/www.etoro.com\/da-dk\/"},{"@type":"ListItem","position":2,"name":"KUNDESERVICE","item":"https:\/\/www.etoro.com\/da-dk\/customer-service\/"},{"@type":"ListItem","position":3,"name":"VILK\u00c5R OG BETINGELSER","item":"https:\/\/www.etoro.com\/da-dk\/customer-service\/terms-conditions\/"},{"@type":"ListItem","position":4,"name":"Handelsopdatering"}]},{"@type":"WebSite","@id":"https:\/\/www.etoro.com\/da-dk\/#website","url":"https:\/\/www.etoro.com\/da-dk\/","name":"eToro","description":"","publisher":{"@id":"https:\/\/www.etoro.com\/da-dk\/#organization"},"potentialAction":[{"@type":"SearchAction","target":{"@type":"EntryPoint","urlTemplate":"https:\/\/www.etoro.com\/da-dk\/?s={search_term_string}"},"query-input":{"@type":"PropertyValueSpecification","valueRequired":true,"valueName":"search_term_string"}}],"inLanguage":"da"},[]]}},"_links":{"self":[{"href":"https:\/\/www.etoro.com\/da-dk\/wp-json\/wp\/v2\/pages\/673576"}],"collection":[{"href":"https:\/\/www.etoro.com\/da-dk\/wp-json\/wp\/v2\/pages"}],"about":[{"href":"https:\/\/www.etoro.com\/da-dk\/wp-json\/wp\/v2\/types\/page"}],"author":[{"embeddable":true,"href":"https:\/\/www.etoro.com\/da-dk\/wp-json\/wp\/v2\/users\/119"}],"replies":[{"embeddable":true,"href":"https:\/\/www.etoro.com\/da-dk\/wp-json\/wp\/v2\/comments?post=673576"}],"version-history":[{"count":0,"href":"https:\/\/www.etoro.com\/da-dk\/wp-json\/wp\/v2\/pages\/673576\/revisions"}],"up":[{"embeddable":true,"href":"https:\/\/www.etoro.com\/da-dk\/wp-json\/wp\/v2\/pages\/30112"}],"wp:featuredmedia":[{"embeddable":true,"href":"https:\/\/www.etoro.com\/da-dk\/wp-json\/wp\/v2\/media\/673673"}],"wp:attachment":[{"href":"https:\/\/www.etoro.com\/da-dk\/wp-json\/wp\/v2\/media?parent=673576"}],"wp:term":[{"taxonomy":"asset_type","embeddable":true,"href":"https:\/\/www.etoro.com\/da-dk\/wp-json\/wp\/v2\/asset_type?post=673576"}],"curies":[{"name":"wp","href":"https:\/\/api.w.org\/{rel}","templated":true}]}}