{"id":712598,"date":"2023-08-30T14:27:33","date_gmt":"2023-08-30T11:27:33","guid":{"rendered":"https:\/\/www.etoro.com\/investing\/etf\/"},"modified":"2025-06-15T13:45:11","modified_gmt":"2025-06-15T10:45:11","slug":"etf","status":"publish","type":"page","link":"https:\/\/www.etoro.com\/da-dk\/investing\/etf\/","title":{"rendered":"ETF"},"content":{"rendered":"\n<div class=\"wp-block-etoro-half-cover has-white-background-color\">\n<div class=\"wp-block-etoro-half-cover-left\"><p id=\"breadcrumbs\" class=\"gray-dark\"><span><span><a href=\"https:\/\/www.etoro.com\/da-dk\/\">HJEM<\/a><\/span><\/span><\/p>\n<h1 class=\"wp-block-heading is-style-banner-title\">Invester i <strong>b\u00f8rshandlede fonde<\/strong><\/h1>\n\n\n\n<p>F\u00e5 del i diversificerede investeringer med over 300 ETF&#8217;er at v\u00e6lge mellem lige ved fingerspidserne.<\/p>\n\n\n\n<div class=\"wp-block-buttons is-layout-flex wp-block-buttons-is-layout-flex\">\n<a class=\"e-cta e-cta-primary\" href=\"https:\/\/etoro.com\/da-dk\/accounts\/sign-up\" rel=\"nofollow noopener noreferrer\" >Kom i gang<\/a>\n<\/div>\n<\/div>\n\n\n\n<div class=\"wp-block-etoro-half-cover-right\">\n<img decoding=\"async\" src=\"https:\/\/www.etoro.com\/wp-content\/uploads\/2025\/04\/ETF_desktop.png\" alt=\"\" class=\"wp-block-etoro-half-cover-media\"\/><img decoding=\"async\" src=\"https:\/\/www.etoro.com\/wp-content\/uploads\/2025\/06\/ETF_640x450.png\" alt=\"\" class=\"wp-block-etoro-half-cover-media-desktop\"\/><img decoding=\"async\" src=\"https:\/\/www.etoro.com\/wp-content\/uploads\/2025\/06\/ETF_960x480.png\" alt=\"\" class=\"wp-block-etoro-half-cover-media-tablet\"\/><img decoding=\"async\" src=\"https:\/\/www.etoro.com\/wp-content\/uploads\/2025\/04\/ETFmobile.png\" alt=\"\" class=\"wp-block-etoro-half-cover-media-mobile\"\/>\n<\/div>\n<\/div>\n\n\n\n<section class=\"wp-block-group wp-block-group-boxed has-white-background-color has-background\"><div class=\"wp-block-group-inner is-layout-flow wp-block-group-is-layout-flow\">\n<div class=\"wp-block-columns are-vertically-aligned-top wp-block-columns-1 is-layout-flex wp-container-core-columns-is-layout-1 wp-block-columns-is-layout-flex\">\n<div class=\"wp-block-column wp-block-column-align-mobile-left is-layout-flow wp-block-column-is-layout-flow\">\n<h2 class=\"wp-block-heading has-text-align-center\"><span>Hvorfor <strong>ETF&#8217;er?<\/strong><\/span><\/h2>\n\n\n\n<p class=\"has-text-align-center\">En ETF, ogs\u00e5 kaldet b\u00f8rshandlet fond, giver mulighed for at spore specifikke markedsindekser, industrisektorer eller aktiver.<\/p>\n<\/div>\n<\/div>\n\n\n\n<div class=\"wp-block-columns are-vertically-aligned-top wp-block-columns-3 is-layout-flex wp-container-core-columns-is-layout-2 wp-block-columns-is-layout-flex\">\n<div class=\"wp-block-column is-layout-flow wp-block-column-is-layout-flow\">\n<div class=\"wp-block-etoro-card wp-block-etoro-card-size-small wp-block-etoro-card-thumbnail-position-above wp-block-etoro-card-default\"><img decoding=\"async\" src=\"https:\/\/www.etoro.com\/wp-content\/uploads\/2023\/08\/Diversified.png\" alt=\"Diversificering\" class=\"wp-block-etoro-card-thumbnail\"\/><div class=\"wp-block-etoro-card-body\"><div class=\"wp-block-etoro-card-title\"><strong>Diversificering<\/strong><\/div><div class=\"wp-block-etoro-card-content\">\n<p>En ETF giver mulighed for eksponering mod hundredvis af aktiver<\/p>\n<\/div><\/div><\/div>\n<\/div>\n\n\n\n<div class=\"wp-block-column is-layout-flow wp-block-column-is-layout-flow\">\n<div class=\"wp-block-etoro-card wp-block-etoro-card-size-small wp-block-etoro-card-thumbnail-position-above wp-block-etoro-card-default\"><img decoding=\"async\" src=\"https:\/\/www.etoro.com\/wp-content\/uploads\/2023\/08\/simplify.png\" alt=\"Simplificering\" class=\"wp-block-etoro-card-thumbnail\"\/><div class=\"wp-block-etoro-card-body\"><div class=\"wp-block-etoro-card-title\"><strong>Simplificering<\/strong><\/div><div class=\"wp-block-etoro-card-content\">\n<p>ETF&#8217;er er f\u00e6rdiglavede og kr\u00e6ver ikke, at du selv skal v\u00e6lge individuelle aktiver<\/p>\n<\/div><\/div><\/div>\n<\/div>\n\n\n\n<div class=\"wp-block-column is-layout-flow wp-block-column-is-layout-flow\">\n<div class=\"wp-block-etoro-card wp-block-etoro-card-size-small wp-block-etoro-card-thumbnail-position-above wp-block-etoro-card-default\"><img decoding=\"async\" src=\"https:\/\/www.etoro.com\/wp-content\/uploads\/2023\/08\/Save-money.png\" alt=\"Gem\" class=\"wp-block-etoro-card-thumbnail\"\/><div class=\"wp-block-etoro-card-body\"><div class=\"wp-block-etoro-card-title\"><strong>Gem<\/strong><\/div><div class=\"wp-block-etoro-card-content\">\n<p>ETF&#8217;er er mere kosteffektive end aktive fonde<\/p>\n<\/div><\/div><\/div>\n<\/div>\n<\/div>\n<\/div><\/section>\n\n\n\n<section class=\"wp-block-group wp-block-group-boxed has-dark-blue-background-color has-background\"><div class=\"wp-block-group-inner is-layout-flow wp-block-group-is-layout-flow\">\n<div class=\"wp-block-columns are-vertically-aligned-top wp-block-columns-1 is-layout-flex wp-container-core-columns-is-layout-3 wp-block-columns-is-layout-flex\">\n<div class=\"wp-block-column wp-block-column-align-mobile-left is-layout-flow wp-block-column-is-layout-flow\">\n<h2 class=\"wp-block-heading has-text-align-center\"><span>V\u00e6lg den ETF <strong>der passer til dig<\/strong><\/span><\/h2>\n\n\n\n<p><\/p>\n\n\n\n<div id=\"swiper1305802478\" class=\"wp-block-etoro-cards\"><div class=\"swiper-wrapper\">\n<div class=\"wp-block-etoro-card wp-block-etoro-card-size-small wp-block-etoro-card-thumbnail-position-above wp-block-etoro-card-default\"><img decoding=\"async\" src=\"https:\/\/www.etoro.com\/wp-content\/uploads\/2023\/08\/Index.png\" alt=\"Index ETF'er\" class=\"wp-block-etoro-card-thumbnail\"\/><div class=\"wp-block-etoro-card-body\"><div class=\"wp-block-etoro-card-title\">Index ETF&#8217;er<\/div><div class=\"wp-block-etoro-card-content\">\n<p>s\u00f8ge at spore \u00e6ndringer i et benchmark.<\/p>\n<\/div><\/div><\/div>\n\n\n\n<div class=\"wp-block-etoro-card wp-block-etoro-card-size-small wp-block-etoro-card-thumbnail-position-above wp-block-etoro-card-default\"><img decoding=\"async\" src=\"https:\/\/www.etoro.com\/wp-content\/uploads\/2023\/08\/Wallet.png\" alt=\"Udbytte ETF'er\" class=\"wp-block-etoro-card-thumbnail\"\/><div class=\"wp-block-etoro-card-body\"><div class=\"wp-block-etoro-card-title\">Udbytte ETF&#8217;er<\/div><div class=\"wp-block-etoro-card-content\">\n<p>holder aktier med en historisk udbetaling af udbytte<\/p>\n<\/div><\/div><\/div>\n\n\n\n<div class=\"wp-block-etoro-card wp-block-etoro-card-size-small wp-block-etoro-card-thumbnail-position-above wp-block-etoro-card-default\"><img decoding=\"async\" src=\"https:\/\/www.etoro.com\/wp-content\/uploads\/2023\/08\/Handshake-1.png\" alt=\"Obligations-ETF'er\" class=\"wp-block-etoro-card-thumbnail\"\/><div class=\"wp-block-etoro-card-body\"><div class=\"wp-block-etoro-card-title\">Obligations-ETF&#8217;er<\/div><div class=\"wp-block-etoro-card-content\">\n<p>kan v\u00e6re et fremragende valg for en lavere investeringsrisiko.<\/p>\n<\/div><\/div><\/div>\n\n\n\n<div class=\"wp-block-etoro-card wp-block-etoro-card-size-small wp-block-etoro-card-thumbnail-position-above wp-block-etoro-card-default\"><img decoding=\"async\" src=\"https:\/\/www.etoro.com\/wp-content\/uploads\/2023\/08\/Commodities.png\" alt=\"R\u00e5vare-ETF'er\" class=\"wp-block-etoro-card-thumbnail\"\/><div class=\"wp-block-etoro-card-body\"><div class=\"wp-block-etoro-card-title\">R\u00e5vare-ETF&#8217;er<\/div><div class=\"wp-block-etoro-card-content\">\n<p>tilbyder eksponering mod prisen p\u00e5 en r\u00e6kke r\u00e5materialer.<\/p>\n<\/div><\/div><\/div>\n<\/div><\/div>\n<\/div>\n<\/div>\n<\/div><\/section>\n\n\n\n<section class=\"wp-block-group wp-block-group-boxed has-white-background-color has-background\"><div class=\"wp-block-group-inner is-layout-flow wp-block-group-is-layout-flow\">\n<div class=\"wp-block-columns are-vertically-aligned-top wp-block-columns-1 is-layout-flex wp-container-core-columns-is-layout-4 wp-block-columns-is-layout-flex\">\n<div class=\"wp-block-column is-layout-flow wp-block-column-is-layout-flow\">\n<h2 class=\"wp-block-heading has-text-align-center\"><span>S\u00e5dan k\u00f8bes <strong>ETF&#8217;er p\u00e5 eToro<\/strong><\/span><\/h2>\n<\/div>\n<\/div>\n\n\n\n<div class=\"wp-block-columns are-vertically-aligned-top wp-block-columns-3 is-layout-flex wp-container-core-columns-is-layout-5 wp-block-columns-is-layout-flex\">\n<div class=\"wp-block-column is-layout-flow wp-block-column-is-layout-flow\">\n<div class=\"wp-block-etoro-card wp-block-etoro-card-size-medium wp-block-etoro-card-thumbnail-position-above wp-block-etoro-card-default\"><img decoding=\"async\" src=\"https:\/\/www.etoro.com\/wp-content\/uploads\/2023\/08\/Ido-Guy-about-two-pa.png\" alt=\"V\u00e6lg en ETF\" class=\"wp-block-etoro-card-thumbnail\"\/><div class=\"wp-block-etoro-card-body\"><div class=\"wp-block-etoro-card-title\"><strong>V\u00e6lg en ETF<\/strong><\/div><div class=\"wp-block-etoro-card-content\">\n<p>V\u00e6lg den ETF, du \u00f8nsker, og klik efter p\u00e5 handelsknappen<\/p>\n<\/div><\/div><\/div>\n<\/div>\n\n\n\n<div class=\"wp-block-column is-layout-flow wp-block-column-is-layout-flow\">\n<div class=\"wp-block-etoro-card wp-block-etoro-card-size-medium wp-block-etoro-card-thumbnail-position-above wp-block-etoro-card-default\"><img decoding=\"async\" src=\"https:\/\/www.etoro.com\/wp-content\/uploads\/2023\/08\/Ido-Guy-about-two-pa-1.png\" alt=\"Hvor meget?\" class=\"wp-block-etoro-card-thumbnail\"\/><div class=\"wp-block-etoro-card-body\"><div class=\"wp-block-etoro-card-title\"><strong>Hvor meget?<\/strong><\/div><div class=\"wp-block-etoro-card-content\">\n<p>Indtast bel\u00f8bet (eller antallet af enheder), du \u00f8nsker at investere i<\/p>\n<\/div><\/div><\/div>\n<\/div>\n\n\n\n<div class=\"wp-block-column is-layout-flow wp-block-column-is-layout-flow\">\n<div class=\"wp-block-etoro-card wp-block-etoro-card-size-medium wp-block-etoro-card-thumbnail-position-above wp-block-etoro-card-default\"><img decoding=\"async\" src=\"https:\/\/www.etoro.com\/wp-content\/uploads\/2023\/08\/Ido-Guy-about-two-pa-2.png\" alt=\"\u00c5ben position\" class=\"wp-block-etoro-card-thumbnail\"\/><div class=\"wp-block-etoro-card-body\"><div class=\"wp-block-etoro-card-title\"><strong>\u00c5ben position<\/strong><\/div><div class=\"wp-block-etoro-card-content\">\n<p>N\u00e5r du har sat en positions parametre, s\u00e5 klik p\u00e5 &#8220;Open Trade&#8221;<\/p>\n<\/div><\/div><\/div>\n<\/div>\n<\/div>\n\n\n\n<div class=\"wp-block-buttons is-content-justification-center is-layout-flex wp-container-core-buttons-is-layout-2 wp-block-buttons-is-layout-flex\">\n<a class=\"e-cta e-cta-primary\" href=\"http:\/\/www.etoro.com\/da-dk\/accounts\/sign-up\"><strong>Kom I gang<\/strong><\/a>\n<\/div>\n<\/div><\/section>\n\n\n\n<section class=\"wp-block-group wp-block-group-boxed has-dark-blue-background-color has-background\"><div class=\"wp-block-group-inner is-layout-flow wp-block-group-is-layout-flow\">\n<div class=\"wp-block-columns are-vertically-aligned-center wp-block-columns-2 is-swapped-on-mobile is-layout-flex wp-container-core-columns-is-layout-6 wp-block-columns-is-layout-flex\">\n<div class=\"wp-block-column is-layout-flow wp-block-column-is-layout-flow\">\n<h2 class=\"wp-block-heading\"><span>F\u00e5 tillid <strong>til at handle ETF&#8217;er<\/strong><\/span><\/h2>\n\n\n\n<p>Vil du finpudse dine handelsf\u00e6rdigheder i dit eget tempo uden risiko? Brug den gratis virtuelle portef\u00f8lje med $100.000 i virtuelle fonde til at \u00f8ve dig i at investere i ETF&#8217;er, s\u00e5vel som alt andet, eToro har at tilbyde.<\/p>\n\n\n\n<div class=\"wp-block-buttons is-layout-flex wp-block-buttons-is-layout-flex\">\n<a class=\"e-cta e-cta-primary\" href=\"https:\/\/www.etoro.com\/accounts\/sign-up\">Gratis Demokonto<\/a>\n<\/div>\n<\/div>\n\n\n\n<div class=\"wp-block-column is-layout-flow wp-block-column-is-layout-flow\">\n<figure class=\"wp-block-image size-full\"><img loading=\"lazy\" decoding=\"async\" width=\"576\" height=\"520\" src=\"https:\/\/www.etoro.com\/wp-content\/uploads\/2023\/08\/iPhone-13-Pro.png\" alt=\"\" class=\"wp-image-691827 wp-image-desktop\" srcset=\"https:\/\/www.etoro.com\/wp-content\/uploads\/2023\/08\/iPhone-13-Pro-300x271.png 300w, https:\/\/www.etoro.com\/wp-content\/uploads\/2023\/08\/iPhone-13-Pro.png 576w\" sizes=\"(max-width: 576px) 100vw, 576px\" \/><\/figure>\n<\/div>\n<\/div>\n<\/div><\/section>\n\n\n\n<section class=\"wp-block-group wp-block-group-boxed\"><div class=\"wp-block-group-inner is-layout-flow wp-block-group-is-layout-flow\">\n<dl class=\"wp-block-etoro-faq\">\n<div class=\"wp-block-etoro-faq-item\"><dt class=\"wp-block-etoro-faq-item-question\">Hvad er en ETF?<\/dt><dd class=\"wp-block-etoro-faq-item-answer\">\n<p>En ETF eller b\u00f8rshandlet fond er en type investeringsfond med form\u00e5l om at spore resultaterne af et specifikt markedsindeks, industrisektor eller aktiv.<\/p>\n<\/dd><\/div>\n\n\n\n<div class=\"wp-block-etoro-faq-item\"><dt class=\"wp-block-etoro-faq-item-question\">Er ETF&#8217;er velegnede til begyndere?<\/dt><dd class=\"wp-block-etoro-faq-item-answer\">\n<p>Med ETF&#8217;er f\u00e5r man enkel og direkte adgang til eksponering mod et bredt spektrum af finansielle aktiver. Dette sp\u00e6nder over r\u00e5varer, obligationer, aktier eller fast ejendom. Handel med ETF&#8217;er foretr\u00e6kkes frem for brugen af investeringsforeninger, hvilket skyldes, at de ikke er underlagt samme handelsgebyrer og omkostningsforhold samtidig med, at man f\u00e5r adgang til at \u00e5bne og lukke positioner flere gange dagligt som aktiehandel.<\/p>\n\n\n\n<p>Hvis du er interesseret i at l\u00e6re mere om handel med ETF&#8217;er, s\u00e5 <a target=\"_blank\" href=\"https:\/\/www.etoro.com\/stocks\/investing-in-etfs\/\" rel=\"noreferrer noopener\">klik her<\/a> for at l\u00e6se hele guiden omkring investering i ETF&#8217;er for begyndere.<\/p>\n<\/dd><\/div>\n\n\n\n<div class=\"wp-block-etoro-faq-item\"><dt class=\"wp-block-etoro-faq-item-question\">Hvilke gebyrer skal jeg betale for handel med ETF&#8217;er?<\/dt><dd class=\"wp-block-etoro-faq-item-answer\">\n<p>For gebyrer g\u00e6ldende ETF&#8217;er, se venligst vores Gebyr-side.<\/p>\n<\/dd><\/div>\n\n\n\n<div class=\"wp-block-etoro-faq-item\"><dt class=\"wp-block-etoro-faq-item-question\">Udbetaler ETF&#8217;er udbytte?<\/dt><dd class=\"wp-block-etoro-faq-item-answer\">\n<p>Udbytte er kontante betalinger til investorer, der betales ud af virksomhedens overskud. Ikke alle virksomheder betaler udbytte, men det g\u00f8r mange veletablerede virksomheder. Hvis du ejer en ETF, som investerer i virksomheder, der udbetaler udbytte, vil du ogs\u00e5 modtage udbytte. For mere information om udbytte, se <a href=\"https:\/\/www.etoro.com\/investing\/what-are-dividends\/\" target=\"_blank\" rel=\"noreferrer noopener\">vores guide<\/a>.<\/p>\n<\/dd><\/div>\n\n\n\n<div class=\"wp-block-etoro-faq-item\"><dt class=\"wp-block-etoro-faq-item-question\">Er ETF&#8217;er gode til langsigtede investeringer?<\/dt><dd class=\"wp-block-etoro-faq-item-answer\">\n<p>Som de fleste investeringer er det en god id\u00e9 at vedtage en langsigtet strategi med ETF&#8217;er. Dette kan nemlig hj\u00e6lpe med at reducere din overordnede risiko. Tag for eksempel indeks-ETF&#8217;er. P\u00e5 kort sigt kan aktier v\u00e6re meget volatile. P\u00e5 l\u00e6ngere sigt har aktiemarkedet dog en tendens til at stige. S\u00e5 generelt set, jo l\u00e6ngere du investerer, jo mindre chance har du for at tabe penge.<\/p>\n<\/dd><\/div>\n\n\n\n<div class=\"wp-block-etoro-faq-item\"><dt class=\"wp-block-etoro-faq-item-question\">Handles ETF&#8217;er hele d\u00f8gnet?<\/dt><dd class=\"wp-block-etoro-faq-item-answer\">\n<p>ETF&#8217;er handles p\u00e5 markederne i l\u00f8bet af de almindelige handelstider, der er g\u00e6ldende for aktier. Du kan forts\u00e6tte med at handle ETF&#8217;er i l\u00f8bet af dagen og p\u00e5 markedet efter \u00e5bningstid, men ordren vil blive eksekveret, n\u00e5r markedet er \u00e5bent. Se siden Markedstider <a href=\"https:\/\/www.etoro.com\/da-dk\/trading\/market-hours-and-events\/\" target=\"_blank\" rel=\"noreferrer noopener\">her<\/a>.<\/p>\n<\/dd><\/div>\n\n\n\n<div class=\"wp-block-etoro-faq-item\"><dt class=\"wp-block-etoro-faq-item-question\">Hvad er forskellen mellem ETF&#8217;er og investeringsforeninger?<\/dt><dd class=\"wp-block-etoro-faq-item-answer\">\n<p>ETF&#8217;er og investeringsforeninger repr\u00e6senterer begge klynger af individuelle obligationer eller aktier. Men, der er dog nogle vigtige forskelle.<\/p>\n\n\n\n<p>Investeringsforeninger forvaltes typisk aktivt, mens ETF&#8217;er i stedet er et mere passivt investeringsmiddel, som sporer et eksisterende markedsindeks. Den aktive forvaltning kr\u00e6ver, at man betaler administrationsgebyrer, og det kr\u00e6ver ofte meget st\u00f8rre startkapital end en ETF.<\/p>\n\n\n\n<p>ETF&#8217;er tilbyder ligeledes mere praktisk kontrol over prisen, som du k\u00f8ber og s\u00e6lger til. Du kan b\u00e5de k\u00f8be og s\u00e6lge ETF&#8217;er til svingende priser i l\u00f8bet af en handelssession. De, der k\u00f8ber ind i en investeringsforening, vil dog betale den samme pris som alle andre, der har investeret den dag. Med investeringsforeninger beregnes v\u00e6rdierne f\u00f8rst ved slutningen af hver handelsdag.<\/p>\n<\/dd><\/div>\n<\/dl>\n<\/div><\/section>\n","protected":false},"excerpt":{"rendered":"<p>Hvorfor ETF&#8217;er? En ETF, ogs\u00e5 kaldet b\u00f8rshandlet fond, giver mulighed for at spore specifikke markedsindekser, industrisektorer eller aktiver. V\u00e6lg den ETF der passer til dig S\u00e5dan k\u00f8bes ETF&#8217;er p\u00e5 eToro F\u00e5 tillid til at handle ETF&#8217;er Vil du finpudse dine handelsf\u00e6rdigheder i dit eget tempo uden risiko? Brug den gratis virtuelle portef\u00f8lje med $100.000 i&hellip;<\/p>\n","protected":false},"author":119,"featured_media":1048425,"parent":31827,"menu_order":0,"comment_status":"closed","ping_status":"closed","template":"","meta":{"_acf_changed":true,"inline_featured_image":false,"sticky_cta_settings":"","footnotes":""},"asset_type":[],"class_list":["post-712598","page","type-page","status-publish","has-post-thumbnail","hentry"],"acf":[],"yoast_head":"<title>Investeringer i b\u00f8rshandlede fonde (ETF&#039;er) hos eToro.<\/title>\n<meta name=\"description\" content=\"ETF&#039;er tilbyder diversificeret eksponering mod en r\u00e6kke aktiver, der inkluderer aktier, obligationer, r\u00e5varer og mere.\" \/>\n<meta name=\"robots\" content=\"index, follow, max-snippet:-1, max-image-preview:large, max-video-preview:-1\" \/>\n<link rel=\"canonical\" href=\"https:\/\/www.etoro.com\/da-dk\/wp-json\/wp\/v2\/pages\/712598\" \/>\n<meta property=\"og:locale\" content=\"da_DK\" \/>\n<meta property=\"og:type\" content=\"article\" \/>\n<meta property=\"og:title\" content=\"Investeringer i b\u00f8rshandlede fonde (ETF&#039;er) hos eToro.\" \/>\n<meta property=\"og:description\" content=\"ETF&#039;er tilbyder diversificeret eksponering mod en r\u00e6kke aktiver, der inkluderer aktier, obligationer, r\u00e5varer og mere.\" \/>\n<meta property=\"og:url\" content=\"https:\/\/www.etoro.com\/da-dk\/wp-json\/wp\/v2\/pages\/712598\" \/>\n<meta property=\"og:site_name\" content=\"eToro\" \/>\n<meta property=\"article:publisher\" content=\"https:\/\/www.facebook.com\/eToro\/\" \/>\n<meta property=\"article:modified_time\" content=\"2025-06-15T10:45:11+00:00\" \/>\n<meta property=\"og:image\" content=\"https:\/\/www.etoro.com\/wp-content\/uploads\/2025\/04\/Featured-image-ETF_1200x630.png\" \/>\n\t<meta property=\"og:image:width\" content=\"1200\" \/>\n\t<meta property=\"og:image:height\" content=\"630\" \/>\n\t<meta property=\"og:image:type\" content=\"image\/png\" \/>\n<meta name=\"twitter:card\" content=\"summary_large_image\" \/>\n<meta name=\"twitter:site\" content=\"@eToro\" \/>\n<meta name=\"twitter:label1\" content=\"Est. reading time\" \/>\n\t<meta name=\"twitter:data1\" content=\"3 minutes\" \/>\n<script type=\"application\/ld+json\" class=\"yoast-schema-graph\">{\"@context\":\"https:\/\/schema.org\",\"@graph\":[{\"@type\":\"WebPage\",\"@id\":\"https:\/\/www.etoro.com\/da-dk\/investing\/etf\/\",\"url\":\"https:\/\/www.etoro.com\/da-dk\/investing\/etf\/\",\"name\":\"Investeringer i b\u00f8rshandlede fonde (ETF'er) hos eToro.\",\"isPartOf\":{\"@id\":\"https:\/\/www.etoro.com\/da-dk\/#website\"},\"primaryImageOfPage\":{\"@id\":\"https:\/\/www.etoro.com\/da-dk\/investing\/etf\/#primaryimage\"},\"image\":{\"@id\":\"https:\/\/www.etoro.com\/da-dk\/investing\/etf\/#primaryimage\"},\"thumbnailUrl\":\"https:\/\/www.etoro.com\/wp-content\/uploads\/2025\/04\/Featured-image-ETF_1200x630.png\",\"datePublished\":\"2023-08-30T11:27:33+00:00\",\"dateModified\":\"2025-06-15T10:45:11+00:00\",\"description\":\"ETF'er tilbyder diversificeret eksponering mod en r\u00e6kke aktiver, der inkluderer aktier, obligationer, r\u00e5varer og mere.\",\"breadcrumb\":{\"@id\":\"https:\/\/www.etoro.com\/da-dk\/investing\/etf\/#breadcrumb\"},\"inLanguage\":\"da\",\"potentialAction\":[{\"@type\":\"ReadAction\",\"target\":[\"https:\/\/www.etoro.com\/da-dk\/investing\/etf\/\"]}]},{\"@type\":\"ImageObject\",\"inLanguage\":\"da\",\"@id\":\"https:\/\/www.etoro.com\/da-dk\/investing\/etf\/#primaryimage\",\"url\":\"https:\/\/www.etoro.com\/wp-content\/uploads\/2025\/04\/Featured-image-ETF_1200x630.png\",\"contentUrl\":\"https:\/\/www.etoro.com\/wp-content\/uploads\/2025\/04\/Featured-image-ETF_1200x630.png\",\"width\":1200,\"height\":630,\"caption\":\"Invest in exchange-traded funds\"},{\"@type\":\"BreadcrumbList\",\"@id\":\"https:\/\/www.etoro.com\/da-dk\/investing\/etf\/#breadcrumb\",\"itemListElement\":[{\"@type\":\"ListItem\",\"position\":1,\"name\":\"HJEM\",\"item\":\"https:\/\/www.etoro.com\/da-dk\/\"},{\"@type\":\"ListItem\",\"position\":2,\"name\":\"Investering\",\"item\":\"https:\/\/www.etoro.com\/da-dk\/investing\/\"},{\"@type\":\"ListItem\",\"position\":3,\"name\":\"ETF\"}]},{\"@type\":\"WebSite\",\"@id\":\"https:\/\/www.etoro.com\/da-dk\/#website\",\"url\":\"https:\/\/www.etoro.com\/da-dk\/\",\"name\":\"eToro\",\"description\":\"\",\"publisher\":{\"@id\":\"https:\/\/www.etoro.com\/da-dk\/#organization\"},\"potentialAction\":[{\"@type\":\"SearchAction\",\"target\":{\"@type\":\"EntryPoint\",\"urlTemplate\":\"https:\/\/www.etoro.com\/da-dk\/?s={search_term_string}\"},\"query-input\":{\"@type\":\"PropertyValueSpecification\",\"valueRequired\":true,\"valueName\":\"search_term_string\"}}],\"inLanguage\":\"da\"},[]]}<\/script>","yoast_head_json":{"title":"Investeringer i b\u00f8rshandlede fonde (ETF'er) hos eToro.","description":"ETF'er tilbyder diversificeret eksponering mod en r\u00e6kke aktiver, der inkluderer aktier, obligationer, r\u00e5varer og mere.","robots":{"index":"index","follow":"follow","max-snippet":"max-snippet:-1","max-image-preview":"max-image-preview:large","max-video-preview":"max-video-preview:-1"},"canonical":"https:\/\/www.etoro.com\/da-dk\/wp-json\/wp\/v2\/pages\/712598","og_locale":"da_DK","og_type":"article","og_title":"Investeringer i b\u00f8rshandlede fonde (ETF'er) hos eToro.","og_description":"ETF'er tilbyder diversificeret eksponering mod en r\u00e6kke aktiver, der inkluderer aktier, obligationer, r\u00e5varer og mere.","og_url":"https:\/\/www.etoro.com\/da-dk\/wp-json\/wp\/v2\/pages\/712598","og_site_name":"eToro","article_publisher":"https:\/\/www.facebook.com\/eToro\/","article_modified_time":"2025-06-15T10:45:11+00:00","og_image":[{"width":1200,"height":630,"url":"https:\/\/www.etoro.com\/wp-content\/uploads\/2025\/04\/Featured-image-ETF_1200x630.png","type":"image\/png"}],"twitter_card":"summary_large_image","twitter_site":"@eToro","twitter_misc":{"Est. reading time":"3 minutes"},"schema":{"@context":"https:\/\/schema.org","@graph":[{"@type":"WebPage","@id":"https:\/\/www.etoro.com\/da-dk\/investing\/etf\/","url":"https:\/\/www.etoro.com\/da-dk\/investing\/etf\/","name":"Investeringer i b\u00f8rshandlede fonde (ETF'er) hos eToro.","isPartOf":{"@id":"https:\/\/www.etoro.com\/da-dk\/#website"},"primaryImageOfPage":{"@id":"https:\/\/www.etoro.com\/da-dk\/investing\/etf\/#primaryimage"},"image":{"@id":"https:\/\/www.etoro.com\/da-dk\/investing\/etf\/#primaryimage"},"thumbnailUrl":"https:\/\/www.etoro.com\/wp-content\/uploads\/2025\/04\/Featured-image-ETF_1200x630.png","datePublished":"2023-08-30T11:27:33+00:00","dateModified":"2025-06-15T10:45:11+00:00","description":"ETF'er tilbyder diversificeret eksponering mod en r\u00e6kke aktiver, der inkluderer aktier, obligationer, r\u00e5varer og mere.","breadcrumb":{"@id":"https:\/\/www.etoro.com\/da-dk\/investing\/etf\/#breadcrumb"},"inLanguage":"da","potentialAction":[{"@type":"ReadAction","target":["https:\/\/www.etoro.com\/da-dk\/investing\/etf\/"]}]},{"@type":"ImageObject","inLanguage":"da","@id":"https:\/\/www.etoro.com\/da-dk\/investing\/etf\/#primaryimage","url":"https:\/\/www.etoro.com\/wp-content\/uploads\/2025\/04\/Featured-image-ETF_1200x630.png","contentUrl":"https:\/\/www.etoro.com\/wp-content\/uploads\/2025\/04\/Featured-image-ETF_1200x630.png","width":1200,"height":630,"caption":"Invest in exchange-traded funds"},{"@type":"BreadcrumbList","@id":"https:\/\/www.etoro.com\/da-dk\/investing\/etf\/#breadcrumb","itemListElement":[{"@type":"ListItem","position":1,"name":"HJEM","item":"https:\/\/www.etoro.com\/da-dk\/"},{"@type":"ListItem","position":2,"name":"Investering","item":"https:\/\/www.etoro.com\/da-dk\/investing\/"},{"@type":"ListItem","position":3,"name":"ETF"}]},{"@type":"WebSite","@id":"https:\/\/www.etoro.com\/da-dk\/#website","url":"https:\/\/www.etoro.com\/da-dk\/","name":"eToro","description":"","publisher":{"@id":"https:\/\/www.etoro.com\/da-dk\/#organization"},"potentialAction":[{"@type":"SearchAction","target":{"@type":"EntryPoint","urlTemplate":"https:\/\/www.etoro.com\/da-dk\/?s={search_term_string}"},"query-input":{"@type":"PropertyValueSpecification","valueRequired":true,"valueName":"search_term_string"}}],"inLanguage":"da"},[]]}},"_links":{"self":[{"href":"https:\/\/www.etoro.com\/da-dk\/wp-json\/wp\/v2\/pages\/712598"}],"collection":[{"href":"https:\/\/www.etoro.com\/da-dk\/wp-json\/wp\/v2\/pages"}],"about":[{"href":"https:\/\/www.etoro.com\/da-dk\/wp-json\/wp\/v2\/types\/page"}],"author":[{"embeddable":true,"href":"https:\/\/www.etoro.com\/da-dk\/wp-json\/wp\/v2\/users\/119"}],"replies":[{"embeddable":true,"href":"https:\/\/www.etoro.com\/da-dk\/wp-json\/wp\/v2\/comments?post=712598"}],"version-history":[{"count":0,"href":"https:\/\/www.etoro.com\/da-dk\/wp-json\/wp\/v2\/pages\/712598\/revisions"}],"up":[{"embeddable":true,"href":"https:\/\/www.etoro.com\/da-dk\/wp-json\/wp\/v2\/pages\/31827"}],"wp:featuredmedia":[{"embeddable":true,"href":"https:\/\/www.etoro.com\/da-dk\/wp-json\/wp\/v2\/media\/1048425"}],"wp:attachment":[{"href":"https:\/\/www.etoro.com\/da-dk\/wp-json\/wp\/v2\/media?parent=712598"}],"wp:term":[{"taxonomy":"asset_type","embeddable":true,"href":"https:\/\/www.etoro.com\/da-dk\/wp-json\/wp\/v2\/asset_type?post=712598"}],"curies":[{"name":"wp","href":"https:\/\/api.w.org\/{rel}","templated":true}]}}