{"id":849368,"date":"2023-06-13T09:50:21","date_gmt":"2023-06-13T06:50:21","guid":{"rendered":"https:\/\/www.etoro.com\/investing\/delta\/"},"modified":"2026-03-24T14:06:14","modified_gmt":"2026-03-24T12:06:14","slug":"delta","status":"publish","type":"page","link":"https:\/\/www.etoro.com\/da-dk\/investing\/delta\/","title":{"rendered":"DELTA af eToro"},"content":{"rendered":"\n<div class=\"wp-block-etoro-half-cover has-white-background-color\">\n<div class=\"wp-block-etoro-half-cover-left\"><p id=\"breadcrumbs\" class=\"gray-dark\"><span><span><a href=\"https:\/\/www.etoro.com\/da-dk\/\">HJEM<\/a><\/span><\/span><\/p>\n<h1 class=\"wp-block-heading is-style-banner-title\">DELTA: <b class=\"wp-etoro-format-colored-blue\"><b class=\"wp-etoro-format-colored-green\">Den smarte investeringstracker<\/b><\/b><\/h1>\n\n\n\n<p class=\"is-style-subtitle\">Hold styr p\u00e5 alle dine investeringer med Delta, den f\u00f8rende app til investeringsoverv\u00e5gning og finansiel superkraft!<\/p>\n\n\n\n<div class=\"wp-block-buttons is-layout-flex wp-block-buttons-is-layout-flex\">\n<a class=\"e-cta e-cta-primary qr_delta-popup\" href=\"https:\/\/delta.onelink.me\/Bvvy\/innerpage\" target=\"_blank\" rel=\"noopener\">Download nu<\/a>\n<\/div>\n<\/div>\n\n\n\n<div class=\"wp-block-etoro-half-cover-right\">\n<img decoding=\"async\" src=\"https:\/\/www.etoro.com\/wp-content\/uploads\/2026\/03\/Delta-Cover-1920.png\" alt=\"\" class=\"wp-block-etoro-half-cover-media\"\/><img decoding=\"async\" src=\"https:\/\/www.etoro.com\/wp-content\/uploads\/2026\/03\/Delta-Cover-1280.png\" alt=\"\" class=\"wp-block-etoro-half-cover-media-desktop\"\/><img decoding=\"async\" src=\"https:\/\/www.etoro.com\/wp-content\/uploads\/2026\/03\/Delta-Cover-Tablet.png\" alt=\"\" class=\"wp-block-etoro-half-cover-media-tablet\"\/><img decoding=\"async\" src=\"https:\/\/www.etoro.com\/wp-content\/uploads\/2026\/03\/Delta-Cover-Mobile.png\" alt=\"\" class=\"wp-block-etoro-half-cover-media-mobile\"\/>\n<\/div>\n<\/div>\n\n\n\n<section class=\"wp-block-group wp-block-group-boxed has-white-background-color has-background\"><div class=\"wp-block-group-inner is-layout-flow wp-block-group-is-layout-flow\">\n<div class=\"wp-block-columns are-vertically-aligned-top wp-block-columns-1 is-layout-flex wp-container-core-columns-is-layout-1 wp-block-columns-is-layout-flex\">\n<div class=\"wp-block-column wp-block-column-align-mobile-left is-layout-flow wp-block-column-is-layout-flow\">\n<h2 class=\"wp-block-heading has-text-align-center\"><strong><strong>Smart tracking<\/strong> <\/strong>med Delta<\/h2>\n\n\n\n<p class=\"has-text-align-center\">Delta Investeringstracker lader dig have et krystalklart overblik over alle dine investeringer. H\u00e5ndter adskillige portef\u00f8ljer og track pr\u00e6stationen i realtid med kraftfulde v\u00e6rkt\u00f8jer. F\u00e5 live-adgang til prisbev\u00e6gelserne og grafer med alle top-aktier, krypto, fonde, forex, indekser og r\u00e5varer.<\/p>\n<\/div>\n<\/div>\n<\/div><\/section>\n\n\n\n<section class=\"wp-block-group wp-block-group-boxed has-dark-blue-background-color has-background\"><div class=\"wp-block-group-inner is-layout-flow wp-block-group-is-layout-flow\">\n<div class=\"wp-block-columns are-vertically-aligned-top wp-block-columns-2 is-swapped-on-mobile is-layout-flex wp-container-core-columns-is-layout-2 wp-block-columns-is-layout-flex\">\n<div class=\"wp-block-column is-layout-flow wp-block-column-is-layout-flow\">\n<h2 class=\"wp-block-heading\"><span>Oversigt over<\/span> <strong>alle \u00e6ndringer i din portef\u00f8lje<\/strong><\/h2>\n\n\n\n<p>Hvorfor bev\u00e6ger den sig, og hvad sker der? F\u00e5 indsigt i, hvad der p\u00e5virker din portef\u00f8lje, med klare forklaringer baseret p\u00e5 Deltas mest avancerede analyser.<\/p>\n\n\n\n<p class=\"is-style-disclaimer\">eToro er en investeringsplatform med flere aktiver. V\u00e6rdien af dine investeringer kan g\u00e5 op eller ned. Din kapital er i fare.<\/p>\n<\/div>\n\n\n\n<div class=\"wp-block-column is-layout-flow wp-block-column-is-layout-flow\">\n<figure class=\"wp-block-image size-large\"><img loading=\"lazy\" decoding=\"async\" width=\"1024\" height=\"700\" src=\"https:\/\/www.etoro.com\/wp-content\/uploads\/2026\/03\/Delta-Clarity-Illustration-1024x700.png\" alt=\"\" class=\"wp-image-1240545 wp-image-desktop\" srcset=\"https:\/\/www.etoro.com\/wp-content\/uploads\/2026\/03\/Delta-Clarity-Illustration-1024x700.png 1024w, https:\/\/www.etoro.com\/wp-content\/uploads\/2026\/03\/Delta-Clarity-Illustration-300x205.png 300w, https:\/\/www.etoro.com\/wp-content\/uploads\/2026\/03\/Delta-Clarity-Illustration-768x525.png 768w, https:\/\/www.etoro.com\/wp-content\/uploads\/2026\/03\/Delta-Clarity-Illustration.png 1152w\" sizes=\"(max-width: 1024px) 100vw, 1024px\" \/><\/figure>\n<\/div>\n<\/div>\n<\/div><\/section>\n\n\n\n<section class=\"wp-block-group wp-block-group-boxed\"><div class=\"wp-block-group-inner is-layout-flow wp-block-group-is-layout-flow\">\n<div class=\"wp-block-columns are-vertically-aligned-top wp-block-columns-1 is-layout-flex wp-container-core-columns-is-layout-3 wp-block-columns-is-layout-flex\">\n<div class=\"wp-block-column wp-block-column-align-mobile-left is-layout-flow wp-block-column-is-layout-flow\">\n<h2 class=\"wp-block-heading has-text-align-center\"><strong><strong>Kraftfulde funktione<\/strong><\/strong>r i din hule h\u00e5nd<\/h2>\n<\/div>\n<\/div>\n\n\n\n<div id=\"swiper1576924865\" class=\"wp-block-etoro-cards wp-block-etoro-card-grid-columns-3\"><div class=\"swiper-wrapper\">\n<div class=\"wp-block-etoro-card wp-block-etoro-card-size-small wp-block-etoro-card-thumbnail-position-above wp-block-etoro-card-default wp-block-etoro-card-aligned-center\"><img decoding=\"async\" src=\"https:\/\/www.etoro.com\/wp-content\/uploads\/2023\/06\/Alert-1.png\" alt=\"F\u00e5 smart notifikationer og pris-alarmer\" class=\"wp-block-etoro-card-thumbnail\"\/><div class=\"wp-block-etoro-card-body\"><div class=\"wp-block-etoro-card-title\"><strong><strong>F\u00e5 smart notifikationer og pris-alarmer<\/strong><\/strong><\/div><div class=\"wp-block-etoro-card-content\">\n<p>Leder du efter det rigtige \u00f8jeblik til at k\u00f8be eller s\u00e6lge? Det er nemmere at s\u00e6tte \u00f8jeblikkelige alarmer og tilpassede notifikationer op, for at forblive forrest i feltet<\/p>\n<\/div><\/div><\/div>\n\n\n\n<div class=\"wp-block-etoro-card wp-block-etoro-card-size-small wp-block-etoro-card-thumbnail-position-above wp-block-etoro-card-default wp-block-etoro-card-aligned-center\"><img decoding=\"async\" src=\"https:\/\/www.etoro.com\/wp-content\/uploads\/2023\/06\/Column-1.png\" alt=\"Dybdeg\u00e5ende aktiv analyser\" class=\"wp-block-etoro-card-thumbnail\"\/><div class=\"wp-block-etoro-card-body\"><div class=\"wp-block-etoro-card-title\"><strong><strong>Dybdeg\u00e5ende aktiv analyser<\/strong><\/strong><\/div><div class=\"wp-block-etoro-card-content\">\n<p>G\u00e5 ud over det grundl\u00e6ggende med avancerede m\u00e5linger skr\u00e6ddersyet til din portef\u00f8lje. Se ethvert aktivs kernemarkeds detaljer med bare et klik.<\/p>\n<\/div><\/div><\/div>\n\n\n\n<div class=\"wp-block-etoro-card wp-block-etoro-card-size-small wp-block-etoro-card-thumbnail-position-above wp-block-etoro-card-default wp-block-etoro-card-aligned-center\"><img decoding=\"async\" src=\"https:\/\/www.etoro.com\/wp-content\/uploads\/2023\/06\/Globe-1.png\" alt=\"Forbindelse til din kapital, lige meget hvor den er\" class=\"wp-block-etoro-card-thumbnail\"\/><div class=\"wp-block-etoro-card-body\"><div class=\"wp-block-etoro-card-title\"><strong><strong>Forbindelse til din kapital, lige meget hvor den er<\/strong><\/strong><\/div><div class=\"wp-block-etoro-card-content\">\n<p>Sig farvel til regneark&#8230; Delta synkroniserer automatisk med over 10.000 m\u00e6glere, b\u00f8rser, banker og wallets, samt eToro.<\/p>\n<\/div><\/div><\/div>\n<\/div><\/div>\n<\/div><\/section>\n\n\n\n<section class=\"wp-block-group wp-block-group-boxed has-white-background-color has-background\"><div class=\"wp-block-group-inner is-layout-flow wp-block-group-is-layout-flow\">\n<div class=\"wp-block-columns are-vertically-aligned-top wp-block-columns-1 is-layout-flex wp-container-core-columns-is-layout-4 wp-block-columns-is-layout-flex\">\n<div class=\"wp-block-column wp-block-column-align-mobile-left is-layout-flow wp-block-column-is-layout-flow\">\n<h2 class=\"wp-block-heading has-text-align-center\"><span>En app, <strong>alle dine investeringer<\/strong><\/span><\/h2>\n\n\n\n<p class=\"has-text-align-center\">Det er tid til at stoppe med at jonglere forskellige apps. Delta giver dig den mest pr\u00e6cise portef\u00f8lje-analyse og -tracking p\u00e5 alle dine aktiver, hvilket synkroniserer fejlfrit med din eksisterende eToro konto.<\/p>\n<\/div>\n<\/div>\n\n\n\n<div class=\"wp-block-columns are-vertically-aligned-top wp-block-columns-3 wp-block-columns-1 is-layout-flex wp-container-core-columns-is-layout-5 wp-block-columns-is-layout-flex\">\n<div class=\"wp-block-column is-layout-flow wp-block-column-is-layout-flow\">\n<div class=\"wp-block-etoro-card wp-block-etoro-card-size-small wp-block-etoro-card-thumbnail-position-above wp-block-etoro-card-default\"><img decoding=\"async\" src=\"https:\/\/www.etoro.com\/wp-content\/uploads\/2023\/06\/Stocks.png\" alt=\"Aktier\" class=\"wp-block-etoro-card-thumbnail\"\/><div class=\"wp-block-etoro-card-body\"><div class=\"wp-block-etoro-card-title\">Aktier<\/div><div class=\"wp-block-etoro-card-content\">\n<p><\/p>\n<\/div><\/div><\/div>\n<\/div>\n\n\n\n<div class=\"wp-block-column is-layout-flow wp-block-column-is-layout-flow\">\n<div class=\"wp-block-etoro-card wp-block-etoro-card-size-small wp-block-etoro-card-thumbnail-position-above wp-block-etoro-card-default\"><img decoding=\"async\" src=\"https:\/\/www.etoro.com\/wp-content\/uploads\/2023\/06\/Crypto.png\" alt=\"Krypto\" class=\"wp-block-etoro-card-thumbnail\"\/><div class=\"wp-block-etoro-card-body\"><div class=\"wp-block-etoro-card-title\">Krypto<\/div><div class=\"wp-block-etoro-card-content\">\n<p><\/p>\n<\/div><\/div><\/div>\n<\/div>\n\n\n\n<div class=\"wp-block-column is-layout-flow wp-block-column-is-layout-flow\">\n<div class=\"wp-block-etoro-card wp-block-etoro-card-size-small wp-block-etoro-card-thumbnail-position-above wp-block-etoro-card-default\"><img decoding=\"async\" src=\"https:\/\/www.etoro.com\/wp-content\/uploads\/2023\/06\/Forex.png\" alt=\"Forex\" class=\"wp-block-etoro-card-thumbnail\"\/><div class=\"wp-block-etoro-card-body\"><div class=\"wp-block-etoro-card-title\">Forex<\/div><div class=\"wp-block-etoro-card-content\">\n<p><\/p>\n<\/div><\/div><\/div>\n<\/div>\n<\/div>\n\n\n\n<div class=\"wp-block-columns are-vertically-aligned-top wp-block-columns-1 is-layout-flex wp-container-core-columns-is-layout-7 wp-block-columns-is-layout-flex\">\n<div class=\"wp-block-column is-layout-constrained wp-container-core-column-is-layout-11 wp-block-column-is-layout-constrained\">\n<div class=\"wp-block-columns are-vertically-aligned-top wp-block-columns-2 wp-block-columns-3 wp-block-columns-1 is-layout-flex wp-container-core-columns-is-layout-6 wp-block-columns-is-layout-flex\">\n<div class=\"wp-block-column is-layout-flow wp-block-column-is-layout-flow\">\n<div class=\"wp-block-etoro-card wp-block-etoro-card-size-small wp-block-etoro-card-thumbnail-position-above wp-block-etoro-card-default\"><img decoding=\"async\" src=\"https:\/\/www.etoro.com\/wp-content\/uploads\/2023\/06\/Coins.png\" alt=\"Fonde\" class=\"wp-block-etoro-card-thumbnail\"\/><div class=\"wp-block-etoro-card-body\"><div class=\"wp-block-etoro-card-title\">Fonde<\/div><div class=\"wp-block-etoro-card-content\">\n<p><\/p>\n<\/div><\/div><\/div>\n<\/div>\n\n\n\n<div class=\"wp-block-column is-layout-flow wp-block-column-is-layout-flow\">\n<div class=\"wp-block-etoro-card wp-block-etoro-card-size-small wp-block-etoro-card-thumbnail-position-above wp-block-etoro-card-default\"><img decoding=\"async\" src=\"https:\/\/www.etoro.com\/wp-content\/uploads\/2023\/06\/Commodities.png\" alt=\"R\u00e5varer\" class=\"wp-block-etoro-card-thumbnail\"\/><div class=\"wp-block-etoro-card-body\"><div class=\"wp-block-etoro-card-title\">R\u00e5varer<\/div><div class=\"wp-block-etoro-card-content\">\n<p><\/p>\n<\/div><\/div><\/div>\n<\/div>\n<\/div>\n<\/div>\n<\/div>\n\n\n\n<div class=\"wp-block-buttons is-content-justification-center is-layout-flex wp-container-core-buttons-is-layout-2 wp-block-buttons-is-layout-flex\">\n<a class=\"e-cta e-cta-primary\" href=\"https:\/\/delta.onelink.me\/Bvvy\/logindelta\" rel=\"nofollow noopener noreferrer\" >Log ind med din eToro-bruger<\/a>\n<\/div>\n<\/div><\/section>\n\n\n\n<section class=\"wp-block-group wp-block-group-boxed has-grey-background-color has-background\"><div class=\"wp-block-group-inner is-layout-flow wp-block-group-is-layout-flow\">\n<div class=\"wp-block-columns are-vertically-aligned-top wp-block-columns-1 is-layout-flex wp-container-core-columns-is-layout-8 wp-block-columns-is-layout-flex\">\n<div class=\"wp-block-column wp-block-column-align-mobile-left is-layout-flow wp-block-column-is-layout-flow\">\n<h2 class=\"wp-block-heading has-text-align-center\"><span>Klar til at <strong>g\u00e5 PRO?<\/strong><\/span><\/h2>\n\n\n\n<p class=\"has-text-align-center\">Tag dine investeringer til det n\u00e6ste niveau. Bliv medlem af verdens f\u00f8rende investorer, der bruger Delta PRO!<\/p>\n<\/div>\n<\/div>\n\n\n\n<div class=\"wp-block-etoro-slider-wrapper\" data-swiper=\"{&quot;enableBiggerSlides&quot;:true,&quot;enableArrows&quot;:true,&quot;arrowsDesktopPosition&quot;:&quot;side&quot;}\"><div class=\"wp-block-etoro-slider swiper wp-block-etoro-slider-bigger-slides\"><div class=\"swiper-wrapper\">\n<div class=\"swiper-slide\">\n<div class=\"wp-block-etoro-card wp-block-etoro-card-modern\"><img decoding=\"async\" src=\"https:\/\/www.etoro.com\/wp-content\/uploads\/2023\/06\/Portfolio-Insights.png\" alt=\"Portef\u00f8lje-indsigter\" class=\"wp-block-etoro-card-thumbnail\"\/><div class=\"wp-block-etoro-card-body\"><div class=\"wp-block-etoro-card-title\"><strong><strong>Portef\u00f8lje-indsigter<\/strong><\/strong><\/div><div class=\"wp-block-etoro-card-content\">\n<p>Tilg\u00e5 alle portef\u00f8lge-analyse modulerne for v\u00e6rdifulde indsigter i dine investeringer<\/p>\n<\/div><\/div><\/div>\n<\/div>\n\n\n\n<div class=\"swiper-slide\">\n<div class=\"wp-block-etoro-card wp-block-etoro-card-modern\"><img decoding=\"async\" src=\"https:\/\/www.etoro.com\/wp-content\/uploads\/2023\/06\/Advanced-Metrics.png\" alt=\"Avancerede m\u00e5linger\" class=\"wp-block-etoro-card-thumbnail\"\/><div class=\"wp-block-etoro-card-body\"><div class=\"wp-block-etoro-card-title\"><strong><strong>Avancerede m\u00e5linger<\/strong><\/strong><\/div><div class=\"wp-block-etoro-card-content\">\n<p>F\u00e5 dybdeg\u00e5ende indsigter om din portef\u00f8lje, og se (u)realiserede fortjenester og mere!<\/p>\n<\/div><\/div><\/div>\n<\/div>\n\n\n\n<div class=\"swiper-slide\">\n<div class=\"wp-block-etoro-card wp-block-etoro-card-modern\"><img decoding=\"async\" src=\"https:\/\/www.etoro.com\/wp-content\/uploads\/2023\/06\/Live-prices.png\" alt=\"Live priser\" class=\"wp-block-etoro-card-thumbnail\"\/><div class=\"wp-block-etoro-card-body\"><div class=\"wp-block-etoro-card-title\"><strong><strong>Live priser<\/strong><\/strong><\/div><div class=\"wp-block-etoro-card-content\">\n<p>Glem alt om at klikke refresh &#8211; f\u00e5 live priser, der automatisk opdaterer i realtid<\/p>\n<\/div><\/div><\/div>\n<\/div>\n\n\n\n<div class=\"swiper-slide\">\n<div class=\"wp-block-etoro-card wp-block-etoro-card-modern\"><img decoding=\"async\" src=\"https:\/\/www.etoro.com\/wp-content\/uploads\/2023\/06\/Image-2-1.png\" alt=\"Ubegr\u00e6nsede forbindelser\" class=\"wp-block-etoro-card-thumbnail\"\/><div class=\"wp-block-etoro-card-body\"><div class=\"wp-block-etoro-card-title\"><strong><strong>Ubegr\u00e6nsede forbindelser<\/strong><\/strong><\/div><div class=\"wp-block-etoro-card-content\">\n<p>PRO brugere har ubegr\u00e6nsede forbindelser til alle b\u00f8rser, wallets og m\u00e6glere<\/p>\n<\/div><\/div><\/div>\n<\/div>\n\n\n\n<div class=\"swiper-slide\">\n<div class=\"wp-block-etoro-card wp-block-etoro-card-modern\"><img decoding=\"async\" src=\"https:\/\/www.etoro.com\/wp-content\/uploads\/2023\/06\/Why-is-it-moving.png\" alt=\"Hvorfor bev\u00e6ger det sig?\" class=\"wp-block-etoro-card-thumbnail\"\/><div class=\"wp-block-etoro-card-body\"><div class=\"wp-block-etoro-card-title\"><strong><strong>Hvorfor bev\u00e6ger det sig?<\/strong><\/strong><\/div><div class=\"wp-block-etoro-card-content\">\n<p>F\u00e5 notifikationer med vigtige informationer omkring, hvorfor et aktiv bev\u00e6ger sig lige nu<\/p>\n<\/div><\/div><\/div>\n<\/div>\n<\/div><\/div><div class=\"swiper-button-prev\"><\/div><div class=\"swiper-button-next\"><\/div><\/div>\n\n\n\n<div class=\"wp-block-columns are-vertically-aligned-top wp-block-columns-1 is-layout-flex wp-container-core-columns-is-layout-9 wp-block-columns-is-layout-flex\">\n<div class=\"wp-block-column wp-block-column-align-mobile-left is-layout-flow wp-block-column-is-layout-flow\">\n<div class=\"wp-block-buttons qr_delta-popup is-horizontal is-content-justification-center is-layout-flex wp-container-core-buttons-is-layout-3 wp-block-buttons-is-layout-flex\">\n<a class=\"e-cta e-cta-primary\" href=\"https:\/\/delta.onelink.me\/Bvvy\/innerpage\" rel=\"nofollow noopener noreferrer\" >Download Delta<\/a>\n<\/div>\n\n\n\n<p class=\"has-text-align-center is-style-disclaimer\">*<a href=\"https:\/\/delta.app\/en\/terms\" target=\"_blank\" rel=\"noreferrer noopener\">Regler og vilk\u00e5r<\/a> g\u00e6lder.<\/p>\n<\/div>\n<\/div>\n<\/div><\/section>\n","protected":false},"excerpt":{"rendered":"<p>Smart tracking med Delta Delta Investeringstracker lader dig have et krystalklart overblik over alle dine investeringer. H\u00e5ndter adskillige portef\u00f8ljer og track pr\u00e6stationen i realtid med kraftfulde v\u00e6rkt\u00f8jer. F\u00e5 live-adgang til prisbev\u00e6gelserne og grafer med alle top-aktier, krypto, fonde, forex, indekser og r\u00e5varer. Oversigt over alle \u00e6ndringer i din portef\u00f8lje Hvorfor bev\u00e6ger den sig, og hvad&hellip;<\/p>\n","protected":false},"author":75,"featured_media":1048667,"parent":31827,"menu_order":0,"comment_status":"closed","ping_status":"closed","template":"","meta":{"_acf_changed":false,"inline_featured_image":false,"sticky_cta_settings":"","footnotes":""},"asset_type":[],"class_list":["post-849368","page","type-page","status-publish","has-post-thumbnail","hentry"],"acf":[],"yoast_head":"<title>Delta af eToro \u2014 den f\u00f8rende investeringstracker<\/title>\n<meta name=\"description\" content=\"Din \u00f8konomiske superkraft: Hold styr p\u00e5 alle dine investeringer \u2013 aktier, ETF&#039;er, r\u00e5varer, kryptovaluta og forex \u2013 samlet \u00e9t sted\" \/>\n<meta name=\"robots\" content=\"index, follow, max-snippet:-1, max-image-preview:large, max-video-preview:-1\" \/>\n<link rel=\"canonical\" href=\"https:\/\/www.etoro.com\/da-dk\/wp-json\/wp\/v2\/pages\/849368\" \/>\n<meta property=\"og:locale\" content=\"da_DK\" \/>\n<meta property=\"og:type\" content=\"article\" \/>\n<meta property=\"og:title\" content=\"Delta af eToro \u2014 den f\u00f8rende investeringstracker\" \/>\n<meta property=\"og:description\" content=\"Din \u00f8konomiske superkraft: Hold styr p\u00e5 alle dine investeringer \u2013 aktier, ETF&#039;er, r\u00e5varer, kryptovaluta og forex \u2013 samlet \u00e9t sted\" \/>\n<meta property=\"og:url\" content=\"https:\/\/www.etoro.com\/da-dk\/wp-json\/wp\/v2\/pages\/849368\" \/>\n<meta property=\"og:site_name\" content=\"eToro\" \/>\n<meta property=\"article:publisher\" content=\"https:\/\/www.facebook.com\/eToro\/\" \/>\n<meta property=\"article:modified_time\" content=\"2026-03-24T12:06:14+00:00\" \/>\n<meta property=\"og:image\" content=\"https:\/\/www.etoro.com\/wp-content\/uploads\/2025\/04\/Delta-Featured-image-1200x630-1.png\" \/>\n\t<meta property=\"og:image:width\" content=\"1200\" \/>\n\t<meta property=\"og:image:height\" content=\"630\" \/>\n\t<meta property=\"og:image:type\" content=\"image\/png\" \/>\n<meta name=\"twitter:card\" content=\"summary_large_image\" \/>\n<meta name=\"twitter:site\" content=\"@eToro\" \/>\n<meta name=\"twitter:label1\" content=\"Est. reading time\" \/>\n\t<meta name=\"twitter:data1\" content=\"2 minutes\" \/>\n<script type=\"application\/ld+json\" class=\"yoast-schema-graph\">{\"@context\":\"https:\/\/schema.org\",\"@graph\":[{\"@type\":\"WebPage\",\"@id\":\"https:\/\/www.etoro.com\/da-dk\/investing\/delta\/\",\"url\":\"https:\/\/www.etoro.com\/da-dk\/investing\/delta\/\",\"name\":\"Delta af eToro \u2014 den f\u00f8rende investeringstracker\",\"isPartOf\":{\"@id\":\"https:\/\/www.etoro.com\/da-dk\/#website\"},\"primaryImageOfPage\":{\"@id\":\"https:\/\/www.etoro.com\/da-dk\/investing\/delta\/#primaryimage\"},\"image\":{\"@id\":\"https:\/\/www.etoro.com\/da-dk\/investing\/delta\/#primaryimage\"},\"thumbnailUrl\":\"https:\/\/www.etoro.com\/wp-content\/uploads\/2025\/04\/Delta-Featured-image-1200x630-1.png\",\"datePublished\":\"2023-06-13T06:50:21+00:00\",\"dateModified\":\"2026-03-24T12:06:14+00:00\",\"description\":\"Din \u00f8konomiske superkraft: Hold styr p\u00e5 alle dine investeringer \u2013 aktier, ETF'er, r\u00e5varer, kryptovaluta og forex \u2013 samlet \u00e9t sted\",\"breadcrumb\":{\"@id\":\"https:\/\/www.etoro.com\/da-dk\/investing\/delta\/#breadcrumb\"},\"inLanguage\":\"da\",\"potentialAction\":[{\"@type\":\"ReadAction\",\"target\":[\"https:\/\/www.etoro.com\/da-dk\/investing\/delta\/\"]}]},{\"@type\":\"ImageObject\",\"inLanguage\":\"da\",\"@id\":\"https:\/\/www.etoro.com\/da-dk\/investing\/delta\/#primaryimage\",\"url\":\"https:\/\/www.etoro.com\/wp-content\/uploads\/2025\/04\/Delta-Featured-image-1200x630-1.png\",\"contentUrl\":\"https:\/\/www.etoro.com\/wp-content\/uploads\/2025\/04\/Delta-Featured-image-1200x630-1.png\",\"width\":1200,\"height\":630},{\"@type\":\"BreadcrumbList\",\"@id\":\"https:\/\/www.etoro.com\/da-dk\/investing\/delta\/#breadcrumb\",\"itemListElement\":[{\"@type\":\"ListItem\",\"position\":1,\"name\":\"HJEM\",\"item\":\"https:\/\/www.etoro.com\/da-dk\/\"},{\"@type\":\"ListItem\",\"position\":2,\"name\":\"Investering\",\"item\":\"https:\/\/www.etoro.com\/da-dk\/investing\/\"},{\"@type\":\"ListItem\",\"position\":3,\"name\":\"DELTA af eToro\"}]},{\"@type\":\"WebSite\",\"@id\":\"https:\/\/www.etoro.com\/da-dk\/#website\",\"url\":\"https:\/\/www.etoro.com\/da-dk\/\",\"name\":\"eToro\",\"description\":\"\",\"publisher\":{\"@id\":\"https:\/\/www.etoro.com\/da-dk\/#organization\"},\"potentialAction\":[{\"@type\":\"SearchAction\",\"target\":{\"@type\":\"EntryPoint\",\"urlTemplate\":\"https:\/\/www.etoro.com\/da-dk\/?s={search_term_string}\"},\"query-input\":{\"@type\":\"PropertyValueSpecification\",\"valueRequired\":true,\"valueName\":\"search_term_string\"}}],\"inLanguage\":\"da\"},[]]}<\/script>","yoast_head_json":{"title":"Delta af eToro \u2014 den f\u00f8rende investeringstracker","description":"Din \u00f8konomiske superkraft: Hold styr p\u00e5 alle dine investeringer \u2013 aktier, ETF'er, r\u00e5varer, kryptovaluta og forex \u2013 samlet \u00e9t sted","robots":{"index":"index","follow":"follow","max-snippet":"max-snippet:-1","max-image-preview":"max-image-preview:large","max-video-preview":"max-video-preview:-1"},"canonical":"https:\/\/www.etoro.com\/da-dk\/wp-json\/wp\/v2\/pages\/849368","og_locale":"da_DK","og_type":"article","og_title":"Delta af eToro \u2014 den f\u00f8rende investeringstracker","og_description":"Din \u00f8konomiske superkraft: Hold styr p\u00e5 alle dine investeringer \u2013 aktier, ETF'er, r\u00e5varer, kryptovaluta og forex \u2013 samlet \u00e9t sted","og_url":"https:\/\/www.etoro.com\/da-dk\/wp-json\/wp\/v2\/pages\/849368","og_site_name":"eToro","article_publisher":"https:\/\/www.facebook.com\/eToro\/","article_modified_time":"2026-03-24T12:06:14+00:00","og_image":[{"width":1200,"height":630,"url":"https:\/\/www.etoro.com\/wp-content\/uploads\/2025\/04\/Delta-Featured-image-1200x630-1.png","type":"image\/png"}],"twitter_card":"summary_large_image","twitter_site":"@eToro","twitter_misc":{"Est. reading time":"2 minutes"},"schema":{"@context":"https:\/\/schema.org","@graph":[{"@type":"WebPage","@id":"https:\/\/www.etoro.com\/da-dk\/investing\/delta\/","url":"https:\/\/www.etoro.com\/da-dk\/investing\/delta\/","name":"Delta af eToro \u2014 den f\u00f8rende investeringstracker","isPartOf":{"@id":"https:\/\/www.etoro.com\/da-dk\/#website"},"primaryImageOfPage":{"@id":"https:\/\/www.etoro.com\/da-dk\/investing\/delta\/#primaryimage"},"image":{"@id":"https:\/\/www.etoro.com\/da-dk\/investing\/delta\/#primaryimage"},"thumbnailUrl":"https:\/\/www.etoro.com\/wp-content\/uploads\/2025\/04\/Delta-Featured-image-1200x630-1.png","datePublished":"2023-06-13T06:50:21+00:00","dateModified":"2026-03-24T12:06:14+00:00","description":"Din \u00f8konomiske superkraft: Hold styr p\u00e5 alle dine investeringer \u2013 aktier, ETF'er, r\u00e5varer, kryptovaluta og forex \u2013 samlet \u00e9t sted","breadcrumb":{"@id":"https:\/\/www.etoro.com\/da-dk\/investing\/delta\/#breadcrumb"},"inLanguage":"da","potentialAction":[{"@type":"ReadAction","target":["https:\/\/www.etoro.com\/da-dk\/investing\/delta\/"]}]},{"@type":"ImageObject","inLanguage":"da","@id":"https:\/\/www.etoro.com\/da-dk\/investing\/delta\/#primaryimage","url":"https:\/\/www.etoro.com\/wp-content\/uploads\/2025\/04\/Delta-Featured-image-1200x630-1.png","contentUrl":"https:\/\/www.etoro.com\/wp-content\/uploads\/2025\/04\/Delta-Featured-image-1200x630-1.png","width":1200,"height":630},{"@type":"BreadcrumbList","@id":"https:\/\/www.etoro.com\/da-dk\/investing\/delta\/#breadcrumb","itemListElement":[{"@type":"ListItem","position":1,"name":"HJEM","item":"https:\/\/www.etoro.com\/da-dk\/"},{"@type":"ListItem","position":2,"name":"Investering","item":"https:\/\/www.etoro.com\/da-dk\/investing\/"},{"@type":"ListItem","position":3,"name":"DELTA af eToro"}]},{"@type":"WebSite","@id":"https:\/\/www.etoro.com\/da-dk\/#website","url":"https:\/\/www.etoro.com\/da-dk\/","name":"eToro","description":"","publisher":{"@id":"https:\/\/www.etoro.com\/da-dk\/#organization"},"potentialAction":[{"@type":"SearchAction","target":{"@type":"EntryPoint","urlTemplate":"https:\/\/www.etoro.com\/da-dk\/?s={search_term_string}"},"query-input":{"@type":"PropertyValueSpecification","valueRequired":true,"valueName":"search_term_string"}}],"inLanguage":"da"},[]]}},"_links":{"self":[{"href":"https:\/\/www.etoro.com\/da-dk\/wp-json\/wp\/v2\/pages\/849368"}],"collection":[{"href":"https:\/\/www.etoro.com\/da-dk\/wp-json\/wp\/v2\/pages"}],"about":[{"href":"https:\/\/www.etoro.com\/da-dk\/wp-json\/wp\/v2\/types\/page"}],"author":[{"embeddable":true,"href":"https:\/\/www.etoro.com\/da-dk\/wp-json\/wp\/v2\/users\/75"}],"replies":[{"embeddable":true,"href":"https:\/\/www.etoro.com\/da-dk\/wp-json\/wp\/v2\/comments?post=849368"}],"version-history":[{"count":0,"href":"https:\/\/www.etoro.com\/da-dk\/wp-json\/wp\/v2\/pages\/849368\/revisions"}],"up":[{"embeddable":true,"href":"https:\/\/www.etoro.com\/da-dk\/wp-json\/wp\/v2\/pages\/31827"}],"wp:featuredmedia":[{"embeddable":true,"href":"https:\/\/www.etoro.com\/da-dk\/wp-json\/wp\/v2\/media\/1048667"}],"wp:attachment":[{"href":"https:\/\/www.etoro.com\/da-dk\/wp-json\/wp\/v2\/media?parent=849368"}],"wp:term":[{"taxonomy":"asset_type","embeddable":true,"href":"https:\/\/www.etoro.com\/da-dk\/wp-json\/wp\/v2\/asset_type?post=849368"}],"curies":[{"name":"wp","href":"https:\/\/api.w.org\/{rel}","templated":true}]}}