{"id":867140,"date":"2024-01-05T14:43:27","date_gmt":"2024-01-05T12:43:27","guid":{"rendered":"https:\/\/www.etoro.com\/about\/club\/tax-partners\/"},"modified":"2024-04-11T13:23:14","modified_gmt":"2024-04-11T10:23:14","slug":"tax-partners","status":"publish","type":"page","link":"https:\/\/www.etoro.com\/da-dk\/about\/club\/tax-partners\/","title":{"rendered":"Tax Partners"},"content":{"rendered":"\n<section class=\"wp-block-group wp-block-group-boxed wp-block-group-medium-bottom-padding has-white-background-color has-background\"><div class=\"wp-block-group-inner is-layout-flow wp-block-group-is-layout-flow\">\n<div class=\"wp-block-columns are-vertically-aligned-top wp-block-columns-1 wp-block-columns-size-14 is-layout-flex wp-container-core-columns-is-layout-1 wp-block-columns-is-layout-flex\">\n<div class=\"wp-block-column wp-block-column-align-desktop-center wp-block-column-align-mobile-left is-layout-flow wp-block-column-is-layout-flow\">\n<p class=\"has-text-align-center\">Som et eToro Club medlem er du berettiget til en rabat p\u00e5 din selvangivelse, kreeret af en af vores partnere. V\u00e6lg blot fra vores liste af ekspert skatte-udbydere, og de g\u00f8r arbejdet for dig.<\/p>\n<\/div>\n<\/div>\n<\/div><\/section>\n\n\n\n<section class=\"wp-block-group wp-block-group-boxed wp-block-group-medium-top-padding wp-block-group-medium-bottom-padding has-white-background-color has-background\"><div class=\"wp-block-group-inner is-layout-flow wp-block-group-is-layout-flow\">\n<div class=\"wp-block-columns are-vertically-aligned-top wp-block-columns-3 is-layout-flex wp-container-core-columns-is-layout-2 wp-block-columns-is-layout-flex\">\n<div class=\"wp-block-column is-layout-flow wp-block-column-is-layout-flow\">\n<div class=\"wp-block-etoro-card wp-block-etoro-card-size-small wp-block-etoro-card-thumbnail-position-above wp-block-etoro-card-default\"><img decoding=\"async\" src=\"https:\/\/www.etoro.com\/wp-content\/uploads\/2024\/01\/flag.svg\" alt=\"V\u00e6lg en skatte-partner\" class=\"wp-block-etoro-card-thumbnail\"\/><div class=\"wp-block-etoro-card-body\"><div class=\"wp-block-etoro-card-title\">V\u00e6lg en skatte-partner<\/div><div class=\"wp-block-etoro-card-content\">\n<p><strong><strong>S\u00f8rg for at du er logget ind <\/strong><\/strong>og v\u00e6lg derefter dit bop\u00e6ls-land. Tilg\u00e6ngelige skatte-partnere i din region er listet.<\/p>\n<\/div><\/div><\/div>\n<\/div>\n\n\n\n<div class=\"wp-block-column is-layout-flow wp-block-column-is-layout-flow\">\n<div class=\"wp-block-etoro-card wp-block-etoro-card-size-small wp-block-etoro-card-thumbnail-position-above wp-block-etoro-card-default\"><img decoding=\"async\" src=\"https:\/\/www.etoro.com\/wp-content\/uploads\/2024\/01\/featured.svg\" alt=\"Modtag en rabat\" class=\"wp-block-etoro-card-thumbnail\"\/><div class=\"wp-block-etoro-card-body\"><div class=\"wp-block-etoro-card-title\">Modtag en rabat<\/div><div class=\"wp-block-etoro-card-content\">\n<p>Club medlemmer modtager disse services med betydelige rabatter. St\u00f8rrelsen p\u00e5 rabatten er baseret p\u00e5 dit eToro Club niveau.<\/p>\n<\/div><\/div><\/div>\n<\/div>\n\n\n\n<div class=\"wp-block-column is-layout-flow wp-block-column-is-layout-flow\">\n<div class=\"wp-block-etoro-card wp-block-etoro-card-size-small wp-block-etoro-card-thumbnail-position-above wp-block-etoro-card-default\"><img decoding=\"async\" src=\"https:\/\/www.etoro.com\/wp-content\/uploads\/2024\/01\/like.svg\" alt=\"Slap af...\" class=\"wp-block-etoro-card-thumbnail\"\/><div class=\"wp-block-etoro-card-body\"><div class=\"wp-block-etoro-card-title\">Slap af&#8230;<\/div><div class=\"wp-block-etoro-card-content\">\n<p>Og lad skatte-eksperterne klare arbejdet og g\u00f8re dette \u00e5rlige g\u00f8rem\u00e5l meget nemmere for dig!<\/p>\n<\/div><\/div><\/div>\n<\/div>\n<\/div>\n<\/div><\/section>\n\n\n\n<section class=\"wp-block-group wp-block-group-boxed wp-block-group-medium-top-padding has-white-background-color has-background\"><div class=\"wp-block-group-inner is-layout-flow wp-block-group-is-layout-flow\">\n<div class=\"wp-block-columns are-vertically-aligned-top wp-block-columns-1 wp-block-columns-size-14 is-layout-flex wp-container-core-columns-is-layout-3 wp-block-columns-is-layout-flex\">\n<div class=\"wp-block-column wp-block-column-align-desktop-center wp-block-column-align-mobile-left is-layout-flow wp-block-column-is-layout-flow\">\n<p class=\"has-text-align-center\">Bem\u00e6rk venligst, at eToro vil dele dit Club niveau med tredjepart, s\u00e5 du kan modtage din rabat.<\/p>\n\n\n\n<p class=\"is-style-disclaimer\">eToro giver ikke skatter\u00e5dgivning og informationerne, der bliver givet, b\u00f8r ikke tolkes som s\u00e5dan.<br>Kunder b\u00f8r s\u00f8ge uafh\u00e6ngig skatter\u00e5dgivning.<\/p>\n<\/div>\n<\/div>\n<\/div><\/section>\n\n\n\n<section class=\"wp-block-group wp-block-group-boxed\"><div class=\"wp-block-group-inner is-layout-flow wp-block-group-is-layout-flow\">\n<h2 class=\"wp-block-heading has-text-align-center is-style-heading-2\" id=\"choose-tax-partner\"><strong><strong>V\u00e6lg din skattepartner <\/strong><\/strong>p\u00e5 region<\/h2>\n\n\n\n<p class=\"has-text-align-center\">V\u00e6lg venligst dit foretrukne land og udbyder fra drop-down menuen nedenunder:<\/p>\n\n\n\n<div class=\"wp-block-etoro-tax-partners\"><div class=\"wp-block-etoro-tax-partners-select-wrapper\"><select class=\"wp-block-etoro-tax-partners-select\"><option value=\"\" disabled selected>Land<\/option><option value=\"7453\" data-id=\"12\">Australien<\/option><option value=\"6907\" data-id=\"55\">Tjekkiet<\/option><option value=\"7794\" data-id=\"79\">Tyskland<\/option><option value=\"7311\" data-id=\"102\">Italien<\/option><option value=\"6913\" data-id=\"132\">Mexico<\/option><option value=\"6911\" data-id=\"164\">Polen<\/option><option value=\"6914\" data-id=\"165\">Portugal<\/option><option value=\"6908\" data-id=\"168\">Rum\u00e6nien<\/option><option value=\"6912\" data-id=\"184\">Slovakiet<\/option><option value=\"6909\" data-id=\"185\">Slovenien<\/option><option value=\"6910\" data-id=\"191\">Spanien<\/option><option value=\"6915\" data-id=\"196\">Sverige<\/option><option value=\"6906\" data-id=\"218\">Storbritannien<\/option><\/select><\/div><div class=\"wp-block-etoro-tax-partners-wrapper\"><\/div><\/div>\n<\/div><\/section>\n\n\n\n<section class=\"wp-block-group wp-block-group-boxed has-dark-blue-background-color has-background\"><div class=\"wp-block-group-inner is-layout-flow wp-block-group-is-layout-flow\">\n<div class=\"wp-block-columns are-vertically-aligned-top wp-block-columns-1 wp-block-columns-size-14 is-layout-flex wp-container-core-columns-is-layout-4 wp-block-columns-is-layout-flex\">\n<div class=\"wp-block-column is-layout-flow wp-block-column-is-layout-flow\">\n<h2 class=\"wp-block-heading has-text-align-center is-style-heading-2\"><span>Hvilke rabatter <strong>g\u00f8r sig g\u00e6ldende for mig?<\/strong><\/span><\/h2>\n\n\n\n<p class=\"has-text-align-center\">St\u00f8rrelsen af rabatten er baseret p\u00e5 dit eToro Club niveau. S\u00f8rg for at bes\u00f8ge <a href=\"https:\/\/www.etoro.com\/da-dk\/dashboard\/club\" target=\"_blank\" rel=\"noreferrer noopener\">Club Dashboardet<\/a>, hvor du kan se dit nuv\u00e6rende niveau for denne samt andre tilbud.<\/p>\n<\/div>\n<\/div>\n<\/div><\/section>\n\n\n\n<section class=\"wp-block-group wp-block-group-boxed has-white-background-color has-background\"><div class=\"wp-block-group-inner is-layout-flow wp-block-group-is-layout-flow\">\n<h2 class=\"wp-block-heading has-text-align-center\">FAQ<\/h2>\n\n\n\n<dl class=\"wp-block-etoro-faq\">\n<div class=\"wp-block-etoro-faq-item\"><dt class=\"wp-block-etoro-faq-item-question\">Hvad er dette tilbud?<\/dt><dd class=\"wp-block-etoro-faq-item-answer\">\n<p>Som Club medlem er du berettiget til rabat p\u00e5 at f\u00e5 lavet din selvangivelse af en af vores partnere. V\u00e6lg helt simpelt fra vores liste af skatteeksperter, og de klarer alt arbejdet for dig. Rabattens st\u00f8rrelse er baseret p\u00e5 dit eToro Club niveau. S\u00f8g for at bes\u00f8ge <a href=\"https:\/\/www.etoro.com\/da-dk\/dashboard\/club\">Club Dashboardet<\/a>, hvor du kan tjekke dit nuv\u00e6rende niveau for dette samt andre tilbud.<\/p>\n<\/dd><\/div>\n\n\n\n<div class=\"wp-block-etoro-faq-item\"><dt class=\"wp-block-etoro-faq-item-question\">Hvorfor bliver jeg bedt om at logge ind?<\/dt><dd class=\"wp-block-etoro-faq-item-answer\">\n<p>For at f\u00e5 den korrekte rabat afh\u00e6ngig af dit Club niveau, bliver du n\u00f8dt til at logge ind p\u00e5 din eToro konto.<\/p>\n<\/dd><\/div>\n\n\n\n<div class=\"wp-block-etoro-faq-item\"><dt class=\"wp-block-etoro-faq-item-question\">Hvad hvis jeg ikke kan se mit land p\u00e5 listen?<\/dt><dd class=\"wp-block-etoro-faq-item-answer\">\n<p>Hold dig til! Vi tilf\u00f8jer flere snart.<\/p>\n<\/dd><\/div>\n\n\n\n<div class=\"wp-block-etoro-faq-item\"><dt class=\"wp-block-etoro-faq-item-question\">Hvad hvis jeg har brug for hj\u00e6lp?<\/dt><dd class=\"wp-block-etoro-faq-item-answer\">\n<p>Hvis du har yderligere sp\u00f8rgsm\u00e5l, s\u00e5 kontakt venligst din dedikerede kontakt via dit <a href=\"https:\/\/www.etoro.com\/da-dk\/dashboard\/club\" target=\"_blank\" rel=\"noreferrer noopener\">Club Dashboard<\/a>.<\/p>\n<\/dd><\/div>\n\n\n\n<div class=\"wp-block-etoro-faq-item\"><dt class=\"wp-block-etoro-faq-item-question\">Hvordan kan jeg opn\u00e5 dette tilbud?<\/dt><dd class=\"wp-block-etoro-faq-item-answer\">\n<p>S\u00f8rg for at du er logget ind og v\u00e6lg derefter dit bop\u00e6ls-land. Tilg\u00e6ngelige skatte-partnere i din region vil v\u00e6re listet.<\/p>\n<\/dd><\/div>\n\n\n\n<div class=\"wp-block-etoro-faq-item\"><dt class=\"wp-block-etoro-faq-item-question\">Hvem er berettiget til at modtage disse rabatter?<\/dt><dd class=\"wp-block-etoro-faq-item-answer\">\n<p>Nedsatte selvangivelser er udelukkende for eToro Club medlemmer.<\/p>\n<\/dd><\/div>\n\n\n\n<div class=\"wp-block-etoro-faq-item\"><dt class=\"wp-block-etoro-faq-item-question\">Skal jeg udfylde en selvangivelse?<\/dt><dd class=\"wp-block-etoro-faq-item-answer\">\n<p>Du er ansvarlig for at beregne og betale enhver g\u00e6ldende skat i dit land eller lande, hvor du har skatte-bop\u00e6l.<\/p>\n<\/dd><\/div>\n\n\n\n<div class=\"wp-block-etoro-faq-item\"><dt class=\"wp-block-etoro-faq-item-question\">Hvor kan jeg f\u00e5 et overblik over min investeringsaktivitet?<\/dt><dd class=\"wp-block-etoro-faq-item-answer\">\n<p>Du kan lave et kontoudtog ved at klikke p\u00e5 &#8220;Indstillinger&#8221;, og derefter p\u00e5 &#8220;Konto&#8221; (eller bare klikke <a href=\"https:\/\/www.etoro.com\/da-dk\/documents\/accountstatement\" target=\"_blank\" rel=\"noreferrer noopener\">her<\/a>). Under Dokumenter, klik p\u00e5 &#8220;Vis&#8221; ud for kontoudtog. V\u00e6lg tidsperiode og klik p\u00e5 &#8220;Opret&#8221; for at lave dit kontoudtog.<\/p>\n<\/dd><\/div>\n<\/dl>\n<\/div><\/section>\n\n\n\n<section class=\"wp-block-group wp-block-group-boxed\"><div class=\"wp-block-group-inner is-layout-flow wp-block-group-is-layout-flow\">\n<div class=\"wp-block-columns are-vertically-aligned-top wp-block-columns-1 is-layout-flex wp-container-core-columns-is-layout-5 wp-block-columns-is-layout-flex\">\n<div class=\"wp-block-column is-layout-flow wp-block-column-is-layout-flow\">\n<p class=\"has-text-align-center is-style-disclaimer\">Det der kommunikeres her, er kun tilt\u00e6nkt til information og uddannelsesform\u00e5l, og b\u00f8r ikke betragtes som investeringsr\u00e5dgivning eller investeringsanbefalinger. Det er bestemt ikke tilt\u00e6nkt som, og b\u00f8r ikke stoles p\u00e5 som, skatte- eller bogf\u00f8rings-r\u00e5dgivning, og du b\u00f8r konsultere din egen uafh\u00e6ngige skatte- og bogf\u00f8rings-r\u00e5dgivere.<\/p>\n<\/div>\n<\/div>\n<\/div><\/section>\n","protected":false},"excerpt":{"rendered":"<p>Som et eToro Club medlem er du berettiget til en rabat p\u00e5 din selvangivelse, kreeret af en af vores partnere. V\u00e6lg blot fra vores liste af ekspert skatte-udbydere, og de g\u00f8r arbejdet for dig. Bem\u00e6rk venligst, at eToro vil dele dit Club niveau med tredjepart, s\u00e5 du kan modtage din rabat. eToro giver ikke skatter\u00e5dgivning&hellip;<\/p>\n","protected":false},"author":45,"featured_media":836446,"parent":547149,"menu_order":0,"comment_status":"closed","ping_status":"closed","template":"","meta":{"_acf_changed":false,"inline_featured_image":false,"sticky_cta_settings":"","footnotes":""},"asset_type":[],"class_list":["post-867140","page","type-page","status-publish","has-post-thumbnail","hentry"],"acf":[],"yoast_head":"<title>Nedsat selvangivelse for eToro Club medlemmer<\/title>\n<meta name=\"description\" content=\"F\u00e5 rabat p\u00e5 din selvangivelse, kreeret af en af vores partnere. V\u00e6lg blot fra vores liste over ekspert skatte-udbydere, og de g\u00f8r arbejdet for dig.\" \/>\n<meta name=\"robots\" content=\"index, follow, max-snippet:-1, max-image-preview:large, max-video-preview:-1\" \/>\n<link rel=\"canonical\" href=\"https:\/\/www.etoro.com\/da-dk\/wp-json\/wp\/v2\/pages\/867140\" \/>\n<meta property=\"og:locale\" content=\"da_DK\" \/>\n<meta property=\"og:type\" content=\"article\" \/>\n<meta property=\"og:title\" content=\"Nedsat selvangivelse for eToro Club medlemmer\" \/>\n<meta property=\"og:description\" content=\"F\u00e5 rabat p\u00e5 din selvangivelse, kreeret af en af vores partnere. V\u00e6lg blot fra vores liste over ekspert skatte-udbydere, og de g\u00f8r arbejdet for dig.\" \/>\n<meta property=\"og:url\" content=\"https:\/\/www.etoro.com\/da-dk\/wp-json\/wp\/v2\/pages\/867140\" \/>\n<meta property=\"og:site_name\" content=\"eToro\" \/>\n<meta property=\"article:publisher\" content=\"https:\/\/www.facebook.com\/eToro\/\" \/>\n<meta property=\"article:modified_time\" content=\"2024-04-11T10:23:14+00:00\" \/>\n<meta property=\"og:image\" content=\"https:\/\/www.etoro.com\/wp-content\/uploads\/2024\/01\/Tax-services.jpg\" \/>\n\t<meta property=\"og:image:width\" content=\"1200\" \/>\n\t<meta property=\"og:image:height\" content=\"630\" \/>\n\t<meta property=\"og:image:type\" content=\"image\/jpeg\" \/>\n<meta name=\"twitter:card\" content=\"summary_large_image\" \/>\n<meta name=\"twitter:site\" content=\"@eToro\" \/>\n<meta name=\"twitter:label1\" content=\"Est. reading time\" \/>\n\t<meta name=\"twitter:data1\" content=\"3 minutes\" \/>\n<script type=\"application\/ld+json\" class=\"yoast-schema-graph\">{\"@context\":\"https:\/\/schema.org\",\"@graph\":[{\"@type\":\"WebPage\",\"@id\":\"https:\/\/www.etoro.com\/da-dk\/about\/club\/tax-partners\/\",\"url\":\"https:\/\/www.etoro.com\/da-dk\/about\/club\/tax-partners\/\",\"name\":\"Nedsat selvangivelse for eToro Club medlemmer\",\"isPartOf\":{\"@id\":\"https:\/\/www.etoro.com\/da-dk\/#website\"},\"primaryImageOfPage\":{\"@id\":\"https:\/\/www.etoro.com\/da-dk\/about\/club\/tax-partners\/#primaryimage\"},\"image\":{\"@id\":\"https:\/\/www.etoro.com\/da-dk\/about\/club\/tax-partners\/#primaryimage\"},\"thumbnailUrl\":\"https:\/\/www.etoro.com\/wp-content\/uploads\/2024\/01\/Tax-services.jpg\",\"datePublished\":\"2024-01-05T12:43:27+00:00\",\"dateModified\":\"2024-04-11T10:23:14+00:00\",\"description\":\"F\u00e5 rabat p\u00e5 din selvangivelse, kreeret af en af vores partnere. V\u00e6lg blot fra vores liste over ekspert skatte-udbydere, og de g\u00f8r arbejdet for dig.\",\"breadcrumb\":{\"@id\":\"https:\/\/www.etoro.com\/da-dk\/about\/club\/tax-partners\/#breadcrumb\"},\"inLanguage\":\"da\",\"potentialAction\":[{\"@type\":\"ReadAction\",\"target\":[\"https:\/\/www.etoro.com\/da-dk\/about\/club\/tax-partners\/\"]}]},{\"@type\":\"ImageObject\",\"inLanguage\":\"da\",\"@id\":\"https:\/\/www.etoro.com\/da-dk\/about\/club\/tax-partners\/#primaryimage\",\"url\":\"https:\/\/www.etoro.com\/wp-content\/uploads\/2024\/01\/Tax-services.jpg\",\"contentUrl\":\"https:\/\/www.etoro.com\/wp-content\/uploads\/2024\/01\/Tax-services.jpg\",\"width\":1200,\"height\":630,\"caption\":\"Tax services\"},{\"@type\":\"BreadcrumbList\",\"@id\":\"https:\/\/www.etoro.com\/da-dk\/about\/club\/tax-partners\/#breadcrumb\",\"itemListElement\":[{\"@type\":\"ListItem\",\"position\":1,\"name\":\"HJEM\",\"item\":\"https:\/\/www.etoro.com\/da-dk\/\"},{\"@type\":\"ListItem\",\"position\":2,\"name\":\"OM\",\"item\":\"https:\/\/www.etoro.com\/da-dk\/about\/\"},{\"@type\":\"ListItem\",\"position\":3,\"name\":\"eToro Club\",\"item\":\"https:\/\/www.etoro.com\/da-dk\/about\/club\/\"},{\"@type\":\"ListItem\",\"position\":4,\"name\":\"Tax Partners\"}]},{\"@type\":\"WebSite\",\"@id\":\"https:\/\/www.etoro.com\/da-dk\/#website\",\"url\":\"https:\/\/www.etoro.com\/da-dk\/\",\"name\":\"eToro\",\"description\":\"\",\"publisher\":{\"@id\":\"https:\/\/www.etoro.com\/da-dk\/#organization\"},\"potentialAction\":[{\"@type\":\"SearchAction\",\"target\":{\"@type\":\"EntryPoint\",\"urlTemplate\":\"https:\/\/www.etoro.com\/da-dk\/?s={search_term_string}\"},\"query-input\":{\"@type\":\"PropertyValueSpecification\",\"valueRequired\":true,\"valueName\":\"search_term_string\"}}],\"inLanguage\":\"da\"},[]]}<\/script>","yoast_head_json":{"title":"Nedsat selvangivelse for eToro Club medlemmer","description":"F\u00e5 rabat p\u00e5 din selvangivelse, kreeret af en af vores partnere. V\u00e6lg blot fra vores liste over ekspert skatte-udbydere, og de g\u00f8r arbejdet for dig.","robots":{"index":"index","follow":"follow","max-snippet":"max-snippet:-1","max-image-preview":"max-image-preview:large","max-video-preview":"max-video-preview:-1"},"canonical":"https:\/\/www.etoro.com\/da-dk\/wp-json\/wp\/v2\/pages\/867140","og_locale":"da_DK","og_type":"article","og_title":"Nedsat selvangivelse for eToro Club medlemmer","og_description":"F\u00e5 rabat p\u00e5 din selvangivelse, kreeret af en af vores partnere. V\u00e6lg blot fra vores liste over ekspert skatte-udbydere, og de g\u00f8r arbejdet for dig.","og_url":"https:\/\/www.etoro.com\/da-dk\/wp-json\/wp\/v2\/pages\/867140","og_site_name":"eToro","article_publisher":"https:\/\/www.facebook.com\/eToro\/","article_modified_time":"2024-04-11T10:23:14+00:00","og_image":[{"width":1200,"height":630,"url":"https:\/\/www.etoro.com\/wp-content\/uploads\/2024\/01\/Tax-services.jpg","type":"image\/jpeg"}],"twitter_card":"summary_large_image","twitter_site":"@eToro","twitter_misc":{"Est. reading time":"3 minutes"},"schema":{"@context":"https:\/\/schema.org","@graph":[{"@type":"WebPage","@id":"https:\/\/www.etoro.com\/da-dk\/about\/club\/tax-partners\/","url":"https:\/\/www.etoro.com\/da-dk\/about\/club\/tax-partners\/","name":"Nedsat selvangivelse for eToro Club medlemmer","isPartOf":{"@id":"https:\/\/www.etoro.com\/da-dk\/#website"},"primaryImageOfPage":{"@id":"https:\/\/www.etoro.com\/da-dk\/about\/club\/tax-partners\/#primaryimage"},"image":{"@id":"https:\/\/www.etoro.com\/da-dk\/about\/club\/tax-partners\/#primaryimage"},"thumbnailUrl":"https:\/\/www.etoro.com\/wp-content\/uploads\/2024\/01\/Tax-services.jpg","datePublished":"2024-01-05T12:43:27+00:00","dateModified":"2024-04-11T10:23:14+00:00","description":"F\u00e5 rabat p\u00e5 din selvangivelse, kreeret af en af vores partnere. V\u00e6lg blot fra vores liste over ekspert skatte-udbydere, og de g\u00f8r arbejdet for dig.","breadcrumb":{"@id":"https:\/\/www.etoro.com\/da-dk\/about\/club\/tax-partners\/#breadcrumb"},"inLanguage":"da","potentialAction":[{"@type":"ReadAction","target":["https:\/\/www.etoro.com\/da-dk\/about\/club\/tax-partners\/"]}]},{"@type":"ImageObject","inLanguage":"da","@id":"https:\/\/www.etoro.com\/da-dk\/about\/club\/tax-partners\/#primaryimage","url":"https:\/\/www.etoro.com\/wp-content\/uploads\/2024\/01\/Tax-services.jpg","contentUrl":"https:\/\/www.etoro.com\/wp-content\/uploads\/2024\/01\/Tax-services.jpg","width":1200,"height":630,"caption":"Tax services"},{"@type":"BreadcrumbList","@id":"https:\/\/www.etoro.com\/da-dk\/about\/club\/tax-partners\/#breadcrumb","itemListElement":[{"@type":"ListItem","position":1,"name":"HJEM","item":"https:\/\/www.etoro.com\/da-dk\/"},{"@type":"ListItem","position":2,"name":"OM","item":"https:\/\/www.etoro.com\/da-dk\/about\/"},{"@type":"ListItem","position":3,"name":"eToro Club","item":"https:\/\/www.etoro.com\/da-dk\/about\/club\/"},{"@type":"ListItem","position":4,"name":"Tax Partners"}]},{"@type":"WebSite","@id":"https:\/\/www.etoro.com\/da-dk\/#website","url":"https:\/\/www.etoro.com\/da-dk\/","name":"eToro","description":"","publisher":{"@id":"https:\/\/www.etoro.com\/da-dk\/#organization"},"potentialAction":[{"@type":"SearchAction","target":{"@type":"EntryPoint","urlTemplate":"https:\/\/www.etoro.com\/da-dk\/?s={search_term_string}"},"query-input":{"@type":"PropertyValueSpecification","valueRequired":true,"valueName":"search_term_string"}}],"inLanguage":"da"},[]]}},"_links":{"self":[{"href":"https:\/\/www.etoro.com\/da-dk\/wp-json\/wp\/v2\/pages\/867140"}],"collection":[{"href":"https:\/\/www.etoro.com\/da-dk\/wp-json\/wp\/v2\/pages"}],"about":[{"href":"https:\/\/www.etoro.com\/da-dk\/wp-json\/wp\/v2\/types\/page"}],"author":[{"embeddable":true,"href":"https:\/\/www.etoro.com\/da-dk\/wp-json\/wp\/v2\/users\/45"}],"replies":[{"embeddable":true,"href":"https:\/\/www.etoro.com\/da-dk\/wp-json\/wp\/v2\/comments?post=867140"}],"version-history":[{"count":0,"href":"https:\/\/www.etoro.com\/da-dk\/wp-json\/wp\/v2\/pages\/867140\/revisions"}],"up":[{"embeddable":true,"href":"https:\/\/www.etoro.com\/da-dk\/wp-json\/wp\/v2\/pages\/547149"}],"wp:featuredmedia":[{"embeddable":true,"href":"https:\/\/www.etoro.com\/da-dk\/wp-json\/wp\/v2\/media\/836446"}],"wp:attachment":[{"href":"https:\/\/www.etoro.com\/da-dk\/wp-json\/wp\/v2\/media?parent=867140"}],"wp:term":[{"taxonomy":"asset_type","embeddable":true,"href":"https:\/\/www.etoro.com\/da-dk\/wp-json\/wp\/v2\/asset_type?post=867140"}],"curies":[{"name":"wp","href":"https:\/\/api.w.org\/{rel}","templated":true}]}}